{"id":2637,"date":"2020-01-14T17:05:18","date_gmt":"2020-01-14T16:05:18","guid":{"rendered":"https:\/\/ilcrogiuolo.it\/p\/aceite-sete-linhas\/"},"modified":"2020-12-10T11:59:24","modified_gmt":"2020-12-10T10:59:24","slug":"aceite-sete-linhas","status":"publish","type":"product","link":"https:\/\/ilcrogiuolo.it\/it\/p\/aceite-sete-linhas\/","title":{"rendered":"Aceite Sete Linhas"},"content":{"rendered":"<p>L&#8217;olio delle Sette Linee \u00e8 preparato con le sette erbe sacre dell&#8217;Umbanda e viene impiegato in tutti quei casi complessi che richiedono l&#8217;intervento di pi\u00f9 Orix\u00e0s nella risoluzione di un problema. Si usa altres\u00ec nella ritualistica di Oxumar\u00e8. Viene usato nell&#8217;unzione di candele sete linhas (di sette colori) o di candele figurate, su fotografia, nella consacrazione di patu\u00e0 e talismani e in tutta li ritualistica che contempla l&#8217;intervento di Oxumar\u00e8. Secondo quanto si tramanda, difende dal male, spezza le invidie, favorisce il successo e l&#8217;abbondanza. 10 ML L&#8217;immagine \u00e8 puramente esemplificativa. La confezione pu\u00f2 essere in plastica o in vetro.<\/p>\n","protected":false},"excerpt":{"rendered":"<p>L&#8217;olio delle Sette Linee \u00e8 preparato con le sette erbe sacre dell&#8217;Umbanda e viene impiegato in tutti quei casi complessi&#8230;<\/p>\n","protected":false},"featured_media":2638,"template":"","meta":{"_acf_changed":false},"product_brand":[],"product_cat":[1090,1059,1331],"product_tag":[],"class_list":{"0":"post-2637","1":"product","2":"type-product","3":"status-publish","4":"has-post-thumbnail","6":"product_cat-bagni-esoterici-e-liquidi-lustrali-saponette","7":"product_cat-articoli-esoterici","8":"product_cat-olii-rituali-degli-orixas-exus-aceites","10":"first","11":"instock","12":"taxable","13":"shipping-taxable","14":"purchasable","15":"product-type-simple","16":"add-to-wishlist-before_image"},"acf":[],"yoast_head":"<!-- This site is optimized with the Yoast SEO plugin v26.9 - https:\/\/yoast.com\/product\/yoast-seo-wordpress\/ -->\n<title>Aceite Sete Linhas - Il Crogiuolo<\/title>\n<meta name=\"description\" content=\"Aceite Sete Linhas L&#039;olio delle Sette Linee \u00e8 preparato con le sette erbe sacre dell&#039;Umbanda e viene impiegato in tutti quei casi complessi che richiedono l&#039;intervento di\" \/>\n<meta name=\"robots\" content=\"index, follow, max-snippet:-1, max-image-preview:large, max-video-preview:-1\" \/>\n<link rel=\"canonical\" href=\"https:\/\/ilcrogiuolo.it\/it\/p\/aceite-sete-linhas\/\" \/>\n<meta property=\"og:locale\" content=\"it_IT\" \/>\n<meta property=\"og:type\" content=\"article\" \/>\n<meta property=\"og:title\" content=\"Aceite Sete Linhas - Il Crogiuolo\" \/>\n<meta property=\"og:description\" content=\"Aceite Sete Linhas L&#039;olio delle Sette Linee \u00e8 preparato con le sette erbe sacre dell&#039;Umbanda e viene impiegato in tutti quei casi complessi che richiedono l&#039;intervento di\" \/>\n<meta property=\"og:url\" content=\"https:\/\/ilcrogiuolo.it\/it\/p\/aceite-sete-linhas\/\" \/>\n<meta property=\"og:site_name\" content=\"Il Crogiuolo\" \/>\n<meta property=\"article:publisher\" content=\"https:\/\/www.facebook.com\/Il-Crogiuolo-681876418491758\" \/>\n<meta property=\"article:modified_time\" content=\"2020-12-10T10:59:24+00:00\" \/>\n<meta property=\"og:image\" content=\"https:\/\/ilcrogiuolo.it\/wp-content\/uploads\/2020\/01\/oliiaceiteesotericosesoterici_0263117.jpg\" \/>\n\t<meta property=\"og:image:width\" content=\"627\" \/>\n\t<meta property=\"og:image:height\" content=\"600\" \/>\n\t<meta property=\"og:image:type\" content=\"image\/jpeg\" \/>\n<meta name=\"twitter:card\" content=\"summary_large_image\" \/>\n<script type=\"application\/ld+json\" class=\"yoast-schema-graph\">{\"@context\":\"https:\/\/schema.org\",\"@graph\":[{\"@type\":\"WebPage\",\"@id\":\"https:\/\/ilcrogiuolo.it\/it\/p\/aceite-sete-linhas\/\",\"url\":\"https:\/\/ilcrogiuolo.it\/it\/p\/aceite-sete-linhas\/\",\"name\":\"Aceite Sete Linhas - Il Crogiuolo\",\"isPartOf\":{\"@id\":\"https:\/\/ilcrogiuolo.it\/it\/#website\"},\"primaryImageOfPage\":{\"@id\":\"https:\/\/ilcrogiuolo.it\/it\/p\/aceite-sete-linhas\/#primaryimage\"},\"image\":{\"@id\":\"https:\/\/ilcrogiuolo.it\/it\/p\/aceite-sete-linhas\/#primaryimage\"},\"thumbnailUrl\":\"https:\/\/ilcrogiuolo.it\/wp-content\/uploads\/2020\/01\/oliiaceiteesotericosesoterici_0263117.jpg\",\"datePublished\":\"2020-01-14T16:05:18+00:00\",\"dateModified\":\"2020-12-10T10:59:24+00:00\",\"description\":\"Aceite Sete Linhas L'olio delle Sette Linee \u00e8 preparato con le sette erbe sacre dell'Umbanda e viene impiegato in tutti quei casi complessi che richiedono l'intervento di\",\"breadcrumb\":{\"@id\":\"https:\/\/ilcrogiuolo.it\/it\/p\/aceite-sete-linhas\/#breadcrumb\"},\"inLanguage\":\"it-IT\",\"potentialAction\":[{\"@type\":\"ReadAction\",\"target\":[\"https:\/\/ilcrogiuolo.it\/it\/p\/aceite-sete-linhas\/\"]}]},{\"@type\":\"ImageObject\",\"inLanguage\":\"it-IT\",\"@id\":\"https:\/\/ilcrogiuolo.it\/it\/p\/aceite-sete-linhas\/#primaryimage\",\"url\":\"https:\/\/ilcrogiuolo.it\/wp-content\/uploads\/2020\/01\/oliiaceiteesotericosesoterici_0263117.jpg\",\"contentUrl\":\"https:\/\/ilcrogiuolo.it\/wp-content\/uploads\/2020\/01\/oliiaceiteesotericosesoterici_0263117.jpg\",\"width\":627,\"height\":600},{\"@type\":\"BreadcrumbList\",\"@id\":\"https:\/\/ilcrogiuolo.it\/it\/p\/aceite-sete-linhas\/#breadcrumb\",\"itemListElement\":[{\"@type\":\"ListItem\",\"position\":1,\"name\":\"Home\",\"item\":\"https:\/\/ilcrogiuolo.it\/it\/\"},{\"@type\":\"ListItem\",\"position\":2,\"name\":\"Shop\",\"item\":\"https:\/\/ilcrogiuolo.it\/it\/negozio\/\"},{\"@type\":\"ListItem\",\"position\":3,\"name\":\"Aceite Sete Linhas\"}]},{\"@type\":\"WebSite\",\"@id\":\"https:\/\/ilcrogiuolo.it\/it\/#website\",\"url\":\"https:\/\/ilcrogiuolo.it\/it\/\",\"name\":\"Il Crogiuolo\",\"description\":\"\",\"publisher\":{\"@id\":\"https:\/\/ilcrogiuolo.it\/it\/#organization\"},\"potentialAction\":[{\"@type\":\"SearchAction\",\"target\":{\"@type\":\"EntryPoint\",\"urlTemplate\":\"https:\/\/ilcrogiuolo.it\/it\/?s={search_term_string}\"},\"query-input\":{\"@type\":\"PropertyValueSpecification\",\"valueRequired\":true,\"valueName\":\"search_term_string\"}}],\"inLanguage\":\"it-IT\"},{\"@type\":\"Organization\",\"@id\":\"https:\/\/ilcrogiuolo.it\/it\/#organization\",\"name\":\"Il Crogiuolo\",\"url\":\"https:\/\/ilcrogiuolo.it\/it\/\",\"logo\":{\"@type\":\"ImageObject\",\"inLanguage\":\"it-IT\",\"@id\":\"https:\/\/ilcrogiuolo.it\/it\/#\/schema\/logo\/image\/\",\"url\":\"https:\/\/ilcrogiuolo.it\/wp-content\/uploads\/2020\/04\/logo.png\",\"contentUrl\":\"https:\/\/ilcrogiuolo.it\/wp-content\/uploads\/2020\/04\/logo.png\",\"width\":200,\"height\":49,\"caption\":\"Il Crogiuolo\"},\"image\":{\"@id\":\"https:\/\/ilcrogiuolo.it\/it\/#\/schema\/logo\/image\/\"},\"sameAs\":[\"https:\/\/www.facebook.com\/Il-Crogiuolo-681876418491758\"]}]}<\/script>\n<!-- \/ Yoast SEO plugin. -->","yoast_head_json":{"title":"Aceite Sete Linhas - Il Crogiuolo","description":"Aceite Sete Linhas L'olio delle Sette Linee \u00e8 preparato con le sette erbe sacre dell'Umbanda e viene impiegato in tutti quei casi complessi che richiedono l'intervento di","robots":{"index":"index","follow":"follow","max-snippet":"max-snippet:-1","max-image-preview":"max-image-preview:large","max-video-preview":"max-video-preview:-1"},"canonical":"https:\/\/ilcrogiuolo.it\/it\/p\/aceite-sete-linhas\/","og_locale":"it_IT","og_type":"article","og_title":"Aceite Sete Linhas - Il Crogiuolo","og_description":"Aceite Sete Linhas L'olio delle Sette Linee \u00e8 preparato con le sette erbe sacre dell'Umbanda e viene impiegato in tutti quei casi complessi che richiedono l'intervento di","og_url":"https:\/\/ilcrogiuolo.it\/it\/p\/aceite-sete-linhas\/","og_site_name":"Il Crogiuolo","article_publisher":"https:\/\/www.facebook.com\/Il-Crogiuolo-681876418491758","article_modified_time":"2020-12-10T10:59:24+00:00","og_image":[{"width":627,"height":600,"url":"https:\/\/ilcrogiuolo.it\/wp-content\/uploads\/2020\/01\/oliiaceiteesotericosesoterici_0263117.jpg","type":"image\/jpeg"}],"twitter_card":"summary_large_image","schema":{"@context":"https:\/\/schema.org","@graph":[{"@type":"WebPage","@id":"https:\/\/ilcrogiuolo.it\/it\/p\/aceite-sete-linhas\/","url":"https:\/\/ilcrogiuolo.it\/it\/p\/aceite-sete-linhas\/","name":"Aceite Sete Linhas - Il Crogiuolo","isPartOf":{"@id":"https:\/\/ilcrogiuolo.it\/it\/#website"},"primaryImageOfPage":{"@id":"https:\/\/ilcrogiuolo.it\/it\/p\/aceite-sete-linhas\/#primaryimage"},"image":{"@id":"https:\/\/ilcrogiuolo.it\/it\/p\/aceite-sete-linhas\/#primaryimage"},"thumbnailUrl":"https:\/\/ilcrogiuolo.it\/wp-content\/uploads\/2020\/01\/oliiaceiteesotericosesoterici_0263117.jpg","datePublished":"2020-01-14T16:05:18+00:00","dateModified":"2020-12-10T10:59:24+00:00","description":"Aceite Sete Linhas L'olio delle Sette Linee \u00e8 preparato con le sette erbe sacre dell'Umbanda e viene impiegato in tutti quei casi complessi che richiedono l'intervento di","breadcrumb":{"@id":"https:\/\/ilcrogiuolo.it\/it\/p\/aceite-sete-linhas\/#breadcrumb"},"inLanguage":"it-IT","potentialAction":[{"@type":"ReadAction","target":["https:\/\/ilcrogiuolo.it\/it\/p\/aceite-sete-linhas\/"]}]},{"@type":"ImageObject","inLanguage":"it-IT","@id":"https:\/\/ilcrogiuolo.it\/it\/p\/aceite-sete-linhas\/#primaryimage","url":"https:\/\/ilcrogiuolo.it\/wp-content\/uploads\/2020\/01\/oliiaceiteesotericosesoterici_0263117.jpg","contentUrl":"https:\/\/ilcrogiuolo.it\/wp-content\/uploads\/2020\/01\/oliiaceiteesotericosesoterici_0263117.jpg","width":627,"height":600},{"@type":"BreadcrumbList","@id":"https:\/\/ilcrogiuolo.it\/it\/p\/aceite-sete-linhas\/#breadcrumb","itemListElement":[{"@type":"ListItem","position":1,"name":"Home","item":"https:\/\/ilcrogiuolo.it\/it\/"},{"@type":"ListItem","position":2,"name":"Shop","item":"https:\/\/ilcrogiuolo.it\/it\/negozio\/"},{"@type":"ListItem","position":3,"name":"Aceite Sete Linhas"}]},{"@type":"WebSite","@id":"https:\/\/ilcrogiuolo.it\/it\/#website","url":"https:\/\/ilcrogiuolo.it\/it\/","name":"Il Crogiuolo","description":"","publisher":{"@id":"https:\/\/ilcrogiuolo.it\/it\/#organization"},"potentialAction":[{"@type":"SearchAction","target":{"@type":"EntryPoint","urlTemplate":"https:\/\/ilcrogiuolo.it\/it\/?s={search_term_string}"},"query-input":{"@type":"PropertyValueSpecification","valueRequired":true,"valueName":"search_term_string"}}],"inLanguage":"it-IT"},{"@type":"Organization","@id":"https:\/\/ilcrogiuolo.it\/it\/#organization","name":"Il Crogiuolo","url":"https:\/\/ilcrogiuolo.it\/it\/","logo":{"@type":"ImageObject","inLanguage":"it-IT","@id":"https:\/\/ilcrogiuolo.it\/it\/#\/schema\/logo\/image\/","url":"https:\/\/ilcrogiuolo.it\/wp-content\/uploads\/2020\/04\/logo.png","contentUrl":"https:\/\/ilcrogiuolo.it\/wp-content\/uploads\/2020\/04\/logo.png","width":200,"height":49,"caption":"Il Crogiuolo"},"image":{"@id":"https:\/\/ilcrogiuolo.it\/it\/#\/schema\/logo\/image\/"},"sameAs":["https:\/\/www.facebook.com\/Il-Crogiuolo-681876418491758"]}]}},"_links":{"self":[{"href":"https:\/\/ilcrogiuolo.it\/it\/wp-json\/wp\/v2\/product\/2637","targetHints":{"allow":["GET"]}}],"collection":[{"href":"https:\/\/ilcrogiuolo.it\/it\/wp-json\/wp\/v2\/product"}],"about":[{"href":"https:\/\/ilcrogiuolo.it\/it\/wp-json\/wp\/v2\/types\/product"}],"wp:featuredmedia":[{"embeddable":true,"href":"https:\/\/ilcrogiuolo.it\/it\/wp-json\/wp\/v2\/media\/2638"}],"wp:attachment":[{"href":"https:\/\/ilcrogiuolo.it\/it\/wp-json\/wp\/v2\/media?parent=2637"}],"wp:term":[{"taxonomy":"product_brand","embeddable":true,"href":"https:\/\/ilcrogiuolo.it\/it\/wp-json\/wp\/v2\/product_brand?post=2637"},{"taxonomy":"product_cat","embeddable":true,"href":"https:\/\/ilcrogiuolo.it\/it\/wp-json\/wp\/v2\/product_cat?post=2637"},{"taxonomy":"product_tag","embeddable":true,"href":"https:\/\/ilcrogiuolo.it\/it\/wp-json\/wp\/v2\/product_tag?post=2637"}],"curies":[{"name":"wp","href":"https:\/\/api.w.org\/{rel}","templated":true}]}}