{"id":2619,"date":"2020-01-14T17:05:18","date_gmt":"2020-01-14T16:05:18","guid":{"rendered":"https:\/\/ilcrogiuolo.it\/p\/magia-delle-candele\/"},"modified":"2025-05-30T17:43:28","modified_gmt":"2025-05-30T15:43:28","slug":"magia-delle-candele","status":"publish","type":"product","link":"https:\/\/ilcrogiuolo.it\/it\/p\/magia-delle-candele\/","title":{"rendered":"MAGIA DELLE CANDELE"},"content":{"rendered":"<p>80 pagg.<\/p>\n<p>Fin dai tempi remoti, la candela, simbolo della luce, \u00e8 stata circondata da miti e leggende. La luce, infatti, ha sempre rappresentato per l&#8217;uomo il potere divino, ovvero la saggezza, l&#8217;illuminazione intellettuale, la conoscenza, la realizzazione spirituale. Da ci\u00f2 nasce la pratica magica di accendere candele. \u00c8 questa una forma di magia delle pi\u00f9 semplici, in quanto richiede un facile rituale, pochi oggetti cerimoniali e un linguaggio chiaro e comprensibile anche ai non adepti. Pur trattandosi di una magia \u00ab facile \u00bb, tuttavia, quella delle candele agisce con altrettanta potenza delle parole di evocazione, o dei cerchi magici e dei pentacoli dell&#8217;Alta Magia. Questo libro spiega con chiarezza il significato magico, i rituali e le formule per la pratica della magia delle candele, illustra i rapporti tra colori astrali e segni astrologi-ci, parla degli angeli e delle gerarchie angeliche, espone le formule per assicurarsi la ricchezza, l&#8217;amore e la felicit\u00e0; tratta inoltre delle candele per le malatt\u00ece e la morte, nonch\u00e9 per la protezione personale.<\/p>\n","protected":false},"excerpt":{"rendered":"<p>80 pagg. Fin dai tempi remoti, la candela, simbolo della luce, \u00e8 stata circondata da miti e leggende. La luce,&#8230;<\/p>\n","protected":false},"featured_media":2620,"template":"","meta":{"_acf_changed":false},"product_brand":[],"product_cat":[1077,1425,1060],"product_tag":[],"class_list":{"0":"post-2619","1":"product","2":"type-product","3":"status-publish","4":"has-post-thumbnail","6":"product_cat-libreria-esoterica-libreria-esoterica","7":"product_cat-edizioni-hermes","8":"product_cat-libreria-esoterica","10":"first","11":"outofstock","12":"taxable","13":"shipping-taxable","14":"purchasable","15":"product-type-simple","16":"add-to-wishlist-before_image"},"acf":[],"yoast_head":"<!-- This site is optimized with the Yoast SEO plugin v26.9 - https:\/\/yoast.com\/product\/yoast-seo-wordpress\/ -->\n<title>MAGIA DELLE CANDELE - Il Crogiuolo<\/title>\n<meta name=\"description\" content=\"MAGIA DELLE CANDELE 80 pagg. Fin dai tempi remoti, la candela, simbolo della luce, \u00e8 stata circondata da miti e leggende. La luce, infatti, ha sempre rappresentato per l&#039;uomo\" \/>\n<meta name=\"robots\" content=\"index, follow, max-snippet:-1, max-image-preview:large, max-video-preview:-1\" \/>\n<link rel=\"canonical\" href=\"https:\/\/ilcrogiuolo.it\/it\/p\/magia-delle-candele\/\" \/>\n<meta property=\"og:locale\" content=\"it_IT\" \/>\n<meta property=\"og:type\" content=\"article\" \/>\n<meta property=\"og:title\" content=\"MAGIA DELLE CANDELE - Il Crogiuolo\" \/>\n<meta property=\"og:description\" content=\"MAGIA DELLE CANDELE 80 pagg. Fin dai tempi remoti, la candela, simbolo della luce, \u00e8 stata circondata da miti e leggende. La luce, infatti, ha sempre rappresentato per l&#039;uomo\" \/>\n<meta property=\"og:url\" content=\"https:\/\/ilcrogiuolo.it\/it\/p\/magia-delle-candele\/\" \/>\n<meta property=\"og:site_name\" content=\"Il Crogiuolo\" \/>\n<meta property=\"article:publisher\" content=\"https:\/\/www.facebook.com\/Il-Crogiuolo-681876418491758\" \/>\n<meta property=\"article:modified_time\" content=\"2025-05-30T15:43:28+00:00\" \/>\n<meta property=\"og:image\" content=\"https:\/\/ilcrogiuolo.it\/wp-content\/uploads\/2020\/01\/magiacandele_5485847.jpg\" \/>\n\t<meta property=\"og:image:width\" content=\"627\" \/>\n\t<meta property=\"og:image:height\" content=\"600\" \/>\n\t<meta property=\"og:image:type\" content=\"image\/jpeg\" \/>\n<meta name=\"twitter:card\" content=\"summary_large_image\" \/>\n<meta name=\"twitter:label1\" content=\"Tempo di lettura stimato\" \/>\n\t<meta name=\"twitter:data1\" content=\"1 minuto\" \/>\n<script type=\"application\/ld+json\" class=\"yoast-schema-graph\">{\"@context\":\"https:\/\/schema.org\",\"@graph\":[{\"@type\":\"WebPage\",\"@id\":\"https:\/\/ilcrogiuolo.it\/it\/p\/magia-delle-candele\/\",\"url\":\"https:\/\/ilcrogiuolo.it\/it\/p\/magia-delle-candele\/\",\"name\":\"MAGIA DELLE CANDELE - Il Crogiuolo\",\"isPartOf\":{\"@id\":\"https:\/\/ilcrogiuolo.it\/it\/#website\"},\"primaryImageOfPage\":{\"@id\":\"https:\/\/ilcrogiuolo.it\/it\/p\/magia-delle-candele\/#primaryimage\"},\"image\":{\"@id\":\"https:\/\/ilcrogiuolo.it\/it\/p\/magia-delle-candele\/#primaryimage\"},\"thumbnailUrl\":\"https:\/\/ilcrogiuolo.it\/wp-content\/uploads\/2020\/01\/magiacandele_5485847.jpg\",\"datePublished\":\"2020-01-14T16:05:18+00:00\",\"dateModified\":\"2025-05-30T15:43:28+00:00\",\"description\":\"MAGIA DELLE CANDELE 80 pagg. Fin dai tempi remoti, la candela, simbolo della luce, \u00e8 stata circondata da miti e leggende. La luce, infatti, ha sempre rappresentato per l'uomo\",\"breadcrumb\":{\"@id\":\"https:\/\/ilcrogiuolo.it\/it\/p\/magia-delle-candele\/#breadcrumb\"},\"inLanguage\":\"it-IT\",\"potentialAction\":[{\"@type\":\"ReadAction\",\"target\":[\"https:\/\/ilcrogiuolo.it\/it\/p\/magia-delle-candele\/\"]}]},{\"@type\":\"ImageObject\",\"inLanguage\":\"it-IT\",\"@id\":\"https:\/\/ilcrogiuolo.it\/it\/p\/magia-delle-candele\/#primaryimage\",\"url\":\"https:\/\/ilcrogiuolo.it\/wp-content\/uploads\/2020\/01\/magiacandele_5485847.jpg\",\"contentUrl\":\"https:\/\/ilcrogiuolo.it\/wp-content\/uploads\/2020\/01\/magiacandele_5485847.jpg\",\"width\":627,\"height\":600},{\"@type\":\"BreadcrumbList\",\"@id\":\"https:\/\/ilcrogiuolo.it\/it\/p\/magia-delle-candele\/#breadcrumb\",\"itemListElement\":[{\"@type\":\"ListItem\",\"position\":1,\"name\":\"Home\",\"item\":\"https:\/\/ilcrogiuolo.it\/it\/\"},{\"@type\":\"ListItem\",\"position\":2,\"name\":\"Shop\",\"item\":\"https:\/\/ilcrogiuolo.it\/it\/negozio\/\"},{\"@type\":\"ListItem\",\"position\":3,\"name\":\"MAGIA DELLE CANDELE\"}]},{\"@type\":\"WebSite\",\"@id\":\"https:\/\/ilcrogiuolo.it\/it\/#website\",\"url\":\"https:\/\/ilcrogiuolo.it\/it\/\",\"name\":\"Il Crogiuolo\",\"description\":\"\",\"publisher\":{\"@id\":\"https:\/\/ilcrogiuolo.it\/it\/#organization\"},\"potentialAction\":[{\"@type\":\"SearchAction\",\"target\":{\"@type\":\"EntryPoint\",\"urlTemplate\":\"https:\/\/ilcrogiuolo.it\/it\/?s={search_term_string}\"},\"query-input\":{\"@type\":\"PropertyValueSpecification\",\"valueRequired\":true,\"valueName\":\"search_term_string\"}}],\"inLanguage\":\"it-IT\"},{\"@type\":\"Organization\",\"@id\":\"https:\/\/ilcrogiuolo.it\/it\/#organization\",\"name\":\"Il Crogiuolo\",\"url\":\"https:\/\/ilcrogiuolo.it\/it\/\",\"logo\":{\"@type\":\"ImageObject\",\"inLanguage\":\"it-IT\",\"@id\":\"https:\/\/ilcrogiuolo.it\/it\/#\/schema\/logo\/image\/\",\"url\":\"https:\/\/ilcrogiuolo.it\/wp-content\/uploads\/2020\/04\/logo.png\",\"contentUrl\":\"https:\/\/ilcrogiuolo.it\/wp-content\/uploads\/2020\/04\/logo.png\",\"width\":200,\"height\":49,\"caption\":\"Il Crogiuolo\"},\"image\":{\"@id\":\"https:\/\/ilcrogiuolo.it\/it\/#\/schema\/logo\/image\/\"},\"sameAs\":[\"https:\/\/www.facebook.com\/Il-Crogiuolo-681876418491758\"]}]}<\/script>\n<!-- \/ Yoast SEO plugin. -->","yoast_head_json":{"title":"MAGIA DELLE CANDELE - Il Crogiuolo","description":"MAGIA DELLE CANDELE 80 pagg. Fin dai tempi remoti, la candela, simbolo della luce, \u00e8 stata circondata da miti e leggende. La luce, infatti, ha sempre rappresentato per l'uomo","robots":{"index":"index","follow":"follow","max-snippet":"max-snippet:-1","max-image-preview":"max-image-preview:large","max-video-preview":"max-video-preview:-1"},"canonical":"https:\/\/ilcrogiuolo.it\/it\/p\/magia-delle-candele\/","og_locale":"it_IT","og_type":"article","og_title":"MAGIA DELLE CANDELE - Il Crogiuolo","og_description":"MAGIA DELLE CANDELE 80 pagg. Fin dai tempi remoti, la candela, simbolo della luce, \u00e8 stata circondata da miti e leggende. La luce, infatti, ha sempre rappresentato per l'uomo","og_url":"https:\/\/ilcrogiuolo.it\/it\/p\/magia-delle-candele\/","og_site_name":"Il Crogiuolo","article_publisher":"https:\/\/www.facebook.com\/Il-Crogiuolo-681876418491758","article_modified_time":"2025-05-30T15:43:28+00:00","og_image":[{"width":627,"height":600,"url":"https:\/\/ilcrogiuolo.it\/wp-content\/uploads\/2020\/01\/magiacandele_5485847.jpg","type":"image\/jpeg"}],"twitter_card":"summary_large_image","twitter_misc":{"Tempo di lettura stimato":"1 minuto"},"schema":{"@context":"https:\/\/schema.org","@graph":[{"@type":"WebPage","@id":"https:\/\/ilcrogiuolo.it\/it\/p\/magia-delle-candele\/","url":"https:\/\/ilcrogiuolo.it\/it\/p\/magia-delle-candele\/","name":"MAGIA DELLE CANDELE - Il Crogiuolo","isPartOf":{"@id":"https:\/\/ilcrogiuolo.it\/it\/#website"},"primaryImageOfPage":{"@id":"https:\/\/ilcrogiuolo.it\/it\/p\/magia-delle-candele\/#primaryimage"},"image":{"@id":"https:\/\/ilcrogiuolo.it\/it\/p\/magia-delle-candele\/#primaryimage"},"thumbnailUrl":"https:\/\/ilcrogiuolo.it\/wp-content\/uploads\/2020\/01\/magiacandele_5485847.jpg","datePublished":"2020-01-14T16:05:18+00:00","dateModified":"2025-05-30T15:43:28+00:00","description":"MAGIA DELLE CANDELE 80 pagg. Fin dai tempi remoti, la candela, simbolo della luce, \u00e8 stata circondata da miti e leggende. La luce, infatti, ha sempre rappresentato per l'uomo","breadcrumb":{"@id":"https:\/\/ilcrogiuolo.it\/it\/p\/magia-delle-candele\/#breadcrumb"},"inLanguage":"it-IT","potentialAction":[{"@type":"ReadAction","target":["https:\/\/ilcrogiuolo.it\/it\/p\/magia-delle-candele\/"]}]},{"@type":"ImageObject","inLanguage":"it-IT","@id":"https:\/\/ilcrogiuolo.it\/it\/p\/magia-delle-candele\/#primaryimage","url":"https:\/\/ilcrogiuolo.it\/wp-content\/uploads\/2020\/01\/magiacandele_5485847.jpg","contentUrl":"https:\/\/ilcrogiuolo.it\/wp-content\/uploads\/2020\/01\/magiacandele_5485847.jpg","width":627,"height":600},{"@type":"BreadcrumbList","@id":"https:\/\/ilcrogiuolo.it\/it\/p\/magia-delle-candele\/#breadcrumb","itemListElement":[{"@type":"ListItem","position":1,"name":"Home","item":"https:\/\/ilcrogiuolo.it\/it\/"},{"@type":"ListItem","position":2,"name":"Shop","item":"https:\/\/ilcrogiuolo.it\/it\/negozio\/"},{"@type":"ListItem","position":3,"name":"MAGIA DELLE CANDELE"}]},{"@type":"WebSite","@id":"https:\/\/ilcrogiuolo.it\/it\/#website","url":"https:\/\/ilcrogiuolo.it\/it\/","name":"Il Crogiuolo","description":"","publisher":{"@id":"https:\/\/ilcrogiuolo.it\/it\/#organization"},"potentialAction":[{"@type":"SearchAction","target":{"@type":"EntryPoint","urlTemplate":"https:\/\/ilcrogiuolo.it\/it\/?s={search_term_string}"},"query-input":{"@type":"PropertyValueSpecification","valueRequired":true,"valueName":"search_term_string"}}],"inLanguage":"it-IT"},{"@type":"Organization","@id":"https:\/\/ilcrogiuolo.it\/it\/#organization","name":"Il Crogiuolo","url":"https:\/\/ilcrogiuolo.it\/it\/","logo":{"@type":"ImageObject","inLanguage":"it-IT","@id":"https:\/\/ilcrogiuolo.it\/it\/#\/schema\/logo\/image\/","url":"https:\/\/ilcrogiuolo.it\/wp-content\/uploads\/2020\/04\/logo.png","contentUrl":"https:\/\/ilcrogiuolo.it\/wp-content\/uploads\/2020\/04\/logo.png","width":200,"height":49,"caption":"Il Crogiuolo"},"image":{"@id":"https:\/\/ilcrogiuolo.it\/it\/#\/schema\/logo\/image\/"},"sameAs":["https:\/\/www.facebook.com\/Il-Crogiuolo-681876418491758"]}]}},"_links":{"self":[{"href":"https:\/\/ilcrogiuolo.it\/it\/wp-json\/wp\/v2\/product\/2619","targetHints":{"allow":["GET"]}}],"collection":[{"href":"https:\/\/ilcrogiuolo.it\/it\/wp-json\/wp\/v2\/product"}],"about":[{"href":"https:\/\/ilcrogiuolo.it\/it\/wp-json\/wp\/v2\/types\/product"}],"wp:featuredmedia":[{"embeddable":true,"href":"https:\/\/ilcrogiuolo.it\/it\/wp-json\/wp\/v2\/media\/2620"}],"wp:attachment":[{"href":"https:\/\/ilcrogiuolo.it\/it\/wp-json\/wp\/v2\/media?parent=2619"}],"wp:term":[{"taxonomy":"product_brand","embeddable":true,"href":"https:\/\/ilcrogiuolo.it\/it\/wp-json\/wp\/v2\/product_brand?post=2619"},{"taxonomy":"product_cat","embeddable":true,"href":"https:\/\/ilcrogiuolo.it\/it\/wp-json\/wp\/v2\/product_cat?post=2619"},{"taxonomy":"product_tag","embeddable":true,"href":"https:\/\/ilcrogiuolo.it\/it\/wp-json\/wp\/v2\/product_tag?post=2619"}],"curies":[{"name":"wp","href":"https:\/\/api.w.org\/{rel}","templated":true}]}}