{"id":24762,"date":"2020-11-09T11:52:30","date_gmt":"2020-11-09T10:52:30","guid":{"rendered":"https:\/\/ilcrogiuolo.it\/?post_type=product&#038;p=24762"},"modified":"2025-09-10T17:16:09","modified_gmt":"2025-09-10T15:16:09","slug":"statua-di-santa-sara-kali-cm-35","status":"publish","type":"product","link":"https:\/\/ilcrogiuolo.it\/it\/p\/statua-di-santa-sara-kali-cm-35\/","title":{"rendered":"Statua di Santa Sara Kali &#8211; cm. 35"},"content":{"rendered":"<p>Meravigliosa statua in gesso a colorazione barocca riproducente Santa Sara Kali, regina degli Zingari. Il Povo Cigano (popolo degli zingari), all\u2019interno delle Sette Linee dell\u2019Umbanda, in Brasile, ed in altre tradizioni diasporiche dell\u2019America Latina, ha raggiunto una popolarit\u00e0 unica nel suo genere, al punto da diventare sinonimo di una delle divisioni pi\u00f9 importanti di questa spiritualit\u00e0, quella denominata De Oriente, sicuramente in ragione del fatto che le origini del popolo zingaro vengano identificate in India.<\/p>\n","protected":false},"excerpt":{"rendered":"<p>Meravigliosa statua in gesso a colorazione barocca riproducente Santa Sara Kali, regina degli Zingari. Il Povo Cigano (popolo degli zingari),&#8230;<\/p>\n","protected":false},"featured_media":24764,"template":"","meta":{"_acf_changed":false},"product_brand":[],"product_cat":[1111,1064,1451],"product_tag":[],"class_list":{"0":"post-24762","1":"product","2":"type-product","3":"status-publish","4":"has-post-thumbnail","6":"product_cat-statue-degli-angeli-e-dei-santi","7":"product_cat-statue-in-gesso-e-resina","8":"product_cat-statue-in-gesso-resina-dei-santi","10":"first","11":"instock","12":"taxable","13":"shipping-taxable","14":"purchasable","15":"product-type-simple","16":"add-to-wishlist-before_image"},"acf":[],"yoast_head":"<!-- This site is optimized with the Yoast SEO plugin v26.9 - https:\/\/yoast.com\/product\/yoast-seo-wordpress\/ -->\n<title>Statua di Santa Sara Kali - cm. 35 - Il Crogiuolo<\/title>\n<meta name=\"description\" content=\"Statua di Santa Sara Kali - cm. 35 Meravigliosa statua in gesso a colorazione barocca riproducente Santa Sara Kali, regina degli Zingari. Il Povo Cigano (popolo degli zingari), all\u2019interno\" \/>\n<meta name=\"robots\" content=\"index, follow, max-snippet:-1, max-image-preview:large, max-video-preview:-1\" \/>\n<link rel=\"canonical\" href=\"https:\/\/ilcrogiuolo.it\/it\/p\/statua-di-santa-sara-kali-cm-35\/\" \/>\n<meta property=\"og:locale\" content=\"it_IT\" \/>\n<meta property=\"og:type\" content=\"article\" \/>\n<meta property=\"og:title\" content=\"Statua di Santa Sara Kali - cm. 35 - Il Crogiuolo\" \/>\n<meta property=\"og:description\" content=\"Statua di Santa Sara Kali - cm. 35 Meravigliosa statua in gesso a colorazione barocca riproducente Santa Sara Kali, regina degli Zingari. Il Povo Cigano (popolo degli zingari), all\u2019interno\" \/>\n<meta property=\"og:url\" content=\"https:\/\/ilcrogiuolo.it\/it\/p\/statua-di-santa-sara-kali-cm-35\/\" \/>\n<meta property=\"og:site_name\" content=\"Il Crogiuolo\" \/>\n<meta property=\"article:publisher\" content=\"https:\/\/www.facebook.com\/Il-Crogiuolo-681876418491758\" \/>\n<meta property=\"article:modified_time\" content=\"2025-09-10T15:16:09+00:00\" \/>\n<meta property=\"og:image\" content=\"https:\/\/ilcrogiuolo.it\/wp-content\/uploads\/2020\/11\/SANTA-SARA-KALI-REGINA-ZING.jpg\" \/>\n\t<meta property=\"og:image:width\" content=\"627\" \/>\n\t<meta property=\"og:image:height\" content=\"600\" \/>\n\t<meta property=\"og:image:type\" content=\"image\/jpeg\" \/>\n<meta name=\"twitter:card\" content=\"summary_large_image\" \/>\n<meta name=\"twitter:label1\" content=\"Tempo di lettura stimato\" \/>\n\t<meta name=\"twitter:data1\" content=\"1 minuto\" \/>\n<script type=\"application\/ld+json\" class=\"yoast-schema-graph\">{\"@context\":\"https:\/\/schema.org\",\"@graph\":[{\"@type\":\"WebPage\",\"@id\":\"https:\/\/ilcrogiuolo.it\/it\/p\/statua-di-santa-sara-kali-cm-35\/\",\"url\":\"https:\/\/ilcrogiuolo.it\/it\/p\/statua-di-santa-sara-kali-cm-35\/\",\"name\":\"Statua di Santa Sara Kali - cm. 35 - Il Crogiuolo\",\"isPartOf\":{\"@id\":\"https:\/\/ilcrogiuolo.it\/it\/#website\"},\"primaryImageOfPage\":{\"@id\":\"https:\/\/ilcrogiuolo.it\/it\/p\/statua-di-santa-sara-kali-cm-35\/#primaryimage\"},\"image\":{\"@id\":\"https:\/\/ilcrogiuolo.it\/it\/p\/statua-di-santa-sara-kali-cm-35\/#primaryimage\"},\"thumbnailUrl\":\"https:\/\/ilcrogiuolo.it\/wp-content\/uploads\/2020\/11\/SANTA-SARA-KALI-REGINA-ZING.jpg\",\"datePublished\":\"2020-11-09T10:52:30+00:00\",\"dateModified\":\"2025-09-10T15:16:09+00:00\",\"description\":\"Statua di Santa Sara Kali - cm. 35 Meravigliosa statua in gesso a colorazione barocca riproducente Santa Sara Kali, regina degli Zingari. Il Povo Cigano (popolo degli zingari), all\u2019interno\",\"breadcrumb\":{\"@id\":\"https:\/\/ilcrogiuolo.it\/it\/p\/statua-di-santa-sara-kali-cm-35\/#breadcrumb\"},\"inLanguage\":\"it-IT\",\"potentialAction\":[{\"@type\":\"ReadAction\",\"target\":[\"https:\/\/ilcrogiuolo.it\/it\/p\/statua-di-santa-sara-kali-cm-35\/\"]}]},{\"@type\":\"ImageObject\",\"inLanguage\":\"it-IT\",\"@id\":\"https:\/\/ilcrogiuolo.it\/it\/p\/statua-di-santa-sara-kali-cm-35\/#primaryimage\",\"url\":\"https:\/\/ilcrogiuolo.it\/wp-content\/uploads\/2020\/11\/SANTA-SARA-KALI-REGINA-ZING.jpg\",\"contentUrl\":\"https:\/\/ilcrogiuolo.it\/wp-content\/uploads\/2020\/11\/SANTA-SARA-KALI-REGINA-ZING.jpg\",\"width\":627,\"height\":600},{\"@type\":\"BreadcrumbList\",\"@id\":\"https:\/\/ilcrogiuolo.it\/it\/p\/statua-di-santa-sara-kali-cm-35\/#breadcrumb\",\"itemListElement\":[{\"@type\":\"ListItem\",\"position\":1,\"name\":\"Home\",\"item\":\"https:\/\/ilcrogiuolo.it\/it\/\"},{\"@type\":\"ListItem\",\"position\":2,\"name\":\"Shop\",\"item\":\"https:\/\/ilcrogiuolo.it\/it\/negozio\/\"},{\"@type\":\"ListItem\",\"position\":3,\"name\":\"Statua di Santa Sara Kali &#8211; cm. 35\"}]},{\"@type\":\"WebSite\",\"@id\":\"https:\/\/ilcrogiuolo.it\/it\/#website\",\"url\":\"https:\/\/ilcrogiuolo.it\/it\/\",\"name\":\"Il Crogiuolo\",\"description\":\"\",\"publisher\":{\"@id\":\"https:\/\/ilcrogiuolo.it\/it\/#organization\"},\"potentialAction\":[{\"@type\":\"SearchAction\",\"target\":{\"@type\":\"EntryPoint\",\"urlTemplate\":\"https:\/\/ilcrogiuolo.it\/it\/?s={search_term_string}\"},\"query-input\":{\"@type\":\"PropertyValueSpecification\",\"valueRequired\":true,\"valueName\":\"search_term_string\"}}],\"inLanguage\":\"it-IT\"},{\"@type\":\"Organization\",\"@id\":\"https:\/\/ilcrogiuolo.it\/it\/#organization\",\"name\":\"Il Crogiuolo\",\"url\":\"https:\/\/ilcrogiuolo.it\/it\/\",\"logo\":{\"@type\":\"ImageObject\",\"inLanguage\":\"it-IT\",\"@id\":\"https:\/\/ilcrogiuolo.it\/it\/#\/schema\/logo\/image\/\",\"url\":\"https:\/\/ilcrogiuolo.it\/wp-content\/uploads\/2020\/04\/logo.png\",\"contentUrl\":\"https:\/\/ilcrogiuolo.it\/wp-content\/uploads\/2020\/04\/logo.png\",\"width\":200,\"height\":49,\"caption\":\"Il Crogiuolo\"},\"image\":{\"@id\":\"https:\/\/ilcrogiuolo.it\/it\/#\/schema\/logo\/image\/\"},\"sameAs\":[\"https:\/\/www.facebook.com\/Il-Crogiuolo-681876418491758\"]}]}<\/script>\n<!-- \/ Yoast SEO plugin. -->","yoast_head_json":{"title":"Statua di Santa Sara Kali - cm. 35 - Il Crogiuolo","description":"Statua di Santa Sara Kali - cm. 35 Meravigliosa statua in gesso a colorazione barocca riproducente Santa Sara Kali, regina degli Zingari. Il Povo Cigano (popolo degli zingari), all\u2019interno","robots":{"index":"index","follow":"follow","max-snippet":"max-snippet:-1","max-image-preview":"max-image-preview:large","max-video-preview":"max-video-preview:-1"},"canonical":"https:\/\/ilcrogiuolo.it\/it\/p\/statua-di-santa-sara-kali-cm-35\/","og_locale":"it_IT","og_type":"article","og_title":"Statua di Santa Sara Kali - cm. 35 - Il Crogiuolo","og_description":"Statua di Santa Sara Kali - cm. 35 Meravigliosa statua in gesso a colorazione barocca riproducente Santa Sara Kali, regina degli Zingari. Il Povo Cigano (popolo degli zingari), all\u2019interno","og_url":"https:\/\/ilcrogiuolo.it\/it\/p\/statua-di-santa-sara-kali-cm-35\/","og_site_name":"Il Crogiuolo","article_publisher":"https:\/\/www.facebook.com\/Il-Crogiuolo-681876418491758","article_modified_time":"2025-09-10T15:16:09+00:00","og_image":[{"width":627,"height":600,"url":"https:\/\/ilcrogiuolo.it\/wp-content\/uploads\/2020\/11\/SANTA-SARA-KALI-REGINA-ZING.jpg","type":"image\/jpeg"}],"twitter_card":"summary_large_image","twitter_misc":{"Tempo di lettura stimato":"1 minuto"},"schema":{"@context":"https:\/\/schema.org","@graph":[{"@type":"WebPage","@id":"https:\/\/ilcrogiuolo.it\/it\/p\/statua-di-santa-sara-kali-cm-35\/","url":"https:\/\/ilcrogiuolo.it\/it\/p\/statua-di-santa-sara-kali-cm-35\/","name":"Statua di Santa Sara Kali - cm. 35 - Il Crogiuolo","isPartOf":{"@id":"https:\/\/ilcrogiuolo.it\/it\/#website"},"primaryImageOfPage":{"@id":"https:\/\/ilcrogiuolo.it\/it\/p\/statua-di-santa-sara-kali-cm-35\/#primaryimage"},"image":{"@id":"https:\/\/ilcrogiuolo.it\/it\/p\/statua-di-santa-sara-kali-cm-35\/#primaryimage"},"thumbnailUrl":"https:\/\/ilcrogiuolo.it\/wp-content\/uploads\/2020\/11\/SANTA-SARA-KALI-REGINA-ZING.jpg","datePublished":"2020-11-09T10:52:30+00:00","dateModified":"2025-09-10T15:16:09+00:00","description":"Statua di Santa Sara Kali - cm. 35 Meravigliosa statua in gesso a colorazione barocca riproducente Santa Sara Kali, regina degli Zingari. Il Povo Cigano (popolo degli zingari), all\u2019interno","breadcrumb":{"@id":"https:\/\/ilcrogiuolo.it\/it\/p\/statua-di-santa-sara-kali-cm-35\/#breadcrumb"},"inLanguage":"it-IT","potentialAction":[{"@type":"ReadAction","target":["https:\/\/ilcrogiuolo.it\/it\/p\/statua-di-santa-sara-kali-cm-35\/"]}]},{"@type":"ImageObject","inLanguage":"it-IT","@id":"https:\/\/ilcrogiuolo.it\/it\/p\/statua-di-santa-sara-kali-cm-35\/#primaryimage","url":"https:\/\/ilcrogiuolo.it\/wp-content\/uploads\/2020\/11\/SANTA-SARA-KALI-REGINA-ZING.jpg","contentUrl":"https:\/\/ilcrogiuolo.it\/wp-content\/uploads\/2020\/11\/SANTA-SARA-KALI-REGINA-ZING.jpg","width":627,"height":600},{"@type":"BreadcrumbList","@id":"https:\/\/ilcrogiuolo.it\/it\/p\/statua-di-santa-sara-kali-cm-35\/#breadcrumb","itemListElement":[{"@type":"ListItem","position":1,"name":"Home","item":"https:\/\/ilcrogiuolo.it\/it\/"},{"@type":"ListItem","position":2,"name":"Shop","item":"https:\/\/ilcrogiuolo.it\/it\/negozio\/"},{"@type":"ListItem","position":3,"name":"Statua di Santa Sara Kali &#8211; cm. 35"}]},{"@type":"WebSite","@id":"https:\/\/ilcrogiuolo.it\/it\/#website","url":"https:\/\/ilcrogiuolo.it\/it\/","name":"Il Crogiuolo","description":"","publisher":{"@id":"https:\/\/ilcrogiuolo.it\/it\/#organization"},"potentialAction":[{"@type":"SearchAction","target":{"@type":"EntryPoint","urlTemplate":"https:\/\/ilcrogiuolo.it\/it\/?s={search_term_string}"},"query-input":{"@type":"PropertyValueSpecification","valueRequired":true,"valueName":"search_term_string"}}],"inLanguage":"it-IT"},{"@type":"Organization","@id":"https:\/\/ilcrogiuolo.it\/it\/#organization","name":"Il Crogiuolo","url":"https:\/\/ilcrogiuolo.it\/it\/","logo":{"@type":"ImageObject","inLanguage":"it-IT","@id":"https:\/\/ilcrogiuolo.it\/it\/#\/schema\/logo\/image\/","url":"https:\/\/ilcrogiuolo.it\/wp-content\/uploads\/2020\/04\/logo.png","contentUrl":"https:\/\/ilcrogiuolo.it\/wp-content\/uploads\/2020\/04\/logo.png","width":200,"height":49,"caption":"Il Crogiuolo"},"image":{"@id":"https:\/\/ilcrogiuolo.it\/it\/#\/schema\/logo\/image\/"},"sameAs":["https:\/\/www.facebook.com\/Il-Crogiuolo-681876418491758"]}]}},"_links":{"self":[{"href":"https:\/\/ilcrogiuolo.it\/it\/wp-json\/wp\/v2\/product\/24762","targetHints":{"allow":["GET"]}}],"collection":[{"href":"https:\/\/ilcrogiuolo.it\/it\/wp-json\/wp\/v2\/product"}],"about":[{"href":"https:\/\/ilcrogiuolo.it\/it\/wp-json\/wp\/v2\/types\/product"}],"wp:featuredmedia":[{"embeddable":true,"href":"https:\/\/ilcrogiuolo.it\/it\/wp-json\/wp\/v2\/media\/24764"}],"wp:attachment":[{"href":"https:\/\/ilcrogiuolo.it\/it\/wp-json\/wp\/v2\/media?parent=24762"}],"wp:term":[{"taxonomy":"product_brand","embeddable":true,"href":"https:\/\/ilcrogiuolo.it\/it\/wp-json\/wp\/v2\/product_brand?post=24762"},{"taxonomy":"product_cat","embeddable":true,"href":"https:\/\/ilcrogiuolo.it\/it\/wp-json\/wp\/v2\/product_cat?post=24762"},{"taxonomy":"product_tag","embeddable":true,"href":"https:\/\/ilcrogiuolo.it\/it\/wp-json\/wp\/v2\/product_tag?post=24762"}],"curies":[{"name":"wp","href":"https:\/\/api.w.org\/{rel}","templated":true}]}}