{"id":2442,"date":"2020-01-14T17:04:59","date_gmt":"2020-01-14T16:04:59","guid":{"rendered":"https:\/\/ilcrogiuolo.it\/p\/adja-in-metallo-cm-24-5\/"},"modified":"2020-06-11T15:31:27","modified_gmt":"2020-06-11T13:31:27","slug":"adja-in-metallo-cm-24-5","status":"publish","type":"product","link":"https:\/\/ilcrogiuolo.it\/it\/p\/adja-in-metallo-cm-24-5\/","title":{"rendered":"ADJA&#8217;  IN METALLO CM 24.5"},"content":{"rendered":"<p>Meravigliosa campana cerimoniale in metallo bianco a bocche multiple impiegata dai sacerdoti del Candombl\u00e9 durante le pratiche rituali per chiamare gli Orix\u00e0, ma anche nella ritualistica divinatoria. Questo strumento \u00e8 imprescindibile in ogni cerimonia di Santo. Interamente battuto a mano, si tratta di un articolo di altissimo pregio e lavorazione.<\/p>\n","protected":false},"excerpt":{"rendered":"<p>Meravigliosa campana cerimoniale in metallo bianco a bocche multiple impiegata dai sacerdoti del Candombl\u00e9 durante le pratiche rituali per chiamare&#8230;<\/p>\n","protected":false},"featured_media":19522,"template":"","meta":{"_acf_changed":false},"product_brand":[],"product_cat":[1086,1359,1063],"product_tag":[],"class_list":{"0":"post-2442","1":"product","2":"type-product","3":"status-publish","4":"has-post-thumbnail","6":"product_cat-articoli-di-fondamento","7":"product_cat-ferramentas","8":"product_cat-strumenti-rituali","10":"first","11":"outofstock","12":"taxable","13":"shipping-taxable","14":"purchasable","15":"product-type-simple","16":"add-to-wishlist-before_image"},"acf":[],"yoast_head":"<!-- This site is optimized with the Yoast SEO plugin v26.9 - https:\/\/yoast.com\/product\/yoast-seo-wordpress\/ -->\n<title>ADJA&#039; IN METALLO CM 24.5 - Il Crogiuolo<\/title>\n<meta name=\"description\" content=\"ADJA&#039; IN METALLO CM 24.5 Meravigliosa campana cerimoniale in metallo bianco a bocche multiple impiegata dai sacerdoti del Candombl\u00e9 durante le pratiche rituali per chiamare gli\" \/>\n<meta name=\"robots\" content=\"index, follow, max-snippet:-1, max-image-preview:large, max-video-preview:-1\" \/>\n<link rel=\"canonical\" href=\"https:\/\/ilcrogiuolo.it\/it\/p\/adja-in-metallo-cm-24-5\/\" \/>\n<meta property=\"og:locale\" content=\"it_IT\" \/>\n<meta property=\"og:type\" content=\"article\" \/>\n<meta property=\"og:title\" content=\"ADJA&#039; IN METALLO CM 24.5 - Il Crogiuolo\" \/>\n<meta property=\"og:description\" content=\"ADJA&#039; IN METALLO CM 24.5 Meravigliosa campana cerimoniale in metallo bianco a bocche multiple impiegata dai sacerdoti del Candombl\u00e9 durante le pratiche rituali per chiamare gli\" \/>\n<meta property=\"og:url\" content=\"https:\/\/ilcrogiuolo.it\/it\/p\/adja-in-metallo-cm-24-5\/\" \/>\n<meta property=\"og:site_name\" content=\"Il Crogiuolo\" \/>\n<meta property=\"article:publisher\" content=\"https:\/\/www.facebook.com\/Il-Crogiuolo-681876418491758\" \/>\n<meta property=\"article:modified_time\" content=\"2020-06-11T13:31:27+00:00\" \/>\n<meta property=\"og:image\" content=\"https:\/\/ilcrogiuolo.it\/wp-content\/uploads\/2020\/01\/AGOGO-1.jpg\" \/>\n\t<meta property=\"og:image:width\" content=\"627\" \/>\n\t<meta property=\"og:image:height\" content=\"600\" \/>\n\t<meta property=\"og:image:type\" content=\"image\/jpeg\" \/>\n<meta name=\"twitter:card\" content=\"summary_large_image\" \/>\n<script type=\"application\/ld+json\" class=\"yoast-schema-graph\">{\"@context\":\"https:\/\/schema.org\",\"@graph\":[{\"@type\":\"WebPage\",\"@id\":\"https:\/\/ilcrogiuolo.it\/it\/p\/adja-in-metallo-cm-24-5\/\",\"url\":\"https:\/\/ilcrogiuolo.it\/it\/p\/adja-in-metallo-cm-24-5\/\",\"name\":\"ADJA' IN METALLO CM 24.5 - Il Crogiuolo\",\"isPartOf\":{\"@id\":\"https:\/\/ilcrogiuolo.it\/it\/#website\"},\"primaryImageOfPage\":{\"@id\":\"https:\/\/ilcrogiuolo.it\/it\/p\/adja-in-metallo-cm-24-5\/#primaryimage\"},\"image\":{\"@id\":\"https:\/\/ilcrogiuolo.it\/it\/p\/adja-in-metallo-cm-24-5\/#primaryimage\"},\"thumbnailUrl\":\"https:\/\/ilcrogiuolo.it\/wp-content\/uploads\/2020\/01\/AGOGO-1.jpg\",\"datePublished\":\"2020-01-14T16:04:59+00:00\",\"dateModified\":\"2020-06-11T13:31:27+00:00\",\"description\":\"ADJA' IN METALLO CM 24.5 Meravigliosa campana cerimoniale in metallo bianco a bocche multiple impiegata dai sacerdoti del Candombl\u00e9 durante le pratiche rituali per chiamare gli\",\"breadcrumb\":{\"@id\":\"https:\/\/ilcrogiuolo.it\/it\/p\/adja-in-metallo-cm-24-5\/#breadcrumb\"},\"inLanguage\":\"it-IT\",\"potentialAction\":[{\"@type\":\"ReadAction\",\"target\":[\"https:\/\/ilcrogiuolo.it\/it\/p\/adja-in-metallo-cm-24-5\/\"]}]},{\"@type\":\"ImageObject\",\"inLanguage\":\"it-IT\",\"@id\":\"https:\/\/ilcrogiuolo.it\/it\/p\/adja-in-metallo-cm-24-5\/#primaryimage\",\"url\":\"https:\/\/ilcrogiuolo.it\/wp-content\/uploads\/2020\/01\/AGOGO-1.jpg\",\"contentUrl\":\"https:\/\/ilcrogiuolo.it\/wp-content\/uploads\/2020\/01\/AGOGO-1.jpg\",\"width\":627,\"height\":600},{\"@type\":\"BreadcrumbList\",\"@id\":\"https:\/\/ilcrogiuolo.it\/it\/p\/adja-in-metallo-cm-24-5\/#breadcrumb\",\"itemListElement\":[{\"@type\":\"ListItem\",\"position\":1,\"name\":\"Home\",\"item\":\"https:\/\/ilcrogiuolo.it\/it\/\"},{\"@type\":\"ListItem\",\"position\":2,\"name\":\"Shop\",\"item\":\"https:\/\/ilcrogiuolo.it\/it\/negozio\/\"},{\"@type\":\"ListItem\",\"position\":3,\"name\":\"ADJA&#8217; IN METALLO CM 24.5\"}]},{\"@type\":\"WebSite\",\"@id\":\"https:\/\/ilcrogiuolo.it\/it\/#website\",\"url\":\"https:\/\/ilcrogiuolo.it\/it\/\",\"name\":\"Il Crogiuolo\",\"description\":\"\",\"publisher\":{\"@id\":\"https:\/\/ilcrogiuolo.it\/it\/#organization\"},\"potentialAction\":[{\"@type\":\"SearchAction\",\"target\":{\"@type\":\"EntryPoint\",\"urlTemplate\":\"https:\/\/ilcrogiuolo.it\/it\/?s={search_term_string}\"},\"query-input\":{\"@type\":\"PropertyValueSpecification\",\"valueRequired\":true,\"valueName\":\"search_term_string\"}}],\"inLanguage\":\"it-IT\"},{\"@type\":\"Organization\",\"@id\":\"https:\/\/ilcrogiuolo.it\/it\/#organization\",\"name\":\"Il Crogiuolo\",\"url\":\"https:\/\/ilcrogiuolo.it\/it\/\",\"logo\":{\"@type\":\"ImageObject\",\"inLanguage\":\"it-IT\",\"@id\":\"https:\/\/ilcrogiuolo.it\/it\/#\/schema\/logo\/image\/\",\"url\":\"https:\/\/ilcrogiuolo.it\/wp-content\/uploads\/2020\/04\/logo.png\",\"contentUrl\":\"https:\/\/ilcrogiuolo.it\/wp-content\/uploads\/2020\/04\/logo.png\",\"width\":200,\"height\":49,\"caption\":\"Il Crogiuolo\"},\"image\":{\"@id\":\"https:\/\/ilcrogiuolo.it\/it\/#\/schema\/logo\/image\/\"},\"sameAs\":[\"https:\/\/www.facebook.com\/Il-Crogiuolo-681876418491758\"]}]}<\/script>\n<!-- \/ Yoast SEO plugin. -->","yoast_head_json":{"title":"ADJA' IN METALLO CM 24.5 - Il Crogiuolo","description":"ADJA' IN METALLO CM 24.5 Meravigliosa campana cerimoniale in metallo bianco a bocche multiple impiegata dai sacerdoti del Candombl\u00e9 durante le pratiche rituali per chiamare gli","robots":{"index":"index","follow":"follow","max-snippet":"max-snippet:-1","max-image-preview":"max-image-preview:large","max-video-preview":"max-video-preview:-1"},"canonical":"https:\/\/ilcrogiuolo.it\/it\/p\/adja-in-metallo-cm-24-5\/","og_locale":"it_IT","og_type":"article","og_title":"ADJA' IN METALLO CM 24.5 - Il Crogiuolo","og_description":"ADJA' IN METALLO CM 24.5 Meravigliosa campana cerimoniale in metallo bianco a bocche multiple impiegata dai sacerdoti del Candombl\u00e9 durante le pratiche rituali per chiamare gli","og_url":"https:\/\/ilcrogiuolo.it\/it\/p\/adja-in-metallo-cm-24-5\/","og_site_name":"Il Crogiuolo","article_publisher":"https:\/\/www.facebook.com\/Il-Crogiuolo-681876418491758","article_modified_time":"2020-06-11T13:31:27+00:00","og_image":[{"width":627,"height":600,"url":"https:\/\/ilcrogiuolo.it\/wp-content\/uploads\/2020\/01\/AGOGO-1.jpg","type":"image\/jpeg"}],"twitter_card":"summary_large_image","schema":{"@context":"https:\/\/schema.org","@graph":[{"@type":"WebPage","@id":"https:\/\/ilcrogiuolo.it\/it\/p\/adja-in-metallo-cm-24-5\/","url":"https:\/\/ilcrogiuolo.it\/it\/p\/adja-in-metallo-cm-24-5\/","name":"ADJA' IN METALLO CM 24.5 - Il Crogiuolo","isPartOf":{"@id":"https:\/\/ilcrogiuolo.it\/it\/#website"},"primaryImageOfPage":{"@id":"https:\/\/ilcrogiuolo.it\/it\/p\/adja-in-metallo-cm-24-5\/#primaryimage"},"image":{"@id":"https:\/\/ilcrogiuolo.it\/it\/p\/adja-in-metallo-cm-24-5\/#primaryimage"},"thumbnailUrl":"https:\/\/ilcrogiuolo.it\/wp-content\/uploads\/2020\/01\/AGOGO-1.jpg","datePublished":"2020-01-14T16:04:59+00:00","dateModified":"2020-06-11T13:31:27+00:00","description":"ADJA' IN METALLO CM 24.5 Meravigliosa campana cerimoniale in metallo bianco a bocche multiple impiegata dai sacerdoti del Candombl\u00e9 durante le pratiche rituali per chiamare gli","breadcrumb":{"@id":"https:\/\/ilcrogiuolo.it\/it\/p\/adja-in-metallo-cm-24-5\/#breadcrumb"},"inLanguage":"it-IT","potentialAction":[{"@type":"ReadAction","target":["https:\/\/ilcrogiuolo.it\/it\/p\/adja-in-metallo-cm-24-5\/"]}]},{"@type":"ImageObject","inLanguage":"it-IT","@id":"https:\/\/ilcrogiuolo.it\/it\/p\/adja-in-metallo-cm-24-5\/#primaryimage","url":"https:\/\/ilcrogiuolo.it\/wp-content\/uploads\/2020\/01\/AGOGO-1.jpg","contentUrl":"https:\/\/ilcrogiuolo.it\/wp-content\/uploads\/2020\/01\/AGOGO-1.jpg","width":627,"height":600},{"@type":"BreadcrumbList","@id":"https:\/\/ilcrogiuolo.it\/it\/p\/adja-in-metallo-cm-24-5\/#breadcrumb","itemListElement":[{"@type":"ListItem","position":1,"name":"Home","item":"https:\/\/ilcrogiuolo.it\/it\/"},{"@type":"ListItem","position":2,"name":"Shop","item":"https:\/\/ilcrogiuolo.it\/it\/negozio\/"},{"@type":"ListItem","position":3,"name":"ADJA&#8217; IN METALLO CM 24.5"}]},{"@type":"WebSite","@id":"https:\/\/ilcrogiuolo.it\/it\/#website","url":"https:\/\/ilcrogiuolo.it\/it\/","name":"Il Crogiuolo","description":"","publisher":{"@id":"https:\/\/ilcrogiuolo.it\/it\/#organization"},"potentialAction":[{"@type":"SearchAction","target":{"@type":"EntryPoint","urlTemplate":"https:\/\/ilcrogiuolo.it\/it\/?s={search_term_string}"},"query-input":{"@type":"PropertyValueSpecification","valueRequired":true,"valueName":"search_term_string"}}],"inLanguage":"it-IT"},{"@type":"Organization","@id":"https:\/\/ilcrogiuolo.it\/it\/#organization","name":"Il Crogiuolo","url":"https:\/\/ilcrogiuolo.it\/it\/","logo":{"@type":"ImageObject","inLanguage":"it-IT","@id":"https:\/\/ilcrogiuolo.it\/it\/#\/schema\/logo\/image\/","url":"https:\/\/ilcrogiuolo.it\/wp-content\/uploads\/2020\/04\/logo.png","contentUrl":"https:\/\/ilcrogiuolo.it\/wp-content\/uploads\/2020\/04\/logo.png","width":200,"height":49,"caption":"Il Crogiuolo"},"image":{"@id":"https:\/\/ilcrogiuolo.it\/it\/#\/schema\/logo\/image\/"},"sameAs":["https:\/\/www.facebook.com\/Il-Crogiuolo-681876418491758"]}]}},"_links":{"self":[{"href":"https:\/\/ilcrogiuolo.it\/it\/wp-json\/wp\/v2\/product\/2442","targetHints":{"allow":["GET"]}}],"collection":[{"href":"https:\/\/ilcrogiuolo.it\/it\/wp-json\/wp\/v2\/product"}],"about":[{"href":"https:\/\/ilcrogiuolo.it\/it\/wp-json\/wp\/v2\/types\/product"}],"wp:featuredmedia":[{"embeddable":true,"href":"https:\/\/ilcrogiuolo.it\/it\/wp-json\/wp\/v2\/media\/19522"}],"wp:attachment":[{"href":"https:\/\/ilcrogiuolo.it\/it\/wp-json\/wp\/v2\/media?parent=2442"}],"wp:term":[{"taxonomy":"product_brand","embeddable":true,"href":"https:\/\/ilcrogiuolo.it\/it\/wp-json\/wp\/v2\/product_brand?post=2442"},{"taxonomy":"product_cat","embeddable":true,"href":"https:\/\/ilcrogiuolo.it\/it\/wp-json\/wp\/v2\/product_cat?post=2442"},{"taxonomy":"product_tag","embeddable":true,"href":"https:\/\/ilcrogiuolo.it\/it\/wp-json\/wp\/v2\/product_tag?post=2442"}],"curies":[{"name":"wp","href":"https:\/\/api.w.org\/{rel}","templated":true}]}}