{"id":2317,"date":"2020-01-14T17:04:48","date_gmt":"2020-01-14T16:04:48","guid":{"rendered":"https:\/\/ilcrogiuolo.it\/p\/libro-il-codice-segreto-di-mose\/"},"modified":"2020-02-06T17:12:01","modified_gmt":"2020-02-06T16:12:01","slug":"libro-il-codice-segreto-di-mose","status":"publish","type":"product","link":"https:\/\/ilcrogiuolo.it\/it\/p\/libro-il-codice-segreto-di-mose\/","title":{"rendered":"LIBRO IL CODICE SEGRETO DI MOSE&#8217;"},"content":{"rendered":"<p>Il Codice di Mos\u00e8 rappresenta storicamente lo strumento pi\u00f9 potente donato da Dio all\u2019uomo affinch\u00e9 potesse creare la propria realt\u00e0. I pi\u00f9 grandi miracoli compiuti da Mos\u00e8 subito dopo la rivelazione del Codice, ne sono una lampante dimostrazione: le piaghe inflitte all\u2019Egitto, la separazione delle acque, la tramutazione del suo bastone da viandante in serpente sono solo alcuni esempi. Tuttavia, non appena i sovrani del tempo si resero conto dell\u2019enorme potere insito nel Codice di Mos\u00e8, se ne appropriarono consentendone l\u2019utilizzo ai soli iniziati. Ecco perch\u00e9 nessuno ha pi\u00f9 sentito parlare di questo codice n\u00e9 del suo potere di manifestare e creare la realt\u00e0 agendo in base alla legge di attrazione. Questo libro vi offre la possibilit\u00e0 di riavvicinarsi al Codice di Mos\u00e8 attraverso un racconto appassionante degli episodi biblici salienti, interpretati alla luce della legge dell\u2019attrazione e del desiderio dell\u2019uomo di realizzare una vita basata sull\u2019abbondanza, sull\u2019amore e sulla pace, in armonia con l\u2019Universo intero. Il Codice riattiva le potenzialit\u00e0 che Dio, la Sorgente Universale, ha impresso in tutti gli essere umani fin dall&#8217;inizio dei tempi, ma che solo poche persone sanno o credono di avere. Realizza adesso la tua visione del futuro mettendone in pratica gli insegnamenti, perch\u00e9 il messaggio divino non \u00e8 mai stato destinato a pochi eletti, ma a tutti quelli che hanno il coraggio di accettare la responsabilit\u00e0 di essere creature divine.<\/p>\n","protected":false},"excerpt":{"rendered":"<p>Il Codice di Mos\u00e8 rappresenta storicamente lo strumento pi\u00f9 potente donato da Dio all\u2019uomo affinch\u00e9 potesse creare la propria realt\u00e0&#8230;.<\/p>\n","protected":false},"featured_media":2318,"template":"","meta":{"_acf_changed":false},"product_brand":[],"product_cat":[1077,1438,1060],"product_tag":[],"class_list":{"0":"post-2317","1":"product","2":"type-product","3":"status-publish","4":"has-post-thumbnail","6":"product_cat-libreria-esoterica-libreria-esoterica","7":"product_cat-edizioni-mylife","8":"product_cat-libreria-esoterica","10":"first","11":"outofstock","12":"taxable","13":"shipping-taxable","14":"purchasable","15":"product-type-simple","16":"add-to-wishlist-before_image"},"acf":[],"yoast_head":"<!-- This site is optimized with the Yoast SEO plugin v26.9 - https:\/\/yoast.com\/product\/yoast-seo-wordpress\/ -->\n<title>LIBRO IL CODICE SEGRETO DI MOSE&#039; - Il Crogiuolo<\/title>\n<meta name=\"description\" content=\"LIBRO IL CODICE SEGRETO DI MOSE&#039; Il Codice di Mos\u00e8 rappresenta storicamente lo strumento pi\u00f9 potente donato da Dio all\u2019uomo affinch\u00e9 potesse creare la propria realt\u00e0. I pi\u00f9 grandi\" \/>\n<meta name=\"robots\" content=\"index, follow, max-snippet:-1, max-image-preview:large, max-video-preview:-1\" \/>\n<link rel=\"canonical\" href=\"https:\/\/ilcrogiuolo.it\/it\/p\/libro-il-codice-segreto-di-mose\/\" \/>\n<meta property=\"og:locale\" content=\"it_IT\" \/>\n<meta property=\"og:type\" content=\"article\" \/>\n<meta property=\"og:title\" content=\"LIBRO IL CODICE SEGRETO DI MOSE&#039; - Il Crogiuolo\" \/>\n<meta property=\"og:description\" content=\"LIBRO IL CODICE SEGRETO DI MOSE&#039; Il Codice di Mos\u00e8 rappresenta storicamente lo strumento pi\u00f9 potente donato da Dio all\u2019uomo affinch\u00e9 potesse creare la propria realt\u00e0. I pi\u00f9 grandi\" \/>\n<meta property=\"og:url\" content=\"https:\/\/ilcrogiuolo.it\/it\/p\/libro-il-codice-segreto-di-mose\/\" \/>\n<meta property=\"og:site_name\" content=\"Il Crogiuolo\" \/>\n<meta property=\"article:publisher\" content=\"https:\/\/www.facebook.com\/Il-Crogiuolo-681876418491758\" \/>\n<meta property=\"article:modified_time\" content=\"2020-02-06T16:12:01+00:00\" \/>\n<meta property=\"og:image\" content=\"https:\/\/ilcrogiuolo.it\/wp-content\/uploads\/2020\/01\/mose_8951013.jpg\" \/>\n\t<meta property=\"og:image:width\" content=\"627\" \/>\n\t<meta property=\"og:image:height\" content=\"600\" \/>\n\t<meta property=\"og:image:type\" content=\"image\/jpeg\" \/>\n<meta name=\"twitter:card\" content=\"summary_large_image\" \/>\n<meta name=\"twitter:label1\" content=\"Tempo di lettura stimato\" \/>\n\t<meta name=\"twitter:data1\" content=\"1 minuto\" \/>\n<script type=\"application\/ld+json\" class=\"yoast-schema-graph\">{\"@context\":\"https:\/\/schema.org\",\"@graph\":[{\"@type\":\"WebPage\",\"@id\":\"https:\/\/ilcrogiuolo.it\/it\/p\/libro-il-codice-segreto-di-mose\/\",\"url\":\"https:\/\/ilcrogiuolo.it\/it\/p\/libro-il-codice-segreto-di-mose\/\",\"name\":\"LIBRO IL CODICE SEGRETO DI MOSE' - Il Crogiuolo\",\"isPartOf\":{\"@id\":\"https:\/\/ilcrogiuolo.it\/it\/#website\"},\"primaryImageOfPage\":{\"@id\":\"https:\/\/ilcrogiuolo.it\/it\/p\/libro-il-codice-segreto-di-mose\/#primaryimage\"},\"image\":{\"@id\":\"https:\/\/ilcrogiuolo.it\/it\/p\/libro-il-codice-segreto-di-mose\/#primaryimage\"},\"thumbnailUrl\":\"https:\/\/ilcrogiuolo.it\/wp-content\/uploads\/2020\/01\/mose_8951013.jpg\",\"datePublished\":\"2020-01-14T16:04:48+00:00\",\"dateModified\":\"2020-02-06T16:12:01+00:00\",\"description\":\"LIBRO IL CODICE SEGRETO DI MOSE' Il Codice di Mos\u00e8 rappresenta storicamente lo strumento pi\u00f9 potente donato da Dio all\u2019uomo affinch\u00e9 potesse creare la propria realt\u00e0. I pi\u00f9 grandi\",\"breadcrumb\":{\"@id\":\"https:\/\/ilcrogiuolo.it\/it\/p\/libro-il-codice-segreto-di-mose\/#breadcrumb\"},\"inLanguage\":\"it-IT\",\"potentialAction\":[{\"@type\":\"ReadAction\",\"target\":[\"https:\/\/ilcrogiuolo.it\/it\/p\/libro-il-codice-segreto-di-mose\/\"]}]},{\"@type\":\"ImageObject\",\"inLanguage\":\"it-IT\",\"@id\":\"https:\/\/ilcrogiuolo.it\/it\/p\/libro-il-codice-segreto-di-mose\/#primaryimage\",\"url\":\"https:\/\/ilcrogiuolo.it\/wp-content\/uploads\/2020\/01\/mose_8951013.jpg\",\"contentUrl\":\"https:\/\/ilcrogiuolo.it\/wp-content\/uploads\/2020\/01\/mose_8951013.jpg\",\"width\":627,\"height\":600},{\"@type\":\"BreadcrumbList\",\"@id\":\"https:\/\/ilcrogiuolo.it\/it\/p\/libro-il-codice-segreto-di-mose\/#breadcrumb\",\"itemListElement\":[{\"@type\":\"ListItem\",\"position\":1,\"name\":\"Home\",\"item\":\"https:\/\/ilcrogiuolo.it\/it\/\"},{\"@type\":\"ListItem\",\"position\":2,\"name\":\"Shop\",\"item\":\"https:\/\/ilcrogiuolo.it\/it\/negozio\/\"},{\"@type\":\"ListItem\",\"position\":3,\"name\":\"LIBRO IL CODICE SEGRETO DI MOSE&#8217;\"}]},{\"@type\":\"WebSite\",\"@id\":\"https:\/\/ilcrogiuolo.it\/it\/#website\",\"url\":\"https:\/\/ilcrogiuolo.it\/it\/\",\"name\":\"Il Crogiuolo\",\"description\":\"\",\"publisher\":{\"@id\":\"https:\/\/ilcrogiuolo.it\/it\/#organization\"},\"potentialAction\":[{\"@type\":\"SearchAction\",\"target\":{\"@type\":\"EntryPoint\",\"urlTemplate\":\"https:\/\/ilcrogiuolo.it\/it\/?s={search_term_string}\"},\"query-input\":{\"@type\":\"PropertyValueSpecification\",\"valueRequired\":true,\"valueName\":\"search_term_string\"}}],\"inLanguage\":\"it-IT\"},{\"@type\":\"Organization\",\"@id\":\"https:\/\/ilcrogiuolo.it\/it\/#organization\",\"name\":\"Il Crogiuolo\",\"url\":\"https:\/\/ilcrogiuolo.it\/it\/\",\"logo\":{\"@type\":\"ImageObject\",\"inLanguage\":\"it-IT\",\"@id\":\"https:\/\/ilcrogiuolo.it\/it\/#\/schema\/logo\/image\/\",\"url\":\"https:\/\/ilcrogiuolo.it\/wp-content\/uploads\/2020\/04\/logo.png\",\"contentUrl\":\"https:\/\/ilcrogiuolo.it\/wp-content\/uploads\/2020\/04\/logo.png\",\"width\":200,\"height\":49,\"caption\":\"Il Crogiuolo\"},\"image\":{\"@id\":\"https:\/\/ilcrogiuolo.it\/it\/#\/schema\/logo\/image\/\"},\"sameAs\":[\"https:\/\/www.facebook.com\/Il-Crogiuolo-681876418491758\"]}]}<\/script>\n<!-- \/ Yoast SEO plugin. -->","yoast_head_json":{"title":"LIBRO IL CODICE SEGRETO DI MOSE' - Il Crogiuolo","description":"LIBRO IL CODICE SEGRETO DI MOSE' Il Codice di Mos\u00e8 rappresenta storicamente lo strumento pi\u00f9 potente donato da Dio all\u2019uomo affinch\u00e9 potesse creare la propria realt\u00e0. I pi\u00f9 grandi","robots":{"index":"index","follow":"follow","max-snippet":"max-snippet:-1","max-image-preview":"max-image-preview:large","max-video-preview":"max-video-preview:-1"},"canonical":"https:\/\/ilcrogiuolo.it\/it\/p\/libro-il-codice-segreto-di-mose\/","og_locale":"it_IT","og_type":"article","og_title":"LIBRO IL CODICE SEGRETO DI MOSE' - Il Crogiuolo","og_description":"LIBRO IL CODICE SEGRETO DI MOSE' Il Codice di Mos\u00e8 rappresenta storicamente lo strumento pi\u00f9 potente donato da Dio all\u2019uomo affinch\u00e9 potesse creare la propria realt\u00e0. I pi\u00f9 grandi","og_url":"https:\/\/ilcrogiuolo.it\/it\/p\/libro-il-codice-segreto-di-mose\/","og_site_name":"Il Crogiuolo","article_publisher":"https:\/\/www.facebook.com\/Il-Crogiuolo-681876418491758","article_modified_time":"2020-02-06T16:12:01+00:00","og_image":[{"width":627,"height":600,"url":"https:\/\/ilcrogiuolo.it\/wp-content\/uploads\/2020\/01\/mose_8951013.jpg","type":"image\/jpeg"}],"twitter_card":"summary_large_image","twitter_misc":{"Tempo di lettura stimato":"1 minuto"},"schema":{"@context":"https:\/\/schema.org","@graph":[{"@type":"WebPage","@id":"https:\/\/ilcrogiuolo.it\/it\/p\/libro-il-codice-segreto-di-mose\/","url":"https:\/\/ilcrogiuolo.it\/it\/p\/libro-il-codice-segreto-di-mose\/","name":"LIBRO IL CODICE SEGRETO DI MOSE' - Il Crogiuolo","isPartOf":{"@id":"https:\/\/ilcrogiuolo.it\/it\/#website"},"primaryImageOfPage":{"@id":"https:\/\/ilcrogiuolo.it\/it\/p\/libro-il-codice-segreto-di-mose\/#primaryimage"},"image":{"@id":"https:\/\/ilcrogiuolo.it\/it\/p\/libro-il-codice-segreto-di-mose\/#primaryimage"},"thumbnailUrl":"https:\/\/ilcrogiuolo.it\/wp-content\/uploads\/2020\/01\/mose_8951013.jpg","datePublished":"2020-01-14T16:04:48+00:00","dateModified":"2020-02-06T16:12:01+00:00","description":"LIBRO IL CODICE SEGRETO DI MOSE' Il Codice di Mos\u00e8 rappresenta storicamente lo strumento pi\u00f9 potente donato da Dio all\u2019uomo affinch\u00e9 potesse creare la propria realt\u00e0. I pi\u00f9 grandi","breadcrumb":{"@id":"https:\/\/ilcrogiuolo.it\/it\/p\/libro-il-codice-segreto-di-mose\/#breadcrumb"},"inLanguage":"it-IT","potentialAction":[{"@type":"ReadAction","target":["https:\/\/ilcrogiuolo.it\/it\/p\/libro-il-codice-segreto-di-mose\/"]}]},{"@type":"ImageObject","inLanguage":"it-IT","@id":"https:\/\/ilcrogiuolo.it\/it\/p\/libro-il-codice-segreto-di-mose\/#primaryimage","url":"https:\/\/ilcrogiuolo.it\/wp-content\/uploads\/2020\/01\/mose_8951013.jpg","contentUrl":"https:\/\/ilcrogiuolo.it\/wp-content\/uploads\/2020\/01\/mose_8951013.jpg","width":627,"height":600},{"@type":"BreadcrumbList","@id":"https:\/\/ilcrogiuolo.it\/it\/p\/libro-il-codice-segreto-di-mose\/#breadcrumb","itemListElement":[{"@type":"ListItem","position":1,"name":"Home","item":"https:\/\/ilcrogiuolo.it\/it\/"},{"@type":"ListItem","position":2,"name":"Shop","item":"https:\/\/ilcrogiuolo.it\/it\/negozio\/"},{"@type":"ListItem","position":3,"name":"LIBRO IL CODICE SEGRETO DI MOSE&#8217;"}]},{"@type":"WebSite","@id":"https:\/\/ilcrogiuolo.it\/it\/#website","url":"https:\/\/ilcrogiuolo.it\/it\/","name":"Il Crogiuolo","description":"","publisher":{"@id":"https:\/\/ilcrogiuolo.it\/it\/#organization"},"potentialAction":[{"@type":"SearchAction","target":{"@type":"EntryPoint","urlTemplate":"https:\/\/ilcrogiuolo.it\/it\/?s={search_term_string}"},"query-input":{"@type":"PropertyValueSpecification","valueRequired":true,"valueName":"search_term_string"}}],"inLanguage":"it-IT"},{"@type":"Organization","@id":"https:\/\/ilcrogiuolo.it\/it\/#organization","name":"Il Crogiuolo","url":"https:\/\/ilcrogiuolo.it\/it\/","logo":{"@type":"ImageObject","inLanguage":"it-IT","@id":"https:\/\/ilcrogiuolo.it\/it\/#\/schema\/logo\/image\/","url":"https:\/\/ilcrogiuolo.it\/wp-content\/uploads\/2020\/04\/logo.png","contentUrl":"https:\/\/ilcrogiuolo.it\/wp-content\/uploads\/2020\/04\/logo.png","width":200,"height":49,"caption":"Il Crogiuolo"},"image":{"@id":"https:\/\/ilcrogiuolo.it\/it\/#\/schema\/logo\/image\/"},"sameAs":["https:\/\/www.facebook.com\/Il-Crogiuolo-681876418491758"]}]}},"_links":{"self":[{"href":"https:\/\/ilcrogiuolo.it\/it\/wp-json\/wp\/v2\/product\/2317","targetHints":{"allow":["GET"]}}],"collection":[{"href":"https:\/\/ilcrogiuolo.it\/it\/wp-json\/wp\/v2\/product"}],"about":[{"href":"https:\/\/ilcrogiuolo.it\/it\/wp-json\/wp\/v2\/types\/product"}],"wp:featuredmedia":[{"embeddable":true,"href":"https:\/\/ilcrogiuolo.it\/it\/wp-json\/wp\/v2\/media\/2318"}],"wp:attachment":[{"href":"https:\/\/ilcrogiuolo.it\/it\/wp-json\/wp\/v2\/media?parent=2317"}],"wp:term":[{"taxonomy":"product_brand","embeddable":true,"href":"https:\/\/ilcrogiuolo.it\/it\/wp-json\/wp\/v2\/product_brand?post=2317"},{"taxonomy":"product_cat","embeddable":true,"href":"https:\/\/ilcrogiuolo.it\/it\/wp-json\/wp\/v2\/product_cat?post=2317"},{"taxonomy":"product_tag","embeddable":true,"href":"https:\/\/ilcrogiuolo.it\/it\/wp-json\/wp\/v2\/product_tag?post=2317"}],"curies":[{"name":"wp","href":"https:\/\/api.w.org\/{rel}","templated":true}]}}