{"id":2308,"date":"2020-01-14T17:04:48","date_gmt":"2020-01-14T16:04:48","guid":{"rendered":"https:\/\/ilcrogiuolo.it\/p\/polvere-ven-a-mi\/"},"modified":"2024-02-16T12:33:44","modified_gmt":"2024-02-16T11:33:44","slug":"polvere-ven-a-mi","status":"publish","type":"product","link":"https:\/\/ilcrogiuolo.it\/it\/p\/polvere-ven-a-mi\/","title":{"rendered":"POLVERE VEN A MI"},"content":{"rendered":"<p>La polvere Ven a Mi (vieni a me) nella tradizione esoterica si utilizza per attirare a se una o pi\u00f9 persone a seconda delle modalit\u00e0 di impiego. Si utilizza altres\u00ec per tenere il proprio compagno o la propria compagna \u201cstregata\u201d, legata a se in un vincolo di magica passione e incanto, cos\u00ec si tramanda. Preparata con erbe della selva amazzonica ed estratti di fiori, pu\u00f2 essere utilizzata per spruzzare una Vela de Pareja per sette giorni consecutivi (ogni giorno si accender\u00e0 la candela, si reciter\u00e0 l\u2019Orazione di Sant\u2019Antonio allegata e si spegner\u00e0 con le dita. L\u2019ultimo giorno la si lascer\u00e0 consumare completamente). Un altro sistema consiste nello spargerla sui vestiti della persona che si vuole \u201clavorare\u201d, su fotografia o preparando un Cero di Attrazione.<\/p>\n<p>Prendere una candela da sette giorni rossa. Incidere dall\u2019alto in basso la scritta VEN A MI. Ungere la candela con miele, olio di paciuli ed olio di cannella. Cospargere la candela con zucchero bianco e polvere Ven A Mi. Sotto alla candela mettere il nome della persona che si vuole lavorare scritto su un foglietto. Accendere la candela e lasciarla consumare completamente invocando Sant\u2019Antonio. Una volta terminata seppellirla nei pressi della casa della persona o ai piedi di una pianta con fiori.<\/p>\n","protected":false},"excerpt":{"rendered":"<p>La polvere Ven a Mi (vieni a me) nella tradizione esoterica si utilizza per attirare a se una o pi\u00f9&#8230;<\/p>\n","protected":false},"featured_media":45380,"template":"","meta":{"_acf_changed":false},"product_brand":[],"product_cat":[1081,1059,1281],"product_tag":[],"class_list":{"0":"post-2308","1":"product","2":"type-product","3":"status-publish","4":"has-post-thumbnail","6":"product_cat-polveri-esoteriche-e-pembas","7":"product_cat-articoli-esoterici","8":"product_cat-polveri-esoteriche-legamenti-damore-e-sessuali","10":"first","11":"instock","12":"taxable","13":"shipping-taxable","14":"purchasable","15":"product-type-simple","16":"add-to-wishlist-before_image"},"acf":[],"yoast_head":"<!-- This site is optimized with the Yoast SEO plugin v26.9 - https:\/\/yoast.com\/product\/yoast-seo-wordpress\/ -->\n<title>POLVERE VEN A MI - Il Crogiuolo<\/title>\n<meta name=\"description\" content=\"POLVERE VEN A MI La polvere Ven a Mi (vieni a me) nella tradizione esoterica si utilizza per attirare a se una o pi\u00f9 persone a seconda delle modalit\u00e0 di impiego. Si\" \/>\n<meta name=\"robots\" content=\"index, follow, max-snippet:-1, max-image-preview:large, max-video-preview:-1\" \/>\n<link rel=\"canonical\" href=\"https:\/\/ilcrogiuolo.it\/it\/p\/polvere-ven-a-mi\/\" \/>\n<meta property=\"og:locale\" content=\"it_IT\" \/>\n<meta property=\"og:type\" content=\"article\" \/>\n<meta property=\"og:title\" content=\"POLVERE VEN A MI - Il Crogiuolo\" \/>\n<meta property=\"og:description\" content=\"POLVERE VEN A MI La polvere Ven a Mi (vieni a me) nella tradizione esoterica si utilizza per attirare a se una o pi\u00f9 persone a seconda delle modalit\u00e0 di impiego. Si\" \/>\n<meta property=\"og:url\" content=\"https:\/\/ilcrogiuolo.it\/it\/p\/polvere-ven-a-mi\/\" \/>\n<meta property=\"og:site_name\" content=\"Il Crogiuolo\" \/>\n<meta property=\"article:publisher\" content=\"https:\/\/www.facebook.com\/Il-Crogiuolo-681876418491758\" \/>\n<meta property=\"article:modified_time\" content=\"2024-02-16T11:33:44+00:00\" \/>\n<meta property=\"og:image\" content=\"https:\/\/ilcrogiuolo.it\/wp-content\/uploads\/2020\/01\/VEN-A-MI.png\" \/>\n\t<meta property=\"og:image:width\" content=\"627\" \/>\n\t<meta property=\"og:image:height\" content=\"600\" \/>\n\t<meta property=\"og:image:type\" content=\"image\/png\" \/>\n<meta name=\"twitter:card\" content=\"summary_large_image\" \/>\n<meta name=\"twitter:label1\" content=\"Tempo di lettura stimato\" \/>\n\t<meta name=\"twitter:data1\" content=\"2 minuti\" \/>\n<script type=\"application\/ld+json\" class=\"yoast-schema-graph\">{\"@context\":\"https:\/\/schema.org\",\"@graph\":[{\"@type\":\"WebPage\",\"@id\":\"https:\/\/ilcrogiuolo.it\/it\/p\/polvere-ven-a-mi\/\",\"url\":\"https:\/\/ilcrogiuolo.it\/it\/p\/polvere-ven-a-mi\/\",\"name\":\"POLVERE VEN A MI - Il Crogiuolo\",\"isPartOf\":{\"@id\":\"https:\/\/ilcrogiuolo.it\/it\/#website\"},\"primaryImageOfPage\":{\"@id\":\"https:\/\/ilcrogiuolo.it\/it\/p\/polvere-ven-a-mi\/#primaryimage\"},\"image\":{\"@id\":\"https:\/\/ilcrogiuolo.it\/it\/p\/polvere-ven-a-mi\/#primaryimage\"},\"thumbnailUrl\":\"https:\/\/ilcrogiuolo.it\/wp-content\/uploads\/2020\/01\/VEN-A-MI.png\",\"datePublished\":\"2020-01-14T16:04:48+00:00\",\"dateModified\":\"2024-02-16T11:33:44+00:00\",\"description\":\"POLVERE VEN A MI La polvere Ven a Mi (vieni a me) nella tradizione esoterica si utilizza per attirare a se una o pi\u00f9 persone a seconda delle modalit\u00e0 di impiego. Si\",\"breadcrumb\":{\"@id\":\"https:\/\/ilcrogiuolo.it\/it\/p\/polvere-ven-a-mi\/#breadcrumb\"},\"inLanguage\":\"it-IT\",\"potentialAction\":[{\"@type\":\"ReadAction\",\"target\":[\"https:\/\/ilcrogiuolo.it\/it\/p\/polvere-ven-a-mi\/\"]}]},{\"@type\":\"ImageObject\",\"inLanguage\":\"it-IT\",\"@id\":\"https:\/\/ilcrogiuolo.it\/it\/p\/polvere-ven-a-mi\/#primaryimage\",\"url\":\"https:\/\/ilcrogiuolo.it\/wp-content\/uploads\/2020\/01\/VEN-A-MI.png\",\"contentUrl\":\"https:\/\/ilcrogiuolo.it\/wp-content\/uploads\/2020\/01\/VEN-A-MI.png\",\"width\":627,\"height\":600},{\"@type\":\"BreadcrumbList\",\"@id\":\"https:\/\/ilcrogiuolo.it\/it\/p\/polvere-ven-a-mi\/#breadcrumb\",\"itemListElement\":[{\"@type\":\"ListItem\",\"position\":1,\"name\":\"Home\",\"item\":\"https:\/\/ilcrogiuolo.it\/it\/\"},{\"@type\":\"ListItem\",\"position\":2,\"name\":\"Shop\",\"item\":\"https:\/\/ilcrogiuolo.it\/it\/negozio\/\"},{\"@type\":\"ListItem\",\"position\":3,\"name\":\"POLVERE VEN A MI\"}]},{\"@type\":\"WebSite\",\"@id\":\"https:\/\/ilcrogiuolo.it\/it\/#website\",\"url\":\"https:\/\/ilcrogiuolo.it\/it\/\",\"name\":\"Il Crogiuolo\",\"description\":\"\",\"publisher\":{\"@id\":\"https:\/\/ilcrogiuolo.it\/it\/#organization\"},\"potentialAction\":[{\"@type\":\"SearchAction\",\"target\":{\"@type\":\"EntryPoint\",\"urlTemplate\":\"https:\/\/ilcrogiuolo.it\/it\/?s={search_term_string}\"},\"query-input\":{\"@type\":\"PropertyValueSpecification\",\"valueRequired\":true,\"valueName\":\"search_term_string\"}}],\"inLanguage\":\"it-IT\"},{\"@type\":\"Organization\",\"@id\":\"https:\/\/ilcrogiuolo.it\/it\/#organization\",\"name\":\"Il Crogiuolo\",\"url\":\"https:\/\/ilcrogiuolo.it\/it\/\",\"logo\":{\"@type\":\"ImageObject\",\"inLanguage\":\"it-IT\",\"@id\":\"https:\/\/ilcrogiuolo.it\/it\/#\/schema\/logo\/image\/\",\"url\":\"https:\/\/ilcrogiuolo.it\/wp-content\/uploads\/2020\/04\/logo.png\",\"contentUrl\":\"https:\/\/ilcrogiuolo.it\/wp-content\/uploads\/2020\/04\/logo.png\",\"width\":200,\"height\":49,\"caption\":\"Il Crogiuolo\"},\"image\":{\"@id\":\"https:\/\/ilcrogiuolo.it\/it\/#\/schema\/logo\/image\/\"},\"sameAs\":[\"https:\/\/www.facebook.com\/Il-Crogiuolo-681876418491758\"]}]}<\/script>\n<!-- \/ Yoast SEO plugin. -->","yoast_head_json":{"title":"POLVERE VEN A MI - Il Crogiuolo","description":"POLVERE VEN A MI La polvere Ven a Mi (vieni a me) nella tradizione esoterica si utilizza per attirare a se una o pi\u00f9 persone a seconda delle modalit\u00e0 di impiego. Si","robots":{"index":"index","follow":"follow","max-snippet":"max-snippet:-1","max-image-preview":"max-image-preview:large","max-video-preview":"max-video-preview:-1"},"canonical":"https:\/\/ilcrogiuolo.it\/it\/p\/polvere-ven-a-mi\/","og_locale":"it_IT","og_type":"article","og_title":"POLVERE VEN A MI - Il Crogiuolo","og_description":"POLVERE VEN A MI La polvere Ven a Mi (vieni a me) nella tradizione esoterica si utilizza per attirare a se una o pi\u00f9 persone a seconda delle modalit\u00e0 di impiego. Si","og_url":"https:\/\/ilcrogiuolo.it\/it\/p\/polvere-ven-a-mi\/","og_site_name":"Il Crogiuolo","article_publisher":"https:\/\/www.facebook.com\/Il-Crogiuolo-681876418491758","article_modified_time":"2024-02-16T11:33:44+00:00","og_image":[{"width":627,"height":600,"url":"https:\/\/ilcrogiuolo.it\/wp-content\/uploads\/2020\/01\/VEN-A-MI.png","type":"image\/png"}],"twitter_card":"summary_large_image","twitter_misc":{"Tempo di lettura stimato":"2 minuti"},"schema":{"@context":"https:\/\/schema.org","@graph":[{"@type":"WebPage","@id":"https:\/\/ilcrogiuolo.it\/it\/p\/polvere-ven-a-mi\/","url":"https:\/\/ilcrogiuolo.it\/it\/p\/polvere-ven-a-mi\/","name":"POLVERE VEN A MI - Il Crogiuolo","isPartOf":{"@id":"https:\/\/ilcrogiuolo.it\/it\/#website"},"primaryImageOfPage":{"@id":"https:\/\/ilcrogiuolo.it\/it\/p\/polvere-ven-a-mi\/#primaryimage"},"image":{"@id":"https:\/\/ilcrogiuolo.it\/it\/p\/polvere-ven-a-mi\/#primaryimage"},"thumbnailUrl":"https:\/\/ilcrogiuolo.it\/wp-content\/uploads\/2020\/01\/VEN-A-MI.png","datePublished":"2020-01-14T16:04:48+00:00","dateModified":"2024-02-16T11:33:44+00:00","description":"POLVERE VEN A MI La polvere Ven a Mi (vieni a me) nella tradizione esoterica si utilizza per attirare a se una o pi\u00f9 persone a seconda delle modalit\u00e0 di impiego. Si","breadcrumb":{"@id":"https:\/\/ilcrogiuolo.it\/it\/p\/polvere-ven-a-mi\/#breadcrumb"},"inLanguage":"it-IT","potentialAction":[{"@type":"ReadAction","target":["https:\/\/ilcrogiuolo.it\/it\/p\/polvere-ven-a-mi\/"]}]},{"@type":"ImageObject","inLanguage":"it-IT","@id":"https:\/\/ilcrogiuolo.it\/it\/p\/polvere-ven-a-mi\/#primaryimage","url":"https:\/\/ilcrogiuolo.it\/wp-content\/uploads\/2020\/01\/VEN-A-MI.png","contentUrl":"https:\/\/ilcrogiuolo.it\/wp-content\/uploads\/2020\/01\/VEN-A-MI.png","width":627,"height":600},{"@type":"BreadcrumbList","@id":"https:\/\/ilcrogiuolo.it\/it\/p\/polvere-ven-a-mi\/#breadcrumb","itemListElement":[{"@type":"ListItem","position":1,"name":"Home","item":"https:\/\/ilcrogiuolo.it\/it\/"},{"@type":"ListItem","position":2,"name":"Shop","item":"https:\/\/ilcrogiuolo.it\/it\/negozio\/"},{"@type":"ListItem","position":3,"name":"POLVERE VEN A MI"}]},{"@type":"WebSite","@id":"https:\/\/ilcrogiuolo.it\/it\/#website","url":"https:\/\/ilcrogiuolo.it\/it\/","name":"Il Crogiuolo","description":"","publisher":{"@id":"https:\/\/ilcrogiuolo.it\/it\/#organization"},"potentialAction":[{"@type":"SearchAction","target":{"@type":"EntryPoint","urlTemplate":"https:\/\/ilcrogiuolo.it\/it\/?s={search_term_string}"},"query-input":{"@type":"PropertyValueSpecification","valueRequired":true,"valueName":"search_term_string"}}],"inLanguage":"it-IT"},{"@type":"Organization","@id":"https:\/\/ilcrogiuolo.it\/it\/#organization","name":"Il Crogiuolo","url":"https:\/\/ilcrogiuolo.it\/it\/","logo":{"@type":"ImageObject","inLanguage":"it-IT","@id":"https:\/\/ilcrogiuolo.it\/it\/#\/schema\/logo\/image\/","url":"https:\/\/ilcrogiuolo.it\/wp-content\/uploads\/2020\/04\/logo.png","contentUrl":"https:\/\/ilcrogiuolo.it\/wp-content\/uploads\/2020\/04\/logo.png","width":200,"height":49,"caption":"Il Crogiuolo"},"image":{"@id":"https:\/\/ilcrogiuolo.it\/it\/#\/schema\/logo\/image\/"},"sameAs":["https:\/\/www.facebook.com\/Il-Crogiuolo-681876418491758"]}]}},"_links":{"self":[{"href":"https:\/\/ilcrogiuolo.it\/it\/wp-json\/wp\/v2\/product\/2308","targetHints":{"allow":["GET"]}}],"collection":[{"href":"https:\/\/ilcrogiuolo.it\/it\/wp-json\/wp\/v2\/product"}],"about":[{"href":"https:\/\/ilcrogiuolo.it\/it\/wp-json\/wp\/v2\/types\/product"}],"wp:featuredmedia":[{"embeddable":true,"href":"https:\/\/ilcrogiuolo.it\/it\/wp-json\/wp\/v2\/media\/45380"}],"wp:attachment":[{"href":"https:\/\/ilcrogiuolo.it\/it\/wp-json\/wp\/v2\/media?parent=2308"}],"wp:term":[{"taxonomy":"product_brand","embeddable":true,"href":"https:\/\/ilcrogiuolo.it\/it\/wp-json\/wp\/v2\/product_brand?post=2308"},{"taxonomy":"product_cat","embeddable":true,"href":"https:\/\/ilcrogiuolo.it\/it\/wp-json\/wp\/v2\/product_cat?post=2308"},{"taxonomy":"product_tag","embeddable":true,"href":"https:\/\/ilcrogiuolo.it\/it\/wp-json\/wp\/v2\/product_tag?post=2308"}],"curies":[{"name":"wp","href":"https:\/\/api.w.org\/{rel}","templated":true}]}}