{"id":2236,"date":"2020-01-14T17:04:38","date_gmt":"2020-01-14T16:04:38","guid":{"rendered":"https:\/\/ilcrogiuolo.it\/p\/statua-san-michele-arcangelo-cm-30\/"},"modified":"2025-12-11T11:44:58","modified_gmt":"2025-12-11T10:44:58","slug":"statua-san-michele-arcangelo-cm-30","status":"publish","type":"product","link":"https:\/\/ilcrogiuolo.it\/it\/p\/statua-san-michele-arcangelo-cm-30\/","title":{"rendered":"STATUA SAN MICHELE ARCANGELO IN RESINA CM 35 &#8211; FATTA IN ITALIA"},"content":{"rendered":"<p align=\"left\">La predilezione degli umani nei confronti di Michael, divenuto per tutti San Michele Arcangelo, \u00e8 dovuta al fatto che gli viene attribuito uno dei compiti pi\u00f9 importanti: quello della lotta contro le Forze del Male. Per questo, \u00e8 raffigurato con la<br \/>\ncorazza e la spada di un guerriero nell&#8217;atto di calpestare e dunque sconfiggere Satana, rappresentato sotto forma di serpe o drago.<br \/>\nLa sua spada fiammeggiante, naturalmente, ha valore simbolico: con essa, non solo trafigge il drago ma squarcia il buio, sconfigge le tenebre e riporta ai suoi protetti il conforto della Luce. Egli \u00e8 dunque il protettore dalle insidie che provengono dalle forze oscure, \u00e8 la roccaforte della Luce, il baluardo nei confronti delle tenebre. Il suo \u00e8 il ruolo centrale di capo delle armate Celesti, il vincitore della Bestia, il vincitore per eccellenza di tutte le battaglie. \u00c8 l&#8217;Arcangelo della luce e del fuoco, il suo nome, Michael, significa &#8220;chi \u00e8 come Dio?&#8221;. Questo suo aspetto di guerriero vittorioso ed invulnerabile.<\/p>\n","protected":false},"excerpt":{"rendered":"<p>La predilezione degli umani nei confronti di Michael, divenuto per tutti San Michele Arcangelo, \u00e8 dovuta al fatto che gli&#8230;<\/p>\n","protected":false},"featured_media":40205,"template":"","meta":{"_acf_changed":false},"product_brand":[],"product_cat":[1111,1490,1064],"product_tag":[],"class_list":{"0":"post-2236","1":"product","2":"type-product","3":"status-publish","4":"has-post-thumbnail","6":"product_cat-statue-degli-angeli-e-dei-santi","7":"product_cat-statue-degli-angeli","8":"product_cat-statue-in-gesso-e-resina","10":"first","11":"outofstock","12":"taxable","13":"shipping-taxable","14":"purchasable","15":"product-type-simple","16":"add-to-wishlist-before_image"},"acf":[],"yoast_head":"<!-- This site is optimized with the Yoast SEO plugin v26.9 - https:\/\/yoast.com\/product\/yoast-seo-wordpress\/ -->\n<title>STATUA SAN MICHELE ARCANGELO IN RESINA CM 35 - FATTA IN ITALIA - Il Crogiuolo<\/title>\n<meta name=\"description\" content=\"STATUA SAN MICHELE ARCANGELO IN RESINA CM 35 - FATTA IN ITALIA La predilezione degli umani nei confronti di Michael, divenuto per tutti San Michele Arcangelo, \u00e8 dovuta al fatto che gli viene attribuito uno dei compiti\" \/>\n<meta name=\"robots\" content=\"index, follow, max-snippet:-1, max-image-preview:large, max-video-preview:-1\" \/>\n<link rel=\"canonical\" href=\"https:\/\/ilcrogiuolo.it\/it\/p\/statua-san-michele-arcangelo-cm-30\/\" \/>\n<meta property=\"og:locale\" content=\"it_IT\" \/>\n<meta property=\"og:type\" content=\"article\" \/>\n<meta property=\"og:title\" content=\"STATUA SAN MICHELE ARCANGELO IN RESINA CM 35 - FATTA IN ITALIA - Il Crogiuolo\" \/>\n<meta property=\"og:description\" content=\"STATUA SAN MICHELE ARCANGELO IN RESINA CM 35 - FATTA IN ITALIA La predilezione degli umani nei confronti di Michael, divenuto per tutti San Michele Arcangelo, \u00e8 dovuta al fatto che gli viene attribuito uno dei compiti\" \/>\n<meta property=\"og:url\" content=\"https:\/\/ilcrogiuolo.it\/it\/p\/statua-san-michele-arcangelo-cm-30\/\" \/>\n<meta property=\"og:site_name\" content=\"Il Crogiuolo\" \/>\n<meta property=\"article:publisher\" content=\"https:\/\/www.facebook.com\/Il-Crogiuolo-681876418491758\" \/>\n<meta property=\"article:modified_time\" content=\"2025-12-11T10:44:58+00:00\" \/>\n<meta property=\"og:image\" content=\"https:\/\/ilcrogiuolo.it\/wp-content\/uploads\/2020\/01\/san-michele-35.png\" \/>\n\t<meta property=\"og:image:width\" content=\"627\" \/>\n\t<meta property=\"og:image:height\" content=\"600\" \/>\n\t<meta property=\"og:image:type\" content=\"image\/png\" \/>\n<meta name=\"twitter:card\" content=\"summary_large_image\" \/>\n<meta name=\"twitter:label1\" content=\"Tempo di lettura stimato\" \/>\n\t<meta name=\"twitter:data1\" content=\"2 minuti\" \/>\n<script type=\"application\/ld+json\" class=\"yoast-schema-graph\">{\"@context\":\"https:\/\/schema.org\",\"@graph\":[{\"@type\":\"WebPage\",\"@id\":\"https:\/\/ilcrogiuolo.it\/it\/p\/statua-san-michele-arcangelo-cm-30\/\",\"url\":\"https:\/\/ilcrogiuolo.it\/it\/p\/statua-san-michele-arcangelo-cm-30\/\",\"name\":\"STATUA SAN MICHELE ARCANGELO IN RESINA CM 35 - FATTA IN ITALIA - Il Crogiuolo\",\"isPartOf\":{\"@id\":\"https:\/\/ilcrogiuolo.it\/it\/#website\"},\"primaryImageOfPage\":{\"@id\":\"https:\/\/ilcrogiuolo.it\/it\/p\/statua-san-michele-arcangelo-cm-30\/#primaryimage\"},\"image\":{\"@id\":\"https:\/\/ilcrogiuolo.it\/it\/p\/statua-san-michele-arcangelo-cm-30\/#primaryimage\"},\"thumbnailUrl\":\"https:\/\/ilcrogiuolo.it\/wp-content\/uploads\/2020\/01\/san-michele-35.png\",\"datePublished\":\"2020-01-14T16:04:38+00:00\",\"dateModified\":\"2025-12-11T10:44:58+00:00\",\"description\":\"STATUA SAN MICHELE ARCANGELO IN RESINA CM 35 - FATTA IN ITALIA La predilezione degli umani nei confronti di Michael, divenuto per tutti San Michele Arcangelo, \u00e8 dovuta al fatto che gli viene attribuito uno dei compiti\",\"breadcrumb\":{\"@id\":\"https:\/\/ilcrogiuolo.it\/it\/p\/statua-san-michele-arcangelo-cm-30\/#breadcrumb\"},\"inLanguage\":\"it-IT\",\"potentialAction\":[{\"@type\":\"ReadAction\",\"target\":[\"https:\/\/ilcrogiuolo.it\/it\/p\/statua-san-michele-arcangelo-cm-30\/\"]}]},{\"@type\":\"ImageObject\",\"inLanguage\":\"it-IT\",\"@id\":\"https:\/\/ilcrogiuolo.it\/it\/p\/statua-san-michele-arcangelo-cm-30\/#primaryimage\",\"url\":\"https:\/\/ilcrogiuolo.it\/wp-content\/uploads\/2020\/01\/san-michele-35.png\",\"contentUrl\":\"https:\/\/ilcrogiuolo.it\/wp-content\/uploads\/2020\/01\/san-michele-35.png\",\"width\":627,\"height\":600},{\"@type\":\"BreadcrumbList\",\"@id\":\"https:\/\/ilcrogiuolo.it\/it\/p\/statua-san-michele-arcangelo-cm-30\/#breadcrumb\",\"itemListElement\":[{\"@type\":\"ListItem\",\"position\":1,\"name\":\"Home\",\"item\":\"https:\/\/ilcrogiuolo.it\/it\/\"},{\"@type\":\"ListItem\",\"position\":2,\"name\":\"Shop\",\"item\":\"https:\/\/ilcrogiuolo.it\/it\/negozio\/\"},{\"@type\":\"ListItem\",\"position\":3,\"name\":\"STATUA SAN MICHELE ARCANGELO IN RESINA CM 35 &#8211; FATTA IN ITALIA\"}]},{\"@type\":\"WebSite\",\"@id\":\"https:\/\/ilcrogiuolo.it\/it\/#website\",\"url\":\"https:\/\/ilcrogiuolo.it\/it\/\",\"name\":\"Il Crogiuolo\",\"description\":\"\",\"publisher\":{\"@id\":\"https:\/\/ilcrogiuolo.it\/it\/#organization\"},\"potentialAction\":[{\"@type\":\"SearchAction\",\"target\":{\"@type\":\"EntryPoint\",\"urlTemplate\":\"https:\/\/ilcrogiuolo.it\/it\/?s={search_term_string}\"},\"query-input\":{\"@type\":\"PropertyValueSpecification\",\"valueRequired\":true,\"valueName\":\"search_term_string\"}}],\"inLanguage\":\"it-IT\"},{\"@type\":\"Organization\",\"@id\":\"https:\/\/ilcrogiuolo.it\/it\/#organization\",\"name\":\"Il Crogiuolo\",\"url\":\"https:\/\/ilcrogiuolo.it\/it\/\",\"logo\":{\"@type\":\"ImageObject\",\"inLanguage\":\"it-IT\",\"@id\":\"https:\/\/ilcrogiuolo.it\/it\/#\/schema\/logo\/image\/\",\"url\":\"https:\/\/ilcrogiuolo.it\/wp-content\/uploads\/2020\/04\/logo.png\",\"contentUrl\":\"https:\/\/ilcrogiuolo.it\/wp-content\/uploads\/2020\/04\/logo.png\",\"width\":200,\"height\":49,\"caption\":\"Il Crogiuolo\"},\"image\":{\"@id\":\"https:\/\/ilcrogiuolo.it\/it\/#\/schema\/logo\/image\/\"},\"sameAs\":[\"https:\/\/www.facebook.com\/Il-Crogiuolo-681876418491758\"]}]}<\/script>\n<!-- \/ Yoast SEO plugin. -->","yoast_head_json":{"title":"STATUA SAN MICHELE ARCANGELO IN RESINA CM 35 - FATTA IN ITALIA - Il Crogiuolo","description":"STATUA SAN MICHELE ARCANGELO IN RESINA CM 35 - FATTA IN ITALIA La predilezione degli umani nei confronti di Michael, divenuto per tutti San Michele Arcangelo, \u00e8 dovuta al fatto che gli viene attribuito uno dei compiti","robots":{"index":"index","follow":"follow","max-snippet":"max-snippet:-1","max-image-preview":"max-image-preview:large","max-video-preview":"max-video-preview:-1"},"canonical":"https:\/\/ilcrogiuolo.it\/it\/p\/statua-san-michele-arcangelo-cm-30\/","og_locale":"it_IT","og_type":"article","og_title":"STATUA SAN MICHELE ARCANGELO IN RESINA CM 35 - FATTA IN ITALIA - Il Crogiuolo","og_description":"STATUA SAN MICHELE ARCANGELO IN RESINA CM 35 - FATTA IN ITALIA La predilezione degli umani nei confronti di Michael, divenuto per tutti San Michele Arcangelo, \u00e8 dovuta al fatto che gli viene attribuito uno dei compiti","og_url":"https:\/\/ilcrogiuolo.it\/it\/p\/statua-san-michele-arcangelo-cm-30\/","og_site_name":"Il Crogiuolo","article_publisher":"https:\/\/www.facebook.com\/Il-Crogiuolo-681876418491758","article_modified_time":"2025-12-11T10:44:58+00:00","og_image":[{"width":627,"height":600,"url":"https:\/\/ilcrogiuolo.it\/wp-content\/uploads\/2020\/01\/san-michele-35.png","type":"image\/png"}],"twitter_card":"summary_large_image","twitter_misc":{"Tempo di lettura stimato":"2 minuti"},"schema":{"@context":"https:\/\/schema.org","@graph":[{"@type":"WebPage","@id":"https:\/\/ilcrogiuolo.it\/it\/p\/statua-san-michele-arcangelo-cm-30\/","url":"https:\/\/ilcrogiuolo.it\/it\/p\/statua-san-michele-arcangelo-cm-30\/","name":"STATUA SAN MICHELE ARCANGELO IN RESINA CM 35 - FATTA IN ITALIA - Il Crogiuolo","isPartOf":{"@id":"https:\/\/ilcrogiuolo.it\/it\/#website"},"primaryImageOfPage":{"@id":"https:\/\/ilcrogiuolo.it\/it\/p\/statua-san-michele-arcangelo-cm-30\/#primaryimage"},"image":{"@id":"https:\/\/ilcrogiuolo.it\/it\/p\/statua-san-michele-arcangelo-cm-30\/#primaryimage"},"thumbnailUrl":"https:\/\/ilcrogiuolo.it\/wp-content\/uploads\/2020\/01\/san-michele-35.png","datePublished":"2020-01-14T16:04:38+00:00","dateModified":"2025-12-11T10:44:58+00:00","description":"STATUA SAN MICHELE ARCANGELO IN RESINA CM 35 - FATTA IN ITALIA La predilezione degli umani nei confronti di Michael, divenuto per tutti San Michele Arcangelo, \u00e8 dovuta al fatto che gli viene attribuito uno dei compiti","breadcrumb":{"@id":"https:\/\/ilcrogiuolo.it\/it\/p\/statua-san-michele-arcangelo-cm-30\/#breadcrumb"},"inLanguage":"it-IT","potentialAction":[{"@type":"ReadAction","target":["https:\/\/ilcrogiuolo.it\/it\/p\/statua-san-michele-arcangelo-cm-30\/"]}]},{"@type":"ImageObject","inLanguage":"it-IT","@id":"https:\/\/ilcrogiuolo.it\/it\/p\/statua-san-michele-arcangelo-cm-30\/#primaryimage","url":"https:\/\/ilcrogiuolo.it\/wp-content\/uploads\/2020\/01\/san-michele-35.png","contentUrl":"https:\/\/ilcrogiuolo.it\/wp-content\/uploads\/2020\/01\/san-michele-35.png","width":627,"height":600},{"@type":"BreadcrumbList","@id":"https:\/\/ilcrogiuolo.it\/it\/p\/statua-san-michele-arcangelo-cm-30\/#breadcrumb","itemListElement":[{"@type":"ListItem","position":1,"name":"Home","item":"https:\/\/ilcrogiuolo.it\/it\/"},{"@type":"ListItem","position":2,"name":"Shop","item":"https:\/\/ilcrogiuolo.it\/it\/negozio\/"},{"@type":"ListItem","position":3,"name":"STATUA SAN MICHELE ARCANGELO IN RESINA CM 35 &#8211; FATTA IN ITALIA"}]},{"@type":"WebSite","@id":"https:\/\/ilcrogiuolo.it\/it\/#website","url":"https:\/\/ilcrogiuolo.it\/it\/","name":"Il Crogiuolo","description":"","publisher":{"@id":"https:\/\/ilcrogiuolo.it\/it\/#organization"},"potentialAction":[{"@type":"SearchAction","target":{"@type":"EntryPoint","urlTemplate":"https:\/\/ilcrogiuolo.it\/it\/?s={search_term_string}"},"query-input":{"@type":"PropertyValueSpecification","valueRequired":true,"valueName":"search_term_string"}}],"inLanguage":"it-IT"},{"@type":"Organization","@id":"https:\/\/ilcrogiuolo.it\/it\/#organization","name":"Il Crogiuolo","url":"https:\/\/ilcrogiuolo.it\/it\/","logo":{"@type":"ImageObject","inLanguage":"it-IT","@id":"https:\/\/ilcrogiuolo.it\/it\/#\/schema\/logo\/image\/","url":"https:\/\/ilcrogiuolo.it\/wp-content\/uploads\/2020\/04\/logo.png","contentUrl":"https:\/\/ilcrogiuolo.it\/wp-content\/uploads\/2020\/04\/logo.png","width":200,"height":49,"caption":"Il Crogiuolo"},"image":{"@id":"https:\/\/ilcrogiuolo.it\/it\/#\/schema\/logo\/image\/"},"sameAs":["https:\/\/www.facebook.com\/Il-Crogiuolo-681876418491758"]}]}},"_links":{"self":[{"href":"https:\/\/ilcrogiuolo.it\/it\/wp-json\/wp\/v2\/product\/2236","targetHints":{"allow":["GET"]}}],"collection":[{"href":"https:\/\/ilcrogiuolo.it\/it\/wp-json\/wp\/v2\/product"}],"about":[{"href":"https:\/\/ilcrogiuolo.it\/it\/wp-json\/wp\/v2\/types\/product"}],"wp:featuredmedia":[{"embeddable":true,"href":"https:\/\/ilcrogiuolo.it\/it\/wp-json\/wp\/v2\/media\/40205"}],"wp:attachment":[{"href":"https:\/\/ilcrogiuolo.it\/it\/wp-json\/wp\/v2\/media?parent=2236"}],"wp:term":[{"taxonomy":"product_brand","embeddable":true,"href":"https:\/\/ilcrogiuolo.it\/it\/wp-json\/wp\/v2\/product_brand?post=2236"},{"taxonomy":"product_cat","embeddable":true,"href":"https:\/\/ilcrogiuolo.it\/it\/wp-json\/wp\/v2\/product_cat?post=2236"},{"taxonomy":"product_tag","embeddable":true,"href":"https:\/\/ilcrogiuolo.it\/it\/wp-json\/wp\/v2\/product_tag?post=2236"}],"curies":[{"name":"wp","href":"https:\/\/api.w.org\/{rel}","templated":true}]}}