{"id":2200,"date":"2020-01-14T17:04:38","date_gmt":"2020-01-14T16:04:38","guid":{"rendered":"https:\/\/ilcrogiuolo.it\/p\/talismano-cruz-de-caravaca-argento-gr-1-5\/"},"modified":"2024-04-10T15:35:17","modified_gmt":"2024-04-10T13:35:17","slug":"talismano-cruz-de-caravaca-argento-gr-1-5","status":"publish","type":"product","link":"https:\/\/ilcrogiuolo.it\/it\/p\/talismano-cruz-de-caravaca-argento-gr-1-5\/","title":{"rendered":"Talismano Cruz De Carava\u00e7a &#8211; argento gr. 1.5"},"content":{"rendered":"<p>I talismani sono oggetti a cui la tradizione (per forma, simbologia, materiale) da sempre attribuisce propriet\u00e0 particolari, Il Crogiuolo\u00ae ve li propone come meravigliosi articoli e di seguito seguono le propriet\u00e0 tradizionali attribuite dalla tradizione popolare ed esoterica. Siamo felici di poterVi presentare questo potente e unico amuleto. La Cruz De Carava\u00e7a viene utilizzata come protezione dal maligno, per scacciare ogni tipo di negativit\u00e0.<\/p>\n<p>Da secoli la Cruz de Caravaca (in portoghese Cruz de Carava\u00e7a) \u00e8 un simbolo religioso, mistico e spirituale di grandissimo potere a sintetizzare l\u2019intervento divino nei momenti pi\u00f9 difficili dell\u2019esistenza, certamente, ma anche a rappresentare l\u2019azione viva di Dio in ogni istante della nostra vita.<\/p>\n<p>Per conoscere l\u2019origine della Cruz de Caravaca occorre fare un salto nel passato. Correva l\u2019anno 1231 quando la citt\u00e0 di Caravaca (oggi denominata Caravaca de la Cruz), situata nel sud della Spagna nella provincia di Murcia era governata da Abu Zed, tiranno musulmano. Questi aveva fatto rinchiudere in carcere diversi sacerdoti cattolici, tra cui don Gin\u00e9s P\u00e9rez Chirinos, che si era particolarmente distinto per il suo apostolato e la sua predicazione.<\/p>\n<p>Narra la storia che Abu Zed si fosse dimostrato particolarmente curioso di assistere ad una cerimonia religiosa cristiana, cos\u00ec ordin\u00f2 a don don Gin\u00e9s di celebrare una messa cattolica alla sua presenza. Il Sacerdote allora, preg\u00f2 intensamente per Abu Zed, invocando il Signore di far breccia nel suo cuore econferm\u00f2 al sovrano moresco che avrebbe celebrato il mistero dell\u2019Eucaristia in sua presenza.<\/p>\n<p>La Messa si sarebbe svolta in una moschea. Durante la celebrazione il prete si accorse che mancava un elemento imprescindibile: una croce. In quella situazione di contrasto politico e religioso sarebbe stato poco avveduto reclamare la presenza di un crocefisso.. ma proprio in quel momento, dal cielo, due angeli portarono una croce dal doppio asse orizzontale e la consegnarono direttamente nelle mani del sacerdote.<\/p>\n<p>La meraviglia di Abu Zed fu tale che si convert\u00ec al cristianesimo. Questa la storia della croce chiamata di \u2018Caravaca\u2019, dal nome della citt\u00e0 presso cui ha origine. Questo tipo di croce, successivamente ripreso in tanti reperti iconografici e conosciuta con nomi e varianti differenti (la pi\u00f9 diffusa \u00e9 la Croce di Lorena), si diffuse in ogni parte del mondo, assumendo, nel medioevo, in virt\u00f9 dei suoi miracoli, lo status di vero e proprio talismano totipotente. Se \u00e8 vero infatti che le origini di questa croce sono squisitamente cattoliche, \u00e8 altrettanto vero che \u00e8 fuori dal milieu cattolico che ha che ha incontrato maggiore favore: presso gli ortodossi e in ambito esoterico. In alcuni talismani di origine \u201csalomonica\u201d o attribuiti addirittura a San Cipriano compare, nella simbologia, questa croce. Il caso pi\u00f9 eclatante \u00e8 quello del talismano conosciuto come Sterminatore impiegato per allontanare i demoni e difendere dalla magia nera.<\/p>\n<p>La storia della Croce attravers\u00f2 i mari e raggiunse l\u2019America Latina, durante il periodo della tratta schiavistica e il suo culto attecch\u00ec forte e misterioso. Nella Santer\u00eca Cubana e nei culti sincretici del Brasile (Macumba prima e Umbanda poi) si afferma che la Cruz de Caravaca sia in grado di allontanare ogni insidia del male e di spezzare qualsiasi incanto o fattucchier\u00eca.<\/p>\n<p>Misura cm 3.00 x 1.00 circa<\/p>\n<p>&nbsp;<\/p>\n","protected":false},"excerpt":{"rendered":"<p>I talismani sono oggetti a cui la tradizione (per forma, simbologia, materiale) da sempre attribuisce propriet\u00e0 particolari, Il Crogiuolo\u00ae ve&#8230;<\/p>\n","protected":false},"featured_media":25291,"template":"","meta":{"_acf_changed":false},"product_brand":[],"product_cat":[1123,1066,1329],"product_tag":[],"class_list":{"0":"post-2200","1":"product","2":"type-product","3":"status-publish","4":"has-post-thumbnail","6":"product_cat-tradizione-sudamericana-veve-pontos-patois","7":"product_cat-talismani-amuleti","8":"product_cat-talismani-cruz-de-caravaca-ogum-oxum","10":"first","11":"instock","12":"taxable","13":"shipping-taxable","14":"purchasable","15":"product-type-simple","16":"add-to-wishlist-before_image"},"acf":[],"yoast_head":"<!-- This site is optimized with the Yoast SEO plugin v26.9 - https:\/\/yoast.com\/product\/yoast-seo-wordpress\/ -->\n<title>Talismano Cruz De Carava\u00e7a - argento gr. 1.5 - Il Crogiuolo<\/title>\n<meta name=\"description\" content=\"Talismano Cruz De Carava\u00e7a - argento gr. 1.5 I talismani sono oggetti a cui la tradizione (per forma, simbologia, materiale) da sempre attribuisce propriet\u00e0 particolari, Il Crogiuolo\u00ae ve li propone\" \/>\n<meta name=\"robots\" content=\"index, follow, max-snippet:-1, max-image-preview:large, max-video-preview:-1\" \/>\n<link rel=\"canonical\" href=\"https:\/\/ilcrogiuolo.it\/it\/p\/talismano-cruz-de-caravaca-argento-gr-1-5\/\" \/>\n<meta property=\"og:locale\" content=\"it_IT\" \/>\n<meta property=\"og:type\" content=\"article\" \/>\n<meta property=\"og:title\" content=\"Talismano Cruz De Carava\u00e7a - argento gr. 1.5 - Il Crogiuolo\" \/>\n<meta property=\"og:description\" content=\"Talismano Cruz De Carava\u00e7a - argento gr. 1.5 I talismani sono oggetti a cui la tradizione (per forma, simbologia, materiale) da sempre attribuisce propriet\u00e0 particolari, Il Crogiuolo\u00ae ve li propone\" \/>\n<meta property=\"og:url\" content=\"https:\/\/ilcrogiuolo.it\/it\/p\/talismano-cruz-de-caravaca-argento-gr-1-5\/\" \/>\n<meta property=\"og:site_name\" content=\"Il Crogiuolo\" \/>\n<meta property=\"article:publisher\" content=\"https:\/\/www.facebook.com\/Il-Crogiuolo-681876418491758\" \/>\n<meta property=\"article:modified_time\" content=\"2024-04-10T13:35:17+00:00\" \/>\n<meta property=\"og:image\" content=\"https:\/\/ilcrogiuolo.it\/wp-content\/uploads\/2020\/01\/cruz-caravaca-argento.jpg\" \/>\n\t<meta property=\"og:image:width\" content=\"600\" \/>\n\t<meta property=\"og:image:height\" content=\"574\" \/>\n\t<meta property=\"og:image:type\" content=\"image\/jpeg\" \/>\n<meta name=\"twitter:card\" content=\"summary_large_image\" \/>\n<meta name=\"twitter:label1\" content=\"Tempo di lettura stimato\" \/>\n\t<meta name=\"twitter:data1\" content=\"3 minuti\" \/>\n<script type=\"application\/ld+json\" class=\"yoast-schema-graph\">{\"@context\":\"https:\/\/schema.org\",\"@graph\":[{\"@type\":\"WebPage\",\"@id\":\"https:\/\/ilcrogiuolo.it\/it\/p\/talismano-cruz-de-caravaca-argento-gr-1-5\/\",\"url\":\"https:\/\/ilcrogiuolo.it\/it\/p\/talismano-cruz-de-caravaca-argento-gr-1-5\/\",\"name\":\"Talismano Cruz De Carava\u00e7a - argento gr. 1.5 - Il Crogiuolo\",\"isPartOf\":{\"@id\":\"https:\/\/ilcrogiuolo.it\/it\/#website\"},\"primaryImageOfPage\":{\"@id\":\"https:\/\/ilcrogiuolo.it\/it\/p\/talismano-cruz-de-caravaca-argento-gr-1-5\/#primaryimage\"},\"image\":{\"@id\":\"https:\/\/ilcrogiuolo.it\/it\/p\/talismano-cruz-de-caravaca-argento-gr-1-5\/#primaryimage\"},\"thumbnailUrl\":\"https:\/\/ilcrogiuolo.it\/wp-content\/uploads\/2020\/01\/cruz-caravaca-argento.jpg\",\"datePublished\":\"2020-01-14T16:04:38+00:00\",\"dateModified\":\"2024-04-10T13:35:17+00:00\",\"description\":\"Talismano Cruz De Carava\u00e7a - argento gr. 1.5 I talismani sono oggetti a cui la tradizione (per forma, simbologia, materiale) da sempre attribuisce propriet\u00e0 particolari, Il Crogiuolo\u00ae ve li propone\",\"breadcrumb\":{\"@id\":\"https:\/\/ilcrogiuolo.it\/it\/p\/talismano-cruz-de-caravaca-argento-gr-1-5\/#breadcrumb\"},\"inLanguage\":\"it-IT\",\"potentialAction\":[{\"@type\":\"ReadAction\",\"target\":[\"https:\/\/ilcrogiuolo.it\/it\/p\/talismano-cruz-de-caravaca-argento-gr-1-5\/\"]}]},{\"@type\":\"ImageObject\",\"inLanguage\":\"it-IT\",\"@id\":\"https:\/\/ilcrogiuolo.it\/it\/p\/talismano-cruz-de-caravaca-argento-gr-1-5\/#primaryimage\",\"url\":\"https:\/\/ilcrogiuolo.it\/wp-content\/uploads\/2020\/01\/cruz-caravaca-argento.jpg\",\"contentUrl\":\"https:\/\/ilcrogiuolo.it\/wp-content\/uploads\/2020\/01\/cruz-caravaca-argento.jpg\",\"width\":600,\"height\":574},{\"@type\":\"BreadcrumbList\",\"@id\":\"https:\/\/ilcrogiuolo.it\/it\/p\/talismano-cruz-de-caravaca-argento-gr-1-5\/#breadcrumb\",\"itemListElement\":[{\"@type\":\"ListItem\",\"position\":1,\"name\":\"Home\",\"item\":\"https:\/\/ilcrogiuolo.it\/it\/\"},{\"@type\":\"ListItem\",\"position\":2,\"name\":\"Shop\",\"item\":\"https:\/\/ilcrogiuolo.it\/it\/negozio\/\"},{\"@type\":\"ListItem\",\"position\":3,\"name\":\"Talismano Cruz De Carava\u00e7a &#8211; argento gr. 1.5\"}]},{\"@type\":\"WebSite\",\"@id\":\"https:\/\/ilcrogiuolo.it\/it\/#website\",\"url\":\"https:\/\/ilcrogiuolo.it\/it\/\",\"name\":\"Il Crogiuolo\",\"description\":\"\",\"publisher\":{\"@id\":\"https:\/\/ilcrogiuolo.it\/it\/#organization\"},\"potentialAction\":[{\"@type\":\"SearchAction\",\"target\":{\"@type\":\"EntryPoint\",\"urlTemplate\":\"https:\/\/ilcrogiuolo.it\/it\/?s={search_term_string}\"},\"query-input\":{\"@type\":\"PropertyValueSpecification\",\"valueRequired\":true,\"valueName\":\"search_term_string\"}}],\"inLanguage\":\"it-IT\"},{\"@type\":\"Organization\",\"@id\":\"https:\/\/ilcrogiuolo.it\/it\/#organization\",\"name\":\"Il Crogiuolo\",\"url\":\"https:\/\/ilcrogiuolo.it\/it\/\",\"logo\":{\"@type\":\"ImageObject\",\"inLanguage\":\"it-IT\",\"@id\":\"https:\/\/ilcrogiuolo.it\/it\/#\/schema\/logo\/image\/\",\"url\":\"https:\/\/ilcrogiuolo.it\/wp-content\/uploads\/2020\/04\/logo.png\",\"contentUrl\":\"https:\/\/ilcrogiuolo.it\/wp-content\/uploads\/2020\/04\/logo.png\",\"width\":200,\"height\":49,\"caption\":\"Il Crogiuolo\"},\"image\":{\"@id\":\"https:\/\/ilcrogiuolo.it\/it\/#\/schema\/logo\/image\/\"},\"sameAs\":[\"https:\/\/www.facebook.com\/Il-Crogiuolo-681876418491758\"]}]}<\/script>\n<!-- \/ Yoast SEO plugin. -->","yoast_head_json":{"title":"Talismano Cruz De Carava\u00e7a - argento gr. 1.5 - Il Crogiuolo","description":"Talismano Cruz De Carava\u00e7a - argento gr. 1.5 I talismani sono oggetti a cui la tradizione (per forma, simbologia, materiale) da sempre attribuisce propriet\u00e0 particolari, Il Crogiuolo\u00ae ve li propone","robots":{"index":"index","follow":"follow","max-snippet":"max-snippet:-1","max-image-preview":"max-image-preview:large","max-video-preview":"max-video-preview:-1"},"canonical":"https:\/\/ilcrogiuolo.it\/it\/p\/talismano-cruz-de-caravaca-argento-gr-1-5\/","og_locale":"it_IT","og_type":"article","og_title":"Talismano Cruz De Carava\u00e7a - argento gr. 1.5 - Il Crogiuolo","og_description":"Talismano Cruz De Carava\u00e7a - argento gr. 1.5 I talismani sono oggetti a cui la tradizione (per forma, simbologia, materiale) da sempre attribuisce propriet\u00e0 particolari, Il Crogiuolo\u00ae ve li propone","og_url":"https:\/\/ilcrogiuolo.it\/it\/p\/talismano-cruz-de-caravaca-argento-gr-1-5\/","og_site_name":"Il Crogiuolo","article_publisher":"https:\/\/www.facebook.com\/Il-Crogiuolo-681876418491758","article_modified_time":"2024-04-10T13:35:17+00:00","og_image":[{"width":600,"height":574,"url":"https:\/\/ilcrogiuolo.it\/wp-content\/uploads\/2020\/01\/cruz-caravaca-argento.jpg","type":"image\/jpeg"}],"twitter_card":"summary_large_image","twitter_misc":{"Tempo di lettura stimato":"3 minuti"},"schema":{"@context":"https:\/\/schema.org","@graph":[{"@type":"WebPage","@id":"https:\/\/ilcrogiuolo.it\/it\/p\/talismano-cruz-de-caravaca-argento-gr-1-5\/","url":"https:\/\/ilcrogiuolo.it\/it\/p\/talismano-cruz-de-caravaca-argento-gr-1-5\/","name":"Talismano Cruz De Carava\u00e7a - argento gr. 1.5 - Il Crogiuolo","isPartOf":{"@id":"https:\/\/ilcrogiuolo.it\/it\/#website"},"primaryImageOfPage":{"@id":"https:\/\/ilcrogiuolo.it\/it\/p\/talismano-cruz-de-caravaca-argento-gr-1-5\/#primaryimage"},"image":{"@id":"https:\/\/ilcrogiuolo.it\/it\/p\/talismano-cruz-de-caravaca-argento-gr-1-5\/#primaryimage"},"thumbnailUrl":"https:\/\/ilcrogiuolo.it\/wp-content\/uploads\/2020\/01\/cruz-caravaca-argento.jpg","datePublished":"2020-01-14T16:04:38+00:00","dateModified":"2024-04-10T13:35:17+00:00","description":"Talismano Cruz De Carava\u00e7a - argento gr. 1.5 I talismani sono oggetti a cui la tradizione (per forma, simbologia, materiale) da sempre attribuisce propriet\u00e0 particolari, Il Crogiuolo\u00ae ve li propone","breadcrumb":{"@id":"https:\/\/ilcrogiuolo.it\/it\/p\/talismano-cruz-de-caravaca-argento-gr-1-5\/#breadcrumb"},"inLanguage":"it-IT","potentialAction":[{"@type":"ReadAction","target":["https:\/\/ilcrogiuolo.it\/it\/p\/talismano-cruz-de-caravaca-argento-gr-1-5\/"]}]},{"@type":"ImageObject","inLanguage":"it-IT","@id":"https:\/\/ilcrogiuolo.it\/it\/p\/talismano-cruz-de-caravaca-argento-gr-1-5\/#primaryimage","url":"https:\/\/ilcrogiuolo.it\/wp-content\/uploads\/2020\/01\/cruz-caravaca-argento.jpg","contentUrl":"https:\/\/ilcrogiuolo.it\/wp-content\/uploads\/2020\/01\/cruz-caravaca-argento.jpg","width":600,"height":574},{"@type":"BreadcrumbList","@id":"https:\/\/ilcrogiuolo.it\/it\/p\/talismano-cruz-de-caravaca-argento-gr-1-5\/#breadcrumb","itemListElement":[{"@type":"ListItem","position":1,"name":"Home","item":"https:\/\/ilcrogiuolo.it\/it\/"},{"@type":"ListItem","position":2,"name":"Shop","item":"https:\/\/ilcrogiuolo.it\/it\/negozio\/"},{"@type":"ListItem","position":3,"name":"Talismano Cruz De Carava\u00e7a &#8211; argento gr. 1.5"}]},{"@type":"WebSite","@id":"https:\/\/ilcrogiuolo.it\/it\/#website","url":"https:\/\/ilcrogiuolo.it\/it\/","name":"Il Crogiuolo","description":"","publisher":{"@id":"https:\/\/ilcrogiuolo.it\/it\/#organization"},"potentialAction":[{"@type":"SearchAction","target":{"@type":"EntryPoint","urlTemplate":"https:\/\/ilcrogiuolo.it\/it\/?s={search_term_string}"},"query-input":{"@type":"PropertyValueSpecification","valueRequired":true,"valueName":"search_term_string"}}],"inLanguage":"it-IT"},{"@type":"Organization","@id":"https:\/\/ilcrogiuolo.it\/it\/#organization","name":"Il Crogiuolo","url":"https:\/\/ilcrogiuolo.it\/it\/","logo":{"@type":"ImageObject","inLanguage":"it-IT","@id":"https:\/\/ilcrogiuolo.it\/it\/#\/schema\/logo\/image\/","url":"https:\/\/ilcrogiuolo.it\/wp-content\/uploads\/2020\/04\/logo.png","contentUrl":"https:\/\/ilcrogiuolo.it\/wp-content\/uploads\/2020\/04\/logo.png","width":200,"height":49,"caption":"Il Crogiuolo"},"image":{"@id":"https:\/\/ilcrogiuolo.it\/it\/#\/schema\/logo\/image\/"},"sameAs":["https:\/\/www.facebook.com\/Il-Crogiuolo-681876418491758"]}]}},"_links":{"self":[{"href":"https:\/\/ilcrogiuolo.it\/it\/wp-json\/wp\/v2\/product\/2200","targetHints":{"allow":["GET"]}}],"collection":[{"href":"https:\/\/ilcrogiuolo.it\/it\/wp-json\/wp\/v2\/product"}],"about":[{"href":"https:\/\/ilcrogiuolo.it\/it\/wp-json\/wp\/v2\/types\/product"}],"wp:featuredmedia":[{"embeddable":true,"href":"https:\/\/ilcrogiuolo.it\/it\/wp-json\/wp\/v2\/media\/25291"}],"wp:attachment":[{"href":"https:\/\/ilcrogiuolo.it\/it\/wp-json\/wp\/v2\/media?parent=2200"}],"wp:term":[{"taxonomy":"product_brand","embeddable":true,"href":"https:\/\/ilcrogiuolo.it\/it\/wp-json\/wp\/v2\/product_brand?post=2200"},{"taxonomy":"product_cat","embeddable":true,"href":"https:\/\/ilcrogiuolo.it\/it\/wp-json\/wp\/v2\/product_cat?post=2200"},{"taxonomy":"product_tag","embeddable":true,"href":"https:\/\/ilcrogiuolo.it\/it\/wp-json\/wp\/v2\/product_tag?post=2200"}],"curies":[{"name":"wp","href":"https:\/\/api.w.org\/{rel}","templated":true}]}}