{"id":21947,"date":"2020-07-28T17:50:16","date_gmt":"2020-07-28T15:50:16","guid":{"rendered":"https:\/\/ilcrogiuolo.it\/?post_type=product&#038;p=21947"},"modified":"2020-12-04T15:34:46","modified_gmt":"2020-12-04T14:34:46","slug":"boutey-bottiglia-vodou-papa-legba","status":"publish","type":"product","link":"https:\/\/ilcrogiuolo.it\/it\/p\/boutey-bottiglia-vodou-papa-legba\/","title":{"rendered":"BOUTEY &#8211; BOTTIGLIA VODOU PAPA LEGBA"},"content":{"rendered":"<p>La parola boutey deriva dal creolo haitiano e formalmente significa bottiglia. Nel vodou di Haiti le boutey sono delle bottiglie appunto, decorate con paillettes, nastri, piccoli charms a volte e dall\u2019immagine cromolitografica del lw\u00e0 a cui sono dedicate. Al loro interno contengono una serie di \u201cradici forti\u201d che servono per trattenere l\u2019energia del lw\u00e0, spezie, altri elementi segreti che gli houngan e le mambo (i sacerdoti del culto) inseriscono per trasformare l\u2019oggetto in un vero e proprio ricettacolo spirituale dell\u2019entit\u00e0. Dopo una lunga cerimonia di consacrazione da parte dei sacerdoti, svolta al fine di richiamare il lw\u00e0 all\u2019interno della bottiglia, vengono colmate del liquore corrispondente all\u2019entit\u00e0 e impiegate per invocare l\u2019entit\u00e0 ed evocarne il suo immenso potere.<br \/>\nIl possesso di una boutey \u00e8 un atto sacro, di devozione, che non va preso alla leggera. Se da un lato si ha, nella religione vodou, l\u2019entit\u00e0 al proprio lato, \u00e8 pur tuttavia vero che questa andr\u00e0 poi cultuata con devozione e fede, nonch\u00e9 rispetto.<br \/>\nLe Boutey distribuite da IL CROGIUOLO\u00ae sono originali, completamente fatte a mano e consacrate ritualmente secondo la tradizione haitiana, da un houngan asogwe (alto grado sacerdotale del vodou haitiano) di fiducia e legittimato per questo tipo di sacramento. Ogni Boutey \u00e8 diversa dall\u2019altra e viene preparata esclusivamente per il futuro proprietario e sui suoi dati. La preparazione della stessa ha un tempo di due settimane, a causa dell\u2019iter rituale necessario alla consacrazione. Una volta ricevuta la Boutey il proprietario dovr\u00e0 eseguire una semplice pratica di personalizzazione per suggellare il legame con l&#8217;entit\u00e0 che viene spiegata dettagliatamente nel testo che accompagna la bottiglia.<\/p>\n","protected":false},"excerpt":{"rendered":"<p>La parola boutey deriva dal creolo haitiano e formalmente significa bottiglia. Nel vodou di Haiti le boutey sono delle bottiglie&#8230;<\/p>\n","protected":false},"featured_media":21948,"template":"","meta":{"_acf_changed":false},"product_brand":[],"product_cat":[1078,1059,1316],"product_tag":[],"class_list":{"0":"post-21947","1":"product","2":"type-product","3":"status-publish","4":"has-post-thumbnail","6":"product_cat-prodotti-esoterici-voodoo-vodun-vudu-santeria","7":"product_cat-articoli-esoterici","8":"product_cat-boutey","10":"first","11":"instock","12":"taxable","13":"shipping-taxable","14":"purchasable","15":"product-type-simple","16":"add-to-wishlist-before_image"},"acf":[],"yoast_head":"<!-- This site is optimized with the Yoast SEO plugin v26.9 - https:\/\/yoast.com\/product\/yoast-seo-wordpress\/ -->\n<title>BOUTEY - BOTTIGLIA VODOU PAPA LEGBA - Il Crogiuolo<\/title>\n<meta name=\"description\" content=\"BOUTEY - BOTTIGLIA VODOU PAPA LEGBA La parola boutey deriva dal creolo haitiano e formalmente significa bottiglia. Nel vodou di Haiti le boutey sono delle bottiglie appunto, decorate con\" \/>\n<meta name=\"robots\" content=\"index, follow, max-snippet:-1, max-image-preview:large, max-video-preview:-1\" \/>\n<link rel=\"canonical\" href=\"https:\/\/ilcrogiuolo.it\/it\/p\/boutey-bottiglia-vodou-papa-legba\/\" \/>\n<meta property=\"og:locale\" content=\"it_IT\" \/>\n<meta property=\"og:type\" content=\"article\" \/>\n<meta property=\"og:title\" content=\"BOUTEY - BOTTIGLIA VODOU PAPA LEGBA - Il Crogiuolo\" \/>\n<meta property=\"og:description\" content=\"BOUTEY - BOTTIGLIA VODOU PAPA LEGBA La parola boutey deriva dal creolo haitiano e formalmente significa bottiglia. Nel vodou di Haiti le boutey sono delle bottiglie appunto, decorate con\" \/>\n<meta property=\"og:url\" content=\"https:\/\/ilcrogiuolo.it\/it\/p\/boutey-bottiglia-vodou-papa-legba\/\" \/>\n<meta property=\"og:site_name\" content=\"Il Crogiuolo\" \/>\n<meta property=\"article:publisher\" content=\"https:\/\/www.facebook.com\/Il-Crogiuolo-681876418491758\" \/>\n<meta property=\"article:modified_time\" content=\"2020-12-04T14:34:46+00:00\" \/>\n<meta property=\"og:image\" content=\"https:\/\/ilcrogiuolo.it\/wp-content\/uploads\/2020\/07\/bouteybottigliavodouvood_5224945.jpg\" \/>\n\t<meta property=\"og:image:width\" content=\"627\" \/>\n\t<meta property=\"og:image:height\" content=\"600\" \/>\n\t<meta property=\"og:image:type\" content=\"image\/jpeg\" \/>\n<meta name=\"twitter:card\" content=\"summary_large_image\" \/>\n<meta name=\"twitter:label1\" content=\"Tempo di lettura stimato\" \/>\n\t<meta name=\"twitter:data1\" content=\"1 minuto\" \/>\n<script type=\"application\/ld+json\" class=\"yoast-schema-graph\">{\"@context\":\"https:\/\/schema.org\",\"@graph\":[{\"@type\":\"WebPage\",\"@id\":\"https:\/\/ilcrogiuolo.it\/it\/p\/boutey-bottiglia-vodou-papa-legba\/\",\"url\":\"https:\/\/ilcrogiuolo.it\/it\/p\/boutey-bottiglia-vodou-papa-legba\/\",\"name\":\"BOUTEY - BOTTIGLIA VODOU PAPA LEGBA - Il Crogiuolo\",\"isPartOf\":{\"@id\":\"https:\/\/ilcrogiuolo.it\/it\/#website\"},\"primaryImageOfPage\":{\"@id\":\"https:\/\/ilcrogiuolo.it\/it\/p\/boutey-bottiglia-vodou-papa-legba\/#primaryimage\"},\"image\":{\"@id\":\"https:\/\/ilcrogiuolo.it\/it\/p\/boutey-bottiglia-vodou-papa-legba\/#primaryimage\"},\"thumbnailUrl\":\"https:\/\/ilcrogiuolo.it\/wp-content\/uploads\/2020\/07\/bouteybottigliavodouvood_5224945.jpg\",\"datePublished\":\"2020-07-28T15:50:16+00:00\",\"dateModified\":\"2020-12-04T14:34:46+00:00\",\"description\":\"BOUTEY - BOTTIGLIA VODOU PAPA LEGBA La parola boutey deriva dal creolo haitiano e formalmente significa bottiglia. Nel vodou di Haiti le boutey sono delle bottiglie appunto, decorate con\",\"breadcrumb\":{\"@id\":\"https:\/\/ilcrogiuolo.it\/it\/p\/boutey-bottiglia-vodou-papa-legba\/#breadcrumb\"},\"inLanguage\":\"it-IT\",\"potentialAction\":[{\"@type\":\"ReadAction\",\"target\":[\"https:\/\/ilcrogiuolo.it\/it\/p\/boutey-bottiglia-vodou-papa-legba\/\"]}]},{\"@type\":\"ImageObject\",\"inLanguage\":\"it-IT\",\"@id\":\"https:\/\/ilcrogiuolo.it\/it\/p\/boutey-bottiglia-vodou-papa-legba\/#primaryimage\",\"url\":\"https:\/\/ilcrogiuolo.it\/wp-content\/uploads\/2020\/07\/bouteybottigliavodouvood_5224945.jpg\",\"contentUrl\":\"https:\/\/ilcrogiuolo.it\/wp-content\/uploads\/2020\/07\/bouteybottigliavodouvood_5224945.jpg\",\"width\":627,\"height\":600},{\"@type\":\"BreadcrumbList\",\"@id\":\"https:\/\/ilcrogiuolo.it\/it\/p\/boutey-bottiglia-vodou-papa-legba\/#breadcrumb\",\"itemListElement\":[{\"@type\":\"ListItem\",\"position\":1,\"name\":\"Home\",\"item\":\"https:\/\/ilcrogiuolo.it\/it\/\"},{\"@type\":\"ListItem\",\"position\":2,\"name\":\"Shop\",\"item\":\"https:\/\/ilcrogiuolo.it\/it\/negozio\/\"},{\"@type\":\"ListItem\",\"position\":3,\"name\":\"BOUTEY &#8211; BOTTIGLIA VODOU PAPA LEGBA\"}]},{\"@type\":\"WebSite\",\"@id\":\"https:\/\/ilcrogiuolo.it\/it\/#website\",\"url\":\"https:\/\/ilcrogiuolo.it\/it\/\",\"name\":\"Il Crogiuolo\",\"description\":\"\",\"publisher\":{\"@id\":\"https:\/\/ilcrogiuolo.it\/it\/#organization\"},\"potentialAction\":[{\"@type\":\"SearchAction\",\"target\":{\"@type\":\"EntryPoint\",\"urlTemplate\":\"https:\/\/ilcrogiuolo.it\/it\/?s={search_term_string}\"},\"query-input\":{\"@type\":\"PropertyValueSpecification\",\"valueRequired\":true,\"valueName\":\"search_term_string\"}}],\"inLanguage\":\"it-IT\"},{\"@type\":\"Organization\",\"@id\":\"https:\/\/ilcrogiuolo.it\/it\/#organization\",\"name\":\"Il Crogiuolo\",\"url\":\"https:\/\/ilcrogiuolo.it\/it\/\",\"logo\":{\"@type\":\"ImageObject\",\"inLanguage\":\"it-IT\",\"@id\":\"https:\/\/ilcrogiuolo.it\/it\/#\/schema\/logo\/image\/\",\"url\":\"https:\/\/ilcrogiuolo.it\/wp-content\/uploads\/2020\/04\/logo.png\",\"contentUrl\":\"https:\/\/ilcrogiuolo.it\/wp-content\/uploads\/2020\/04\/logo.png\",\"width\":200,\"height\":49,\"caption\":\"Il Crogiuolo\"},\"image\":{\"@id\":\"https:\/\/ilcrogiuolo.it\/it\/#\/schema\/logo\/image\/\"},\"sameAs\":[\"https:\/\/www.facebook.com\/Il-Crogiuolo-681876418491758\"]}]}<\/script>\n<!-- \/ Yoast SEO plugin. -->","yoast_head_json":{"title":"BOUTEY - BOTTIGLIA VODOU PAPA LEGBA - Il Crogiuolo","description":"BOUTEY - BOTTIGLIA VODOU PAPA LEGBA La parola boutey deriva dal creolo haitiano e formalmente significa bottiglia. Nel vodou di Haiti le boutey sono delle bottiglie appunto, decorate con","robots":{"index":"index","follow":"follow","max-snippet":"max-snippet:-1","max-image-preview":"max-image-preview:large","max-video-preview":"max-video-preview:-1"},"canonical":"https:\/\/ilcrogiuolo.it\/it\/p\/boutey-bottiglia-vodou-papa-legba\/","og_locale":"it_IT","og_type":"article","og_title":"BOUTEY - BOTTIGLIA VODOU PAPA LEGBA - Il Crogiuolo","og_description":"BOUTEY - BOTTIGLIA VODOU PAPA LEGBA La parola boutey deriva dal creolo haitiano e formalmente significa bottiglia. Nel vodou di Haiti le boutey sono delle bottiglie appunto, decorate con","og_url":"https:\/\/ilcrogiuolo.it\/it\/p\/boutey-bottiglia-vodou-papa-legba\/","og_site_name":"Il Crogiuolo","article_publisher":"https:\/\/www.facebook.com\/Il-Crogiuolo-681876418491758","article_modified_time":"2020-12-04T14:34:46+00:00","og_image":[{"width":627,"height":600,"url":"https:\/\/ilcrogiuolo.it\/wp-content\/uploads\/2020\/07\/bouteybottigliavodouvood_5224945.jpg","type":"image\/jpeg"}],"twitter_card":"summary_large_image","twitter_misc":{"Tempo di lettura stimato":"1 minuto"},"schema":{"@context":"https:\/\/schema.org","@graph":[{"@type":"WebPage","@id":"https:\/\/ilcrogiuolo.it\/it\/p\/boutey-bottiglia-vodou-papa-legba\/","url":"https:\/\/ilcrogiuolo.it\/it\/p\/boutey-bottiglia-vodou-papa-legba\/","name":"BOUTEY - BOTTIGLIA VODOU PAPA LEGBA - Il Crogiuolo","isPartOf":{"@id":"https:\/\/ilcrogiuolo.it\/it\/#website"},"primaryImageOfPage":{"@id":"https:\/\/ilcrogiuolo.it\/it\/p\/boutey-bottiglia-vodou-papa-legba\/#primaryimage"},"image":{"@id":"https:\/\/ilcrogiuolo.it\/it\/p\/boutey-bottiglia-vodou-papa-legba\/#primaryimage"},"thumbnailUrl":"https:\/\/ilcrogiuolo.it\/wp-content\/uploads\/2020\/07\/bouteybottigliavodouvood_5224945.jpg","datePublished":"2020-07-28T15:50:16+00:00","dateModified":"2020-12-04T14:34:46+00:00","description":"BOUTEY - BOTTIGLIA VODOU PAPA LEGBA La parola boutey deriva dal creolo haitiano e formalmente significa bottiglia. Nel vodou di Haiti le boutey sono delle bottiglie appunto, decorate con","breadcrumb":{"@id":"https:\/\/ilcrogiuolo.it\/it\/p\/boutey-bottiglia-vodou-papa-legba\/#breadcrumb"},"inLanguage":"it-IT","potentialAction":[{"@type":"ReadAction","target":["https:\/\/ilcrogiuolo.it\/it\/p\/boutey-bottiglia-vodou-papa-legba\/"]}]},{"@type":"ImageObject","inLanguage":"it-IT","@id":"https:\/\/ilcrogiuolo.it\/it\/p\/boutey-bottiglia-vodou-papa-legba\/#primaryimage","url":"https:\/\/ilcrogiuolo.it\/wp-content\/uploads\/2020\/07\/bouteybottigliavodouvood_5224945.jpg","contentUrl":"https:\/\/ilcrogiuolo.it\/wp-content\/uploads\/2020\/07\/bouteybottigliavodouvood_5224945.jpg","width":627,"height":600},{"@type":"BreadcrumbList","@id":"https:\/\/ilcrogiuolo.it\/it\/p\/boutey-bottiglia-vodou-papa-legba\/#breadcrumb","itemListElement":[{"@type":"ListItem","position":1,"name":"Home","item":"https:\/\/ilcrogiuolo.it\/it\/"},{"@type":"ListItem","position":2,"name":"Shop","item":"https:\/\/ilcrogiuolo.it\/it\/negozio\/"},{"@type":"ListItem","position":3,"name":"BOUTEY &#8211; BOTTIGLIA VODOU PAPA LEGBA"}]},{"@type":"WebSite","@id":"https:\/\/ilcrogiuolo.it\/it\/#website","url":"https:\/\/ilcrogiuolo.it\/it\/","name":"Il Crogiuolo","description":"","publisher":{"@id":"https:\/\/ilcrogiuolo.it\/it\/#organization"},"potentialAction":[{"@type":"SearchAction","target":{"@type":"EntryPoint","urlTemplate":"https:\/\/ilcrogiuolo.it\/it\/?s={search_term_string}"},"query-input":{"@type":"PropertyValueSpecification","valueRequired":true,"valueName":"search_term_string"}}],"inLanguage":"it-IT"},{"@type":"Organization","@id":"https:\/\/ilcrogiuolo.it\/it\/#organization","name":"Il Crogiuolo","url":"https:\/\/ilcrogiuolo.it\/it\/","logo":{"@type":"ImageObject","inLanguage":"it-IT","@id":"https:\/\/ilcrogiuolo.it\/it\/#\/schema\/logo\/image\/","url":"https:\/\/ilcrogiuolo.it\/wp-content\/uploads\/2020\/04\/logo.png","contentUrl":"https:\/\/ilcrogiuolo.it\/wp-content\/uploads\/2020\/04\/logo.png","width":200,"height":49,"caption":"Il Crogiuolo"},"image":{"@id":"https:\/\/ilcrogiuolo.it\/it\/#\/schema\/logo\/image\/"},"sameAs":["https:\/\/www.facebook.com\/Il-Crogiuolo-681876418491758"]}]}},"_links":{"self":[{"href":"https:\/\/ilcrogiuolo.it\/it\/wp-json\/wp\/v2\/product\/21947","targetHints":{"allow":["GET"]}}],"collection":[{"href":"https:\/\/ilcrogiuolo.it\/it\/wp-json\/wp\/v2\/product"}],"about":[{"href":"https:\/\/ilcrogiuolo.it\/it\/wp-json\/wp\/v2\/types\/product"}],"wp:featuredmedia":[{"embeddable":true,"href":"https:\/\/ilcrogiuolo.it\/it\/wp-json\/wp\/v2\/media\/21948"}],"wp:attachment":[{"href":"https:\/\/ilcrogiuolo.it\/it\/wp-json\/wp\/v2\/media?parent=21947"}],"wp:term":[{"taxonomy":"product_brand","embeddable":true,"href":"https:\/\/ilcrogiuolo.it\/it\/wp-json\/wp\/v2\/product_brand?post=21947"},{"taxonomy":"product_cat","embeddable":true,"href":"https:\/\/ilcrogiuolo.it\/it\/wp-json\/wp\/v2\/product_cat?post=21947"},{"taxonomy":"product_tag","embeddable":true,"href":"https:\/\/ilcrogiuolo.it\/it\/wp-json\/wp\/v2\/product_tag?post=21947"}],"curies":[{"name":"wp","href":"https:\/\/api.w.org\/{rel}","templated":true}]}}