{"id":2167,"date":"2020-01-14T17:04:33","date_gmt":"2020-01-14T16:04:33","guid":{"rendered":"https:\/\/ilcrogiuolo.it\/p\/rituale-delle-sette-croci\/"},"modified":"2021-06-09T11:23:36","modified_gmt":"2021-06-09T09:23:36","slug":"rituale-delle-sette-croci","status":"publish","type":"product","link":"https:\/\/ilcrogiuolo.it\/it\/p\/rituale-delle-sette-croci\/","title":{"rendered":"RITUALE DELLE SETTE CROCI"},"content":{"rendered":"<p>I Rituali sono tradotti fedelmente dalla tradizione a cui appartengono e al loro interno comprendono gli ingredienti tradizionali impiegati per realizzarli. Il Crogiuolo ve li propone come autentiche curiosit\u00e0 magiche, con gli ingredienti originali e le fedeli istruzioni. Questa pratica rituale, secondo quanto tramandato, ha il potere di chiudere le strade ad un nemico, dal momento che blocca ogni iniziativa questo intraprenda in qualsivoglia ambito. Il rituale \u00e8 rivolto ad Ex\u00f9 dos Sete Cruzeiros da Calunga ed \u00e8 una pratica che non va presa ssolutamente alla leggera dal momento che scatena tradizionalmente sull&#8217;avversario una vera e propria falange di anime che lo ostacoleranno in tutti i modi. IL CROGIUOLO non si ritiene responsabile per gli esiti di questo lavoro di Quimbanda. Lo stesso rituale \u00e8 disponibile\u00a0per SEPARAZIONE.<\/p>\n","protected":false},"excerpt":{"rendered":"<p>I Rituali sono tradotti fedelmente dalla tradizione a cui appartengono e al loro interno comprendono gli ingredienti tradizionali impiegati per&#8230;<\/p>\n","protected":false},"featured_media":2168,"template":"","meta":{"_acf_changed":false},"product_brand":[],"product_cat":[1079,1059,1306],"product_tag":[],"class_list":{"0":"post-2167","1":"product","2":"type-product","3":"status-publish","4":"has-post-thumbnail","6":"product_cat-rituali-afrobrasiliani-santeria","7":"product_cat-articoli-esoterici","8":"product_cat-rituali-di-separazione-attacco","10":"first","11":"instock","12":"taxable","13":"shipping-taxable","14":"purchasable","15":"product-type-simple","16":"add-to-wishlist-before_image"},"acf":[],"yoast_head":"<!-- This site is optimized with the Yoast SEO plugin v26.9 - https:\/\/yoast.com\/product\/yoast-seo-wordpress\/ -->\n<title>RITUALE DELLE SETTE CROCI - Il Crogiuolo<\/title>\n<meta name=\"description\" content=\"RITUALE DELLE SETTE CROCI I Rituali sono tradotti fedelmente dalla tradizione a cui appartengono e al loro interno comprendono gli ingredienti tradizionali impiegati per\" \/>\n<meta name=\"robots\" content=\"index, follow, max-snippet:-1, max-image-preview:large, max-video-preview:-1\" \/>\n<link rel=\"canonical\" href=\"https:\/\/ilcrogiuolo.it\/it\/p\/rituale-delle-sette-croci\/\" \/>\n<meta property=\"og:locale\" content=\"it_IT\" \/>\n<meta property=\"og:type\" content=\"article\" \/>\n<meta property=\"og:title\" content=\"RITUALE DELLE SETTE CROCI - Il Crogiuolo\" \/>\n<meta property=\"og:description\" content=\"RITUALE DELLE SETTE CROCI I Rituali sono tradotti fedelmente dalla tradizione a cui appartengono e al loro interno comprendono gli ingredienti tradizionali impiegati per\" \/>\n<meta property=\"og:url\" content=\"https:\/\/ilcrogiuolo.it\/it\/p\/rituale-delle-sette-croci\/\" \/>\n<meta property=\"og:site_name\" content=\"Il Crogiuolo\" \/>\n<meta property=\"article:publisher\" content=\"https:\/\/www.facebook.com\/Il-Crogiuolo-681876418491758\" \/>\n<meta property=\"article:modified_time\" content=\"2021-06-09T09:23:36+00:00\" \/>\n<meta property=\"og:image\" content=\"https:\/\/ilcrogiuolo.it\/wp-content\/uploads\/2020\/01\/settecroci_9329043.jpg\" \/>\n\t<meta property=\"og:image:width\" content=\"627\" \/>\n\t<meta property=\"og:image:height\" content=\"600\" \/>\n\t<meta property=\"og:image:type\" content=\"image\/jpeg\" \/>\n<meta name=\"twitter:card\" content=\"summary_large_image\" \/>\n<meta name=\"twitter:label1\" content=\"Tempo di lettura stimato\" \/>\n\t<meta name=\"twitter:data1\" content=\"1 minuto\" \/>\n<script type=\"application\/ld+json\" class=\"yoast-schema-graph\">{\"@context\":\"https:\/\/schema.org\",\"@graph\":[{\"@type\":\"WebPage\",\"@id\":\"https:\/\/ilcrogiuolo.it\/it\/p\/rituale-delle-sette-croci\/\",\"url\":\"https:\/\/ilcrogiuolo.it\/it\/p\/rituale-delle-sette-croci\/\",\"name\":\"RITUALE DELLE SETTE CROCI - Il Crogiuolo\",\"isPartOf\":{\"@id\":\"https:\/\/ilcrogiuolo.it\/it\/#website\"},\"primaryImageOfPage\":{\"@id\":\"https:\/\/ilcrogiuolo.it\/it\/p\/rituale-delle-sette-croci\/#primaryimage\"},\"image\":{\"@id\":\"https:\/\/ilcrogiuolo.it\/it\/p\/rituale-delle-sette-croci\/#primaryimage\"},\"thumbnailUrl\":\"https:\/\/ilcrogiuolo.it\/wp-content\/uploads\/2020\/01\/settecroci_9329043.jpg\",\"datePublished\":\"2020-01-14T16:04:33+00:00\",\"dateModified\":\"2021-06-09T09:23:36+00:00\",\"description\":\"RITUALE DELLE SETTE CROCI I Rituali sono tradotti fedelmente dalla tradizione a cui appartengono e al loro interno comprendono gli ingredienti tradizionali impiegati per\",\"breadcrumb\":{\"@id\":\"https:\/\/ilcrogiuolo.it\/it\/p\/rituale-delle-sette-croci\/#breadcrumb\"},\"inLanguage\":\"it-IT\",\"potentialAction\":[{\"@type\":\"ReadAction\",\"target\":[\"https:\/\/ilcrogiuolo.it\/it\/p\/rituale-delle-sette-croci\/\"]}]},{\"@type\":\"ImageObject\",\"inLanguage\":\"it-IT\",\"@id\":\"https:\/\/ilcrogiuolo.it\/it\/p\/rituale-delle-sette-croci\/#primaryimage\",\"url\":\"https:\/\/ilcrogiuolo.it\/wp-content\/uploads\/2020\/01\/settecroci_9329043.jpg\",\"contentUrl\":\"https:\/\/ilcrogiuolo.it\/wp-content\/uploads\/2020\/01\/settecroci_9329043.jpg\",\"width\":627,\"height\":600},{\"@type\":\"BreadcrumbList\",\"@id\":\"https:\/\/ilcrogiuolo.it\/it\/p\/rituale-delle-sette-croci\/#breadcrumb\",\"itemListElement\":[{\"@type\":\"ListItem\",\"position\":1,\"name\":\"Home\",\"item\":\"https:\/\/ilcrogiuolo.it\/it\/\"},{\"@type\":\"ListItem\",\"position\":2,\"name\":\"Shop\",\"item\":\"https:\/\/ilcrogiuolo.it\/it\/negozio\/\"},{\"@type\":\"ListItem\",\"position\":3,\"name\":\"RITUALE DELLE SETTE CROCI\"}]},{\"@type\":\"WebSite\",\"@id\":\"https:\/\/ilcrogiuolo.it\/it\/#website\",\"url\":\"https:\/\/ilcrogiuolo.it\/it\/\",\"name\":\"Il Crogiuolo\",\"description\":\"\",\"publisher\":{\"@id\":\"https:\/\/ilcrogiuolo.it\/it\/#organization\"},\"potentialAction\":[{\"@type\":\"SearchAction\",\"target\":{\"@type\":\"EntryPoint\",\"urlTemplate\":\"https:\/\/ilcrogiuolo.it\/it\/?s={search_term_string}\"},\"query-input\":{\"@type\":\"PropertyValueSpecification\",\"valueRequired\":true,\"valueName\":\"search_term_string\"}}],\"inLanguage\":\"it-IT\"},{\"@type\":\"Organization\",\"@id\":\"https:\/\/ilcrogiuolo.it\/it\/#organization\",\"name\":\"Il Crogiuolo\",\"url\":\"https:\/\/ilcrogiuolo.it\/it\/\",\"logo\":{\"@type\":\"ImageObject\",\"inLanguage\":\"it-IT\",\"@id\":\"https:\/\/ilcrogiuolo.it\/it\/#\/schema\/logo\/image\/\",\"url\":\"https:\/\/ilcrogiuolo.it\/wp-content\/uploads\/2020\/04\/logo.png\",\"contentUrl\":\"https:\/\/ilcrogiuolo.it\/wp-content\/uploads\/2020\/04\/logo.png\",\"width\":200,\"height\":49,\"caption\":\"Il Crogiuolo\"},\"image\":{\"@id\":\"https:\/\/ilcrogiuolo.it\/it\/#\/schema\/logo\/image\/\"},\"sameAs\":[\"https:\/\/www.facebook.com\/Il-Crogiuolo-681876418491758\"]}]}<\/script>\n<!-- \/ Yoast SEO plugin. -->","yoast_head_json":{"title":"RITUALE DELLE SETTE CROCI - Il Crogiuolo","description":"RITUALE DELLE SETTE CROCI I Rituali sono tradotti fedelmente dalla tradizione a cui appartengono e al loro interno comprendono gli ingredienti tradizionali impiegati per","robots":{"index":"index","follow":"follow","max-snippet":"max-snippet:-1","max-image-preview":"max-image-preview:large","max-video-preview":"max-video-preview:-1"},"canonical":"https:\/\/ilcrogiuolo.it\/it\/p\/rituale-delle-sette-croci\/","og_locale":"it_IT","og_type":"article","og_title":"RITUALE DELLE SETTE CROCI - Il Crogiuolo","og_description":"RITUALE DELLE SETTE CROCI I Rituali sono tradotti fedelmente dalla tradizione a cui appartengono e al loro interno comprendono gli ingredienti tradizionali impiegati per","og_url":"https:\/\/ilcrogiuolo.it\/it\/p\/rituale-delle-sette-croci\/","og_site_name":"Il Crogiuolo","article_publisher":"https:\/\/www.facebook.com\/Il-Crogiuolo-681876418491758","article_modified_time":"2021-06-09T09:23:36+00:00","og_image":[{"width":627,"height":600,"url":"https:\/\/ilcrogiuolo.it\/wp-content\/uploads\/2020\/01\/settecroci_9329043.jpg","type":"image\/jpeg"}],"twitter_card":"summary_large_image","twitter_misc":{"Tempo di lettura stimato":"1 minuto"},"schema":{"@context":"https:\/\/schema.org","@graph":[{"@type":"WebPage","@id":"https:\/\/ilcrogiuolo.it\/it\/p\/rituale-delle-sette-croci\/","url":"https:\/\/ilcrogiuolo.it\/it\/p\/rituale-delle-sette-croci\/","name":"RITUALE DELLE SETTE CROCI - Il Crogiuolo","isPartOf":{"@id":"https:\/\/ilcrogiuolo.it\/it\/#website"},"primaryImageOfPage":{"@id":"https:\/\/ilcrogiuolo.it\/it\/p\/rituale-delle-sette-croci\/#primaryimage"},"image":{"@id":"https:\/\/ilcrogiuolo.it\/it\/p\/rituale-delle-sette-croci\/#primaryimage"},"thumbnailUrl":"https:\/\/ilcrogiuolo.it\/wp-content\/uploads\/2020\/01\/settecroci_9329043.jpg","datePublished":"2020-01-14T16:04:33+00:00","dateModified":"2021-06-09T09:23:36+00:00","description":"RITUALE DELLE SETTE CROCI I Rituali sono tradotti fedelmente dalla tradizione a cui appartengono e al loro interno comprendono gli ingredienti tradizionali impiegati per","breadcrumb":{"@id":"https:\/\/ilcrogiuolo.it\/it\/p\/rituale-delle-sette-croci\/#breadcrumb"},"inLanguage":"it-IT","potentialAction":[{"@type":"ReadAction","target":["https:\/\/ilcrogiuolo.it\/it\/p\/rituale-delle-sette-croci\/"]}]},{"@type":"ImageObject","inLanguage":"it-IT","@id":"https:\/\/ilcrogiuolo.it\/it\/p\/rituale-delle-sette-croci\/#primaryimage","url":"https:\/\/ilcrogiuolo.it\/wp-content\/uploads\/2020\/01\/settecroci_9329043.jpg","contentUrl":"https:\/\/ilcrogiuolo.it\/wp-content\/uploads\/2020\/01\/settecroci_9329043.jpg","width":627,"height":600},{"@type":"BreadcrumbList","@id":"https:\/\/ilcrogiuolo.it\/it\/p\/rituale-delle-sette-croci\/#breadcrumb","itemListElement":[{"@type":"ListItem","position":1,"name":"Home","item":"https:\/\/ilcrogiuolo.it\/it\/"},{"@type":"ListItem","position":2,"name":"Shop","item":"https:\/\/ilcrogiuolo.it\/it\/negozio\/"},{"@type":"ListItem","position":3,"name":"RITUALE DELLE SETTE CROCI"}]},{"@type":"WebSite","@id":"https:\/\/ilcrogiuolo.it\/it\/#website","url":"https:\/\/ilcrogiuolo.it\/it\/","name":"Il Crogiuolo","description":"","publisher":{"@id":"https:\/\/ilcrogiuolo.it\/it\/#organization"},"potentialAction":[{"@type":"SearchAction","target":{"@type":"EntryPoint","urlTemplate":"https:\/\/ilcrogiuolo.it\/it\/?s={search_term_string}"},"query-input":{"@type":"PropertyValueSpecification","valueRequired":true,"valueName":"search_term_string"}}],"inLanguage":"it-IT"},{"@type":"Organization","@id":"https:\/\/ilcrogiuolo.it\/it\/#organization","name":"Il Crogiuolo","url":"https:\/\/ilcrogiuolo.it\/it\/","logo":{"@type":"ImageObject","inLanguage":"it-IT","@id":"https:\/\/ilcrogiuolo.it\/it\/#\/schema\/logo\/image\/","url":"https:\/\/ilcrogiuolo.it\/wp-content\/uploads\/2020\/04\/logo.png","contentUrl":"https:\/\/ilcrogiuolo.it\/wp-content\/uploads\/2020\/04\/logo.png","width":200,"height":49,"caption":"Il Crogiuolo"},"image":{"@id":"https:\/\/ilcrogiuolo.it\/it\/#\/schema\/logo\/image\/"},"sameAs":["https:\/\/www.facebook.com\/Il-Crogiuolo-681876418491758"]}]}},"_links":{"self":[{"href":"https:\/\/ilcrogiuolo.it\/it\/wp-json\/wp\/v2\/product\/2167","targetHints":{"allow":["GET"]}}],"collection":[{"href":"https:\/\/ilcrogiuolo.it\/it\/wp-json\/wp\/v2\/product"}],"about":[{"href":"https:\/\/ilcrogiuolo.it\/it\/wp-json\/wp\/v2\/types\/product"}],"wp:featuredmedia":[{"embeddable":true,"href":"https:\/\/ilcrogiuolo.it\/it\/wp-json\/wp\/v2\/media\/2168"}],"wp:attachment":[{"href":"https:\/\/ilcrogiuolo.it\/it\/wp-json\/wp\/v2\/media?parent=2167"}],"wp:term":[{"taxonomy":"product_brand","embeddable":true,"href":"https:\/\/ilcrogiuolo.it\/it\/wp-json\/wp\/v2\/product_brand?post=2167"},{"taxonomy":"product_cat","embeddable":true,"href":"https:\/\/ilcrogiuolo.it\/it\/wp-json\/wp\/v2\/product_cat?post=2167"},{"taxonomy":"product_tag","embeddable":true,"href":"https:\/\/ilcrogiuolo.it\/it\/wp-json\/wp\/v2\/product_tag?post=2167"}],"curies":[{"name":"wp","href":"https:\/\/api.w.org\/{rel}","templated":true}]}}