{"id":2158,"date":"2020-01-14T17:04:33","date_gmt":"2020-01-14T16:04:33","guid":{"rendered":"https:\/\/ilcrogiuolo.it\/p\/polvere-saca-lo-malo-contra-cast-off-evil-powder\/"},"modified":"2024-01-25T17:23:29","modified_gmt":"2024-01-25T16:23:29","slug":"polvere-saca-lo-malo-contra-cast-off-evil-powder","status":"publish","type":"product","link":"https:\/\/ilcrogiuolo.it\/it\/p\/polvere-saca-lo-malo-contra-cast-off-evil-powder\/","title":{"rendered":"POLVERE SACA LO MALO (CONTRA) &#8211; CAST OFF EVIL POWDER"},"content":{"rendered":"<p>Le polveri voodoo utilizzate nella spiritualit\u00e0 della tradizione Voodoo di Santo Domingo e di New Orleans sono talchi aromatici composti da erbe ed essenze che hanno una affinit\u00e0 e una complicit\u00e0 simbolica con il nome che portano. Non sono prodotti n\u00e8 commestibili n\u00e8 cosmetici. Il Crogiuolo ve li propone come originali prodotti impiegati nella spiritualit\u00e0 Voodoo. Ecco quello che tramanda la tradizione circa il suo uso: Questa polvere si utilizza per togliere vizi o dipendenze di qualsiasi genere (fumo, alcol, droghe&#8230;plagi) da un individuo. Preparata con erbe ed essenze naturali che secondo la tradizione agiscono in tal senso, pu\u00f2 essere utilizzata su fotografia o sparsa nelle scarpe o sotto il letto della persona su cui si vuole agire. Rende le persone migliori e favorisce la consapevolezza, dal momento che agisce direttamente sul comportamento eliminando le tare e favorendo mente lucida e razionale. Si pu\u00f2 utilizzare anche in quei casi in cui un individuo sia sotto l&#8217;effetto di fatture atte a modificare il comportamento, dal momento che ana gli effetti di influenze esterne negative.<\/p>\n","protected":false},"excerpt":{"rendered":"<p>Le polveri voodoo utilizzate nella spiritualit\u00e0 della tradizione Voodoo di Santo Domingo e di New Orleans sono talchi aromatici composti&#8230;<\/p>\n","protected":false},"featured_media":44928,"template":"","meta":{"_acf_changed":false},"product_brand":[],"product_cat":[1081,1059,1280],"product_tag":[],"class_list":{"0":"post-2158","1":"product","2":"type-product","3":"status-publish","4":"has-post-thumbnail","6":"product_cat-polveri-esoteriche-e-pembas","7":"product_cat-articoli-esoterici","8":"product_cat-polveri-esoteriche-di-purificazione-di-potere-dominio-axe-e-denaro","10":"first","11":"instock","12":"taxable","13":"shipping-taxable","14":"purchasable","15":"product-type-simple","16":"add-to-wishlist-before_image"},"acf":[],"yoast_head":"<!-- This site is optimized with the Yoast SEO plugin v26.9 - https:\/\/yoast.com\/product\/yoast-seo-wordpress\/ -->\n<title>POLVERE SACA LO MALO (CONTRA) - CAST OFF EVIL POWDER - Il Crogiuolo<\/title>\n<meta name=\"description\" content=\"POLVERE SACA LO MALO (CONTRA) - CAST OFF EVIL POWDER Le polveri voodoo utilizzate nella spiritualit\u00e0 della tradizione Voodoo di Santo Domingo e di New Orleans sono talchi aromatici composti da erbe ed\" \/>\n<meta name=\"robots\" content=\"index, follow, max-snippet:-1, max-image-preview:large, max-video-preview:-1\" \/>\n<link rel=\"canonical\" href=\"https:\/\/ilcrogiuolo.it\/it\/p\/polvere-saca-lo-malo-contra-cast-off-evil-powder\/\" \/>\n<meta property=\"og:locale\" content=\"it_IT\" \/>\n<meta property=\"og:type\" content=\"article\" \/>\n<meta property=\"og:title\" content=\"POLVERE SACA LO MALO (CONTRA) - CAST OFF EVIL POWDER - Il Crogiuolo\" \/>\n<meta property=\"og:description\" content=\"POLVERE SACA LO MALO (CONTRA) - CAST OFF EVIL POWDER Le polveri voodoo utilizzate nella spiritualit\u00e0 della tradizione Voodoo di Santo Domingo e di New Orleans sono talchi aromatici composti da erbe ed\" \/>\n<meta property=\"og:url\" content=\"https:\/\/ilcrogiuolo.it\/it\/p\/polvere-saca-lo-malo-contra-cast-off-evil-powder\/\" \/>\n<meta property=\"og:site_name\" content=\"Il Crogiuolo\" \/>\n<meta property=\"article:publisher\" content=\"https:\/\/www.facebook.com\/Il-Crogiuolo-681876418491758\" \/>\n<meta property=\"article:modified_time\" content=\"2024-01-25T16:23:29+00:00\" \/>\n<meta property=\"og:image\" content=\"https:\/\/ilcrogiuolo.it\/wp-content\/uploads\/2020\/01\/saca-lo-malo.png\" \/>\n\t<meta property=\"og:image:width\" content=\"627\" \/>\n\t<meta property=\"og:image:height\" content=\"600\" \/>\n\t<meta property=\"og:image:type\" content=\"image\/png\" \/>\n<meta name=\"twitter:card\" content=\"summary_large_image\" \/>\n<meta name=\"twitter:label1\" content=\"Tempo di lettura stimato\" \/>\n\t<meta name=\"twitter:data1\" content=\"1 minuto\" \/>\n<script type=\"application\/ld+json\" class=\"yoast-schema-graph\">{\"@context\":\"https:\/\/schema.org\",\"@graph\":[{\"@type\":\"WebPage\",\"@id\":\"https:\/\/ilcrogiuolo.it\/it\/p\/polvere-saca-lo-malo-contra-cast-off-evil-powder\/\",\"url\":\"https:\/\/ilcrogiuolo.it\/it\/p\/polvere-saca-lo-malo-contra-cast-off-evil-powder\/\",\"name\":\"POLVERE SACA LO MALO (CONTRA) - CAST OFF EVIL POWDER - Il Crogiuolo\",\"isPartOf\":{\"@id\":\"https:\/\/ilcrogiuolo.it\/it\/#website\"},\"primaryImageOfPage\":{\"@id\":\"https:\/\/ilcrogiuolo.it\/it\/p\/polvere-saca-lo-malo-contra-cast-off-evil-powder\/#primaryimage\"},\"image\":{\"@id\":\"https:\/\/ilcrogiuolo.it\/it\/p\/polvere-saca-lo-malo-contra-cast-off-evil-powder\/#primaryimage\"},\"thumbnailUrl\":\"https:\/\/ilcrogiuolo.it\/wp-content\/uploads\/2020\/01\/saca-lo-malo.png\",\"datePublished\":\"2020-01-14T16:04:33+00:00\",\"dateModified\":\"2024-01-25T16:23:29+00:00\",\"description\":\"POLVERE SACA LO MALO (CONTRA) - CAST OFF EVIL POWDER Le polveri voodoo utilizzate nella spiritualit\u00e0 della tradizione Voodoo di Santo Domingo e di New Orleans sono talchi aromatici composti da erbe ed\",\"breadcrumb\":{\"@id\":\"https:\/\/ilcrogiuolo.it\/it\/p\/polvere-saca-lo-malo-contra-cast-off-evil-powder\/#breadcrumb\"},\"inLanguage\":\"it-IT\",\"potentialAction\":[{\"@type\":\"ReadAction\",\"target\":[\"https:\/\/ilcrogiuolo.it\/it\/p\/polvere-saca-lo-malo-contra-cast-off-evil-powder\/\"]}]},{\"@type\":\"ImageObject\",\"inLanguage\":\"it-IT\",\"@id\":\"https:\/\/ilcrogiuolo.it\/it\/p\/polvere-saca-lo-malo-contra-cast-off-evil-powder\/#primaryimage\",\"url\":\"https:\/\/ilcrogiuolo.it\/wp-content\/uploads\/2020\/01\/saca-lo-malo.png\",\"contentUrl\":\"https:\/\/ilcrogiuolo.it\/wp-content\/uploads\/2020\/01\/saca-lo-malo.png\",\"width\":627,\"height\":600},{\"@type\":\"BreadcrumbList\",\"@id\":\"https:\/\/ilcrogiuolo.it\/it\/p\/polvere-saca-lo-malo-contra-cast-off-evil-powder\/#breadcrumb\",\"itemListElement\":[{\"@type\":\"ListItem\",\"position\":1,\"name\":\"Home\",\"item\":\"https:\/\/ilcrogiuolo.it\/it\/\"},{\"@type\":\"ListItem\",\"position\":2,\"name\":\"Shop\",\"item\":\"https:\/\/ilcrogiuolo.it\/it\/negozio\/\"},{\"@type\":\"ListItem\",\"position\":3,\"name\":\"POLVERE SACA LO MALO (CONTRA) &#8211; CAST OFF EVIL POWDER\"}]},{\"@type\":\"WebSite\",\"@id\":\"https:\/\/ilcrogiuolo.it\/it\/#website\",\"url\":\"https:\/\/ilcrogiuolo.it\/it\/\",\"name\":\"Il Crogiuolo\",\"description\":\"\",\"publisher\":{\"@id\":\"https:\/\/ilcrogiuolo.it\/it\/#organization\"},\"potentialAction\":[{\"@type\":\"SearchAction\",\"target\":{\"@type\":\"EntryPoint\",\"urlTemplate\":\"https:\/\/ilcrogiuolo.it\/it\/?s={search_term_string}\"},\"query-input\":{\"@type\":\"PropertyValueSpecification\",\"valueRequired\":true,\"valueName\":\"search_term_string\"}}],\"inLanguage\":\"it-IT\"},{\"@type\":\"Organization\",\"@id\":\"https:\/\/ilcrogiuolo.it\/it\/#organization\",\"name\":\"Il Crogiuolo\",\"url\":\"https:\/\/ilcrogiuolo.it\/it\/\",\"logo\":{\"@type\":\"ImageObject\",\"inLanguage\":\"it-IT\",\"@id\":\"https:\/\/ilcrogiuolo.it\/it\/#\/schema\/logo\/image\/\",\"url\":\"https:\/\/ilcrogiuolo.it\/wp-content\/uploads\/2020\/04\/logo.png\",\"contentUrl\":\"https:\/\/ilcrogiuolo.it\/wp-content\/uploads\/2020\/04\/logo.png\",\"width\":200,\"height\":49,\"caption\":\"Il Crogiuolo\"},\"image\":{\"@id\":\"https:\/\/ilcrogiuolo.it\/it\/#\/schema\/logo\/image\/\"},\"sameAs\":[\"https:\/\/www.facebook.com\/Il-Crogiuolo-681876418491758\"]}]}<\/script>\n<!-- \/ Yoast SEO plugin. -->","yoast_head_json":{"title":"POLVERE SACA LO MALO (CONTRA) - CAST OFF EVIL POWDER - Il Crogiuolo","description":"POLVERE SACA LO MALO (CONTRA) - CAST OFF EVIL POWDER Le polveri voodoo utilizzate nella spiritualit\u00e0 della tradizione Voodoo di Santo Domingo e di New Orleans sono talchi aromatici composti da erbe ed","robots":{"index":"index","follow":"follow","max-snippet":"max-snippet:-1","max-image-preview":"max-image-preview:large","max-video-preview":"max-video-preview:-1"},"canonical":"https:\/\/ilcrogiuolo.it\/it\/p\/polvere-saca-lo-malo-contra-cast-off-evil-powder\/","og_locale":"it_IT","og_type":"article","og_title":"POLVERE SACA LO MALO (CONTRA) - CAST OFF EVIL POWDER - Il Crogiuolo","og_description":"POLVERE SACA LO MALO (CONTRA) - CAST OFF EVIL POWDER Le polveri voodoo utilizzate nella spiritualit\u00e0 della tradizione Voodoo di Santo Domingo e di New Orleans sono talchi aromatici composti da erbe ed","og_url":"https:\/\/ilcrogiuolo.it\/it\/p\/polvere-saca-lo-malo-contra-cast-off-evil-powder\/","og_site_name":"Il Crogiuolo","article_publisher":"https:\/\/www.facebook.com\/Il-Crogiuolo-681876418491758","article_modified_time":"2024-01-25T16:23:29+00:00","og_image":[{"width":627,"height":600,"url":"https:\/\/ilcrogiuolo.it\/wp-content\/uploads\/2020\/01\/saca-lo-malo.png","type":"image\/png"}],"twitter_card":"summary_large_image","twitter_misc":{"Tempo di lettura stimato":"1 minuto"},"schema":{"@context":"https:\/\/schema.org","@graph":[{"@type":"WebPage","@id":"https:\/\/ilcrogiuolo.it\/it\/p\/polvere-saca-lo-malo-contra-cast-off-evil-powder\/","url":"https:\/\/ilcrogiuolo.it\/it\/p\/polvere-saca-lo-malo-contra-cast-off-evil-powder\/","name":"POLVERE SACA LO MALO (CONTRA) - CAST OFF EVIL POWDER - Il Crogiuolo","isPartOf":{"@id":"https:\/\/ilcrogiuolo.it\/it\/#website"},"primaryImageOfPage":{"@id":"https:\/\/ilcrogiuolo.it\/it\/p\/polvere-saca-lo-malo-contra-cast-off-evil-powder\/#primaryimage"},"image":{"@id":"https:\/\/ilcrogiuolo.it\/it\/p\/polvere-saca-lo-malo-contra-cast-off-evil-powder\/#primaryimage"},"thumbnailUrl":"https:\/\/ilcrogiuolo.it\/wp-content\/uploads\/2020\/01\/saca-lo-malo.png","datePublished":"2020-01-14T16:04:33+00:00","dateModified":"2024-01-25T16:23:29+00:00","description":"POLVERE SACA LO MALO (CONTRA) - CAST OFF EVIL POWDER Le polveri voodoo utilizzate nella spiritualit\u00e0 della tradizione Voodoo di Santo Domingo e di New Orleans sono talchi aromatici composti da erbe ed","breadcrumb":{"@id":"https:\/\/ilcrogiuolo.it\/it\/p\/polvere-saca-lo-malo-contra-cast-off-evil-powder\/#breadcrumb"},"inLanguage":"it-IT","potentialAction":[{"@type":"ReadAction","target":["https:\/\/ilcrogiuolo.it\/it\/p\/polvere-saca-lo-malo-contra-cast-off-evil-powder\/"]}]},{"@type":"ImageObject","inLanguage":"it-IT","@id":"https:\/\/ilcrogiuolo.it\/it\/p\/polvere-saca-lo-malo-contra-cast-off-evil-powder\/#primaryimage","url":"https:\/\/ilcrogiuolo.it\/wp-content\/uploads\/2020\/01\/saca-lo-malo.png","contentUrl":"https:\/\/ilcrogiuolo.it\/wp-content\/uploads\/2020\/01\/saca-lo-malo.png","width":627,"height":600},{"@type":"BreadcrumbList","@id":"https:\/\/ilcrogiuolo.it\/it\/p\/polvere-saca-lo-malo-contra-cast-off-evil-powder\/#breadcrumb","itemListElement":[{"@type":"ListItem","position":1,"name":"Home","item":"https:\/\/ilcrogiuolo.it\/it\/"},{"@type":"ListItem","position":2,"name":"Shop","item":"https:\/\/ilcrogiuolo.it\/it\/negozio\/"},{"@type":"ListItem","position":3,"name":"POLVERE SACA LO MALO (CONTRA) &#8211; CAST OFF EVIL POWDER"}]},{"@type":"WebSite","@id":"https:\/\/ilcrogiuolo.it\/it\/#website","url":"https:\/\/ilcrogiuolo.it\/it\/","name":"Il Crogiuolo","description":"","publisher":{"@id":"https:\/\/ilcrogiuolo.it\/it\/#organization"},"potentialAction":[{"@type":"SearchAction","target":{"@type":"EntryPoint","urlTemplate":"https:\/\/ilcrogiuolo.it\/it\/?s={search_term_string}"},"query-input":{"@type":"PropertyValueSpecification","valueRequired":true,"valueName":"search_term_string"}}],"inLanguage":"it-IT"},{"@type":"Organization","@id":"https:\/\/ilcrogiuolo.it\/it\/#organization","name":"Il Crogiuolo","url":"https:\/\/ilcrogiuolo.it\/it\/","logo":{"@type":"ImageObject","inLanguage":"it-IT","@id":"https:\/\/ilcrogiuolo.it\/it\/#\/schema\/logo\/image\/","url":"https:\/\/ilcrogiuolo.it\/wp-content\/uploads\/2020\/04\/logo.png","contentUrl":"https:\/\/ilcrogiuolo.it\/wp-content\/uploads\/2020\/04\/logo.png","width":200,"height":49,"caption":"Il Crogiuolo"},"image":{"@id":"https:\/\/ilcrogiuolo.it\/it\/#\/schema\/logo\/image\/"},"sameAs":["https:\/\/www.facebook.com\/Il-Crogiuolo-681876418491758"]}]}},"_links":{"self":[{"href":"https:\/\/ilcrogiuolo.it\/it\/wp-json\/wp\/v2\/product\/2158","targetHints":{"allow":["GET"]}}],"collection":[{"href":"https:\/\/ilcrogiuolo.it\/it\/wp-json\/wp\/v2\/product"}],"about":[{"href":"https:\/\/ilcrogiuolo.it\/it\/wp-json\/wp\/v2\/types\/product"}],"wp:featuredmedia":[{"embeddable":true,"href":"https:\/\/ilcrogiuolo.it\/it\/wp-json\/wp\/v2\/media\/44928"}],"wp:attachment":[{"href":"https:\/\/ilcrogiuolo.it\/it\/wp-json\/wp\/v2\/media?parent=2158"}],"wp:term":[{"taxonomy":"product_brand","embeddable":true,"href":"https:\/\/ilcrogiuolo.it\/it\/wp-json\/wp\/v2\/product_brand?post=2158"},{"taxonomy":"product_cat","embeddable":true,"href":"https:\/\/ilcrogiuolo.it\/it\/wp-json\/wp\/v2\/product_cat?post=2158"},{"taxonomy":"product_tag","embeddable":true,"href":"https:\/\/ilcrogiuolo.it\/it\/wp-json\/wp\/v2\/product_tag?post=2158"}],"curies":[{"name":"wp","href":"https:\/\/api.w.org\/{rel}","templated":true}]}}