{"id":21550,"date":"2020-05-13T18:39:31","date_gmt":"2020-05-13T16:39:31","guid":{"rendered":"https:\/\/ilcrogiuolo.it\/?post_type=product&#038;p=21550"},"modified":"2020-07-29T13:01:19","modified_gmt":"2020-07-29T11:01:19","slug":"la-qabalah-mistica","status":"publish","type":"product","link":"https:\/\/ilcrogiuolo.it\/it\/p\/la-qabalah-mistica\/","title":{"rendered":"LA QABALAH MISTICA"},"content":{"rendered":"<p>La Qabalah \u00e8 il tradizionale sistema mistico di Israele. Essa ha costituito anche la base della magia medievale.<br \/>\nMcGregor Mathers, Winn Westcott e altri moderni Qabalisti hanno fatto uso dell&#8217;Albero della Vita, il curioso diagramma che \u00e8 la chiave della Qabalah pratica, come sistema di illuminismo.<br \/>\nQuesto libro \u00e8 l&#8217;opera di moderni Qabalisti come contributo alla psicologia dell\u2019esperienza mistica ed illumina notevolmente anche la natura della religione primigenia e del culto del mistero.<br \/>\nDion Fortune ha scritto molti libri degni di nota in tema esoterico, tra cui uno dei pi\u00f9 importanti testi riguardo la Qabalah che ancora oggi, dopo quasi un secolo, \u00e8 un classico in materia: \u201cLa Qabalah Mistica\u201d.<br \/>\nLa Qabalah mistica, prima edizione del 1935, approfondisce gli aspetti della Qabalah, e costituisce il fondamento della \u201cWestern Mystery Tradition\u201d.<br \/>\nVi sono numerosi testi che descrivono in modo eccellente la Qabalah e le relative Sephiroth, che analizzano le corrispondenze, cos\u00ec importanti per l\u2019applicazione al lavoro pratico, che valutano approfonditamente le relazioni con i Nomi di Potere, con gli D\u00e8i, con i Pianeti, la relativa simbologia e tutto ci\u00f2 che una manifestazione Sephirotica pu\u00f2 rappresentare, ma \u00e8 impossibile non ribadire che la \u201cQabalah Mistica\u201d \u00e8 un testo che va ben oltre la spiegazione approfondita.<br \/>\nQuesto Libro si occupa dell\u2019aspetto vibrazionale di questo meraviglioso Glifo Composito, correlandone i vari aspetti anche alla Vita Terrena, nel Mondo in cui viviamo e di cui facciamo parte.<br \/>\nIl Sentirsi parte di una Sephirah \u00e8 differente dal fare una meditazione su di essa, e soltanto quando ti ritrovi ad \u201cEssere una manifestazione\u201d puoi dire di aver acceso la Luce dentro te, per questo motivo Dion Fortune \u00e8 riuscita a spiegare in modo esaustivo ogni aspetto della manifestazione della Santa Qabalah.<br \/>\nLa caratteristica della manifestazione di ogni Sephirah, ha il suo aspetto terreno, nella nostra vita corrente, come una corrente riflessa nello specchio della vita e Dion Fortune, anche in questo tema \u00e8 riuscita ad evidenziarne l\u2019Essenza.<\/p>\n","protected":false},"excerpt":{"rendered":"<p>La Qabalah \u00e8 il tradizionale sistema mistico di Israele. Essa ha costituito anche la base della magia medievale. McGregor Mathers,&#8230;<\/p>\n","protected":false},"featured_media":21551,"template":"","meta":{"_acf_changed":false},"product_brand":[],"product_cat":[1077,1470,1060],"product_tag":[],"class_list":{"0":"post-21550","1":"product","2":"type-product","3":"status-publish","4":"has-post-thumbnail","6":"product_cat-libreria-esoterica-libreria-esoterica","7":"product_cat-edizioni-psiche-2","8":"product_cat-libreria-esoterica","10":"first","11":"instock","12":"taxable","13":"shipping-taxable","14":"purchasable","15":"product-type-simple","16":"add-to-wishlist-before_image"},"acf":[],"yoast_head":"<!-- This site is optimized with the Yoast SEO plugin v26.9 - https:\/\/yoast.com\/product\/yoast-seo-wordpress\/ -->\n<title>LA QABALAH MISTICA - Il Crogiuolo<\/title>\n<meta name=\"description\" content=\"LA QABALAH MISTICA La Qabalah \u00e8 il tradizionale sistema mistico di Israele. Essa ha costituito anche la base della magia medievale. McGregor Mathers, Winn Westcott e altri\" \/>\n<meta name=\"robots\" content=\"index, follow, max-snippet:-1, max-image-preview:large, max-video-preview:-1\" \/>\n<link rel=\"canonical\" href=\"https:\/\/ilcrogiuolo.it\/it\/p\/la-qabalah-mistica\/\" \/>\n<meta property=\"og:locale\" content=\"it_IT\" \/>\n<meta property=\"og:type\" content=\"article\" \/>\n<meta property=\"og:title\" content=\"LA QABALAH MISTICA - Il Crogiuolo\" \/>\n<meta property=\"og:description\" content=\"LA QABALAH MISTICA La Qabalah \u00e8 il tradizionale sistema mistico di Israele. Essa ha costituito anche la base della magia medievale. McGregor Mathers, Winn Westcott e altri\" \/>\n<meta property=\"og:url\" content=\"https:\/\/ilcrogiuolo.it\/it\/p\/la-qabalah-mistica\/\" \/>\n<meta property=\"og:site_name\" content=\"Il Crogiuolo\" \/>\n<meta property=\"article:publisher\" content=\"https:\/\/www.facebook.com\/Il-Crogiuolo-681876418491758\" \/>\n<meta property=\"article:modified_time\" content=\"2020-07-29T11:01:19+00:00\" \/>\n<meta property=\"og:image\" content=\"https:\/\/ilcrogiuolo.it\/wp-content\/uploads\/2020\/05\/qabalahmisticadionfortun_9411861.jpg\" \/>\n\t<meta property=\"og:image:width\" content=\"627\" \/>\n\t<meta property=\"og:image:height\" content=\"600\" \/>\n\t<meta property=\"og:image:type\" content=\"image\/gif\" \/>\n<meta name=\"twitter:card\" content=\"summary_large_image\" \/>\n<meta name=\"twitter:label1\" content=\"Tempo di lettura stimato\" \/>\n\t<meta name=\"twitter:data1\" content=\"2 minuti\" \/>\n<script type=\"application\/ld+json\" class=\"yoast-schema-graph\">{\"@context\":\"https:\/\/schema.org\",\"@graph\":[{\"@type\":\"WebPage\",\"@id\":\"https:\/\/ilcrogiuolo.it\/it\/p\/la-qabalah-mistica\/\",\"url\":\"https:\/\/ilcrogiuolo.it\/it\/p\/la-qabalah-mistica\/\",\"name\":\"LA QABALAH MISTICA - Il Crogiuolo\",\"isPartOf\":{\"@id\":\"https:\/\/ilcrogiuolo.it\/it\/#website\"},\"primaryImageOfPage\":{\"@id\":\"https:\/\/ilcrogiuolo.it\/it\/p\/la-qabalah-mistica\/#primaryimage\"},\"image\":{\"@id\":\"https:\/\/ilcrogiuolo.it\/it\/p\/la-qabalah-mistica\/#primaryimage\"},\"thumbnailUrl\":\"https:\/\/ilcrogiuolo.it\/wp-content\/uploads\/2020\/05\/qabalahmisticadionfortun_9411861.jpg\",\"datePublished\":\"2020-05-13T16:39:31+00:00\",\"dateModified\":\"2020-07-29T11:01:19+00:00\",\"description\":\"LA QABALAH MISTICA La Qabalah \u00e8 il tradizionale sistema mistico di Israele. Essa ha costituito anche la base della magia medievale. McGregor Mathers, Winn Westcott e altri\",\"breadcrumb\":{\"@id\":\"https:\/\/ilcrogiuolo.it\/it\/p\/la-qabalah-mistica\/#breadcrumb\"},\"inLanguage\":\"it-IT\",\"potentialAction\":[{\"@type\":\"ReadAction\",\"target\":[\"https:\/\/ilcrogiuolo.it\/it\/p\/la-qabalah-mistica\/\"]}]},{\"@type\":\"ImageObject\",\"inLanguage\":\"it-IT\",\"@id\":\"https:\/\/ilcrogiuolo.it\/it\/p\/la-qabalah-mistica\/#primaryimage\",\"url\":\"https:\/\/ilcrogiuolo.it\/wp-content\/uploads\/2020\/05\/qabalahmisticadionfortun_9411861.jpg\",\"contentUrl\":\"https:\/\/ilcrogiuolo.it\/wp-content\/uploads\/2020\/05\/qabalahmisticadionfortun_9411861.jpg\",\"width\":627,\"height\":600},{\"@type\":\"BreadcrumbList\",\"@id\":\"https:\/\/ilcrogiuolo.it\/it\/p\/la-qabalah-mistica\/#breadcrumb\",\"itemListElement\":[{\"@type\":\"ListItem\",\"position\":1,\"name\":\"Home\",\"item\":\"https:\/\/ilcrogiuolo.it\/it\/\"},{\"@type\":\"ListItem\",\"position\":2,\"name\":\"Shop\",\"item\":\"https:\/\/ilcrogiuolo.it\/it\/negozio\/\"},{\"@type\":\"ListItem\",\"position\":3,\"name\":\"LA QABALAH MISTICA\"}]},{\"@type\":\"WebSite\",\"@id\":\"https:\/\/ilcrogiuolo.it\/it\/#website\",\"url\":\"https:\/\/ilcrogiuolo.it\/it\/\",\"name\":\"Il Crogiuolo\",\"description\":\"\",\"publisher\":{\"@id\":\"https:\/\/ilcrogiuolo.it\/it\/#organization\"},\"potentialAction\":[{\"@type\":\"SearchAction\",\"target\":{\"@type\":\"EntryPoint\",\"urlTemplate\":\"https:\/\/ilcrogiuolo.it\/it\/?s={search_term_string}\"},\"query-input\":{\"@type\":\"PropertyValueSpecification\",\"valueRequired\":true,\"valueName\":\"search_term_string\"}}],\"inLanguage\":\"it-IT\"},{\"@type\":\"Organization\",\"@id\":\"https:\/\/ilcrogiuolo.it\/it\/#organization\",\"name\":\"Il Crogiuolo\",\"url\":\"https:\/\/ilcrogiuolo.it\/it\/\",\"logo\":{\"@type\":\"ImageObject\",\"inLanguage\":\"it-IT\",\"@id\":\"https:\/\/ilcrogiuolo.it\/it\/#\/schema\/logo\/image\/\",\"url\":\"https:\/\/ilcrogiuolo.it\/wp-content\/uploads\/2020\/04\/logo.png\",\"contentUrl\":\"https:\/\/ilcrogiuolo.it\/wp-content\/uploads\/2020\/04\/logo.png\",\"width\":200,\"height\":49,\"caption\":\"Il Crogiuolo\"},\"image\":{\"@id\":\"https:\/\/ilcrogiuolo.it\/it\/#\/schema\/logo\/image\/\"},\"sameAs\":[\"https:\/\/www.facebook.com\/Il-Crogiuolo-681876418491758\"]}]}<\/script>\n<!-- \/ Yoast SEO plugin. -->","yoast_head_json":{"title":"LA QABALAH MISTICA - Il Crogiuolo","description":"LA QABALAH MISTICA La Qabalah \u00e8 il tradizionale sistema mistico di Israele. Essa ha costituito anche la base della magia medievale. McGregor Mathers, Winn Westcott e altri","robots":{"index":"index","follow":"follow","max-snippet":"max-snippet:-1","max-image-preview":"max-image-preview:large","max-video-preview":"max-video-preview:-1"},"canonical":"https:\/\/ilcrogiuolo.it\/it\/p\/la-qabalah-mistica\/","og_locale":"it_IT","og_type":"article","og_title":"LA QABALAH MISTICA - Il Crogiuolo","og_description":"LA QABALAH MISTICA La Qabalah \u00e8 il tradizionale sistema mistico di Israele. Essa ha costituito anche la base della magia medievale. McGregor Mathers, Winn Westcott e altri","og_url":"https:\/\/ilcrogiuolo.it\/it\/p\/la-qabalah-mistica\/","og_site_name":"Il Crogiuolo","article_publisher":"https:\/\/www.facebook.com\/Il-Crogiuolo-681876418491758","article_modified_time":"2020-07-29T11:01:19+00:00","og_image":[{"width":627,"height":600,"url":"https:\/\/ilcrogiuolo.it\/wp-content\/uploads\/2020\/05\/qabalahmisticadionfortun_9411861.jpg","type":"image\/gif"}],"twitter_card":"summary_large_image","twitter_misc":{"Tempo di lettura stimato":"2 minuti"},"schema":{"@context":"https:\/\/schema.org","@graph":[{"@type":"WebPage","@id":"https:\/\/ilcrogiuolo.it\/it\/p\/la-qabalah-mistica\/","url":"https:\/\/ilcrogiuolo.it\/it\/p\/la-qabalah-mistica\/","name":"LA QABALAH MISTICA - Il Crogiuolo","isPartOf":{"@id":"https:\/\/ilcrogiuolo.it\/it\/#website"},"primaryImageOfPage":{"@id":"https:\/\/ilcrogiuolo.it\/it\/p\/la-qabalah-mistica\/#primaryimage"},"image":{"@id":"https:\/\/ilcrogiuolo.it\/it\/p\/la-qabalah-mistica\/#primaryimage"},"thumbnailUrl":"https:\/\/ilcrogiuolo.it\/wp-content\/uploads\/2020\/05\/qabalahmisticadionfortun_9411861.jpg","datePublished":"2020-05-13T16:39:31+00:00","dateModified":"2020-07-29T11:01:19+00:00","description":"LA QABALAH MISTICA La Qabalah \u00e8 il tradizionale sistema mistico di Israele. Essa ha costituito anche la base della magia medievale. McGregor Mathers, Winn Westcott e altri","breadcrumb":{"@id":"https:\/\/ilcrogiuolo.it\/it\/p\/la-qabalah-mistica\/#breadcrumb"},"inLanguage":"it-IT","potentialAction":[{"@type":"ReadAction","target":["https:\/\/ilcrogiuolo.it\/it\/p\/la-qabalah-mistica\/"]}]},{"@type":"ImageObject","inLanguage":"it-IT","@id":"https:\/\/ilcrogiuolo.it\/it\/p\/la-qabalah-mistica\/#primaryimage","url":"https:\/\/ilcrogiuolo.it\/wp-content\/uploads\/2020\/05\/qabalahmisticadionfortun_9411861.jpg","contentUrl":"https:\/\/ilcrogiuolo.it\/wp-content\/uploads\/2020\/05\/qabalahmisticadionfortun_9411861.jpg","width":627,"height":600},{"@type":"BreadcrumbList","@id":"https:\/\/ilcrogiuolo.it\/it\/p\/la-qabalah-mistica\/#breadcrumb","itemListElement":[{"@type":"ListItem","position":1,"name":"Home","item":"https:\/\/ilcrogiuolo.it\/it\/"},{"@type":"ListItem","position":2,"name":"Shop","item":"https:\/\/ilcrogiuolo.it\/it\/negozio\/"},{"@type":"ListItem","position":3,"name":"LA QABALAH MISTICA"}]},{"@type":"WebSite","@id":"https:\/\/ilcrogiuolo.it\/it\/#website","url":"https:\/\/ilcrogiuolo.it\/it\/","name":"Il Crogiuolo","description":"","publisher":{"@id":"https:\/\/ilcrogiuolo.it\/it\/#organization"},"potentialAction":[{"@type":"SearchAction","target":{"@type":"EntryPoint","urlTemplate":"https:\/\/ilcrogiuolo.it\/it\/?s={search_term_string}"},"query-input":{"@type":"PropertyValueSpecification","valueRequired":true,"valueName":"search_term_string"}}],"inLanguage":"it-IT"},{"@type":"Organization","@id":"https:\/\/ilcrogiuolo.it\/it\/#organization","name":"Il Crogiuolo","url":"https:\/\/ilcrogiuolo.it\/it\/","logo":{"@type":"ImageObject","inLanguage":"it-IT","@id":"https:\/\/ilcrogiuolo.it\/it\/#\/schema\/logo\/image\/","url":"https:\/\/ilcrogiuolo.it\/wp-content\/uploads\/2020\/04\/logo.png","contentUrl":"https:\/\/ilcrogiuolo.it\/wp-content\/uploads\/2020\/04\/logo.png","width":200,"height":49,"caption":"Il Crogiuolo"},"image":{"@id":"https:\/\/ilcrogiuolo.it\/it\/#\/schema\/logo\/image\/"},"sameAs":["https:\/\/www.facebook.com\/Il-Crogiuolo-681876418491758"]}]}},"_links":{"self":[{"href":"https:\/\/ilcrogiuolo.it\/it\/wp-json\/wp\/v2\/product\/21550","targetHints":{"allow":["GET"]}}],"collection":[{"href":"https:\/\/ilcrogiuolo.it\/it\/wp-json\/wp\/v2\/product"}],"about":[{"href":"https:\/\/ilcrogiuolo.it\/it\/wp-json\/wp\/v2\/types\/product"}],"wp:featuredmedia":[{"embeddable":true,"href":"https:\/\/ilcrogiuolo.it\/it\/wp-json\/wp\/v2\/media\/21551"}],"wp:attachment":[{"href":"https:\/\/ilcrogiuolo.it\/it\/wp-json\/wp\/v2\/media?parent=21550"}],"wp:term":[{"taxonomy":"product_brand","embeddable":true,"href":"https:\/\/ilcrogiuolo.it\/it\/wp-json\/wp\/v2\/product_brand?post=21550"},{"taxonomy":"product_cat","embeddable":true,"href":"https:\/\/ilcrogiuolo.it\/it\/wp-json\/wp\/v2\/product_cat?post=21550"},{"taxonomy":"product_tag","embeddable":true,"href":"https:\/\/ilcrogiuolo.it\/it\/wp-json\/wp\/v2\/product_tag?post=21550"}],"curies":[{"name":"wp","href":"https:\/\/api.w.org\/{rel}","templated":true}]}}