{"id":21545,"date":"2020-05-13T18:33:35","date_gmt":"2020-05-13T16:33:35","guid":{"rendered":"https:\/\/ilcrogiuolo.it\/?post_type=product&#038;p=21545"},"modified":"2020-07-29T13:01:30","modified_gmt":"2020-07-29T11:01:30","slug":"geometria-sacra","status":"publish","type":"product","link":"https:\/\/ilcrogiuolo.it\/it\/p\/geometria-sacra\/","title":{"rendered":"GEOMETRIA SACRA"},"content":{"rendered":"<p>Manuale Pratico per capire e usare le Geometrie Sacre con tecniche di trasmissione delle loro energie. Simboli Sacri: scopri come applicarli alla vita quotidiana o nella professione, qualunque essa sia.<br \/>\nI Simboli Sacri influenzano la struttura energetica di chi vi entra in contatto, variando l&#8217;assetto dei corpi sottili, la densit\u00e0, l&#8217;intensit\u00e0 e la loro attitudine, e con essa le capacit\u00e0 temporanee di compiere un lavoro o di ricevere informazioni.<br \/>\nDunque, anche le percezioni e la coscienza di quanti entrano in contatto con simboli e luoghi ad alta energia cambiano quasi istantaneamente.<br \/>\nL&#8217;immersione in un ambiente pieno di simboli muta la capacit\u00e0 degli esseri intelligenti di elaborare informazioni e filtra ci\u00f2 che viene percepito.<br \/>\nQuesto libro novit\u00e0 di Pierluca Zizzi, ricercatore in campo spirituale ed esoterico, fornisce strumenti pratici per capire e utilizzare correttamente le Geometrie Sacre.<br \/>\nDescrive inoltre tecniche di trasmissione delle loro energie e insegna come creare nuovi simboli.<br \/>\nContiene numerose tavole grafiche liberamente utilizzabili dai lettori per esercizi di meditazione e potenziamento delle abilit\u00e0 di visualizzazione e canalizzazione delle energie.<br \/>\n\u00c8 un libro per approfondire la conoscenza teorica e culturale della geometria sacra, ma che al contempo fornisce strumenti sacri per l&#8217;applicazione dei simboli nella vita quotidiana o nella professione.<br \/>\nLa comprensione della Geometria Sacra e dei suoi Simboli permette di acquisire strumenti versatili e potenti, che aiutano da millenni coloro che percorrono le vie della spiritualit\u00e0 e della consapevolezza.<br \/>\nLa geometria sacra \u00e8 la disciplina utile a relazionare forme dalle proporzioni specifiche e gli effetti che esse causano.<br \/>\nI simboli oggetto di questo libro sono tutti derivanti da tradizioni che usano la geometria sacra per crearli e utilizzarli.<br \/>\nMa come e dove agiscono i simboli e le loro geometrie nell&#8217;esperienza umana?<br \/>\nQuesto libro propone numerosi esercizi che ti permettono di familiarizzare con le frequenze sacre e il loro potere.<br \/>\nLeggi il libro se vuoi:<\/p>\n<p>acquisire strumenti di conoscenza teorica e culturale sulla geometria sacra;<br \/>\napprendere strumenti pratici e applicabili nella vita quotidiana o nella professione (qualunque essa sia);<br \/>\nscoprire un metodo spiegato in modo semplice per capire e maneggiare queste conoscenze sacre.<\/p>\n","protected":false},"excerpt":{"rendered":"<p>Manuale Pratico per capire e usare le Geometrie Sacre con tecniche di trasmissione delle loro energie. Simboli Sacri: scopri come&#8230;<\/p>\n","protected":false},"featured_media":21546,"template":"","meta":{"_acf_changed":false},"product_brand":[],"product_cat":[1077,1470,1060],"product_tag":[],"class_list":{"0":"post-21545","1":"product","2":"type-product","3":"status-publish","4":"has-post-thumbnail","6":"product_cat-libreria-esoterica-libreria-esoterica","7":"product_cat-edizioni-psiche-2","8":"product_cat-libreria-esoterica","10":"first","11":"instock","12":"taxable","13":"shipping-taxable","14":"purchasable","15":"product-type-simple","16":"add-to-wishlist-before_image"},"acf":[],"yoast_head":"<!-- This site is optimized with the Yoast SEO plugin v26.9 - https:\/\/yoast.com\/product\/yoast-seo-wordpress\/ -->\n<title>GEOMETRIA SACRA - Il Crogiuolo<\/title>\n<meta name=\"description\" content=\"GEOMETRIA SACRA Manuale Pratico per capire e usare le Geometrie Sacre con tecniche di trasmissione delle loro energie. Simboli Sacri: scopri come applicarli alla vita\" \/>\n<meta name=\"robots\" content=\"index, follow, max-snippet:-1, max-image-preview:large, max-video-preview:-1\" \/>\n<link rel=\"canonical\" href=\"https:\/\/ilcrogiuolo.it\/it\/p\/geometria-sacra\/\" \/>\n<meta property=\"og:locale\" content=\"it_IT\" \/>\n<meta property=\"og:type\" content=\"article\" \/>\n<meta property=\"og:title\" content=\"GEOMETRIA SACRA - Il Crogiuolo\" \/>\n<meta property=\"og:description\" content=\"GEOMETRIA SACRA Manuale Pratico per capire e usare le Geometrie Sacre con tecniche di trasmissione delle loro energie. Simboli Sacri: scopri come applicarli alla vita\" \/>\n<meta property=\"og:url\" content=\"https:\/\/ilcrogiuolo.it\/it\/p\/geometria-sacra\/\" \/>\n<meta property=\"og:site_name\" content=\"Il Crogiuolo\" \/>\n<meta property=\"article:publisher\" content=\"https:\/\/www.facebook.com\/Il-Crogiuolo-681876418491758\" \/>\n<meta property=\"article:modified_time\" content=\"2020-07-29T11:01:30+00:00\" \/>\n<meta property=\"og:image\" content=\"https:\/\/ilcrogiuolo.it\/wp-content\/uploads\/2020\/05\/geometriasacra_5009404.jpg\" \/>\n\t<meta property=\"og:image:width\" content=\"627\" \/>\n\t<meta property=\"og:image:height\" content=\"600\" \/>\n\t<meta property=\"og:image:type\" content=\"image\/gif\" \/>\n<meta name=\"twitter:card\" content=\"summary_large_image\" \/>\n<meta name=\"twitter:label1\" content=\"Tempo di lettura stimato\" \/>\n\t<meta name=\"twitter:data1\" content=\"2 minuti\" \/>\n<script type=\"application\/ld+json\" class=\"yoast-schema-graph\">{\"@context\":\"https:\/\/schema.org\",\"@graph\":[{\"@type\":\"WebPage\",\"@id\":\"https:\/\/ilcrogiuolo.it\/it\/p\/geometria-sacra\/\",\"url\":\"https:\/\/ilcrogiuolo.it\/it\/p\/geometria-sacra\/\",\"name\":\"GEOMETRIA SACRA - Il Crogiuolo\",\"isPartOf\":{\"@id\":\"https:\/\/ilcrogiuolo.it\/it\/#website\"},\"primaryImageOfPage\":{\"@id\":\"https:\/\/ilcrogiuolo.it\/it\/p\/geometria-sacra\/#primaryimage\"},\"image\":{\"@id\":\"https:\/\/ilcrogiuolo.it\/it\/p\/geometria-sacra\/#primaryimage\"},\"thumbnailUrl\":\"https:\/\/ilcrogiuolo.it\/wp-content\/uploads\/2020\/05\/geometriasacra_5009404.jpg\",\"datePublished\":\"2020-05-13T16:33:35+00:00\",\"dateModified\":\"2020-07-29T11:01:30+00:00\",\"description\":\"GEOMETRIA SACRA Manuale Pratico per capire e usare le Geometrie Sacre con tecniche di trasmissione delle loro energie. Simboli Sacri: scopri come applicarli alla vita\",\"breadcrumb\":{\"@id\":\"https:\/\/ilcrogiuolo.it\/it\/p\/geometria-sacra\/#breadcrumb\"},\"inLanguage\":\"it-IT\",\"potentialAction\":[{\"@type\":\"ReadAction\",\"target\":[\"https:\/\/ilcrogiuolo.it\/it\/p\/geometria-sacra\/\"]}]},{\"@type\":\"ImageObject\",\"inLanguage\":\"it-IT\",\"@id\":\"https:\/\/ilcrogiuolo.it\/it\/p\/geometria-sacra\/#primaryimage\",\"url\":\"https:\/\/ilcrogiuolo.it\/wp-content\/uploads\/2020\/05\/geometriasacra_5009404.jpg\",\"contentUrl\":\"https:\/\/ilcrogiuolo.it\/wp-content\/uploads\/2020\/05\/geometriasacra_5009404.jpg\",\"width\":627,\"height\":600},{\"@type\":\"BreadcrumbList\",\"@id\":\"https:\/\/ilcrogiuolo.it\/it\/p\/geometria-sacra\/#breadcrumb\",\"itemListElement\":[{\"@type\":\"ListItem\",\"position\":1,\"name\":\"Home\",\"item\":\"https:\/\/ilcrogiuolo.it\/it\/\"},{\"@type\":\"ListItem\",\"position\":2,\"name\":\"Shop\",\"item\":\"https:\/\/ilcrogiuolo.it\/it\/negozio\/\"},{\"@type\":\"ListItem\",\"position\":3,\"name\":\"GEOMETRIA SACRA\"}]},{\"@type\":\"WebSite\",\"@id\":\"https:\/\/ilcrogiuolo.it\/it\/#website\",\"url\":\"https:\/\/ilcrogiuolo.it\/it\/\",\"name\":\"Il Crogiuolo\",\"description\":\"\",\"publisher\":{\"@id\":\"https:\/\/ilcrogiuolo.it\/it\/#organization\"},\"potentialAction\":[{\"@type\":\"SearchAction\",\"target\":{\"@type\":\"EntryPoint\",\"urlTemplate\":\"https:\/\/ilcrogiuolo.it\/it\/?s={search_term_string}\"},\"query-input\":{\"@type\":\"PropertyValueSpecification\",\"valueRequired\":true,\"valueName\":\"search_term_string\"}}],\"inLanguage\":\"it-IT\"},{\"@type\":\"Organization\",\"@id\":\"https:\/\/ilcrogiuolo.it\/it\/#organization\",\"name\":\"Il Crogiuolo\",\"url\":\"https:\/\/ilcrogiuolo.it\/it\/\",\"logo\":{\"@type\":\"ImageObject\",\"inLanguage\":\"it-IT\",\"@id\":\"https:\/\/ilcrogiuolo.it\/it\/#\/schema\/logo\/image\/\",\"url\":\"https:\/\/ilcrogiuolo.it\/wp-content\/uploads\/2020\/04\/logo.png\",\"contentUrl\":\"https:\/\/ilcrogiuolo.it\/wp-content\/uploads\/2020\/04\/logo.png\",\"width\":200,\"height\":49,\"caption\":\"Il Crogiuolo\"},\"image\":{\"@id\":\"https:\/\/ilcrogiuolo.it\/it\/#\/schema\/logo\/image\/\"},\"sameAs\":[\"https:\/\/www.facebook.com\/Il-Crogiuolo-681876418491758\"]}]}<\/script>\n<!-- \/ Yoast SEO plugin. -->","yoast_head_json":{"title":"GEOMETRIA SACRA - Il Crogiuolo","description":"GEOMETRIA SACRA Manuale Pratico per capire e usare le Geometrie Sacre con tecniche di trasmissione delle loro energie. Simboli Sacri: scopri come applicarli alla vita","robots":{"index":"index","follow":"follow","max-snippet":"max-snippet:-1","max-image-preview":"max-image-preview:large","max-video-preview":"max-video-preview:-1"},"canonical":"https:\/\/ilcrogiuolo.it\/it\/p\/geometria-sacra\/","og_locale":"it_IT","og_type":"article","og_title":"GEOMETRIA SACRA - Il Crogiuolo","og_description":"GEOMETRIA SACRA Manuale Pratico per capire e usare le Geometrie Sacre con tecniche di trasmissione delle loro energie. Simboli Sacri: scopri come applicarli alla vita","og_url":"https:\/\/ilcrogiuolo.it\/it\/p\/geometria-sacra\/","og_site_name":"Il Crogiuolo","article_publisher":"https:\/\/www.facebook.com\/Il-Crogiuolo-681876418491758","article_modified_time":"2020-07-29T11:01:30+00:00","og_image":[{"width":627,"height":600,"url":"https:\/\/ilcrogiuolo.it\/wp-content\/uploads\/2020\/05\/geometriasacra_5009404.jpg","type":"image\/gif"}],"twitter_card":"summary_large_image","twitter_misc":{"Tempo di lettura stimato":"2 minuti"},"schema":{"@context":"https:\/\/schema.org","@graph":[{"@type":"WebPage","@id":"https:\/\/ilcrogiuolo.it\/it\/p\/geometria-sacra\/","url":"https:\/\/ilcrogiuolo.it\/it\/p\/geometria-sacra\/","name":"GEOMETRIA SACRA - Il Crogiuolo","isPartOf":{"@id":"https:\/\/ilcrogiuolo.it\/it\/#website"},"primaryImageOfPage":{"@id":"https:\/\/ilcrogiuolo.it\/it\/p\/geometria-sacra\/#primaryimage"},"image":{"@id":"https:\/\/ilcrogiuolo.it\/it\/p\/geometria-sacra\/#primaryimage"},"thumbnailUrl":"https:\/\/ilcrogiuolo.it\/wp-content\/uploads\/2020\/05\/geometriasacra_5009404.jpg","datePublished":"2020-05-13T16:33:35+00:00","dateModified":"2020-07-29T11:01:30+00:00","description":"GEOMETRIA SACRA Manuale Pratico per capire e usare le Geometrie Sacre con tecniche di trasmissione delle loro energie. Simboli Sacri: scopri come applicarli alla vita","breadcrumb":{"@id":"https:\/\/ilcrogiuolo.it\/it\/p\/geometria-sacra\/#breadcrumb"},"inLanguage":"it-IT","potentialAction":[{"@type":"ReadAction","target":["https:\/\/ilcrogiuolo.it\/it\/p\/geometria-sacra\/"]}]},{"@type":"ImageObject","inLanguage":"it-IT","@id":"https:\/\/ilcrogiuolo.it\/it\/p\/geometria-sacra\/#primaryimage","url":"https:\/\/ilcrogiuolo.it\/wp-content\/uploads\/2020\/05\/geometriasacra_5009404.jpg","contentUrl":"https:\/\/ilcrogiuolo.it\/wp-content\/uploads\/2020\/05\/geometriasacra_5009404.jpg","width":627,"height":600},{"@type":"BreadcrumbList","@id":"https:\/\/ilcrogiuolo.it\/it\/p\/geometria-sacra\/#breadcrumb","itemListElement":[{"@type":"ListItem","position":1,"name":"Home","item":"https:\/\/ilcrogiuolo.it\/it\/"},{"@type":"ListItem","position":2,"name":"Shop","item":"https:\/\/ilcrogiuolo.it\/it\/negozio\/"},{"@type":"ListItem","position":3,"name":"GEOMETRIA SACRA"}]},{"@type":"WebSite","@id":"https:\/\/ilcrogiuolo.it\/it\/#website","url":"https:\/\/ilcrogiuolo.it\/it\/","name":"Il Crogiuolo","description":"","publisher":{"@id":"https:\/\/ilcrogiuolo.it\/it\/#organization"},"potentialAction":[{"@type":"SearchAction","target":{"@type":"EntryPoint","urlTemplate":"https:\/\/ilcrogiuolo.it\/it\/?s={search_term_string}"},"query-input":{"@type":"PropertyValueSpecification","valueRequired":true,"valueName":"search_term_string"}}],"inLanguage":"it-IT"},{"@type":"Organization","@id":"https:\/\/ilcrogiuolo.it\/it\/#organization","name":"Il Crogiuolo","url":"https:\/\/ilcrogiuolo.it\/it\/","logo":{"@type":"ImageObject","inLanguage":"it-IT","@id":"https:\/\/ilcrogiuolo.it\/it\/#\/schema\/logo\/image\/","url":"https:\/\/ilcrogiuolo.it\/wp-content\/uploads\/2020\/04\/logo.png","contentUrl":"https:\/\/ilcrogiuolo.it\/wp-content\/uploads\/2020\/04\/logo.png","width":200,"height":49,"caption":"Il Crogiuolo"},"image":{"@id":"https:\/\/ilcrogiuolo.it\/it\/#\/schema\/logo\/image\/"},"sameAs":["https:\/\/www.facebook.com\/Il-Crogiuolo-681876418491758"]}]}},"_links":{"self":[{"href":"https:\/\/ilcrogiuolo.it\/it\/wp-json\/wp\/v2\/product\/21545","targetHints":{"allow":["GET"]}}],"collection":[{"href":"https:\/\/ilcrogiuolo.it\/it\/wp-json\/wp\/v2\/product"}],"about":[{"href":"https:\/\/ilcrogiuolo.it\/it\/wp-json\/wp\/v2\/types\/product"}],"wp:featuredmedia":[{"embeddable":true,"href":"https:\/\/ilcrogiuolo.it\/it\/wp-json\/wp\/v2\/media\/21546"}],"wp:attachment":[{"href":"https:\/\/ilcrogiuolo.it\/it\/wp-json\/wp\/v2\/media?parent=21545"}],"wp:term":[{"taxonomy":"product_brand","embeddable":true,"href":"https:\/\/ilcrogiuolo.it\/it\/wp-json\/wp\/v2\/product_brand?post=21545"},{"taxonomy":"product_cat","embeddable":true,"href":"https:\/\/ilcrogiuolo.it\/it\/wp-json\/wp\/v2\/product_cat?post=21545"},{"taxonomy":"product_tag","embeddable":true,"href":"https:\/\/ilcrogiuolo.it\/it\/wp-json\/wp\/v2\/product_tag?post=21545"}],"curies":[{"name":"wp","href":"https:\/\/api.w.org\/{rel}","templated":true}]}}