{"id":2139,"date":"2020-01-14T17:04:33","date_gmt":"2020-01-14T16:04:33","guid":{"rendered":"https:\/\/ilcrogiuolo.it\/p\/talismano-oxum-oro\/"},"modified":"2020-02-17T10:03:37","modified_gmt":"2020-02-17T09:03:37","slug":"talismano-oxum-oro","status":"publish","type":"product","link":"https:\/\/ilcrogiuolo.it\/it\/p\/talismano-oxum-oro\/","title":{"rendered":"Talismano Oxum &#8211; Oro"},"content":{"rendered":"<p>I talismani sono oggetti a cui la tradizione (per forma, simbologia, materiale) da sempre attribuisce propriet\u00e0 particolari, Il Crogiuolo\u00ae ve li propone come meravigliosi articoli e di seguito seguono le propriet\u00e0 tradizionali attribuite dalla tradizione popolare ed esoterica. La bella e dolce Signora delle acque dolci \u00e8 il simbolo della ricchezza, dell\u2019abbondanza, della bellezza. Questo particolare talismano, che rappresenta Oxum, aiuta tradizionalmente chiunque lo indossa prima di iniziare qualsiasi attivit\u00e0 per chiamare la buona sorte. Rende belle e desiderabili le donne un p\u00f3 trasandate, risvegliando cos\u00ec il desiderio del partner. La si invoca quindi per risolvere i problemi di coppia, per rendere fedele il marito. Presiede agli organi sessuali femminili, aiuta perci\u00f2 nei problemi ginecologici: emorragie, cistiti, problemi mestruali, et..Aiuta a risolvere problemi finanziari. E\u2019 sincretizzata in MARIA IMMACOLATA.<\/p>\n","protected":false},"excerpt":{"rendered":"<p>I talismani sono oggetti a cui la tradizione (per forma, simbologia, materiale) da sempre attribuisce propriet\u00e0 particolari, Il Crogiuolo\u00ae ve&#8230;<\/p>\n","protected":false},"featured_media":19444,"template":"","meta":{"_acf_changed":false},"product_brand":[],"product_cat":[1123,1066,1329],"product_tag":[],"class_list":{"0":"post-2139","1":"product","2":"type-product","3":"status-publish","4":"has-post-thumbnail","6":"product_cat-tradizione-sudamericana-veve-pontos-patois","7":"product_cat-talismani-amuleti","8":"product_cat-talismani-cruz-de-caravaca-ogum-oxum","10":"first","11":"outofstock","12":"taxable","13":"shipping-taxable","14":"purchasable","15":"product-type-simple","16":"add-to-wishlist-before_image"},"acf":[],"yoast_head":"<!-- This site is optimized with the Yoast SEO plugin v26.9 - https:\/\/yoast.com\/product\/yoast-seo-wordpress\/ -->\n<title>Talismano Oxum - Oro - Il Crogiuolo<\/title>\n<meta name=\"description\" content=\"Talismano Oxum - Oro I talismani sono oggetti a cui la tradizione (per forma, simbologia, materiale) da sempre attribuisce propriet\u00e0 particolari, Il Crogiuolo\u00ae ve li propone\" \/>\n<meta name=\"robots\" content=\"index, follow, max-snippet:-1, max-image-preview:large, max-video-preview:-1\" \/>\n<link rel=\"canonical\" href=\"https:\/\/ilcrogiuolo.it\/it\/p\/talismano-oxum-oro\/\" \/>\n<meta property=\"og:locale\" content=\"it_IT\" \/>\n<meta property=\"og:type\" content=\"article\" \/>\n<meta property=\"og:title\" content=\"Talismano Oxum - Oro - Il Crogiuolo\" \/>\n<meta property=\"og:description\" content=\"Talismano Oxum - Oro I talismani sono oggetti a cui la tradizione (per forma, simbologia, materiale) da sempre attribuisce propriet\u00e0 particolari, Il Crogiuolo\u00ae ve li propone\" \/>\n<meta property=\"og:url\" content=\"https:\/\/ilcrogiuolo.it\/it\/p\/talismano-oxum-oro\/\" \/>\n<meta property=\"og:site_name\" content=\"Il Crogiuolo\" \/>\n<meta property=\"article:publisher\" content=\"https:\/\/www.facebook.com\/Il-Crogiuolo-681876418491758\" \/>\n<meta property=\"article:modified_time\" content=\"2020-02-17T09:03:37+00:00\" \/>\n<meta property=\"og:image\" content=\"https:\/\/ilcrogiuolo.it\/wp-content\/uploads\/2020\/01\/00000791-1.jpg\" \/>\n\t<meta property=\"og:image:width\" content=\"627\" \/>\n\t<meta property=\"og:image:height\" content=\"600\" \/>\n\t<meta property=\"og:image:type\" content=\"image\/jpeg\" \/>\n<meta name=\"twitter:card\" content=\"summary_large_image\" \/>\n<meta name=\"twitter:label1\" content=\"Tempo di lettura stimato\" \/>\n\t<meta name=\"twitter:data1\" content=\"1 minuto\" \/>\n<script type=\"application\/ld+json\" class=\"yoast-schema-graph\">{\"@context\":\"https:\/\/schema.org\",\"@graph\":[{\"@type\":\"WebPage\",\"@id\":\"https:\/\/ilcrogiuolo.it\/it\/p\/talismano-oxum-oro\/\",\"url\":\"https:\/\/ilcrogiuolo.it\/it\/p\/talismano-oxum-oro\/\",\"name\":\"Talismano Oxum - Oro - Il Crogiuolo\",\"isPartOf\":{\"@id\":\"https:\/\/ilcrogiuolo.it\/it\/#website\"},\"primaryImageOfPage\":{\"@id\":\"https:\/\/ilcrogiuolo.it\/it\/p\/talismano-oxum-oro\/#primaryimage\"},\"image\":{\"@id\":\"https:\/\/ilcrogiuolo.it\/it\/p\/talismano-oxum-oro\/#primaryimage\"},\"thumbnailUrl\":\"https:\/\/ilcrogiuolo.it\/wp-content\/uploads\/2020\/01\/00000791-1.jpg\",\"datePublished\":\"2020-01-14T16:04:33+00:00\",\"dateModified\":\"2020-02-17T09:03:37+00:00\",\"description\":\"Talismano Oxum - Oro I talismani sono oggetti a cui la tradizione (per forma, simbologia, materiale) da sempre attribuisce propriet\u00e0 particolari, Il Crogiuolo\u00ae ve li propone\",\"breadcrumb\":{\"@id\":\"https:\/\/ilcrogiuolo.it\/it\/p\/talismano-oxum-oro\/#breadcrumb\"},\"inLanguage\":\"it-IT\",\"potentialAction\":[{\"@type\":\"ReadAction\",\"target\":[\"https:\/\/ilcrogiuolo.it\/it\/p\/talismano-oxum-oro\/\"]}]},{\"@type\":\"ImageObject\",\"inLanguage\":\"it-IT\",\"@id\":\"https:\/\/ilcrogiuolo.it\/it\/p\/talismano-oxum-oro\/#primaryimage\",\"url\":\"https:\/\/ilcrogiuolo.it\/wp-content\/uploads\/2020\/01\/00000791-1.jpg\",\"contentUrl\":\"https:\/\/ilcrogiuolo.it\/wp-content\/uploads\/2020\/01\/00000791-1.jpg\",\"width\":627,\"height\":600},{\"@type\":\"BreadcrumbList\",\"@id\":\"https:\/\/ilcrogiuolo.it\/it\/p\/talismano-oxum-oro\/#breadcrumb\",\"itemListElement\":[{\"@type\":\"ListItem\",\"position\":1,\"name\":\"Home\",\"item\":\"https:\/\/ilcrogiuolo.it\/it\/\"},{\"@type\":\"ListItem\",\"position\":2,\"name\":\"Shop\",\"item\":\"https:\/\/ilcrogiuolo.it\/it\/negozio\/\"},{\"@type\":\"ListItem\",\"position\":3,\"name\":\"Talismano Oxum &#8211; Oro\"}]},{\"@type\":\"WebSite\",\"@id\":\"https:\/\/ilcrogiuolo.it\/it\/#website\",\"url\":\"https:\/\/ilcrogiuolo.it\/it\/\",\"name\":\"Il Crogiuolo\",\"description\":\"\",\"publisher\":{\"@id\":\"https:\/\/ilcrogiuolo.it\/it\/#organization\"},\"potentialAction\":[{\"@type\":\"SearchAction\",\"target\":{\"@type\":\"EntryPoint\",\"urlTemplate\":\"https:\/\/ilcrogiuolo.it\/it\/?s={search_term_string}\"},\"query-input\":{\"@type\":\"PropertyValueSpecification\",\"valueRequired\":true,\"valueName\":\"search_term_string\"}}],\"inLanguage\":\"it-IT\"},{\"@type\":\"Organization\",\"@id\":\"https:\/\/ilcrogiuolo.it\/it\/#organization\",\"name\":\"Il Crogiuolo\",\"url\":\"https:\/\/ilcrogiuolo.it\/it\/\",\"logo\":{\"@type\":\"ImageObject\",\"inLanguage\":\"it-IT\",\"@id\":\"https:\/\/ilcrogiuolo.it\/it\/#\/schema\/logo\/image\/\",\"url\":\"https:\/\/ilcrogiuolo.it\/wp-content\/uploads\/2020\/04\/logo.png\",\"contentUrl\":\"https:\/\/ilcrogiuolo.it\/wp-content\/uploads\/2020\/04\/logo.png\",\"width\":200,\"height\":49,\"caption\":\"Il Crogiuolo\"},\"image\":{\"@id\":\"https:\/\/ilcrogiuolo.it\/it\/#\/schema\/logo\/image\/\"},\"sameAs\":[\"https:\/\/www.facebook.com\/Il-Crogiuolo-681876418491758\"]}]}<\/script>\n<!-- \/ Yoast SEO plugin. -->","yoast_head_json":{"title":"Talismano Oxum - Oro - Il Crogiuolo","description":"Talismano Oxum - Oro I talismani sono oggetti a cui la tradizione (per forma, simbologia, materiale) da sempre attribuisce propriet\u00e0 particolari, Il Crogiuolo\u00ae ve li propone","robots":{"index":"index","follow":"follow","max-snippet":"max-snippet:-1","max-image-preview":"max-image-preview:large","max-video-preview":"max-video-preview:-1"},"canonical":"https:\/\/ilcrogiuolo.it\/it\/p\/talismano-oxum-oro\/","og_locale":"it_IT","og_type":"article","og_title":"Talismano Oxum - Oro - Il Crogiuolo","og_description":"Talismano Oxum - Oro I talismani sono oggetti a cui la tradizione (per forma, simbologia, materiale) da sempre attribuisce propriet\u00e0 particolari, Il Crogiuolo\u00ae ve li propone","og_url":"https:\/\/ilcrogiuolo.it\/it\/p\/talismano-oxum-oro\/","og_site_name":"Il Crogiuolo","article_publisher":"https:\/\/www.facebook.com\/Il-Crogiuolo-681876418491758","article_modified_time":"2020-02-17T09:03:37+00:00","og_image":[{"width":627,"height":600,"url":"https:\/\/ilcrogiuolo.it\/wp-content\/uploads\/2020\/01\/00000791-1.jpg","type":"image\/jpeg"}],"twitter_card":"summary_large_image","twitter_misc":{"Tempo di lettura stimato":"1 minuto"},"schema":{"@context":"https:\/\/schema.org","@graph":[{"@type":"WebPage","@id":"https:\/\/ilcrogiuolo.it\/it\/p\/talismano-oxum-oro\/","url":"https:\/\/ilcrogiuolo.it\/it\/p\/talismano-oxum-oro\/","name":"Talismano Oxum - Oro - Il Crogiuolo","isPartOf":{"@id":"https:\/\/ilcrogiuolo.it\/it\/#website"},"primaryImageOfPage":{"@id":"https:\/\/ilcrogiuolo.it\/it\/p\/talismano-oxum-oro\/#primaryimage"},"image":{"@id":"https:\/\/ilcrogiuolo.it\/it\/p\/talismano-oxum-oro\/#primaryimage"},"thumbnailUrl":"https:\/\/ilcrogiuolo.it\/wp-content\/uploads\/2020\/01\/00000791-1.jpg","datePublished":"2020-01-14T16:04:33+00:00","dateModified":"2020-02-17T09:03:37+00:00","description":"Talismano Oxum - Oro I talismani sono oggetti a cui la tradizione (per forma, simbologia, materiale) da sempre attribuisce propriet\u00e0 particolari, Il Crogiuolo\u00ae ve li propone","breadcrumb":{"@id":"https:\/\/ilcrogiuolo.it\/it\/p\/talismano-oxum-oro\/#breadcrumb"},"inLanguage":"it-IT","potentialAction":[{"@type":"ReadAction","target":["https:\/\/ilcrogiuolo.it\/it\/p\/talismano-oxum-oro\/"]}]},{"@type":"ImageObject","inLanguage":"it-IT","@id":"https:\/\/ilcrogiuolo.it\/it\/p\/talismano-oxum-oro\/#primaryimage","url":"https:\/\/ilcrogiuolo.it\/wp-content\/uploads\/2020\/01\/00000791-1.jpg","contentUrl":"https:\/\/ilcrogiuolo.it\/wp-content\/uploads\/2020\/01\/00000791-1.jpg","width":627,"height":600},{"@type":"BreadcrumbList","@id":"https:\/\/ilcrogiuolo.it\/it\/p\/talismano-oxum-oro\/#breadcrumb","itemListElement":[{"@type":"ListItem","position":1,"name":"Home","item":"https:\/\/ilcrogiuolo.it\/it\/"},{"@type":"ListItem","position":2,"name":"Shop","item":"https:\/\/ilcrogiuolo.it\/it\/negozio\/"},{"@type":"ListItem","position":3,"name":"Talismano Oxum &#8211; Oro"}]},{"@type":"WebSite","@id":"https:\/\/ilcrogiuolo.it\/it\/#website","url":"https:\/\/ilcrogiuolo.it\/it\/","name":"Il Crogiuolo","description":"","publisher":{"@id":"https:\/\/ilcrogiuolo.it\/it\/#organization"},"potentialAction":[{"@type":"SearchAction","target":{"@type":"EntryPoint","urlTemplate":"https:\/\/ilcrogiuolo.it\/it\/?s={search_term_string}"},"query-input":{"@type":"PropertyValueSpecification","valueRequired":true,"valueName":"search_term_string"}}],"inLanguage":"it-IT"},{"@type":"Organization","@id":"https:\/\/ilcrogiuolo.it\/it\/#organization","name":"Il Crogiuolo","url":"https:\/\/ilcrogiuolo.it\/it\/","logo":{"@type":"ImageObject","inLanguage":"it-IT","@id":"https:\/\/ilcrogiuolo.it\/it\/#\/schema\/logo\/image\/","url":"https:\/\/ilcrogiuolo.it\/wp-content\/uploads\/2020\/04\/logo.png","contentUrl":"https:\/\/ilcrogiuolo.it\/wp-content\/uploads\/2020\/04\/logo.png","width":200,"height":49,"caption":"Il Crogiuolo"},"image":{"@id":"https:\/\/ilcrogiuolo.it\/it\/#\/schema\/logo\/image\/"},"sameAs":["https:\/\/www.facebook.com\/Il-Crogiuolo-681876418491758"]}]}},"_links":{"self":[{"href":"https:\/\/ilcrogiuolo.it\/it\/wp-json\/wp\/v2\/product\/2139","targetHints":{"allow":["GET"]}}],"collection":[{"href":"https:\/\/ilcrogiuolo.it\/it\/wp-json\/wp\/v2\/product"}],"about":[{"href":"https:\/\/ilcrogiuolo.it\/it\/wp-json\/wp\/v2\/types\/product"}],"wp:featuredmedia":[{"embeddable":true,"href":"https:\/\/ilcrogiuolo.it\/it\/wp-json\/wp\/v2\/media\/19444"}],"wp:attachment":[{"href":"https:\/\/ilcrogiuolo.it\/it\/wp-json\/wp\/v2\/media?parent=2139"}],"wp:term":[{"taxonomy":"product_brand","embeddable":true,"href":"https:\/\/ilcrogiuolo.it\/it\/wp-json\/wp\/v2\/product_brand?post=2139"},{"taxonomy":"product_cat","embeddable":true,"href":"https:\/\/ilcrogiuolo.it\/it\/wp-json\/wp\/v2\/product_cat?post=2139"},{"taxonomy":"product_tag","embeddable":true,"href":"https:\/\/ilcrogiuolo.it\/it\/wp-json\/wp\/v2\/product_tag?post=2139"}],"curies":[{"name":"wp","href":"https:\/\/api.w.org\/{rel}","templated":true}]}}