{"id":2122,"date":"2020-01-14T17:04:27","date_gmt":"2020-01-14T16:04:27","guid":{"rendered":"https:\/\/ilcrogiuolo.it\/p\/carte-naipes\/"},"modified":"2022-10-05T17:26:29","modified_gmt":"2022-10-05T15:26:29","slug":"carte-naipes","status":"publish","type":"product","link":"https:\/\/ilcrogiuolo.it\/it\/p\/carte-naipes\/","title":{"rendered":"CARTE NAIPES"},"content":{"rendered":"<p>L&#8217;origine delle carte da gioco \u00e8 ignota. Si dice che nacquero in Cina, intorno al decimo secolo, poco dopo l\u2019invenzione della carta. Gli albori della produzione delle carte da gioco (popolarmente chiamate Naipes) in Spagna sono strettamente legati alle carte moresche, che erano state introdotte nel paese durante il XIV secolo. Il termine naipes, deriva dal termine arabo na\u00eeb (&#8220;reggente, vicer\u00e9&#8221;), la carta che nel mazzo dei Mamelucchi veniva subito dopo il re. La grafica delle carte spagnole, come la conosciamo ora, risale al ventesimo secolo. A livello divinatorio, insieme ai tarocchi, le Naipes, sono il mazzo di carte pi\u00f9 impiegato nel mondo, offrendo una versatilit\u00e0 mantica incredibile ed una semplicit\u00e0 che lo hanno reso famoso ovunque. Le carte spagnole si prestano infatti, aldil\u00e0 del loro aspetto ludico, a diverse pratiche che spaziano dalla divinazione, passando per la magia e raggiungendo tecniche di meditazione in grado di offrire al lettore un vero e proprio strumento spirituale.<\/p>\n","protected":false},"excerpt":{"rendered":"<p>L&#8217;origine delle carte da gioco \u00e8 ignota. Si dice che nacquero in Cina, intorno al decimo secolo, poco dopo l\u2019invenzione&#8230;<\/p>\n","protected":false},"featured_media":39102,"template":"","meta":{"_acf_changed":false},"product_brand":[],"product_cat":[1088,1337,1062],"product_tag":[],"class_list":{"0":"post-2122","1":"product","2":"type-product","3":"status-publish","4":"has-post-thumbnail","6":"product_cat-tarocchi-sibille-oracoli","7":"product_cat-altri-tarocchi","8":"product_cat-divinazione","10":"first","11":"instock","12":"taxable","13":"shipping-taxable","14":"purchasable","15":"product-type-simple","16":"add-to-wishlist-before_image"},"acf":[],"yoast_head":"<!-- This site is optimized with the Yoast SEO plugin v26.9 - https:\/\/yoast.com\/product\/yoast-seo-wordpress\/ -->\n<title>CARTE NAIPES - Il Crogiuolo<\/title>\n<meta name=\"description\" content=\"CARTE NAIPES L&#039;origine delle carte da gioco \u00e8 ignota. Si dice che nacquero in Cina, intorno al decimo secolo, poco dopo l\u2019invenzione della carta. Gli albori della\" \/>\n<meta name=\"robots\" content=\"index, follow, max-snippet:-1, max-image-preview:large, max-video-preview:-1\" \/>\n<link rel=\"canonical\" href=\"https:\/\/ilcrogiuolo.it\/it\/p\/carte-naipes\/\" \/>\n<meta property=\"og:locale\" content=\"it_IT\" \/>\n<meta property=\"og:type\" content=\"article\" \/>\n<meta property=\"og:title\" content=\"CARTE NAIPES - Il Crogiuolo\" \/>\n<meta property=\"og:description\" content=\"CARTE NAIPES L&#039;origine delle carte da gioco \u00e8 ignota. Si dice che nacquero in Cina, intorno al decimo secolo, poco dopo l\u2019invenzione della carta. Gli albori della\" \/>\n<meta property=\"og:url\" content=\"https:\/\/ilcrogiuolo.it\/it\/p\/carte-naipes\/\" \/>\n<meta property=\"og:site_name\" content=\"Il Crogiuolo\" \/>\n<meta property=\"article:publisher\" content=\"https:\/\/www.facebook.com\/Il-Crogiuolo-681876418491758\" \/>\n<meta property=\"article:modified_time\" content=\"2022-10-05T15:26:29+00:00\" \/>\n<meta property=\"og:image\" content=\"https:\/\/ilcrogiuolo.it\/wp-content\/uploads\/2020\/01\/NAIPES-SOLO-CARTE-1021x1024.png\" \/>\n\t<meta property=\"og:image:width\" content=\"1021\" \/>\n\t<meta property=\"og:image:height\" content=\"1024\" \/>\n\t<meta property=\"og:image:type\" content=\"image\/png\" \/>\n<meta name=\"twitter:card\" content=\"summary_large_image\" \/>\n<meta name=\"twitter:label1\" content=\"Tempo di lettura stimato\" \/>\n\t<meta name=\"twitter:data1\" content=\"1 minuto\" \/>\n<script type=\"application\/ld+json\" class=\"yoast-schema-graph\">{\"@context\":\"https:\/\/schema.org\",\"@graph\":[{\"@type\":\"WebPage\",\"@id\":\"https:\/\/ilcrogiuolo.it\/it\/p\/carte-naipes\/\",\"url\":\"https:\/\/ilcrogiuolo.it\/it\/p\/carte-naipes\/\",\"name\":\"CARTE NAIPES - Il Crogiuolo\",\"isPartOf\":{\"@id\":\"https:\/\/ilcrogiuolo.it\/it\/#website\"},\"primaryImageOfPage\":{\"@id\":\"https:\/\/ilcrogiuolo.it\/it\/p\/carte-naipes\/#primaryimage\"},\"image\":{\"@id\":\"https:\/\/ilcrogiuolo.it\/it\/p\/carte-naipes\/#primaryimage\"},\"thumbnailUrl\":\"https:\/\/ilcrogiuolo.it\/wp-content\/uploads\/2020\/01\/NAIPES-SOLO-CARTE.png\",\"datePublished\":\"2020-01-14T16:04:27+00:00\",\"dateModified\":\"2022-10-05T15:26:29+00:00\",\"description\":\"CARTE NAIPES L'origine delle carte da gioco \u00e8 ignota. Si dice che nacquero in Cina, intorno al decimo secolo, poco dopo l\u2019invenzione della carta. Gli albori della\",\"breadcrumb\":{\"@id\":\"https:\/\/ilcrogiuolo.it\/it\/p\/carte-naipes\/#breadcrumb\"},\"inLanguage\":\"it-IT\",\"potentialAction\":[{\"@type\":\"ReadAction\",\"target\":[\"https:\/\/ilcrogiuolo.it\/it\/p\/carte-naipes\/\"]}]},{\"@type\":\"ImageObject\",\"inLanguage\":\"it-IT\",\"@id\":\"https:\/\/ilcrogiuolo.it\/it\/p\/carte-naipes\/#primaryimage\",\"url\":\"https:\/\/ilcrogiuolo.it\/wp-content\/uploads\/2020\/01\/NAIPES-SOLO-CARTE.png\",\"contentUrl\":\"https:\/\/ilcrogiuolo.it\/wp-content\/uploads\/2020\/01\/NAIPES-SOLO-CARTE.png\",\"width\":2010,\"height\":2016},{\"@type\":\"BreadcrumbList\",\"@id\":\"https:\/\/ilcrogiuolo.it\/it\/p\/carte-naipes\/#breadcrumb\",\"itemListElement\":[{\"@type\":\"ListItem\",\"position\":1,\"name\":\"Home\",\"item\":\"https:\/\/ilcrogiuolo.it\/it\/\"},{\"@type\":\"ListItem\",\"position\":2,\"name\":\"Shop\",\"item\":\"https:\/\/ilcrogiuolo.it\/it\/negozio\/\"},{\"@type\":\"ListItem\",\"position\":3,\"name\":\"CARTE NAIPES\"}]},{\"@type\":\"WebSite\",\"@id\":\"https:\/\/ilcrogiuolo.it\/it\/#website\",\"url\":\"https:\/\/ilcrogiuolo.it\/it\/\",\"name\":\"Il Crogiuolo\",\"description\":\"\",\"publisher\":{\"@id\":\"https:\/\/ilcrogiuolo.it\/it\/#organization\"},\"potentialAction\":[{\"@type\":\"SearchAction\",\"target\":{\"@type\":\"EntryPoint\",\"urlTemplate\":\"https:\/\/ilcrogiuolo.it\/it\/?s={search_term_string}\"},\"query-input\":{\"@type\":\"PropertyValueSpecification\",\"valueRequired\":true,\"valueName\":\"search_term_string\"}}],\"inLanguage\":\"it-IT\"},{\"@type\":\"Organization\",\"@id\":\"https:\/\/ilcrogiuolo.it\/it\/#organization\",\"name\":\"Il Crogiuolo\",\"url\":\"https:\/\/ilcrogiuolo.it\/it\/\",\"logo\":{\"@type\":\"ImageObject\",\"inLanguage\":\"it-IT\",\"@id\":\"https:\/\/ilcrogiuolo.it\/it\/#\/schema\/logo\/image\/\",\"url\":\"https:\/\/ilcrogiuolo.it\/wp-content\/uploads\/2020\/04\/logo.png\",\"contentUrl\":\"https:\/\/ilcrogiuolo.it\/wp-content\/uploads\/2020\/04\/logo.png\",\"width\":200,\"height\":49,\"caption\":\"Il Crogiuolo\"},\"image\":{\"@id\":\"https:\/\/ilcrogiuolo.it\/it\/#\/schema\/logo\/image\/\"},\"sameAs\":[\"https:\/\/www.facebook.com\/Il-Crogiuolo-681876418491758\"]}]}<\/script>\n<!-- \/ Yoast SEO plugin. -->","yoast_head_json":{"title":"CARTE NAIPES - Il Crogiuolo","description":"CARTE NAIPES L'origine delle carte da gioco \u00e8 ignota. Si dice che nacquero in Cina, intorno al decimo secolo, poco dopo l\u2019invenzione della carta. Gli albori della","robots":{"index":"index","follow":"follow","max-snippet":"max-snippet:-1","max-image-preview":"max-image-preview:large","max-video-preview":"max-video-preview:-1"},"canonical":"https:\/\/ilcrogiuolo.it\/it\/p\/carte-naipes\/","og_locale":"it_IT","og_type":"article","og_title":"CARTE NAIPES - Il Crogiuolo","og_description":"CARTE NAIPES L'origine delle carte da gioco \u00e8 ignota. Si dice che nacquero in Cina, intorno al decimo secolo, poco dopo l\u2019invenzione della carta. Gli albori della","og_url":"https:\/\/ilcrogiuolo.it\/it\/p\/carte-naipes\/","og_site_name":"Il Crogiuolo","article_publisher":"https:\/\/www.facebook.com\/Il-Crogiuolo-681876418491758","article_modified_time":"2022-10-05T15:26:29+00:00","og_image":[{"width":1021,"height":1024,"url":"https:\/\/ilcrogiuolo.it\/wp-content\/uploads\/2020\/01\/NAIPES-SOLO-CARTE-1021x1024.png","type":"image\/png"}],"twitter_card":"summary_large_image","twitter_misc":{"Tempo di lettura stimato":"1 minuto"},"schema":{"@context":"https:\/\/schema.org","@graph":[{"@type":"WebPage","@id":"https:\/\/ilcrogiuolo.it\/it\/p\/carte-naipes\/","url":"https:\/\/ilcrogiuolo.it\/it\/p\/carte-naipes\/","name":"CARTE NAIPES - Il Crogiuolo","isPartOf":{"@id":"https:\/\/ilcrogiuolo.it\/it\/#website"},"primaryImageOfPage":{"@id":"https:\/\/ilcrogiuolo.it\/it\/p\/carte-naipes\/#primaryimage"},"image":{"@id":"https:\/\/ilcrogiuolo.it\/it\/p\/carte-naipes\/#primaryimage"},"thumbnailUrl":"https:\/\/ilcrogiuolo.it\/wp-content\/uploads\/2020\/01\/NAIPES-SOLO-CARTE.png","datePublished":"2020-01-14T16:04:27+00:00","dateModified":"2022-10-05T15:26:29+00:00","description":"CARTE NAIPES L'origine delle carte da gioco \u00e8 ignota. Si dice che nacquero in Cina, intorno al decimo secolo, poco dopo l\u2019invenzione della carta. Gli albori della","breadcrumb":{"@id":"https:\/\/ilcrogiuolo.it\/it\/p\/carte-naipes\/#breadcrumb"},"inLanguage":"it-IT","potentialAction":[{"@type":"ReadAction","target":["https:\/\/ilcrogiuolo.it\/it\/p\/carte-naipes\/"]}]},{"@type":"ImageObject","inLanguage":"it-IT","@id":"https:\/\/ilcrogiuolo.it\/it\/p\/carte-naipes\/#primaryimage","url":"https:\/\/ilcrogiuolo.it\/wp-content\/uploads\/2020\/01\/NAIPES-SOLO-CARTE.png","contentUrl":"https:\/\/ilcrogiuolo.it\/wp-content\/uploads\/2020\/01\/NAIPES-SOLO-CARTE.png","width":2010,"height":2016},{"@type":"BreadcrumbList","@id":"https:\/\/ilcrogiuolo.it\/it\/p\/carte-naipes\/#breadcrumb","itemListElement":[{"@type":"ListItem","position":1,"name":"Home","item":"https:\/\/ilcrogiuolo.it\/it\/"},{"@type":"ListItem","position":2,"name":"Shop","item":"https:\/\/ilcrogiuolo.it\/it\/negozio\/"},{"@type":"ListItem","position":3,"name":"CARTE NAIPES"}]},{"@type":"WebSite","@id":"https:\/\/ilcrogiuolo.it\/it\/#website","url":"https:\/\/ilcrogiuolo.it\/it\/","name":"Il Crogiuolo","description":"","publisher":{"@id":"https:\/\/ilcrogiuolo.it\/it\/#organization"},"potentialAction":[{"@type":"SearchAction","target":{"@type":"EntryPoint","urlTemplate":"https:\/\/ilcrogiuolo.it\/it\/?s={search_term_string}"},"query-input":{"@type":"PropertyValueSpecification","valueRequired":true,"valueName":"search_term_string"}}],"inLanguage":"it-IT"},{"@type":"Organization","@id":"https:\/\/ilcrogiuolo.it\/it\/#organization","name":"Il Crogiuolo","url":"https:\/\/ilcrogiuolo.it\/it\/","logo":{"@type":"ImageObject","inLanguage":"it-IT","@id":"https:\/\/ilcrogiuolo.it\/it\/#\/schema\/logo\/image\/","url":"https:\/\/ilcrogiuolo.it\/wp-content\/uploads\/2020\/04\/logo.png","contentUrl":"https:\/\/ilcrogiuolo.it\/wp-content\/uploads\/2020\/04\/logo.png","width":200,"height":49,"caption":"Il Crogiuolo"},"image":{"@id":"https:\/\/ilcrogiuolo.it\/it\/#\/schema\/logo\/image\/"},"sameAs":["https:\/\/www.facebook.com\/Il-Crogiuolo-681876418491758"]}]}},"_links":{"self":[{"href":"https:\/\/ilcrogiuolo.it\/it\/wp-json\/wp\/v2\/product\/2122","targetHints":{"allow":["GET"]}}],"collection":[{"href":"https:\/\/ilcrogiuolo.it\/it\/wp-json\/wp\/v2\/product"}],"about":[{"href":"https:\/\/ilcrogiuolo.it\/it\/wp-json\/wp\/v2\/types\/product"}],"wp:featuredmedia":[{"embeddable":true,"href":"https:\/\/ilcrogiuolo.it\/it\/wp-json\/wp\/v2\/media\/39102"}],"wp:attachment":[{"href":"https:\/\/ilcrogiuolo.it\/it\/wp-json\/wp\/v2\/media?parent=2122"}],"wp:term":[{"taxonomy":"product_brand","embeddable":true,"href":"https:\/\/ilcrogiuolo.it\/it\/wp-json\/wp\/v2\/product_brand?post=2122"},{"taxonomy":"product_cat","embeddable":true,"href":"https:\/\/ilcrogiuolo.it\/it\/wp-json\/wp\/v2\/product_cat?post=2122"},{"taxonomy":"product_tag","embeddable":true,"href":"https:\/\/ilcrogiuolo.it\/it\/wp-json\/wp\/v2\/product_tag?post=2122"}],"curies":[{"name":"wp","href":"https:\/\/api.w.org\/{rel}","templated":true}]}}