{"id":2074,"date":"2020-01-14T17:04:20","date_gmt":"2020-01-14T16:04:20","guid":{"rendered":"https:\/\/ilcrogiuolo.it\/p\/polvere-chango-macho-gold-silver\/"},"modified":"2024-01-26T16:17:04","modified_gmt":"2024-01-26T15:17:04","slug":"polvere-chango-macho-gold-silver","status":"publish","type":"product","link":"https:\/\/ilcrogiuolo.it\/it\/p\/polvere-chango-macho-gold-silver\/","title":{"rendered":"POLVERE CHANGO MACHO &#8211; GOLD &#038; SILVER"},"content":{"rendered":"<p>Le polveri voodoo utilizzate nella spiritualit\u00e0 della tradizione Voodoo di Santo Domingo e di New Orleans sono talchi aromatici composti da erbe ed essenze che hanno una affinit\u00e0 e una complicit\u00e0 simbolica con il nome che portano. Non sono prodotti n\u00e8 commestibili n\u00e8 cosmetici. Il Crogiuolo ve li propone come originali prodotti impiegati nella spiritualit\u00e0 Voodoo. Ecco quello che tramanda la tradizione circa il suo uso: Nel Voodoo: Gold and Silver\/Good Luck E\u2019 una polvere di buona sorte che si appella al potere di Xang\u00f2 nel suo aspetto di signore dell\u2019abbondanza e della prosperit\u00e0. Si impiega anche per trovare lavoro o per sormontare i problemi di lavoro (unita a polvere Brazo Poderoso). Chi utilizza questa polvere, secondo quanto si tramanda, potr\u00e0 ribaltare la propria miseria in ricchezza. Viene utilizzata come talco, nelle offerte a Xang\u00f2 e nei rituali di denaro rivolti a questo Orix\u00e0. Si utilizza con candele arancioni insieme alla preghiera conosciuta come Orazione di Chango (alias Xang\u00f2) Macho:\u201d Oh sovrano e misterioso spirito Chango, che reggete il destino delle nostre vite, dirigete il vostro sguardo verso di me. Umilmente vi prego che mi illuminiate il cammino per ottenere, attraverso il vostro potere segreto di guerriero, fortuna e buona sorte nel lavoro, negli affari e al gioco, in modo che io possa soddisfare le mie necessit\u00e0 e godere di un\u2019animo gioioso e di una mente serena. Mi inginocchio innanzi alla vostra immagine , ammiro il vostro potere, la vostra forza, la vostra conoscenza e imploro la vostra benevolenza. Nel nome di Dio e dello Spirito Santo proteggetemi da tutte le cattive influenze e difendetemi dalle intenzioni e dai pensieri cattivi dei miei nemici. Non avr\u00f2 a di cui temere, perch\u00e8 voi sarete con me e mi aiuterete in ogni necessit\u00e0. Xang\u00f2, mia guida e protettore, ottenetemi per intercessione (fare richiesta). Nel nome del Padre, del Figlio e dello Spirito Santo\u201d. Unita a polvere Prosperidade, Im\u00e0n e Money Drawing e sparsa nella propria attivit\u00e0, in casa o dove si lavora garantisce introiti continui di guadagno.<\/p>\n<p>&nbsp;<\/p>\n","protected":false},"excerpt":{"rendered":"<p>Le polveri voodoo utilizzate nella spiritualit\u00e0 della tradizione Voodoo di Santo Domingo e di New Orleans sono talchi aromatici composti&#8230;<\/p>\n","protected":false},"featured_media":44972,"template":"","meta":{"_acf_changed":false},"product_brand":[],"product_cat":[1081,1059,1280],"product_tag":[],"class_list":{"0":"post-2074","1":"product","2":"type-product","3":"status-publish","4":"has-post-thumbnail","6":"product_cat-polveri-esoteriche-e-pembas","7":"product_cat-articoli-esoterici","8":"product_cat-polveri-esoteriche-di-purificazione-di-potere-dominio-axe-e-denaro","10":"first","11":"instock","12":"taxable","13":"shipping-taxable","14":"purchasable","15":"product-type-simple","16":"add-to-wishlist-before_image"},"acf":[],"yoast_head":"<!-- This site is optimized with the Yoast SEO plugin v26.9 - https:\/\/yoast.com\/product\/yoast-seo-wordpress\/ -->\n<title>POLVERE CHANGO MACHO - GOLD &amp; SILVER - Il Crogiuolo<\/title>\n<meta name=\"description\" content=\"POLVERE CHANGO MACHO - GOLD &amp; SILVER Le polveri voodoo utilizzate nella spiritualit\u00e0 della tradizione Voodoo di Santo Domingo e di New Orleans sono talchi aromatici composti da erbe ed\" \/>\n<meta name=\"robots\" content=\"index, follow, max-snippet:-1, max-image-preview:large, max-video-preview:-1\" \/>\n<link rel=\"canonical\" href=\"https:\/\/ilcrogiuolo.it\/it\/p\/polvere-chango-macho-gold-silver\/\" \/>\n<meta property=\"og:locale\" content=\"it_IT\" \/>\n<meta property=\"og:type\" content=\"article\" \/>\n<meta property=\"og:title\" content=\"POLVERE CHANGO MACHO - GOLD &amp; SILVER - Il Crogiuolo\" \/>\n<meta property=\"og:description\" content=\"POLVERE CHANGO MACHO - GOLD &amp; SILVER Le polveri voodoo utilizzate nella spiritualit\u00e0 della tradizione Voodoo di Santo Domingo e di New Orleans sono talchi aromatici composti da erbe ed\" \/>\n<meta property=\"og:url\" content=\"https:\/\/ilcrogiuolo.it\/it\/p\/polvere-chango-macho-gold-silver\/\" \/>\n<meta property=\"og:site_name\" content=\"Il Crogiuolo\" \/>\n<meta property=\"article:publisher\" content=\"https:\/\/www.facebook.com\/Il-Crogiuolo-681876418491758\" \/>\n<meta property=\"article:modified_time\" content=\"2024-01-26T15:17:04+00:00\" \/>\n<meta property=\"og:image\" content=\"https:\/\/ilcrogiuolo.it\/wp-content\/uploads\/2020\/01\/CHANGO-MACHO.png\" \/>\n\t<meta property=\"og:image:width\" content=\"627\" \/>\n\t<meta property=\"og:image:height\" content=\"600\" \/>\n\t<meta property=\"og:image:type\" content=\"image\/png\" \/>\n<meta name=\"twitter:card\" content=\"summary_large_image\" \/>\n<meta name=\"twitter:label1\" content=\"Tempo di lettura stimato\" \/>\n\t<meta name=\"twitter:data1\" content=\"2 minuti\" \/>\n<script type=\"application\/ld+json\" class=\"yoast-schema-graph\">{\"@context\":\"https:\/\/schema.org\",\"@graph\":[{\"@type\":\"WebPage\",\"@id\":\"https:\/\/ilcrogiuolo.it\/it\/p\/polvere-chango-macho-gold-silver\/\",\"url\":\"https:\/\/ilcrogiuolo.it\/it\/p\/polvere-chango-macho-gold-silver\/\",\"name\":\"POLVERE CHANGO MACHO - GOLD & SILVER - Il Crogiuolo\",\"isPartOf\":{\"@id\":\"https:\/\/ilcrogiuolo.it\/it\/#website\"},\"primaryImageOfPage\":{\"@id\":\"https:\/\/ilcrogiuolo.it\/it\/p\/polvere-chango-macho-gold-silver\/#primaryimage\"},\"image\":{\"@id\":\"https:\/\/ilcrogiuolo.it\/it\/p\/polvere-chango-macho-gold-silver\/#primaryimage\"},\"thumbnailUrl\":\"https:\/\/ilcrogiuolo.it\/wp-content\/uploads\/2020\/01\/CHANGO-MACHO.png\",\"datePublished\":\"2020-01-14T16:04:20+00:00\",\"dateModified\":\"2024-01-26T15:17:04+00:00\",\"description\":\"POLVERE CHANGO MACHO - GOLD & SILVER Le polveri voodoo utilizzate nella spiritualit\u00e0 della tradizione Voodoo di Santo Domingo e di New Orleans sono talchi aromatici composti da erbe ed\",\"breadcrumb\":{\"@id\":\"https:\/\/ilcrogiuolo.it\/it\/p\/polvere-chango-macho-gold-silver\/#breadcrumb\"},\"inLanguage\":\"it-IT\",\"potentialAction\":[{\"@type\":\"ReadAction\",\"target\":[\"https:\/\/ilcrogiuolo.it\/it\/p\/polvere-chango-macho-gold-silver\/\"]}]},{\"@type\":\"ImageObject\",\"inLanguage\":\"it-IT\",\"@id\":\"https:\/\/ilcrogiuolo.it\/it\/p\/polvere-chango-macho-gold-silver\/#primaryimage\",\"url\":\"https:\/\/ilcrogiuolo.it\/wp-content\/uploads\/2020\/01\/CHANGO-MACHO.png\",\"contentUrl\":\"https:\/\/ilcrogiuolo.it\/wp-content\/uploads\/2020\/01\/CHANGO-MACHO.png\",\"width\":627,\"height\":600},{\"@type\":\"BreadcrumbList\",\"@id\":\"https:\/\/ilcrogiuolo.it\/it\/p\/polvere-chango-macho-gold-silver\/#breadcrumb\",\"itemListElement\":[{\"@type\":\"ListItem\",\"position\":1,\"name\":\"Home\",\"item\":\"https:\/\/ilcrogiuolo.it\/it\/\"},{\"@type\":\"ListItem\",\"position\":2,\"name\":\"Shop\",\"item\":\"https:\/\/ilcrogiuolo.it\/it\/negozio\/\"},{\"@type\":\"ListItem\",\"position\":3,\"name\":\"POLVERE CHANGO MACHO &#8211; GOLD &#038; SILVER\"}]},{\"@type\":\"WebSite\",\"@id\":\"https:\/\/ilcrogiuolo.it\/it\/#website\",\"url\":\"https:\/\/ilcrogiuolo.it\/it\/\",\"name\":\"Il Crogiuolo\",\"description\":\"\",\"publisher\":{\"@id\":\"https:\/\/ilcrogiuolo.it\/it\/#organization\"},\"potentialAction\":[{\"@type\":\"SearchAction\",\"target\":{\"@type\":\"EntryPoint\",\"urlTemplate\":\"https:\/\/ilcrogiuolo.it\/it\/?s={search_term_string}\"},\"query-input\":{\"@type\":\"PropertyValueSpecification\",\"valueRequired\":true,\"valueName\":\"search_term_string\"}}],\"inLanguage\":\"it-IT\"},{\"@type\":\"Organization\",\"@id\":\"https:\/\/ilcrogiuolo.it\/it\/#organization\",\"name\":\"Il Crogiuolo\",\"url\":\"https:\/\/ilcrogiuolo.it\/it\/\",\"logo\":{\"@type\":\"ImageObject\",\"inLanguage\":\"it-IT\",\"@id\":\"https:\/\/ilcrogiuolo.it\/it\/#\/schema\/logo\/image\/\",\"url\":\"https:\/\/ilcrogiuolo.it\/wp-content\/uploads\/2020\/04\/logo.png\",\"contentUrl\":\"https:\/\/ilcrogiuolo.it\/wp-content\/uploads\/2020\/04\/logo.png\",\"width\":200,\"height\":49,\"caption\":\"Il Crogiuolo\"},\"image\":{\"@id\":\"https:\/\/ilcrogiuolo.it\/it\/#\/schema\/logo\/image\/\"},\"sameAs\":[\"https:\/\/www.facebook.com\/Il-Crogiuolo-681876418491758\"]}]}<\/script>\n<!-- \/ Yoast SEO plugin. -->","yoast_head_json":{"title":"POLVERE CHANGO MACHO - GOLD & SILVER - Il Crogiuolo","description":"POLVERE CHANGO MACHO - GOLD & SILVER Le polveri voodoo utilizzate nella spiritualit\u00e0 della tradizione Voodoo di Santo Domingo e di New Orleans sono talchi aromatici composti da erbe ed","robots":{"index":"index","follow":"follow","max-snippet":"max-snippet:-1","max-image-preview":"max-image-preview:large","max-video-preview":"max-video-preview:-1"},"canonical":"https:\/\/ilcrogiuolo.it\/it\/p\/polvere-chango-macho-gold-silver\/","og_locale":"it_IT","og_type":"article","og_title":"POLVERE CHANGO MACHO - GOLD & SILVER - Il Crogiuolo","og_description":"POLVERE CHANGO MACHO - GOLD & SILVER Le polveri voodoo utilizzate nella spiritualit\u00e0 della tradizione Voodoo di Santo Domingo e di New Orleans sono talchi aromatici composti da erbe ed","og_url":"https:\/\/ilcrogiuolo.it\/it\/p\/polvere-chango-macho-gold-silver\/","og_site_name":"Il Crogiuolo","article_publisher":"https:\/\/www.facebook.com\/Il-Crogiuolo-681876418491758","article_modified_time":"2024-01-26T15:17:04+00:00","og_image":[{"width":627,"height":600,"url":"https:\/\/ilcrogiuolo.it\/wp-content\/uploads\/2020\/01\/CHANGO-MACHO.png","type":"image\/png"}],"twitter_card":"summary_large_image","twitter_misc":{"Tempo di lettura stimato":"2 minuti"},"schema":{"@context":"https:\/\/schema.org","@graph":[{"@type":"WebPage","@id":"https:\/\/ilcrogiuolo.it\/it\/p\/polvere-chango-macho-gold-silver\/","url":"https:\/\/ilcrogiuolo.it\/it\/p\/polvere-chango-macho-gold-silver\/","name":"POLVERE CHANGO MACHO - GOLD & SILVER - Il Crogiuolo","isPartOf":{"@id":"https:\/\/ilcrogiuolo.it\/it\/#website"},"primaryImageOfPage":{"@id":"https:\/\/ilcrogiuolo.it\/it\/p\/polvere-chango-macho-gold-silver\/#primaryimage"},"image":{"@id":"https:\/\/ilcrogiuolo.it\/it\/p\/polvere-chango-macho-gold-silver\/#primaryimage"},"thumbnailUrl":"https:\/\/ilcrogiuolo.it\/wp-content\/uploads\/2020\/01\/CHANGO-MACHO.png","datePublished":"2020-01-14T16:04:20+00:00","dateModified":"2024-01-26T15:17:04+00:00","description":"POLVERE CHANGO MACHO - GOLD & SILVER Le polveri voodoo utilizzate nella spiritualit\u00e0 della tradizione Voodoo di Santo Domingo e di New Orleans sono talchi aromatici composti da erbe ed","breadcrumb":{"@id":"https:\/\/ilcrogiuolo.it\/it\/p\/polvere-chango-macho-gold-silver\/#breadcrumb"},"inLanguage":"it-IT","potentialAction":[{"@type":"ReadAction","target":["https:\/\/ilcrogiuolo.it\/it\/p\/polvere-chango-macho-gold-silver\/"]}]},{"@type":"ImageObject","inLanguage":"it-IT","@id":"https:\/\/ilcrogiuolo.it\/it\/p\/polvere-chango-macho-gold-silver\/#primaryimage","url":"https:\/\/ilcrogiuolo.it\/wp-content\/uploads\/2020\/01\/CHANGO-MACHO.png","contentUrl":"https:\/\/ilcrogiuolo.it\/wp-content\/uploads\/2020\/01\/CHANGO-MACHO.png","width":627,"height":600},{"@type":"BreadcrumbList","@id":"https:\/\/ilcrogiuolo.it\/it\/p\/polvere-chango-macho-gold-silver\/#breadcrumb","itemListElement":[{"@type":"ListItem","position":1,"name":"Home","item":"https:\/\/ilcrogiuolo.it\/it\/"},{"@type":"ListItem","position":2,"name":"Shop","item":"https:\/\/ilcrogiuolo.it\/it\/negozio\/"},{"@type":"ListItem","position":3,"name":"POLVERE CHANGO MACHO &#8211; GOLD &#038; SILVER"}]},{"@type":"WebSite","@id":"https:\/\/ilcrogiuolo.it\/it\/#website","url":"https:\/\/ilcrogiuolo.it\/it\/","name":"Il Crogiuolo","description":"","publisher":{"@id":"https:\/\/ilcrogiuolo.it\/it\/#organization"},"potentialAction":[{"@type":"SearchAction","target":{"@type":"EntryPoint","urlTemplate":"https:\/\/ilcrogiuolo.it\/it\/?s={search_term_string}"},"query-input":{"@type":"PropertyValueSpecification","valueRequired":true,"valueName":"search_term_string"}}],"inLanguage":"it-IT"},{"@type":"Organization","@id":"https:\/\/ilcrogiuolo.it\/it\/#organization","name":"Il Crogiuolo","url":"https:\/\/ilcrogiuolo.it\/it\/","logo":{"@type":"ImageObject","inLanguage":"it-IT","@id":"https:\/\/ilcrogiuolo.it\/it\/#\/schema\/logo\/image\/","url":"https:\/\/ilcrogiuolo.it\/wp-content\/uploads\/2020\/04\/logo.png","contentUrl":"https:\/\/ilcrogiuolo.it\/wp-content\/uploads\/2020\/04\/logo.png","width":200,"height":49,"caption":"Il Crogiuolo"},"image":{"@id":"https:\/\/ilcrogiuolo.it\/it\/#\/schema\/logo\/image\/"},"sameAs":["https:\/\/www.facebook.com\/Il-Crogiuolo-681876418491758"]}]}},"_links":{"self":[{"href":"https:\/\/ilcrogiuolo.it\/it\/wp-json\/wp\/v2\/product\/2074","targetHints":{"allow":["GET"]}}],"collection":[{"href":"https:\/\/ilcrogiuolo.it\/it\/wp-json\/wp\/v2\/product"}],"about":[{"href":"https:\/\/ilcrogiuolo.it\/it\/wp-json\/wp\/v2\/types\/product"}],"wp:featuredmedia":[{"embeddable":true,"href":"https:\/\/ilcrogiuolo.it\/it\/wp-json\/wp\/v2\/media\/44972"}],"wp:attachment":[{"href":"https:\/\/ilcrogiuolo.it\/it\/wp-json\/wp\/v2\/media?parent=2074"}],"wp:term":[{"taxonomy":"product_brand","embeddable":true,"href":"https:\/\/ilcrogiuolo.it\/it\/wp-json\/wp\/v2\/product_brand?post=2074"},{"taxonomy":"product_cat","embeddable":true,"href":"https:\/\/ilcrogiuolo.it\/it\/wp-json\/wp\/v2\/product_cat?post=2074"},{"taxonomy":"product_tag","embeddable":true,"href":"https:\/\/ilcrogiuolo.it\/it\/wp-json\/wp\/v2\/product_tag?post=2074"}],"curies":[{"name":"wp","href":"https:\/\/api.w.org\/{rel}","templated":true}]}}