{"id":2029,"date":"2020-01-14T17:04:20","date_gmt":"2020-01-14T16:04:20","guid":{"rendered":"https:\/\/ilcrogiuolo.it\/p\/essenza-voodoo-van-van-purificatoria-ml-150\/"},"modified":"2025-07-23T11:36:10","modified_gmt":"2025-07-23T09:36:10","slug":"lotion-van-van-essenza-voodoo-purificatoria-ml-150","status":"publish","type":"product","link":"https:\/\/ilcrogiuolo.it\/it\/p\/lotion-van-van-essenza-voodoo-purificatoria-ml-150\/","title":{"rendered":"LOZIONE VAN VAN &#8211; ESSENZA VOODOO PURIFICATORIA &#8211; ML 150"},"content":{"rendered":"<p>E&#8217; sicuramente l\u2019aroma esoterico\u00a0pi\u00f9 famoso di tutta la Louisiana e il suo profumo agrumato ha il sapore del quartiere francese di New Orleans e dei bayouns del Mississipi. Van Van \u00e8 una formula che si utilizza per purificare, per allontanare il male e gli spiriti cattivi, ma il suo potere non si limita a questo, dal momento che provvede chi ne fa uso di una sorta di scudo magico. Apre le strade alla buona sorte e trasforma in buona la cattiva sorte. Si utilizza anche per favorire la passione o nuovi incontri amorosi, ma pure per attirare il denaro ed il successo. Attenzione, non si deve mai utilizzare Van Van con entit\u00e0 tipo Ex\u00f9 o Met Kalfou (il signore dei crocicchi della tradizione Voodoo), dal momento che elimina ogni tipo di energia di attacco. Si utilizza Van Van tradizionalmente solo con entit\u00e0 di luce. Pu\u00f2 essere per\u00f2 utilizzato dopo una ritualistica negativa come fluido di purificazione e di scarico. Un flacone di Van Van pu\u00f2 anche essere mescolato all&#8217;acqua per lavare i pavimenti, in questo modo oltre a purificare un ambiente lo positivizza, predisponendolo alle energie positive e sviluppando una sorta di barriera al male.\u00a0Con\u00a0essenza Van Van si ungono anche le famose Mojo Bag, i sacchettini con dentro amuleti, pietre, erbe e radici\u00a0tanto cari alla magia della Louisiana e immortalati dalle canzoni di Robert Johnson. Quando si utilizza Van Van \u00e8 bene utilizzare come supporto spirituale, candele di colore giallo. Si pu\u00f2 utilizzare nei bagni esoterici, mescolato ad acqua e come profumo per portare con se una sorta di barriera protettiva contro il male. Questa formula \u00e8 conosciuta anche come destrancadera.<\/p>\n<p>NUOVO FORMATO 150 ML!<\/p>\n","protected":false},"excerpt":{"rendered":"<p>E&#8217; sicuramente l\u2019aroma esoterico\u00a0pi\u00f9 famoso di tutta la Louisiana e il suo profumo agrumato ha il sapore del quartiere francese&#8230;<\/p>\n","protected":false},"featured_media":32031,"template":"","meta":{"_acf_changed":false},"product_brand":[],"product_cat":[1078,1059,1315],"product_tag":[],"class_list":{"0":"post-2029","1":"product","2":"type-product","3":"status-publish","4":"has-post-thumbnail","6":"product_cat-prodotti-esoterici-voodoo-vodun-vudu-santeria","7":"product_cat-articoli-esoterici","8":"product_cat-fluidi-colonie-lozioni-voodoo-santeria","10":"first","11":"instock","12":"taxable","13":"shipping-taxable","14":"purchasable","15":"product-type-simple","16":"add-to-wishlist-before_image"},"acf":[],"yoast_head":"<!-- This site is optimized with the Yoast SEO plugin v26.9 - https:\/\/yoast.com\/product\/yoast-seo-wordpress\/ -->\n<title>LOZIONE VAN VAN - ESSENZA VOODOO PURIFICATORIA - ML 150 - Il Crogiuolo<\/title>\n<meta name=\"description\" content=\"LOZIONE VAN VAN - ESSENZA VOODOO PURIFICATORIA - ML 150 E&#039; sicuramente l\u2019aroma esoterico\u00a0pi\u00f9 famoso di tutta la Louisiana e il suo profumo agrumato ha il sapore del quartiere francese di New Orleans e dei\" \/>\n<meta name=\"robots\" content=\"index, follow, max-snippet:-1, max-image-preview:large, max-video-preview:-1\" \/>\n<link rel=\"canonical\" href=\"https:\/\/ilcrogiuolo.it\/it\/p\/lotion-van-van-essenza-voodoo-purificatoria-ml-150\/\" \/>\n<meta property=\"og:locale\" content=\"it_IT\" \/>\n<meta property=\"og:type\" content=\"article\" \/>\n<meta property=\"og:title\" content=\"LOZIONE VAN VAN - ESSENZA VOODOO PURIFICATORIA - ML 150 - Il Crogiuolo\" \/>\n<meta property=\"og:description\" content=\"LOZIONE VAN VAN - ESSENZA VOODOO PURIFICATORIA - ML 150 E&#039; sicuramente l\u2019aroma esoterico\u00a0pi\u00f9 famoso di tutta la Louisiana e il suo profumo agrumato ha il sapore del quartiere francese di New Orleans e dei\" \/>\n<meta property=\"og:url\" content=\"https:\/\/ilcrogiuolo.it\/it\/p\/lotion-van-van-essenza-voodoo-purificatoria-ml-150\/\" \/>\n<meta property=\"og:site_name\" content=\"Il Crogiuolo\" \/>\n<meta property=\"article:publisher\" content=\"https:\/\/www.facebook.com\/Il-Crogiuolo-681876418491758\" \/>\n<meta property=\"article:modified_time\" content=\"2025-07-23T09:36:10+00:00\" \/>\n<meta property=\"og:image\" content=\"https:\/\/ilcrogiuolo.it\/wp-content\/uploads\/2020\/01\/VAN-VAN-OK.jpg\" \/>\n\t<meta property=\"og:image:width\" content=\"2352\" \/>\n\t<meta property=\"og:image:height\" content=\"2352\" \/>\n\t<meta property=\"og:image:type\" content=\"image\/jpeg\" \/>\n<meta name=\"twitter:card\" content=\"summary_large_image\" \/>\n<meta name=\"twitter:label1\" content=\"Tempo di lettura stimato\" \/>\n\t<meta name=\"twitter:data1\" content=\"2 minuti\" \/>\n<script type=\"application\/ld+json\" class=\"yoast-schema-graph\">{\"@context\":\"https:\/\/schema.org\",\"@graph\":[{\"@type\":\"WebPage\",\"@id\":\"https:\/\/ilcrogiuolo.it\/it\/p\/lotion-van-van-essenza-voodoo-purificatoria-ml-150\/\",\"url\":\"https:\/\/ilcrogiuolo.it\/it\/p\/lotion-van-van-essenza-voodoo-purificatoria-ml-150\/\",\"name\":\"LOZIONE VAN VAN - ESSENZA VOODOO PURIFICATORIA - ML 150 - Il Crogiuolo\",\"isPartOf\":{\"@id\":\"https:\/\/ilcrogiuolo.it\/it\/#website\"},\"primaryImageOfPage\":{\"@id\":\"https:\/\/ilcrogiuolo.it\/it\/p\/lotion-van-van-essenza-voodoo-purificatoria-ml-150\/#primaryimage\"},\"image\":{\"@id\":\"https:\/\/ilcrogiuolo.it\/it\/p\/lotion-van-van-essenza-voodoo-purificatoria-ml-150\/#primaryimage\"},\"thumbnailUrl\":\"https:\/\/ilcrogiuolo.it\/wp-content\/uploads\/2020\/01\/VAN-VAN-OK.jpg\",\"datePublished\":\"2020-01-14T16:04:20+00:00\",\"dateModified\":\"2025-07-23T09:36:10+00:00\",\"description\":\"LOZIONE VAN VAN - ESSENZA VOODOO PURIFICATORIA - ML 150 E' sicuramente l\u2019aroma esoterico\u00a0pi\u00f9 famoso di tutta la Louisiana e il suo profumo agrumato ha il sapore del quartiere francese di New Orleans e dei\",\"breadcrumb\":{\"@id\":\"https:\/\/ilcrogiuolo.it\/it\/p\/lotion-van-van-essenza-voodoo-purificatoria-ml-150\/#breadcrumb\"},\"inLanguage\":\"it-IT\",\"potentialAction\":[{\"@type\":\"ReadAction\",\"target\":[\"https:\/\/ilcrogiuolo.it\/it\/p\/lotion-van-van-essenza-voodoo-purificatoria-ml-150\/\"]}]},{\"@type\":\"ImageObject\",\"inLanguage\":\"it-IT\",\"@id\":\"https:\/\/ilcrogiuolo.it\/it\/p\/lotion-van-van-essenza-voodoo-purificatoria-ml-150\/#primaryimage\",\"url\":\"https:\/\/ilcrogiuolo.it\/wp-content\/uploads\/2020\/01\/VAN-VAN-OK.jpg\",\"contentUrl\":\"https:\/\/ilcrogiuolo.it\/wp-content\/uploads\/2020\/01\/VAN-VAN-OK.jpg\",\"width\":2352,\"height\":2352},{\"@type\":\"BreadcrumbList\",\"@id\":\"https:\/\/ilcrogiuolo.it\/it\/p\/lotion-van-van-essenza-voodoo-purificatoria-ml-150\/#breadcrumb\",\"itemListElement\":[{\"@type\":\"ListItem\",\"position\":1,\"name\":\"Home\",\"item\":\"https:\/\/ilcrogiuolo.it\/it\/\"},{\"@type\":\"ListItem\",\"position\":2,\"name\":\"Shop\",\"item\":\"https:\/\/ilcrogiuolo.it\/it\/negozio\/\"},{\"@type\":\"ListItem\",\"position\":3,\"name\":\"LOZIONE VAN VAN &#8211; ESSENZA VOODOO PURIFICATORIA &#8211; ML 150\"}]},{\"@type\":\"WebSite\",\"@id\":\"https:\/\/ilcrogiuolo.it\/it\/#website\",\"url\":\"https:\/\/ilcrogiuolo.it\/it\/\",\"name\":\"Il Crogiuolo\",\"description\":\"\",\"publisher\":{\"@id\":\"https:\/\/ilcrogiuolo.it\/it\/#organization\"},\"potentialAction\":[{\"@type\":\"SearchAction\",\"target\":{\"@type\":\"EntryPoint\",\"urlTemplate\":\"https:\/\/ilcrogiuolo.it\/it\/?s={search_term_string}\"},\"query-input\":{\"@type\":\"PropertyValueSpecification\",\"valueRequired\":true,\"valueName\":\"search_term_string\"}}],\"inLanguage\":\"it-IT\"},{\"@type\":\"Organization\",\"@id\":\"https:\/\/ilcrogiuolo.it\/it\/#organization\",\"name\":\"Il Crogiuolo\",\"url\":\"https:\/\/ilcrogiuolo.it\/it\/\",\"logo\":{\"@type\":\"ImageObject\",\"inLanguage\":\"it-IT\",\"@id\":\"https:\/\/ilcrogiuolo.it\/it\/#\/schema\/logo\/image\/\",\"url\":\"https:\/\/ilcrogiuolo.it\/wp-content\/uploads\/2020\/04\/logo.png\",\"contentUrl\":\"https:\/\/ilcrogiuolo.it\/wp-content\/uploads\/2020\/04\/logo.png\",\"width\":200,\"height\":49,\"caption\":\"Il Crogiuolo\"},\"image\":{\"@id\":\"https:\/\/ilcrogiuolo.it\/it\/#\/schema\/logo\/image\/\"},\"sameAs\":[\"https:\/\/www.facebook.com\/Il-Crogiuolo-681876418491758\"]}]}<\/script>\n<!-- \/ Yoast SEO plugin. -->","yoast_head_json":{"title":"LOZIONE VAN VAN - ESSENZA VOODOO PURIFICATORIA - ML 150 - Il Crogiuolo","description":"LOZIONE VAN VAN - ESSENZA VOODOO PURIFICATORIA - ML 150 E' sicuramente l\u2019aroma esoterico\u00a0pi\u00f9 famoso di tutta la Louisiana e il suo profumo agrumato ha il sapore del quartiere francese di New Orleans e dei","robots":{"index":"index","follow":"follow","max-snippet":"max-snippet:-1","max-image-preview":"max-image-preview:large","max-video-preview":"max-video-preview:-1"},"canonical":"https:\/\/ilcrogiuolo.it\/it\/p\/lotion-van-van-essenza-voodoo-purificatoria-ml-150\/","og_locale":"it_IT","og_type":"article","og_title":"LOZIONE VAN VAN - ESSENZA VOODOO PURIFICATORIA - ML 150 - Il Crogiuolo","og_description":"LOZIONE VAN VAN - ESSENZA VOODOO PURIFICATORIA - ML 150 E' sicuramente l\u2019aroma esoterico\u00a0pi\u00f9 famoso di tutta la Louisiana e il suo profumo agrumato ha il sapore del quartiere francese di New Orleans e dei","og_url":"https:\/\/ilcrogiuolo.it\/it\/p\/lotion-van-van-essenza-voodoo-purificatoria-ml-150\/","og_site_name":"Il Crogiuolo","article_publisher":"https:\/\/www.facebook.com\/Il-Crogiuolo-681876418491758","article_modified_time":"2025-07-23T09:36:10+00:00","og_image":[{"width":2352,"height":2352,"url":"https:\/\/ilcrogiuolo.it\/wp-content\/uploads\/2020\/01\/VAN-VAN-OK.jpg","type":"image\/jpeg"}],"twitter_card":"summary_large_image","twitter_misc":{"Tempo di lettura stimato":"2 minuti"},"schema":{"@context":"https:\/\/schema.org","@graph":[{"@type":"WebPage","@id":"https:\/\/ilcrogiuolo.it\/it\/p\/lotion-van-van-essenza-voodoo-purificatoria-ml-150\/","url":"https:\/\/ilcrogiuolo.it\/it\/p\/lotion-van-van-essenza-voodoo-purificatoria-ml-150\/","name":"LOZIONE VAN VAN - ESSENZA VOODOO PURIFICATORIA - ML 150 - Il Crogiuolo","isPartOf":{"@id":"https:\/\/ilcrogiuolo.it\/it\/#website"},"primaryImageOfPage":{"@id":"https:\/\/ilcrogiuolo.it\/it\/p\/lotion-van-van-essenza-voodoo-purificatoria-ml-150\/#primaryimage"},"image":{"@id":"https:\/\/ilcrogiuolo.it\/it\/p\/lotion-van-van-essenza-voodoo-purificatoria-ml-150\/#primaryimage"},"thumbnailUrl":"https:\/\/ilcrogiuolo.it\/wp-content\/uploads\/2020\/01\/VAN-VAN-OK.jpg","datePublished":"2020-01-14T16:04:20+00:00","dateModified":"2025-07-23T09:36:10+00:00","description":"LOZIONE VAN VAN - ESSENZA VOODOO PURIFICATORIA - ML 150 E' sicuramente l\u2019aroma esoterico\u00a0pi\u00f9 famoso di tutta la Louisiana e il suo profumo agrumato ha il sapore del quartiere francese di New Orleans e dei","breadcrumb":{"@id":"https:\/\/ilcrogiuolo.it\/it\/p\/lotion-van-van-essenza-voodoo-purificatoria-ml-150\/#breadcrumb"},"inLanguage":"it-IT","potentialAction":[{"@type":"ReadAction","target":["https:\/\/ilcrogiuolo.it\/it\/p\/lotion-van-van-essenza-voodoo-purificatoria-ml-150\/"]}]},{"@type":"ImageObject","inLanguage":"it-IT","@id":"https:\/\/ilcrogiuolo.it\/it\/p\/lotion-van-van-essenza-voodoo-purificatoria-ml-150\/#primaryimage","url":"https:\/\/ilcrogiuolo.it\/wp-content\/uploads\/2020\/01\/VAN-VAN-OK.jpg","contentUrl":"https:\/\/ilcrogiuolo.it\/wp-content\/uploads\/2020\/01\/VAN-VAN-OK.jpg","width":2352,"height":2352},{"@type":"BreadcrumbList","@id":"https:\/\/ilcrogiuolo.it\/it\/p\/lotion-van-van-essenza-voodoo-purificatoria-ml-150\/#breadcrumb","itemListElement":[{"@type":"ListItem","position":1,"name":"Home","item":"https:\/\/ilcrogiuolo.it\/it\/"},{"@type":"ListItem","position":2,"name":"Shop","item":"https:\/\/ilcrogiuolo.it\/it\/negozio\/"},{"@type":"ListItem","position":3,"name":"LOZIONE VAN VAN &#8211; ESSENZA VOODOO PURIFICATORIA &#8211; ML 150"}]},{"@type":"WebSite","@id":"https:\/\/ilcrogiuolo.it\/it\/#website","url":"https:\/\/ilcrogiuolo.it\/it\/","name":"Il Crogiuolo","description":"","publisher":{"@id":"https:\/\/ilcrogiuolo.it\/it\/#organization"},"potentialAction":[{"@type":"SearchAction","target":{"@type":"EntryPoint","urlTemplate":"https:\/\/ilcrogiuolo.it\/it\/?s={search_term_string}"},"query-input":{"@type":"PropertyValueSpecification","valueRequired":true,"valueName":"search_term_string"}}],"inLanguage":"it-IT"},{"@type":"Organization","@id":"https:\/\/ilcrogiuolo.it\/it\/#organization","name":"Il Crogiuolo","url":"https:\/\/ilcrogiuolo.it\/it\/","logo":{"@type":"ImageObject","inLanguage":"it-IT","@id":"https:\/\/ilcrogiuolo.it\/it\/#\/schema\/logo\/image\/","url":"https:\/\/ilcrogiuolo.it\/wp-content\/uploads\/2020\/04\/logo.png","contentUrl":"https:\/\/ilcrogiuolo.it\/wp-content\/uploads\/2020\/04\/logo.png","width":200,"height":49,"caption":"Il Crogiuolo"},"image":{"@id":"https:\/\/ilcrogiuolo.it\/it\/#\/schema\/logo\/image\/"},"sameAs":["https:\/\/www.facebook.com\/Il-Crogiuolo-681876418491758"]}]}},"_links":{"self":[{"href":"https:\/\/ilcrogiuolo.it\/it\/wp-json\/wp\/v2\/product\/2029","targetHints":{"allow":["GET"]}}],"collection":[{"href":"https:\/\/ilcrogiuolo.it\/it\/wp-json\/wp\/v2\/product"}],"about":[{"href":"https:\/\/ilcrogiuolo.it\/it\/wp-json\/wp\/v2\/types\/product"}],"wp:featuredmedia":[{"embeddable":true,"href":"https:\/\/ilcrogiuolo.it\/it\/wp-json\/wp\/v2\/media\/32031"}],"wp:attachment":[{"href":"https:\/\/ilcrogiuolo.it\/it\/wp-json\/wp\/v2\/media?parent=2029"}],"wp:term":[{"taxonomy":"product_brand","embeddable":true,"href":"https:\/\/ilcrogiuolo.it\/it\/wp-json\/wp\/v2\/product_brand?post=2029"},{"taxonomy":"product_cat","embeddable":true,"href":"https:\/\/ilcrogiuolo.it\/it\/wp-json\/wp\/v2\/product_cat?post=2029"},{"taxonomy":"product_tag","embeddable":true,"href":"https:\/\/ilcrogiuolo.it\/it\/wp-json\/wp\/v2\/product_tag?post=2029"}],"curies":[{"name":"wp","href":"https:\/\/api.w.org\/{rel}","templated":true}]}}