{"id":1981,"date":"2020-01-14T17:04:11","date_gmt":"2020-01-14T16:04:11","guid":{"rendered":"https:\/\/ilcrogiuolo.it\/p\/aceite-sigueme-follow-me\/"},"modified":"2025-01-13T17:26:29","modified_gmt":"2025-01-13T16:26:29","slug":"aceite-sigueme-follow-me","status":"publish","type":"product","link":"https:\/\/ilcrogiuolo.it\/it\/p\/aceite-sigueme-follow-me\/","title":{"rendered":"ACEITE SIGUEME &#8211; FOLLOW ME"},"content":{"rendered":"<p>Gli olii voodoo sono composti da essenze e erbe che, nella tradizione esoterica hanno una affinit\u00e0 e una complicit\u00e0 simbolica con il nome che portano. Non sono prodotti n\u00e9 commestibili n\u00e9 cosmetici. Il Crogiuolo ve li propone come originali prodotti impiegati nelle varie tradizioni, autentiche curiosit\u00e0 magiche utilizzate nei vari paesi d\u2019origine. Ecco quello che la tradizione tramanda circa il suo uso: FOLLOW ME \u00e8 una antica composizione che affonda le sue origini nella magia africana, passato alla storia, nella magia Voodoo di New Orleans, come una miscela indirizzata a &#8220;donne forti che vogliono conquistare uomini forti&#8221;. La ricetta di FOLLOW ME, preparata con erbe selezionate, fiori particolari e essenze profumate ricalca l&#8217;antica formula africana. FOLLOW ME tradizionalmente risveglia la passione, chiama a livello sessuale e erotico e risveglia nel partner interessi anche sopiti in maniera esplosiva. La sua composizione lo vede impiegato nei rituali di legamento, sia diretti agli uomini, che alle donne, dal momento che agisce, secondo quanto si tramanda, a livello di testa risvegliando i centri del piacere indipendentemente dall&#8217;orientamento sessuale di questi (infatti viene usato con successo anche nel caso di legami omosessuali). E&#8217; un prodotto conosciuto anche nella Santeria col nome di Sigueme (seguimi). Si utilizza per conquistare una persona e soggiogarla, catturarla in un vincolo di fascino e seduzione tale che non potr\u00e0 che arrendersi alle virt\u00f9 delle sostanze che lo compongono, caricate secondo il rituale Voodoo. 10 ML L&#8217;immagine \u00e8 puramente esemplificativa. La confezione pu\u00f2 essere in plastica o in vetro.<\/p>\n","protected":false},"excerpt":{"rendered":"<p>Gli olii voodoo sono composti da essenze e erbe che, nella tradizione esoterica hanno una affinit\u00e0 e una complicit\u00e0 simbolica&#8230;<\/p>\n","protected":false},"featured_media":1982,"template":"","meta":{"_acf_changed":false},"product_brand":[],"product_cat":[1078,1059,1312],"product_tag":[],"class_list":{"0":"post-1981","1":"product","2":"type-product","3":"status-publish","4":"has-post-thumbnail","6":"product_cat-prodotti-esoterici-voodoo-vodun-vudu-santeria","7":"product_cat-articoli-esoterici","8":"product_cat-olii-voodoo-e-hoodoo","10":"first","11":"instock","12":"taxable","13":"shipping-taxable","14":"purchasable","15":"product-type-simple","16":"add-to-wishlist-before_image"},"acf":[],"yoast_head":"<!-- This site is optimized with the Yoast SEO plugin v26.9 - https:\/\/yoast.com\/product\/yoast-seo-wordpress\/ -->\n<title>ACEITE SIGUEME - FOLLOW ME - Il Crogiuolo<\/title>\n<meta name=\"description\" content=\"ACEITE SIGUEME - FOLLOW ME Gli olii voodoo sono composti da essenze e erbe che, nella tradizione esoterica hanno una affinit\u00e0 e una complicit\u00e0 simbolica con il nome che portano. Non\" \/>\n<meta name=\"robots\" content=\"index, follow, max-snippet:-1, max-image-preview:large, max-video-preview:-1\" \/>\n<link rel=\"canonical\" href=\"https:\/\/ilcrogiuolo.it\/it\/p\/aceite-sigueme-follow-me\/\" \/>\n<meta property=\"og:locale\" content=\"it_IT\" \/>\n<meta property=\"og:type\" content=\"article\" \/>\n<meta property=\"og:title\" content=\"ACEITE SIGUEME - FOLLOW ME - Il Crogiuolo\" \/>\n<meta property=\"og:description\" content=\"ACEITE SIGUEME - FOLLOW ME Gli olii voodoo sono composti da essenze e erbe che, nella tradizione esoterica hanno una affinit\u00e0 e una complicit\u00e0 simbolica con il nome che portano. Non\" \/>\n<meta property=\"og:url\" content=\"https:\/\/ilcrogiuolo.it\/it\/p\/aceite-sigueme-follow-me\/\" \/>\n<meta property=\"og:site_name\" content=\"Il Crogiuolo\" \/>\n<meta property=\"article:publisher\" content=\"https:\/\/www.facebook.com\/Il-Crogiuolo-681876418491758\" \/>\n<meta property=\"article:modified_time\" content=\"2025-01-13T16:26:29+00:00\" \/>\n<meta property=\"og:image\" content=\"https:\/\/ilcrogiuolo.it\/wp-content\/uploads\/2020\/01\/oliiaceiteesotericosesoterici_6004134.jpg\" \/>\n\t<meta property=\"og:image:width\" content=\"627\" \/>\n\t<meta property=\"og:image:height\" content=\"600\" \/>\n\t<meta property=\"og:image:type\" content=\"image\/jpeg\" \/>\n<meta name=\"twitter:card\" content=\"summary_large_image\" \/>\n<meta name=\"twitter:label1\" content=\"Tempo di lettura stimato\" \/>\n\t<meta name=\"twitter:data1\" content=\"2 minuti\" \/>\n<script type=\"application\/ld+json\" class=\"yoast-schema-graph\">{\"@context\":\"https:\/\/schema.org\",\"@graph\":[{\"@type\":\"WebPage\",\"@id\":\"https:\/\/ilcrogiuolo.it\/it\/p\/aceite-sigueme-follow-me\/\",\"url\":\"https:\/\/ilcrogiuolo.it\/it\/p\/aceite-sigueme-follow-me\/\",\"name\":\"ACEITE SIGUEME - FOLLOW ME - Il Crogiuolo\",\"isPartOf\":{\"@id\":\"https:\/\/ilcrogiuolo.it\/it\/#website\"},\"primaryImageOfPage\":{\"@id\":\"https:\/\/ilcrogiuolo.it\/it\/p\/aceite-sigueme-follow-me\/#primaryimage\"},\"image\":{\"@id\":\"https:\/\/ilcrogiuolo.it\/it\/p\/aceite-sigueme-follow-me\/#primaryimage\"},\"thumbnailUrl\":\"https:\/\/ilcrogiuolo.it\/wp-content\/uploads\/2020\/01\/oliiaceiteesotericosesoterici_6004134.jpg\",\"datePublished\":\"2020-01-14T16:04:11+00:00\",\"dateModified\":\"2025-01-13T16:26:29+00:00\",\"description\":\"ACEITE SIGUEME - FOLLOW ME Gli olii voodoo sono composti da essenze e erbe che, nella tradizione esoterica hanno una affinit\u00e0 e una complicit\u00e0 simbolica con il nome che portano. Non\",\"breadcrumb\":{\"@id\":\"https:\/\/ilcrogiuolo.it\/it\/p\/aceite-sigueme-follow-me\/#breadcrumb\"},\"inLanguage\":\"it-IT\",\"potentialAction\":[{\"@type\":\"ReadAction\",\"target\":[\"https:\/\/ilcrogiuolo.it\/it\/p\/aceite-sigueme-follow-me\/\"]}]},{\"@type\":\"ImageObject\",\"inLanguage\":\"it-IT\",\"@id\":\"https:\/\/ilcrogiuolo.it\/it\/p\/aceite-sigueme-follow-me\/#primaryimage\",\"url\":\"https:\/\/ilcrogiuolo.it\/wp-content\/uploads\/2020\/01\/oliiaceiteesotericosesoterici_6004134.jpg\",\"contentUrl\":\"https:\/\/ilcrogiuolo.it\/wp-content\/uploads\/2020\/01\/oliiaceiteesotericosesoterici_6004134.jpg\",\"width\":627,\"height\":600},{\"@type\":\"BreadcrumbList\",\"@id\":\"https:\/\/ilcrogiuolo.it\/it\/p\/aceite-sigueme-follow-me\/#breadcrumb\",\"itemListElement\":[{\"@type\":\"ListItem\",\"position\":1,\"name\":\"Home\",\"item\":\"https:\/\/ilcrogiuolo.it\/it\/\"},{\"@type\":\"ListItem\",\"position\":2,\"name\":\"Shop\",\"item\":\"https:\/\/ilcrogiuolo.it\/it\/negozio\/\"},{\"@type\":\"ListItem\",\"position\":3,\"name\":\"ACEITE SIGUEME &#8211; FOLLOW ME\"}]},{\"@type\":\"WebSite\",\"@id\":\"https:\/\/ilcrogiuolo.it\/it\/#website\",\"url\":\"https:\/\/ilcrogiuolo.it\/it\/\",\"name\":\"Il Crogiuolo\",\"description\":\"\",\"publisher\":{\"@id\":\"https:\/\/ilcrogiuolo.it\/it\/#organization\"},\"potentialAction\":[{\"@type\":\"SearchAction\",\"target\":{\"@type\":\"EntryPoint\",\"urlTemplate\":\"https:\/\/ilcrogiuolo.it\/it\/?s={search_term_string}\"},\"query-input\":{\"@type\":\"PropertyValueSpecification\",\"valueRequired\":true,\"valueName\":\"search_term_string\"}}],\"inLanguage\":\"it-IT\"},{\"@type\":\"Organization\",\"@id\":\"https:\/\/ilcrogiuolo.it\/it\/#organization\",\"name\":\"Il Crogiuolo\",\"url\":\"https:\/\/ilcrogiuolo.it\/it\/\",\"logo\":{\"@type\":\"ImageObject\",\"inLanguage\":\"it-IT\",\"@id\":\"https:\/\/ilcrogiuolo.it\/it\/#\/schema\/logo\/image\/\",\"url\":\"https:\/\/ilcrogiuolo.it\/wp-content\/uploads\/2020\/04\/logo.png\",\"contentUrl\":\"https:\/\/ilcrogiuolo.it\/wp-content\/uploads\/2020\/04\/logo.png\",\"width\":200,\"height\":49,\"caption\":\"Il Crogiuolo\"},\"image\":{\"@id\":\"https:\/\/ilcrogiuolo.it\/it\/#\/schema\/logo\/image\/\"},\"sameAs\":[\"https:\/\/www.facebook.com\/Il-Crogiuolo-681876418491758\"]}]}<\/script>\n<!-- \/ Yoast SEO plugin. -->","yoast_head_json":{"title":"ACEITE SIGUEME - FOLLOW ME - Il Crogiuolo","description":"ACEITE SIGUEME - FOLLOW ME Gli olii voodoo sono composti da essenze e erbe che, nella tradizione esoterica hanno una affinit\u00e0 e una complicit\u00e0 simbolica con il nome che portano. Non","robots":{"index":"index","follow":"follow","max-snippet":"max-snippet:-1","max-image-preview":"max-image-preview:large","max-video-preview":"max-video-preview:-1"},"canonical":"https:\/\/ilcrogiuolo.it\/it\/p\/aceite-sigueme-follow-me\/","og_locale":"it_IT","og_type":"article","og_title":"ACEITE SIGUEME - FOLLOW ME - Il Crogiuolo","og_description":"ACEITE SIGUEME - FOLLOW ME Gli olii voodoo sono composti da essenze e erbe che, nella tradizione esoterica hanno una affinit\u00e0 e una complicit\u00e0 simbolica con il nome che portano. Non","og_url":"https:\/\/ilcrogiuolo.it\/it\/p\/aceite-sigueme-follow-me\/","og_site_name":"Il Crogiuolo","article_publisher":"https:\/\/www.facebook.com\/Il-Crogiuolo-681876418491758","article_modified_time":"2025-01-13T16:26:29+00:00","og_image":[{"width":627,"height":600,"url":"https:\/\/ilcrogiuolo.it\/wp-content\/uploads\/2020\/01\/oliiaceiteesotericosesoterici_6004134.jpg","type":"image\/jpeg"}],"twitter_card":"summary_large_image","twitter_misc":{"Tempo di lettura stimato":"2 minuti"},"schema":{"@context":"https:\/\/schema.org","@graph":[{"@type":"WebPage","@id":"https:\/\/ilcrogiuolo.it\/it\/p\/aceite-sigueme-follow-me\/","url":"https:\/\/ilcrogiuolo.it\/it\/p\/aceite-sigueme-follow-me\/","name":"ACEITE SIGUEME - FOLLOW ME - Il Crogiuolo","isPartOf":{"@id":"https:\/\/ilcrogiuolo.it\/it\/#website"},"primaryImageOfPage":{"@id":"https:\/\/ilcrogiuolo.it\/it\/p\/aceite-sigueme-follow-me\/#primaryimage"},"image":{"@id":"https:\/\/ilcrogiuolo.it\/it\/p\/aceite-sigueme-follow-me\/#primaryimage"},"thumbnailUrl":"https:\/\/ilcrogiuolo.it\/wp-content\/uploads\/2020\/01\/oliiaceiteesotericosesoterici_6004134.jpg","datePublished":"2020-01-14T16:04:11+00:00","dateModified":"2025-01-13T16:26:29+00:00","description":"ACEITE SIGUEME - FOLLOW ME Gli olii voodoo sono composti da essenze e erbe che, nella tradizione esoterica hanno una affinit\u00e0 e una complicit\u00e0 simbolica con il nome che portano. Non","breadcrumb":{"@id":"https:\/\/ilcrogiuolo.it\/it\/p\/aceite-sigueme-follow-me\/#breadcrumb"},"inLanguage":"it-IT","potentialAction":[{"@type":"ReadAction","target":["https:\/\/ilcrogiuolo.it\/it\/p\/aceite-sigueme-follow-me\/"]}]},{"@type":"ImageObject","inLanguage":"it-IT","@id":"https:\/\/ilcrogiuolo.it\/it\/p\/aceite-sigueme-follow-me\/#primaryimage","url":"https:\/\/ilcrogiuolo.it\/wp-content\/uploads\/2020\/01\/oliiaceiteesotericosesoterici_6004134.jpg","contentUrl":"https:\/\/ilcrogiuolo.it\/wp-content\/uploads\/2020\/01\/oliiaceiteesotericosesoterici_6004134.jpg","width":627,"height":600},{"@type":"BreadcrumbList","@id":"https:\/\/ilcrogiuolo.it\/it\/p\/aceite-sigueme-follow-me\/#breadcrumb","itemListElement":[{"@type":"ListItem","position":1,"name":"Home","item":"https:\/\/ilcrogiuolo.it\/it\/"},{"@type":"ListItem","position":2,"name":"Shop","item":"https:\/\/ilcrogiuolo.it\/it\/negozio\/"},{"@type":"ListItem","position":3,"name":"ACEITE SIGUEME &#8211; FOLLOW ME"}]},{"@type":"WebSite","@id":"https:\/\/ilcrogiuolo.it\/it\/#website","url":"https:\/\/ilcrogiuolo.it\/it\/","name":"Il Crogiuolo","description":"","publisher":{"@id":"https:\/\/ilcrogiuolo.it\/it\/#organization"},"potentialAction":[{"@type":"SearchAction","target":{"@type":"EntryPoint","urlTemplate":"https:\/\/ilcrogiuolo.it\/it\/?s={search_term_string}"},"query-input":{"@type":"PropertyValueSpecification","valueRequired":true,"valueName":"search_term_string"}}],"inLanguage":"it-IT"},{"@type":"Organization","@id":"https:\/\/ilcrogiuolo.it\/it\/#organization","name":"Il Crogiuolo","url":"https:\/\/ilcrogiuolo.it\/it\/","logo":{"@type":"ImageObject","inLanguage":"it-IT","@id":"https:\/\/ilcrogiuolo.it\/it\/#\/schema\/logo\/image\/","url":"https:\/\/ilcrogiuolo.it\/wp-content\/uploads\/2020\/04\/logo.png","contentUrl":"https:\/\/ilcrogiuolo.it\/wp-content\/uploads\/2020\/04\/logo.png","width":200,"height":49,"caption":"Il Crogiuolo"},"image":{"@id":"https:\/\/ilcrogiuolo.it\/it\/#\/schema\/logo\/image\/"},"sameAs":["https:\/\/www.facebook.com\/Il-Crogiuolo-681876418491758"]}]}},"_links":{"self":[{"href":"https:\/\/ilcrogiuolo.it\/it\/wp-json\/wp\/v2\/product\/1981","targetHints":{"allow":["GET"]}}],"collection":[{"href":"https:\/\/ilcrogiuolo.it\/it\/wp-json\/wp\/v2\/product"}],"about":[{"href":"https:\/\/ilcrogiuolo.it\/it\/wp-json\/wp\/v2\/types\/product"}],"wp:featuredmedia":[{"embeddable":true,"href":"https:\/\/ilcrogiuolo.it\/it\/wp-json\/wp\/v2\/media\/1982"}],"wp:attachment":[{"href":"https:\/\/ilcrogiuolo.it\/it\/wp-json\/wp\/v2\/media?parent=1981"}],"wp:term":[{"taxonomy":"product_brand","embeddable":true,"href":"https:\/\/ilcrogiuolo.it\/it\/wp-json\/wp\/v2\/product_brand?post=1981"},{"taxonomy":"product_cat","embeddable":true,"href":"https:\/\/ilcrogiuolo.it\/it\/wp-json\/wp\/v2\/product_cat?post=1981"},{"taxonomy":"product_tag","embeddable":true,"href":"https:\/\/ilcrogiuolo.it\/it\/wp-json\/wp\/v2\/product_tag?post=1981"}],"curies":[{"name":"wp","href":"https:\/\/api.w.org\/{rel}","templated":true}]}}