{"id":1918,"date":"2020-01-14T17:04:07","date_gmt":"2020-01-14T16:04:07","guid":{"rendered":"https:\/\/ilcrogiuolo.it\/p\/aceite-dinero-money-drawing-oil\/"},"modified":"2020-02-06T17:51:32","modified_gmt":"2020-02-06T16:51:32","slug":"aceite-dinero-money-drawing-oil","status":"publish","type":"product","link":"https:\/\/ilcrogiuolo.it\/it\/p\/aceite-dinero-money-drawing-oil\/","title":{"rendered":"ACEITE DINERO &#8211; MONEY DRAWING OIL"},"content":{"rendered":"<p>Gli olii voodoo sono composti da essenze e erbe che, nella tradizione esoterica hanno una affinit\u00e0 e una complicit\u00e0 simbolica con il nome che portano. Non sono prodotti n\u00e9 commestibili n\u00e9 cosmetici. Il Crogiuolo ve li propone come originali prodotti impiegati nelle varie tradizioni, autentiche curiosit\u00e0 magiche utilizzate nei vari paesi d\u2019origine. Ecco quello che la tradizione tramanda circa il suo uso: Aceite Dinero Essenza di Denaro Questo particolare olio essenziale, preparato secondo la tradizione con olii essenziali, minerali e ed erbe raccolte secondo i precitti magici p\u00f9 rigorosi serve per attirare il denaro. In Africa le erbe che lo componevano erano sacre ad un&#8217;entit\u00e0 chiamata Ayeshaluga che, rappresentata come un&#8217;enorme conchiglia marina, era simbolo dell&#8217;abbondanza e della ricchezza. Nella moderna magia le erbe di trionfo che compongono quest&#8217;essenza promuovono le entrate di denaro e la ricchezza a tutti gli effetti. Per una complicit\u00e0 astrale dovuta alle erbe che lo compongono, protegge chi lo utilizza dai tracolli finanziari, dalle invidie e dalle negativit\u00e0 che inevitabilmente sono legate ai traffici commerciali. 10 ml L&#8217;immagine \u00e8 puramente esemplificativa. La confezione pu\u00f2 essere in plastica o in vetro.<\/p>\n","protected":false},"excerpt":{"rendered":"<p>Gli olii voodoo sono composti da essenze e erbe che, nella tradizione esoterica hanno una affinit\u00e0 e una complicit\u00e0 simbolica&#8230;<\/p>\n","protected":false},"featured_media":1919,"template":"","meta":{"_acf_changed":false},"product_brand":[],"product_cat":[1078,1059,1312],"product_tag":[],"class_list":{"0":"post-1918","1":"product","2":"type-product","3":"status-publish","4":"has-post-thumbnail","6":"product_cat-prodotti-esoterici-voodoo-vodun-vudu-santeria","7":"product_cat-articoli-esoterici","8":"product_cat-olii-voodoo-e-hoodoo","10":"first","11":"instock","12":"taxable","13":"shipping-taxable","14":"purchasable","15":"product-type-simple","16":"add-to-wishlist-before_image"},"acf":[],"yoast_head":"<!-- This site is optimized with the Yoast SEO plugin v26.9 - https:\/\/yoast.com\/product\/yoast-seo-wordpress\/ -->\n<title>ACEITE DINERO - MONEY DRAWING OIL - Il Crogiuolo<\/title>\n<meta name=\"description\" content=\"ACEITE DINERO - MONEY DRAWING OIL Gli olii voodoo sono composti da essenze e erbe che, nella tradizione esoterica hanno una affinit\u00e0 e una complicit\u00e0 simbolica con il nome che portano. Non\" \/>\n<meta name=\"robots\" content=\"index, follow, max-snippet:-1, max-image-preview:large, max-video-preview:-1\" \/>\n<link rel=\"canonical\" href=\"https:\/\/ilcrogiuolo.it\/it\/p\/aceite-dinero-money-drawing-oil\/\" \/>\n<meta property=\"og:locale\" content=\"it_IT\" \/>\n<meta property=\"og:type\" content=\"article\" \/>\n<meta property=\"og:title\" content=\"ACEITE DINERO - MONEY DRAWING OIL - Il Crogiuolo\" \/>\n<meta property=\"og:description\" content=\"ACEITE DINERO - MONEY DRAWING OIL Gli olii voodoo sono composti da essenze e erbe che, nella tradizione esoterica hanno una affinit\u00e0 e una complicit\u00e0 simbolica con il nome che portano. Non\" \/>\n<meta property=\"og:url\" content=\"https:\/\/ilcrogiuolo.it\/it\/p\/aceite-dinero-money-drawing-oil\/\" \/>\n<meta property=\"og:site_name\" content=\"Il Crogiuolo\" \/>\n<meta property=\"article:publisher\" content=\"https:\/\/www.facebook.com\/Il-Crogiuolo-681876418491758\" \/>\n<meta property=\"article:modified_time\" content=\"2020-02-06T16:51:32+00:00\" \/>\n<meta property=\"og:image\" content=\"https:\/\/ilcrogiuolo.it\/wp-content\/uploads\/2020\/01\/oliiaceiteesotericosesoterici_2594794.jpg\" \/>\n\t<meta property=\"og:image:width\" content=\"627\" \/>\n\t<meta property=\"og:image:height\" content=\"600\" \/>\n\t<meta property=\"og:image:type\" content=\"image\/jpeg\" \/>\n<meta name=\"twitter:card\" content=\"summary_large_image\" \/>\n<meta name=\"twitter:label1\" content=\"Tempo di lettura stimato\" \/>\n\t<meta name=\"twitter:data1\" content=\"1 minuto\" \/>\n<script type=\"application\/ld+json\" class=\"yoast-schema-graph\">{\"@context\":\"https:\/\/schema.org\",\"@graph\":[{\"@type\":\"WebPage\",\"@id\":\"https:\/\/ilcrogiuolo.it\/it\/p\/aceite-dinero-money-drawing-oil\/\",\"url\":\"https:\/\/ilcrogiuolo.it\/it\/p\/aceite-dinero-money-drawing-oil\/\",\"name\":\"ACEITE DINERO - MONEY DRAWING OIL - Il Crogiuolo\",\"isPartOf\":{\"@id\":\"https:\/\/ilcrogiuolo.it\/it\/#website\"},\"primaryImageOfPage\":{\"@id\":\"https:\/\/ilcrogiuolo.it\/it\/p\/aceite-dinero-money-drawing-oil\/#primaryimage\"},\"image\":{\"@id\":\"https:\/\/ilcrogiuolo.it\/it\/p\/aceite-dinero-money-drawing-oil\/#primaryimage\"},\"thumbnailUrl\":\"https:\/\/ilcrogiuolo.it\/wp-content\/uploads\/2020\/01\/oliiaceiteesotericosesoterici_2594794.jpg\",\"datePublished\":\"2020-01-14T16:04:07+00:00\",\"dateModified\":\"2020-02-06T16:51:32+00:00\",\"description\":\"ACEITE DINERO - MONEY DRAWING OIL Gli olii voodoo sono composti da essenze e erbe che, nella tradizione esoterica hanno una affinit\u00e0 e una complicit\u00e0 simbolica con il nome che portano. Non\",\"breadcrumb\":{\"@id\":\"https:\/\/ilcrogiuolo.it\/it\/p\/aceite-dinero-money-drawing-oil\/#breadcrumb\"},\"inLanguage\":\"it-IT\",\"potentialAction\":[{\"@type\":\"ReadAction\",\"target\":[\"https:\/\/ilcrogiuolo.it\/it\/p\/aceite-dinero-money-drawing-oil\/\"]}]},{\"@type\":\"ImageObject\",\"inLanguage\":\"it-IT\",\"@id\":\"https:\/\/ilcrogiuolo.it\/it\/p\/aceite-dinero-money-drawing-oil\/#primaryimage\",\"url\":\"https:\/\/ilcrogiuolo.it\/wp-content\/uploads\/2020\/01\/oliiaceiteesotericosesoterici_2594794.jpg\",\"contentUrl\":\"https:\/\/ilcrogiuolo.it\/wp-content\/uploads\/2020\/01\/oliiaceiteesotericosesoterici_2594794.jpg\",\"width\":627,\"height\":600},{\"@type\":\"BreadcrumbList\",\"@id\":\"https:\/\/ilcrogiuolo.it\/it\/p\/aceite-dinero-money-drawing-oil\/#breadcrumb\",\"itemListElement\":[{\"@type\":\"ListItem\",\"position\":1,\"name\":\"Home\",\"item\":\"https:\/\/ilcrogiuolo.it\/it\/\"},{\"@type\":\"ListItem\",\"position\":2,\"name\":\"Shop\",\"item\":\"https:\/\/ilcrogiuolo.it\/it\/negozio\/\"},{\"@type\":\"ListItem\",\"position\":3,\"name\":\"ACEITE DINERO &#8211; MONEY DRAWING OIL\"}]},{\"@type\":\"WebSite\",\"@id\":\"https:\/\/ilcrogiuolo.it\/it\/#website\",\"url\":\"https:\/\/ilcrogiuolo.it\/it\/\",\"name\":\"Il Crogiuolo\",\"description\":\"\",\"publisher\":{\"@id\":\"https:\/\/ilcrogiuolo.it\/it\/#organization\"},\"potentialAction\":[{\"@type\":\"SearchAction\",\"target\":{\"@type\":\"EntryPoint\",\"urlTemplate\":\"https:\/\/ilcrogiuolo.it\/it\/?s={search_term_string}\"},\"query-input\":{\"@type\":\"PropertyValueSpecification\",\"valueRequired\":true,\"valueName\":\"search_term_string\"}}],\"inLanguage\":\"it-IT\"},{\"@type\":\"Organization\",\"@id\":\"https:\/\/ilcrogiuolo.it\/it\/#organization\",\"name\":\"Il Crogiuolo\",\"url\":\"https:\/\/ilcrogiuolo.it\/it\/\",\"logo\":{\"@type\":\"ImageObject\",\"inLanguage\":\"it-IT\",\"@id\":\"https:\/\/ilcrogiuolo.it\/it\/#\/schema\/logo\/image\/\",\"url\":\"https:\/\/ilcrogiuolo.it\/wp-content\/uploads\/2020\/04\/logo.png\",\"contentUrl\":\"https:\/\/ilcrogiuolo.it\/wp-content\/uploads\/2020\/04\/logo.png\",\"width\":200,\"height\":49,\"caption\":\"Il Crogiuolo\"},\"image\":{\"@id\":\"https:\/\/ilcrogiuolo.it\/it\/#\/schema\/logo\/image\/\"},\"sameAs\":[\"https:\/\/www.facebook.com\/Il-Crogiuolo-681876418491758\"]}]}<\/script>\n<!-- \/ Yoast SEO plugin. -->","yoast_head_json":{"title":"ACEITE DINERO - MONEY DRAWING OIL - Il Crogiuolo","description":"ACEITE DINERO - MONEY DRAWING OIL Gli olii voodoo sono composti da essenze e erbe che, nella tradizione esoterica hanno una affinit\u00e0 e una complicit\u00e0 simbolica con il nome che portano. Non","robots":{"index":"index","follow":"follow","max-snippet":"max-snippet:-1","max-image-preview":"max-image-preview:large","max-video-preview":"max-video-preview:-1"},"canonical":"https:\/\/ilcrogiuolo.it\/it\/p\/aceite-dinero-money-drawing-oil\/","og_locale":"it_IT","og_type":"article","og_title":"ACEITE DINERO - MONEY DRAWING OIL - Il Crogiuolo","og_description":"ACEITE DINERO - MONEY DRAWING OIL Gli olii voodoo sono composti da essenze e erbe che, nella tradizione esoterica hanno una affinit\u00e0 e una complicit\u00e0 simbolica con il nome che portano. Non","og_url":"https:\/\/ilcrogiuolo.it\/it\/p\/aceite-dinero-money-drawing-oil\/","og_site_name":"Il Crogiuolo","article_publisher":"https:\/\/www.facebook.com\/Il-Crogiuolo-681876418491758","article_modified_time":"2020-02-06T16:51:32+00:00","og_image":[{"width":627,"height":600,"url":"https:\/\/ilcrogiuolo.it\/wp-content\/uploads\/2020\/01\/oliiaceiteesotericosesoterici_2594794.jpg","type":"image\/jpeg"}],"twitter_card":"summary_large_image","twitter_misc":{"Tempo di lettura stimato":"1 minuto"},"schema":{"@context":"https:\/\/schema.org","@graph":[{"@type":"WebPage","@id":"https:\/\/ilcrogiuolo.it\/it\/p\/aceite-dinero-money-drawing-oil\/","url":"https:\/\/ilcrogiuolo.it\/it\/p\/aceite-dinero-money-drawing-oil\/","name":"ACEITE DINERO - MONEY DRAWING OIL - Il Crogiuolo","isPartOf":{"@id":"https:\/\/ilcrogiuolo.it\/it\/#website"},"primaryImageOfPage":{"@id":"https:\/\/ilcrogiuolo.it\/it\/p\/aceite-dinero-money-drawing-oil\/#primaryimage"},"image":{"@id":"https:\/\/ilcrogiuolo.it\/it\/p\/aceite-dinero-money-drawing-oil\/#primaryimage"},"thumbnailUrl":"https:\/\/ilcrogiuolo.it\/wp-content\/uploads\/2020\/01\/oliiaceiteesotericosesoterici_2594794.jpg","datePublished":"2020-01-14T16:04:07+00:00","dateModified":"2020-02-06T16:51:32+00:00","description":"ACEITE DINERO - MONEY DRAWING OIL Gli olii voodoo sono composti da essenze e erbe che, nella tradizione esoterica hanno una affinit\u00e0 e una complicit\u00e0 simbolica con il nome che portano. Non","breadcrumb":{"@id":"https:\/\/ilcrogiuolo.it\/it\/p\/aceite-dinero-money-drawing-oil\/#breadcrumb"},"inLanguage":"it-IT","potentialAction":[{"@type":"ReadAction","target":["https:\/\/ilcrogiuolo.it\/it\/p\/aceite-dinero-money-drawing-oil\/"]}]},{"@type":"ImageObject","inLanguage":"it-IT","@id":"https:\/\/ilcrogiuolo.it\/it\/p\/aceite-dinero-money-drawing-oil\/#primaryimage","url":"https:\/\/ilcrogiuolo.it\/wp-content\/uploads\/2020\/01\/oliiaceiteesotericosesoterici_2594794.jpg","contentUrl":"https:\/\/ilcrogiuolo.it\/wp-content\/uploads\/2020\/01\/oliiaceiteesotericosesoterici_2594794.jpg","width":627,"height":600},{"@type":"BreadcrumbList","@id":"https:\/\/ilcrogiuolo.it\/it\/p\/aceite-dinero-money-drawing-oil\/#breadcrumb","itemListElement":[{"@type":"ListItem","position":1,"name":"Home","item":"https:\/\/ilcrogiuolo.it\/it\/"},{"@type":"ListItem","position":2,"name":"Shop","item":"https:\/\/ilcrogiuolo.it\/it\/negozio\/"},{"@type":"ListItem","position":3,"name":"ACEITE DINERO &#8211; MONEY DRAWING OIL"}]},{"@type":"WebSite","@id":"https:\/\/ilcrogiuolo.it\/it\/#website","url":"https:\/\/ilcrogiuolo.it\/it\/","name":"Il Crogiuolo","description":"","publisher":{"@id":"https:\/\/ilcrogiuolo.it\/it\/#organization"},"potentialAction":[{"@type":"SearchAction","target":{"@type":"EntryPoint","urlTemplate":"https:\/\/ilcrogiuolo.it\/it\/?s={search_term_string}"},"query-input":{"@type":"PropertyValueSpecification","valueRequired":true,"valueName":"search_term_string"}}],"inLanguage":"it-IT"},{"@type":"Organization","@id":"https:\/\/ilcrogiuolo.it\/it\/#organization","name":"Il Crogiuolo","url":"https:\/\/ilcrogiuolo.it\/it\/","logo":{"@type":"ImageObject","inLanguage":"it-IT","@id":"https:\/\/ilcrogiuolo.it\/it\/#\/schema\/logo\/image\/","url":"https:\/\/ilcrogiuolo.it\/wp-content\/uploads\/2020\/04\/logo.png","contentUrl":"https:\/\/ilcrogiuolo.it\/wp-content\/uploads\/2020\/04\/logo.png","width":200,"height":49,"caption":"Il Crogiuolo"},"image":{"@id":"https:\/\/ilcrogiuolo.it\/it\/#\/schema\/logo\/image\/"},"sameAs":["https:\/\/www.facebook.com\/Il-Crogiuolo-681876418491758"]}]}},"_links":{"self":[{"href":"https:\/\/ilcrogiuolo.it\/it\/wp-json\/wp\/v2\/product\/1918","targetHints":{"allow":["GET"]}}],"collection":[{"href":"https:\/\/ilcrogiuolo.it\/it\/wp-json\/wp\/v2\/product"}],"about":[{"href":"https:\/\/ilcrogiuolo.it\/it\/wp-json\/wp\/v2\/types\/product"}],"wp:featuredmedia":[{"embeddable":true,"href":"https:\/\/ilcrogiuolo.it\/it\/wp-json\/wp\/v2\/media\/1919"}],"wp:attachment":[{"href":"https:\/\/ilcrogiuolo.it\/it\/wp-json\/wp\/v2\/media?parent=1918"}],"wp:term":[{"taxonomy":"product_brand","embeddable":true,"href":"https:\/\/ilcrogiuolo.it\/it\/wp-json\/wp\/v2\/product_brand?post=1918"},{"taxonomy":"product_cat","embeddable":true,"href":"https:\/\/ilcrogiuolo.it\/it\/wp-json\/wp\/v2\/product_cat?post=1918"},{"taxonomy":"product_tag","embeddable":true,"href":"https:\/\/ilcrogiuolo.it\/it\/wp-json\/wp\/v2\/product_tag?post=1918"}],"curies":[{"name":"wp","href":"https:\/\/api.w.org\/{rel}","templated":true}]}}