{"id":1888,"date":"2020-01-14T17:04:03","date_gmt":"2020-01-14T16:04:03","guid":{"rendered":"https:\/\/ilcrogiuolo.it\/p\/garfo-di-exu-e-pomba-gira-cm-38\/"},"modified":"2025-04-11T16:03:17","modified_gmt":"2025-04-11T14:03:17","slug":"garfo-di-exu-e-pomba-gira-cm-40","status":"publish","type":"product","link":"https:\/\/ilcrogiuolo.it\/it\/p\/garfo-di-exu-e-pomba-gira-cm-40\/","title":{"rendered":"GARFO DI EX\u00da CM 40"},"content":{"rendered":"<p>Tridente in ferro a tre punte.<br \/>\nViene posto davanti alle statue degli Ex\u00f9s e delle Pomba Giras. Si posiziona con le punte verso l\u2019alto quando si desidera impetrare alle entit\u00e0 una speciale protezione. Posizionato con le punte verso il basso invece assume il significato di attacco o \u201cdemanda\u201d spirituale contro eventuali nemici.<br \/>\nNella tradizione afrobrasiliana della Quimbanda il tridente rappresenta la sintesi delle polarit\u00e0 energetiche e per estensione il simbolo magico delle entit\u00e0 di questa tradizione. Il tridente a forma squadrata \u00e8 normalmente associato agli Ex\u00f9s, mentre quello arrotondato alle Pomba Giras.<\/p>\n","protected":false},"excerpt":{"rendered":"<p>Tridente in ferro a tre punte. Viene posto davanti alle statue degli Ex\u00f9s e delle Pomba Giras. Si posiziona con&#8230;<\/p>\n","protected":false},"featured_media":49859,"template":"","meta":{"_acf_changed":false},"product_brand":[],"product_cat":[1086,1295,1063],"product_tag":[],"class_list":{"0":"post-1888","1":"product","2":"type-product","3":"status-publish","4":"has-post-thumbnail","6":"product_cat-articoli-di-fondamento","7":"product_cat-garfi-buzios-ferradura","8":"product_cat-strumenti-rituali","10":"first","11":"instock","12":"taxable","13":"shipping-taxable","14":"purchasable","15":"product-type-simple","16":"add-to-wishlist-before_image"},"acf":[],"yoast_head":"<!-- This site is optimized with the Yoast SEO plugin v26.9 - https:\/\/yoast.com\/product\/yoast-seo-wordpress\/ -->\n<title>GARFO DI EX\u00da CM 40 - Il Crogiuolo<\/title>\n<meta name=\"description\" content=\"GARFO DI EX\u00da CM 40 Tridente in ferro a tre punte. Viene posto davanti alle statue degli Ex\u00f9s e delle Pomba Giras. Si posiziona con le punte verso l\u2019alto quando si desidera\" \/>\n<meta name=\"robots\" content=\"index, follow, max-snippet:-1, max-image-preview:large, max-video-preview:-1\" \/>\n<link rel=\"canonical\" href=\"https:\/\/ilcrogiuolo.it\/it\/p\/garfo-di-exu-e-pomba-gira-cm-40\/\" \/>\n<meta property=\"og:locale\" content=\"it_IT\" \/>\n<meta property=\"og:type\" content=\"article\" \/>\n<meta property=\"og:title\" content=\"GARFO DI EX\u00da CM 40 - Il Crogiuolo\" \/>\n<meta property=\"og:description\" content=\"GARFO DI EX\u00da CM 40 Tridente in ferro a tre punte. Viene posto davanti alle statue degli Ex\u00f9s e delle Pomba Giras. Si posiziona con le punte verso l\u2019alto quando si desidera\" \/>\n<meta property=\"og:url\" content=\"https:\/\/ilcrogiuolo.it\/it\/p\/garfo-di-exu-e-pomba-gira-cm-40\/\" \/>\n<meta property=\"og:site_name\" content=\"Il Crogiuolo\" \/>\n<meta property=\"article:publisher\" content=\"https:\/\/www.facebook.com\/Il-Crogiuolo-681876418491758\" \/>\n<meta property=\"article:modified_time\" content=\"2025-04-11T14:03:17+00:00\" \/>\n<meta property=\"og:image\" content=\"https:\/\/ilcrogiuolo.it\/wp-content\/uploads\/2020\/01\/GARFO-EXU-PROVVISORIO.png\" \/>\n\t<meta property=\"og:image:width\" content=\"627\" \/>\n\t<meta property=\"og:image:height\" content=\"600\" \/>\n\t<meta property=\"og:image:type\" content=\"image\/png\" \/>\n<meta name=\"twitter:card\" content=\"summary_large_image\" \/>\n<meta name=\"twitter:label1\" content=\"Tempo di lettura stimato\" \/>\n\t<meta name=\"twitter:data1\" content=\"1 minuto\" \/>\n<script type=\"application\/ld+json\" class=\"yoast-schema-graph\">{\"@context\":\"https:\/\/schema.org\",\"@graph\":[{\"@type\":\"WebPage\",\"@id\":\"https:\/\/ilcrogiuolo.it\/it\/p\/garfo-di-exu-e-pomba-gira-cm-40\/\",\"url\":\"https:\/\/ilcrogiuolo.it\/it\/p\/garfo-di-exu-e-pomba-gira-cm-40\/\",\"name\":\"GARFO DI EX\u00da CM 40 - Il Crogiuolo\",\"isPartOf\":{\"@id\":\"https:\/\/ilcrogiuolo.it\/it\/#website\"},\"primaryImageOfPage\":{\"@id\":\"https:\/\/ilcrogiuolo.it\/it\/p\/garfo-di-exu-e-pomba-gira-cm-40\/#primaryimage\"},\"image\":{\"@id\":\"https:\/\/ilcrogiuolo.it\/it\/p\/garfo-di-exu-e-pomba-gira-cm-40\/#primaryimage\"},\"thumbnailUrl\":\"https:\/\/ilcrogiuolo.it\/wp-content\/uploads\/2020\/01\/GARFO-EXU-PROVVISORIO.png\",\"datePublished\":\"2020-01-14T16:04:03+00:00\",\"dateModified\":\"2025-04-11T14:03:17+00:00\",\"description\":\"GARFO DI EX\u00da CM 40 Tridente in ferro a tre punte. Viene posto davanti alle statue degli Ex\u00f9s e delle Pomba Giras. Si posiziona con le punte verso l\u2019alto quando si desidera\",\"breadcrumb\":{\"@id\":\"https:\/\/ilcrogiuolo.it\/it\/p\/garfo-di-exu-e-pomba-gira-cm-40\/#breadcrumb\"},\"inLanguage\":\"it-IT\",\"potentialAction\":[{\"@type\":\"ReadAction\",\"target\":[\"https:\/\/ilcrogiuolo.it\/it\/p\/garfo-di-exu-e-pomba-gira-cm-40\/\"]}]},{\"@type\":\"ImageObject\",\"inLanguage\":\"it-IT\",\"@id\":\"https:\/\/ilcrogiuolo.it\/it\/p\/garfo-di-exu-e-pomba-gira-cm-40\/#primaryimage\",\"url\":\"https:\/\/ilcrogiuolo.it\/wp-content\/uploads\/2020\/01\/GARFO-EXU-PROVVISORIO.png\",\"contentUrl\":\"https:\/\/ilcrogiuolo.it\/wp-content\/uploads\/2020\/01\/GARFO-EXU-PROVVISORIO.png\",\"width\":627,\"height\":600},{\"@type\":\"BreadcrumbList\",\"@id\":\"https:\/\/ilcrogiuolo.it\/it\/p\/garfo-di-exu-e-pomba-gira-cm-40\/#breadcrumb\",\"itemListElement\":[{\"@type\":\"ListItem\",\"position\":1,\"name\":\"Home\",\"item\":\"https:\/\/ilcrogiuolo.it\/it\/\"},{\"@type\":\"ListItem\",\"position\":2,\"name\":\"Shop\",\"item\":\"https:\/\/ilcrogiuolo.it\/it\/negozio\/\"},{\"@type\":\"ListItem\",\"position\":3,\"name\":\"GARFO DI EX\u00da CM 40\"}]},{\"@type\":\"WebSite\",\"@id\":\"https:\/\/ilcrogiuolo.it\/it\/#website\",\"url\":\"https:\/\/ilcrogiuolo.it\/it\/\",\"name\":\"Il Crogiuolo\",\"description\":\"\",\"publisher\":{\"@id\":\"https:\/\/ilcrogiuolo.it\/it\/#organization\"},\"potentialAction\":[{\"@type\":\"SearchAction\",\"target\":{\"@type\":\"EntryPoint\",\"urlTemplate\":\"https:\/\/ilcrogiuolo.it\/it\/?s={search_term_string}\"},\"query-input\":{\"@type\":\"PropertyValueSpecification\",\"valueRequired\":true,\"valueName\":\"search_term_string\"}}],\"inLanguage\":\"it-IT\"},{\"@type\":\"Organization\",\"@id\":\"https:\/\/ilcrogiuolo.it\/it\/#organization\",\"name\":\"Il Crogiuolo\",\"url\":\"https:\/\/ilcrogiuolo.it\/it\/\",\"logo\":{\"@type\":\"ImageObject\",\"inLanguage\":\"it-IT\",\"@id\":\"https:\/\/ilcrogiuolo.it\/it\/#\/schema\/logo\/image\/\",\"url\":\"https:\/\/ilcrogiuolo.it\/wp-content\/uploads\/2020\/04\/logo.png\",\"contentUrl\":\"https:\/\/ilcrogiuolo.it\/wp-content\/uploads\/2020\/04\/logo.png\",\"width\":200,\"height\":49,\"caption\":\"Il Crogiuolo\"},\"image\":{\"@id\":\"https:\/\/ilcrogiuolo.it\/it\/#\/schema\/logo\/image\/\"},\"sameAs\":[\"https:\/\/www.facebook.com\/Il-Crogiuolo-681876418491758\"]}]}<\/script>\n<!-- \/ Yoast SEO plugin. -->","yoast_head_json":{"title":"GARFO DI EX\u00da CM 40 - Il Crogiuolo","description":"GARFO DI EX\u00da CM 40 Tridente in ferro a tre punte. Viene posto davanti alle statue degli Ex\u00f9s e delle Pomba Giras. Si posiziona con le punte verso l\u2019alto quando si desidera","robots":{"index":"index","follow":"follow","max-snippet":"max-snippet:-1","max-image-preview":"max-image-preview:large","max-video-preview":"max-video-preview:-1"},"canonical":"https:\/\/ilcrogiuolo.it\/it\/p\/garfo-di-exu-e-pomba-gira-cm-40\/","og_locale":"it_IT","og_type":"article","og_title":"GARFO DI EX\u00da CM 40 - Il Crogiuolo","og_description":"GARFO DI EX\u00da CM 40 Tridente in ferro a tre punte. Viene posto davanti alle statue degli Ex\u00f9s e delle Pomba Giras. Si posiziona con le punte verso l\u2019alto quando si desidera","og_url":"https:\/\/ilcrogiuolo.it\/it\/p\/garfo-di-exu-e-pomba-gira-cm-40\/","og_site_name":"Il Crogiuolo","article_publisher":"https:\/\/www.facebook.com\/Il-Crogiuolo-681876418491758","article_modified_time":"2025-04-11T14:03:17+00:00","og_image":[{"width":627,"height":600,"url":"https:\/\/ilcrogiuolo.it\/wp-content\/uploads\/2020\/01\/GARFO-EXU-PROVVISORIO.png","type":"image\/png"}],"twitter_card":"summary_large_image","twitter_misc":{"Tempo di lettura stimato":"1 minuto"},"schema":{"@context":"https:\/\/schema.org","@graph":[{"@type":"WebPage","@id":"https:\/\/ilcrogiuolo.it\/it\/p\/garfo-di-exu-e-pomba-gira-cm-40\/","url":"https:\/\/ilcrogiuolo.it\/it\/p\/garfo-di-exu-e-pomba-gira-cm-40\/","name":"GARFO DI EX\u00da CM 40 - Il Crogiuolo","isPartOf":{"@id":"https:\/\/ilcrogiuolo.it\/it\/#website"},"primaryImageOfPage":{"@id":"https:\/\/ilcrogiuolo.it\/it\/p\/garfo-di-exu-e-pomba-gira-cm-40\/#primaryimage"},"image":{"@id":"https:\/\/ilcrogiuolo.it\/it\/p\/garfo-di-exu-e-pomba-gira-cm-40\/#primaryimage"},"thumbnailUrl":"https:\/\/ilcrogiuolo.it\/wp-content\/uploads\/2020\/01\/GARFO-EXU-PROVVISORIO.png","datePublished":"2020-01-14T16:04:03+00:00","dateModified":"2025-04-11T14:03:17+00:00","description":"GARFO DI EX\u00da CM 40 Tridente in ferro a tre punte. Viene posto davanti alle statue degli Ex\u00f9s e delle Pomba Giras. Si posiziona con le punte verso l\u2019alto quando si desidera","breadcrumb":{"@id":"https:\/\/ilcrogiuolo.it\/it\/p\/garfo-di-exu-e-pomba-gira-cm-40\/#breadcrumb"},"inLanguage":"it-IT","potentialAction":[{"@type":"ReadAction","target":["https:\/\/ilcrogiuolo.it\/it\/p\/garfo-di-exu-e-pomba-gira-cm-40\/"]}]},{"@type":"ImageObject","inLanguage":"it-IT","@id":"https:\/\/ilcrogiuolo.it\/it\/p\/garfo-di-exu-e-pomba-gira-cm-40\/#primaryimage","url":"https:\/\/ilcrogiuolo.it\/wp-content\/uploads\/2020\/01\/GARFO-EXU-PROVVISORIO.png","contentUrl":"https:\/\/ilcrogiuolo.it\/wp-content\/uploads\/2020\/01\/GARFO-EXU-PROVVISORIO.png","width":627,"height":600},{"@type":"BreadcrumbList","@id":"https:\/\/ilcrogiuolo.it\/it\/p\/garfo-di-exu-e-pomba-gira-cm-40\/#breadcrumb","itemListElement":[{"@type":"ListItem","position":1,"name":"Home","item":"https:\/\/ilcrogiuolo.it\/it\/"},{"@type":"ListItem","position":2,"name":"Shop","item":"https:\/\/ilcrogiuolo.it\/it\/negozio\/"},{"@type":"ListItem","position":3,"name":"GARFO DI EX\u00da CM 40"}]},{"@type":"WebSite","@id":"https:\/\/ilcrogiuolo.it\/it\/#website","url":"https:\/\/ilcrogiuolo.it\/it\/","name":"Il Crogiuolo","description":"","publisher":{"@id":"https:\/\/ilcrogiuolo.it\/it\/#organization"},"potentialAction":[{"@type":"SearchAction","target":{"@type":"EntryPoint","urlTemplate":"https:\/\/ilcrogiuolo.it\/it\/?s={search_term_string}"},"query-input":{"@type":"PropertyValueSpecification","valueRequired":true,"valueName":"search_term_string"}}],"inLanguage":"it-IT"},{"@type":"Organization","@id":"https:\/\/ilcrogiuolo.it\/it\/#organization","name":"Il Crogiuolo","url":"https:\/\/ilcrogiuolo.it\/it\/","logo":{"@type":"ImageObject","inLanguage":"it-IT","@id":"https:\/\/ilcrogiuolo.it\/it\/#\/schema\/logo\/image\/","url":"https:\/\/ilcrogiuolo.it\/wp-content\/uploads\/2020\/04\/logo.png","contentUrl":"https:\/\/ilcrogiuolo.it\/wp-content\/uploads\/2020\/04\/logo.png","width":200,"height":49,"caption":"Il Crogiuolo"},"image":{"@id":"https:\/\/ilcrogiuolo.it\/it\/#\/schema\/logo\/image\/"},"sameAs":["https:\/\/www.facebook.com\/Il-Crogiuolo-681876418491758"]}]}},"_links":{"self":[{"href":"https:\/\/ilcrogiuolo.it\/it\/wp-json\/wp\/v2\/product\/1888","targetHints":{"allow":["GET"]}}],"collection":[{"href":"https:\/\/ilcrogiuolo.it\/it\/wp-json\/wp\/v2\/product"}],"about":[{"href":"https:\/\/ilcrogiuolo.it\/it\/wp-json\/wp\/v2\/types\/product"}],"wp:featuredmedia":[{"embeddable":true,"href":"https:\/\/ilcrogiuolo.it\/it\/wp-json\/wp\/v2\/media\/49859"}],"wp:attachment":[{"href":"https:\/\/ilcrogiuolo.it\/it\/wp-json\/wp\/v2\/media?parent=1888"}],"wp:term":[{"taxonomy":"product_brand","embeddable":true,"href":"https:\/\/ilcrogiuolo.it\/it\/wp-json\/wp\/v2\/product_brand?post=1888"},{"taxonomy":"product_cat","embeddable":true,"href":"https:\/\/ilcrogiuolo.it\/it\/wp-json\/wp\/v2\/product_cat?post=1888"},{"taxonomy":"product_tag","embeddable":true,"href":"https:\/\/ilcrogiuolo.it\/it\/wp-json\/wp\/v2\/product_tag?post=1888"}],"curies":[{"name":"wp","href":"https:\/\/api.w.org\/{rel}","templated":true}]}}