{"id":1885,"date":"2020-01-14T17:04:03","date_gmt":"2020-01-14T16:04:03","guid":{"rendered":"https:\/\/ilcrogiuolo.it\/p\/polvere-de-los-espiritus-voodoo-powder\/"},"modified":"2024-02-16T13:34:31","modified_gmt":"2024-02-16T12:34:31","slug":"polvere-de-los-espiritus-voodoo-powder","status":"publish","type":"product","link":"https:\/\/ilcrogiuolo.it\/it\/p\/polvere-de-los-espiritus-voodoo-powder\/","title":{"rendered":"POLVERE DE LOS ESPIRITUS &#8211; VOODOO POWDER"},"content":{"rendered":"<p>Le polveri voodoo utilizzate nella spiritualit\u00e0 della tradizione Voodoo di Santo Domingo e di New Orleans sono talchi aromatici composti da erbe ed essenze che hanno una affinit\u00e0 e una complicit\u00e0 simbolica con il nome che portano. Non sono prodotti n\u00e8 commestibili n\u00e8 cosmetici. Il Crogiuolo ve li propone come originali prodotti impiegati nella spiritualit\u00e0 Voodoo. Ecco quello che tramanda la tradizione circa il suo uso: VOODOO POWDER polvere per chiamare gli spiriti Il Crogiuolo \u00e8 lieto di proporre alla sua clientela, sempre pi\u00f9 esigente e attenta alla qualit\u00e0 dei prodotti, VOODOO POWDER, un preparato che proviene dalla pi\u00f9 genuina tradizione Voodoo, utilizzato per invocare, chiamare e evocare l&#8217;energia di un&#8217;entit\u00e0 spirituale. Anche il pi\u00f9 banale rito di magia simpatica, il pi\u00f9 semplice talismano confezionato con erbe o la pi\u00f9 potente delle fatture risulteranno, secondo quello che si tramanda, potenziate al massimo grazie all&#8217;efficacia di questa polvere che richiama &#8220;dal regno delle acque abissali&#8221; un Loa o uno spirito adatto allo scopo che ci si prefigge.<\/p>\n","protected":false},"excerpt":{"rendered":"<p>Le polveri voodoo utilizzate nella spiritualit\u00e0 della tradizione Voodoo di Santo Domingo e di New Orleans sono talchi aromatici composti&#8230;<\/p>\n","protected":false},"featured_media":45390,"template":"","meta":{"_acf_changed":false},"product_brand":[],"product_cat":[1081,1059,1280],"product_tag":[],"class_list":{"0":"post-1885","1":"product","2":"type-product","3":"status-publish","4":"has-post-thumbnail","6":"product_cat-polveri-esoteriche-e-pembas","7":"product_cat-articoli-esoterici","8":"product_cat-polveri-esoteriche-di-purificazione-di-potere-dominio-axe-e-denaro","10":"first","11":"instock","12":"taxable","13":"shipping-taxable","14":"purchasable","15":"product-type-simple","16":"add-to-wishlist-before_image"},"acf":[],"yoast_head":"<!-- This site is optimized with the Yoast SEO plugin v26.9 - https:\/\/yoast.com\/product\/yoast-seo-wordpress\/ -->\n<title>POLVERE DE LOS ESPIRITUS - VOODOO POWDER - Il Crogiuolo<\/title>\n<meta name=\"description\" content=\"POLVERE DE LOS ESPIRITUS - VOODOO POWDER Le polveri voodoo utilizzate nella spiritualit\u00e0 della tradizione Voodoo di Santo Domingo e di New Orleans sono talchi aromatici composti da erbe ed\" \/>\n<meta name=\"robots\" content=\"index, follow, max-snippet:-1, max-image-preview:large, max-video-preview:-1\" \/>\n<link rel=\"canonical\" href=\"https:\/\/ilcrogiuolo.it\/it\/p\/polvere-de-los-espiritus-voodoo-powder\/\" \/>\n<meta property=\"og:locale\" content=\"it_IT\" \/>\n<meta property=\"og:type\" content=\"article\" \/>\n<meta property=\"og:title\" content=\"POLVERE DE LOS ESPIRITUS - VOODOO POWDER - Il Crogiuolo\" \/>\n<meta property=\"og:description\" content=\"POLVERE DE LOS ESPIRITUS - VOODOO POWDER Le polveri voodoo utilizzate nella spiritualit\u00e0 della tradizione Voodoo di Santo Domingo e di New Orleans sono talchi aromatici composti da erbe ed\" \/>\n<meta property=\"og:url\" content=\"https:\/\/ilcrogiuolo.it\/it\/p\/polvere-de-los-espiritus-voodoo-powder\/\" \/>\n<meta property=\"og:site_name\" content=\"Il Crogiuolo\" \/>\n<meta property=\"article:publisher\" content=\"https:\/\/www.facebook.com\/Il-Crogiuolo-681876418491758\" \/>\n<meta property=\"article:modified_time\" content=\"2024-02-16T12:34:31+00:00\" \/>\n<meta property=\"og:image\" content=\"https:\/\/ilcrogiuolo.it\/wp-content\/uploads\/2020\/01\/VOODOO.png\" \/>\n\t<meta property=\"og:image:width\" content=\"627\" \/>\n\t<meta property=\"og:image:height\" content=\"600\" \/>\n\t<meta property=\"og:image:type\" content=\"image\/png\" \/>\n<meta name=\"twitter:card\" content=\"summary_large_image\" \/>\n<meta name=\"twitter:label1\" content=\"Tempo di lettura stimato\" \/>\n\t<meta name=\"twitter:data1\" content=\"1 minuto\" \/>\n<script type=\"application\/ld+json\" class=\"yoast-schema-graph\">{\"@context\":\"https:\/\/schema.org\",\"@graph\":[{\"@type\":\"WebPage\",\"@id\":\"https:\/\/ilcrogiuolo.it\/it\/p\/polvere-de-los-espiritus-voodoo-powder\/\",\"url\":\"https:\/\/ilcrogiuolo.it\/it\/p\/polvere-de-los-espiritus-voodoo-powder\/\",\"name\":\"POLVERE DE LOS ESPIRITUS - VOODOO POWDER - Il Crogiuolo\",\"isPartOf\":{\"@id\":\"https:\/\/ilcrogiuolo.it\/it\/#website\"},\"primaryImageOfPage\":{\"@id\":\"https:\/\/ilcrogiuolo.it\/it\/p\/polvere-de-los-espiritus-voodoo-powder\/#primaryimage\"},\"image\":{\"@id\":\"https:\/\/ilcrogiuolo.it\/it\/p\/polvere-de-los-espiritus-voodoo-powder\/#primaryimage\"},\"thumbnailUrl\":\"https:\/\/ilcrogiuolo.it\/wp-content\/uploads\/2020\/01\/VOODOO.png\",\"datePublished\":\"2020-01-14T16:04:03+00:00\",\"dateModified\":\"2024-02-16T12:34:31+00:00\",\"description\":\"POLVERE DE LOS ESPIRITUS - VOODOO POWDER Le polveri voodoo utilizzate nella spiritualit\u00e0 della tradizione Voodoo di Santo Domingo e di New Orleans sono talchi aromatici composti da erbe ed\",\"breadcrumb\":{\"@id\":\"https:\/\/ilcrogiuolo.it\/it\/p\/polvere-de-los-espiritus-voodoo-powder\/#breadcrumb\"},\"inLanguage\":\"it-IT\",\"potentialAction\":[{\"@type\":\"ReadAction\",\"target\":[\"https:\/\/ilcrogiuolo.it\/it\/p\/polvere-de-los-espiritus-voodoo-powder\/\"]}]},{\"@type\":\"ImageObject\",\"inLanguage\":\"it-IT\",\"@id\":\"https:\/\/ilcrogiuolo.it\/it\/p\/polvere-de-los-espiritus-voodoo-powder\/#primaryimage\",\"url\":\"https:\/\/ilcrogiuolo.it\/wp-content\/uploads\/2020\/01\/VOODOO.png\",\"contentUrl\":\"https:\/\/ilcrogiuolo.it\/wp-content\/uploads\/2020\/01\/VOODOO.png\",\"width\":627,\"height\":600},{\"@type\":\"BreadcrumbList\",\"@id\":\"https:\/\/ilcrogiuolo.it\/it\/p\/polvere-de-los-espiritus-voodoo-powder\/#breadcrumb\",\"itemListElement\":[{\"@type\":\"ListItem\",\"position\":1,\"name\":\"Home\",\"item\":\"https:\/\/ilcrogiuolo.it\/it\/\"},{\"@type\":\"ListItem\",\"position\":2,\"name\":\"Shop\",\"item\":\"https:\/\/ilcrogiuolo.it\/it\/negozio\/\"},{\"@type\":\"ListItem\",\"position\":3,\"name\":\"POLVERE DE LOS ESPIRITUS &#8211; VOODOO POWDER\"}]},{\"@type\":\"WebSite\",\"@id\":\"https:\/\/ilcrogiuolo.it\/it\/#website\",\"url\":\"https:\/\/ilcrogiuolo.it\/it\/\",\"name\":\"Il Crogiuolo\",\"description\":\"\",\"publisher\":{\"@id\":\"https:\/\/ilcrogiuolo.it\/it\/#organization\"},\"potentialAction\":[{\"@type\":\"SearchAction\",\"target\":{\"@type\":\"EntryPoint\",\"urlTemplate\":\"https:\/\/ilcrogiuolo.it\/it\/?s={search_term_string}\"},\"query-input\":{\"@type\":\"PropertyValueSpecification\",\"valueRequired\":true,\"valueName\":\"search_term_string\"}}],\"inLanguage\":\"it-IT\"},{\"@type\":\"Organization\",\"@id\":\"https:\/\/ilcrogiuolo.it\/it\/#organization\",\"name\":\"Il Crogiuolo\",\"url\":\"https:\/\/ilcrogiuolo.it\/it\/\",\"logo\":{\"@type\":\"ImageObject\",\"inLanguage\":\"it-IT\",\"@id\":\"https:\/\/ilcrogiuolo.it\/it\/#\/schema\/logo\/image\/\",\"url\":\"https:\/\/ilcrogiuolo.it\/wp-content\/uploads\/2020\/04\/logo.png\",\"contentUrl\":\"https:\/\/ilcrogiuolo.it\/wp-content\/uploads\/2020\/04\/logo.png\",\"width\":200,\"height\":49,\"caption\":\"Il Crogiuolo\"},\"image\":{\"@id\":\"https:\/\/ilcrogiuolo.it\/it\/#\/schema\/logo\/image\/\"},\"sameAs\":[\"https:\/\/www.facebook.com\/Il-Crogiuolo-681876418491758\"]}]}<\/script>\n<!-- \/ Yoast SEO plugin. -->","yoast_head_json":{"title":"POLVERE DE LOS ESPIRITUS - VOODOO POWDER - Il Crogiuolo","description":"POLVERE DE LOS ESPIRITUS - VOODOO POWDER Le polveri voodoo utilizzate nella spiritualit\u00e0 della tradizione Voodoo di Santo Domingo e di New Orleans sono talchi aromatici composti da erbe ed","robots":{"index":"index","follow":"follow","max-snippet":"max-snippet:-1","max-image-preview":"max-image-preview:large","max-video-preview":"max-video-preview:-1"},"canonical":"https:\/\/ilcrogiuolo.it\/it\/p\/polvere-de-los-espiritus-voodoo-powder\/","og_locale":"it_IT","og_type":"article","og_title":"POLVERE DE LOS ESPIRITUS - VOODOO POWDER - Il Crogiuolo","og_description":"POLVERE DE LOS ESPIRITUS - VOODOO POWDER Le polveri voodoo utilizzate nella spiritualit\u00e0 della tradizione Voodoo di Santo Domingo e di New Orleans sono talchi aromatici composti da erbe ed","og_url":"https:\/\/ilcrogiuolo.it\/it\/p\/polvere-de-los-espiritus-voodoo-powder\/","og_site_name":"Il Crogiuolo","article_publisher":"https:\/\/www.facebook.com\/Il-Crogiuolo-681876418491758","article_modified_time":"2024-02-16T12:34:31+00:00","og_image":[{"width":627,"height":600,"url":"https:\/\/ilcrogiuolo.it\/wp-content\/uploads\/2020\/01\/VOODOO.png","type":"image\/png"}],"twitter_card":"summary_large_image","twitter_misc":{"Tempo di lettura stimato":"1 minuto"},"schema":{"@context":"https:\/\/schema.org","@graph":[{"@type":"WebPage","@id":"https:\/\/ilcrogiuolo.it\/it\/p\/polvere-de-los-espiritus-voodoo-powder\/","url":"https:\/\/ilcrogiuolo.it\/it\/p\/polvere-de-los-espiritus-voodoo-powder\/","name":"POLVERE DE LOS ESPIRITUS - VOODOO POWDER - Il Crogiuolo","isPartOf":{"@id":"https:\/\/ilcrogiuolo.it\/it\/#website"},"primaryImageOfPage":{"@id":"https:\/\/ilcrogiuolo.it\/it\/p\/polvere-de-los-espiritus-voodoo-powder\/#primaryimage"},"image":{"@id":"https:\/\/ilcrogiuolo.it\/it\/p\/polvere-de-los-espiritus-voodoo-powder\/#primaryimage"},"thumbnailUrl":"https:\/\/ilcrogiuolo.it\/wp-content\/uploads\/2020\/01\/VOODOO.png","datePublished":"2020-01-14T16:04:03+00:00","dateModified":"2024-02-16T12:34:31+00:00","description":"POLVERE DE LOS ESPIRITUS - VOODOO POWDER Le polveri voodoo utilizzate nella spiritualit\u00e0 della tradizione Voodoo di Santo Domingo e di New Orleans sono talchi aromatici composti da erbe ed","breadcrumb":{"@id":"https:\/\/ilcrogiuolo.it\/it\/p\/polvere-de-los-espiritus-voodoo-powder\/#breadcrumb"},"inLanguage":"it-IT","potentialAction":[{"@type":"ReadAction","target":["https:\/\/ilcrogiuolo.it\/it\/p\/polvere-de-los-espiritus-voodoo-powder\/"]}]},{"@type":"ImageObject","inLanguage":"it-IT","@id":"https:\/\/ilcrogiuolo.it\/it\/p\/polvere-de-los-espiritus-voodoo-powder\/#primaryimage","url":"https:\/\/ilcrogiuolo.it\/wp-content\/uploads\/2020\/01\/VOODOO.png","contentUrl":"https:\/\/ilcrogiuolo.it\/wp-content\/uploads\/2020\/01\/VOODOO.png","width":627,"height":600},{"@type":"BreadcrumbList","@id":"https:\/\/ilcrogiuolo.it\/it\/p\/polvere-de-los-espiritus-voodoo-powder\/#breadcrumb","itemListElement":[{"@type":"ListItem","position":1,"name":"Home","item":"https:\/\/ilcrogiuolo.it\/it\/"},{"@type":"ListItem","position":2,"name":"Shop","item":"https:\/\/ilcrogiuolo.it\/it\/negozio\/"},{"@type":"ListItem","position":3,"name":"POLVERE DE LOS ESPIRITUS &#8211; VOODOO POWDER"}]},{"@type":"WebSite","@id":"https:\/\/ilcrogiuolo.it\/it\/#website","url":"https:\/\/ilcrogiuolo.it\/it\/","name":"Il Crogiuolo","description":"","publisher":{"@id":"https:\/\/ilcrogiuolo.it\/it\/#organization"},"potentialAction":[{"@type":"SearchAction","target":{"@type":"EntryPoint","urlTemplate":"https:\/\/ilcrogiuolo.it\/it\/?s={search_term_string}"},"query-input":{"@type":"PropertyValueSpecification","valueRequired":true,"valueName":"search_term_string"}}],"inLanguage":"it-IT"},{"@type":"Organization","@id":"https:\/\/ilcrogiuolo.it\/it\/#organization","name":"Il Crogiuolo","url":"https:\/\/ilcrogiuolo.it\/it\/","logo":{"@type":"ImageObject","inLanguage":"it-IT","@id":"https:\/\/ilcrogiuolo.it\/it\/#\/schema\/logo\/image\/","url":"https:\/\/ilcrogiuolo.it\/wp-content\/uploads\/2020\/04\/logo.png","contentUrl":"https:\/\/ilcrogiuolo.it\/wp-content\/uploads\/2020\/04\/logo.png","width":200,"height":49,"caption":"Il Crogiuolo"},"image":{"@id":"https:\/\/ilcrogiuolo.it\/it\/#\/schema\/logo\/image\/"},"sameAs":["https:\/\/www.facebook.com\/Il-Crogiuolo-681876418491758"]}]}},"_links":{"self":[{"href":"https:\/\/ilcrogiuolo.it\/it\/wp-json\/wp\/v2\/product\/1885","targetHints":{"allow":["GET"]}}],"collection":[{"href":"https:\/\/ilcrogiuolo.it\/it\/wp-json\/wp\/v2\/product"}],"about":[{"href":"https:\/\/ilcrogiuolo.it\/it\/wp-json\/wp\/v2\/types\/product"}],"wp:featuredmedia":[{"embeddable":true,"href":"https:\/\/ilcrogiuolo.it\/it\/wp-json\/wp\/v2\/media\/45390"}],"wp:attachment":[{"href":"https:\/\/ilcrogiuolo.it\/it\/wp-json\/wp\/v2\/media?parent=1885"}],"wp:term":[{"taxonomy":"product_brand","embeddable":true,"href":"https:\/\/ilcrogiuolo.it\/it\/wp-json\/wp\/v2\/product_brand?post=1885"},{"taxonomy":"product_cat","embeddable":true,"href":"https:\/\/ilcrogiuolo.it\/it\/wp-json\/wp\/v2\/product_cat?post=1885"},{"taxonomy":"product_tag","embeddable":true,"href":"https:\/\/ilcrogiuolo.it\/it\/wp-json\/wp\/v2\/product_tag?post=1885"}],"curies":[{"name":"wp","href":"https:\/\/api.w.org\/{rel}","templated":true}]}}