{"id":1868,"date":"2020-01-14T17:04:03","date_gmt":"2020-01-14T16:04:03","guid":{"rendered":"https:\/\/ilcrogiuolo.it\/p\/collana-ciondolo-luna-e-ametista\/"},"modified":"2022-03-23T12:40:27","modified_gmt":"2022-03-23T11:40:27","slug":"collana-ciondolo-luna-e-ametista","status":"publish","type":"product","link":"https:\/\/ilcrogiuolo.it\/it\/p\/collana-ciondolo-luna-e-ametista\/","title":{"rendered":"Collana + Ciondolo &#8211; Luna e Ametista"},"content":{"rendered":"<p>I talismani sono oggetti a cui la tradizione (per forma, simbologia, materiale) da sempre attribuisce propriet\u00e0 particolari, Il Crogiuolo\u00ae ve li propone come meravigliosi articoli e di seguito seguono le propriet\u00e0 tradizionali attribuite dalla tradizione popolare ed esoterica. Aumenta le capacit\u00e0 psichiche, favorisce le facolt\u00e0 medianiche. Eccellente per la meditazione. Calmante, forti qualit\u00e0 protettive. Raggio divino. Ispirazione, intuizione. Chakra: Terzo occhio e corona.<\/p>\n<p>Questo simbolo talismanico coniuga il potere della luna in metallo dorato (componente solare) a quello del cristallo di ametista.<\/p>\n","protected":false},"excerpt":{"rendered":"<p>I talismani sono oggetti a cui la tradizione (per forma, simbologia, materiale) da sempre attribuisce propriet\u00e0 particolari, Il Crogiuolo\u00ae ve&#8230;<\/p>\n","protected":false},"featured_media":1869,"template":"","meta":{"_acf_changed":false},"product_brand":[],"product_cat":[1095,1066,1327],"product_tag":[],"class_list":{"0":"post-1868","1":"product","2":"type-product","3":"status-publish","4":"has-post-thumbnail","6":"product_cat-ciondoli-in-pietra-ciondoli-zodiacali","7":"product_cat-talismani-amuleti","8":"product_cat-talismani-ciondoli-in-pietra","10":"first","11":"outofstock","12":"taxable","13":"shipping-taxable","14":"purchasable","15":"product-type-simple","16":"add-to-wishlist-before_image"},"acf":[],"yoast_head":"<!-- This site is optimized with the Yoast SEO plugin v26.9 - https:\/\/yoast.com\/product\/yoast-seo-wordpress\/ -->\n<title>Collana + Ciondolo - Luna e Ametista - Il Crogiuolo<\/title>\n<meta name=\"description\" content=\"Collana + Ciondolo - Luna e Ametista I talismani sono oggetti a cui la tradizione (per forma, simbologia, materiale) da sempre attribuisce propriet\u00e0 particolari, Il Crogiuolo\u00ae ve li propone\" \/>\n<meta name=\"robots\" content=\"index, follow, max-snippet:-1, max-image-preview:large, max-video-preview:-1\" \/>\n<link rel=\"canonical\" href=\"https:\/\/ilcrogiuolo.it\/it\/p\/collana-ciondolo-luna-e-ametista\/\" \/>\n<meta property=\"og:locale\" content=\"it_IT\" \/>\n<meta property=\"og:type\" content=\"article\" \/>\n<meta property=\"og:title\" content=\"Collana + Ciondolo - Luna e Ametista - Il Crogiuolo\" \/>\n<meta property=\"og:description\" content=\"Collana + Ciondolo - Luna e Ametista I talismani sono oggetti a cui la tradizione (per forma, simbologia, materiale) da sempre attribuisce propriet\u00e0 particolari, Il Crogiuolo\u00ae ve li propone\" \/>\n<meta property=\"og:url\" content=\"https:\/\/ilcrogiuolo.it\/it\/p\/collana-ciondolo-luna-e-ametista\/\" \/>\n<meta property=\"og:site_name\" content=\"Il Crogiuolo\" \/>\n<meta property=\"article:publisher\" content=\"https:\/\/www.facebook.com\/Il-Crogiuolo-681876418491758\" \/>\n<meta property=\"article:modified_time\" content=\"2022-03-23T11:40:27+00:00\" \/>\n<meta property=\"og:image\" content=\"https:\/\/ilcrogiuolo.it\/wp-content\/uploads\/2020\/01\/ciondolotalismanowiccalunaametistapoteriesp_4944696.jpg\" \/>\n\t<meta property=\"og:image:width\" content=\"627\" \/>\n\t<meta property=\"og:image:height\" content=\"600\" \/>\n\t<meta property=\"og:image:type\" content=\"image\/jpeg\" \/>\n<meta name=\"twitter:card\" content=\"summary_large_image\" \/>\n<script type=\"application\/ld+json\" class=\"yoast-schema-graph\">{\"@context\":\"https:\/\/schema.org\",\"@graph\":[{\"@type\":\"WebPage\",\"@id\":\"https:\/\/ilcrogiuolo.it\/it\/p\/collana-ciondolo-luna-e-ametista\/\",\"url\":\"https:\/\/ilcrogiuolo.it\/it\/p\/collana-ciondolo-luna-e-ametista\/\",\"name\":\"Collana + Ciondolo - Luna e Ametista - Il Crogiuolo\",\"isPartOf\":{\"@id\":\"https:\/\/ilcrogiuolo.it\/it\/#website\"},\"primaryImageOfPage\":{\"@id\":\"https:\/\/ilcrogiuolo.it\/it\/p\/collana-ciondolo-luna-e-ametista\/#primaryimage\"},\"image\":{\"@id\":\"https:\/\/ilcrogiuolo.it\/it\/p\/collana-ciondolo-luna-e-ametista\/#primaryimage\"},\"thumbnailUrl\":\"https:\/\/ilcrogiuolo.it\/wp-content\/uploads\/2020\/01\/ciondolotalismanowiccalunaametistapoteriesp_4944696.jpg\",\"datePublished\":\"2020-01-14T16:04:03+00:00\",\"dateModified\":\"2022-03-23T11:40:27+00:00\",\"description\":\"Collana + Ciondolo - Luna e Ametista I talismani sono oggetti a cui la tradizione (per forma, simbologia, materiale) da sempre attribuisce propriet\u00e0 particolari, Il Crogiuolo\u00ae ve li propone\",\"breadcrumb\":{\"@id\":\"https:\/\/ilcrogiuolo.it\/it\/p\/collana-ciondolo-luna-e-ametista\/#breadcrumb\"},\"inLanguage\":\"it-IT\",\"potentialAction\":[{\"@type\":\"ReadAction\",\"target\":[\"https:\/\/ilcrogiuolo.it\/it\/p\/collana-ciondolo-luna-e-ametista\/\"]}]},{\"@type\":\"ImageObject\",\"inLanguage\":\"it-IT\",\"@id\":\"https:\/\/ilcrogiuolo.it\/it\/p\/collana-ciondolo-luna-e-ametista\/#primaryimage\",\"url\":\"https:\/\/ilcrogiuolo.it\/wp-content\/uploads\/2020\/01\/ciondolotalismanowiccalunaametistapoteriesp_4944696.jpg\",\"contentUrl\":\"https:\/\/ilcrogiuolo.it\/wp-content\/uploads\/2020\/01\/ciondolotalismanowiccalunaametistapoteriesp_4944696.jpg\",\"width\":627,\"height\":600},{\"@type\":\"BreadcrumbList\",\"@id\":\"https:\/\/ilcrogiuolo.it\/it\/p\/collana-ciondolo-luna-e-ametista\/#breadcrumb\",\"itemListElement\":[{\"@type\":\"ListItem\",\"position\":1,\"name\":\"Home\",\"item\":\"https:\/\/ilcrogiuolo.it\/it\/\"},{\"@type\":\"ListItem\",\"position\":2,\"name\":\"Shop\",\"item\":\"https:\/\/ilcrogiuolo.it\/it\/negozio\/\"},{\"@type\":\"ListItem\",\"position\":3,\"name\":\"Collana + Ciondolo &#8211; Luna e Ametista\"}]},{\"@type\":\"WebSite\",\"@id\":\"https:\/\/ilcrogiuolo.it\/it\/#website\",\"url\":\"https:\/\/ilcrogiuolo.it\/it\/\",\"name\":\"Il Crogiuolo\",\"description\":\"\",\"publisher\":{\"@id\":\"https:\/\/ilcrogiuolo.it\/it\/#organization\"},\"potentialAction\":[{\"@type\":\"SearchAction\",\"target\":{\"@type\":\"EntryPoint\",\"urlTemplate\":\"https:\/\/ilcrogiuolo.it\/it\/?s={search_term_string}\"},\"query-input\":{\"@type\":\"PropertyValueSpecification\",\"valueRequired\":true,\"valueName\":\"search_term_string\"}}],\"inLanguage\":\"it-IT\"},{\"@type\":\"Organization\",\"@id\":\"https:\/\/ilcrogiuolo.it\/it\/#organization\",\"name\":\"Il Crogiuolo\",\"url\":\"https:\/\/ilcrogiuolo.it\/it\/\",\"logo\":{\"@type\":\"ImageObject\",\"inLanguage\":\"it-IT\",\"@id\":\"https:\/\/ilcrogiuolo.it\/it\/#\/schema\/logo\/image\/\",\"url\":\"https:\/\/ilcrogiuolo.it\/wp-content\/uploads\/2020\/04\/logo.png\",\"contentUrl\":\"https:\/\/ilcrogiuolo.it\/wp-content\/uploads\/2020\/04\/logo.png\",\"width\":200,\"height\":49,\"caption\":\"Il Crogiuolo\"},\"image\":{\"@id\":\"https:\/\/ilcrogiuolo.it\/it\/#\/schema\/logo\/image\/\"},\"sameAs\":[\"https:\/\/www.facebook.com\/Il-Crogiuolo-681876418491758\"]}]}<\/script>\n<!-- \/ Yoast SEO plugin. -->","yoast_head_json":{"title":"Collana + Ciondolo - Luna e Ametista - Il Crogiuolo","description":"Collana + Ciondolo - Luna e Ametista I talismani sono oggetti a cui la tradizione (per forma, simbologia, materiale) da sempre attribuisce propriet\u00e0 particolari, Il Crogiuolo\u00ae ve li propone","robots":{"index":"index","follow":"follow","max-snippet":"max-snippet:-1","max-image-preview":"max-image-preview:large","max-video-preview":"max-video-preview:-1"},"canonical":"https:\/\/ilcrogiuolo.it\/it\/p\/collana-ciondolo-luna-e-ametista\/","og_locale":"it_IT","og_type":"article","og_title":"Collana + Ciondolo - Luna e Ametista - Il Crogiuolo","og_description":"Collana + Ciondolo - Luna e Ametista I talismani sono oggetti a cui la tradizione (per forma, simbologia, materiale) da sempre attribuisce propriet\u00e0 particolari, Il Crogiuolo\u00ae ve li propone","og_url":"https:\/\/ilcrogiuolo.it\/it\/p\/collana-ciondolo-luna-e-ametista\/","og_site_name":"Il Crogiuolo","article_publisher":"https:\/\/www.facebook.com\/Il-Crogiuolo-681876418491758","article_modified_time":"2022-03-23T11:40:27+00:00","og_image":[{"width":627,"height":600,"url":"https:\/\/ilcrogiuolo.it\/wp-content\/uploads\/2020\/01\/ciondolotalismanowiccalunaametistapoteriesp_4944696.jpg","type":"image\/jpeg"}],"twitter_card":"summary_large_image","schema":{"@context":"https:\/\/schema.org","@graph":[{"@type":"WebPage","@id":"https:\/\/ilcrogiuolo.it\/it\/p\/collana-ciondolo-luna-e-ametista\/","url":"https:\/\/ilcrogiuolo.it\/it\/p\/collana-ciondolo-luna-e-ametista\/","name":"Collana + Ciondolo - Luna e Ametista - Il Crogiuolo","isPartOf":{"@id":"https:\/\/ilcrogiuolo.it\/it\/#website"},"primaryImageOfPage":{"@id":"https:\/\/ilcrogiuolo.it\/it\/p\/collana-ciondolo-luna-e-ametista\/#primaryimage"},"image":{"@id":"https:\/\/ilcrogiuolo.it\/it\/p\/collana-ciondolo-luna-e-ametista\/#primaryimage"},"thumbnailUrl":"https:\/\/ilcrogiuolo.it\/wp-content\/uploads\/2020\/01\/ciondolotalismanowiccalunaametistapoteriesp_4944696.jpg","datePublished":"2020-01-14T16:04:03+00:00","dateModified":"2022-03-23T11:40:27+00:00","description":"Collana + Ciondolo - Luna e Ametista I talismani sono oggetti a cui la tradizione (per forma, simbologia, materiale) da sempre attribuisce propriet\u00e0 particolari, Il Crogiuolo\u00ae ve li propone","breadcrumb":{"@id":"https:\/\/ilcrogiuolo.it\/it\/p\/collana-ciondolo-luna-e-ametista\/#breadcrumb"},"inLanguage":"it-IT","potentialAction":[{"@type":"ReadAction","target":["https:\/\/ilcrogiuolo.it\/it\/p\/collana-ciondolo-luna-e-ametista\/"]}]},{"@type":"ImageObject","inLanguage":"it-IT","@id":"https:\/\/ilcrogiuolo.it\/it\/p\/collana-ciondolo-luna-e-ametista\/#primaryimage","url":"https:\/\/ilcrogiuolo.it\/wp-content\/uploads\/2020\/01\/ciondolotalismanowiccalunaametistapoteriesp_4944696.jpg","contentUrl":"https:\/\/ilcrogiuolo.it\/wp-content\/uploads\/2020\/01\/ciondolotalismanowiccalunaametistapoteriesp_4944696.jpg","width":627,"height":600},{"@type":"BreadcrumbList","@id":"https:\/\/ilcrogiuolo.it\/it\/p\/collana-ciondolo-luna-e-ametista\/#breadcrumb","itemListElement":[{"@type":"ListItem","position":1,"name":"Home","item":"https:\/\/ilcrogiuolo.it\/it\/"},{"@type":"ListItem","position":2,"name":"Shop","item":"https:\/\/ilcrogiuolo.it\/it\/negozio\/"},{"@type":"ListItem","position":3,"name":"Collana + Ciondolo &#8211; Luna e Ametista"}]},{"@type":"WebSite","@id":"https:\/\/ilcrogiuolo.it\/it\/#website","url":"https:\/\/ilcrogiuolo.it\/it\/","name":"Il Crogiuolo","description":"","publisher":{"@id":"https:\/\/ilcrogiuolo.it\/it\/#organization"},"potentialAction":[{"@type":"SearchAction","target":{"@type":"EntryPoint","urlTemplate":"https:\/\/ilcrogiuolo.it\/it\/?s={search_term_string}"},"query-input":{"@type":"PropertyValueSpecification","valueRequired":true,"valueName":"search_term_string"}}],"inLanguage":"it-IT"},{"@type":"Organization","@id":"https:\/\/ilcrogiuolo.it\/it\/#organization","name":"Il Crogiuolo","url":"https:\/\/ilcrogiuolo.it\/it\/","logo":{"@type":"ImageObject","inLanguage":"it-IT","@id":"https:\/\/ilcrogiuolo.it\/it\/#\/schema\/logo\/image\/","url":"https:\/\/ilcrogiuolo.it\/wp-content\/uploads\/2020\/04\/logo.png","contentUrl":"https:\/\/ilcrogiuolo.it\/wp-content\/uploads\/2020\/04\/logo.png","width":200,"height":49,"caption":"Il Crogiuolo"},"image":{"@id":"https:\/\/ilcrogiuolo.it\/it\/#\/schema\/logo\/image\/"},"sameAs":["https:\/\/www.facebook.com\/Il-Crogiuolo-681876418491758"]}]}},"_links":{"self":[{"href":"https:\/\/ilcrogiuolo.it\/it\/wp-json\/wp\/v2\/product\/1868","targetHints":{"allow":["GET"]}}],"collection":[{"href":"https:\/\/ilcrogiuolo.it\/it\/wp-json\/wp\/v2\/product"}],"about":[{"href":"https:\/\/ilcrogiuolo.it\/it\/wp-json\/wp\/v2\/types\/product"}],"wp:featuredmedia":[{"embeddable":true,"href":"https:\/\/ilcrogiuolo.it\/it\/wp-json\/wp\/v2\/media\/1869"}],"wp:attachment":[{"href":"https:\/\/ilcrogiuolo.it\/it\/wp-json\/wp\/v2\/media?parent=1868"}],"wp:term":[{"taxonomy":"product_brand","embeddable":true,"href":"https:\/\/ilcrogiuolo.it\/it\/wp-json\/wp\/v2\/product_brand?post=1868"},{"taxonomy":"product_cat","embeddable":true,"href":"https:\/\/ilcrogiuolo.it\/it\/wp-json\/wp\/v2\/product_cat?post=1868"},{"taxonomy":"product_tag","embeddable":true,"href":"https:\/\/ilcrogiuolo.it\/it\/wp-json\/wp\/v2\/product_tag?post=1868"}],"curies":[{"name":"wp","href":"https:\/\/api.w.org\/{rel}","templated":true}]}}