{"id":1830,"date":"2020-01-14T17:03:54","date_gmt":"2020-01-14T16:03:54","guid":{"rendered":"https:\/\/ilcrogiuolo.it\/p\/exu-sete-cruzas-cm-45\/"},"modified":"2025-01-17T14:40:52","modified_gmt":"2025-01-17T13:40:52","slug":"exu-sete-cruzas-cm-60","status":"publish","type":"product","link":"https:\/\/ilcrogiuolo.it\/it\/p\/exu-sete-cruzas-cm-60\/","title":{"rendered":"EX\u00da SETE CRUZES cm 60"},"content":{"rendered":"<p>Gli Ex\u00f9s e le Pomba Giras sono entit\u00e0 che vengono cultuate all&#8217;interno della Quimbanda. Nonostante la loro rappresentazione artistica manierata non sono da confondere n\u00e8 coi demoni della Goetia n\u00e8 con i diavoli della cultura giudeo-cristiana. Ogni statua rappresenta un&#8217;entit\u00e0 della Quimbanda (Ex\u00f9 o Pomba Gira) con i suoi attributi e la sua stilizzazione. Alcune immagini hanno una lavorazione barocca e si distinguono per la cura dei particolari e la delicatezza dei tratti. Le statue di Ex\u00f9 e Pomba Gira vengono impiegate per adornare gli altari di Quimbanda o accompagnano gli assentamenti spirituali dei fedeli di questo antico culto africano.<\/p>\n<p>Capo del Popolo del Cruzeiro das Almas, all\u2019interno del Regno dei Cruzeiros, alle dipendenze di Caboclo Guaran\u00ec nella Linea di Oxal\u00e0. Una leggenda vuole che questo Ex\u00f9 fosse uno degli aguzzini di Ges\u00f9 Cristo, assurto a divinit\u00e0 di Quimbanda come Ex\u00f9 del sacrificio e della sofferenza, signore dei supplizi e delle torture. Ma non vediamolo solo in questa accezione negativa, ricordate che fu proprio grazie alle piaghe di Cristo che il genere umano \u00e8 stato riscattato del peccato originale, pertanto la figura di questa entit\u00e0, nonostante le tinte fosche \u00e8 altres\u00ec strumento di salvazione. E cos\u00ec Sete Cruzes diviene anche guardiano di Luce, angelo salvificatore mediante il sacrificio, messaggio di carit\u00e0 e invito alla pazienza e alla fermezza. Risiede all\u2019interno dei cimiteri dove si dice accolga le anime di coloro che si tolgono la vita e degli assassini, che consegna poi a Ex\u00f9 Gira Mundo. Punisce i nemici in maniera implacabile, ma aiuta anche nei momenti di afflizione a superare le sofferenze. Crudele, certo, ma anche misericordioso.<\/p>\n","protected":false},"excerpt":{"rendered":"<p>Gli Ex\u00f9s e le Pomba Giras sono entit\u00e0 che vengono cultuate all&#8217;interno della Quimbanda. Nonostante la loro rappresentazione artistica manierata&#8230;<\/p>\n","protected":false},"featured_media":49048,"template":"","meta":{"_acf_changed":false},"product_brand":[],"product_cat":[1085,1064,1297],"product_tag":[],"class_list":{"0":"post-1830","1":"product","2":"type-product","3":"status-publish","4":"has-post-thumbnail","6":"product_cat-statue-degli-orixas-exus-pomba-giras-feticci","7":"product_cat-statue-in-gesso-e-resina","8":"product_cat-statue-in-gesso-exus","10":"first","11":"instock","12":"taxable","13":"shipping-taxable","14":"purchasable","15":"product-type-simple","16":"add-to-wishlist-before_image"},"acf":[],"yoast_head":"<!-- This site is optimized with the Yoast SEO plugin v26.9 - https:\/\/yoast.com\/product\/yoast-seo-wordpress\/ -->\n<title>EX\u00da SETE CRUZES cm 60 - Il Crogiuolo<\/title>\n<meta name=\"description\" content=\"EX\u00da SETE CRUZES cm 60 Gli Ex\u00f9s e le Pomba Giras sono entit\u00e0 che vengono cultuate all&#039;interno della Quimbanda. Nonostante la loro rappresentazione artistica manierata non sono\" \/>\n<meta name=\"robots\" content=\"index, follow, max-snippet:-1, max-image-preview:large, max-video-preview:-1\" \/>\n<link rel=\"canonical\" href=\"https:\/\/ilcrogiuolo.it\/it\/p\/exu-sete-cruzas-cm-60\/\" \/>\n<meta property=\"og:locale\" content=\"it_IT\" \/>\n<meta property=\"og:type\" content=\"article\" \/>\n<meta property=\"og:title\" content=\"EX\u00da SETE CRUZES cm 60 - Il Crogiuolo\" \/>\n<meta property=\"og:description\" content=\"EX\u00da SETE CRUZES cm 60 Gli Ex\u00f9s e le Pomba Giras sono entit\u00e0 che vengono cultuate all&#039;interno della Quimbanda. Nonostante la loro rappresentazione artistica manierata non sono\" \/>\n<meta property=\"og:url\" content=\"https:\/\/ilcrogiuolo.it\/it\/p\/exu-sete-cruzas-cm-60\/\" \/>\n<meta property=\"og:site_name\" content=\"Il Crogiuolo\" \/>\n<meta property=\"article:publisher\" content=\"https:\/\/www.facebook.com\/Il-Crogiuolo-681876418491758\" \/>\n<meta property=\"article:modified_time\" content=\"2025-01-17T13:40:52+00:00\" \/>\n<meta property=\"og:image\" content=\"https:\/\/ilcrogiuolo.it\/wp-content\/uploads\/2020\/01\/EXU-SETE-CRUZES.png\" \/>\n\t<meta property=\"og:image:width\" content=\"1866\" \/>\n\t<meta property=\"og:image:height\" content=\"1920\" \/>\n\t<meta property=\"og:image:type\" content=\"image\/png\" \/>\n<meta name=\"twitter:card\" content=\"summary_large_image\" \/>\n<meta name=\"twitter:label1\" content=\"Tempo di lettura stimato\" \/>\n\t<meta name=\"twitter:data1\" content=\"2 minuti\" \/>\n<script type=\"application\/ld+json\" class=\"yoast-schema-graph\">{\"@context\":\"https:\/\/schema.org\",\"@graph\":[{\"@type\":\"WebPage\",\"@id\":\"https:\/\/ilcrogiuolo.it\/it\/p\/exu-sete-cruzas-cm-60\/\",\"url\":\"https:\/\/ilcrogiuolo.it\/it\/p\/exu-sete-cruzas-cm-60\/\",\"name\":\"EX\u00da SETE CRUZES cm 60 - Il Crogiuolo\",\"isPartOf\":{\"@id\":\"https:\/\/ilcrogiuolo.it\/it\/#website\"},\"primaryImageOfPage\":{\"@id\":\"https:\/\/ilcrogiuolo.it\/it\/p\/exu-sete-cruzas-cm-60\/#primaryimage\"},\"image\":{\"@id\":\"https:\/\/ilcrogiuolo.it\/it\/p\/exu-sete-cruzas-cm-60\/#primaryimage\"},\"thumbnailUrl\":\"https:\/\/ilcrogiuolo.it\/wp-content\/uploads\/2020\/01\/EXU-SETE-CRUZES.png\",\"datePublished\":\"2020-01-14T16:03:54+00:00\",\"dateModified\":\"2025-01-17T13:40:52+00:00\",\"description\":\"EX\u00da SETE CRUZES cm 60 Gli Ex\u00f9s e le Pomba Giras sono entit\u00e0 che vengono cultuate all'interno della Quimbanda. Nonostante la loro rappresentazione artistica manierata non sono\",\"breadcrumb\":{\"@id\":\"https:\/\/ilcrogiuolo.it\/it\/p\/exu-sete-cruzas-cm-60\/#breadcrumb\"},\"inLanguage\":\"it-IT\",\"potentialAction\":[{\"@type\":\"ReadAction\",\"target\":[\"https:\/\/ilcrogiuolo.it\/it\/p\/exu-sete-cruzas-cm-60\/\"]}]},{\"@type\":\"ImageObject\",\"inLanguage\":\"it-IT\",\"@id\":\"https:\/\/ilcrogiuolo.it\/it\/p\/exu-sete-cruzas-cm-60\/#primaryimage\",\"url\":\"https:\/\/ilcrogiuolo.it\/wp-content\/uploads\/2020\/01\/EXU-SETE-CRUZES.png\",\"contentUrl\":\"https:\/\/ilcrogiuolo.it\/wp-content\/uploads\/2020\/01\/EXU-SETE-CRUZES.png\",\"width\":1866,\"height\":1920},{\"@type\":\"BreadcrumbList\",\"@id\":\"https:\/\/ilcrogiuolo.it\/it\/p\/exu-sete-cruzas-cm-60\/#breadcrumb\",\"itemListElement\":[{\"@type\":\"ListItem\",\"position\":1,\"name\":\"Home\",\"item\":\"https:\/\/ilcrogiuolo.it\/it\/\"},{\"@type\":\"ListItem\",\"position\":2,\"name\":\"Shop\",\"item\":\"https:\/\/ilcrogiuolo.it\/it\/negozio\/\"},{\"@type\":\"ListItem\",\"position\":3,\"name\":\"EX\u00da SETE CRUZES cm 60\"}]},{\"@type\":\"WebSite\",\"@id\":\"https:\/\/ilcrogiuolo.it\/it\/#website\",\"url\":\"https:\/\/ilcrogiuolo.it\/it\/\",\"name\":\"Il Crogiuolo\",\"description\":\"\",\"publisher\":{\"@id\":\"https:\/\/ilcrogiuolo.it\/it\/#organization\"},\"potentialAction\":[{\"@type\":\"SearchAction\",\"target\":{\"@type\":\"EntryPoint\",\"urlTemplate\":\"https:\/\/ilcrogiuolo.it\/it\/?s={search_term_string}\"},\"query-input\":{\"@type\":\"PropertyValueSpecification\",\"valueRequired\":true,\"valueName\":\"search_term_string\"}}],\"inLanguage\":\"it-IT\"},{\"@type\":\"Organization\",\"@id\":\"https:\/\/ilcrogiuolo.it\/it\/#organization\",\"name\":\"Il Crogiuolo\",\"url\":\"https:\/\/ilcrogiuolo.it\/it\/\",\"logo\":{\"@type\":\"ImageObject\",\"inLanguage\":\"it-IT\",\"@id\":\"https:\/\/ilcrogiuolo.it\/it\/#\/schema\/logo\/image\/\",\"url\":\"https:\/\/ilcrogiuolo.it\/wp-content\/uploads\/2020\/04\/logo.png\",\"contentUrl\":\"https:\/\/ilcrogiuolo.it\/wp-content\/uploads\/2020\/04\/logo.png\",\"width\":200,\"height\":49,\"caption\":\"Il Crogiuolo\"},\"image\":{\"@id\":\"https:\/\/ilcrogiuolo.it\/it\/#\/schema\/logo\/image\/\"},\"sameAs\":[\"https:\/\/www.facebook.com\/Il-Crogiuolo-681876418491758\"]}]}<\/script>\n<!-- \/ Yoast SEO plugin. -->","yoast_head_json":{"title":"EX\u00da SETE CRUZES cm 60 - Il Crogiuolo","description":"EX\u00da SETE CRUZES cm 60 Gli Ex\u00f9s e le Pomba Giras sono entit\u00e0 che vengono cultuate all'interno della Quimbanda. Nonostante la loro rappresentazione artistica manierata non sono","robots":{"index":"index","follow":"follow","max-snippet":"max-snippet:-1","max-image-preview":"max-image-preview:large","max-video-preview":"max-video-preview:-1"},"canonical":"https:\/\/ilcrogiuolo.it\/it\/p\/exu-sete-cruzas-cm-60\/","og_locale":"it_IT","og_type":"article","og_title":"EX\u00da SETE CRUZES cm 60 - Il Crogiuolo","og_description":"EX\u00da SETE CRUZES cm 60 Gli Ex\u00f9s e le Pomba Giras sono entit\u00e0 che vengono cultuate all'interno della Quimbanda. Nonostante la loro rappresentazione artistica manierata non sono","og_url":"https:\/\/ilcrogiuolo.it\/it\/p\/exu-sete-cruzas-cm-60\/","og_site_name":"Il Crogiuolo","article_publisher":"https:\/\/www.facebook.com\/Il-Crogiuolo-681876418491758","article_modified_time":"2025-01-17T13:40:52+00:00","og_image":[{"width":1866,"height":1920,"url":"https:\/\/ilcrogiuolo.it\/wp-content\/uploads\/2020\/01\/EXU-SETE-CRUZES.png","type":"image\/png"}],"twitter_card":"summary_large_image","twitter_misc":{"Tempo di lettura stimato":"2 minuti"},"schema":{"@context":"https:\/\/schema.org","@graph":[{"@type":"WebPage","@id":"https:\/\/ilcrogiuolo.it\/it\/p\/exu-sete-cruzas-cm-60\/","url":"https:\/\/ilcrogiuolo.it\/it\/p\/exu-sete-cruzas-cm-60\/","name":"EX\u00da SETE CRUZES cm 60 - Il Crogiuolo","isPartOf":{"@id":"https:\/\/ilcrogiuolo.it\/it\/#website"},"primaryImageOfPage":{"@id":"https:\/\/ilcrogiuolo.it\/it\/p\/exu-sete-cruzas-cm-60\/#primaryimage"},"image":{"@id":"https:\/\/ilcrogiuolo.it\/it\/p\/exu-sete-cruzas-cm-60\/#primaryimage"},"thumbnailUrl":"https:\/\/ilcrogiuolo.it\/wp-content\/uploads\/2020\/01\/EXU-SETE-CRUZES.png","datePublished":"2020-01-14T16:03:54+00:00","dateModified":"2025-01-17T13:40:52+00:00","description":"EX\u00da SETE CRUZES cm 60 Gli Ex\u00f9s e le Pomba Giras sono entit\u00e0 che vengono cultuate all'interno della Quimbanda. Nonostante la loro rappresentazione artistica manierata non sono","breadcrumb":{"@id":"https:\/\/ilcrogiuolo.it\/it\/p\/exu-sete-cruzas-cm-60\/#breadcrumb"},"inLanguage":"it-IT","potentialAction":[{"@type":"ReadAction","target":["https:\/\/ilcrogiuolo.it\/it\/p\/exu-sete-cruzas-cm-60\/"]}]},{"@type":"ImageObject","inLanguage":"it-IT","@id":"https:\/\/ilcrogiuolo.it\/it\/p\/exu-sete-cruzas-cm-60\/#primaryimage","url":"https:\/\/ilcrogiuolo.it\/wp-content\/uploads\/2020\/01\/EXU-SETE-CRUZES.png","contentUrl":"https:\/\/ilcrogiuolo.it\/wp-content\/uploads\/2020\/01\/EXU-SETE-CRUZES.png","width":1866,"height":1920},{"@type":"BreadcrumbList","@id":"https:\/\/ilcrogiuolo.it\/it\/p\/exu-sete-cruzas-cm-60\/#breadcrumb","itemListElement":[{"@type":"ListItem","position":1,"name":"Home","item":"https:\/\/ilcrogiuolo.it\/it\/"},{"@type":"ListItem","position":2,"name":"Shop","item":"https:\/\/ilcrogiuolo.it\/it\/negozio\/"},{"@type":"ListItem","position":3,"name":"EX\u00da SETE CRUZES cm 60"}]},{"@type":"WebSite","@id":"https:\/\/ilcrogiuolo.it\/it\/#website","url":"https:\/\/ilcrogiuolo.it\/it\/","name":"Il Crogiuolo","description":"","publisher":{"@id":"https:\/\/ilcrogiuolo.it\/it\/#organization"},"potentialAction":[{"@type":"SearchAction","target":{"@type":"EntryPoint","urlTemplate":"https:\/\/ilcrogiuolo.it\/it\/?s={search_term_string}"},"query-input":{"@type":"PropertyValueSpecification","valueRequired":true,"valueName":"search_term_string"}}],"inLanguage":"it-IT"},{"@type":"Organization","@id":"https:\/\/ilcrogiuolo.it\/it\/#organization","name":"Il Crogiuolo","url":"https:\/\/ilcrogiuolo.it\/it\/","logo":{"@type":"ImageObject","inLanguage":"it-IT","@id":"https:\/\/ilcrogiuolo.it\/it\/#\/schema\/logo\/image\/","url":"https:\/\/ilcrogiuolo.it\/wp-content\/uploads\/2020\/04\/logo.png","contentUrl":"https:\/\/ilcrogiuolo.it\/wp-content\/uploads\/2020\/04\/logo.png","width":200,"height":49,"caption":"Il Crogiuolo"},"image":{"@id":"https:\/\/ilcrogiuolo.it\/it\/#\/schema\/logo\/image\/"},"sameAs":["https:\/\/www.facebook.com\/Il-Crogiuolo-681876418491758"]}]}},"_links":{"self":[{"href":"https:\/\/ilcrogiuolo.it\/it\/wp-json\/wp\/v2\/product\/1830","targetHints":{"allow":["GET"]}}],"collection":[{"href":"https:\/\/ilcrogiuolo.it\/it\/wp-json\/wp\/v2\/product"}],"about":[{"href":"https:\/\/ilcrogiuolo.it\/it\/wp-json\/wp\/v2\/types\/product"}],"wp:featuredmedia":[{"embeddable":true,"href":"https:\/\/ilcrogiuolo.it\/it\/wp-json\/wp\/v2\/media\/49048"}],"wp:attachment":[{"href":"https:\/\/ilcrogiuolo.it\/it\/wp-json\/wp\/v2\/media?parent=1830"}],"wp:term":[{"taxonomy":"product_brand","embeddable":true,"href":"https:\/\/ilcrogiuolo.it\/it\/wp-json\/wp\/v2\/product_brand?post=1830"},{"taxonomy":"product_cat","embeddable":true,"href":"https:\/\/ilcrogiuolo.it\/it\/wp-json\/wp\/v2\/product_cat?post=1830"},{"taxonomy":"product_tag","embeddable":true,"href":"https:\/\/ilcrogiuolo.it\/it\/wp-json\/wp\/v2\/product_tag?post=1830"}],"curies":[{"name":"wp","href":"https:\/\/api.w.org\/{rel}","templated":true}]}}