{"id":1821,"date":"2020-01-14T17:03:54","date_gmt":"2020-01-14T16:03:54","guid":{"rendered":"https:\/\/ilcrogiuolo.it\/p\/oxumare-cm-60\/"},"modified":"2020-02-14T17:49:19","modified_gmt":"2020-02-14T16:49:19","slug":"oxumare-cm-60","status":"publish","type":"product","link":"https:\/\/ilcrogiuolo.it\/it\/p\/oxumare-cm-60\/","title":{"rendered":"OXUMAR\u00ca cm 60"},"content":{"rendered":"<p>Questa Statua rappresenta il Grande ORIX\u00c1 del movimento cosmico originario, il ritorno al passato per ritrovare se stessi e migliorare. Rappresenta dunque il ciclo delle rinascite, \u00e8 la strada verso DIO. Lui, Grande protettore degli Iniziati, d\u00e0 la grande ricchezza, l\u2019abbondanza, smuove ci\u00f2 che \u00e8 fermo aprendo nuove possibilit\u00e0. Lo si usa per chiedere, con appropriate offerte, la ricchezza; Ma \u00e8 anche usato grandemente per risolvere problemi legati alla sterilit\u00e0 maschile. NEL PREZZO E&#8217; COMPRESO IL KIT DI CONSACRAZIONE COMPLETO DEL VALORE DI LIT. 100.000 Offerta valida solo per le statue da cm 40 &#8211; cm 50 &#8211; cm 60.<\/p>\n","protected":false},"excerpt":{"rendered":"<p>Questa Statua rappresenta il Grande ORIX\u00c1 del movimento cosmico originario, il ritorno al passato per ritrovare se stessi e migliorare&#8230;.<\/p>\n","protected":false},"featured_media":19406,"template":"","meta":{"_acf_changed":false},"product_brand":[],"product_cat":[1085,1064,1296],"product_tag":[],"class_list":{"0":"post-1821","1":"product","2":"type-product","3":"status-publish","4":"has-post-thumbnail","6":"product_cat-statue-degli-orixas-exus-pomba-giras-feticci","7":"product_cat-statue-in-gesso-e-resina","8":"product_cat-statue-in-gesso-orixas","10":"first","11":"outofstock","12":"taxable","13":"shipping-taxable","14":"purchasable","15":"product-type-simple","16":"add-to-wishlist-before_image"},"acf":[],"yoast_head":"<!-- This site is optimized with the Yoast SEO plugin v26.9 - https:\/\/yoast.com\/product\/yoast-seo-wordpress\/ -->\n<title>OXUMAR\u00ca cm 60 - Il Crogiuolo<\/title>\n<meta name=\"description\" content=\"OXUMAR\u00ca cm 60 Questa Statua rappresenta il Grande ORIX\u00c1 del movimento cosmico originario, il ritorno al passato per ritrovare se stessi e migliorare. Rappresenta dunque\" \/>\n<meta name=\"robots\" content=\"index, follow, max-snippet:-1, max-image-preview:large, max-video-preview:-1\" \/>\n<link rel=\"canonical\" href=\"https:\/\/ilcrogiuolo.it\/it\/p\/oxumare-cm-60\/\" \/>\n<meta property=\"og:locale\" content=\"it_IT\" \/>\n<meta property=\"og:type\" content=\"article\" \/>\n<meta property=\"og:title\" content=\"OXUMAR\u00ca cm 60 - Il Crogiuolo\" \/>\n<meta property=\"og:description\" content=\"OXUMAR\u00ca cm 60 Questa Statua rappresenta il Grande ORIX\u00c1 del movimento cosmico originario, il ritorno al passato per ritrovare se stessi e migliorare. Rappresenta dunque\" \/>\n<meta property=\"og:url\" content=\"https:\/\/ilcrogiuolo.it\/it\/p\/oxumare-cm-60\/\" \/>\n<meta property=\"og:site_name\" content=\"Il Crogiuolo\" \/>\n<meta property=\"article:publisher\" content=\"https:\/\/www.facebook.com\/Il-Crogiuolo-681876418491758\" \/>\n<meta property=\"article:modified_time\" content=\"2020-02-14T16:49:19+00:00\" \/>\n<meta property=\"og:image\" content=\"https:\/\/ilcrogiuolo.it\/wp-content\/uploads\/2020\/01\/00000570-1.jpg\" \/>\n\t<meta property=\"og:image:width\" content=\"627\" \/>\n\t<meta property=\"og:image:height\" content=\"600\" \/>\n\t<meta property=\"og:image:type\" content=\"image\/jpeg\" \/>\n<meta name=\"twitter:card\" content=\"summary_large_image\" \/>\n<script type=\"application\/ld+json\" class=\"yoast-schema-graph\">{\"@context\":\"https:\/\/schema.org\",\"@graph\":[{\"@type\":\"WebPage\",\"@id\":\"https:\/\/ilcrogiuolo.it\/it\/p\/oxumare-cm-60\/\",\"url\":\"https:\/\/ilcrogiuolo.it\/it\/p\/oxumare-cm-60\/\",\"name\":\"OXUMAR\u00ca cm 60 - Il Crogiuolo\",\"isPartOf\":{\"@id\":\"https:\/\/ilcrogiuolo.it\/it\/#website\"},\"primaryImageOfPage\":{\"@id\":\"https:\/\/ilcrogiuolo.it\/it\/p\/oxumare-cm-60\/#primaryimage\"},\"image\":{\"@id\":\"https:\/\/ilcrogiuolo.it\/it\/p\/oxumare-cm-60\/#primaryimage\"},\"thumbnailUrl\":\"https:\/\/ilcrogiuolo.it\/wp-content\/uploads\/2020\/01\/00000570-1.jpg\",\"datePublished\":\"2020-01-14T16:03:54+00:00\",\"dateModified\":\"2020-02-14T16:49:19+00:00\",\"description\":\"OXUMAR\u00ca cm 60 Questa Statua rappresenta il Grande ORIX\u00c1 del movimento cosmico originario, il ritorno al passato per ritrovare se stessi e migliorare. Rappresenta dunque\",\"breadcrumb\":{\"@id\":\"https:\/\/ilcrogiuolo.it\/it\/p\/oxumare-cm-60\/#breadcrumb\"},\"inLanguage\":\"it-IT\",\"potentialAction\":[{\"@type\":\"ReadAction\",\"target\":[\"https:\/\/ilcrogiuolo.it\/it\/p\/oxumare-cm-60\/\"]}]},{\"@type\":\"ImageObject\",\"inLanguage\":\"it-IT\",\"@id\":\"https:\/\/ilcrogiuolo.it\/it\/p\/oxumare-cm-60\/#primaryimage\",\"url\":\"https:\/\/ilcrogiuolo.it\/wp-content\/uploads\/2020\/01\/00000570-1.jpg\",\"contentUrl\":\"https:\/\/ilcrogiuolo.it\/wp-content\/uploads\/2020\/01\/00000570-1.jpg\",\"width\":627,\"height\":600},{\"@type\":\"BreadcrumbList\",\"@id\":\"https:\/\/ilcrogiuolo.it\/it\/p\/oxumare-cm-60\/#breadcrumb\",\"itemListElement\":[{\"@type\":\"ListItem\",\"position\":1,\"name\":\"Home\",\"item\":\"https:\/\/ilcrogiuolo.it\/it\/\"},{\"@type\":\"ListItem\",\"position\":2,\"name\":\"Shop\",\"item\":\"https:\/\/ilcrogiuolo.it\/it\/negozio\/\"},{\"@type\":\"ListItem\",\"position\":3,\"name\":\"OXUMAR\u00ca cm 60\"}]},{\"@type\":\"WebSite\",\"@id\":\"https:\/\/ilcrogiuolo.it\/it\/#website\",\"url\":\"https:\/\/ilcrogiuolo.it\/it\/\",\"name\":\"Il Crogiuolo\",\"description\":\"\",\"publisher\":{\"@id\":\"https:\/\/ilcrogiuolo.it\/it\/#organization\"},\"potentialAction\":[{\"@type\":\"SearchAction\",\"target\":{\"@type\":\"EntryPoint\",\"urlTemplate\":\"https:\/\/ilcrogiuolo.it\/it\/?s={search_term_string}\"},\"query-input\":{\"@type\":\"PropertyValueSpecification\",\"valueRequired\":true,\"valueName\":\"search_term_string\"}}],\"inLanguage\":\"it-IT\"},{\"@type\":\"Organization\",\"@id\":\"https:\/\/ilcrogiuolo.it\/it\/#organization\",\"name\":\"Il Crogiuolo\",\"url\":\"https:\/\/ilcrogiuolo.it\/it\/\",\"logo\":{\"@type\":\"ImageObject\",\"inLanguage\":\"it-IT\",\"@id\":\"https:\/\/ilcrogiuolo.it\/it\/#\/schema\/logo\/image\/\",\"url\":\"https:\/\/ilcrogiuolo.it\/wp-content\/uploads\/2020\/04\/logo.png\",\"contentUrl\":\"https:\/\/ilcrogiuolo.it\/wp-content\/uploads\/2020\/04\/logo.png\",\"width\":200,\"height\":49,\"caption\":\"Il Crogiuolo\"},\"image\":{\"@id\":\"https:\/\/ilcrogiuolo.it\/it\/#\/schema\/logo\/image\/\"},\"sameAs\":[\"https:\/\/www.facebook.com\/Il-Crogiuolo-681876418491758\"]}]}<\/script>\n<!-- \/ Yoast SEO plugin. -->","yoast_head_json":{"title":"OXUMAR\u00ca cm 60 - Il Crogiuolo","description":"OXUMAR\u00ca cm 60 Questa Statua rappresenta il Grande ORIX\u00c1 del movimento cosmico originario, il ritorno al passato per ritrovare se stessi e migliorare. Rappresenta dunque","robots":{"index":"index","follow":"follow","max-snippet":"max-snippet:-1","max-image-preview":"max-image-preview:large","max-video-preview":"max-video-preview:-1"},"canonical":"https:\/\/ilcrogiuolo.it\/it\/p\/oxumare-cm-60\/","og_locale":"it_IT","og_type":"article","og_title":"OXUMAR\u00ca cm 60 - Il Crogiuolo","og_description":"OXUMAR\u00ca cm 60 Questa Statua rappresenta il Grande ORIX\u00c1 del movimento cosmico originario, il ritorno al passato per ritrovare se stessi e migliorare. Rappresenta dunque","og_url":"https:\/\/ilcrogiuolo.it\/it\/p\/oxumare-cm-60\/","og_site_name":"Il Crogiuolo","article_publisher":"https:\/\/www.facebook.com\/Il-Crogiuolo-681876418491758","article_modified_time":"2020-02-14T16:49:19+00:00","og_image":[{"width":627,"height":600,"url":"https:\/\/ilcrogiuolo.it\/wp-content\/uploads\/2020\/01\/00000570-1.jpg","type":"image\/jpeg"}],"twitter_card":"summary_large_image","schema":{"@context":"https:\/\/schema.org","@graph":[{"@type":"WebPage","@id":"https:\/\/ilcrogiuolo.it\/it\/p\/oxumare-cm-60\/","url":"https:\/\/ilcrogiuolo.it\/it\/p\/oxumare-cm-60\/","name":"OXUMAR\u00ca cm 60 - Il Crogiuolo","isPartOf":{"@id":"https:\/\/ilcrogiuolo.it\/it\/#website"},"primaryImageOfPage":{"@id":"https:\/\/ilcrogiuolo.it\/it\/p\/oxumare-cm-60\/#primaryimage"},"image":{"@id":"https:\/\/ilcrogiuolo.it\/it\/p\/oxumare-cm-60\/#primaryimage"},"thumbnailUrl":"https:\/\/ilcrogiuolo.it\/wp-content\/uploads\/2020\/01\/00000570-1.jpg","datePublished":"2020-01-14T16:03:54+00:00","dateModified":"2020-02-14T16:49:19+00:00","description":"OXUMAR\u00ca cm 60 Questa Statua rappresenta il Grande ORIX\u00c1 del movimento cosmico originario, il ritorno al passato per ritrovare se stessi e migliorare. Rappresenta dunque","breadcrumb":{"@id":"https:\/\/ilcrogiuolo.it\/it\/p\/oxumare-cm-60\/#breadcrumb"},"inLanguage":"it-IT","potentialAction":[{"@type":"ReadAction","target":["https:\/\/ilcrogiuolo.it\/it\/p\/oxumare-cm-60\/"]}]},{"@type":"ImageObject","inLanguage":"it-IT","@id":"https:\/\/ilcrogiuolo.it\/it\/p\/oxumare-cm-60\/#primaryimage","url":"https:\/\/ilcrogiuolo.it\/wp-content\/uploads\/2020\/01\/00000570-1.jpg","contentUrl":"https:\/\/ilcrogiuolo.it\/wp-content\/uploads\/2020\/01\/00000570-1.jpg","width":627,"height":600},{"@type":"BreadcrumbList","@id":"https:\/\/ilcrogiuolo.it\/it\/p\/oxumare-cm-60\/#breadcrumb","itemListElement":[{"@type":"ListItem","position":1,"name":"Home","item":"https:\/\/ilcrogiuolo.it\/it\/"},{"@type":"ListItem","position":2,"name":"Shop","item":"https:\/\/ilcrogiuolo.it\/it\/negozio\/"},{"@type":"ListItem","position":3,"name":"OXUMAR\u00ca cm 60"}]},{"@type":"WebSite","@id":"https:\/\/ilcrogiuolo.it\/it\/#website","url":"https:\/\/ilcrogiuolo.it\/it\/","name":"Il Crogiuolo","description":"","publisher":{"@id":"https:\/\/ilcrogiuolo.it\/it\/#organization"},"potentialAction":[{"@type":"SearchAction","target":{"@type":"EntryPoint","urlTemplate":"https:\/\/ilcrogiuolo.it\/it\/?s={search_term_string}"},"query-input":{"@type":"PropertyValueSpecification","valueRequired":true,"valueName":"search_term_string"}}],"inLanguage":"it-IT"},{"@type":"Organization","@id":"https:\/\/ilcrogiuolo.it\/it\/#organization","name":"Il Crogiuolo","url":"https:\/\/ilcrogiuolo.it\/it\/","logo":{"@type":"ImageObject","inLanguage":"it-IT","@id":"https:\/\/ilcrogiuolo.it\/it\/#\/schema\/logo\/image\/","url":"https:\/\/ilcrogiuolo.it\/wp-content\/uploads\/2020\/04\/logo.png","contentUrl":"https:\/\/ilcrogiuolo.it\/wp-content\/uploads\/2020\/04\/logo.png","width":200,"height":49,"caption":"Il Crogiuolo"},"image":{"@id":"https:\/\/ilcrogiuolo.it\/it\/#\/schema\/logo\/image\/"},"sameAs":["https:\/\/www.facebook.com\/Il-Crogiuolo-681876418491758"]}]}},"_links":{"self":[{"href":"https:\/\/ilcrogiuolo.it\/it\/wp-json\/wp\/v2\/product\/1821","targetHints":{"allow":["GET"]}}],"collection":[{"href":"https:\/\/ilcrogiuolo.it\/it\/wp-json\/wp\/v2\/product"}],"about":[{"href":"https:\/\/ilcrogiuolo.it\/it\/wp-json\/wp\/v2\/types\/product"}],"wp:featuredmedia":[{"embeddable":true,"href":"https:\/\/ilcrogiuolo.it\/it\/wp-json\/wp\/v2\/media\/19406"}],"wp:attachment":[{"href":"https:\/\/ilcrogiuolo.it\/it\/wp-json\/wp\/v2\/media?parent=1821"}],"wp:term":[{"taxonomy":"product_brand","embeddable":true,"href":"https:\/\/ilcrogiuolo.it\/it\/wp-json\/wp\/v2\/product_brand?post=1821"},{"taxonomy":"product_cat","embeddable":true,"href":"https:\/\/ilcrogiuolo.it\/it\/wp-json\/wp\/v2\/product_cat?post=1821"},{"taxonomy":"product_tag","embeddable":true,"href":"https:\/\/ilcrogiuolo.it\/it\/wp-json\/wp\/v2\/product_tag?post=1821"}],"curies":[{"name":"wp","href":"https:\/\/api.w.org\/{rel}","templated":true}]}}