{"id":1776,"date":"2020-01-14T17:03:47","date_gmt":"2020-01-14T16:03:47","guid":{"rendered":"https:\/\/ilcrogiuolo.it\/p\/exu-rei-no-trono-do-inferno-cm-50\/"},"modified":"2020-02-14T17:36:31","modified_gmt":"2020-02-14T16:36:31","slug":"exu-rei-no-trono-do-inferno-cm-50","status":"publish","type":"product","link":"https:\/\/ilcrogiuolo.it\/it\/p\/exu-rei-no-trono-do-inferno-cm-50\/","title":{"rendered":"EX\u00da REI NO TRONO DO INFERNO cm 50"},"content":{"rendered":"<p>Questo magnifico EX\u00da, che rappresenta la TRINIT\u00c0 nella QUIMBANDA racchiude in s\u00e8 tre massimi EX\u00da. L\u2019ENERGIA di questo Grande EX\u00da pu\u00f2 essere tradizionalmente usata per qualsiasi tipo di problema. Questo EX\u00da molto raramente viene incorporato nei TERREIROS BRASILIANI, ma viene interpellato invece per risolvere moltissime situazioni che a volte risultano quasi miracolose con i tipici EB\u00d3 (offerte). Aiuta nelle problematiche di lavoro, danaro, riuscita personale, vincite su nemici. Altres\u00ec rimedia agli errori che spesso, per l\u2019 ignoranza di qualche MEDIUM, Operatore, etc.., possono essere fatti ai danni delle persone.<\/p>\n","protected":false},"excerpt":{"rendered":"<p>Questo magnifico EX\u00da, che rappresenta la TRINIT\u00c0 nella QUIMBANDA racchiude in s\u00e8 tre massimi EX\u00da. L\u2019ENERGIA di questo Grande EX\u00da&#8230;<\/p>\n","protected":false},"featured_media":19393,"template":"","meta":{"_acf_changed":false},"product_brand":[],"product_cat":[1085,1064,1297],"product_tag":[],"class_list":{"0":"post-1776","1":"product","2":"type-product","3":"status-publish","4":"has-post-thumbnail","6":"product_cat-statue-degli-orixas-exus-pomba-giras-feticci","7":"product_cat-statue-in-gesso-e-resina","8":"product_cat-statue-in-gesso-exus","10":"first","11":"outofstock","12":"taxable","13":"shipping-taxable","14":"purchasable","15":"product-type-simple","16":"add-to-wishlist-before_image"},"acf":[],"yoast_head":"<!-- This site is optimized with the Yoast SEO plugin v26.9 - https:\/\/yoast.com\/product\/yoast-seo-wordpress\/ -->\n<title>EX\u00da REI NO TRONO DO INFERNO cm 50 - Il Crogiuolo<\/title>\n<meta name=\"description\" content=\"EX\u00da REI NO TRONO DO INFERNO cm 50 Questo magnifico EX\u00da, che rappresenta la TRINIT\u00c0 nella QUIMBANDA racchiude in s\u00e8 tre massimi EX\u00da. L\u2019ENERGIA di questo Grande EX\u00da pu\u00f2 essere\" \/>\n<meta name=\"robots\" content=\"index, follow, max-snippet:-1, max-image-preview:large, max-video-preview:-1\" \/>\n<link rel=\"canonical\" href=\"https:\/\/ilcrogiuolo.it\/it\/p\/exu-rei-no-trono-do-inferno-cm-50\/\" \/>\n<meta property=\"og:locale\" content=\"it_IT\" \/>\n<meta property=\"og:type\" content=\"article\" \/>\n<meta property=\"og:title\" content=\"EX\u00da REI NO TRONO DO INFERNO cm 50 - Il Crogiuolo\" \/>\n<meta property=\"og:description\" content=\"EX\u00da REI NO TRONO DO INFERNO cm 50 Questo magnifico EX\u00da, che rappresenta la TRINIT\u00c0 nella QUIMBANDA racchiude in s\u00e8 tre massimi EX\u00da. L\u2019ENERGIA di questo Grande EX\u00da pu\u00f2 essere\" \/>\n<meta property=\"og:url\" content=\"https:\/\/ilcrogiuolo.it\/it\/p\/exu-rei-no-trono-do-inferno-cm-50\/\" \/>\n<meta property=\"og:site_name\" content=\"Il Crogiuolo\" \/>\n<meta property=\"article:publisher\" content=\"https:\/\/www.facebook.com\/Il-Crogiuolo-681876418491758\" \/>\n<meta property=\"article:modified_time\" content=\"2020-02-14T16:36:31+00:00\" \/>\n<meta property=\"og:image\" content=\"https:\/\/ilcrogiuolo.it\/wp-content\/uploads\/2020\/01\/00000552-1.jpg\" \/>\n\t<meta property=\"og:image:width\" content=\"627\" \/>\n\t<meta property=\"og:image:height\" content=\"600\" \/>\n\t<meta property=\"og:image:type\" content=\"image\/jpeg\" \/>\n<meta name=\"twitter:card\" content=\"summary_large_image\" \/>\n<script type=\"application\/ld+json\" class=\"yoast-schema-graph\">{\"@context\":\"https:\/\/schema.org\",\"@graph\":[{\"@type\":\"WebPage\",\"@id\":\"https:\/\/ilcrogiuolo.it\/it\/p\/exu-rei-no-trono-do-inferno-cm-50\/\",\"url\":\"https:\/\/ilcrogiuolo.it\/it\/p\/exu-rei-no-trono-do-inferno-cm-50\/\",\"name\":\"EX\u00da REI NO TRONO DO INFERNO cm 50 - Il Crogiuolo\",\"isPartOf\":{\"@id\":\"https:\/\/ilcrogiuolo.it\/it\/#website\"},\"primaryImageOfPage\":{\"@id\":\"https:\/\/ilcrogiuolo.it\/it\/p\/exu-rei-no-trono-do-inferno-cm-50\/#primaryimage\"},\"image\":{\"@id\":\"https:\/\/ilcrogiuolo.it\/it\/p\/exu-rei-no-trono-do-inferno-cm-50\/#primaryimage\"},\"thumbnailUrl\":\"https:\/\/ilcrogiuolo.it\/wp-content\/uploads\/2020\/01\/00000552-1.jpg\",\"datePublished\":\"2020-01-14T16:03:47+00:00\",\"dateModified\":\"2020-02-14T16:36:31+00:00\",\"description\":\"EX\u00da REI NO TRONO DO INFERNO cm 50 Questo magnifico EX\u00da, che rappresenta la TRINIT\u00c0 nella QUIMBANDA racchiude in s\u00e8 tre massimi EX\u00da. L\u2019ENERGIA di questo Grande EX\u00da pu\u00f2 essere\",\"breadcrumb\":{\"@id\":\"https:\/\/ilcrogiuolo.it\/it\/p\/exu-rei-no-trono-do-inferno-cm-50\/#breadcrumb\"},\"inLanguage\":\"it-IT\",\"potentialAction\":[{\"@type\":\"ReadAction\",\"target\":[\"https:\/\/ilcrogiuolo.it\/it\/p\/exu-rei-no-trono-do-inferno-cm-50\/\"]}]},{\"@type\":\"ImageObject\",\"inLanguage\":\"it-IT\",\"@id\":\"https:\/\/ilcrogiuolo.it\/it\/p\/exu-rei-no-trono-do-inferno-cm-50\/#primaryimage\",\"url\":\"https:\/\/ilcrogiuolo.it\/wp-content\/uploads\/2020\/01\/00000552-1.jpg\",\"contentUrl\":\"https:\/\/ilcrogiuolo.it\/wp-content\/uploads\/2020\/01\/00000552-1.jpg\",\"width\":627,\"height\":600},{\"@type\":\"BreadcrumbList\",\"@id\":\"https:\/\/ilcrogiuolo.it\/it\/p\/exu-rei-no-trono-do-inferno-cm-50\/#breadcrumb\",\"itemListElement\":[{\"@type\":\"ListItem\",\"position\":1,\"name\":\"Home\",\"item\":\"https:\/\/ilcrogiuolo.it\/it\/\"},{\"@type\":\"ListItem\",\"position\":2,\"name\":\"Shop\",\"item\":\"https:\/\/ilcrogiuolo.it\/it\/negozio\/\"},{\"@type\":\"ListItem\",\"position\":3,\"name\":\"EX\u00da REI NO TRONO DO INFERNO cm 50\"}]},{\"@type\":\"WebSite\",\"@id\":\"https:\/\/ilcrogiuolo.it\/it\/#website\",\"url\":\"https:\/\/ilcrogiuolo.it\/it\/\",\"name\":\"Il Crogiuolo\",\"description\":\"\",\"publisher\":{\"@id\":\"https:\/\/ilcrogiuolo.it\/it\/#organization\"},\"potentialAction\":[{\"@type\":\"SearchAction\",\"target\":{\"@type\":\"EntryPoint\",\"urlTemplate\":\"https:\/\/ilcrogiuolo.it\/it\/?s={search_term_string}\"},\"query-input\":{\"@type\":\"PropertyValueSpecification\",\"valueRequired\":true,\"valueName\":\"search_term_string\"}}],\"inLanguage\":\"it-IT\"},{\"@type\":\"Organization\",\"@id\":\"https:\/\/ilcrogiuolo.it\/it\/#organization\",\"name\":\"Il Crogiuolo\",\"url\":\"https:\/\/ilcrogiuolo.it\/it\/\",\"logo\":{\"@type\":\"ImageObject\",\"inLanguage\":\"it-IT\",\"@id\":\"https:\/\/ilcrogiuolo.it\/it\/#\/schema\/logo\/image\/\",\"url\":\"https:\/\/ilcrogiuolo.it\/wp-content\/uploads\/2020\/04\/logo.png\",\"contentUrl\":\"https:\/\/ilcrogiuolo.it\/wp-content\/uploads\/2020\/04\/logo.png\",\"width\":200,\"height\":49,\"caption\":\"Il Crogiuolo\"},\"image\":{\"@id\":\"https:\/\/ilcrogiuolo.it\/it\/#\/schema\/logo\/image\/\"},\"sameAs\":[\"https:\/\/www.facebook.com\/Il-Crogiuolo-681876418491758\"]}]}<\/script>\n<!-- \/ Yoast SEO plugin. -->","yoast_head_json":{"title":"EX\u00da REI NO TRONO DO INFERNO cm 50 - Il Crogiuolo","description":"EX\u00da REI NO TRONO DO INFERNO cm 50 Questo magnifico EX\u00da, che rappresenta la TRINIT\u00c0 nella QUIMBANDA racchiude in s\u00e8 tre massimi EX\u00da. L\u2019ENERGIA di questo Grande EX\u00da pu\u00f2 essere","robots":{"index":"index","follow":"follow","max-snippet":"max-snippet:-1","max-image-preview":"max-image-preview:large","max-video-preview":"max-video-preview:-1"},"canonical":"https:\/\/ilcrogiuolo.it\/it\/p\/exu-rei-no-trono-do-inferno-cm-50\/","og_locale":"it_IT","og_type":"article","og_title":"EX\u00da REI NO TRONO DO INFERNO cm 50 - Il Crogiuolo","og_description":"EX\u00da REI NO TRONO DO INFERNO cm 50 Questo magnifico EX\u00da, che rappresenta la TRINIT\u00c0 nella QUIMBANDA racchiude in s\u00e8 tre massimi EX\u00da. L\u2019ENERGIA di questo Grande EX\u00da pu\u00f2 essere","og_url":"https:\/\/ilcrogiuolo.it\/it\/p\/exu-rei-no-trono-do-inferno-cm-50\/","og_site_name":"Il Crogiuolo","article_publisher":"https:\/\/www.facebook.com\/Il-Crogiuolo-681876418491758","article_modified_time":"2020-02-14T16:36:31+00:00","og_image":[{"width":627,"height":600,"url":"https:\/\/ilcrogiuolo.it\/wp-content\/uploads\/2020\/01\/00000552-1.jpg","type":"image\/jpeg"}],"twitter_card":"summary_large_image","schema":{"@context":"https:\/\/schema.org","@graph":[{"@type":"WebPage","@id":"https:\/\/ilcrogiuolo.it\/it\/p\/exu-rei-no-trono-do-inferno-cm-50\/","url":"https:\/\/ilcrogiuolo.it\/it\/p\/exu-rei-no-trono-do-inferno-cm-50\/","name":"EX\u00da REI NO TRONO DO INFERNO cm 50 - Il Crogiuolo","isPartOf":{"@id":"https:\/\/ilcrogiuolo.it\/it\/#website"},"primaryImageOfPage":{"@id":"https:\/\/ilcrogiuolo.it\/it\/p\/exu-rei-no-trono-do-inferno-cm-50\/#primaryimage"},"image":{"@id":"https:\/\/ilcrogiuolo.it\/it\/p\/exu-rei-no-trono-do-inferno-cm-50\/#primaryimage"},"thumbnailUrl":"https:\/\/ilcrogiuolo.it\/wp-content\/uploads\/2020\/01\/00000552-1.jpg","datePublished":"2020-01-14T16:03:47+00:00","dateModified":"2020-02-14T16:36:31+00:00","description":"EX\u00da REI NO TRONO DO INFERNO cm 50 Questo magnifico EX\u00da, che rappresenta la TRINIT\u00c0 nella QUIMBANDA racchiude in s\u00e8 tre massimi EX\u00da. L\u2019ENERGIA di questo Grande EX\u00da pu\u00f2 essere","breadcrumb":{"@id":"https:\/\/ilcrogiuolo.it\/it\/p\/exu-rei-no-trono-do-inferno-cm-50\/#breadcrumb"},"inLanguage":"it-IT","potentialAction":[{"@type":"ReadAction","target":["https:\/\/ilcrogiuolo.it\/it\/p\/exu-rei-no-trono-do-inferno-cm-50\/"]}]},{"@type":"ImageObject","inLanguage":"it-IT","@id":"https:\/\/ilcrogiuolo.it\/it\/p\/exu-rei-no-trono-do-inferno-cm-50\/#primaryimage","url":"https:\/\/ilcrogiuolo.it\/wp-content\/uploads\/2020\/01\/00000552-1.jpg","contentUrl":"https:\/\/ilcrogiuolo.it\/wp-content\/uploads\/2020\/01\/00000552-1.jpg","width":627,"height":600},{"@type":"BreadcrumbList","@id":"https:\/\/ilcrogiuolo.it\/it\/p\/exu-rei-no-trono-do-inferno-cm-50\/#breadcrumb","itemListElement":[{"@type":"ListItem","position":1,"name":"Home","item":"https:\/\/ilcrogiuolo.it\/it\/"},{"@type":"ListItem","position":2,"name":"Shop","item":"https:\/\/ilcrogiuolo.it\/it\/negozio\/"},{"@type":"ListItem","position":3,"name":"EX\u00da REI NO TRONO DO INFERNO cm 50"}]},{"@type":"WebSite","@id":"https:\/\/ilcrogiuolo.it\/it\/#website","url":"https:\/\/ilcrogiuolo.it\/it\/","name":"Il Crogiuolo","description":"","publisher":{"@id":"https:\/\/ilcrogiuolo.it\/it\/#organization"},"potentialAction":[{"@type":"SearchAction","target":{"@type":"EntryPoint","urlTemplate":"https:\/\/ilcrogiuolo.it\/it\/?s={search_term_string}"},"query-input":{"@type":"PropertyValueSpecification","valueRequired":true,"valueName":"search_term_string"}}],"inLanguage":"it-IT"},{"@type":"Organization","@id":"https:\/\/ilcrogiuolo.it\/it\/#organization","name":"Il Crogiuolo","url":"https:\/\/ilcrogiuolo.it\/it\/","logo":{"@type":"ImageObject","inLanguage":"it-IT","@id":"https:\/\/ilcrogiuolo.it\/it\/#\/schema\/logo\/image\/","url":"https:\/\/ilcrogiuolo.it\/wp-content\/uploads\/2020\/04\/logo.png","contentUrl":"https:\/\/ilcrogiuolo.it\/wp-content\/uploads\/2020\/04\/logo.png","width":200,"height":49,"caption":"Il Crogiuolo"},"image":{"@id":"https:\/\/ilcrogiuolo.it\/it\/#\/schema\/logo\/image\/"},"sameAs":["https:\/\/www.facebook.com\/Il-Crogiuolo-681876418491758"]}]}},"_links":{"self":[{"href":"https:\/\/ilcrogiuolo.it\/it\/wp-json\/wp\/v2\/product\/1776","targetHints":{"allow":["GET"]}}],"collection":[{"href":"https:\/\/ilcrogiuolo.it\/it\/wp-json\/wp\/v2\/product"}],"about":[{"href":"https:\/\/ilcrogiuolo.it\/it\/wp-json\/wp\/v2\/types\/product"}],"wp:featuredmedia":[{"embeddable":true,"href":"https:\/\/ilcrogiuolo.it\/it\/wp-json\/wp\/v2\/media\/19393"}],"wp:attachment":[{"href":"https:\/\/ilcrogiuolo.it\/it\/wp-json\/wp\/v2\/media?parent=1776"}],"wp:term":[{"taxonomy":"product_brand","embeddable":true,"href":"https:\/\/ilcrogiuolo.it\/it\/wp-json\/wp\/v2\/product_brand?post=1776"},{"taxonomy":"product_cat","embeddable":true,"href":"https:\/\/ilcrogiuolo.it\/it\/wp-json\/wp\/v2\/product_cat?post=1776"},{"taxonomy":"product_tag","embeddable":true,"href":"https:\/\/ilcrogiuolo.it\/it\/wp-json\/wp\/v2\/product_tag?post=1776"}],"curies":[{"name":"wp","href":"https:\/\/api.w.org\/{rel}","templated":true}]}}