{"id":1761,"date":"2020-01-14T17:03:47","date_gmt":"2020-01-14T16:03:47","guid":{"rendered":"https:\/\/ilcrogiuolo.it\/p\/xango-35-40-cm\/"},"modified":"2026-01-26T17:12:30","modified_gmt":"2026-01-26T16:12:30","slug":"xango-35-40-cm","status":"publish","type":"product","link":"https:\/\/ilcrogiuolo.it\/it\/p\/xango-35-40-cm\/","title":{"rendered":"XANG\u00d4 35\/40 cm"},"content":{"rendered":"<p>Signore del tuono, dei fulmini e delle pietre, \u00e8 uno degli Orix\u00e0 pi\u00f9 importanti e conosciuti. E&#8217; il patrono della giustizia, fu re di Oy\u00f2 ed il suo estro giuridico ne porta a fare il signore delle giuste cause. Appassionato, virile e donnaiolo Xang\u00f2 viene invocato per liberarsi dai nemici, trionfare nelle imprese e nelle cause sentimentali. Il santo cattolico con cui viene rappresentato \u00e8 S. Gerolamo, a causa del mantello rosso indossato dal celebre traduttore e per il leone simbolo di forza, coraggio e regalit\u00e0, qualit\u00e0 proprie al grande Orix\u00e0 Yoruba. Xang\u00f2 ha dodici manifestazioni, viene salutato col grido &#8220;cawocabiesil\u00e8&#8221;, il giorno della sua festa \u00e8 il 30 settembre ed il numero che gli \u00e8 attribuito \u00e8 il quattro. Il colore di Xang\u00f2 \u00e8 il rosso o il rosso e bianco alternati ed il suo simbolo \u00e8 una scure a doppio taglio. A Xang\u00f2 vengono offerti sigari, liquori e birra scura, frutta (banane), piatti dai gusti saporiti e decisi. Le offerte destinate a questo Santo andranno portate poi in una pietraia o sotto un albero sacro all&#8217;entit\u00e0.<\/p>\n","protected":false},"excerpt":{"rendered":"<p>Signore del tuono, dei fulmini e delle pietre, \u00e8 uno degli Orix\u00e0 pi\u00f9 importanti e conosciuti. E&#8217; il patrono della&#8230;<\/p>\n","protected":false},"featured_media":56137,"template":"","meta":{"_acf_changed":false},"product_brand":[],"product_cat":[1085,1064,1296],"product_tag":[],"class_list":{"0":"post-1761","1":"product","2":"type-product","3":"status-publish","4":"has-post-thumbnail","6":"product_cat-statue-degli-orixas-exus-pomba-giras-feticci","7":"product_cat-statue-in-gesso-e-resina","8":"product_cat-statue-in-gesso-orixas","10":"first","11":"instock","12":"taxable","13":"shipping-taxable","14":"purchasable","15":"product-type-simple","16":"add-to-wishlist-before_image"},"acf":[],"yoast_head":"<!-- This site is optimized with the Yoast SEO plugin v26.9 - https:\/\/yoast.com\/product\/yoast-seo-wordpress\/ -->\n<title>XANG\u00d4 35\/40 cm - Il Crogiuolo<\/title>\n<meta name=\"description\" content=\"XANG\u00d4 35\/40 cm Signore del tuono, dei fulmini e delle pietre, \u00e8 uno degli Orix\u00e0 pi\u00f9 importanti e conosciuti. E&#039; il patrono della giustizia, fu re di Oy\u00f2 ed il suo estro\" \/>\n<meta name=\"robots\" content=\"index, follow, max-snippet:-1, max-image-preview:large, max-video-preview:-1\" \/>\n<link rel=\"canonical\" href=\"https:\/\/ilcrogiuolo.it\/it\/p\/xango-35-40-cm\/\" \/>\n<meta property=\"og:locale\" content=\"it_IT\" \/>\n<meta property=\"og:type\" content=\"article\" \/>\n<meta property=\"og:title\" content=\"XANG\u00d4 35\/40 cm - Il Crogiuolo\" \/>\n<meta property=\"og:description\" content=\"XANG\u00d4 35\/40 cm Signore del tuono, dei fulmini e delle pietre, \u00e8 uno degli Orix\u00e0 pi\u00f9 importanti e conosciuti. E&#039; il patrono della giustizia, fu re di Oy\u00f2 ed il suo estro\" \/>\n<meta property=\"og:url\" content=\"https:\/\/ilcrogiuolo.it\/it\/p\/xango-35-40-cm\/\" \/>\n<meta property=\"og:site_name\" content=\"Il Crogiuolo\" \/>\n<meta property=\"article:publisher\" content=\"https:\/\/www.facebook.com\/Il-Crogiuolo-681876418491758\" \/>\n<meta property=\"article:modified_time\" content=\"2026-01-26T16:12:30+00:00\" \/>\n<meta property=\"og:image\" content=\"https:\/\/ilcrogiuolo.it\/wp-content\/uploads\/2020\/01\/XANGO-35.png\" \/>\n\t<meta property=\"og:image:width\" content=\"1944\" \/>\n\t<meta property=\"og:image:height\" content=\"2000\" \/>\n\t<meta property=\"og:image:type\" content=\"image\/png\" \/>\n<meta name=\"twitter:card\" content=\"summary_large_image\" \/>\n<meta name=\"twitter:label1\" content=\"Tempo di lettura stimato\" \/>\n\t<meta name=\"twitter:data1\" content=\"2 minuti\" \/>\n<script type=\"application\/ld+json\" class=\"yoast-schema-graph\">{\"@context\":\"https:\/\/schema.org\",\"@graph\":[{\"@type\":\"WebPage\",\"@id\":\"https:\/\/ilcrogiuolo.it\/it\/p\/xango-35-40-cm\/\",\"url\":\"https:\/\/ilcrogiuolo.it\/it\/p\/xango-35-40-cm\/\",\"name\":\"XANG\u00d4 35\/40 cm - Il Crogiuolo\",\"isPartOf\":{\"@id\":\"https:\/\/ilcrogiuolo.it\/it\/#website\"},\"primaryImageOfPage\":{\"@id\":\"https:\/\/ilcrogiuolo.it\/it\/p\/xango-35-40-cm\/#primaryimage\"},\"image\":{\"@id\":\"https:\/\/ilcrogiuolo.it\/it\/p\/xango-35-40-cm\/#primaryimage\"},\"thumbnailUrl\":\"https:\/\/ilcrogiuolo.it\/wp-content\/uploads\/2020\/01\/XANGO-35.png\",\"datePublished\":\"2020-01-14T16:03:47+00:00\",\"dateModified\":\"2026-01-26T16:12:30+00:00\",\"description\":\"XANG\u00d4 35\/40 cm Signore del tuono, dei fulmini e delle pietre, \u00e8 uno degli Orix\u00e0 pi\u00f9 importanti e conosciuti. E' il patrono della giustizia, fu re di Oy\u00f2 ed il suo estro\",\"breadcrumb\":{\"@id\":\"https:\/\/ilcrogiuolo.it\/it\/p\/xango-35-40-cm\/#breadcrumb\"},\"inLanguage\":\"it-IT\",\"potentialAction\":[{\"@type\":\"ReadAction\",\"target\":[\"https:\/\/ilcrogiuolo.it\/it\/p\/xango-35-40-cm\/\"]}]},{\"@type\":\"ImageObject\",\"inLanguage\":\"it-IT\",\"@id\":\"https:\/\/ilcrogiuolo.it\/it\/p\/xango-35-40-cm\/#primaryimage\",\"url\":\"https:\/\/ilcrogiuolo.it\/wp-content\/uploads\/2020\/01\/XANGO-35.png\",\"contentUrl\":\"https:\/\/ilcrogiuolo.it\/wp-content\/uploads\/2020\/01\/XANGO-35.png\",\"width\":1944,\"height\":2000},{\"@type\":\"BreadcrumbList\",\"@id\":\"https:\/\/ilcrogiuolo.it\/it\/p\/xango-35-40-cm\/#breadcrumb\",\"itemListElement\":[{\"@type\":\"ListItem\",\"position\":1,\"name\":\"Home\",\"item\":\"https:\/\/ilcrogiuolo.it\/it\/\"},{\"@type\":\"ListItem\",\"position\":2,\"name\":\"Shop\",\"item\":\"https:\/\/ilcrogiuolo.it\/it\/negozio\/\"},{\"@type\":\"ListItem\",\"position\":3,\"name\":\"XANG\u00d4 35\/40 cm\"}]},{\"@type\":\"WebSite\",\"@id\":\"https:\/\/ilcrogiuolo.it\/it\/#website\",\"url\":\"https:\/\/ilcrogiuolo.it\/it\/\",\"name\":\"Il Crogiuolo\",\"description\":\"\",\"publisher\":{\"@id\":\"https:\/\/ilcrogiuolo.it\/it\/#organization\"},\"potentialAction\":[{\"@type\":\"SearchAction\",\"target\":{\"@type\":\"EntryPoint\",\"urlTemplate\":\"https:\/\/ilcrogiuolo.it\/it\/?s={search_term_string}\"},\"query-input\":{\"@type\":\"PropertyValueSpecification\",\"valueRequired\":true,\"valueName\":\"search_term_string\"}}],\"inLanguage\":\"it-IT\"},{\"@type\":\"Organization\",\"@id\":\"https:\/\/ilcrogiuolo.it\/it\/#organization\",\"name\":\"Il Crogiuolo\",\"url\":\"https:\/\/ilcrogiuolo.it\/it\/\",\"logo\":{\"@type\":\"ImageObject\",\"inLanguage\":\"it-IT\",\"@id\":\"https:\/\/ilcrogiuolo.it\/it\/#\/schema\/logo\/image\/\",\"url\":\"https:\/\/ilcrogiuolo.it\/wp-content\/uploads\/2020\/04\/logo.png\",\"contentUrl\":\"https:\/\/ilcrogiuolo.it\/wp-content\/uploads\/2020\/04\/logo.png\",\"width\":200,\"height\":49,\"caption\":\"Il Crogiuolo\"},\"image\":{\"@id\":\"https:\/\/ilcrogiuolo.it\/it\/#\/schema\/logo\/image\/\"},\"sameAs\":[\"https:\/\/www.facebook.com\/Il-Crogiuolo-681876418491758\"]}]}<\/script>\n<!-- \/ Yoast SEO plugin. -->","yoast_head_json":{"title":"XANG\u00d4 35\/40 cm - Il Crogiuolo","description":"XANG\u00d4 35\/40 cm Signore del tuono, dei fulmini e delle pietre, \u00e8 uno degli Orix\u00e0 pi\u00f9 importanti e conosciuti. E' il patrono della giustizia, fu re di Oy\u00f2 ed il suo estro","robots":{"index":"index","follow":"follow","max-snippet":"max-snippet:-1","max-image-preview":"max-image-preview:large","max-video-preview":"max-video-preview:-1"},"canonical":"https:\/\/ilcrogiuolo.it\/it\/p\/xango-35-40-cm\/","og_locale":"it_IT","og_type":"article","og_title":"XANG\u00d4 35\/40 cm - Il Crogiuolo","og_description":"XANG\u00d4 35\/40 cm Signore del tuono, dei fulmini e delle pietre, \u00e8 uno degli Orix\u00e0 pi\u00f9 importanti e conosciuti. E' il patrono della giustizia, fu re di Oy\u00f2 ed il suo estro","og_url":"https:\/\/ilcrogiuolo.it\/it\/p\/xango-35-40-cm\/","og_site_name":"Il Crogiuolo","article_publisher":"https:\/\/www.facebook.com\/Il-Crogiuolo-681876418491758","article_modified_time":"2026-01-26T16:12:30+00:00","og_image":[{"width":1944,"height":2000,"url":"https:\/\/ilcrogiuolo.it\/wp-content\/uploads\/2020\/01\/XANGO-35.png","type":"image\/png"}],"twitter_card":"summary_large_image","twitter_misc":{"Tempo di lettura stimato":"2 minuti"},"schema":{"@context":"https:\/\/schema.org","@graph":[{"@type":"WebPage","@id":"https:\/\/ilcrogiuolo.it\/it\/p\/xango-35-40-cm\/","url":"https:\/\/ilcrogiuolo.it\/it\/p\/xango-35-40-cm\/","name":"XANG\u00d4 35\/40 cm - Il Crogiuolo","isPartOf":{"@id":"https:\/\/ilcrogiuolo.it\/it\/#website"},"primaryImageOfPage":{"@id":"https:\/\/ilcrogiuolo.it\/it\/p\/xango-35-40-cm\/#primaryimage"},"image":{"@id":"https:\/\/ilcrogiuolo.it\/it\/p\/xango-35-40-cm\/#primaryimage"},"thumbnailUrl":"https:\/\/ilcrogiuolo.it\/wp-content\/uploads\/2020\/01\/XANGO-35.png","datePublished":"2020-01-14T16:03:47+00:00","dateModified":"2026-01-26T16:12:30+00:00","description":"XANG\u00d4 35\/40 cm Signore del tuono, dei fulmini e delle pietre, \u00e8 uno degli Orix\u00e0 pi\u00f9 importanti e conosciuti. E' il patrono della giustizia, fu re di Oy\u00f2 ed il suo estro","breadcrumb":{"@id":"https:\/\/ilcrogiuolo.it\/it\/p\/xango-35-40-cm\/#breadcrumb"},"inLanguage":"it-IT","potentialAction":[{"@type":"ReadAction","target":["https:\/\/ilcrogiuolo.it\/it\/p\/xango-35-40-cm\/"]}]},{"@type":"ImageObject","inLanguage":"it-IT","@id":"https:\/\/ilcrogiuolo.it\/it\/p\/xango-35-40-cm\/#primaryimage","url":"https:\/\/ilcrogiuolo.it\/wp-content\/uploads\/2020\/01\/XANGO-35.png","contentUrl":"https:\/\/ilcrogiuolo.it\/wp-content\/uploads\/2020\/01\/XANGO-35.png","width":1944,"height":2000},{"@type":"BreadcrumbList","@id":"https:\/\/ilcrogiuolo.it\/it\/p\/xango-35-40-cm\/#breadcrumb","itemListElement":[{"@type":"ListItem","position":1,"name":"Home","item":"https:\/\/ilcrogiuolo.it\/it\/"},{"@type":"ListItem","position":2,"name":"Shop","item":"https:\/\/ilcrogiuolo.it\/it\/negozio\/"},{"@type":"ListItem","position":3,"name":"XANG\u00d4 35\/40 cm"}]},{"@type":"WebSite","@id":"https:\/\/ilcrogiuolo.it\/it\/#website","url":"https:\/\/ilcrogiuolo.it\/it\/","name":"Il Crogiuolo","description":"","publisher":{"@id":"https:\/\/ilcrogiuolo.it\/it\/#organization"},"potentialAction":[{"@type":"SearchAction","target":{"@type":"EntryPoint","urlTemplate":"https:\/\/ilcrogiuolo.it\/it\/?s={search_term_string}"},"query-input":{"@type":"PropertyValueSpecification","valueRequired":true,"valueName":"search_term_string"}}],"inLanguage":"it-IT"},{"@type":"Organization","@id":"https:\/\/ilcrogiuolo.it\/it\/#organization","name":"Il Crogiuolo","url":"https:\/\/ilcrogiuolo.it\/it\/","logo":{"@type":"ImageObject","inLanguage":"it-IT","@id":"https:\/\/ilcrogiuolo.it\/it\/#\/schema\/logo\/image\/","url":"https:\/\/ilcrogiuolo.it\/wp-content\/uploads\/2020\/04\/logo.png","contentUrl":"https:\/\/ilcrogiuolo.it\/wp-content\/uploads\/2020\/04\/logo.png","width":200,"height":49,"caption":"Il Crogiuolo"},"image":{"@id":"https:\/\/ilcrogiuolo.it\/it\/#\/schema\/logo\/image\/"},"sameAs":["https:\/\/www.facebook.com\/Il-Crogiuolo-681876418491758"]}]}},"_links":{"self":[{"href":"https:\/\/ilcrogiuolo.it\/it\/wp-json\/wp\/v2\/product\/1761","targetHints":{"allow":["GET"]}}],"collection":[{"href":"https:\/\/ilcrogiuolo.it\/it\/wp-json\/wp\/v2\/product"}],"about":[{"href":"https:\/\/ilcrogiuolo.it\/it\/wp-json\/wp\/v2\/types\/product"}],"wp:featuredmedia":[{"embeddable":true,"href":"https:\/\/ilcrogiuolo.it\/it\/wp-json\/wp\/v2\/media\/56137"}],"wp:attachment":[{"href":"https:\/\/ilcrogiuolo.it\/it\/wp-json\/wp\/v2\/media?parent=1761"}],"wp:term":[{"taxonomy":"product_brand","embeddable":true,"href":"https:\/\/ilcrogiuolo.it\/it\/wp-json\/wp\/v2\/product_brand?post=1761"},{"taxonomy":"product_cat","embeddable":true,"href":"https:\/\/ilcrogiuolo.it\/it\/wp-json\/wp\/v2\/product_cat?post=1761"},{"taxonomy":"product_tag","embeddable":true,"href":"https:\/\/ilcrogiuolo.it\/it\/wp-json\/wp\/v2\/product_tag?post=1761"}],"curies":[{"name":"wp","href":"https:\/\/api.w.org\/{rel}","templated":true}]}}