{"id":1611,"date":"2020-01-14T17:03:37","date_gmt":"2020-01-14T16:03:37","guid":{"rendered":"https:\/\/ilcrogiuolo.it\/p\/kit-rituale-conjunto-candela-di-ze-pelintragioco-dazzardo\/"},"modified":"2022-03-18T15:47:55","modified_gmt":"2022-03-18T14:47:55","slug":"kit-rituale-conjunto-candela-di-ze-pelintragioco-dazzardo","status":"publish","type":"product","link":"https:\/\/ilcrogiuolo.it\/it\/p\/kit-rituale-conjunto-candela-di-ze-pelintragioco-dazzardo\/","title":{"rendered":"Kit Rituale &#8211; Conjunto &#8211; Candela di Z\u00e9 Pelintra gioco d\u2019azzardo"},"content":{"rendered":"<p>Ze Pelintra fa, secondo quanto si tramanda, arrivare i soldi, spezza le ferree leggi del caso e favorisce le vincite.<\/p>\n<p><strong>Oggi ancora pi\u00f9 completi<\/strong><\/p>\n<p>I kit contengono candele, olii, incensi e la traduzione fedele del modo tradizionale in cui vengono impiegati secondo la tradizione. Il Crogiuolo ve li propone come autentiche e originali curiosit\u00e0 magiche provenienti dai paesi di origine. L\u2019Ex\u00fa Z\u00e9 Pelintra \u00e8 l\u2019Ex\u00fa che sovraintende al gioco d\u2019azzardo, si tratta di un\u2019entit\u00e0 molto forte che \u00e8 in grado di propiziare, secondo quanto si tramanda, le vincite ed il successo in tutte le scommesse, nel gioco del lotto, totocalcio, lotterie e tutti i giochi che abbiano un premio che deriva pi\u00f9 dalla sorte che dai metodi individuali.\u00a0 La candela presente in questo kit raffigura proprio questo spirito e viene accesa assieme all\u2019omonimo defumador. Si accendono il defumador e la candela di luned\u00ec, con la luna crescente o piena, quindi si recita la sua orazione.<\/p>\n","protected":false},"excerpt":{"rendered":"<p>Ze Pelintra fa, secondo quanto si tramanda, arrivare i soldi, spezza le ferree leggi del caso e favorisce le vincite&#8230;.<\/p>\n","protected":false},"featured_media":32595,"template":"","meta":{"_acf_changed":false},"product_brand":[],"product_cat":[1079,1059,1275],"product_tag":[],"class_list":{"0":"post-1611","1":"product","2":"type-product","3":"status-publish","4":"has-post-thumbnail","6":"product_cat-rituali-afrobrasiliani-santeria","7":"product_cat-articoli-esoterici","8":"product_cat-kit-conjuntos-con-le-candele-del-santo","10":"first","11":"instock","12":"taxable","13":"shipping-taxable","14":"purchasable","15":"product-type-simple","16":"add-to-wishlist-before_image"},"acf":[],"yoast_head":"<!-- This site is optimized with the Yoast SEO plugin v26.9 - https:\/\/yoast.com\/product\/yoast-seo-wordpress\/ -->\n<title>Kit Rituale - Conjunto - Candela di Z\u00e9 Pelintra gioco d\u2019azzardo - Il Crogiuolo<\/title>\n<meta name=\"description\" content=\"Kit Rituale - Conjunto - Candela di Z\u00e9 Pelintra gioco d\u2019azzardo Ze Pelintra fa, secondo quanto si tramanda, arrivare i soldi, spezza le ferree leggi del caso e favorisce le vincite. Oggi ancora pi\u00f9 completi I kit\" \/>\n<meta name=\"robots\" content=\"index, follow, max-snippet:-1, max-image-preview:large, max-video-preview:-1\" \/>\n<link rel=\"canonical\" href=\"https:\/\/ilcrogiuolo.it\/it\/p\/kit-rituale-conjunto-candela-di-ze-pelintragioco-dazzardo\/\" \/>\n<meta property=\"og:locale\" content=\"it_IT\" \/>\n<meta property=\"og:type\" content=\"article\" \/>\n<meta property=\"og:title\" content=\"Kit Rituale - Conjunto - Candela di Z\u00e9 Pelintra gioco d\u2019azzardo - Il Crogiuolo\" \/>\n<meta property=\"og:description\" content=\"Kit Rituale - Conjunto - Candela di Z\u00e9 Pelintra gioco d\u2019azzardo Ze Pelintra fa, secondo quanto si tramanda, arrivare i soldi, spezza le ferree leggi del caso e favorisce le vincite. Oggi ancora pi\u00f9 completi I kit\" \/>\n<meta property=\"og:url\" content=\"https:\/\/ilcrogiuolo.it\/it\/p\/kit-rituale-conjunto-candela-di-ze-pelintragioco-dazzardo\/\" \/>\n<meta property=\"og:site_name\" content=\"Il Crogiuolo\" \/>\n<meta property=\"article:publisher\" content=\"https:\/\/www.facebook.com\/Il-Crogiuolo-681876418491758\" \/>\n<meta property=\"article:modified_time\" content=\"2022-03-18T14:47:55+00:00\" \/>\n<meta property=\"og:image\" content=\"https:\/\/ilcrogiuolo.it\/wp-content\/uploads\/2020\/01\/RITUALE-PELINTRA.jpg\" \/>\n\t<meta property=\"og:image:width\" content=\"1000\" \/>\n\t<meta property=\"og:image:height\" content=\"1000\" \/>\n\t<meta property=\"og:image:type\" content=\"image\/jpeg\" \/>\n<meta name=\"twitter:card\" content=\"summary_large_image\" \/>\n<meta name=\"twitter:label1\" content=\"Tempo di lettura stimato\" \/>\n\t<meta name=\"twitter:data1\" content=\"1 minuto\" \/>\n<script type=\"application\/ld+json\" class=\"yoast-schema-graph\">{\"@context\":\"https:\/\/schema.org\",\"@graph\":[{\"@type\":\"WebPage\",\"@id\":\"https:\/\/ilcrogiuolo.it\/it\/p\/kit-rituale-conjunto-candela-di-ze-pelintragioco-dazzardo\/\",\"url\":\"https:\/\/ilcrogiuolo.it\/it\/p\/kit-rituale-conjunto-candela-di-ze-pelintragioco-dazzardo\/\",\"name\":\"Kit Rituale - Conjunto - Candela di Z\u00e9 Pelintra gioco d\u2019azzardo - Il Crogiuolo\",\"isPartOf\":{\"@id\":\"https:\/\/ilcrogiuolo.it\/it\/#website\"},\"primaryImageOfPage\":{\"@id\":\"https:\/\/ilcrogiuolo.it\/it\/p\/kit-rituale-conjunto-candela-di-ze-pelintragioco-dazzardo\/#primaryimage\"},\"image\":{\"@id\":\"https:\/\/ilcrogiuolo.it\/it\/p\/kit-rituale-conjunto-candela-di-ze-pelintragioco-dazzardo\/#primaryimage\"},\"thumbnailUrl\":\"https:\/\/ilcrogiuolo.it\/wp-content\/uploads\/2020\/01\/RITUALE-PELINTRA.jpg\",\"datePublished\":\"2020-01-14T16:03:37+00:00\",\"dateModified\":\"2022-03-18T14:47:55+00:00\",\"description\":\"Kit Rituale - Conjunto - Candela di Z\u00e9 Pelintra gioco d\u2019azzardo Ze Pelintra fa, secondo quanto si tramanda, arrivare i soldi, spezza le ferree leggi del caso e favorisce le vincite. Oggi ancora pi\u00f9 completi I kit\",\"breadcrumb\":{\"@id\":\"https:\/\/ilcrogiuolo.it\/it\/p\/kit-rituale-conjunto-candela-di-ze-pelintragioco-dazzardo\/#breadcrumb\"},\"inLanguage\":\"it-IT\",\"potentialAction\":[{\"@type\":\"ReadAction\",\"target\":[\"https:\/\/ilcrogiuolo.it\/it\/p\/kit-rituale-conjunto-candela-di-ze-pelintragioco-dazzardo\/\"]}]},{\"@type\":\"ImageObject\",\"inLanguage\":\"it-IT\",\"@id\":\"https:\/\/ilcrogiuolo.it\/it\/p\/kit-rituale-conjunto-candela-di-ze-pelintragioco-dazzardo\/#primaryimage\",\"url\":\"https:\/\/ilcrogiuolo.it\/wp-content\/uploads\/2020\/01\/RITUALE-PELINTRA.jpg\",\"contentUrl\":\"https:\/\/ilcrogiuolo.it\/wp-content\/uploads\/2020\/01\/RITUALE-PELINTRA.jpg\",\"width\":1000,\"height\":1000},{\"@type\":\"BreadcrumbList\",\"@id\":\"https:\/\/ilcrogiuolo.it\/it\/p\/kit-rituale-conjunto-candela-di-ze-pelintragioco-dazzardo\/#breadcrumb\",\"itemListElement\":[{\"@type\":\"ListItem\",\"position\":1,\"name\":\"Home\",\"item\":\"https:\/\/ilcrogiuolo.it\/it\/\"},{\"@type\":\"ListItem\",\"position\":2,\"name\":\"Shop\",\"item\":\"https:\/\/ilcrogiuolo.it\/it\/negozio\/\"},{\"@type\":\"ListItem\",\"position\":3,\"name\":\"Kit Rituale &#8211; Conjunto &#8211; Candela di Z\u00e9 Pelintra gioco d\u2019azzardo\"}]},{\"@type\":\"WebSite\",\"@id\":\"https:\/\/ilcrogiuolo.it\/it\/#website\",\"url\":\"https:\/\/ilcrogiuolo.it\/it\/\",\"name\":\"Il Crogiuolo\",\"description\":\"\",\"publisher\":{\"@id\":\"https:\/\/ilcrogiuolo.it\/it\/#organization\"},\"potentialAction\":[{\"@type\":\"SearchAction\",\"target\":{\"@type\":\"EntryPoint\",\"urlTemplate\":\"https:\/\/ilcrogiuolo.it\/it\/?s={search_term_string}\"},\"query-input\":{\"@type\":\"PropertyValueSpecification\",\"valueRequired\":true,\"valueName\":\"search_term_string\"}}],\"inLanguage\":\"it-IT\"},{\"@type\":\"Organization\",\"@id\":\"https:\/\/ilcrogiuolo.it\/it\/#organization\",\"name\":\"Il Crogiuolo\",\"url\":\"https:\/\/ilcrogiuolo.it\/it\/\",\"logo\":{\"@type\":\"ImageObject\",\"inLanguage\":\"it-IT\",\"@id\":\"https:\/\/ilcrogiuolo.it\/it\/#\/schema\/logo\/image\/\",\"url\":\"https:\/\/ilcrogiuolo.it\/wp-content\/uploads\/2020\/04\/logo.png\",\"contentUrl\":\"https:\/\/ilcrogiuolo.it\/wp-content\/uploads\/2020\/04\/logo.png\",\"width\":200,\"height\":49,\"caption\":\"Il Crogiuolo\"},\"image\":{\"@id\":\"https:\/\/ilcrogiuolo.it\/it\/#\/schema\/logo\/image\/\"},\"sameAs\":[\"https:\/\/www.facebook.com\/Il-Crogiuolo-681876418491758\"]}]}<\/script>\n<!-- \/ Yoast SEO plugin. -->","yoast_head_json":{"title":"Kit Rituale - Conjunto - Candela di Z\u00e9 Pelintra gioco d\u2019azzardo - Il Crogiuolo","description":"Kit Rituale - Conjunto - Candela di Z\u00e9 Pelintra gioco d\u2019azzardo Ze Pelintra fa, secondo quanto si tramanda, arrivare i soldi, spezza le ferree leggi del caso e favorisce le vincite. Oggi ancora pi\u00f9 completi I kit","robots":{"index":"index","follow":"follow","max-snippet":"max-snippet:-1","max-image-preview":"max-image-preview:large","max-video-preview":"max-video-preview:-1"},"canonical":"https:\/\/ilcrogiuolo.it\/it\/p\/kit-rituale-conjunto-candela-di-ze-pelintragioco-dazzardo\/","og_locale":"it_IT","og_type":"article","og_title":"Kit Rituale - Conjunto - Candela di Z\u00e9 Pelintra gioco d\u2019azzardo - Il Crogiuolo","og_description":"Kit Rituale - Conjunto - Candela di Z\u00e9 Pelintra gioco d\u2019azzardo Ze Pelintra fa, secondo quanto si tramanda, arrivare i soldi, spezza le ferree leggi del caso e favorisce le vincite. Oggi ancora pi\u00f9 completi I kit","og_url":"https:\/\/ilcrogiuolo.it\/it\/p\/kit-rituale-conjunto-candela-di-ze-pelintragioco-dazzardo\/","og_site_name":"Il Crogiuolo","article_publisher":"https:\/\/www.facebook.com\/Il-Crogiuolo-681876418491758","article_modified_time":"2022-03-18T14:47:55+00:00","og_image":[{"width":1000,"height":1000,"url":"https:\/\/ilcrogiuolo.it\/wp-content\/uploads\/2020\/01\/RITUALE-PELINTRA.jpg","type":"image\/jpeg"}],"twitter_card":"summary_large_image","twitter_misc":{"Tempo di lettura stimato":"1 minuto"},"schema":{"@context":"https:\/\/schema.org","@graph":[{"@type":"WebPage","@id":"https:\/\/ilcrogiuolo.it\/it\/p\/kit-rituale-conjunto-candela-di-ze-pelintragioco-dazzardo\/","url":"https:\/\/ilcrogiuolo.it\/it\/p\/kit-rituale-conjunto-candela-di-ze-pelintragioco-dazzardo\/","name":"Kit Rituale - Conjunto - Candela di Z\u00e9 Pelintra gioco d\u2019azzardo - Il Crogiuolo","isPartOf":{"@id":"https:\/\/ilcrogiuolo.it\/it\/#website"},"primaryImageOfPage":{"@id":"https:\/\/ilcrogiuolo.it\/it\/p\/kit-rituale-conjunto-candela-di-ze-pelintragioco-dazzardo\/#primaryimage"},"image":{"@id":"https:\/\/ilcrogiuolo.it\/it\/p\/kit-rituale-conjunto-candela-di-ze-pelintragioco-dazzardo\/#primaryimage"},"thumbnailUrl":"https:\/\/ilcrogiuolo.it\/wp-content\/uploads\/2020\/01\/RITUALE-PELINTRA.jpg","datePublished":"2020-01-14T16:03:37+00:00","dateModified":"2022-03-18T14:47:55+00:00","description":"Kit Rituale - Conjunto - Candela di Z\u00e9 Pelintra gioco d\u2019azzardo Ze Pelintra fa, secondo quanto si tramanda, arrivare i soldi, spezza le ferree leggi del caso e favorisce le vincite. Oggi ancora pi\u00f9 completi I kit","breadcrumb":{"@id":"https:\/\/ilcrogiuolo.it\/it\/p\/kit-rituale-conjunto-candela-di-ze-pelintragioco-dazzardo\/#breadcrumb"},"inLanguage":"it-IT","potentialAction":[{"@type":"ReadAction","target":["https:\/\/ilcrogiuolo.it\/it\/p\/kit-rituale-conjunto-candela-di-ze-pelintragioco-dazzardo\/"]}]},{"@type":"ImageObject","inLanguage":"it-IT","@id":"https:\/\/ilcrogiuolo.it\/it\/p\/kit-rituale-conjunto-candela-di-ze-pelintragioco-dazzardo\/#primaryimage","url":"https:\/\/ilcrogiuolo.it\/wp-content\/uploads\/2020\/01\/RITUALE-PELINTRA.jpg","contentUrl":"https:\/\/ilcrogiuolo.it\/wp-content\/uploads\/2020\/01\/RITUALE-PELINTRA.jpg","width":1000,"height":1000},{"@type":"BreadcrumbList","@id":"https:\/\/ilcrogiuolo.it\/it\/p\/kit-rituale-conjunto-candela-di-ze-pelintragioco-dazzardo\/#breadcrumb","itemListElement":[{"@type":"ListItem","position":1,"name":"Home","item":"https:\/\/ilcrogiuolo.it\/it\/"},{"@type":"ListItem","position":2,"name":"Shop","item":"https:\/\/ilcrogiuolo.it\/it\/negozio\/"},{"@type":"ListItem","position":3,"name":"Kit Rituale &#8211; Conjunto &#8211; Candela di Z\u00e9 Pelintra gioco d\u2019azzardo"}]},{"@type":"WebSite","@id":"https:\/\/ilcrogiuolo.it\/it\/#website","url":"https:\/\/ilcrogiuolo.it\/it\/","name":"Il Crogiuolo","description":"","publisher":{"@id":"https:\/\/ilcrogiuolo.it\/it\/#organization"},"potentialAction":[{"@type":"SearchAction","target":{"@type":"EntryPoint","urlTemplate":"https:\/\/ilcrogiuolo.it\/it\/?s={search_term_string}"},"query-input":{"@type":"PropertyValueSpecification","valueRequired":true,"valueName":"search_term_string"}}],"inLanguage":"it-IT"},{"@type":"Organization","@id":"https:\/\/ilcrogiuolo.it\/it\/#organization","name":"Il Crogiuolo","url":"https:\/\/ilcrogiuolo.it\/it\/","logo":{"@type":"ImageObject","inLanguage":"it-IT","@id":"https:\/\/ilcrogiuolo.it\/it\/#\/schema\/logo\/image\/","url":"https:\/\/ilcrogiuolo.it\/wp-content\/uploads\/2020\/04\/logo.png","contentUrl":"https:\/\/ilcrogiuolo.it\/wp-content\/uploads\/2020\/04\/logo.png","width":200,"height":49,"caption":"Il Crogiuolo"},"image":{"@id":"https:\/\/ilcrogiuolo.it\/it\/#\/schema\/logo\/image\/"},"sameAs":["https:\/\/www.facebook.com\/Il-Crogiuolo-681876418491758"]}]}},"_links":{"self":[{"href":"https:\/\/ilcrogiuolo.it\/it\/wp-json\/wp\/v2\/product\/1611","targetHints":{"allow":["GET"]}}],"collection":[{"href":"https:\/\/ilcrogiuolo.it\/it\/wp-json\/wp\/v2\/product"}],"about":[{"href":"https:\/\/ilcrogiuolo.it\/it\/wp-json\/wp\/v2\/types\/product"}],"wp:featuredmedia":[{"embeddable":true,"href":"https:\/\/ilcrogiuolo.it\/it\/wp-json\/wp\/v2\/media\/32595"}],"wp:attachment":[{"href":"https:\/\/ilcrogiuolo.it\/it\/wp-json\/wp\/v2\/media?parent=1611"}],"wp:term":[{"taxonomy":"product_brand","embeddable":true,"href":"https:\/\/ilcrogiuolo.it\/it\/wp-json\/wp\/v2\/product_brand?post=1611"},{"taxonomy":"product_cat","embeddable":true,"href":"https:\/\/ilcrogiuolo.it\/it\/wp-json\/wp\/v2\/product_cat?post=1611"},{"taxonomy":"product_tag","embeddable":true,"href":"https:\/\/ilcrogiuolo.it\/it\/wp-json\/wp\/v2\/product_tag?post=1611"}],"curies":[{"name":"wp","href":"https:\/\/api.w.org\/{rel}","templated":true}]}}