{"id":1608,"date":"2020-01-14T17:03:33","date_gmt":"2020-01-14T16:03:33","guid":{"rendered":"https:\/\/ilcrogiuolo.it\/p\/kit-rituale-conjunto-7-dias-candela-povo-da-rua-rossa-e-nera\/"},"modified":"2021-12-16T16:54:53","modified_gmt":"2021-12-16T15:54:53","slug":"kit-rituale-conjunto-7-dias-candela-povo-da-rua-rossa-e-nera","status":"publish","type":"product","link":"https:\/\/ilcrogiuolo.it\/it\/p\/kit-rituale-conjunto-7-dias-candela-povo-da-rua-rossa-e-nera\/","title":{"rendered":"Kit Rituale &#8211; Conjunto  7 Dias &#8211; Candela Povo da Rua    rossa e nera"},"content":{"rendered":"<p>E\u2019 la vera candela del Popolo della Strada, tutte quelle entit\u00e0, cio\u00e9 che gravitano attorno ad Ex\u00fa ed alla sua controparte femminile, Pomba Gira. Questo cero bicolore viene offerto ad Ex\u00fa come candela votiva, ma viene anche impiegato in riti di magia bianca, rossa e nera, infatti l\u2019energia di questa entit\u00e0 pu\u00f2 essere tradizionalmente diretta sia al bene che al male. L\u2019uso della candela \u00e8 piuttosto vario, ma \u00e8 bene sempre accompagnarla da un defumador di Ex\u00fa o di Pomba Gira a seconda dei casi. Si ricorre alla candela Povo da Rua, secondo la tradizione, per sbloccare situazioni stagnanti, per dominare un nemico, per punire un avversario, ma anche per contrastare qualche entit\u00e0 del basso astrale o qualche Ex\u00fa poco socievole. Si usa anche per favorire l\u2019esito di un processo, anche se la ragione sembra darci torto. E\u2019 molto raccomandata in tutti i rituali dell\u2019Ex\u00fa Tranca Ruas, il grande guardiano dei nostri corpi e dei nostri spiriti, la pi\u00f9 grande e potente energia di protezione. E\u2019 di grande aiuto tenere questo cero acceso dietro la porta di casa in onore di Tranca Ruas.<\/p>\n<p><strong>Oggi ancora pi\u00f9 completi<br \/>\nNovit\u00e0! Nei kit rituali legati alle Entit\u00e0 troverete in omaggio una bellissima stampa che li rappresenta.<\/strong><\/p>\n<p>La confezione comprende: 1 Candela Sete Dias, 1 conf. defumadores atti allo scopo, l&#8217;olio esoterico appropriato e le istruzioni per l&#8217;uso. Potete aggiungere polveri adatte per potenziarne o mirarne gli effetti.<\/p>\n","protected":false},"excerpt":{"rendered":"<p>E\u2019 la vera candela del Popolo della Strada, tutte quelle entit\u00e0, cio\u00e9 che gravitano attorno ad Ex\u00fa ed alla sua&#8230;<\/p>\n","protected":false},"featured_media":32611,"template":"","meta":{"_acf_changed":false},"product_brand":[],"product_cat":[1079,1059,1274],"product_tag":[],"class_list":{"0":"post-1608","1":"product","2":"type-product","3":"status-publish","4":"has-post-thumbnail","6":"product_cat-rituali-afrobrasiliani-santeria","7":"product_cat-articoli-esoterici","8":"product_cat-kit-conjuntos-con-le-candele-sete-dias","10":"first","11":"instock","12":"taxable","13":"shipping-taxable","14":"purchasable","15":"product-type-simple","16":"add-to-wishlist-before_image"},"acf":[],"yoast_head":"<!-- This site is optimized with the Yoast SEO plugin v26.9 - https:\/\/yoast.com\/product\/yoast-seo-wordpress\/ -->\n<title>Kit Rituale - Conjunto 7 Dias - Candela Povo da Rua  rossa e nera - Il Crogiuolo<\/title>\n<meta name=\"description\" content=\"Kit Rituale - Conjunto 7 Dias - Candela Povo da Rua  rossa e nera E\u2019 la vera candela del Popolo della Strada, tutte quelle entit\u00e0, cio\u00e9 che gravitano attorno ad Ex\u00fa ed alla sua controparte femminile, Pomba Gira. Questo\" \/>\n<meta name=\"robots\" content=\"index, follow, max-snippet:-1, max-image-preview:large, max-video-preview:-1\" \/>\n<link rel=\"canonical\" href=\"https:\/\/ilcrogiuolo.it\/it\/p\/kit-rituale-conjunto-7-dias-candela-povo-da-rua-rossa-e-nera\/\" \/>\n<meta property=\"og:locale\" content=\"it_IT\" \/>\n<meta property=\"og:type\" content=\"article\" \/>\n<meta property=\"og:title\" content=\"Kit Rituale - Conjunto 7 Dias - Candela Povo da Rua  rossa e nera - Il Crogiuolo\" \/>\n<meta property=\"og:description\" content=\"Kit Rituale - Conjunto 7 Dias - Candela Povo da Rua  rossa e nera E\u2019 la vera candela del Popolo della Strada, tutte quelle entit\u00e0, cio\u00e9 che gravitano attorno ad Ex\u00fa ed alla sua controparte femminile, Pomba Gira. Questo\" \/>\n<meta property=\"og:url\" content=\"https:\/\/ilcrogiuolo.it\/it\/p\/kit-rituale-conjunto-7-dias-candela-povo-da-rua-rossa-e-nera\/\" \/>\n<meta property=\"og:site_name\" content=\"Il Crogiuolo\" \/>\n<meta property=\"article:publisher\" content=\"https:\/\/www.facebook.com\/Il-Crogiuolo-681876418491758\" \/>\n<meta property=\"article:modified_time\" content=\"2021-12-16T15:54:53+00:00\" \/>\n<meta property=\"og:image\" content=\"https:\/\/ilcrogiuolo.it\/wp-content\/uploads\/2020\/01\/povo-da-rua.jpg\" \/>\n\t<meta property=\"og:image:width\" content=\"1000\" \/>\n\t<meta property=\"og:image:height\" content=\"1000\" \/>\n\t<meta property=\"og:image:type\" content=\"image\/jpeg\" \/>\n<meta name=\"twitter:card\" content=\"summary_large_image\" \/>\n<meta name=\"twitter:label1\" content=\"Tempo di lettura stimato\" \/>\n\t<meta name=\"twitter:data1\" content=\"2 minuti\" \/>\n<script type=\"application\/ld+json\" class=\"yoast-schema-graph\">{\"@context\":\"https:\/\/schema.org\",\"@graph\":[{\"@type\":\"WebPage\",\"@id\":\"https:\/\/ilcrogiuolo.it\/it\/p\/kit-rituale-conjunto-7-dias-candela-povo-da-rua-rossa-e-nera\/\",\"url\":\"https:\/\/ilcrogiuolo.it\/it\/p\/kit-rituale-conjunto-7-dias-candela-povo-da-rua-rossa-e-nera\/\",\"name\":\"Kit Rituale - Conjunto 7 Dias - Candela Povo da Rua rossa e nera - Il Crogiuolo\",\"isPartOf\":{\"@id\":\"https:\/\/ilcrogiuolo.it\/it\/#website\"},\"primaryImageOfPage\":{\"@id\":\"https:\/\/ilcrogiuolo.it\/it\/p\/kit-rituale-conjunto-7-dias-candela-povo-da-rua-rossa-e-nera\/#primaryimage\"},\"image\":{\"@id\":\"https:\/\/ilcrogiuolo.it\/it\/p\/kit-rituale-conjunto-7-dias-candela-povo-da-rua-rossa-e-nera\/#primaryimage\"},\"thumbnailUrl\":\"https:\/\/ilcrogiuolo.it\/wp-content\/uploads\/2020\/01\/povo-da-rua.jpg\",\"datePublished\":\"2020-01-14T16:03:33+00:00\",\"dateModified\":\"2021-12-16T15:54:53+00:00\",\"description\":\"Kit Rituale - Conjunto 7 Dias - Candela Povo da Rua rossa e nera E\u2019 la vera candela del Popolo della Strada, tutte quelle entit\u00e0, cio\u00e9 che gravitano attorno ad Ex\u00fa ed alla sua controparte femminile, Pomba Gira. Questo\",\"breadcrumb\":{\"@id\":\"https:\/\/ilcrogiuolo.it\/it\/p\/kit-rituale-conjunto-7-dias-candela-povo-da-rua-rossa-e-nera\/#breadcrumb\"},\"inLanguage\":\"it-IT\",\"potentialAction\":[{\"@type\":\"ReadAction\",\"target\":[\"https:\/\/ilcrogiuolo.it\/it\/p\/kit-rituale-conjunto-7-dias-candela-povo-da-rua-rossa-e-nera\/\"]}]},{\"@type\":\"ImageObject\",\"inLanguage\":\"it-IT\",\"@id\":\"https:\/\/ilcrogiuolo.it\/it\/p\/kit-rituale-conjunto-7-dias-candela-povo-da-rua-rossa-e-nera\/#primaryimage\",\"url\":\"https:\/\/ilcrogiuolo.it\/wp-content\/uploads\/2020\/01\/povo-da-rua.jpg\",\"contentUrl\":\"https:\/\/ilcrogiuolo.it\/wp-content\/uploads\/2020\/01\/povo-da-rua.jpg\",\"width\":1000,\"height\":1000},{\"@type\":\"BreadcrumbList\",\"@id\":\"https:\/\/ilcrogiuolo.it\/it\/p\/kit-rituale-conjunto-7-dias-candela-povo-da-rua-rossa-e-nera\/#breadcrumb\",\"itemListElement\":[{\"@type\":\"ListItem\",\"position\":1,\"name\":\"Home\",\"item\":\"https:\/\/ilcrogiuolo.it\/it\/\"},{\"@type\":\"ListItem\",\"position\":2,\"name\":\"Shop\",\"item\":\"https:\/\/ilcrogiuolo.it\/it\/negozio\/\"},{\"@type\":\"ListItem\",\"position\":3,\"name\":\"Kit Rituale &#8211; Conjunto 7 Dias &#8211; Candela Povo da Rua rossa e nera\"}]},{\"@type\":\"WebSite\",\"@id\":\"https:\/\/ilcrogiuolo.it\/it\/#website\",\"url\":\"https:\/\/ilcrogiuolo.it\/it\/\",\"name\":\"Il Crogiuolo\",\"description\":\"\",\"publisher\":{\"@id\":\"https:\/\/ilcrogiuolo.it\/it\/#organization\"},\"potentialAction\":[{\"@type\":\"SearchAction\",\"target\":{\"@type\":\"EntryPoint\",\"urlTemplate\":\"https:\/\/ilcrogiuolo.it\/it\/?s={search_term_string}\"},\"query-input\":{\"@type\":\"PropertyValueSpecification\",\"valueRequired\":true,\"valueName\":\"search_term_string\"}}],\"inLanguage\":\"it-IT\"},{\"@type\":\"Organization\",\"@id\":\"https:\/\/ilcrogiuolo.it\/it\/#organization\",\"name\":\"Il Crogiuolo\",\"url\":\"https:\/\/ilcrogiuolo.it\/it\/\",\"logo\":{\"@type\":\"ImageObject\",\"inLanguage\":\"it-IT\",\"@id\":\"https:\/\/ilcrogiuolo.it\/it\/#\/schema\/logo\/image\/\",\"url\":\"https:\/\/ilcrogiuolo.it\/wp-content\/uploads\/2020\/04\/logo.png\",\"contentUrl\":\"https:\/\/ilcrogiuolo.it\/wp-content\/uploads\/2020\/04\/logo.png\",\"width\":200,\"height\":49,\"caption\":\"Il Crogiuolo\"},\"image\":{\"@id\":\"https:\/\/ilcrogiuolo.it\/it\/#\/schema\/logo\/image\/\"},\"sameAs\":[\"https:\/\/www.facebook.com\/Il-Crogiuolo-681876418491758\"]}]}<\/script>\n<!-- \/ Yoast SEO plugin. -->","yoast_head_json":{"title":"Kit Rituale - Conjunto 7 Dias - Candela Povo da Rua  rossa e nera - Il Crogiuolo","description":"Kit Rituale - Conjunto 7 Dias - Candela Povo da Rua  rossa e nera E\u2019 la vera candela del Popolo della Strada, tutte quelle entit\u00e0, cio\u00e9 che gravitano attorno ad Ex\u00fa ed alla sua controparte femminile, Pomba Gira. Questo","robots":{"index":"index","follow":"follow","max-snippet":"max-snippet:-1","max-image-preview":"max-image-preview:large","max-video-preview":"max-video-preview:-1"},"canonical":"https:\/\/ilcrogiuolo.it\/it\/p\/kit-rituale-conjunto-7-dias-candela-povo-da-rua-rossa-e-nera\/","og_locale":"it_IT","og_type":"article","og_title":"Kit Rituale - Conjunto 7 Dias - Candela Povo da Rua  rossa e nera - Il Crogiuolo","og_description":"Kit Rituale - Conjunto 7 Dias - Candela Povo da Rua  rossa e nera E\u2019 la vera candela del Popolo della Strada, tutte quelle entit\u00e0, cio\u00e9 che gravitano attorno ad Ex\u00fa ed alla sua controparte femminile, Pomba Gira. Questo","og_url":"https:\/\/ilcrogiuolo.it\/it\/p\/kit-rituale-conjunto-7-dias-candela-povo-da-rua-rossa-e-nera\/","og_site_name":"Il Crogiuolo","article_publisher":"https:\/\/www.facebook.com\/Il-Crogiuolo-681876418491758","article_modified_time":"2021-12-16T15:54:53+00:00","og_image":[{"width":1000,"height":1000,"url":"https:\/\/ilcrogiuolo.it\/wp-content\/uploads\/2020\/01\/povo-da-rua.jpg","type":"image\/jpeg"}],"twitter_card":"summary_large_image","twitter_misc":{"Tempo di lettura stimato":"2 minuti"},"schema":{"@context":"https:\/\/schema.org","@graph":[{"@type":"WebPage","@id":"https:\/\/ilcrogiuolo.it\/it\/p\/kit-rituale-conjunto-7-dias-candela-povo-da-rua-rossa-e-nera\/","url":"https:\/\/ilcrogiuolo.it\/it\/p\/kit-rituale-conjunto-7-dias-candela-povo-da-rua-rossa-e-nera\/","name":"Kit Rituale - Conjunto 7 Dias - Candela Povo da Rua rossa e nera - Il Crogiuolo","isPartOf":{"@id":"https:\/\/ilcrogiuolo.it\/it\/#website"},"primaryImageOfPage":{"@id":"https:\/\/ilcrogiuolo.it\/it\/p\/kit-rituale-conjunto-7-dias-candela-povo-da-rua-rossa-e-nera\/#primaryimage"},"image":{"@id":"https:\/\/ilcrogiuolo.it\/it\/p\/kit-rituale-conjunto-7-dias-candela-povo-da-rua-rossa-e-nera\/#primaryimage"},"thumbnailUrl":"https:\/\/ilcrogiuolo.it\/wp-content\/uploads\/2020\/01\/povo-da-rua.jpg","datePublished":"2020-01-14T16:03:33+00:00","dateModified":"2021-12-16T15:54:53+00:00","description":"Kit Rituale - Conjunto 7 Dias - Candela Povo da Rua rossa e nera E\u2019 la vera candela del Popolo della Strada, tutte quelle entit\u00e0, cio\u00e9 che gravitano attorno ad Ex\u00fa ed alla sua controparte femminile, Pomba Gira. Questo","breadcrumb":{"@id":"https:\/\/ilcrogiuolo.it\/it\/p\/kit-rituale-conjunto-7-dias-candela-povo-da-rua-rossa-e-nera\/#breadcrumb"},"inLanguage":"it-IT","potentialAction":[{"@type":"ReadAction","target":["https:\/\/ilcrogiuolo.it\/it\/p\/kit-rituale-conjunto-7-dias-candela-povo-da-rua-rossa-e-nera\/"]}]},{"@type":"ImageObject","inLanguage":"it-IT","@id":"https:\/\/ilcrogiuolo.it\/it\/p\/kit-rituale-conjunto-7-dias-candela-povo-da-rua-rossa-e-nera\/#primaryimage","url":"https:\/\/ilcrogiuolo.it\/wp-content\/uploads\/2020\/01\/povo-da-rua.jpg","contentUrl":"https:\/\/ilcrogiuolo.it\/wp-content\/uploads\/2020\/01\/povo-da-rua.jpg","width":1000,"height":1000},{"@type":"BreadcrumbList","@id":"https:\/\/ilcrogiuolo.it\/it\/p\/kit-rituale-conjunto-7-dias-candela-povo-da-rua-rossa-e-nera\/#breadcrumb","itemListElement":[{"@type":"ListItem","position":1,"name":"Home","item":"https:\/\/ilcrogiuolo.it\/it\/"},{"@type":"ListItem","position":2,"name":"Shop","item":"https:\/\/ilcrogiuolo.it\/it\/negozio\/"},{"@type":"ListItem","position":3,"name":"Kit Rituale &#8211; Conjunto 7 Dias &#8211; Candela Povo da Rua rossa e nera"}]},{"@type":"WebSite","@id":"https:\/\/ilcrogiuolo.it\/it\/#website","url":"https:\/\/ilcrogiuolo.it\/it\/","name":"Il Crogiuolo","description":"","publisher":{"@id":"https:\/\/ilcrogiuolo.it\/it\/#organization"},"potentialAction":[{"@type":"SearchAction","target":{"@type":"EntryPoint","urlTemplate":"https:\/\/ilcrogiuolo.it\/it\/?s={search_term_string}"},"query-input":{"@type":"PropertyValueSpecification","valueRequired":true,"valueName":"search_term_string"}}],"inLanguage":"it-IT"},{"@type":"Organization","@id":"https:\/\/ilcrogiuolo.it\/it\/#organization","name":"Il Crogiuolo","url":"https:\/\/ilcrogiuolo.it\/it\/","logo":{"@type":"ImageObject","inLanguage":"it-IT","@id":"https:\/\/ilcrogiuolo.it\/it\/#\/schema\/logo\/image\/","url":"https:\/\/ilcrogiuolo.it\/wp-content\/uploads\/2020\/04\/logo.png","contentUrl":"https:\/\/ilcrogiuolo.it\/wp-content\/uploads\/2020\/04\/logo.png","width":200,"height":49,"caption":"Il Crogiuolo"},"image":{"@id":"https:\/\/ilcrogiuolo.it\/it\/#\/schema\/logo\/image\/"},"sameAs":["https:\/\/www.facebook.com\/Il-Crogiuolo-681876418491758"]}]}},"_links":{"self":[{"href":"https:\/\/ilcrogiuolo.it\/it\/wp-json\/wp\/v2\/product\/1608","targetHints":{"allow":["GET"]}}],"collection":[{"href":"https:\/\/ilcrogiuolo.it\/it\/wp-json\/wp\/v2\/product"}],"about":[{"href":"https:\/\/ilcrogiuolo.it\/it\/wp-json\/wp\/v2\/types\/product"}],"wp:featuredmedia":[{"embeddable":true,"href":"https:\/\/ilcrogiuolo.it\/it\/wp-json\/wp\/v2\/media\/32611"}],"wp:attachment":[{"href":"https:\/\/ilcrogiuolo.it\/it\/wp-json\/wp\/v2\/media?parent=1608"}],"wp:term":[{"taxonomy":"product_brand","embeddable":true,"href":"https:\/\/ilcrogiuolo.it\/it\/wp-json\/wp\/v2\/product_brand?post=1608"},{"taxonomy":"product_cat","embeddable":true,"href":"https:\/\/ilcrogiuolo.it\/it\/wp-json\/wp\/v2\/product_cat?post=1608"},{"taxonomy":"product_tag","embeddable":true,"href":"https:\/\/ilcrogiuolo.it\/it\/wp-json\/wp\/v2\/product_tag?post=1608"}],"curies":[{"name":"wp","href":"https:\/\/api.w.org\/{rel}","templated":true}]}}