{"id":1593,"date":"2020-01-14T17:03:33","date_gmt":"2020-01-14T16:03:33","guid":{"rendered":"https:\/\/ilcrogiuolo.it\/p\/kit-rituale-conjunto-7-dias-candela-di-nana-violetta\/"},"modified":"2021-12-16T16:53:51","modified_gmt":"2021-12-16T15:53:51","slug":"kit-rituale-conjunto-7-dias-candela-di-nana-violetta","status":"publish","type":"product","link":"https:\/\/ilcrogiuolo.it\/it\/p\/kit-rituale-conjunto-7-dias-candela-di-nana-violetta\/","title":{"rendered":"Kit Rituale &#8211; Conjunto  7 Dias &#8211; Candela di Nan\u00e3    violetta"},"content":{"rendered":"<p>La nonna di tutti i Santi \u00e8 Nan\u00e3, sincretizzata con Sant\u2019Anna, la madre di Maria e perci\u00f2 di Yemanj\u00e1. Le candele di questo colore si usano sempre in concomitanza del defumador di Nan\u00e3, della polvere, dell&#8217;olio&#8230;etc&#8230;. Nan\u00e3 viene invocata nelle protezioni della casa, per difendere i bambini e tutelarli dai pericoli che possono provenire dall\u2019esterno. L\u2019uso di questa candela \u00e8 anche indicato per riuscire ad essere indipendenti, per propiziare la castit\u00e0 e favorire le esperienze spirituali, medianit\u00e0 compresa. Essendo una Santa vecchia \u00e8 molto attenta alla morale, pertanto \u00e8, non solo la protettrice delle suocere, ma anche colei che veglia sulle coppie di sposi affinch\u00e9 tutto proceda per il verso giusto ed entrambi si comportino in maniera confacente. Domina i generi e le nuore con tirannica volont\u00e0, inoltre tutela le riappacificazioni. Questo cero viene acceso di marted\u00ec, con la luna crescente o calante a seconda degli scopi che si desiderano perseguire. Ogni giorno si accende il defumador e si recita la preghiera. Se si deve influire su una casa occorrer\u00e0 lavare i pavimenti con il fluido Descarrego do Lar nella fase calante e Harmonia do Lar in quella crescente. Il giorno migliore per iniziare \u00e8 il marted\u00ec.<\/p>\n<p><strong>Oggi ancora pi\u00f9 completi<br \/>\nNovit\u00e0! Nei kit rituali legati alle Entit\u00e0 troverete in omaggio una bellissima stampa che li rappresenta.<\/strong><\/p>\n<p>La confezione comprende: 1 Candela Sete Dias, 1 conf. defumadores atti allo scopo, l&#8217;olio esoterico appropriato e le istruzioni per l&#8217;uso. Potete aggiungere polveri adatte per potenziarne o mirarne gli effetti.<\/p>\n","protected":false},"excerpt":{"rendered":"<p>La nonna di tutti i Santi \u00e8 Nan\u00e3, sincretizzata con Sant\u2019Anna, la madre di Maria e perci\u00f2 di Yemanj\u00e1. Le&#8230;<\/p>\n","protected":false},"featured_media":32607,"template":"","meta":{"_acf_changed":false},"product_brand":[],"product_cat":[1079,1059,1274],"product_tag":[],"class_list":{"0":"post-1593","1":"product","2":"type-product","3":"status-publish","4":"has-post-thumbnail","6":"product_cat-rituali-afrobrasiliani-santeria","7":"product_cat-articoli-esoterici","8":"product_cat-kit-conjuntos-con-le-candele-sete-dias","10":"first","11":"instock","12":"taxable","13":"shipping-taxable","14":"purchasable","15":"product-type-simple","16":"add-to-wishlist-before_image"},"acf":[],"yoast_head":"<!-- This site is optimized with the Yoast SEO plugin v26.9 - https:\/\/yoast.com\/product\/yoast-seo-wordpress\/ -->\n<title>Kit Rituale - Conjunto 7 Dias - Candela di Nan\u00e3  violetta - Il Crogiuolo<\/title>\n<meta name=\"description\" content=\"Kit Rituale - Conjunto 7 Dias - Candela di Nan\u00e3  violetta La nonna di tutti i Santi \u00e8 Nan\u00e3, sincretizzata con Sant\u2019Anna, la madre di Maria e perci\u00f2 di Yemanj\u00e1. Le candele di questo colore si usano sempre in\" \/>\n<meta name=\"robots\" content=\"index, follow, max-snippet:-1, max-image-preview:large, max-video-preview:-1\" \/>\n<link rel=\"canonical\" href=\"https:\/\/ilcrogiuolo.it\/it\/p\/kit-rituale-conjunto-7-dias-candela-di-nana-violetta\/\" \/>\n<meta property=\"og:locale\" content=\"it_IT\" \/>\n<meta property=\"og:type\" content=\"article\" \/>\n<meta property=\"og:title\" content=\"Kit Rituale - Conjunto 7 Dias - Candela di Nan\u00e3  violetta - Il Crogiuolo\" \/>\n<meta property=\"og:description\" content=\"Kit Rituale - Conjunto 7 Dias - Candela di Nan\u00e3  violetta La nonna di tutti i Santi \u00e8 Nan\u00e3, sincretizzata con Sant\u2019Anna, la madre di Maria e perci\u00f2 di Yemanj\u00e1. Le candele di questo colore si usano sempre in\" \/>\n<meta property=\"og:url\" content=\"https:\/\/ilcrogiuolo.it\/it\/p\/kit-rituale-conjunto-7-dias-candela-di-nana-violetta\/\" \/>\n<meta property=\"og:site_name\" content=\"Il Crogiuolo\" \/>\n<meta property=\"article:publisher\" content=\"https:\/\/www.facebook.com\/Il-Crogiuolo-681876418491758\" \/>\n<meta property=\"article:modified_time\" content=\"2021-12-16T15:53:51+00:00\" \/>\n<meta property=\"og:image\" content=\"https:\/\/ilcrogiuolo.it\/wp-content\/uploads\/2020\/01\/nana.jpg\" \/>\n\t<meta property=\"og:image:width\" content=\"1000\" \/>\n\t<meta property=\"og:image:height\" content=\"1000\" \/>\n\t<meta property=\"og:image:type\" content=\"image\/jpeg\" \/>\n<meta name=\"twitter:card\" content=\"summary_large_image\" \/>\n<meta name=\"twitter:label1\" content=\"Tempo di lettura stimato\" \/>\n\t<meta name=\"twitter:data1\" content=\"2 minuti\" \/>\n<script type=\"application\/ld+json\" class=\"yoast-schema-graph\">{\"@context\":\"https:\/\/schema.org\",\"@graph\":[{\"@type\":\"WebPage\",\"@id\":\"https:\/\/ilcrogiuolo.it\/it\/p\/kit-rituale-conjunto-7-dias-candela-di-nana-violetta\/\",\"url\":\"https:\/\/ilcrogiuolo.it\/it\/p\/kit-rituale-conjunto-7-dias-candela-di-nana-violetta\/\",\"name\":\"Kit Rituale - Conjunto 7 Dias - Candela di Nan\u00e3 violetta - Il Crogiuolo\",\"isPartOf\":{\"@id\":\"https:\/\/ilcrogiuolo.it\/it\/#website\"},\"primaryImageOfPage\":{\"@id\":\"https:\/\/ilcrogiuolo.it\/it\/p\/kit-rituale-conjunto-7-dias-candela-di-nana-violetta\/#primaryimage\"},\"image\":{\"@id\":\"https:\/\/ilcrogiuolo.it\/it\/p\/kit-rituale-conjunto-7-dias-candela-di-nana-violetta\/#primaryimage\"},\"thumbnailUrl\":\"https:\/\/ilcrogiuolo.it\/wp-content\/uploads\/2020\/01\/nana.jpg\",\"datePublished\":\"2020-01-14T16:03:33+00:00\",\"dateModified\":\"2021-12-16T15:53:51+00:00\",\"description\":\"Kit Rituale - Conjunto 7 Dias - Candela di Nan\u00e3 violetta La nonna di tutti i Santi \u00e8 Nan\u00e3, sincretizzata con Sant\u2019Anna, la madre di Maria e perci\u00f2 di Yemanj\u00e1. Le candele di questo colore si usano sempre in\",\"breadcrumb\":{\"@id\":\"https:\/\/ilcrogiuolo.it\/it\/p\/kit-rituale-conjunto-7-dias-candela-di-nana-violetta\/#breadcrumb\"},\"inLanguage\":\"it-IT\",\"potentialAction\":[{\"@type\":\"ReadAction\",\"target\":[\"https:\/\/ilcrogiuolo.it\/it\/p\/kit-rituale-conjunto-7-dias-candela-di-nana-violetta\/\"]}]},{\"@type\":\"ImageObject\",\"inLanguage\":\"it-IT\",\"@id\":\"https:\/\/ilcrogiuolo.it\/it\/p\/kit-rituale-conjunto-7-dias-candela-di-nana-violetta\/#primaryimage\",\"url\":\"https:\/\/ilcrogiuolo.it\/wp-content\/uploads\/2020\/01\/nana.jpg\",\"contentUrl\":\"https:\/\/ilcrogiuolo.it\/wp-content\/uploads\/2020\/01\/nana.jpg\",\"width\":1000,\"height\":1000},{\"@type\":\"BreadcrumbList\",\"@id\":\"https:\/\/ilcrogiuolo.it\/it\/p\/kit-rituale-conjunto-7-dias-candela-di-nana-violetta\/#breadcrumb\",\"itemListElement\":[{\"@type\":\"ListItem\",\"position\":1,\"name\":\"Home\",\"item\":\"https:\/\/ilcrogiuolo.it\/it\/\"},{\"@type\":\"ListItem\",\"position\":2,\"name\":\"Shop\",\"item\":\"https:\/\/ilcrogiuolo.it\/it\/negozio\/\"},{\"@type\":\"ListItem\",\"position\":3,\"name\":\"Kit Rituale &#8211; Conjunto 7 Dias &#8211; Candela di Nan\u00e3 violetta\"}]},{\"@type\":\"WebSite\",\"@id\":\"https:\/\/ilcrogiuolo.it\/it\/#website\",\"url\":\"https:\/\/ilcrogiuolo.it\/it\/\",\"name\":\"Il Crogiuolo\",\"description\":\"\",\"publisher\":{\"@id\":\"https:\/\/ilcrogiuolo.it\/it\/#organization\"},\"potentialAction\":[{\"@type\":\"SearchAction\",\"target\":{\"@type\":\"EntryPoint\",\"urlTemplate\":\"https:\/\/ilcrogiuolo.it\/it\/?s={search_term_string}\"},\"query-input\":{\"@type\":\"PropertyValueSpecification\",\"valueRequired\":true,\"valueName\":\"search_term_string\"}}],\"inLanguage\":\"it-IT\"},{\"@type\":\"Organization\",\"@id\":\"https:\/\/ilcrogiuolo.it\/it\/#organization\",\"name\":\"Il Crogiuolo\",\"url\":\"https:\/\/ilcrogiuolo.it\/it\/\",\"logo\":{\"@type\":\"ImageObject\",\"inLanguage\":\"it-IT\",\"@id\":\"https:\/\/ilcrogiuolo.it\/it\/#\/schema\/logo\/image\/\",\"url\":\"https:\/\/ilcrogiuolo.it\/wp-content\/uploads\/2020\/04\/logo.png\",\"contentUrl\":\"https:\/\/ilcrogiuolo.it\/wp-content\/uploads\/2020\/04\/logo.png\",\"width\":200,\"height\":49,\"caption\":\"Il Crogiuolo\"},\"image\":{\"@id\":\"https:\/\/ilcrogiuolo.it\/it\/#\/schema\/logo\/image\/\"},\"sameAs\":[\"https:\/\/www.facebook.com\/Il-Crogiuolo-681876418491758\"]}]}<\/script>\n<!-- \/ Yoast SEO plugin. -->","yoast_head_json":{"title":"Kit Rituale - Conjunto 7 Dias - Candela di Nan\u00e3  violetta - Il Crogiuolo","description":"Kit Rituale - Conjunto 7 Dias - Candela di Nan\u00e3  violetta La nonna di tutti i Santi \u00e8 Nan\u00e3, sincretizzata con Sant\u2019Anna, la madre di Maria e perci\u00f2 di Yemanj\u00e1. Le candele di questo colore si usano sempre in","robots":{"index":"index","follow":"follow","max-snippet":"max-snippet:-1","max-image-preview":"max-image-preview:large","max-video-preview":"max-video-preview:-1"},"canonical":"https:\/\/ilcrogiuolo.it\/it\/p\/kit-rituale-conjunto-7-dias-candela-di-nana-violetta\/","og_locale":"it_IT","og_type":"article","og_title":"Kit Rituale - Conjunto 7 Dias - Candela di Nan\u00e3  violetta - Il Crogiuolo","og_description":"Kit Rituale - Conjunto 7 Dias - Candela di Nan\u00e3  violetta La nonna di tutti i Santi \u00e8 Nan\u00e3, sincretizzata con Sant\u2019Anna, la madre di Maria e perci\u00f2 di Yemanj\u00e1. Le candele di questo colore si usano sempre in","og_url":"https:\/\/ilcrogiuolo.it\/it\/p\/kit-rituale-conjunto-7-dias-candela-di-nana-violetta\/","og_site_name":"Il Crogiuolo","article_publisher":"https:\/\/www.facebook.com\/Il-Crogiuolo-681876418491758","article_modified_time":"2021-12-16T15:53:51+00:00","og_image":[{"width":1000,"height":1000,"url":"https:\/\/ilcrogiuolo.it\/wp-content\/uploads\/2020\/01\/nana.jpg","type":"image\/jpeg"}],"twitter_card":"summary_large_image","twitter_misc":{"Tempo di lettura stimato":"2 minuti"},"schema":{"@context":"https:\/\/schema.org","@graph":[{"@type":"WebPage","@id":"https:\/\/ilcrogiuolo.it\/it\/p\/kit-rituale-conjunto-7-dias-candela-di-nana-violetta\/","url":"https:\/\/ilcrogiuolo.it\/it\/p\/kit-rituale-conjunto-7-dias-candela-di-nana-violetta\/","name":"Kit Rituale - Conjunto 7 Dias - Candela di Nan\u00e3 violetta - Il Crogiuolo","isPartOf":{"@id":"https:\/\/ilcrogiuolo.it\/it\/#website"},"primaryImageOfPage":{"@id":"https:\/\/ilcrogiuolo.it\/it\/p\/kit-rituale-conjunto-7-dias-candela-di-nana-violetta\/#primaryimage"},"image":{"@id":"https:\/\/ilcrogiuolo.it\/it\/p\/kit-rituale-conjunto-7-dias-candela-di-nana-violetta\/#primaryimage"},"thumbnailUrl":"https:\/\/ilcrogiuolo.it\/wp-content\/uploads\/2020\/01\/nana.jpg","datePublished":"2020-01-14T16:03:33+00:00","dateModified":"2021-12-16T15:53:51+00:00","description":"Kit Rituale - Conjunto 7 Dias - Candela di Nan\u00e3 violetta La nonna di tutti i Santi \u00e8 Nan\u00e3, sincretizzata con Sant\u2019Anna, la madre di Maria e perci\u00f2 di Yemanj\u00e1. Le candele di questo colore si usano sempre in","breadcrumb":{"@id":"https:\/\/ilcrogiuolo.it\/it\/p\/kit-rituale-conjunto-7-dias-candela-di-nana-violetta\/#breadcrumb"},"inLanguage":"it-IT","potentialAction":[{"@type":"ReadAction","target":["https:\/\/ilcrogiuolo.it\/it\/p\/kit-rituale-conjunto-7-dias-candela-di-nana-violetta\/"]}]},{"@type":"ImageObject","inLanguage":"it-IT","@id":"https:\/\/ilcrogiuolo.it\/it\/p\/kit-rituale-conjunto-7-dias-candela-di-nana-violetta\/#primaryimage","url":"https:\/\/ilcrogiuolo.it\/wp-content\/uploads\/2020\/01\/nana.jpg","contentUrl":"https:\/\/ilcrogiuolo.it\/wp-content\/uploads\/2020\/01\/nana.jpg","width":1000,"height":1000},{"@type":"BreadcrumbList","@id":"https:\/\/ilcrogiuolo.it\/it\/p\/kit-rituale-conjunto-7-dias-candela-di-nana-violetta\/#breadcrumb","itemListElement":[{"@type":"ListItem","position":1,"name":"Home","item":"https:\/\/ilcrogiuolo.it\/it\/"},{"@type":"ListItem","position":2,"name":"Shop","item":"https:\/\/ilcrogiuolo.it\/it\/negozio\/"},{"@type":"ListItem","position":3,"name":"Kit Rituale &#8211; Conjunto 7 Dias &#8211; Candela di Nan\u00e3 violetta"}]},{"@type":"WebSite","@id":"https:\/\/ilcrogiuolo.it\/it\/#website","url":"https:\/\/ilcrogiuolo.it\/it\/","name":"Il Crogiuolo","description":"","publisher":{"@id":"https:\/\/ilcrogiuolo.it\/it\/#organization"},"potentialAction":[{"@type":"SearchAction","target":{"@type":"EntryPoint","urlTemplate":"https:\/\/ilcrogiuolo.it\/it\/?s={search_term_string}"},"query-input":{"@type":"PropertyValueSpecification","valueRequired":true,"valueName":"search_term_string"}}],"inLanguage":"it-IT"},{"@type":"Organization","@id":"https:\/\/ilcrogiuolo.it\/it\/#organization","name":"Il Crogiuolo","url":"https:\/\/ilcrogiuolo.it\/it\/","logo":{"@type":"ImageObject","inLanguage":"it-IT","@id":"https:\/\/ilcrogiuolo.it\/it\/#\/schema\/logo\/image\/","url":"https:\/\/ilcrogiuolo.it\/wp-content\/uploads\/2020\/04\/logo.png","contentUrl":"https:\/\/ilcrogiuolo.it\/wp-content\/uploads\/2020\/04\/logo.png","width":200,"height":49,"caption":"Il Crogiuolo"},"image":{"@id":"https:\/\/ilcrogiuolo.it\/it\/#\/schema\/logo\/image\/"},"sameAs":["https:\/\/www.facebook.com\/Il-Crogiuolo-681876418491758"]}]}},"_links":{"self":[{"href":"https:\/\/ilcrogiuolo.it\/it\/wp-json\/wp\/v2\/product\/1593","targetHints":{"allow":["GET"]}}],"collection":[{"href":"https:\/\/ilcrogiuolo.it\/it\/wp-json\/wp\/v2\/product"}],"about":[{"href":"https:\/\/ilcrogiuolo.it\/it\/wp-json\/wp\/v2\/types\/product"}],"wp:featuredmedia":[{"embeddable":true,"href":"https:\/\/ilcrogiuolo.it\/it\/wp-json\/wp\/v2\/media\/32607"}],"wp:attachment":[{"href":"https:\/\/ilcrogiuolo.it\/it\/wp-json\/wp\/v2\/media?parent=1593"}],"wp:term":[{"taxonomy":"product_brand","embeddable":true,"href":"https:\/\/ilcrogiuolo.it\/it\/wp-json\/wp\/v2\/product_brand?post=1593"},{"taxonomy":"product_cat","embeddable":true,"href":"https:\/\/ilcrogiuolo.it\/it\/wp-json\/wp\/v2\/product_cat?post=1593"},{"taxonomy":"product_tag","embeddable":true,"href":"https:\/\/ilcrogiuolo.it\/it\/wp-json\/wp\/v2\/product_tag?post=1593"}],"curies":[{"name":"wp","href":"https:\/\/api.w.org\/{rel}","templated":true}]}}