{"id":1587,"date":"2020-01-14T17:03:33","date_gmt":"2020-01-14T16:03:33","guid":{"rendered":"https:\/\/ilcrogiuolo.it\/p\/kit-rituale-conjunto-7-dias-candela-del-popolo-del-mare-blu\/"},"modified":"2021-12-16T16:51:41","modified_gmt":"2021-12-16T15:51:41","slug":"kit-rituale-conjunto-7-dias-candela-del-popolo-del-mare-blu","status":"publish","type":"product","link":"https:\/\/ilcrogiuolo.it\/it\/p\/kit-rituale-conjunto-7-dias-candela-del-popolo-del-mare-blu\/","title":{"rendered":"Kit Rituale &#8211; Conjunto  7 Dias &#8211; Candela del Popolo del Mare    bl\u00f9"},"content":{"rendered":"<p>La candela bl\u00f9 viene accesa per tutte le entit\u00e0 del mare ed in particolare per Og\u00f9m Beira Mar, il Signore della riva, guardia d\u2019onore della Regina del mare Yemanj\u00e1. Il giorno pi\u00f9 appropriato per accendere questo cero \u00e8 tradizionalmente il gioved\u00ec, tuttavia viene anche acceso al sabato, giorno di tutto il popolo del mare. Beira Mar, manifestazione acquatica del grande guerriero Og\u00f9m, sincretizzato con San Giorgio \u00e8 invocato soprattutto per proteggere le donne dalle violenze, dai nemici e dai soprusi: onore, lealt\u00e0, pace, tranquillit\u00e0, saggezza e fedelt\u00e0 sono tutti doni che dispensa questo potente Orix\u00e1. Scaccia la malinconia, vince la depressione, fa vincere le cause e sul lavoro placa l\u2019antipatia dei colleghi e favorisce il successo. Og\u00f9m Beira Mar protegge anche gli sportivi, influendo sulle loro vittorie. L\u2019uso di questo cero \u00e8 spesso associato a quello del defumador Beira Mar o Cruz de Caravaca. Si accende ogni giorno un defumador e si recita la sua preghiera.<\/p>\n<p><strong>Oggi ancora pi\u00f9 completi<br \/>\nNovit\u00e0! Nei kit rituali legati alle Entit\u00e0 troverete in omaggio una bellissima stampa che li rappresenta.<\/strong><\/p>\n<p>La confezione comprende: 1 Candela Sete Dias, 1 conf. defumadores atti allo scopo, l&#8217;olio esoterico appropriato e le istruzioni per l&#8217;uso. Potete aggiungere polveri adatte per potenziarne o mirarne gli effetti.<\/p>\n","protected":false},"excerpt":{"rendered":"<p>La candela bl\u00f9 viene accesa per tutte le entit\u00e0 del mare ed in particolare per Og\u00f9m Beira Mar, il Signore&#8230;<\/p>\n","protected":false},"featured_media":32600,"template":"","meta":{"_acf_changed":false},"product_brand":[],"product_cat":[1079,1059,1274],"product_tag":[],"class_list":{"0":"post-1587","1":"product","2":"type-product","3":"status-publish","4":"has-post-thumbnail","6":"product_cat-rituali-afrobrasiliani-santeria","7":"product_cat-articoli-esoterici","8":"product_cat-kit-conjuntos-con-le-candele-sete-dias","10":"first","11":"instock","12":"taxable","13":"shipping-taxable","14":"purchasable","15":"product-type-simple","16":"add-to-wishlist-before_image"},"acf":[],"yoast_head":"<!-- This site is optimized with the Yoast SEO plugin v26.9 - https:\/\/yoast.com\/product\/yoast-seo-wordpress\/ -->\n<title>Kit Rituale - Conjunto 7 Dias - Candela del Popolo del Mare  bl\u00f9 - Il Crogiuolo<\/title>\n<meta name=\"description\" content=\"Kit Rituale - Conjunto 7 Dias - Candela del Popolo del Mare  bl\u00f9 La candela bl\u00f9 viene accesa per tutte le entit\u00e0 del mare ed in particolare per Og\u00f9m Beira Mar, il Signore della riva, guardia d\u2019onore della Regina del\" \/>\n<meta name=\"robots\" content=\"index, follow, max-snippet:-1, max-image-preview:large, max-video-preview:-1\" \/>\n<link rel=\"canonical\" href=\"https:\/\/ilcrogiuolo.it\/it\/p\/kit-rituale-conjunto-7-dias-candela-del-popolo-del-mare-blu\/\" \/>\n<meta property=\"og:locale\" content=\"it_IT\" \/>\n<meta property=\"og:type\" content=\"article\" \/>\n<meta property=\"og:title\" content=\"Kit Rituale - Conjunto 7 Dias - Candela del Popolo del Mare  bl\u00f9 - Il Crogiuolo\" \/>\n<meta property=\"og:description\" content=\"Kit Rituale - Conjunto 7 Dias - Candela del Popolo del Mare  bl\u00f9 La candela bl\u00f9 viene accesa per tutte le entit\u00e0 del mare ed in particolare per Og\u00f9m Beira Mar, il Signore della riva, guardia d\u2019onore della Regina del\" \/>\n<meta property=\"og:url\" content=\"https:\/\/ilcrogiuolo.it\/it\/p\/kit-rituale-conjunto-7-dias-candela-del-popolo-del-mare-blu\/\" \/>\n<meta property=\"og:site_name\" content=\"Il Crogiuolo\" \/>\n<meta property=\"article:publisher\" content=\"https:\/\/www.facebook.com\/Il-Crogiuolo-681876418491758\" \/>\n<meta property=\"article:modified_time\" content=\"2021-12-16T15:51:41+00:00\" \/>\n<meta property=\"og:image\" content=\"https:\/\/ilcrogiuolo.it\/wp-content\/uploads\/2020\/01\/POVO-DO-MAR.jpg\" \/>\n\t<meta property=\"og:image:width\" content=\"1000\" \/>\n\t<meta property=\"og:image:height\" content=\"1000\" \/>\n\t<meta property=\"og:image:type\" content=\"image\/jpeg\" \/>\n<meta name=\"twitter:card\" content=\"summary_large_image\" \/>\n<meta name=\"twitter:label1\" content=\"Tempo di lettura stimato\" \/>\n\t<meta name=\"twitter:data1\" content=\"2 minuti\" \/>\n<script type=\"application\/ld+json\" class=\"yoast-schema-graph\">{\"@context\":\"https:\/\/schema.org\",\"@graph\":[{\"@type\":\"WebPage\",\"@id\":\"https:\/\/ilcrogiuolo.it\/it\/p\/kit-rituale-conjunto-7-dias-candela-del-popolo-del-mare-blu\/\",\"url\":\"https:\/\/ilcrogiuolo.it\/it\/p\/kit-rituale-conjunto-7-dias-candela-del-popolo-del-mare-blu\/\",\"name\":\"Kit Rituale - Conjunto 7 Dias - Candela del Popolo del Mare bl\u00f9 - Il Crogiuolo\",\"isPartOf\":{\"@id\":\"https:\/\/ilcrogiuolo.it\/it\/#website\"},\"primaryImageOfPage\":{\"@id\":\"https:\/\/ilcrogiuolo.it\/it\/p\/kit-rituale-conjunto-7-dias-candela-del-popolo-del-mare-blu\/#primaryimage\"},\"image\":{\"@id\":\"https:\/\/ilcrogiuolo.it\/it\/p\/kit-rituale-conjunto-7-dias-candela-del-popolo-del-mare-blu\/#primaryimage\"},\"thumbnailUrl\":\"https:\/\/ilcrogiuolo.it\/wp-content\/uploads\/2020\/01\/POVO-DO-MAR.jpg\",\"datePublished\":\"2020-01-14T16:03:33+00:00\",\"dateModified\":\"2021-12-16T15:51:41+00:00\",\"description\":\"Kit Rituale - Conjunto 7 Dias - Candela del Popolo del Mare bl\u00f9 La candela bl\u00f9 viene accesa per tutte le entit\u00e0 del mare ed in particolare per Og\u00f9m Beira Mar, il Signore della riva, guardia d\u2019onore della Regina del\",\"breadcrumb\":{\"@id\":\"https:\/\/ilcrogiuolo.it\/it\/p\/kit-rituale-conjunto-7-dias-candela-del-popolo-del-mare-blu\/#breadcrumb\"},\"inLanguage\":\"it-IT\",\"potentialAction\":[{\"@type\":\"ReadAction\",\"target\":[\"https:\/\/ilcrogiuolo.it\/it\/p\/kit-rituale-conjunto-7-dias-candela-del-popolo-del-mare-blu\/\"]}]},{\"@type\":\"ImageObject\",\"inLanguage\":\"it-IT\",\"@id\":\"https:\/\/ilcrogiuolo.it\/it\/p\/kit-rituale-conjunto-7-dias-candela-del-popolo-del-mare-blu\/#primaryimage\",\"url\":\"https:\/\/ilcrogiuolo.it\/wp-content\/uploads\/2020\/01\/POVO-DO-MAR.jpg\",\"contentUrl\":\"https:\/\/ilcrogiuolo.it\/wp-content\/uploads\/2020\/01\/POVO-DO-MAR.jpg\",\"width\":1000,\"height\":1000},{\"@type\":\"BreadcrumbList\",\"@id\":\"https:\/\/ilcrogiuolo.it\/it\/p\/kit-rituale-conjunto-7-dias-candela-del-popolo-del-mare-blu\/#breadcrumb\",\"itemListElement\":[{\"@type\":\"ListItem\",\"position\":1,\"name\":\"Home\",\"item\":\"https:\/\/ilcrogiuolo.it\/it\/\"},{\"@type\":\"ListItem\",\"position\":2,\"name\":\"Shop\",\"item\":\"https:\/\/ilcrogiuolo.it\/it\/negozio\/\"},{\"@type\":\"ListItem\",\"position\":3,\"name\":\"Kit Rituale &#8211; Conjunto 7 Dias &#8211; Candela del Popolo del Mare bl\u00f9\"}]},{\"@type\":\"WebSite\",\"@id\":\"https:\/\/ilcrogiuolo.it\/it\/#website\",\"url\":\"https:\/\/ilcrogiuolo.it\/it\/\",\"name\":\"Il Crogiuolo\",\"description\":\"\",\"publisher\":{\"@id\":\"https:\/\/ilcrogiuolo.it\/it\/#organization\"},\"potentialAction\":[{\"@type\":\"SearchAction\",\"target\":{\"@type\":\"EntryPoint\",\"urlTemplate\":\"https:\/\/ilcrogiuolo.it\/it\/?s={search_term_string}\"},\"query-input\":{\"@type\":\"PropertyValueSpecification\",\"valueRequired\":true,\"valueName\":\"search_term_string\"}}],\"inLanguage\":\"it-IT\"},{\"@type\":\"Organization\",\"@id\":\"https:\/\/ilcrogiuolo.it\/it\/#organization\",\"name\":\"Il Crogiuolo\",\"url\":\"https:\/\/ilcrogiuolo.it\/it\/\",\"logo\":{\"@type\":\"ImageObject\",\"inLanguage\":\"it-IT\",\"@id\":\"https:\/\/ilcrogiuolo.it\/it\/#\/schema\/logo\/image\/\",\"url\":\"https:\/\/ilcrogiuolo.it\/wp-content\/uploads\/2020\/04\/logo.png\",\"contentUrl\":\"https:\/\/ilcrogiuolo.it\/wp-content\/uploads\/2020\/04\/logo.png\",\"width\":200,\"height\":49,\"caption\":\"Il Crogiuolo\"},\"image\":{\"@id\":\"https:\/\/ilcrogiuolo.it\/it\/#\/schema\/logo\/image\/\"},\"sameAs\":[\"https:\/\/www.facebook.com\/Il-Crogiuolo-681876418491758\"]}]}<\/script>\n<!-- \/ Yoast SEO plugin. -->","yoast_head_json":{"title":"Kit Rituale - Conjunto 7 Dias - Candela del Popolo del Mare  bl\u00f9 - Il Crogiuolo","description":"Kit Rituale - Conjunto 7 Dias - Candela del Popolo del Mare  bl\u00f9 La candela bl\u00f9 viene accesa per tutte le entit\u00e0 del mare ed in particolare per Og\u00f9m Beira Mar, il Signore della riva, guardia d\u2019onore della Regina del","robots":{"index":"index","follow":"follow","max-snippet":"max-snippet:-1","max-image-preview":"max-image-preview:large","max-video-preview":"max-video-preview:-1"},"canonical":"https:\/\/ilcrogiuolo.it\/it\/p\/kit-rituale-conjunto-7-dias-candela-del-popolo-del-mare-blu\/","og_locale":"it_IT","og_type":"article","og_title":"Kit Rituale - Conjunto 7 Dias - Candela del Popolo del Mare  bl\u00f9 - Il Crogiuolo","og_description":"Kit Rituale - Conjunto 7 Dias - Candela del Popolo del Mare  bl\u00f9 La candela bl\u00f9 viene accesa per tutte le entit\u00e0 del mare ed in particolare per Og\u00f9m Beira Mar, il Signore della riva, guardia d\u2019onore della Regina del","og_url":"https:\/\/ilcrogiuolo.it\/it\/p\/kit-rituale-conjunto-7-dias-candela-del-popolo-del-mare-blu\/","og_site_name":"Il Crogiuolo","article_publisher":"https:\/\/www.facebook.com\/Il-Crogiuolo-681876418491758","article_modified_time":"2021-12-16T15:51:41+00:00","og_image":[{"width":1000,"height":1000,"url":"https:\/\/ilcrogiuolo.it\/wp-content\/uploads\/2020\/01\/POVO-DO-MAR.jpg","type":"image\/jpeg"}],"twitter_card":"summary_large_image","twitter_misc":{"Tempo di lettura stimato":"2 minuti"},"schema":{"@context":"https:\/\/schema.org","@graph":[{"@type":"WebPage","@id":"https:\/\/ilcrogiuolo.it\/it\/p\/kit-rituale-conjunto-7-dias-candela-del-popolo-del-mare-blu\/","url":"https:\/\/ilcrogiuolo.it\/it\/p\/kit-rituale-conjunto-7-dias-candela-del-popolo-del-mare-blu\/","name":"Kit Rituale - Conjunto 7 Dias - Candela del Popolo del Mare bl\u00f9 - Il Crogiuolo","isPartOf":{"@id":"https:\/\/ilcrogiuolo.it\/it\/#website"},"primaryImageOfPage":{"@id":"https:\/\/ilcrogiuolo.it\/it\/p\/kit-rituale-conjunto-7-dias-candela-del-popolo-del-mare-blu\/#primaryimage"},"image":{"@id":"https:\/\/ilcrogiuolo.it\/it\/p\/kit-rituale-conjunto-7-dias-candela-del-popolo-del-mare-blu\/#primaryimage"},"thumbnailUrl":"https:\/\/ilcrogiuolo.it\/wp-content\/uploads\/2020\/01\/POVO-DO-MAR.jpg","datePublished":"2020-01-14T16:03:33+00:00","dateModified":"2021-12-16T15:51:41+00:00","description":"Kit Rituale - Conjunto 7 Dias - Candela del Popolo del Mare bl\u00f9 La candela bl\u00f9 viene accesa per tutte le entit\u00e0 del mare ed in particolare per Og\u00f9m Beira Mar, il Signore della riva, guardia d\u2019onore della Regina del","breadcrumb":{"@id":"https:\/\/ilcrogiuolo.it\/it\/p\/kit-rituale-conjunto-7-dias-candela-del-popolo-del-mare-blu\/#breadcrumb"},"inLanguage":"it-IT","potentialAction":[{"@type":"ReadAction","target":["https:\/\/ilcrogiuolo.it\/it\/p\/kit-rituale-conjunto-7-dias-candela-del-popolo-del-mare-blu\/"]}]},{"@type":"ImageObject","inLanguage":"it-IT","@id":"https:\/\/ilcrogiuolo.it\/it\/p\/kit-rituale-conjunto-7-dias-candela-del-popolo-del-mare-blu\/#primaryimage","url":"https:\/\/ilcrogiuolo.it\/wp-content\/uploads\/2020\/01\/POVO-DO-MAR.jpg","contentUrl":"https:\/\/ilcrogiuolo.it\/wp-content\/uploads\/2020\/01\/POVO-DO-MAR.jpg","width":1000,"height":1000},{"@type":"BreadcrumbList","@id":"https:\/\/ilcrogiuolo.it\/it\/p\/kit-rituale-conjunto-7-dias-candela-del-popolo-del-mare-blu\/#breadcrumb","itemListElement":[{"@type":"ListItem","position":1,"name":"Home","item":"https:\/\/ilcrogiuolo.it\/it\/"},{"@type":"ListItem","position":2,"name":"Shop","item":"https:\/\/ilcrogiuolo.it\/it\/negozio\/"},{"@type":"ListItem","position":3,"name":"Kit Rituale &#8211; Conjunto 7 Dias &#8211; Candela del Popolo del Mare bl\u00f9"}]},{"@type":"WebSite","@id":"https:\/\/ilcrogiuolo.it\/it\/#website","url":"https:\/\/ilcrogiuolo.it\/it\/","name":"Il Crogiuolo","description":"","publisher":{"@id":"https:\/\/ilcrogiuolo.it\/it\/#organization"},"potentialAction":[{"@type":"SearchAction","target":{"@type":"EntryPoint","urlTemplate":"https:\/\/ilcrogiuolo.it\/it\/?s={search_term_string}"},"query-input":{"@type":"PropertyValueSpecification","valueRequired":true,"valueName":"search_term_string"}}],"inLanguage":"it-IT"},{"@type":"Organization","@id":"https:\/\/ilcrogiuolo.it\/it\/#organization","name":"Il Crogiuolo","url":"https:\/\/ilcrogiuolo.it\/it\/","logo":{"@type":"ImageObject","inLanguage":"it-IT","@id":"https:\/\/ilcrogiuolo.it\/it\/#\/schema\/logo\/image\/","url":"https:\/\/ilcrogiuolo.it\/wp-content\/uploads\/2020\/04\/logo.png","contentUrl":"https:\/\/ilcrogiuolo.it\/wp-content\/uploads\/2020\/04\/logo.png","width":200,"height":49,"caption":"Il Crogiuolo"},"image":{"@id":"https:\/\/ilcrogiuolo.it\/it\/#\/schema\/logo\/image\/"},"sameAs":["https:\/\/www.facebook.com\/Il-Crogiuolo-681876418491758"]}]}},"_links":{"self":[{"href":"https:\/\/ilcrogiuolo.it\/it\/wp-json\/wp\/v2\/product\/1587","targetHints":{"allow":["GET"]}}],"collection":[{"href":"https:\/\/ilcrogiuolo.it\/it\/wp-json\/wp\/v2\/product"}],"about":[{"href":"https:\/\/ilcrogiuolo.it\/it\/wp-json\/wp\/v2\/types\/product"}],"wp:featuredmedia":[{"embeddable":true,"href":"https:\/\/ilcrogiuolo.it\/it\/wp-json\/wp\/v2\/media\/32600"}],"wp:attachment":[{"href":"https:\/\/ilcrogiuolo.it\/it\/wp-json\/wp\/v2\/media?parent=1587"}],"wp:term":[{"taxonomy":"product_brand","embeddable":true,"href":"https:\/\/ilcrogiuolo.it\/it\/wp-json\/wp\/v2\/product_brand?post=1587"},{"taxonomy":"product_cat","embeddable":true,"href":"https:\/\/ilcrogiuolo.it\/it\/wp-json\/wp\/v2\/product_cat?post=1587"},{"taxonomy":"product_tag","embeddable":true,"href":"https:\/\/ilcrogiuolo.it\/it\/wp-json\/wp\/v2\/product_tag?post=1587"}],"curies":[{"name":"wp","href":"https:\/\/api.w.org\/{rel}","templated":true}]}}