{"id":1584,"date":"2020-01-14T17:03:33","date_gmt":"2020-01-14T16:03:33","guid":{"rendered":"https:\/\/ilcrogiuolo.it\/p\/kit-rituale-conjunto-7-dias-candela-di-oxossi-verde\/"},"modified":"2021-12-16T16:44:31","modified_gmt":"2021-12-16T15:44:31","slug":"kit-rituale-conjunto-7-dias-candela-di-oxossi-verde","status":"publish","type":"product","link":"https:\/\/ilcrogiuolo.it\/it\/p\/kit-rituale-conjunto-7-dias-candela-di-oxossi-verde\/","title":{"rendered":"Kit Rituale &#8211; Conjunto  7 Dias &#8211; Candela di Oxossi    verde"},"content":{"rendered":"<p>Il signore delle foreste, il grande cacciatore armato di arco e frecce, invitto guerriero, Oxossi, viene onorato con candele verdi. Si usa questa candela per sintonizzarsi con la sua vibrazione e per impetrare rapidit\u00e0 di pensiero, concentrazione, successo nelle imprese economiche, abbondanza, per placare le gelosie, le invidie e per ottenere orientamento. Oxossi protegge anche gli animali e veglia sull\u2019alimentazione in generale, pertanto \u00e8 il Santo che non fa mai mancare il cibo quotidiano ed il suo concorso \u00e8 utile anche nelle diete, per ottenere un certo equilibrio alimentare -o per far diventare obeso un nemico-. Il verde, nel candombl\u00ea, \u00e8 associato anche ad altri Orix\u00e1s: Iroko, che simbolizza il tempo e Osa\u00ecn, lo spirito delle erbe. Il giorno di Oxossi \u00e8 il gioved\u00ec, pertanto questa candela viene accesa sempre in questo giorno. L\u2019uso delle candele verdi risulter\u00e0 potenziato, secondo la tradizione, dal defumador Oxossi.<\/p>\n<p><strong>Oggi ancora pi\u00f9 completi<br \/>\nNovit\u00e0! Nei kit rituali legati alle Entit\u00e0 troverete in omaggio una bellissima stampa che li rappresenta.<\/strong><\/p>\n<p>La confezione comprende: 1 Candela Sete Dias, 1 conf. defumadores atti allo scopo, l&#8217;olio esoterico appropriato e le istruzioni per l&#8217;uso. Potete aggiungere polveri adatte per potenziarne o mirarne gli effetti.<\/p>\n<p>I kit contengono candele,olii, incensi e la traduzione fedele del modo tradizionale in cui vengono impiegati secondo la tradizione. Il Crogiuolo ve li propone come autentiche e originali curiosit\u00e0 magiche provenienti dai paesi di origine.<\/p>\n","protected":false},"excerpt":{"rendered":"<p>Il signore delle foreste, il grande cacciatore armato di arco e frecce, invitto guerriero, Oxossi, viene onorato con candele verdi&#8230;.<\/p>\n","protected":false},"featured_media":32597,"template":"","meta":{"_acf_changed":false},"product_brand":[],"product_cat":[1079,1059,1274],"product_tag":[],"class_list":{"0":"post-1584","1":"product","2":"type-product","3":"status-publish","4":"has-post-thumbnail","6":"product_cat-rituali-afrobrasiliani-santeria","7":"product_cat-articoli-esoterici","8":"product_cat-kit-conjuntos-con-le-candele-sete-dias","10":"first","11":"instock","12":"taxable","13":"shipping-taxable","14":"purchasable","15":"product-type-simple","16":"add-to-wishlist-before_image"},"acf":[],"yoast_head":"<!-- This site is optimized with the Yoast SEO plugin v26.9 - https:\/\/yoast.com\/product\/yoast-seo-wordpress\/ -->\n<title>Kit Rituale - Conjunto 7 Dias - Candela di Oxossi  verde - Il Crogiuolo<\/title>\n<meta name=\"description\" content=\"Kit Rituale - Conjunto 7 Dias - Candela di Oxossi  verde Il signore delle foreste, il grande cacciatore armato di arco e frecce, invitto guerriero, Oxossi, viene onorato con candele verdi. Si usa questa candela\" \/>\n<meta name=\"robots\" content=\"index, follow, max-snippet:-1, max-image-preview:large, max-video-preview:-1\" \/>\n<link rel=\"canonical\" href=\"https:\/\/ilcrogiuolo.it\/it\/p\/kit-rituale-conjunto-7-dias-candela-di-oxossi-verde\/\" \/>\n<meta property=\"og:locale\" content=\"it_IT\" \/>\n<meta property=\"og:type\" content=\"article\" \/>\n<meta property=\"og:title\" content=\"Kit Rituale - Conjunto 7 Dias - Candela di Oxossi  verde - Il Crogiuolo\" \/>\n<meta property=\"og:description\" content=\"Kit Rituale - Conjunto 7 Dias - Candela di Oxossi  verde Il signore delle foreste, il grande cacciatore armato di arco e frecce, invitto guerriero, Oxossi, viene onorato con candele verdi. Si usa questa candela\" \/>\n<meta property=\"og:url\" content=\"https:\/\/ilcrogiuolo.it\/it\/p\/kit-rituale-conjunto-7-dias-candela-di-oxossi-verde\/\" \/>\n<meta property=\"og:site_name\" content=\"Il Crogiuolo\" \/>\n<meta property=\"article:publisher\" content=\"https:\/\/www.facebook.com\/Il-Crogiuolo-681876418491758\" \/>\n<meta property=\"article:modified_time\" content=\"2021-12-16T15:44:31+00:00\" \/>\n<meta property=\"og:image\" content=\"https:\/\/ilcrogiuolo.it\/wp-content\/uploads\/2020\/01\/RITO-OXOSSI.jpg\" \/>\n\t<meta property=\"og:image:width\" content=\"1000\" \/>\n\t<meta property=\"og:image:height\" content=\"1000\" \/>\n\t<meta property=\"og:image:type\" content=\"image\/jpeg\" \/>\n<meta name=\"twitter:card\" content=\"summary_large_image\" \/>\n<meta name=\"twitter:label1\" content=\"Tempo di lettura stimato\" \/>\n\t<meta name=\"twitter:data1\" content=\"2 minuti\" \/>\n<script type=\"application\/ld+json\" class=\"yoast-schema-graph\">{\"@context\":\"https:\/\/schema.org\",\"@graph\":[{\"@type\":\"WebPage\",\"@id\":\"https:\/\/ilcrogiuolo.it\/it\/p\/kit-rituale-conjunto-7-dias-candela-di-oxossi-verde\/\",\"url\":\"https:\/\/ilcrogiuolo.it\/it\/p\/kit-rituale-conjunto-7-dias-candela-di-oxossi-verde\/\",\"name\":\"Kit Rituale - Conjunto 7 Dias - Candela di Oxossi verde - Il Crogiuolo\",\"isPartOf\":{\"@id\":\"https:\/\/ilcrogiuolo.it\/it\/#website\"},\"primaryImageOfPage\":{\"@id\":\"https:\/\/ilcrogiuolo.it\/it\/p\/kit-rituale-conjunto-7-dias-candela-di-oxossi-verde\/#primaryimage\"},\"image\":{\"@id\":\"https:\/\/ilcrogiuolo.it\/it\/p\/kit-rituale-conjunto-7-dias-candela-di-oxossi-verde\/#primaryimage\"},\"thumbnailUrl\":\"https:\/\/ilcrogiuolo.it\/wp-content\/uploads\/2020\/01\/RITO-OXOSSI.jpg\",\"datePublished\":\"2020-01-14T16:03:33+00:00\",\"dateModified\":\"2021-12-16T15:44:31+00:00\",\"description\":\"Kit Rituale - Conjunto 7 Dias - Candela di Oxossi verde Il signore delle foreste, il grande cacciatore armato di arco e frecce, invitto guerriero, Oxossi, viene onorato con candele verdi. Si usa questa candela\",\"breadcrumb\":{\"@id\":\"https:\/\/ilcrogiuolo.it\/it\/p\/kit-rituale-conjunto-7-dias-candela-di-oxossi-verde\/#breadcrumb\"},\"inLanguage\":\"it-IT\",\"potentialAction\":[{\"@type\":\"ReadAction\",\"target\":[\"https:\/\/ilcrogiuolo.it\/it\/p\/kit-rituale-conjunto-7-dias-candela-di-oxossi-verde\/\"]}]},{\"@type\":\"ImageObject\",\"inLanguage\":\"it-IT\",\"@id\":\"https:\/\/ilcrogiuolo.it\/it\/p\/kit-rituale-conjunto-7-dias-candela-di-oxossi-verde\/#primaryimage\",\"url\":\"https:\/\/ilcrogiuolo.it\/wp-content\/uploads\/2020\/01\/RITO-OXOSSI.jpg\",\"contentUrl\":\"https:\/\/ilcrogiuolo.it\/wp-content\/uploads\/2020\/01\/RITO-OXOSSI.jpg\",\"width\":1000,\"height\":1000},{\"@type\":\"BreadcrumbList\",\"@id\":\"https:\/\/ilcrogiuolo.it\/it\/p\/kit-rituale-conjunto-7-dias-candela-di-oxossi-verde\/#breadcrumb\",\"itemListElement\":[{\"@type\":\"ListItem\",\"position\":1,\"name\":\"Home\",\"item\":\"https:\/\/ilcrogiuolo.it\/it\/\"},{\"@type\":\"ListItem\",\"position\":2,\"name\":\"Shop\",\"item\":\"https:\/\/ilcrogiuolo.it\/it\/negozio\/\"},{\"@type\":\"ListItem\",\"position\":3,\"name\":\"Kit Rituale &#8211; Conjunto 7 Dias &#8211; Candela di Oxossi verde\"}]},{\"@type\":\"WebSite\",\"@id\":\"https:\/\/ilcrogiuolo.it\/it\/#website\",\"url\":\"https:\/\/ilcrogiuolo.it\/it\/\",\"name\":\"Il Crogiuolo\",\"description\":\"\",\"publisher\":{\"@id\":\"https:\/\/ilcrogiuolo.it\/it\/#organization\"},\"potentialAction\":[{\"@type\":\"SearchAction\",\"target\":{\"@type\":\"EntryPoint\",\"urlTemplate\":\"https:\/\/ilcrogiuolo.it\/it\/?s={search_term_string}\"},\"query-input\":{\"@type\":\"PropertyValueSpecification\",\"valueRequired\":true,\"valueName\":\"search_term_string\"}}],\"inLanguage\":\"it-IT\"},{\"@type\":\"Organization\",\"@id\":\"https:\/\/ilcrogiuolo.it\/it\/#organization\",\"name\":\"Il Crogiuolo\",\"url\":\"https:\/\/ilcrogiuolo.it\/it\/\",\"logo\":{\"@type\":\"ImageObject\",\"inLanguage\":\"it-IT\",\"@id\":\"https:\/\/ilcrogiuolo.it\/it\/#\/schema\/logo\/image\/\",\"url\":\"https:\/\/ilcrogiuolo.it\/wp-content\/uploads\/2020\/04\/logo.png\",\"contentUrl\":\"https:\/\/ilcrogiuolo.it\/wp-content\/uploads\/2020\/04\/logo.png\",\"width\":200,\"height\":49,\"caption\":\"Il Crogiuolo\"},\"image\":{\"@id\":\"https:\/\/ilcrogiuolo.it\/it\/#\/schema\/logo\/image\/\"},\"sameAs\":[\"https:\/\/www.facebook.com\/Il-Crogiuolo-681876418491758\"]}]}<\/script>\n<!-- \/ Yoast SEO plugin. -->","yoast_head_json":{"title":"Kit Rituale - Conjunto 7 Dias - Candela di Oxossi  verde - Il Crogiuolo","description":"Kit Rituale - Conjunto 7 Dias - Candela di Oxossi  verde Il signore delle foreste, il grande cacciatore armato di arco e frecce, invitto guerriero, Oxossi, viene onorato con candele verdi. Si usa questa candela","robots":{"index":"index","follow":"follow","max-snippet":"max-snippet:-1","max-image-preview":"max-image-preview:large","max-video-preview":"max-video-preview:-1"},"canonical":"https:\/\/ilcrogiuolo.it\/it\/p\/kit-rituale-conjunto-7-dias-candela-di-oxossi-verde\/","og_locale":"it_IT","og_type":"article","og_title":"Kit Rituale - Conjunto 7 Dias - Candela di Oxossi  verde - Il Crogiuolo","og_description":"Kit Rituale - Conjunto 7 Dias - Candela di Oxossi  verde Il signore delle foreste, il grande cacciatore armato di arco e frecce, invitto guerriero, Oxossi, viene onorato con candele verdi. Si usa questa candela","og_url":"https:\/\/ilcrogiuolo.it\/it\/p\/kit-rituale-conjunto-7-dias-candela-di-oxossi-verde\/","og_site_name":"Il Crogiuolo","article_publisher":"https:\/\/www.facebook.com\/Il-Crogiuolo-681876418491758","article_modified_time":"2021-12-16T15:44:31+00:00","og_image":[{"width":1000,"height":1000,"url":"https:\/\/ilcrogiuolo.it\/wp-content\/uploads\/2020\/01\/RITO-OXOSSI.jpg","type":"image\/jpeg"}],"twitter_card":"summary_large_image","twitter_misc":{"Tempo di lettura stimato":"2 minuti"},"schema":{"@context":"https:\/\/schema.org","@graph":[{"@type":"WebPage","@id":"https:\/\/ilcrogiuolo.it\/it\/p\/kit-rituale-conjunto-7-dias-candela-di-oxossi-verde\/","url":"https:\/\/ilcrogiuolo.it\/it\/p\/kit-rituale-conjunto-7-dias-candela-di-oxossi-verde\/","name":"Kit Rituale - Conjunto 7 Dias - Candela di Oxossi verde - Il Crogiuolo","isPartOf":{"@id":"https:\/\/ilcrogiuolo.it\/it\/#website"},"primaryImageOfPage":{"@id":"https:\/\/ilcrogiuolo.it\/it\/p\/kit-rituale-conjunto-7-dias-candela-di-oxossi-verde\/#primaryimage"},"image":{"@id":"https:\/\/ilcrogiuolo.it\/it\/p\/kit-rituale-conjunto-7-dias-candela-di-oxossi-verde\/#primaryimage"},"thumbnailUrl":"https:\/\/ilcrogiuolo.it\/wp-content\/uploads\/2020\/01\/RITO-OXOSSI.jpg","datePublished":"2020-01-14T16:03:33+00:00","dateModified":"2021-12-16T15:44:31+00:00","description":"Kit Rituale - Conjunto 7 Dias - Candela di Oxossi verde Il signore delle foreste, il grande cacciatore armato di arco e frecce, invitto guerriero, Oxossi, viene onorato con candele verdi. Si usa questa candela","breadcrumb":{"@id":"https:\/\/ilcrogiuolo.it\/it\/p\/kit-rituale-conjunto-7-dias-candela-di-oxossi-verde\/#breadcrumb"},"inLanguage":"it-IT","potentialAction":[{"@type":"ReadAction","target":["https:\/\/ilcrogiuolo.it\/it\/p\/kit-rituale-conjunto-7-dias-candela-di-oxossi-verde\/"]}]},{"@type":"ImageObject","inLanguage":"it-IT","@id":"https:\/\/ilcrogiuolo.it\/it\/p\/kit-rituale-conjunto-7-dias-candela-di-oxossi-verde\/#primaryimage","url":"https:\/\/ilcrogiuolo.it\/wp-content\/uploads\/2020\/01\/RITO-OXOSSI.jpg","contentUrl":"https:\/\/ilcrogiuolo.it\/wp-content\/uploads\/2020\/01\/RITO-OXOSSI.jpg","width":1000,"height":1000},{"@type":"BreadcrumbList","@id":"https:\/\/ilcrogiuolo.it\/it\/p\/kit-rituale-conjunto-7-dias-candela-di-oxossi-verde\/#breadcrumb","itemListElement":[{"@type":"ListItem","position":1,"name":"Home","item":"https:\/\/ilcrogiuolo.it\/it\/"},{"@type":"ListItem","position":2,"name":"Shop","item":"https:\/\/ilcrogiuolo.it\/it\/negozio\/"},{"@type":"ListItem","position":3,"name":"Kit Rituale &#8211; Conjunto 7 Dias &#8211; Candela di Oxossi verde"}]},{"@type":"WebSite","@id":"https:\/\/ilcrogiuolo.it\/it\/#website","url":"https:\/\/ilcrogiuolo.it\/it\/","name":"Il Crogiuolo","description":"","publisher":{"@id":"https:\/\/ilcrogiuolo.it\/it\/#organization"},"potentialAction":[{"@type":"SearchAction","target":{"@type":"EntryPoint","urlTemplate":"https:\/\/ilcrogiuolo.it\/it\/?s={search_term_string}"},"query-input":{"@type":"PropertyValueSpecification","valueRequired":true,"valueName":"search_term_string"}}],"inLanguage":"it-IT"},{"@type":"Organization","@id":"https:\/\/ilcrogiuolo.it\/it\/#organization","name":"Il Crogiuolo","url":"https:\/\/ilcrogiuolo.it\/it\/","logo":{"@type":"ImageObject","inLanguage":"it-IT","@id":"https:\/\/ilcrogiuolo.it\/it\/#\/schema\/logo\/image\/","url":"https:\/\/ilcrogiuolo.it\/wp-content\/uploads\/2020\/04\/logo.png","contentUrl":"https:\/\/ilcrogiuolo.it\/wp-content\/uploads\/2020\/04\/logo.png","width":200,"height":49,"caption":"Il Crogiuolo"},"image":{"@id":"https:\/\/ilcrogiuolo.it\/it\/#\/schema\/logo\/image\/"},"sameAs":["https:\/\/www.facebook.com\/Il-Crogiuolo-681876418491758"]}]}},"_links":{"self":[{"href":"https:\/\/ilcrogiuolo.it\/it\/wp-json\/wp\/v2\/product\/1584","targetHints":{"allow":["GET"]}}],"collection":[{"href":"https:\/\/ilcrogiuolo.it\/it\/wp-json\/wp\/v2\/product"}],"about":[{"href":"https:\/\/ilcrogiuolo.it\/it\/wp-json\/wp\/v2\/types\/product"}],"wp:featuredmedia":[{"embeddable":true,"href":"https:\/\/ilcrogiuolo.it\/it\/wp-json\/wp\/v2\/media\/32597"}],"wp:attachment":[{"href":"https:\/\/ilcrogiuolo.it\/it\/wp-json\/wp\/v2\/media?parent=1584"}],"wp:term":[{"taxonomy":"product_brand","embeddable":true,"href":"https:\/\/ilcrogiuolo.it\/it\/wp-json\/wp\/v2\/product_brand?post=1584"},{"taxonomy":"product_cat","embeddable":true,"href":"https:\/\/ilcrogiuolo.it\/it\/wp-json\/wp\/v2\/product_cat?post=1584"},{"taxonomy":"product_tag","embeddable":true,"href":"https:\/\/ilcrogiuolo.it\/it\/wp-json\/wp\/v2\/product_tag?post=1584"}],"curies":[{"name":"wp","href":"https:\/\/api.w.org\/{rel}","templated":true}]}}