{"id":1551,"date":"2020-01-14T17:03:33","date_gmt":"2020-01-14T16:03:33","guid":{"rendered":"https:\/\/ilcrogiuolo.it\/p\/777-il-futuro-dellumanita-anonimo-torinese\/"},"modified":"2020-02-06T18:23:38","modified_gmt":"2020-02-06T17:23:38","slug":"777-il-futuro-dellumanita-anonimo-torinese","status":"publish","type":"product","link":"https:\/\/ilcrogiuolo.it\/it\/p\/777-il-futuro-dellumanita-anonimo-torinese\/","title":{"rendered":"777 IL FUTURO DELL&#8217;UMANITA &#8211; Anonimo Torinese"},"content":{"rendered":"<p>Edizioni HONI<\/p>\n<ul id=\"info-prodotto\">\n<li>Pagine 97<\/li>\n<li>Formato: 15&#215;21<\/li>\n<li>Anno: 2016<\/li>\n<\/ul>\n<p>&nbsp;<\/p>\n<p>L&#8217;intervista rilasciata da una mistica contemporanea ad uno scrittore torinese nel 2001.<br \/>\nIn questa intervista la mistica, che desidera conservare il pi\u00f9 totale anonimato, parla con estrema chiarezza di una serie di avvenimenti futuri che riguarderanno V umanit\u00e0.<br \/>\nFino a una precisa data: il 2242.<\/p>\n<p>Una testimonianza spirituale unica nel suo genere.<br \/>\nLa straordinaria personalit\u00e0 e il carisma di questa veggente hanno spinto Fautore a pubblicare una parte di tale intervista.<\/p>\n<p>Prefazione:<br \/>\n&#8220;Questo libro \u00e8 il frutto di un&#8217;esperienza mistica.<br \/>\nLa sua pubblicazione \u00e8 stata concessa dalla sua autrice, una mistica che si riserva il pi\u00f9 totale anonimato, a partire dalla primavera del 2007.<br \/>\nAd una prima lettura le pagine che seguono possono essere considerate \u201csconvolgenti\u201d.<br \/>\nNoi non crediamo. Anzi, riteniamo si debbano considerare assolutamente rasserenanti.<br \/>\nPer la prima volta nella storia della letteratura profetica questo libro, che include un poema, frutto dell&#8217;esperienza visionaria della mistica, possiede 1&#8242; interpretazione, almeno a livello parziale, delle profezie stesse.<br \/>\nAl termine del libro \u00e8 infatti contenuta l&#8217;intervista rilasciata all&#8217;autore nel 2001.<br \/>\nLe profezie saranno quindi finalmente note a tutti.<br \/>\nIl Poema del Futuro avr\u00e0 come conclusione l&#8217;interpretazione di alcune sue parti, incluse le ultime, e cio\u00e8 vicine all&#8217;anno 2242.<br \/>\nE&#8217; questo che la veggente ha voluto, proprio per porre davanti al lettore gli eventi futuri in tutta la loro chiarezza.<br \/>\nLa straordinaria profondit\u00e0 e sincerit\u00e0 di questa veggente ha spinto l&#8217;autore di questo scritto, dopo fasi alterne di incertezze e dubbi, a pubblicare l&#8217;intera intervista (tranne le parti che lo riguardano personalmente), in cui sono contenute rivelazioni precise sul futuro dell&#8217;umanit\u00e0.<br \/>\nIl desiderio della mistica \u00e8 che questo libro sia letto dal pi\u00f9 alto numero di persone.<br \/>\nL&#8217;intervista \u00e8 di facile lettura, mentre il breve poema che la precede \u00e8 di natura prettamente mistica e criptica. Pertanto neanche l&#8217;autrice ne conosce la profonda essenza.<br \/>\nQuesto libro \u00e8 da considerarsi soprattutto come una vivida testimonianza di un percorso spirituale.<br \/>\nNella letteratura cosiddetta profetica, e non solo cristiana, sono frequenti i testi che parlano di visioni, premonizioni e profezie, oltre a tutta una serie di esperienze che si definiscono extra-razionali, o, se si preferisce, preternaturali.<br \/>\nNon fa eccezione questo libro che contiene una serie di visioni, ovvero di fenomeni di chiaroveggenza nel presente e soprattutto nel futuro che hanno in pi\u00f9 occasioni riguardato la precitata mistica.<br \/>\nQuesta sostiene che il Divino nella sua onniscienza vede contemporaneamente tutto; e il fatto che alcune persone come lei partecipino, seppure minimamente e a tratti, a questa divina consapevolezza non deve turbare affatto.<br \/>\nI carismi di rivelazione, infatti, non svelano il mistero del futuro ma semmai possono illuminarne, anche se in maniera poco nitida e fugace, alcuni tratti.<br \/>\nL&#8217;autenticit\u00e0 di una esperienza mistica la si deduce essenzialmente dalle conseguenze di natura eticoreligiosa che nel tempo essa determina.<br \/>\nLa qualit\u00e0 di un albero la si vede dai suoi frutti. (Mt,12).<br \/>\nAnche le esperienze dei mistici non sono tuttavia prive di imperfezioni nel recepire la voce divina. Devono quindi essere considerate semplicemente come degli ammonimenti per meglio uniformarsi ai dettami evangelici. Niente di pi\u00f9.<br \/>\nIl Magistero della Chiesa definisce tali esperienze come rivelazioni private, che rinviano all&#8217;unica rivelazione pubblica la quale ha in Cristo la sua pienezza e nella Scrittura la sua normativa.<br \/>\nLa veggente crede in tutto ci\u00f2 che il Magistero della Chiesa afferma.<br \/>\nI testi che trattano di futuro e profezia sono migliaia. La presente \u00e8 invece una vivida testimonianza di natura mistica, ed \u00e8 proprio in questo che consiste la sua genuinit\u00e0.<br \/>\nCredendo ella fermamente nella Parusia del Cristo e nel Giudizio finale alla fine dei tempi.&#8221;<\/p>\n<p><strong>Anonimo Torinese<\/strong><\/p>\n","protected":false},"excerpt":{"rendered":"<p>Edizioni HONI Pagine 97 Formato: 15&#215;21 Anno: 2016 &nbsp; L&#8217;intervista rilasciata da una mistica contemporanea ad uno scrittore torinese nel&#8230;<\/p>\n","protected":false},"featured_media":1552,"template":"","meta":{"_acf_changed":false},"product_brand":[],"product_cat":[1077,1536,1060],"product_tag":[],"class_list":{"0":"post-1551","1":"product","2":"type-product","3":"status-publish","4":"has-post-thumbnail","6":"product_cat-libreria-esoterica-libreria-esoterica","7":"product_cat-altre-edizioni","8":"product_cat-libreria-esoterica","10":"first","11":"outofstock","12":"taxable","13":"shipping-taxable","14":"purchasable","15":"product-type-simple","16":"add-to-wishlist-before_image"},"acf":[],"yoast_head":"<!-- This site is optimized with the Yoast SEO plugin v26.9 - https:\/\/yoast.com\/product\/yoast-seo-wordpress\/ -->\n<title>777 IL FUTURO DELL&#039;UMANITA - Anonimo Torinese - Il Crogiuolo<\/title>\n<meta name=\"description\" content=\"777 IL FUTURO DELL&#039;UMANITA - Anonimo Torinese Edizioni HONI Pagine 97 Formato: 15x21 Anno: 2016 &nbsp; L&#039;intervista rilasciata da una mistica contemporanea ad uno scrittore torinese nel 2001. In\" \/>\n<meta name=\"robots\" content=\"index, follow, max-snippet:-1, max-image-preview:large, max-video-preview:-1\" \/>\n<link rel=\"canonical\" href=\"https:\/\/ilcrogiuolo.it\/it\/p\/777-il-futuro-dellumanita-anonimo-torinese\/\" \/>\n<meta property=\"og:locale\" content=\"it_IT\" \/>\n<meta property=\"og:type\" content=\"article\" \/>\n<meta property=\"og:title\" content=\"777 IL FUTURO DELL&#039;UMANITA - Anonimo Torinese - Il Crogiuolo\" \/>\n<meta property=\"og:description\" content=\"777 IL FUTURO DELL&#039;UMANITA - Anonimo Torinese Edizioni HONI Pagine 97 Formato: 15x21 Anno: 2016 &nbsp; L&#039;intervista rilasciata da una mistica contemporanea ad uno scrittore torinese nel 2001. In\" \/>\n<meta property=\"og:url\" content=\"https:\/\/ilcrogiuolo.it\/it\/p\/777-il-futuro-dellumanita-anonimo-torinese\/\" \/>\n<meta property=\"og:site_name\" content=\"Il Crogiuolo\" \/>\n<meta property=\"article:publisher\" content=\"https:\/\/www.facebook.com\/Il-Crogiuolo-681876418491758\" \/>\n<meta property=\"article:modified_time\" content=\"2020-02-06T17:23:38+00:00\" \/>\n<meta property=\"og:image\" content=\"https:\/\/ilcrogiuolo.it\/wp-content\/uploads\/2020\/01\/777futuroumanitaprofezielibro_8661244.jpg\" \/>\n\t<meta property=\"og:image:width\" content=\"627\" \/>\n\t<meta property=\"og:image:height\" content=\"600\" \/>\n\t<meta property=\"og:image:type\" content=\"image\/jpeg\" \/>\n<meta name=\"twitter:card\" content=\"summary_large_image\" \/>\n<meta name=\"twitter:label1\" content=\"Tempo di lettura stimato\" \/>\n\t<meta name=\"twitter:data1\" content=\"3 minuti\" \/>\n<script type=\"application\/ld+json\" class=\"yoast-schema-graph\">{\"@context\":\"https:\/\/schema.org\",\"@graph\":[{\"@type\":\"WebPage\",\"@id\":\"https:\/\/ilcrogiuolo.it\/it\/p\/777-il-futuro-dellumanita-anonimo-torinese\/\",\"url\":\"https:\/\/ilcrogiuolo.it\/it\/p\/777-il-futuro-dellumanita-anonimo-torinese\/\",\"name\":\"777 IL FUTURO DELL'UMANITA - Anonimo Torinese - Il Crogiuolo\",\"isPartOf\":{\"@id\":\"https:\/\/ilcrogiuolo.it\/it\/#website\"},\"primaryImageOfPage\":{\"@id\":\"https:\/\/ilcrogiuolo.it\/it\/p\/777-il-futuro-dellumanita-anonimo-torinese\/#primaryimage\"},\"image\":{\"@id\":\"https:\/\/ilcrogiuolo.it\/it\/p\/777-il-futuro-dellumanita-anonimo-torinese\/#primaryimage\"},\"thumbnailUrl\":\"https:\/\/ilcrogiuolo.it\/wp-content\/uploads\/2020\/01\/777futuroumanitaprofezielibro_8661244.jpg\",\"datePublished\":\"2020-01-14T16:03:33+00:00\",\"dateModified\":\"2020-02-06T17:23:38+00:00\",\"description\":\"777 IL FUTURO DELL'UMANITA - Anonimo Torinese Edizioni HONI Pagine 97 Formato: 15x21 Anno: 2016 &nbsp; L'intervista rilasciata da una mistica contemporanea ad uno scrittore torinese nel 2001. In\",\"breadcrumb\":{\"@id\":\"https:\/\/ilcrogiuolo.it\/it\/p\/777-il-futuro-dellumanita-anonimo-torinese\/#breadcrumb\"},\"inLanguage\":\"it-IT\",\"potentialAction\":[{\"@type\":\"ReadAction\",\"target\":[\"https:\/\/ilcrogiuolo.it\/it\/p\/777-il-futuro-dellumanita-anonimo-torinese\/\"]}]},{\"@type\":\"ImageObject\",\"inLanguage\":\"it-IT\",\"@id\":\"https:\/\/ilcrogiuolo.it\/it\/p\/777-il-futuro-dellumanita-anonimo-torinese\/#primaryimage\",\"url\":\"https:\/\/ilcrogiuolo.it\/wp-content\/uploads\/2020\/01\/777futuroumanitaprofezielibro_8661244.jpg\",\"contentUrl\":\"https:\/\/ilcrogiuolo.it\/wp-content\/uploads\/2020\/01\/777futuroumanitaprofezielibro_8661244.jpg\",\"width\":627,\"height\":600},{\"@type\":\"BreadcrumbList\",\"@id\":\"https:\/\/ilcrogiuolo.it\/it\/p\/777-il-futuro-dellumanita-anonimo-torinese\/#breadcrumb\",\"itemListElement\":[{\"@type\":\"ListItem\",\"position\":1,\"name\":\"Home\",\"item\":\"https:\/\/ilcrogiuolo.it\/it\/\"},{\"@type\":\"ListItem\",\"position\":2,\"name\":\"Shop\",\"item\":\"https:\/\/ilcrogiuolo.it\/it\/negozio\/\"},{\"@type\":\"ListItem\",\"position\":3,\"name\":\"777 IL FUTURO DELL&#8217;UMANITA &#8211; Anonimo Torinese\"}]},{\"@type\":\"WebSite\",\"@id\":\"https:\/\/ilcrogiuolo.it\/it\/#website\",\"url\":\"https:\/\/ilcrogiuolo.it\/it\/\",\"name\":\"Il Crogiuolo\",\"description\":\"\",\"publisher\":{\"@id\":\"https:\/\/ilcrogiuolo.it\/it\/#organization\"},\"potentialAction\":[{\"@type\":\"SearchAction\",\"target\":{\"@type\":\"EntryPoint\",\"urlTemplate\":\"https:\/\/ilcrogiuolo.it\/it\/?s={search_term_string}\"},\"query-input\":{\"@type\":\"PropertyValueSpecification\",\"valueRequired\":true,\"valueName\":\"search_term_string\"}}],\"inLanguage\":\"it-IT\"},{\"@type\":\"Organization\",\"@id\":\"https:\/\/ilcrogiuolo.it\/it\/#organization\",\"name\":\"Il Crogiuolo\",\"url\":\"https:\/\/ilcrogiuolo.it\/it\/\",\"logo\":{\"@type\":\"ImageObject\",\"inLanguage\":\"it-IT\",\"@id\":\"https:\/\/ilcrogiuolo.it\/it\/#\/schema\/logo\/image\/\",\"url\":\"https:\/\/ilcrogiuolo.it\/wp-content\/uploads\/2020\/04\/logo.png\",\"contentUrl\":\"https:\/\/ilcrogiuolo.it\/wp-content\/uploads\/2020\/04\/logo.png\",\"width\":200,\"height\":49,\"caption\":\"Il Crogiuolo\"},\"image\":{\"@id\":\"https:\/\/ilcrogiuolo.it\/it\/#\/schema\/logo\/image\/\"},\"sameAs\":[\"https:\/\/www.facebook.com\/Il-Crogiuolo-681876418491758\"]}]}<\/script>\n<!-- \/ Yoast SEO plugin. -->","yoast_head_json":{"title":"777 IL FUTURO DELL'UMANITA - Anonimo Torinese - Il Crogiuolo","description":"777 IL FUTURO DELL'UMANITA - Anonimo Torinese Edizioni HONI Pagine 97 Formato: 15x21 Anno: 2016 &nbsp; L'intervista rilasciata da una mistica contemporanea ad uno scrittore torinese nel 2001. In","robots":{"index":"index","follow":"follow","max-snippet":"max-snippet:-1","max-image-preview":"max-image-preview:large","max-video-preview":"max-video-preview:-1"},"canonical":"https:\/\/ilcrogiuolo.it\/it\/p\/777-il-futuro-dellumanita-anonimo-torinese\/","og_locale":"it_IT","og_type":"article","og_title":"777 IL FUTURO DELL'UMANITA - Anonimo Torinese - Il Crogiuolo","og_description":"777 IL FUTURO DELL'UMANITA - Anonimo Torinese Edizioni HONI Pagine 97 Formato: 15x21 Anno: 2016 &nbsp; L'intervista rilasciata da una mistica contemporanea ad uno scrittore torinese nel 2001. In","og_url":"https:\/\/ilcrogiuolo.it\/it\/p\/777-il-futuro-dellumanita-anonimo-torinese\/","og_site_name":"Il Crogiuolo","article_publisher":"https:\/\/www.facebook.com\/Il-Crogiuolo-681876418491758","article_modified_time":"2020-02-06T17:23:38+00:00","og_image":[{"width":627,"height":600,"url":"https:\/\/ilcrogiuolo.it\/wp-content\/uploads\/2020\/01\/777futuroumanitaprofezielibro_8661244.jpg","type":"image\/jpeg"}],"twitter_card":"summary_large_image","twitter_misc":{"Tempo di lettura stimato":"3 minuti"},"schema":{"@context":"https:\/\/schema.org","@graph":[{"@type":"WebPage","@id":"https:\/\/ilcrogiuolo.it\/it\/p\/777-il-futuro-dellumanita-anonimo-torinese\/","url":"https:\/\/ilcrogiuolo.it\/it\/p\/777-il-futuro-dellumanita-anonimo-torinese\/","name":"777 IL FUTURO DELL'UMANITA - Anonimo Torinese - Il Crogiuolo","isPartOf":{"@id":"https:\/\/ilcrogiuolo.it\/it\/#website"},"primaryImageOfPage":{"@id":"https:\/\/ilcrogiuolo.it\/it\/p\/777-il-futuro-dellumanita-anonimo-torinese\/#primaryimage"},"image":{"@id":"https:\/\/ilcrogiuolo.it\/it\/p\/777-il-futuro-dellumanita-anonimo-torinese\/#primaryimage"},"thumbnailUrl":"https:\/\/ilcrogiuolo.it\/wp-content\/uploads\/2020\/01\/777futuroumanitaprofezielibro_8661244.jpg","datePublished":"2020-01-14T16:03:33+00:00","dateModified":"2020-02-06T17:23:38+00:00","description":"777 IL FUTURO DELL'UMANITA - Anonimo Torinese Edizioni HONI Pagine 97 Formato: 15x21 Anno: 2016 &nbsp; L'intervista rilasciata da una mistica contemporanea ad uno scrittore torinese nel 2001. In","breadcrumb":{"@id":"https:\/\/ilcrogiuolo.it\/it\/p\/777-il-futuro-dellumanita-anonimo-torinese\/#breadcrumb"},"inLanguage":"it-IT","potentialAction":[{"@type":"ReadAction","target":["https:\/\/ilcrogiuolo.it\/it\/p\/777-il-futuro-dellumanita-anonimo-torinese\/"]}]},{"@type":"ImageObject","inLanguage":"it-IT","@id":"https:\/\/ilcrogiuolo.it\/it\/p\/777-il-futuro-dellumanita-anonimo-torinese\/#primaryimage","url":"https:\/\/ilcrogiuolo.it\/wp-content\/uploads\/2020\/01\/777futuroumanitaprofezielibro_8661244.jpg","contentUrl":"https:\/\/ilcrogiuolo.it\/wp-content\/uploads\/2020\/01\/777futuroumanitaprofezielibro_8661244.jpg","width":627,"height":600},{"@type":"BreadcrumbList","@id":"https:\/\/ilcrogiuolo.it\/it\/p\/777-il-futuro-dellumanita-anonimo-torinese\/#breadcrumb","itemListElement":[{"@type":"ListItem","position":1,"name":"Home","item":"https:\/\/ilcrogiuolo.it\/it\/"},{"@type":"ListItem","position":2,"name":"Shop","item":"https:\/\/ilcrogiuolo.it\/it\/negozio\/"},{"@type":"ListItem","position":3,"name":"777 IL FUTURO DELL&#8217;UMANITA &#8211; Anonimo Torinese"}]},{"@type":"WebSite","@id":"https:\/\/ilcrogiuolo.it\/it\/#website","url":"https:\/\/ilcrogiuolo.it\/it\/","name":"Il Crogiuolo","description":"","publisher":{"@id":"https:\/\/ilcrogiuolo.it\/it\/#organization"},"potentialAction":[{"@type":"SearchAction","target":{"@type":"EntryPoint","urlTemplate":"https:\/\/ilcrogiuolo.it\/it\/?s={search_term_string}"},"query-input":{"@type":"PropertyValueSpecification","valueRequired":true,"valueName":"search_term_string"}}],"inLanguage":"it-IT"},{"@type":"Organization","@id":"https:\/\/ilcrogiuolo.it\/it\/#organization","name":"Il Crogiuolo","url":"https:\/\/ilcrogiuolo.it\/it\/","logo":{"@type":"ImageObject","inLanguage":"it-IT","@id":"https:\/\/ilcrogiuolo.it\/it\/#\/schema\/logo\/image\/","url":"https:\/\/ilcrogiuolo.it\/wp-content\/uploads\/2020\/04\/logo.png","contentUrl":"https:\/\/ilcrogiuolo.it\/wp-content\/uploads\/2020\/04\/logo.png","width":200,"height":49,"caption":"Il Crogiuolo"},"image":{"@id":"https:\/\/ilcrogiuolo.it\/it\/#\/schema\/logo\/image\/"},"sameAs":["https:\/\/www.facebook.com\/Il-Crogiuolo-681876418491758"]}]}},"_links":{"self":[{"href":"https:\/\/ilcrogiuolo.it\/it\/wp-json\/wp\/v2\/product\/1551","targetHints":{"allow":["GET"]}}],"collection":[{"href":"https:\/\/ilcrogiuolo.it\/it\/wp-json\/wp\/v2\/product"}],"about":[{"href":"https:\/\/ilcrogiuolo.it\/it\/wp-json\/wp\/v2\/types\/product"}],"wp:featuredmedia":[{"embeddable":true,"href":"https:\/\/ilcrogiuolo.it\/it\/wp-json\/wp\/v2\/media\/1552"}],"wp:attachment":[{"href":"https:\/\/ilcrogiuolo.it\/it\/wp-json\/wp\/v2\/media?parent=1551"}],"wp:term":[{"taxonomy":"product_brand","embeddable":true,"href":"https:\/\/ilcrogiuolo.it\/it\/wp-json\/wp\/v2\/product_brand?post=1551"},{"taxonomy":"product_cat","embeddable":true,"href":"https:\/\/ilcrogiuolo.it\/it\/wp-json\/wp\/v2\/product_cat?post=1551"},{"taxonomy":"product_tag","embeddable":true,"href":"https:\/\/ilcrogiuolo.it\/it\/wp-json\/wp\/v2\/product_tag?post=1551"}],"curies":[{"name":"wp","href":"https:\/\/api.w.org\/{rel}","templated":true}]}}