{"id":1536,"date":"2020-01-14T17:03:29","date_gmt":"2020-01-14T16:03:29","guid":{"rendered":"https:\/\/ilcrogiuolo.it\/p\/kit-rituale-conjunto-7-dias-candela-rossa\/"},"modified":"2025-03-10T16:45:36","modified_gmt":"2025-03-10T15:45:36","slug":"kit-rituale-conjunto-7-dias-candela-rossa","status":"publish","type":"product","link":"https:\/\/ilcrogiuolo.it\/it\/p\/kit-rituale-conjunto-7-dias-candela-rossa\/","title":{"rendered":"Kit Rituale &#8211; Conjunto 7 Dias &#8211;  Candela Rossa"},"content":{"rendered":"<p>Sono molti gli Orix\u00e1s che prediligono il rosso come colore: Xang\u00f4, Og\u00f9n, Bar\u00e1\/Ex\u00fa e la disinibita Pomba Gira. Tutti questi Santi gradiscono in offerta candele di questo caldo colore. Le candele rosse si usano nei riti per propiziare la sessualit\u00e0, la passione, l\u2019amore, ma anche la forza fisica, la vittoria, la vendetta, la rabbia ed il coraggio. A seconda del Santo a cui ci si rivolge si accender\u00e0 in un giorno differente e si assocer\u00e0 ad un prodotto specifico per ottenere risultati diversi: Luned\u00ec: Bar\u00e1\/Ex\u00fa Mercoled\u00ec: Xang\u00f4 Gioved\u00ec: Og\u00f9m Venerd\u00ec: Pomba Gira Nei riti di Og\u00f9m la candela rossa \u00e8 indispensabile e per ottenere uno speciale riguardo da questo potente Orix\u00e1 \u00e8 bene impiegare anche l\u2019omonimo defumador ed il fluido. Per ottenere meriti e vittorie sportive e per trionfare sui nemici con l\u2019aiuto di San Giorgio, Og\u00f9m, recitare anche per sette giorni la sua preghiera.<\/p>\n<p><strong>Oggi ancora pi\u00f9 completi<br \/>\nNovit\u00e0! Nei kit rituali legati alle Entit\u00e0 troverete in omaggio una bellissima stampa che li rappresenta.<\/strong><\/p>\n<p>La confezione comprende: 1 Candela Sete Dias, 1 conf. defumadores atti allo scopo, l&#8217;olio esoterico appropriato e le istruzioni per l&#8217;uso. Potete aggiungere polveri adatte per potenziarne o mirarne gli effetti.<\/p>\n","protected":false},"excerpt":{"rendered":"<p>Sono molti gli Orix\u00e1s che prediligono il rosso come colore: Xang\u00f4, Og\u00f9n, Bar\u00e1\/Ex\u00fa e la disinibita Pomba Gira. Tutti questi&#8230;<\/p>\n","protected":false},"featured_media":49561,"template":"","meta":{"_acf_changed":false},"product_brand":[],"product_cat":[1079,1059,1274],"product_tag":[],"class_list":{"0":"post-1536","1":"product","2":"type-product","3":"status-publish","4":"has-post-thumbnail","6":"product_cat-rituali-afrobrasiliani-santeria","7":"product_cat-articoli-esoterici","8":"product_cat-kit-conjuntos-con-le-candele-sete-dias","10":"first","11":"instock","12":"taxable","13":"shipping-taxable","14":"purchasable","15":"product-type-simple","16":"add-to-wishlist-before_image"},"acf":[],"yoast_head":"<!-- This site is optimized with the Yoast SEO plugin v26.9 - https:\/\/yoast.com\/product\/yoast-seo-wordpress\/ -->\n<title>Kit Rituale - Conjunto 7 Dias - Candela Rossa - Il Crogiuolo<\/title>\n<meta name=\"description\" content=\"Kit Rituale - Conjunto 7 Dias - Candela Rossa Sono molti gli Orix\u00e1s che prediligono il rosso come colore: Xang\u00f4, Og\u00f9n, Bar\u00e1\/Ex\u00fa e la disinibita Pomba Gira. Tutti questi Santi gradiscono in offerta\" \/>\n<meta name=\"robots\" content=\"index, follow, max-snippet:-1, max-image-preview:large, max-video-preview:-1\" \/>\n<link rel=\"canonical\" href=\"https:\/\/ilcrogiuolo.it\/it\/p\/kit-rituale-conjunto-7-dias-candela-rossa\/\" \/>\n<meta property=\"og:locale\" content=\"it_IT\" \/>\n<meta property=\"og:type\" content=\"article\" \/>\n<meta property=\"og:title\" content=\"Kit Rituale - Conjunto 7 Dias - Candela Rossa - Il Crogiuolo\" \/>\n<meta property=\"og:description\" content=\"Kit Rituale - Conjunto 7 Dias - Candela Rossa Sono molti gli Orix\u00e1s che prediligono il rosso come colore: Xang\u00f4, Og\u00f9n, Bar\u00e1\/Ex\u00fa e la disinibita Pomba Gira. Tutti questi Santi gradiscono in offerta\" \/>\n<meta property=\"og:url\" content=\"https:\/\/ilcrogiuolo.it\/it\/p\/kit-rituale-conjunto-7-dias-candela-rossa\/\" \/>\n<meta property=\"og:site_name\" content=\"Il Crogiuolo\" \/>\n<meta property=\"article:publisher\" content=\"https:\/\/www.facebook.com\/Il-Crogiuolo-681876418491758\" \/>\n<meta property=\"article:modified_time\" content=\"2025-03-10T15:45:36+00:00\" \/>\n<meta property=\"og:image\" content=\"https:\/\/ilcrogiuolo.it\/wp-content\/uploads\/2020\/01\/CONJUNTO-OGUM-JORGE.png\" \/>\n\t<meta property=\"og:image:width\" content=\"1000\" \/>\n\t<meta property=\"og:image:height\" content=\"1000\" \/>\n\t<meta property=\"og:image:type\" content=\"image\/png\" \/>\n<meta name=\"twitter:card\" content=\"summary_large_image\" \/>\n<meta name=\"twitter:label1\" content=\"Tempo di lettura stimato\" \/>\n\t<meta name=\"twitter:data1\" content=\"2 minuti\" \/>\n<script type=\"application\/ld+json\" class=\"yoast-schema-graph\">{\"@context\":\"https:\/\/schema.org\",\"@graph\":[{\"@type\":\"WebPage\",\"@id\":\"https:\/\/ilcrogiuolo.it\/it\/p\/kit-rituale-conjunto-7-dias-candela-rossa\/\",\"url\":\"https:\/\/ilcrogiuolo.it\/it\/p\/kit-rituale-conjunto-7-dias-candela-rossa\/\",\"name\":\"Kit Rituale - Conjunto 7 Dias - Candela Rossa - Il Crogiuolo\",\"isPartOf\":{\"@id\":\"https:\/\/ilcrogiuolo.it\/it\/#website\"},\"primaryImageOfPage\":{\"@id\":\"https:\/\/ilcrogiuolo.it\/it\/p\/kit-rituale-conjunto-7-dias-candela-rossa\/#primaryimage\"},\"image\":{\"@id\":\"https:\/\/ilcrogiuolo.it\/it\/p\/kit-rituale-conjunto-7-dias-candela-rossa\/#primaryimage\"},\"thumbnailUrl\":\"https:\/\/ilcrogiuolo.it\/wp-content\/uploads\/2020\/01\/CONJUNTO-OGUM-JORGE.png\",\"datePublished\":\"2020-01-14T16:03:29+00:00\",\"dateModified\":\"2025-03-10T15:45:36+00:00\",\"description\":\"Kit Rituale - Conjunto 7 Dias - Candela Rossa Sono molti gli Orix\u00e1s che prediligono il rosso come colore: Xang\u00f4, Og\u00f9n, Bar\u00e1\/Ex\u00fa e la disinibita Pomba Gira. Tutti questi Santi gradiscono in offerta\",\"breadcrumb\":{\"@id\":\"https:\/\/ilcrogiuolo.it\/it\/p\/kit-rituale-conjunto-7-dias-candela-rossa\/#breadcrumb\"},\"inLanguage\":\"it-IT\",\"potentialAction\":[{\"@type\":\"ReadAction\",\"target\":[\"https:\/\/ilcrogiuolo.it\/it\/p\/kit-rituale-conjunto-7-dias-candela-rossa\/\"]}]},{\"@type\":\"ImageObject\",\"inLanguage\":\"it-IT\",\"@id\":\"https:\/\/ilcrogiuolo.it\/it\/p\/kit-rituale-conjunto-7-dias-candela-rossa\/#primaryimage\",\"url\":\"https:\/\/ilcrogiuolo.it\/wp-content\/uploads\/2020\/01\/CONJUNTO-OGUM-JORGE.png\",\"contentUrl\":\"https:\/\/ilcrogiuolo.it\/wp-content\/uploads\/2020\/01\/CONJUNTO-OGUM-JORGE.png\",\"width\":1000,\"height\":1000},{\"@type\":\"BreadcrumbList\",\"@id\":\"https:\/\/ilcrogiuolo.it\/it\/p\/kit-rituale-conjunto-7-dias-candela-rossa\/#breadcrumb\",\"itemListElement\":[{\"@type\":\"ListItem\",\"position\":1,\"name\":\"Home\",\"item\":\"https:\/\/ilcrogiuolo.it\/it\/\"},{\"@type\":\"ListItem\",\"position\":2,\"name\":\"Shop\",\"item\":\"https:\/\/ilcrogiuolo.it\/it\/negozio\/\"},{\"@type\":\"ListItem\",\"position\":3,\"name\":\"Kit Rituale &#8211; Conjunto 7 Dias &#8211; Candela Rossa\"}]},{\"@type\":\"WebSite\",\"@id\":\"https:\/\/ilcrogiuolo.it\/it\/#website\",\"url\":\"https:\/\/ilcrogiuolo.it\/it\/\",\"name\":\"Il Crogiuolo\",\"description\":\"\",\"publisher\":{\"@id\":\"https:\/\/ilcrogiuolo.it\/it\/#organization\"},\"potentialAction\":[{\"@type\":\"SearchAction\",\"target\":{\"@type\":\"EntryPoint\",\"urlTemplate\":\"https:\/\/ilcrogiuolo.it\/it\/?s={search_term_string}\"},\"query-input\":{\"@type\":\"PropertyValueSpecification\",\"valueRequired\":true,\"valueName\":\"search_term_string\"}}],\"inLanguage\":\"it-IT\"},{\"@type\":\"Organization\",\"@id\":\"https:\/\/ilcrogiuolo.it\/it\/#organization\",\"name\":\"Il Crogiuolo\",\"url\":\"https:\/\/ilcrogiuolo.it\/it\/\",\"logo\":{\"@type\":\"ImageObject\",\"inLanguage\":\"it-IT\",\"@id\":\"https:\/\/ilcrogiuolo.it\/it\/#\/schema\/logo\/image\/\",\"url\":\"https:\/\/ilcrogiuolo.it\/wp-content\/uploads\/2020\/04\/logo.png\",\"contentUrl\":\"https:\/\/ilcrogiuolo.it\/wp-content\/uploads\/2020\/04\/logo.png\",\"width\":200,\"height\":49,\"caption\":\"Il Crogiuolo\"},\"image\":{\"@id\":\"https:\/\/ilcrogiuolo.it\/it\/#\/schema\/logo\/image\/\"},\"sameAs\":[\"https:\/\/www.facebook.com\/Il-Crogiuolo-681876418491758\"]}]}<\/script>\n<!-- \/ Yoast SEO plugin. -->","yoast_head_json":{"title":"Kit Rituale - Conjunto 7 Dias - Candela Rossa - Il Crogiuolo","description":"Kit Rituale - Conjunto 7 Dias - Candela Rossa Sono molti gli Orix\u00e1s che prediligono il rosso come colore: Xang\u00f4, Og\u00f9n, Bar\u00e1\/Ex\u00fa e la disinibita Pomba Gira. Tutti questi Santi gradiscono in offerta","robots":{"index":"index","follow":"follow","max-snippet":"max-snippet:-1","max-image-preview":"max-image-preview:large","max-video-preview":"max-video-preview:-1"},"canonical":"https:\/\/ilcrogiuolo.it\/it\/p\/kit-rituale-conjunto-7-dias-candela-rossa\/","og_locale":"it_IT","og_type":"article","og_title":"Kit Rituale - Conjunto 7 Dias - Candela Rossa - Il Crogiuolo","og_description":"Kit Rituale - Conjunto 7 Dias - Candela Rossa Sono molti gli Orix\u00e1s che prediligono il rosso come colore: Xang\u00f4, Og\u00f9n, Bar\u00e1\/Ex\u00fa e la disinibita Pomba Gira. Tutti questi Santi gradiscono in offerta","og_url":"https:\/\/ilcrogiuolo.it\/it\/p\/kit-rituale-conjunto-7-dias-candela-rossa\/","og_site_name":"Il Crogiuolo","article_publisher":"https:\/\/www.facebook.com\/Il-Crogiuolo-681876418491758","article_modified_time":"2025-03-10T15:45:36+00:00","og_image":[{"width":1000,"height":1000,"url":"https:\/\/ilcrogiuolo.it\/wp-content\/uploads\/2020\/01\/CONJUNTO-OGUM-JORGE.png","type":"image\/png"}],"twitter_card":"summary_large_image","twitter_misc":{"Tempo di lettura stimato":"2 minuti"},"schema":{"@context":"https:\/\/schema.org","@graph":[{"@type":"WebPage","@id":"https:\/\/ilcrogiuolo.it\/it\/p\/kit-rituale-conjunto-7-dias-candela-rossa\/","url":"https:\/\/ilcrogiuolo.it\/it\/p\/kit-rituale-conjunto-7-dias-candela-rossa\/","name":"Kit Rituale - Conjunto 7 Dias - Candela Rossa - Il Crogiuolo","isPartOf":{"@id":"https:\/\/ilcrogiuolo.it\/it\/#website"},"primaryImageOfPage":{"@id":"https:\/\/ilcrogiuolo.it\/it\/p\/kit-rituale-conjunto-7-dias-candela-rossa\/#primaryimage"},"image":{"@id":"https:\/\/ilcrogiuolo.it\/it\/p\/kit-rituale-conjunto-7-dias-candela-rossa\/#primaryimage"},"thumbnailUrl":"https:\/\/ilcrogiuolo.it\/wp-content\/uploads\/2020\/01\/CONJUNTO-OGUM-JORGE.png","datePublished":"2020-01-14T16:03:29+00:00","dateModified":"2025-03-10T15:45:36+00:00","description":"Kit Rituale - Conjunto 7 Dias - Candela Rossa Sono molti gli Orix\u00e1s che prediligono il rosso come colore: Xang\u00f4, Og\u00f9n, Bar\u00e1\/Ex\u00fa e la disinibita Pomba Gira. Tutti questi Santi gradiscono in offerta","breadcrumb":{"@id":"https:\/\/ilcrogiuolo.it\/it\/p\/kit-rituale-conjunto-7-dias-candela-rossa\/#breadcrumb"},"inLanguage":"it-IT","potentialAction":[{"@type":"ReadAction","target":["https:\/\/ilcrogiuolo.it\/it\/p\/kit-rituale-conjunto-7-dias-candela-rossa\/"]}]},{"@type":"ImageObject","inLanguage":"it-IT","@id":"https:\/\/ilcrogiuolo.it\/it\/p\/kit-rituale-conjunto-7-dias-candela-rossa\/#primaryimage","url":"https:\/\/ilcrogiuolo.it\/wp-content\/uploads\/2020\/01\/CONJUNTO-OGUM-JORGE.png","contentUrl":"https:\/\/ilcrogiuolo.it\/wp-content\/uploads\/2020\/01\/CONJUNTO-OGUM-JORGE.png","width":1000,"height":1000},{"@type":"BreadcrumbList","@id":"https:\/\/ilcrogiuolo.it\/it\/p\/kit-rituale-conjunto-7-dias-candela-rossa\/#breadcrumb","itemListElement":[{"@type":"ListItem","position":1,"name":"Home","item":"https:\/\/ilcrogiuolo.it\/it\/"},{"@type":"ListItem","position":2,"name":"Shop","item":"https:\/\/ilcrogiuolo.it\/it\/negozio\/"},{"@type":"ListItem","position":3,"name":"Kit Rituale &#8211; Conjunto 7 Dias &#8211; Candela Rossa"}]},{"@type":"WebSite","@id":"https:\/\/ilcrogiuolo.it\/it\/#website","url":"https:\/\/ilcrogiuolo.it\/it\/","name":"Il Crogiuolo","description":"","publisher":{"@id":"https:\/\/ilcrogiuolo.it\/it\/#organization"},"potentialAction":[{"@type":"SearchAction","target":{"@type":"EntryPoint","urlTemplate":"https:\/\/ilcrogiuolo.it\/it\/?s={search_term_string}"},"query-input":{"@type":"PropertyValueSpecification","valueRequired":true,"valueName":"search_term_string"}}],"inLanguage":"it-IT"},{"@type":"Organization","@id":"https:\/\/ilcrogiuolo.it\/it\/#organization","name":"Il Crogiuolo","url":"https:\/\/ilcrogiuolo.it\/it\/","logo":{"@type":"ImageObject","inLanguage":"it-IT","@id":"https:\/\/ilcrogiuolo.it\/it\/#\/schema\/logo\/image\/","url":"https:\/\/ilcrogiuolo.it\/wp-content\/uploads\/2020\/04\/logo.png","contentUrl":"https:\/\/ilcrogiuolo.it\/wp-content\/uploads\/2020\/04\/logo.png","width":200,"height":49,"caption":"Il Crogiuolo"},"image":{"@id":"https:\/\/ilcrogiuolo.it\/it\/#\/schema\/logo\/image\/"},"sameAs":["https:\/\/www.facebook.com\/Il-Crogiuolo-681876418491758"]}]}},"_links":{"self":[{"href":"https:\/\/ilcrogiuolo.it\/it\/wp-json\/wp\/v2\/product\/1536","targetHints":{"allow":["GET"]}}],"collection":[{"href":"https:\/\/ilcrogiuolo.it\/it\/wp-json\/wp\/v2\/product"}],"about":[{"href":"https:\/\/ilcrogiuolo.it\/it\/wp-json\/wp\/v2\/types\/product"}],"wp:featuredmedia":[{"embeddable":true,"href":"https:\/\/ilcrogiuolo.it\/it\/wp-json\/wp\/v2\/media\/49561"}],"wp:attachment":[{"href":"https:\/\/ilcrogiuolo.it\/it\/wp-json\/wp\/v2\/media?parent=1536"}],"wp:term":[{"taxonomy":"product_brand","embeddable":true,"href":"https:\/\/ilcrogiuolo.it\/it\/wp-json\/wp\/v2\/product_brand?post=1536"},{"taxonomy":"product_cat","embeddable":true,"href":"https:\/\/ilcrogiuolo.it\/it\/wp-json\/wp\/v2\/product_cat?post=1536"},{"taxonomy":"product_tag","embeddable":true,"href":"https:\/\/ilcrogiuolo.it\/it\/wp-json\/wp\/v2\/product_tag?post=1536"}],"curies":[{"name":"wp","href":"https:\/\/api.w.org\/{rel}","templated":true}]}}