{"id":15275,"date":"2020-01-18T08:19:40","date_gmt":"2020-01-18T07:19:40","guid":{"rendered":"https:\/\/ilcrogiuolo.it\/p\/talismano-di-abate-julio-il-calice-e-la-colomba-argento-925-gr-3\/"},"modified":"2024-05-08T15:04:41","modified_gmt":"2024-05-08T13:04:41","slug":"talismano-di-abate-julio-il-calice-e-la-colomba-argento-925-gr-3","status":"publish","type":"product","link":"https:\/\/ilcrogiuolo.it\/it\/p\/talismano-di-abate-julio-il-calice-e-la-colomba-argento-925-gr-3\/","title":{"rendered":"TALISMANO DI ABATE JULIO &#8211; IL CALICE E LA COLOMBA &#8211; ARGENTO 925 GR 3"},"content":{"rendered":"<p style=\"color: #eb5a00; font-weight: bold;\">La medaglia viene fornita con confezione in velluto e una bellissima stampa in pergamena vegetale riportante il sigillo.<\/p>\n<p style=\"color: #eb5a00; font-weight: bold;\">INCISO SU MEDAGLIA IN ARGENTO 925.<\/p>\n<p>Julien Ernest Houssay (1844 \u2013 1912), meglio noto come Abate Julio, esoterista e teurgo, ci ha lasciato nella sua feconda carriera letteraria moltissimi volumi ricchi di orazioni, formule cabalistiche, esorcismi e l\u2019attestazione del valore e della potenza dei salmi. Famosa \u00e8 la sua collezione di talismani, tracciati in un alfabeto segreto che rivelerebbero brani e formule tratti persino dal Libro dei Salmi. Uomo pio e carismatico, a lui si rimettevano tutti coloro che avevano bisogno di conforto, consigli e buone parole. Fu punto di riferimento per molte persone, amato dal popolo e osteggiato dal Vaticano. Ancora oggi i suoi talismani hanno fama di impetrare la grazia di Dio in ragione dei suoi simboli e dei carismi di quel grande uomo di fede.<\/p>\n<p>Purezza del corpo e dell&#8217;anima: netta consapevolezza di tutti i torti fatti a noi stessi \u00e8 facile , di tutti i torti fatti al prossimo questo presenta qualche difficolt\u00e0 nella pratica: tuttavia con coraggio e costanza, si giunge a rasentare la perfezione. Il calice della vita ha un sapore amaro: bevete ogni giorno, e per voi cesser\u00e0 questa amarezza, che si trasformer\u00e0 in dolce miele, se voi sapete vivere. Se la neve degli anni \u00e8 scesa sulla vostra fronte, che il vostro animo sia puro, e voi conserverete lo splendore dell&#8217;eterna giovinezza. Questo segno serve anche per tutte le malattie che colpiscono la pelle: pustole, foruncoli, prurito, eczemi, lebbra, peste, ecc.<\/p>\n","protected":false},"excerpt":{"rendered":"<p>La medaglia viene fornita con confezione in velluto e una bellissima stampa in pergamena vegetale riportante il sigillo. INCISO SU&#8230;<\/p>\n","protected":false},"featured_media":15277,"template":"","meta":{"_acf_changed":false},"product_brand":[],"product_cat":[1132,1066,1487],"product_tag":[],"class_list":{"0":"post-15275","1":"product","2":"type-product","3":"status-publish","4":"has-post-thumbnail","6":"product_cat-talismani-cabalistici-angelici-egizi","7":"product_cat-talismani-amuleti","8":"product_cat-talismani-abate-julio","10":"first","11":"instock","12":"taxable","13":"shipping-taxable","14":"purchasable","15":"product-type-variable","16":"has-default-attributes","17":"add-to-wishlist-before_image"},"acf":[],"yoast_head":"<!-- This site is optimized with the Yoast SEO plugin v26.9 - https:\/\/yoast.com\/product\/yoast-seo-wordpress\/ -->\n<title>TALISMANO DI ABATE JULIO - IL CALICE E LA COLOMBA - ARGENTO 925 GR 3 - Il Crogiuolo<\/title>\n<meta name=\"description\" content=\"TALISMANO DI ABATE JULIO - IL CALICE E LA COLOMBA - ARGENTO 925 GR 3 La medaglia viene fornita con confezione in velluto e una bellissima stampa in pergamena vegetale riportante il sigillo. INCISO SU MEDAGLIA IN ARGENTO\" \/>\n<meta name=\"robots\" content=\"index, follow, max-snippet:-1, max-image-preview:large, max-video-preview:-1\" \/>\n<link rel=\"canonical\" href=\"https:\/\/ilcrogiuolo.it\/it\/p\/talismano-di-abate-julio-il-calice-e-la-colomba-argento-925-gr-3\/\" \/>\n<meta property=\"og:locale\" content=\"it_IT\" \/>\n<meta property=\"og:type\" content=\"article\" \/>\n<meta property=\"og:title\" content=\"TALISMANO DI ABATE JULIO - IL CALICE E LA COLOMBA - ARGENTO 925 GR 3 - Il Crogiuolo\" \/>\n<meta property=\"og:description\" content=\"TALISMANO DI ABATE JULIO - IL CALICE E LA COLOMBA - ARGENTO 925 GR 3 La medaglia viene fornita con confezione in velluto e una bellissima stampa in pergamena vegetale riportante il sigillo. INCISO SU MEDAGLIA IN ARGENTO\" \/>\n<meta property=\"og:url\" content=\"https:\/\/ilcrogiuolo.it\/it\/p\/talismano-di-abate-julio-il-calice-e-la-colomba-argento-925-gr-3\/\" \/>\n<meta property=\"og:site_name\" content=\"Il Crogiuolo\" \/>\n<meta property=\"article:publisher\" content=\"https:\/\/www.facebook.com\/Il-Crogiuolo-681876418491758\" \/>\n<meta property=\"article:modified_time\" content=\"2024-05-08T13:04:41+00:00\" \/>\n<meta property=\"og:image\" content=\"https:\/\/ilcrogiuolo.it\/wp-content\/uploads\/2020\/01\/abatejuliocalicecolomba_1153059.jpg\" \/>\n\t<meta property=\"og:image:width\" content=\"627\" \/>\n\t<meta property=\"og:image:height\" content=\"600\" \/>\n\t<meta property=\"og:image:type\" content=\"image\/jpeg\" \/>\n<meta name=\"twitter:card\" content=\"summary_large_image\" \/>\n<meta name=\"twitter:label1\" content=\"Tempo di lettura stimato\" \/>\n\t<meta name=\"twitter:data1\" content=\"2 minuti\" \/>\n<script type=\"application\/ld+json\" class=\"yoast-schema-graph\">{\"@context\":\"https:\/\/schema.org\",\"@graph\":[{\"@type\":\"WebPage\",\"@id\":\"https:\/\/ilcrogiuolo.it\/it\/p\/talismano-di-abate-julio-il-calice-e-la-colomba-argento-925-gr-3\/\",\"url\":\"https:\/\/ilcrogiuolo.it\/it\/p\/talismano-di-abate-julio-il-calice-e-la-colomba-argento-925-gr-3\/\",\"name\":\"TALISMANO DI ABATE JULIO - IL CALICE E LA COLOMBA - ARGENTO 925 GR 3 - Il Crogiuolo\",\"isPartOf\":{\"@id\":\"https:\/\/ilcrogiuolo.it\/it\/#website\"},\"primaryImageOfPage\":{\"@id\":\"https:\/\/ilcrogiuolo.it\/it\/p\/talismano-di-abate-julio-il-calice-e-la-colomba-argento-925-gr-3\/#primaryimage\"},\"image\":{\"@id\":\"https:\/\/ilcrogiuolo.it\/it\/p\/talismano-di-abate-julio-il-calice-e-la-colomba-argento-925-gr-3\/#primaryimage\"},\"thumbnailUrl\":\"https:\/\/ilcrogiuolo.it\/wp-content\/uploads\/2020\/01\/abatejuliocalicecolomba_1153059.jpg\",\"datePublished\":\"2020-01-18T07:19:40+00:00\",\"dateModified\":\"2024-05-08T13:04:41+00:00\",\"description\":\"TALISMANO DI ABATE JULIO - IL CALICE E LA COLOMBA - ARGENTO 925 GR 3 La medaglia viene fornita con confezione in velluto e una bellissima stampa in pergamena vegetale riportante il sigillo. INCISO SU MEDAGLIA IN ARGENTO\",\"breadcrumb\":{\"@id\":\"https:\/\/ilcrogiuolo.it\/it\/p\/talismano-di-abate-julio-il-calice-e-la-colomba-argento-925-gr-3\/#breadcrumb\"},\"inLanguage\":\"it-IT\",\"potentialAction\":[{\"@type\":\"ReadAction\",\"target\":[\"https:\/\/ilcrogiuolo.it\/it\/p\/talismano-di-abate-julio-il-calice-e-la-colomba-argento-925-gr-3\/\"]}]},{\"@type\":\"ImageObject\",\"inLanguage\":\"it-IT\",\"@id\":\"https:\/\/ilcrogiuolo.it\/it\/p\/talismano-di-abate-julio-il-calice-e-la-colomba-argento-925-gr-3\/#primaryimage\",\"url\":\"https:\/\/ilcrogiuolo.it\/wp-content\/uploads\/2020\/01\/abatejuliocalicecolomba_1153059.jpg\",\"contentUrl\":\"https:\/\/ilcrogiuolo.it\/wp-content\/uploads\/2020\/01\/abatejuliocalicecolomba_1153059.jpg\",\"width\":627,\"height\":600},{\"@type\":\"BreadcrumbList\",\"@id\":\"https:\/\/ilcrogiuolo.it\/it\/p\/talismano-di-abate-julio-il-calice-e-la-colomba-argento-925-gr-3\/#breadcrumb\",\"itemListElement\":[{\"@type\":\"ListItem\",\"position\":1,\"name\":\"Home\",\"item\":\"https:\/\/ilcrogiuolo.it\/it\/\"},{\"@type\":\"ListItem\",\"position\":2,\"name\":\"Shop\",\"item\":\"https:\/\/ilcrogiuolo.it\/it\/negozio\/\"},{\"@type\":\"ListItem\",\"position\":3,\"name\":\"TALISMANO DI ABATE JULIO &#8211; IL CALICE E LA COLOMBA &#8211; ARGENTO 925 GR 3\"}]},{\"@type\":\"WebSite\",\"@id\":\"https:\/\/ilcrogiuolo.it\/it\/#website\",\"url\":\"https:\/\/ilcrogiuolo.it\/it\/\",\"name\":\"Il Crogiuolo\",\"description\":\"\",\"publisher\":{\"@id\":\"https:\/\/ilcrogiuolo.it\/it\/#organization\"},\"potentialAction\":[{\"@type\":\"SearchAction\",\"target\":{\"@type\":\"EntryPoint\",\"urlTemplate\":\"https:\/\/ilcrogiuolo.it\/it\/?s={search_term_string}\"},\"query-input\":{\"@type\":\"PropertyValueSpecification\",\"valueRequired\":true,\"valueName\":\"search_term_string\"}}],\"inLanguage\":\"it-IT\"},{\"@type\":\"Organization\",\"@id\":\"https:\/\/ilcrogiuolo.it\/it\/#organization\",\"name\":\"Il Crogiuolo\",\"url\":\"https:\/\/ilcrogiuolo.it\/it\/\",\"logo\":{\"@type\":\"ImageObject\",\"inLanguage\":\"it-IT\",\"@id\":\"https:\/\/ilcrogiuolo.it\/it\/#\/schema\/logo\/image\/\",\"url\":\"https:\/\/ilcrogiuolo.it\/wp-content\/uploads\/2020\/04\/logo.png\",\"contentUrl\":\"https:\/\/ilcrogiuolo.it\/wp-content\/uploads\/2020\/04\/logo.png\",\"width\":200,\"height\":49,\"caption\":\"Il Crogiuolo\"},\"image\":{\"@id\":\"https:\/\/ilcrogiuolo.it\/it\/#\/schema\/logo\/image\/\"},\"sameAs\":[\"https:\/\/www.facebook.com\/Il-Crogiuolo-681876418491758\"]}]}<\/script>\n<!-- \/ Yoast SEO plugin. -->","yoast_head_json":{"title":"TALISMANO DI ABATE JULIO - IL CALICE E LA COLOMBA - ARGENTO 925 GR 3 - Il Crogiuolo","description":"TALISMANO DI ABATE JULIO - IL CALICE E LA COLOMBA - ARGENTO 925 GR 3 La medaglia viene fornita con confezione in velluto e una bellissima stampa in pergamena vegetale riportante il sigillo. INCISO SU MEDAGLIA IN ARGENTO","robots":{"index":"index","follow":"follow","max-snippet":"max-snippet:-1","max-image-preview":"max-image-preview:large","max-video-preview":"max-video-preview:-1"},"canonical":"https:\/\/ilcrogiuolo.it\/it\/p\/talismano-di-abate-julio-il-calice-e-la-colomba-argento-925-gr-3\/","og_locale":"it_IT","og_type":"article","og_title":"TALISMANO DI ABATE JULIO - IL CALICE E LA COLOMBA - ARGENTO 925 GR 3 - Il Crogiuolo","og_description":"TALISMANO DI ABATE JULIO - IL CALICE E LA COLOMBA - ARGENTO 925 GR 3 La medaglia viene fornita con confezione in velluto e una bellissima stampa in pergamena vegetale riportante il sigillo. INCISO SU MEDAGLIA IN ARGENTO","og_url":"https:\/\/ilcrogiuolo.it\/it\/p\/talismano-di-abate-julio-il-calice-e-la-colomba-argento-925-gr-3\/","og_site_name":"Il Crogiuolo","article_publisher":"https:\/\/www.facebook.com\/Il-Crogiuolo-681876418491758","article_modified_time":"2024-05-08T13:04:41+00:00","og_image":[{"width":627,"height":600,"url":"https:\/\/ilcrogiuolo.it\/wp-content\/uploads\/2020\/01\/abatejuliocalicecolomba_1153059.jpg","type":"image\/jpeg"}],"twitter_card":"summary_large_image","twitter_misc":{"Tempo di lettura stimato":"2 minuti"},"schema":{"@context":"https:\/\/schema.org","@graph":[{"@type":"WebPage","@id":"https:\/\/ilcrogiuolo.it\/it\/p\/talismano-di-abate-julio-il-calice-e-la-colomba-argento-925-gr-3\/","url":"https:\/\/ilcrogiuolo.it\/it\/p\/talismano-di-abate-julio-il-calice-e-la-colomba-argento-925-gr-3\/","name":"TALISMANO DI ABATE JULIO - IL CALICE E LA COLOMBA - ARGENTO 925 GR 3 - Il Crogiuolo","isPartOf":{"@id":"https:\/\/ilcrogiuolo.it\/it\/#website"},"primaryImageOfPage":{"@id":"https:\/\/ilcrogiuolo.it\/it\/p\/talismano-di-abate-julio-il-calice-e-la-colomba-argento-925-gr-3\/#primaryimage"},"image":{"@id":"https:\/\/ilcrogiuolo.it\/it\/p\/talismano-di-abate-julio-il-calice-e-la-colomba-argento-925-gr-3\/#primaryimage"},"thumbnailUrl":"https:\/\/ilcrogiuolo.it\/wp-content\/uploads\/2020\/01\/abatejuliocalicecolomba_1153059.jpg","datePublished":"2020-01-18T07:19:40+00:00","dateModified":"2024-05-08T13:04:41+00:00","description":"TALISMANO DI ABATE JULIO - IL CALICE E LA COLOMBA - ARGENTO 925 GR 3 La medaglia viene fornita con confezione in velluto e una bellissima stampa in pergamena vegetale riportante il sigillo. INCISO SU MEDAGLIA IN ARGENTO","breadcrumb":{"@id":"https:\/\/ilcrogiuolo.it\/it\/p\/talismano-di-abate-julio-il-calice-e-la-colomba-argento-925-gr-3\/#breadcrumb"},"inLanguage":"it-IT","potentialAction":[{"@type":"ReadAction","target":["https:\/\/ilcrogiuolo.it\/it\/p\/talismano-di-abate-julio-il-calice-e-la-colomba-argento-925-gr-3\/"]}]},{"@type":"ImageObject","inLanguage":"it-IT","@id":"https:\/\/ilcrogiuolo.it\/it\/p\/talismano-di-abate-julio-il-calice-e-la-colomba-argento-925-gr-3\/#primaryimage","url":"https:\/\/ilcrogiuolo.it\/wp-content\/uploads\/2020\/01\/abatejuliocalicecolomba_1153059.jpg","contentUrl":"https:\/\/ilcrogiuolo.it\/wp-content\/uploads\/2020\/01\/abatejuliocalicecolomba_1153059.jpg","width":627,"height":600},{"@type":"BreadcrumbList","@id":"https:\/\/ilcrogiuolo.it\/it\/p\/talismano-di-abate-julio-il-calice-e-la-colomba-argento-925-gr-3\/#breadcrumb","itemListElement":[{"@type":"ListItem","position":1,"name":"Home","item":"https:\/\/ilcrogiuolo.it\/it\/"},{"@type":"ListItem","position":2,"name":"Shop","item":"https:\/\/ilcrogiuolo.it\/it\/negozio\/"},{"@type":"ListItem","position":3,"name":"TALISMANO DI ABATE JULIO &#8211; IL CALICE E LA COLOMBA &#8211; ARGENTO 925 GR 3"}]},{"@type":"WebSite","@id":"https:\/\/ilcrogiuolo.it\/it\/#website","url":"https:\/\/ilcrogiuolo.it\/it\/","name":"Il Crogiuolo","description":"","publisher":{"@id":"https:\/\/ilcrogiuolo.it\/it\/#organization"},"potentialAction":[{"@type":"SearchAction","target":{"@type":"EntryPoint","urlTemplate":"https:\/\/ilcrogiuolo.it\/it\/?s={search_term_string}"},"query-input":{"@type":"PropertyValueSpecification","valueRequired":true,"valueName":"search_term_string"}}],"inLanguage":"it-IT"},{"@type":"Organization","@id":"https:\/\/ilcrogiuolo.it\/it\/#organization","name":"Il Crogiuolo","url":"https:\/\/ilcrogiuolo.it\/it\/","logo":{"@type":"ImageObject","inLanguage":"it-IT","@id":"https:\/\/ilcrogiuolo.it\/it\/#\/schema\/logo\/image\/","url":"https:\/\/ilcrogiuolo.it\/wp-content\/uploads\/2020\/04\/logo.png","contentUrl":"https:\/\/ilcrogiuolo.it\/wp-content\/uploads\/2020\/04\/logo.png","width":200,"height":49,"caption":"Il Crogiuolo"},"image":{"@id":"https:\/\/ilcrogiuolo.it\/it\/#\/schema\/logo\/image\/"},"sameAs":["https:\/\/www.facebook.com\/Il-Crogiuolo-681876418491758"]}]}},"_links":{"self":[{"href":"https:\/\/ilcrogiuolo.it\/it\/wp-json\/wp\/v2\/product\/15275","targetHints":{"allow":["GET"]}}],"collection":[{"href":"https:\/\/ilcrogiuolo.it\/it\/wp-json\/wp\/v2\/product"}],"about":[{"href":"https:\/\/ilcrogiuolo.it\/it\/wp-json\/wp\/v2\/types\/product"}],"wp:featuredmedia":[{"embeddable":true,"href":"https:\/\/ilcrogiuolo.it\/it\/wp-json\/wp\/v2\/media\/15277"}],"wp:attachment":[{"href":"https:\/\/ilcrogiuolo.it\/it\/wp-json\/wp\/v2\/media?parent=15275"}],"wp:term":[{"taxonomy":"product_brand","embeddable":true,"href":"https:\/\/ilcrogiuolo.it\/it\/wp-json\/wp\/v2\/product_brand?post=15275"},{"taxonomy":"product_cat","embeddable":true,"href":"https:\/\/ilcrogiuolo.it\/it\/wp-json\/wp\/v2\/product_cat?post=15275"},{"taxonomy":"product_tag","embeddable":true,"href":"https:\/\/ilcrogiuolo.it\/it\/wp-json\/wp\/v2\/product_tag?post=15275"}],"curies":[{"name":"wp","href":"https:\/\/api.w.org\/{rel}","templated":true}]}}