{"id":15165,"date":"2020-01-18T08:19:14","date_gmt":"2020-01-18T07:19:14","guid":{"rendered":"https:\/\/ilcrogiuolo.it\/p\/calcolo-dellodu-incisione-su-oro-18-kt\/"},"modified":"2025-10-16T12:09:09","modified_gmt":"2025-10-16T10:09:09","slug":"calcolo-dellodu-incisione-su-oro-18-kt","status":"publish","type":"product","link":"https:\/\/ilcrogiuolo.it\/it\/p\/calcolo-dellodu-incisione-su-oro-18-kt\/","title":{"rendered":"Calcolo dell&#8217;Odu &#8211; incisione su oro 18 kt"},"content":{"rendered":"<p>La parola Od\u00f9 significa Cammino. Gli Od\u00f9 sono le sacre combinazioni che compongono l\u2019Oracolo di If\u00e0, appannaggio del grado pi\u00f9 alto della casta sacerdotale del Candombl\u00e9, il Babalaw\u00f2. Chi \u00e8 il Vostro Orix\u00e0? Quali entit\u00e0 reggono il vostro destino? Il Crogiuolo\u00ae \u00e8 lieto di proporre alla sua Clientela pi\u00f9 affezionata questo incredibile servizio: la mappa del vostro Od\u00f9 di nascita. Permettendovi di conoscere non solo quali sono le vostre entit\u00e0 guida, il vostri Orix\u00e0s, ma anche i segreti per propiziarle, i cammini misteriosi del vostro destino, e tutte le entit\u00e0 che ne reggono le trame, la loro storia. Oltre allo studio del vostro quadro spirituale l\u2019offerta comprende una medaglia in argento 925 (a richiesta anche in oro 18k) che reca inciso il vostro personale Od\u00f9 in modo da portare le benedizioni degli Orix\u00e0s su di voi ogni giorno per ottenere l\u2019Ax\u00e8 e l\u2019Ir\u00e9 (buona sorte) che dispensa If\u00e0. Ogni medaglia \u00e8 unica e creata appositamente in base all\u2019Od\u00f9 della persona, non si tratta, tradizionalmente, di un talismano, ma di un vero e proprio vettore di forze cosmiche e spirituali. Per richiedere il proprio Od\u00f9 \u00e8 necessario inviare nome, cognome, data di nascita e possibilmente ora di nascita. Approfittate di questa incredibile opportunit\u00e0 per conoscere definitivamente le chiavi che, secondo la tradizione Yoruba, vi permetteranno di migliorare la vostra esistenza in armonia con il Cosmo e con gli Orix\u00e0s.<\/p>\n<p>&nbsp;<\/p>\n","protected":false},"excerpt":{"rendered":"<p>La parola Od\u00f9 significa Cammino. Gli Od\u00f9 sono le sacre combinazioni che compongono l\u2019Oracolo di If\u00e0, appannaggio del grado pi\u00f9&#8230;<\/p>\n","protected":false},"featured_media":47865,"template":"","meta":{"_acf_changed":false},"product_brand":[],"product_cat":[1123,1066,1467],"product_tag":[],"class_list":{"0":"post-15165","1":"product","2":"type-product","3":"status-publish","4":"has-post-thumbnail","6":"product_cat-tradizione-sudamericana-veve-pontos-patois","7":"product_cat-talismani-amuleti","8":"product_cat-talismani-odu-oro-18kt","10":"first","11":"instock","12":"sale","13":"taxable","14":"shipping-taxable","15":"purchasable","16":"product-type-variable","17":"add-to-wishlist-before_image"},"acf":[],"yoast_head":"<!-- This site is optimized with the Yoast SEO plugin v26.9 - https:\/\/yoast.com\/product\/yoast-seo-wordpress\/ -->\n<title>Calcolo dell&#039;Odu - incisione su oro 18 kt - Il Crogiuolo<\/title>\n<meta name=\"description\" content=\"Calcolo dell&#039;Odu - incisione su oro 18 kt La parola Od\u00f9 significa Cammino. Gli Od\u00f9 sono le sacre combinazioni che compongono l\u2019Oracolo di If\u00e0, appannaggio del grado pi\u00f9 alto della casta\" \/>\n<meta name=\"robots\" content=\"index, follow, max-snippet:-1, max-image-preview:large, max-video-preview:-1\" \/>\n<link rel=\"canonical\" href=\"https:\/\/ilcrogiuolo.it\/it\/p\/calcolo-dellodu-incisione-su-oro-18-kt\/\" \/>\n<meta property=\"og:locale\" content=\"it_IT\" \/>\n<meta property=\"og:type\" content=\"article\" \/>\n<meta property=\"og:title\" content=\"Calcolo dell&#039;Odu - incisione su oro 18 kt - Il Crogiuolo\" \/>\n<meta property=\"og:description\" content=\"Calcolo dell&#039;Odu - incisione su oro 18 kt La parola Od\u00f9 significa Cammino. Gli Od\u00f9 sono le sacre combinazioni che compongono l\u2019Oracolo di If\u00e0, appannaggio del grado pi\u00f9 alto della casta\" \/>\n<meta property=\"og:url\" content=\"https:\/\/ilcrogiuolo.it\/it\/p\/calcolo-dellodu-incisione-su-oro-18-kt\/\" \/>\n<meta property=\"og:site_name\" content=\"Il Crogiuolo\" \/>\n<meta property=\"article:publisher\" content=\"https:\/\/www.facebook.com\/Il-Crogiuolo-681876418491758\" \/>\n<meta property=\"article:modified_time\" content=\"2025-10-16T10:09:09+00:00\" \/>\n<meta property=\"og:image\" content=\"https:\/\/ilcrogiuolo.it\/wp-content\/uploads\/2020\/01\/CALCOLO-ODU-ORO.png\" \/>\n\t<meta property=\"og:image:width\" content=\"1000\" \/>\n\t<meta property=\"og:image:height\" content=\"1000\" \/>\n\t<meta property=\"og:image:type\" content=\"image\/png\" \/>\n<meta name=\"twitter:card\" content=\"summary_large_image\" \/>\n<meta name=\"twitter:label1\" content=\"Tempo di lettura stimato\" \/>\n\t<meta name=\"twitter:data1\" content=\"2 minuti\" \/>\n<script type=\"application\/ld+json\" class=\"yoast-schema-graph\">{\"@context\":\"https:\/\/schema.org\",\"@graph\":[{\"@type\":\"WebPage\",\"@id\":\"https:\/\/ilcrogiuolo.it\/it\/p\/calcolo-dellodu-incisione-su-oro-18-kt\/\",\"url\":\"https:\/\/ilcrogiuolo.it\/it\/p\/calcolo-dellodu-incisione-su-oro-18-kt\/\",\"name\":\"Calcolo dell'Odu - incisione su oro 18 kt - Il Crogiuolo\",\"isPartOf\":{\"@id\":\"https:\/\/ilcrogiuolo.it\/it\/#website\"},\"primaryImageOfPage\":{\"@id\":\"https:\/\/ilcrogiuolo.it\/it\/p\/calcolo-dellodu-incisione-su-oro-18-kt\/#primaryimage\"},\"image\":{\"@id\":\"https:\/\/ilcrogiuolo.it\/it\/p\/calcolo-dellodu-incisione-su-oro-18-kt\/#primaryimage\"},\"thumbnailUrl\":\"https:\/\/ilcrogiuolo.it\/wp-content\/uploads\/2020\/01\/CALCOLO-ODU-ORO.png\",\"datePublished\":\"2020-01-18T07:19:14+00:00\",\"dateModified\":\"2025-10-16T10:09:09+00:00\",\"description\":\"Calcolo dell'Odu - incisione su oro 18 kt La parola Od\u00f9 significa Cammino. Gli Od\u00f9 sono le sacre combinazioni che compongono l\u2019Oracolo di If\u00e0, appannaggio del grado pi\u00f9 alto della casta\",\"breadcrumb\":{\"@id\":\"https:\/\/ilcrogiuolo.it\/it\/p\/calcolo-dellodu-incisione-su-oro-18-kt\/#breadcrumb\"},\"inLanguage\":\"it-IT\",\"potentialAction\":[{\"@type\":\"ReadAction\",\"target\":[\"https:\/\/ilcrogiuolo.it\/it\/p\/calcolo-dellodu-incisione-su-oro-18-kt\/\"]}]},{\"@type\":\"ImageObject\",\"inLanguage\":\"it-IT\",\"@id\":\"https:\/\/ilcrogiuolo.it\/it\/p\/calcolo-dellodu-incisione-su-oro-18-kt\/#primaryimage\",\"url\":\"https:\/\/ilcrogiuolo.it\/wp-content\/uploads\/2020\/01\/CALCOLO-ODU-ORO.png\",\"contentUrl\":\"https:\/\/ilcrogiuolo.it\/wp-content\/uploads\/2020\/01\/CALCOLO-ODU-ORO.png\",\"width\":1000,\"height\":1000},{\"@type\":\"BreadcrumbList\",\"@id\":\"https:\/\/ilcrogiuolo.it\/it\/p\/calcolo-dellodu-incisione-su-oro-18-kt\/#breadcrumb\",\"itemListElement\":[{\"@type\":\"ListItem\",\"position\":1,\"name\":\"Home\",\"item\":\"https:\/\/ilcrogiuolo.it\/it\/\"},{\"@type\":\"ListItem\",\"position\":2,\"name\":\"Shop\",\"item\":\"https:\/\/ilcrogiuolo.it\/it\/negozio\/\"},{\"@type\":\"ListItem\",\"position\":3,\"name\":\"Calcolo dell&#8217;Odu &#8211; incisione su oro 18 kt\"}]},{\"@type\":\"WebSite\",\"@id\":\"https:\/\/ilcrogiuolo.it\/it\/#website\",\"url\":\"https:\/\/ilcrogiuolo.it\/it\/\",\"name\":\"Il Crogiuolo\",\"description\":\"\",\"publisher\":{\"@id\":\"https:\/\/ilcrogiuolo.it\/it\/#organization\"},\"potentialAction\":[{\"@type\":\"SearchAction\",\"target\":{\"@type\":\"EntryPoint\",\"urlTemplate\":\"https:\/\/ilcrogiuolo.it\/it\/?s={search_term_string}\"},\"query-input\":{\"@type\":\"PropertyValueSpecification\",\"valueRequired\":true,\"valueName\":\"search_term_string\"}}],\"inLanguage\":\"it-IT\"},{\"@type\":\"Organization\",\"@id\":\"https:\/\/ilcrogiuolo.it\/it\/#organization\",\"name\":\"Il Crogiuolo\",\"url\":\"https:\/\/ilcrogiuolo.it\/it\/\",\"logo\":{\"@type\":\"ImageObject\",\"inLanguage\":\"it-IT\",\"@id\":\"https:\/\/ilcrogiuolo.it\/it\/#\/schema\/logo\/image\/\",\"url\":\"https:\/\/ilcrogiuolo.it\/wp-content\/uploads\/2020\/04\/logo.png\",\"contentUrl\":\"https:\/\/ilcrogiuolo.it\/wp-content\/uploads\/2020\/04\/logo.png\",\"width\":200,\"height\":49,\"caption\":\"Il Crogiuolo\"},\"image\":{\"@id\":\"https:\/\/ilcrogiuolo.it\/it\/#\/schema\/logo\/image\/\"},\"sameAs\":[\"https:\/\/www.facebook.com\/Il-Crogiuolo-681876418491758\"]}]}<\/script>\n<!-- \/ Yoast SEO plugin. -->","yoast_head_json":{"title":"Calcolo dell'Odu - incisione su oro 18 kt - Il Crogiuolo","description":"Calcolo dell'Odu - incisione su oro 18 kt La parola Od\u00f9 significa Cammino. Gli Od\u00f9 sono le sacre combinazioni che compongono l\u2019Oracolo di If\u00e0, appannaggio del grado pi\u00f9 alto della casta","robots":{"index":"index","follow":"follow","max-snippet":"max-snippet:-1","max-image-preview":"max-image-preview:large","max-video-preview":"max-video-preview:-1"},"canonical":"https:\/\/ilcrogiuolo.it\/it\/p\/calcolo-dellodu-incisione-su-oro-18-kt\/","og_locale":"it_IT","og_type":"article","og_title":"Calcolo dell'Odu - incisione su oro 18 kt - Il Crogiuolo","og_description":"Calcolo dell'Odu - incisione su oro 18 kt La parola Od\u00f9 significa Cammino. Gli Od\u00f9 sono le sacre combinazioni che compongono l\u2019Oracolo di If\u00e0, appannaggio del grado pi\u00f9 alto della casta","og_url":"https:\/\/ilcrogiuolo.it\/it\/p\/calcolo-dellodu-incisione-su-oro-18-kt\/","og_site_name":"Il Crogiuolo","article_publisher":"https:\/\/www.facebook.com\/Il-Crogiuolo-681876418491758","article_modified_time":"2025-10-16T10:09:09+00:00","og_image":[{"width":1000,"height":1000,"url":"https:\/\/ilcrogiuolo.it\/wp-content\/uploads\/2020\/01\/CALCOLO-ODU-ORO.png","type":"image\/png"}],"twitter_card":"summary_large_image","twitter_misc":{"Tempo di lettura stimato":"2 minuti"},"schema":{"@context":"https:\/\/schema.org","@graph":[{"@type":"WebPage","@id":"https:\/\/ilcrogiuolo.it\/it\/p\/calcolo-dellodu-incisione-su-oro-18-kt\/","url":"https:\/\/ilcrogiuolo.it\/it\/p\/calcolo-dellodu-incisione-su-oro-18-kt\/","name":"Calcolo dell'Odu - incisione su oro 18 kt - Il Crogiuolo","isPartOf":{"@id":"https:\/\/ilcrogiuolo.it\/it\/#website"},"primaryImageOfPage":{"@id":"https:\/\/ilcrogiuolo.it\/it\/p\/calcolo-dellodu-incisione-su-oro-18-kt\/#primaryimage"},"image":{"@id":"https:\/\/ilcrogiuolo.it\/it\/p\/calcolo-dellodu-incisione-su-oro-18-kt\/#primaryimage"},"thumbnailUrl":"https:\/\/ilcrogiuolo.it\/wp-content\/uploads\/2020\/01\/CALCOLO-ODU-ORO.png","datePublished":"2020-01-18T07:19:14+00:00","dateModified":"2025-10-16T10:09:09+00:00","description":"Calcolo dell'Odu - incisione su oro 18 kt La parola Od\u00f9 significa Cammino. Gli Od\u00f9 sono le sacre combinazioni che compongono l\u2019Oracolo di If\u00e0, appannaggio del grado pi\u00f9 alto della casta","breadcrumb":{"@id":"https:\/\/ilcrogiuolo.it\/it\/p\/calcolo-dellodu-incisione-su-oro-18-kt\/#breadcrumb"},"inLanguage":"it-IT","potentialAction":[{"@type":"ReadAction","target":["https:\/\/ilcrogiuolo.it\/it\/p\/calcolo-dellodu-incisione-su-oro-18-kt\/"]}]},{"@type":"ImageObject","inLanguage":"it-IT","@id":"https:\/\/ilcrogiuolo.it\/it\/p\/calcolo-dellodu-incisione-su-oro-18-kt\/#primaryimage","url":"https:\/\/ilcrogiuolo.it\/wp-content\/uploads\/2020\/01\/CALCOLO-ODU-ORO.png","contentUrl":"https:\/\/ilcrogiuolo.it\/wp-content\/uploads\/2020\/01\/CALCOLO-ODU-ORO.png","width":1000,"height":1000},{"@type":"BreadcrumbList","@id":"https:\/\/ilcrogiuolo.it\/it\/p\/calcolo-dellodu-incisione-su-oro-18-kt\/#breadcrumb","itemListElement":[{"@type":"ListItem","position":1,"name":"Home","item":"https:\/\/ilcrogiuolo.it\/it\/"},{"@type":"ListItem","position":2,"name":"Shop","item":"https:\/\/ilcrogiuolo.it\/it\/negozio\/"},{"@type":"ListItem","position":3,"name":"Calcolo dell&#8217;Odu &#8211; incisione su oro 18 kt"}]},{"@type":"WebSite","@id":"https:\/\/ilcrogiuolo.it\/it\/#website","url":"https:\/\/ilcrogiuolo.it\/it\/","name":"Il Crogiuolo","description":"","publisher":{"@id":"https:\/\/ilcrogiuolo.it\/it\/#organization"},"potentialAction":[{"@type":"SearchAction","target":{"@type":"EntryPoint","urlTemplate":"https:\/\/ilcrogiuolo.it\/it\/?s={search_term_string}"},"query-input":{"@type":"PropertyValueSpecification","valueRequired":true,"valueName":"search_term_string"}}],"inLanguage":"it-IT"},{"@type":"Organization","@id":"https:\/\/ilcrogiuolo.it\/it\/#organization","name":"Il Crogiuolo","url":"https:\/\/ilcrogiuolo.it\/it\/","logo":{"@type":"ImageObject","inLanguage":"it-IT","@id":"https:\/\/ilcrogiuolo.it\/it\/#\/schema\/logo\/image\/","url":"https:\/\/ilcrogiuolo.it\/wp-content\/uploads\/2020\/04\/logo.png","contentUrl":"https:\/\/ilcrogiuolo.it\/wp-content\/uploads\/2020\/04\/logo.png","width":200,"height":49,"caption":"Il Crogiuolo"},"image":{"@id":"https:\/\/ilcrogiuolo.it\/it\/#\/schema\/logo\/image\/"},"sameAs":["https:\/\/www.facebook.com\/Il-Crogiuolo-681876418491758"]}]}},"_links":{"self":[{"href":"https:\/\/ilcrogiuolo.it\/it\/wp-json\/wp\/v2\/product\/15165","targetHints":{"allow":["GET"]}}],"collection":[{"href":"https:\/\/ilcrogiuolo.it\/it\/wp-json\/wp\/v2\/product"}],"about":[{"href":"https:\/\/ilcrogiuolo.it\/it\/wp-json\/wp\/v2\/types\/product"}],"wp:featuredmedia":[{"embeddable":true,"href":"https:\/\/ilcrogiuolo.it\/it\/wp-json\/wp\/v2\/media\/47865"}],"wp:attachment":[{"href":"https:\/\/ilcrogiuolo.it\/it\/wp-json\/wp\/v2\/media?parent=15165"}],"wp:term":[{"taxonomy":"product_brand","embeddable":true,"href":"https:\/\/ilcrogiuolo.it\/it\/wp-json\/wp\/v2\/product_brand?post=15165"},{"taxonomy":"product_cat","embeddable":true,"href":"https:\/\/ilcrogiuolo.it\/it\/wp-json\/wp\/v2\/product_cat?post=15165"},{"taxonomy":"product_tag","embeddable":true,"href":"https:\/\/ilcrogiuolo.it\/it\/wp-json\/wp\/v2\/product_tag?post=15165"}],"curies":[{"name":"wp","href":"https:\/\/api.w.org\/{rel}","templated":true}]}}