{"id":15046,"date":"2020-01-18T08:18:16","date_gmt":"2020-01-18T07:18:16","guid":{"rendered":"https:\/\/ilcrogiuolo.it\/p\/anello-salomonico-in-argento-925\/"},"modified":"2022-01-10T15:20:50","modified_gmt":"2022-01-10T14:20:50","slug":"anello-salomonico-in-argento-925","status":"publish","type":"product","link":"https:\/\/ilcrogiuolo.it\/it\/p\/anello-salomonico-in-argento-925\/","title":{"rendered":"ANELLO SALOMONICO IN ARGENTO 925"},"content":{"rendered":"<p style=\"color: #eb5a00; font-weight: bold;\">IN FASE DI ORDINAZIONE VI INVITIAMO A VOLERCI COMUNICARE LA MISURA DEL VOSTRO DITO.<\/p>\n<p class=\"MsoNormal\" style=\"margin: 0cm 0cm 0pt;\"><span style=\"font-family: arial, helvetica, sans-serif;\">Nel &#8220;Testamento di Re Salomone&#8221; si viene a conoscenza delle vicende che avvennero nel Tempio ancora in costruzione, al cospetto del Re che ricevette dei poteri straordinari direttamente da Dio, per mezzo dell&#8217;arcangelo Michele. <\/span><\/p>\n<p class=\"MsoNormal\" style=\"margin: 0cm 0cm 0pt;\"><span style=\"font-family: arial, helvetica, sans-serif;\">La leggenda narra di un giovane suddito del re che durante i lavori nel Tempio cadde vittima della persecuzione di un demone, Ornias, che gli rub\u00f2 la met\u00e0 della sua razione di cibo e della sua paga. Ogni notte, inoltre, si nutriva del suo sangue che succhiava dal pollice. Un giorno il giovane si rec\u00f2 dal saggio re biblico e gli raccont\u00f2 l&#8217;accaduto. Sconvolto da questi accadimenti il Re trascorse un&#8217;intera notte nel Tempio pregando il Signore di conferirgli i poteri per dominare i demoni. Apparve cos\u00ec l&#8217;Arcangelo Michele che fece dono a Salomone di un piccolo anello.<\/span><\/p>\n<p class=\"MsoNormal\" style=\"margin: 0cm 0cm 0pt;\"><span style=\"font-family: arial, helvetica, sans-serif;\">Quando il demone inconsapevole si rec\u00f2 dal giovane per riscuotere il suo obolo, il giovane estrasse l&#8217;anello e domin\u00f2 il demone. L&#8217;immenso potere del monile si manifest\u00f2 al cospetto di Salomone che venne cos\u00ec a conoscenza delle ignote creature. I demoni furono costretti ad apparire al vibrante comando del sovrano che li costrinse, mediante l&#8217;anello, a svelare i loro pi\u00f9 intimi segreti e soprattutto le formule per neutralizzarli. <\/span><\/p>\n<p class=\"MsoNormal\" style=\"margin: 0cm 0cm 0pt;\"><span style=\"font-family: arial, helvetica, sans-serif;\">Durante gli scavi archeologici nell\u2019area del Tempio vennero trovate delle tavolette in terracotta recanti simboli ed iscrizioni relative al famoso monile che ispirarono la creazione di questo modello. Siamo lieti di presentarvi la fedelissima copia del famoso anello realizzato seguendo le iscrizioni. <span style=\"mso-spacerun: yes;\">\u00a0<\/span>Alla bellezza del monile si unisce l\u2019eleganza ed il mistero di una simbologia eterna che ha suscitato l\u2019interesse si archeologi, antropologi e magisti.<\/span><\/p>\n<p class=\"MsoNormal\" style=\"margin: 0cm 0cm 0pt;\"><span style=\"font-family: arial, helvetica, sans-serif;\">Disponibile anche in oro 18k e rame per unire alla simbologia il suo intero valore esoterico rispettando i canoni di fabbricazione originali.<\/span><\/p>\n","protected":false},"excerpt":{"rendered":"<p>IN FASE DI ORDINAZIONE VI INVITIAMO A VOLERCI COMUNICARE LA MISURA DEL VOSTRO DITO. Nel &#8220;Testamento di Re Salomone&#8221; si&#8230;<\/p>\n","protected":false},"featured_media":34349,"template":"","meta":{"_acf_changed":false},"product_brand":[],"product_cat":[1109,1066,1393],"product_tag":[],"class_list":{"0":"post-15046","1":"product","2":"type-product","3":"status-publish","4":"has-post-thumbnail","6":"product_cat-anelli-in-argento-925-e-oro-18-kt","7":"product_cat-talismani-amuleti","8":"product_cat-talismani-anelli-angelici-salomonici-egizi","10":"first","11":"instock","12":"taxable","13":"shipping-taxable","14":"purchasable","15":"product-type-variable","16":"has-default-attributes","17":"add-to-wishlist-before_image"},"acf":[],"yoast_head":"<!-- This site is optimized with the Yoast SEO plugin v26.9 - https:\/\/yoast.com\/product\/yoast-seo-wordpress\/ -->\n<title>ANELLO SALOMONICO IN ARGENTO 925 - Il Crogiuolo<\/title>\n<meta name=\"description\" content=\"ANELLO SALOMONICO IN ARGENTO 925 IN FASE DI ORDINAZIONE VI INVITIAMO A VOLERCI COMUNICARE LA MISURA DEL VOSTRO DITO. Nel &quot;Testamento di Re Salomone&quot; si viene a conoscenza delle vicende\" \/>\n<meta name=\"robots\" content=\"index, follow, max-snippet:-1, max-image-preview:large, max-video-preview:-1\" \/>\n<link rel=\"canonical\" href=\"https:\/\/ilcrogiuolo.it\/it\/p\/anello-salomonico-in-argento-925\/\" \/>\n<meta property=\"og:locale\" content=\"it_IT\" \/>\n<meta property=\"og:type\" content=\"article\" \/>\n<meta property=\"og:title\" content=\"ANELLO SALOMONICO IN ARGENTO 925 - Il Crogiuolo\" \/>\n<meta property=\"og:description\" content=\"ANELLO SALOMONICO IN ARGENTO 925 IN FASE DI ORDINAZIONE VI INVITIAMO A VOLERCI COMUNICARE LA MISURA DEL VOSTRO DITO. Nel &quot;Testamento di Re Salomone&quot; si viene a conoscenza delle vicende\" \/>\n<meta property=\"og:url\" content=\"https:\/\/ilcrogiuolo.it\/it\/p\/anello-salomonico-in-argento-925\/\" \/>\n<meta property=\"og:site_name\" content=\"Il Crogiuolo\" \/>\n<meta property=\"article:publisher\" content=\"https:\/\/www.facebook.com\/Il-Crogiuolo-681876418491758\" \/>\n<meta property=\"article:modified_time\" content=\"2022-01-10T14:20:50+00:00\" \/>\n<meta property=\"og:image\" content=\"https:\/\/ilcrogiuolo.it\/wp-content\/uploads\/2020\/01\/anello_salomone.jpg\" \/>\n\t<meta property=\"og:image:width\" content=\"604\" \/>\n\t<meta property=\"og:image:height\" content=\"577\" \/>\n\t<meta property=\"og:image:type\" content=\"image\/jpeg\" \/>\n<meta name=\"twitter:card\" content=\"summary_large_image\" \/>\n<meta name=\"twitter:label1\" content=\"Tempo di lettura stimato\" \/>\n\t<meta name=\"twitter:data1\" content=\"2 minuti\" \/>\n<script type=\"application\/ld+json\" class=\"yoast-schema-graph\">{\"@context\":\"https:\/\/schema.org\",\"@graph\":[{\"@type\":\"WebPage\",\"@id\":\"https:\/\/ilcrogiuolo.it\/it\/p\/anello-salomonico-in-argento-925\/\",\"url\":\"https:\/\/ilcrogiuolo.it\/it\/p\/anello-salomonico-in-argento-925\/\",\"name\":\"ANELLO SALOMONICO IN ARGENTO 925 - Il Crogiuolo\",\"isPartOf\":{\"@id\":\"https:\/\/ilcrogiuolo.it\/it\/#website\"},\"primaryImageOfPage\":{\"@id\":\"https:\/\/ilcrogiuolo.it\/it\/p\/anello-salomonico-in-argento-925\/#primaryimage\"},\"image\":{\"@id\":\"https:\/\/ilcrogiuolo.it\/it\/p\/anello-salomonico-in-argento-925\/#primaryimage\"},\"thumbnailUrl\":\"https:\/\/ilcrogiuolo.it\/wp-content\/uploads\/2020\/01\/anello_salomone.jpg\",\"datePublished\":\"2020-01-18T07:18:16+00:00\",\"dateModified\":\"2022-01-10T14:20:50+00:00\",\"description\":\"ANELLO SALOMONICO IN ARGENTO 925 IN FASE DI ORDINAZIONE VI INVITIAMO A VOLERCI COMUNICARE LA MISURA DEL VOSTRO DITO. Nel \\\"Testamento di Re Salomone\\\" si viene a conoscenza delle vicende\",\"breadcrumb\":{\"@id\":\"https:\/\/ilcrogiuolo.it\/it\/p\/anello-salomonico-in-argento-925\/#breadcrumb\"},\"inLanguage\":\"it-IT\",\"potentialAction\":[{\"@type\":\"ReadAction\",\"target\":[\"https:\/\/ilcrogiuolo.it\/it\/p\/anello-salomonico-in-argento-925\/\"]}]},{\"@type\":\"ImageObject\",\"inLanguage\":\"it-IT\",\"@id\":\"https:\/\/ilcrogiuolo.it\/it\/p\/anello-salomonico-in-argento-925\/#primaryimage\",\"url\":\"https:\/\/ilcrogiuolo.it\/wp-content\/uploads\/2020\/01\/anello_salomone.jpg\",\"contentUrl\":\"https:\/\/ilcrogiuolo.it\/wp-content\/uploads\/2020\/01\/anello_salomone.jpg\",\"width\":604,\"height\":577},{\"@type\":\"BreadcrumbList\",\"@id\":\"https:\/\/ilcrogiuolo.it\/it\/p\/anello-salomonico-in-argento-925\/#breadcrumb\",\"itemListElement\":[{\"@type\":\"ListItem\",\"position\":1,\"name\":\"Home\",\"item\":\"https:\/\/ilcrogiuolo.it\/it\/\"},{\"@type\":\"ListItem\",\"position\":2,\"name\":\"Shop\",\"item\":\"https:\/\/ilcrogiuolo.it\/it\/negozio\/\"},{\"@type\":\"ListItem\",\"position\":3,\"name\":\"ANELLO SALOMONICO IN ARGENTO 925\"}]},{\"@type\":\"WebSite\",\"@id\":\"https:\/\/ilcrogiuolo.it\/it\/#website\",\"url\":\"https:\/\/ilcrogiuolo.it\/it\/\",\"name\":\"Il Crogiuolo\",\"description\":\"\",\"publisher\":{\"@id\":\"https:\/\/ilcrogiuolo.it\/it\/#organization\"},\"potentialAction\":[{\"@type\":\"SearchAction\",\"target\":{\"@type\":\"EntryPoint\",\"urlTemplate\":\"https:\/\/ilcrogiuolo.it\/it\/?s={search_term_string}\"},\"query-input\":{\"@type\":\"PropertyValueSpecification\",\"valueRequired\":true,\"valueName\":\"search_term_string\"}}],\"inLanguage\":\"it-IT\"},{\"@type\":\"Organization\",\"@id\":\"https:\/\/ilcrogiuolo.it\/it\/#organization\",\"name\":\"Il Crogiuolo\",\"url\":\"https:\/\/ilcrogiuolo.it\/it\/\",\"logo\":{\"@type\":\"ImageObject\",\"inLanguage\":\"it-IT\",\"@id\":\"https:\/\/ilcrogiuolo.it\/it\/#\/schema\/logo\/image\/\",\"url\":\"https:\/\/ilcrogiuolo.it\/wp-content\/uploads\/2020\/04\/logo.png\",\"contentUrl\":\"https:\/\/ilcrogiuolo.it\/wp-content\/uploads\/2020\/04\/logo.png\",\"width\":200,\"height\":49,\"caption\":\"Il Crogiuolo\"},\"image\":{\"@id\":\"https:\/\/ilcrogiuolo.it\/it\/#\/schema\/logo\/image\/\"},\"sameAs\":[\"https:\/\/www.facebook.com\/Il-Crogiuolo-681876418491758\"]}]}<\/script>\n<!-- \/ Yoast SEO plugin. -->","yoast_head_json":{"title":"ANELLO SALOMONICO IN ARGENTO 925 - Il Crogiuolo","description":"ANELLO SALOMONICO IN ARGENTO 925 IN FASE DI ORDINAZIONE VI INVITIAMO A VOLERCI COMUNICARE LA MISURA DEL VOSTRO DITO. Nel \"Testamento di Re Salomone\" si viene a conoscenza delle vicende","robots":{"index":"index","follow":"follow","max-snippet":"max-snippet:-1","max-image-preview":"max-image-preview:large","max-video-preview":"max-video-preview:-1"},"canonical":"https:\/\/ilcrogiuolo.it\/it\/p\/anello-salomonico-in-argento-925\/","og_locale":"it_IT","og_type":"article","og_title":"ANELLO SALOMONICO IN ARGENTO 925 - Il Crogiuolo","og_description":"ANELLO SALOMONICO IN ARGENTO 925 IN FASE DI ORDINAZIONE VI INVITIAMO A VOLERCI COMUNICARE LA MISURA DEL VOSTRO DITO. Nel \"Testamento di Re Salomone\" si viene a conoscenza delle vicende","og_url":"https:\/\/ilcrogiuolo.it\/it\/p\/anello-salomonico-in-argento-925\/","og_site_name":"Il Crogiuolo","article_publisher":"https:\/\/www.facebook.com\/Il-Crogiuolo-681876418491758","article_modified_time":"2022-01-10T14:20:50+00:00","og_image":[{"width":604,"height":577,"url":"https:\/\/ilcrogiuolo.it\/wp-content\/uploads\/2020\/01\/anello_salomone.jpg","type":"image\/jpeg"}],"twitter_card":"summary_large_image","twitter_misc":{"Tempo di lettura stimato":"2 minuti"},"schema":{"@context":"https:\/\/schema.org","@graph":[{"@type":"WebPage","@id":"https:\/\/ilcrogiuolo.it\/it\/p\/anello-salomonico-in-argento-925\/","url":"https:\/\/ilcrogiuolo.it\/it\/p\/anello-salomonico-in-argento-925\/","name":"ANELLO SALOMONICO IN ARGENTO 925 - Il Crogiuolo","isPartOf":{"@id":"https:\/\/ilcrogiuolo.it\/it\/#website"},"primaryImageOfPage":{"@id":"https:\/\/ilcrogiuolo.it\/it\/p\/anello-salomonico-in-argento-925\/#primaryimage"},"image":{"@id":"https:\/\/ilcrogiuolo.it\/it\/p\/anello-salomonico-in-argento-925\/#primaryimage"},"thumbnailUrl":"https:\/\/ilcrogiuolo.it\/wp-content\/uploads\/2020\/01\/anello_salomone.jpg","datePublished":"2020-01-18T07:18:16+00:00","dateModified":"2022-01-10T14:20:50+00:00","description":"ANELLO SALOMONICO IN ARGENTO 925 IN FASE DI ORDINAZIONE VI INVITIAMO A VOLERCI COMUNICARE LA MISURA DEL VOSTRO DITO. Nel \"Testamento di Re Salomone\" si viene a conoscenza delle vicende","breadcrumb":{"@id":"https:\/\/ilcrogiuolo.it\/it\/p\/anello-salomonico-in-argento-925\/#breadcrumb"},"inLanguage":"it-IT","potentialAction":[{"@type":"ReadAction","target":["https:\/\/ilcrogiuolo.it\/it\/p\/anello-salomonico-in-argento-925\/"]}]},{"@type":"ImageObject","inLanguage":"it-IT","@id":"https:\/\/ilcrogiuolo.it\/it\/p\/anello-salomonico-in-argento-925\/#primaryimage","url":"https:\/\/ilcrogiuolo.it\/wp-content\/uploads\/2020\/01\/anello_salomone.jpg","contentUrl":"https:\/\/ilcrogiuolo.it\/wp-content\/uploads\/2020\/01\/anello_salomone.jpg","width":604,"height":577},{"@type":"BreadcrumbList","@id":"https:\/\/ilcrogiuolo.it\/it\/p\/anello-salomonico-in-argento-925\/#breadcrumb","itemListElement":[{"@type":"ListItem","position":1,"name":"Home","item":"https:\/\/ilcrogiuolo.it\/it\/"},{"@type":"ListItem","position":2,"name":"Shop","item":"https:\/\/ilcrogiuolo.it\/it\/negozio\/"},{"@type":"ListItem","position":3,"name":"ANELLO SALOMONICO IN ARGENTO 925"}]},{"@type":"WebSite","@id":"https:\/\/ilcrogiuolo.it\/it\/#website","url":"https:\/\/ilcrogiuolo.it\/it\/","name":"Il Crogiuolo","description":"","publisher":{"@id":"https:\/\/ilcrogiuolo.it\/it\/#organization"},"potentialAction":[{"@type":"SearchAction","target":{"@type":"EntryPoint","urlTemplate":"https:\/\/ilcrogiuolo.it\/it\/?s={search_term_string}"},"query-input":{"@type":"PropertyValueSpecification","valueRequired":true,"valueName":"search_term_string"}}],"inLanguage":"it-IT"},{"@type":"Organization","@id":"https:\/\/ilcrogiuolo.it\/it\/#organization","name":"Il Crogiuolo","url":"https:\/\/ilcrogiuolo.it\/it\/","logo":{"@type":"ImageObject","inLanguage":"it-IT","@id":"https:\/\/ilcrogiuolo.it\/it\/#\/schema\/logo\/image\/","url":"https:\/\/ilcrogiuolo.it\/wp-content\/uploads\/2020\/04\/logo.png","contentUrl":"https:\/\/ilcrogiuolo.it\/wp-content\/uploads\/2020\/04\/logo.png","width":200,"height":49,"caption":"Il Crogiuolo"},"image":{"@id":"https:\/\/ilcrogiuolo.it\/it\/#\/schema\/logo\/image\/"},"sameAs":["https:\/\/www.facebook.com\/Il-Crogiuolo-681876418491758"]}]}},"_links":{"self":[{"href":"https:\/\/ilcrogiuolo.it\/it\/wp-json\/wp\/v2\/product\/15046","targetHints":{"allow":["GET"]}}],"collection":[{"href":"https:\/\/ilcrogiuolo.it\/it\/wp-json\/wp\/v2\/product"}],"about":[{"href":"https:\/\/ilcrogiuolo.it\/it\/wp-json\/wp\/v2\/types\/product"}],"wp:featuredmedia":[{"embeddable":true,"href":"https:\/\/ilcrogiuolo.it\/it\/wp-json\/wp\/v2\/media\/34349"}],"wp:attachment":[{"href":"https:\/\/ilcrogiuolo.it\/it\/wp-json\/wp\/v2\/media?parent=15046"}],"wp:term":[{"taxonomy":"product_brand","embeddable":true,"href":"https:\/\/ilcrogiuolo.it\/it\/wp-json\/wp\/v2\/product_brand?post=15046"},{"taxonomy":"product_cat","embeddable":true,"href":"https:\/\/ilcrogiuolo.it\/it\/wp-json\/wp\/v2\/product_cat?post=15046"},{"taxonomy":"product_tag","embeddable":true,"href":"https:\/\/ilcrogiuolo.it\/it\/wp-json\/wp\/v2\/product_tag?post=15046"}],"curies":[{"name":"wp","href":"https:\/\/api.w.org\/{rel}","templated":true}]}}