{"id":14725,"date":"2020-01-18T08:16:00","date_gmt":"2020-01-18T07:16:00","guid":{"rendered":"https:\/\/ilcrogiuolo.it\/p\/il-sesto-pentacolo-di-marte-argento-925\/"},"modified":"2025-10-16T11:35:40","modified_gmt":"2025-10-16T09:35:40","slug":"il-sesto-pentacolo-di-marte-argento-925","status":"publish","type":"product","link":"https:\/\/ilcrogiuolo.it\/it\/p\/il-sesto-pentacolo-di-marte-argento-925\/","title":{"rendered":"Il Sesto Pentacolo di Marte"},"content":{"rendered":"<p style=\"color: #eb5a00; font-weight: bold;\">La medaglia viene fornita con confezione in velluto.<\/p>\n<p class=\"MsoNormal\" style=\"text-justify: newspaper; text-kashida-space: 50%; text-align: justify; mso-pagination: none;\"><span style=\"language: IT; mso-ansi-language: IT;\"><span style=\"font-family: Georgia, Times New Roman, Times, Serif; font-size: medium;\"><span style=\"language: IT; mso-ansi-language: IT;\"><span style=\"language: IT; mso-ansi-language: IT;\"><span style=\"language: IT; mso-ansi-language: IT;\"><!--?xml:namespace prefix = o ns = \"urn:schemas-microsoft-com:office:office\" \/--><\/span><\/span><\/span><\/span><\/span><\/p>\n<p class=\"MsoNormal\" style=\"text-justify: inter-word; text-align: justify; mso-pagination: widow-orphan;\"><span style=\"language: IT; mso-ansi-language: IT;\"><span style=\"font-family: Georgia, Times New Roman, Times, Serif; font-size: medium;\"><span style=\"language: IT; mso-ansi-language: IT;\"><span style=\"language: IT; mso-ansi-language: IT;\"><span style=\"language: IT; mso-ansi-language: IT;\">Questo pentacolo ha fortissime virt\u00f9 di protezione ma non solo, secondo quanto si tramanda fa s\u00ec che gli attacchi dei propri nemici si ritorcano inevitabilmente contro di essi. Il versetto inciso tra i due cerchi \u00e8 tratto dal salmo 37:\u201dLe loro spade entreranno nei loro stessi cuori ed i loro archi saranno spezzati\u201d.<\/span><\/span><\/span><\/span><\/span><\/p>\n","protected":false},"excerpt":{"rendered":"<p>La medaglia viene fornita con confezione in velluto. Questo pentacolo ha fortissime virt\u00f9 di protezione ma non solo, secondo quanto&#8230;<\/p>\n","protected":false},"featured_media":14727,"template":"","meta":{"_acf_changed":false},"product_brand":[],"product_cat":[1135,1510,1066],"product_tag":[],"class_list":{"0":"post-14725","1":"product","2":"type-product","3":"status-publish","4":"has-post-thumbnail","6":"product_cat-pentacoli-di-re-salomone","7":"product_cat-pentacoli-di-marte","8":"product_cat-talismani-amuleti","10":"first","11":"instock","12":"sale","13":"taxable","14":"shipping-taxable","15":"purchasable","16":"product-type-variable","17":"has-default-attributes","18":"add-to-wishlist-before_image"},"acf":[],"yoast_head":"<!-- This site is optimized with the Yoast SEO plugin v26.9 - https:\/\/yoast.com\/product\/yoast-seo-wordpress\/ -->\n<title>Il Sesto Pentacolo di Marte - Il Crogiuolo<\/title>\n<meta name=\"description\" content=\"Il Sesto Pentacolo di Marte La medaglia viene fornita con confezione in velluto. Questo pentacolo ha fortissime virt\u00f9 di protezione ma non solo, secondo quanto si tramanda fa s\u00ec che\" \/>\n<meta name=\"robots\" content=\"index, follow, max-snippet:-1, max-image-preview:large, max-video-preview:-1\" \/>\n<link rel=\"canonical\" href=\"https:\/\/ilcrogiuolo.it\/it\/p\/il-sesto-pentacolo-di-marte-argento-925\/\" \/>\n<meta property=\"og:locale\" content=\"it_IT\" \/>\n<meta property=\"og:type\" content=\"article\" \/>\n<meta property=\"og:title\" content=\"Il Sesto Pentacolo di Marte - Il Crogiuolo\" \/>\n<meta property=\"og:description\" content=\"Il Sesto Pentacolo di Marte La medaglia viene fornita con confezione in velluto. Questo pentacolo ha fortissime virt\u00f9 di protezione ma non solo, secondo quanto si tramanda fa s\u00ec che\" \/>\n<meta property=\"og:url\" content=\"https:\/\/ilcrogiuolo.it\/it\/p\/il-sesto-pentacolo-di-marte-argento-925\/\" \/>\n<meta property=\"og:site_name\" content=\"Il Crogiuolo\" \/>\n<meta property=\"article:publisher\" content=\"https:\/\/www.facebook.com\/Il-Crogiuolo-681876418491758\" \/>\n<meta property=\"article:modified_time\" content=\"2025-10-16T09:35:40+00:00\" \/>\n<meta property=\"og:image\" content=\"https:\/\/ilcrogiuolo.it\/wp-content\/uploads\/2020\/01\/6_marte.jpg\" \/>\n\t<meta property=\"og:image:width\" content=\"500\" \/>\n\t<meta property=\"og:image:height\" content=\"500\" \/>\n\t<meta property=\"og:image:type\" content=\"image\/jpeg\" \/>\n<meta name=\"twitter:card\" content=\"summary_large_image\" \/>\n<meta name=\"twitter:label1\" content=\"Tempo di lettura stimato\" \/>\n\t<meta name=\"twitter:data1\" content=\"1 minuto\" \/>\n<script type=\"application\/ld+json\" class=\"yoast-schema-graph\">{\"@context\":\"https:\/\/schema.org\",\"@graph\":[{\"@type\":\"WebPage\",\"@id\":\"https:\/\/ilcrogiuolo.it\/it\/p\/il-sesto-pentacolo-di-marte-argento-925\/\",\"url\":\"https:\/\/ilcrogiuolo.it\/it\/p\/il-sesto-pentacolo-di-marte-argento-925\/\",\"name\":\"Il Sesto Pentacolo di Marte - Il Crogiuolo\",\"isPartOf\":{\"@id\":\"https:\/\/ilcrogiuolo.it\/it\/#website\"},\"primaryImageOfPage\":{\"@id\":\"https:\/\/ilcrogiuolo.it\/it\/p\/il-sesto-pentacolo-di-marte-argento-925\/#primaryimage\"},\"image\":{\"@id\":\"https:\/\/ilcrogiuolo.it\/it\/p\/il-sesto-pentacolo-di-marte-argento-925\/#primaryimage\"},\"thumbnailUrl\":\"https:\/\/ilcrogiuolo.it\/wp-content\/uploads\/2020\/01\/6_marte.jpg\",\"datePublished\":\"2020-01-18T07:16:00+00:00\",\"dateModified\":\"2025-10-16T09:35:40+00:00\",\"description\":\"Il Sesto Pentacolo di Marte La medaglia viene fornita con confezione in velluto. Questo pentacolo ha fortissime virt\u00f9 di protezione ma non solo, secondo quanto si tramanda fa s\u00ec che\",\"breadcrumb\":{\"@id\":\"https:\/\/ilcrogiuolo.it\/it\/p\/il-sesto-pentacolo-di-marte-argento-925\/#breadcrumb\"},\"inLanguage\":\"it-IT\",\"potentialAction\":[{\"@type\":\"ReadAction\",\"target\":[\"https:\/\/ilcrogiuolo.it\/it\/p\/il-sesto-pentacolo-di-marte-argento-925\/\"]}]},{\"@type\":\"ImageObject\",\"inLanguage\":\"it-IT\",\"@id\":\"https:\/\/ilcrogiuolo.it\/it\/p\/il-sesto-pentacolo-di-marte-argento-925\/#primaryimage\",\"url\":\"https:\/\/ilcrogiuolo.it\/wp-content\/uploads\/2020\/01\/6_marte.jpg\",\"contentUrl\":\"https:\/\/ilcrogiuolo.it\/wp-content\/uploads\/2020\/01\/6_marte.jpg\",\"width\":500,\"height\":500},{\"@type\":\"BreadcrumbList\",\"@id\":\"https:\/\/ilcrogiuolo.it\/it\/p\/il-sesto-pentacolo-di-marte-argento-925\/#breadcrumb\",\"itemListElement\":[{\"@type\":\"ListItem\",\"position\":1,\"name\":\"Home\",\"item\":\"https:\/\/ilcrogiuolo.it\/it\/\"},{\"@type\":\"ListItem\",\"position\":2,\"name\":\"Shop\",\"item\":\"https:\/\/ilcrogiuolo.it\/it\/negozio\/\"},{\"@type\":\"ListItem\",\"position\":3,\"name\":\"Il Sesto Pentacolo di Marte\"}]},{\"@type\":\"WebSite\",\"@id\":\"https:\/\/ilcrogiuolo.it\/it\/#website\",\"url\":\"https:\/\/ilcrogiuolo.it\/it\/\",\"name\":\"Il Crogiuolo\",\"description\":\"\",\"publisher\":{\"@id\":\"https:\/\/ilcrogiuolo.it\/it\/#organization\"},\"potentialAction\":[{\"@type\":\"SearchAction\",\"target\":{\"@type\":\"EntryPoint\",\"urlTemplate\":\"https:\/\/ilcrogiuolo.it\/it\/?s={search_term_string}\"},\"query-input\":{\"@type\":\"PropertyValueSpecification\",\"valueRequired\":true,\"valueName\":\"search_term_string\"}}],\"inLanguage\":\"it-IT\"},{\"@type\":\"Organization\",\"@id\":\"https:\/\/ilcrogiuolo.it\/it\/#organization\",\"name\":\"Il Crogiuolo\",\"url\":\"https:\/\/ilcrogiuolo.it\/it\/\",\"logo\":{\"@type\":\"ImageObject\",\"inLanguage\":\"it-IT\",\"@id\":\"https:\/\/ilcrogiuolo.it\/it\/#\/schema\/logo\/image\/\",\"url\":\"https:\/\/ilcrogiuolo.it\/wp-content\/uploads\/2020\/04\/logo.png\",\"contentUrl\":\"https:\/\/ilcrogiuolo.it\/wp-content\/uploads\/2020\/04\/logo.png\",\"width\":200,\"height\":49,\"caption\":\"Il Crogiuolo\"},\"image\":{\"@id\":\"https:\/\/ilcrogiuolo.it\/it\/#\/schema\/logo\/image\/\"},\"sameAs\":[\"https:\/\/www.facebook.com\/Il-Crogiuolo-681876418491758\"]}]}<\/script>\n<!-- \/ Yoast SEO plugin. -->","yoast_head_json":{"title":"Il Sesto Pentacolo di Marte - Il Crogiuolo","description":"Il Sesto Pentacolo di Marte La medaglia viene fornita con confezione in velluto. Questo pentacolo ha fortissime virt\u00f9 di protezione ma non solo, secondo quanto si tramanda fa s\u00ec che","robots":{"index":"index","follow":"follow","max-snippet":"max-snippet:-1","max-image-preview":"max-image-preview:large","max-video-preview":"max-video-preview:-1"},"canonical":"https:\/\/ilcrogiuolo.it\/it\/p\/il-sesto-pentacolo-di-marte-argento-925\/","og_locale":"it_IT","og_type":"article","og_title":"Il Sesto Pentacolo di Marte - Il Crogiuolo","og_description":"Il Sesto Pentacolo di Marte La medaglia viene fornita con confezione in velluto. Questo pentacolo ha fortissime virt\u00f9 di protezione ma non solo, secondo quanto si tramanda fa s\u00ec che","og_url":"https:\/\/ilcrogiuolo.it\/it\/p\/il-sesto-pentacolo-di-marte-argento-925\/","og_site_name":"Il Crogiuolo","article_publisher":"https:\/\/www.facebook.com\/Il-Crogiuolo-681876418491758","article_modified_time":"2025-10-16T09:35:40+00:00","og_image":[{"width":500,"height":500,"url":"https:\/\/ilcrogiuolo.it\/wp-content\/uploads\/2020\/01\/6_marte.jpg","type":"image\/jpeg"}],"twitter_card":"summary_large_image","twitter_misc":{"Tempo di lettura stimato":"1 minuto"},"schema":{"@context":"https:\/\/schema.org","@graph":[{"@type":"WebPage","@id":"https:\/\/ilcrogiuolo.it\/it\/p\/il-sesto-pentacolo-di-marte-argento-925\/","url":"https:\/\/ilcrogiuolo.it\/it\/p\/il-sesto-pentacolo-di-marte-argento-925\/","name":"Il Sesto Pentacolo di Marte - Il Crogiuolo","isPartOf":{"@id":"https:\/\/ilcrogiuolo.it\/it\/#website"},"primaryImageOfPage":{"@id":"https:\/\/ilcrogiuolo.it\/it\/p\/il-sesto-pentacolo-di-marte-argento-925\/#primaryimage"},"image":{"@id":"https:\/\/ilcrogiuolo.it\/it\/p\/il-sesto-pentacolo-di-marte-argento-925\/#primaryimage"},"thumbnailUrl":"https:\/\/ilcrogiuolo.it\/wp-content\/uploads\/2020\/01\/6_marte.jpg","datePublished":"2020-01-18T07:16:00+00:00","dateModified":"2025-10-16T09:35:40+00:00","description":"Il Sesto Pentacolo di Marte La medaglia viene fornita con confezione in velluto. Questo pentacolo ha fortissime virt\u00f9 di protezione ma non solo, secondo quanto si tramanda fa s\u00ec che","breadcrumb":{"@id":"https:\/\/ilcrogiuolo.it\/it\/p\/il-sesto-pentacolo-di-marte-argento-925\/#breadcrumb"},"inLanguage":"it-IT","potentialAction":[{"@type":"ReadAction","target":["https:\/\/ilcrogiuolo.it\/it\/p\/il-sesto-pentacolo-di-marte-argento-925\/"]}]},{"@type":"ImageObject","inLanguage":"it-IT","@id":"https:\/\/ilcrogiuolo.it\/it\/p\/il-sesto-pentacolo-di-marte-argento-925\/#primaryimage","url":"https:\/\/ilcrogiuolo.it\/wp-content\/uploads\/2020\/01\/6_marte.jpg","contentUrl":"https:\/\/ilcrogiuolo.it\/wp-content\/uploads\/2020\/01\/6_marte.jpg","width":500,"height":500},{"@type":"BreadcrumbList","@id":"https:\/\/ilcrogiuolo.it\/it\/p\/il-sesto-pentacolo-di-marte-argento-925\/#breadcrumb","itemListElement":[{"@type":"ListItem","position":1,"name":"Home","item":"https:\/\/ilcrogiuolo.it\/it\/"},{"@type":"ListItem","position":2,"name":"Shop","item":"https:\/\/ilcrogiuolo.it\/it\/negozio\/"},{"@type":"ListItem","position":3,"name":"Il Sesto Pentacolo di Marte"}]},{"@type":"WebSite","@id":"https:\/\/ilcrogiuolo.it\/it\/#website","url":"https:\/\/ilcrogiuolo.it\/it\/","name":"Il Crogiuolo","description":"","publisher":{"@id":"https:\/\/ilcrogiuolo.it\/it\/#organization"},"potentialAction":[{"@type":"SearchAction","target":{"@type":"EntryPoint","urlTemplate":"https:\/\/ilcrogiuolo.it\/it\/?s={search_term_string}"},"query-input":{"@type":"PropertyValueSpecification","valueRequired":true,"valueName":"search_term_string"}}],"inLanguage":"it-IT"},{"@type":"Organization","@id":"https:\/\/ilcrogiuolo.it\/it\/#organization","name":"Il Crogiuolo","url":"https:\/\/ilcrogiuolo.it\/it\/","logo":{"@type":"ImageObject","inLanguage":"it-IT","@id":"https:\/\/ilcrogiuolo.it\/it\/#\/schema\/logo\/image\/","url":"https:\/\/ilcrogiuolo.it\/wp-content\/uploads\/2020\/04\/logo.png","contentUrl":"https:\/\/ilcrogiuolo.it\/wp-content\/uploads\/2020\/04\/logo.png","width":200,"height":49,"caption":"Il Crogiuolo"},"image":{"@id":"https:\/\/ilcrogiuolo.it\/it\/#\/schema\/logo\/image\/"},"sameAs":["https:\/\/www.facebook.com\/Il-Crogiuolo-681876418491758"]}]}},"_links":{"self":[{"href":"https:\/\/ilcrogiuolo.it\/it\/wp-json\/wp\/v2\/product\/14725","targetHints":{"allow":["GET"]}}],"collection":[{"href":"https:\/\/ilcrogiuolo.it\/it\/wp-json\/wp\/v2\/product"}],"about":[{"href":"https:\/\/ilcrogiuolo.it\/it\/wp-json\/wp\/v2\/types\/product"}],"wp:featuredmedia":[{"embeddable":true,"href":"https:\/\/ilcrogiuolo.it\/it\/wp-json\/wp\/v2\/media\/14727"}],"wp:attachment":[{"href":"https:\/\/ilcrogiuolo.it\/it\/wp-json\/wp\/v2\/media?parent=14725"}],"wp:term":[{"taxonomy":"product_brand","embeddable":true,"href":"https:\/\/ilcrogiuolo.it\/it\/wp-json\/wp\/v2\/product_brand?post=14725"},{"taxonomy":"product_cat","embeddable":true,"href":"https:\/\/ilcrogiuolo.it\/it\/wp-json\/wp\/v2\/product_cat?post=14725"},{"taxonomy":"product_tag","embeddable":true,"href":"https:\/\/ilcrogiuolo.it\/it\/wp-json\/wp\/v2\/product_tag?post=14725"}],"curies":[{"name":"wp","href":"https:\/\/api.w.org\/{rel}","templated":true}]}}