{"id":14680,"date":"2020-01-18T08:15:48","date_gmt":"2020-01-18T07:15:48","guid":{"rendered":"https:\/\/ilcrogiuolo.it\/p\/la-clavicola-di-salomone-argento-925\/"},"modified":"2025-10-16T11:29:36","modified_gmt":"2025-10-16T09:29:36","slug":"la-clavicola-di-salomone-argento-925","status":"publish","type":"product","link":"https:\/\/ilcrogiuolo.it\/it\/p\/la-clavicola-di-salomone-argento-925\/","title":{"rendered":"La Clavicola di Salomone"},"content":{"rendered":"<p style=\"color: #eb5a00; font-weight: bold;\">La medaglia viene fornita con confezione in velluto.<\/p>\n<p>La Clavicola di Re Salomone \u00e8 una simbologia che si impiega precipuamente per dominare e tenere a bada tutti gli spiriti. In passato veniva chiamato pentacolo dominatore, in quanto si credeva che potesse dominare qualsiasi entit\u00e0. Il termine chiave venne successivamente perch\u00e9 avrebbe permesso al re biblico la costruzione e l\u2019apertura del celebre tempio.\u00a0 Questo pentacolo, secondo la tradizione, fu consegnato al Re dall\u2019Arcangelo \u201cMichael\u201d tramite volont\u00e0 di Dio attraverso un\u2019apparizione celeste.<\/p>\n<p>In origine questo pentacolo veniva posto a guardia dei templi magici, appeso sulla porta principale, successivamente si pens\u00f2 di indossarlo su di se in virt\u00f9 anche di altre propriet\u00e0 di questo simbolo: tenere lontano la cattiva sorte, distruggere le negativit\u00e0, allontanare gli spiriti maligni e proteggere dagli attacchi occulti. Secondo alcune scuole esoteriche la Clavicula Salomonis ha anche il potere di spezzare fatture e malocchio, ma solo se il soggetto vive in grazia di Dio e delle sue leggi. In quanto \u201cchiave\u201d apre anche le porte alla fortuna ed alla gioia. Di grande valore spirituale viene indossata a scopo di protezione e per impetrare la Giustizia Divina attraverso i nomi ebraici incisi nel pentacolo.<\/p>\n","protected":false},"excerpt":{"rendered":"<p>La medaglia viene fornita con confezione in velluto. La Clavicola di Re Salomone \u00e8 una simbologia che si impiega precipuamente&#8230;<\/p>\n","protected":false},"featured_media":14682,"template":"","meta":{"_acf_changed":false},"product_brand":[],"product_cat":[1135,1524,1066],"product_tag":[],"class_list":{"0":"post-14680","1":"product","2":"type-product","3":"status-publish","4":"has-post-thumbnail","6":"product_cat-pentacoli-di-re-salomone","7":"product_cat-clavicola-salomone-clavicula-salomonis","8":"product_cat-talismani-amuleti","10":"first","11":"instock","12":"sale","13":"taxable","14":"shipping-taxable","15":"purchasable","16":"product-type-variable","17":"has-default-attributes","18":"add-to-wishlist-before_image"},"acf":[],"yoast_head":"<!-- This site is optimized with the Yoast SEO plugin v26.9 - https:\/\/yoast.com\/product\/yoast-seo-wordpress\/ -->\n<title>La Clavicola di Salomone - Il Crogiuolo<\/title>\n<meta name=\"description\" content=\"La Clavicola di Salomone La medaglia viene fornita con confezione in velluto. La Clavicola di Re Salomone \u00e8 una simbologia che si impiega precipuamente per dominare e tenere a\" \/>\n<meta name=\"robots\" content=\"index, follow, max-snippet:-1, max-image-preview:large, max-video-preview:-1\" \/>\n<link rel=\"canonical\" href=\"https:\/\/ilcrogiuolo.it\/it\/p\/la-clavicola-di-salomone-argento-925\/\" \/>\n<meta property=\"og:locale\" content=\"it_IT\" \/>\n<meta property=\"og:type\" content=\"article\" \/>\n<meta property=\"og:title\" content=\"La Clavicola di Salomone - Il Crogiuolo\" \/>\n<meta property=\"og:description\" content=\"La Clavicola di Salomone La medaglia viene fornita con confezione in velluto. La Clavicola di Re Salomone \u00e8 una simbologia che si impiega precipuamente per dominare e tenere a\" \/>\n<meta property=\"og:url\" content=\"https:\/\/ilcrogiuolo.it\/it\/p\/la-clavicola-di-salomone-argento-925\/\" \/>\n<meta property=\"og:site_name\" content=\"Il Crogiuolo\" \/>\n<meta property=\"article:publisher\" content=\"https:\/\/www.facebook.com\/Il-Crogiuolo-681876418491758\" \/>\n<meta property=\"article:modified_time\" content=\"2025-10-16T09:29:36+00:00\" \/>\n<meta property=\"og:image\" content=\"https:\/\/ilcrogiuolo.it\/wp-content\/uploads\/2020\/01\/clavicolasalomone_0159753.jpg\" \/>\n\t<meta property=\"og:image:width\" content=\"627\" \/>\n\t<meta property=\"og:image:height\" content=\"600\" \/>\n\t<meta property=\"og:image:type\" content=\"image\/jpeg\" \/>\n<meta name=\"twitter:card\" content=\"summary_large_image\" \/>\n<meta name=\"twitter:label1\" content=\"Tempo di lettura stimato\" \/>\n\t<meta name=\"twitter:data1\" content=\"2 minuti\" \/>\n<script type=\"application\/ld+json\" class=\"yoast-schema-graph\">{\"@context\":\"https:\/\/schema.org\",\"@graph\":[{\"@type\":\"WebPage\",\"@id\":\"https:\/\/ilcrogiuolo.it\/it\/p\/la-clavicola-di-salomone-argento-925\/\",\"url\":\"https:\/\/ilcrogiuolo.it\/it\/p\/la-clavicola-di-salomone-argento-925\/\",\"name\":\"La Clavicola di Salomone - Il Crogiuolo\",\"isPartOf\":{\"@id\":\"https:\/\/ilcrogiuolo.it\/it\/#website\"},\"primaryImageOfPage\":{\"@id\":\"https:\/\/ilcrogiuolo.it\/it\/p\/la-clavicola-di-salomone-argento-925\/#primaryimage\"},\"image\":{\"@id\":\"https:\/\/ilcrogiuolo.it\/it\/p\/la-clavicola-di-salomone-argento-925\/#primaryimage\"},\"thumbnailUrl\":\"https:\/\/ilcrogiuolo.it\/wp-content\/uploads\/2020\/01\/clavicolasalomone_0159753.jpg\",\"datePublished\":\"2020-01-18T07:15:48+00:00\",\"dateModified\":\"2025-10-16T09:29:36+00:00\",\"description\":\"La Clavicola di Salomone La medaglia viene fornita con confezione in velluto. La Clavicola di Re Salomone \u00e8 una simbologia che si impiega precipuamente per dominare e tenere a\",\"breadcrumb\":{\"@id\":\"https:\/\/ilcrogiuolo.it\/it\/p\/la-clavicola-di-salomone-argento-925\/#breadcrumb\"},\"inLanguage\":\"it-IT\",\"potentialAction\":[{\"@type\":\"ReadAction\",\"target\":[\"https:\/\/ilcrogiuolo.it\/it\/p\/la-clavicola-di-salomone-argento-925\/\"]}]},{\"@type\":\"ImageObject\",\"inLanguage\":\"it-IT\",\"@id\":\"https:\/\/ilcrogiuolo.it\/it\/p\/la-clavicola-di-salomone-argento-925\/#primaryimage\",\"url\":\"https:\/\/ilcrogiuolo.it\/wp-content\/uploads\/2020\/01\/clavicolasalomone_0159753.jpg\",\"contentUrl\":\"https:\/\/ilcrogiuolo.it\/wp-content\/uploads\/2020\/01\/clavicolasalomone_0159753.jpg\",\"width\":627,\"height\":600},{\"@type\":\"BreadcrumbList\",\"@id\":\"https:\/\/ilcrogiuolo.it\/it\/p\/la-clavicola-di-salomone-argento-925\/#breadcrumb\",\"itemListElement\":[{\"@type\":\"ListItem\",\"position\":1,\"name\":\"Home\",\"item\":\"https:\/\/ilcrogiuolo.it\/it\/\"},{\"@type\":\"ListItem\",\"position\":2,\"name\":\"Shop\",\"item\":\"https:\/\/ilcrogiuolo.it\/it\/negozio\/\"},{\"@type\":\"ListItem\",\"position\":3,\"name\":\"La Clavicola di Salomone\"}]},{\"@type\":\"WebSite\",\"@id\":\"https:\/\/ilcrogiuolo.it\/it\/#website\",\"url\":\"https:\/\/ilcrogiuolo.it\/it\/\",\"name\":\"Il Crogiuolo\",\"description\":\"\",\"publisher\":{\"@id\":\"https:\/\/ilcrogiuolo.it\/it\/#organization\"},\"potentialAction\":[{\"@type\":\"SearchAction\",\"target\":{\"@type\":\"EntryPoint\",\"urlTemplate\":\"https:\/\/ilcrogiuolo.it\/it\/?s={search_term_string}\"},\"query-input\":{\"@type\":\"PropertyValueSpecification\",\"valueRequired\":true,\"valueName\":\"search_term_string\"}}],\"inLanguage\":\"it-IT\"},{\"@type\":\"Organization\",\"@id\":\"https:\/\/ilcrogiuolo.it\/it\/#organization\",\"name\":\"Il Crogiuolo\",\"url\":\"https:\/\/ilcrogiuolo.it\/it\/\",\"logo\":{\"@type\":\"ImageObject\",\"inLanguage\":\"it-IT\",\"@id\":\"https:\/\/ilcrogiuolo.it\/it\/#\/schema\/logo\/image\/\",\"url\":\"https:\/\/ilcrogiuolo.it\/wp-content\/uploads\/2020\/04\/logo.png\",\"contentUrl\":\"https:\/\/ilcrogiuolo.it\/wp-content\/uploads\/2020\/04\/logo.png\",\"width\":200,\"height\":49,\"caption\":\"Il Crogiuolo\"},\"image\":{\"@id\":\"https:\/\/ilcrogiuolo.it\/it\/#\/schema\/logo\/image\/\"},\"sameAs\":[\"https:\/\/www.facebook.com\/Il-Crogiuolo-681876418491758\"]}]}<\/script>\n<!-- \/ Yoast SEO plugin. -->","yoast_head_json":{"title":"La Clavicola di Salomone - Il Crogiuolo","description":"La Clavicola di Salomone La medaglia viene fornita con confezione in velluto. La Clavicola di Re Salomone \u00e8 una simbologia che si impiega precipuamente per dominare e tenere a","robots":{"index":"index","follow":"follow","max-snippet":"max-snippet:-1","max-image-preview":"max-image-preview:large","max-video-preview":"max-video-preview:-1"},"canonical":"https:\/\/ilcrogiuolo.it\/it\/p\/la-clavicola-di-salomone-argento-925\/","og_locale":"it_IT","og_type":"article","og_title":"La Clavicola di Salomone - Il Crogiuolo","og_description":"La Clavicola di Salomone La medaglia viene fornita con confezione in velluto. La Clavicola di Re Salomone \u00e8 una simbologia che si impiega precipuamente per dominare e tenere a","og_url":"https:\/\/ilcrogiuolo.it\/it\/p\/la-clavicola-di-salomone-argento-925\/","og_site_name":"Il Crogiuolo","article_publisher":"https:\/\/www.facebook.com\/Il-Crogiuolo-681876418491758","article_modified_time":"2025-10-16T09:29:36+00:00","og_image":[{"width":627,"height":600,"url":"https:\/\/ilcrogiuolo.it\/wp-content\/uploads\/2020\/01\/clavicolasalomone_0159753.jpg","type":"image\/jpeg"}],"twitter_card":"summary_large_image","twitter_misc":{"Tempo di lettura stimato":"2 minuti"},"schema":{"@context":"https:\/\/schema.org","@graph":[{"@type":"WebPage","@id":"https:\/\/ilcrogiuolo.it\/it\/p\/la-clavicola-di-salomone-argento-925\/","url":"https:\/\/ilcrogiuolo.it\/it\/p\/la-clavicola-di-salomone-argento-925\/","name":"La Clavicola di Salomone - Il Crogiuolo","isPartOf":{"@id":"https:\/\/ilcrogiuolo.it\/it\/#website"},"primaryImageOfPage":{"@id":"https:\/\/ilcrogiuolo.it\/it\/p\/la-clavicola-di-salomone-argento-925\/#primaryimage"},"image":{"@id":"https:\/\/ilcrogiuolo.it\/it\/p\/la-clavicola-di-salomone-argento-925\/#primaryimage"},"thumbnailUrl":"https:\/\/ilcrogiuolo.it\/wp-content\/uploads\/2020\/01\/clavicolasalomone_0159753.jpg","datePublished":"2020-01-18T07:15:48+00:00","dateModified":"2025-10-16T09:29:36+00:00","description":"La Clavicola di Salomone La medaglia viene fornita con confezione in velluto. La Clavicola di Re Salomone \u00e8 una simbologia che si impiega precipuamente per dominare e tenere a","breadcrumb":{"@id":"https:\/\/ilcrogiuolo.it\/it\/p\/la-clavicola-di-salomone-argento-925\/#breadcrumb"},"inLanguage":"it-IT","potentialAction":[{"@type":"ReadAction","target":["https:\/\/ilcrogiuolo.it\/it\/p\/la-clavicola-di-salomone-argento-925\/"]}]},{"@type":"ImageObject","inLanguage":"it-IT","@id":"https:\/\/ilcrogiuolo.it\/it\/p\/la-clavicola-di-salomone-argento-925\/#primaryimage","url":"https:\/\/ilcrogiuolo.it\/wp-content\/uploads\/2020\/01\/clavicolasalomone_0159753.jpg","contentUrl":"https:\/\/ilcrogiuolo.it\/wp-content\/uploads\/2020\/01\/clavicolasalomone_0159753.jpg","width":627,"height":600},{"@type":"BreadcrumbList","@id":"https:\/\/ilcrogiuolo.it\/it\/p\/la-clavicola-di-salomone-argento-925\/#breadcrumb","itemListElement":[{"@type":"ListItem","position":1,"name":"Home","item":"https:\/\/ilcrogiuolo.it\/it\/"},{"@type":"ListItem","position":2,"name":"Shop","item":"https:\/\/ilcrogiuolo.it\/it\/negozio\/"},{"@type":"ListItem","position":3,"name":"La Clavicola di Salomone"}]},{"@type":"WebSite","@id":"https:\/\/ilcrogiuolo.it\/it\/#website","url":"https:\/\/ilcrogiuolo.it\/it\/","name":"Il Crogiuolo","description":"","publisher":{"@id":"https:\/\/ilcrogiuolo.it\/it\/#organization"},"potentialAction":[{"@type":"SearchAction","target":{"@type":"EntryPoint","urlTemplate":"https:\/\/ilcrogiuolo.it\/it\/?s={search_term_string}"},"query-input":{"@type":"PropertyValueSpecification","valueRequired":true,"valueName":"search_term_string"}}],"inLanguage":"it-IT"},{"@type":"Organization","@id":"https:\/\/ilcrogiuolo.it\/it\/#organization","name":"Il Crogiuolo","url":"https:\/\/ilcrogiuolo.it\/it\/","logo":{"@type":"ImageObject","inLanguage":"it-IT","@id":"https:\/\/ilcrogiuolo.it\/it\/#\/schema\/logo\/image\/","url":"https:\/\/ilcrogiuolo.it\/wp-content\/uploads\/2020\/04\/logo.png","contentUrl":"https:\/\/ilcrogiuolo.it\/wp-content\/uploads\/2020\/04\/logo.png","width":200,"height":49,"caption":"Il Crogiuolo"},"image":{"@id":"https:\/\/ilcrogiuolo.it\/it\/#\/schema\/logo\/image\/"},"sameAs":["https:\/\/www.facebook.com\/Il-Crogiuolo-681876418491758"]}]}},"_links":{"self":[{"href":"https:\/\/ilcrogiuolo.it\/it\/wp-json\/wp\/v2\/product\/14680","targetHints":{"allow":["GET"]}}],"collection":[{"href":"https:\/\/ilcrogiuolo.it\/it\/wp-json\/wp\/v2\/product"}],"about":[{"href":"https:\/\/ilcrogiuolo.it\/it\/wp-json\/wp\/v2\/types\/product"}],"wp:featuredmedia":[{"embeddable":true,"href":"https:\/\/ilcrogiuolo.it\/it\/wp-json\/wp\/v2\/media\/14682"}],"wp:attachment":[{"href":"https:\/\/ilcrogiuolo.it\/it\/wp-json\/wp\/v2\/media?parent=14680"}],"wp:term":[{"taxonomy":"product_brand","embeddable":true,"href":"https:\/\/ilcrogiuolo.it\/it\/wp-json\/wp\/v2\/product_brand?post=14680"},{"taxonomy":"product_cat","embeddable":true,"href":"https:\/\/ilcrogiuolo.it\/it\/wp-json\/wp\/v2\/product_cat?post=14680"},{"taxonomy":"product_tag","embeddable":true,"href":"https:\/\/ilcrogiuolo.it\/it\/wp-json\/wp\/v2\/product_tag?post=14680"}],"curies":[{"name":"wp","href":"https:\/\/api.w.org\/{rel}","templated":true}]}}