{"id":14530,"date":"2020-01-18T08:15:15","date_gmt":"2020-01-18T07:15:15","guid":{"rendered":"https:\/\/ilcrogiuolo.it\/p\/medaglia-veve-erzulie-danthor-argento-925\/"},"modified":"2024-05-08T15:41:00","modified_gmt":"2024-05-08T13:41:00","slug":"medaglia-veve-erzulie-dantor-argento-925","status":"publish","type":"product","link":"https:\/\/ilcrogiuolo.it\/it\/p\/medaglia-veve-erzulie-dantor-argento-925\/","title":{"rendered":"Medaglia Vev\u00e8 Erzulie Dantor &#8211; Argento 925"},"content":{"rendered":"<p><strong>La nuova Collezione Medaglie Vev\u00e8 Il Crogiuolo si ispira a simboli e sigilli provenienti dalla tradizione Voodoo riprodotti fedelmente in una preziosa incisione su argento.<\/strong><\/p>\n<p class=\"MsoNormal\" style=\"margin: 0cm 0cm 0pt;\">La regina in assoluto della Division Petr\u00f2 \u00e8 Erzulie Dantor, chiamata anche Santa Martica, la Metresa Haitiana o Santa Barbara Africana. Nel mito \u00e8 sorella di Santa Marta Dominadora e di Metresil\u00ec. A questo loa si rivolgono i medium per decifrare i complessi significati dei fondi del caff\u00e8, certamente, ma \u00e8 famosa soprattutto per difendere le donne dagli abusi dei mariti e per proteggere in maniera agguerrita i propri figli. \u00c8 considerata una madre severa, possessiva, ma molto giusta. Si dice che Erzulie Dantor abbia una simpatia tutta particolare per le lesbiche, pur non essendo lei lesbica, pertanto \u00e8 considerata la loro protettrice. Tutela le donne sole e le ragazze madri. Il suo vev\u00e8 viene indossato anche per dare forza ad un cuore spezzato e per combattere ogni tipo di vincolo e repressione.<\/p>\n","protected":false},"excerpt":{"rendered":"<p>La nuova Collezione Medaglie Vev\u00e8 Il Crogiuolo si ispira a simboli e sigilli provenienti dalla tradizione Voodoo riprodotti fedelmente in&#8230;<\/p>\n","protected":false},"featured_media":14532,"template":"","meta":{"_acf_changed":false},"product_brand":[],"product_cat":[1123,1066,1374],"product_tag":[],"class_list":{"0":"post-14530","1":"product","2":"type-product","3":"status-publish","4":"has-post-thumbnail","6":"product_cat-tradizione-sudamericana-veve-pontos-patois","7":"product_cat-talismani-amuleti","8":"product_cat-talismani-veve-voodoo","10":"first","11":"instock","12":"taxable","13":"shipping-taxable","14":"purchasable","15":"product-type-variable","16":"has-default-attributes","17":"add-to-wishlist-before_image"},"acf":[],"yoast_head":"<!-- This site is optimized with the Yoast SEO plugin v26.9 - https:\/\/yoast.com\/product\/yoast-seo-wordpress\/ -->\n<title>Medaglia Vev\u00e8 Erzulie Dantor - Argento 925 - Il Crogiuolo<\/title>\n<meta name=\"description\" content=\"Medaglia Vev\u00e8 Erzulie Dantor - Argento 925 La nuova Collezione Medaglie Vev\u00e8 Il Crogiuolo si ispira a simboli e sigilli provenienti dalla tradizione Voodoo riprodotti fedelmente in una preziosa\" \/>\n<meta name=\"robots\" content=\"index, follow, max-snippet:-1, max-image-preview:large, max-video-preview:-1\" \/>\n<link rel=\"canonical\" href=\"https:\/\/ilcrogiuolo.it\/it\/p\/medaglia-veve-erzulie-dantor-argento-925\/\" \/>\n<meta property=\"og:locale\" content=\"it_IT\" \/>\n<meta property=\"og:type\" content=\"article\" \/>\n<meta property=\"og:title\" content=\"Medaglia Vev\u00e8 Erzulie Dantor - Argento 925 - Il Crogiuolo\" \/>\n<meta property=\"og:description\" content=\"Medaglia Vev\u00e8 Erzulie Dantor - Argento 925 La nuova Collezione Medaglie Vev\u00e8 Il Crogiuolo si ispira a simboli e sigilli provenienti dalla tradizione Voodoo riprodotti fedelmente in una preziosa\" \/>\n<meta property=\"og:url\" content=\"https:\/\/ilcrogiuolo.it\/it\/p\/medaglia-veve-erzulie-dantor-argento-925\/\" \/>\n<meta property=\"og:site_name\" content=\"Il Crogiuolo\" \/>\n<meta property=\"article:publisher\" content=\"https:\/\/www.facebook.com\/Il-Crogiuolo-681876418491758\" \/>\n<meta property=\"article:modified_time\" content=\"2024-05-08T13:41:00+00:00\" \/>\n<meta property=\"og:image\" content=\"https:\/\/ilcrogiuolo.it\/wp-content\/uploads\/2020\/01\/erzuliedantor_3173692.jpg\" \/>\n\t<meta property=\"og:image:width\" content=\"627\" \/>\n\t<meta property=\"og:image:height\" content=\"600\" \/>\n\t<meta property=\"og:image:type\" content=\"image\/jpeg\" \/>\n<meta name=\"twitter:card\" content=\"summary_large_image\" \/>\n<meta name=\"twitter:label1\" content=\"Tempo di lettura stimato\" \/>\n\t<meta name=\"twitter:data1\" content=\"1 minuto\" \/>\n<script type=\"application\/ld+json\" class=\"yoast-schema-graph\">{\"@context\":\"https:\/\/schema.org\",\"@graph\":[{\"@type\":\"WebPage\",\"@id\":\"https:\/\/ilcrogiuolo.it\/it\/p\/medaglia-veve-erzulie-dantor-argento-925\/\",\"url\":\"https:\/\/ilcrogiuolo.it\/it\/p\/medaglia-veve-erzulie-dantor-argento-925\/\",\"name\":\"Medaglia Vev\u00e8 Erzulie Dantor - Argento 925 - Il Crogiuolo\",\"isPartOf\":{\"@id\":\"https:\/\/ilcrogiuolo.it\/it\/#website\"},\"primaryImageOfPage\":{\"@id\":\"https:\/\/ilcrogiuolo.it\/it\/p\/medaglia-veve-erzulie-dantor-argento-925\/#primaryimage\"},\"image\":{\"@id\":\"https:\/\/ilcrogiuolo.it\/it\/p\/medaglia-veve-erzulie-dantor-argento-925\/#primaryimage\"},\"thumbnailUrl\":\"https:\/\/ilcrogiuolo.it\/wp-content\/uploads\/2020\/01\/erzuliedantor_3173692.jpg\",\"datePublished\":\"2020-01-18T07:15:15+00:00\",\"dateModified\":\"2024-05-08T13:41:00+00:00\",\"description\":\"Medaglia Vev\u00e8 Erzulie Dantor - Argento 925 La nuova Collezione Medaglie Vev\u00e8 Il Crogiuolo si ispira a simboli e sigilli provenienti dalla tradizione Voodoo riprodotti fedelmente in una preziosa\",\"breadcrumb\":{\"@id\":\"https:\/\/ilcrogiuolo.it\/it\/p\/medaglia-veve-erzulie-dantor-argento-925\/#breadcrumb\"},\"inLanguage\":\"it-IT\",\"potentialAction\":[{\"@type\":\"ReadAction\",\"target\":[\"https:\/\/ilcrogiuolo.it\/it\/p\/medaglia-veve-erzulie-dantor-argento-925\/\"]}]},{\"@type\":\"ImageObject\",\"inLanguage\":\"it-IT\",\"@id\":\"https:\/\/ilcrogiuolo.it\/it\/p\/medaglia-veve-erzulie-dantor-argento-925\/#primaryimage\",\"url\":\"https:\/\/ilcrogiuolo.it\/wp-content\/uploads\/2020\/01\/erzuliedantor_3173692.jpg\",\"contentUrl\":\"https:\/\/ilcrogiuolo.it\/wp-content\/uploads\/2020\/01\/erzuliedantor_3173692.jpg\",\"width\":627,\"height\":600},{\"@type\":\"BreadcrumbList\",\"@id\":\"https:\/\/ilcrogiuolo.it\/it\/p\/medaglia-veve-erzulie-dantor-argento-925\/#breadcrumb\",\"itemListElement\":[{\"@type\":\"ListItem\",\"position\":1,\"name\":\"Home\",\"item\":\"https:\/\/ilcrogiuolo.it\/it\/\"},{\"@type\":\"ListItem\",\"position\":2,\"name\":\"Shop\",\"item\":\"https:\/\/ilcrogiuolo.it\/it\/negozio\/\"},{\"@type\":\"ListItem\",\"position\":3,\"name\":\"Medaglia Vev\u00e8 Erzulie Dantor &#8211; Argento 925\"}]},{\"@type\":\"WebSite\",\"@id\":\"https:\/\/ilcrogiuolo.it\/it\/#website\",\"url\":\"https:\/\/ilcrogiuolo.it\/it\/\",\"name\":\"Il Crogiuolo\",\"description\":\"\",\"publisher\":{\"@id\":\"https:\/\/ilcrogiuolo.it\/it\/#organization\"},\"potentialAction\":[{\"@type\":\"SearchAction\",\"target\":{\"@type\":\"EntryPoint\",\"urlTemplate\":\"https:\/\/ilcrogiuolo.it\/it\/?s={search_term_string}\"},\"query-input\":{\"@type\":\"PropertyValueSpecification\",\"valueRequired\":true,\"valueName\":\"search_term_string\"}}],\"inLanguage\":\"it-IT\"},{\"@type\":\"Organization\",\"@id\":\"https:\/\/ilcrogiuolo.it\/it\/#organization\",\"name\":\"Il Crogiuolo\",\"url\":\"https:\/\/ilcrogiuolo.it\/it\/\",\"logo\":{\"@type\":\"ImageObject\",\"inLanguage\":\"it-IT\",\"@id\":\"https:\/\/ilcrogiuolo.it\/it\/#\/schema\/logo\/image\/\",\"url\":\"https:\/\/ilcrogiuolo.it\/wp-content\/uploads\/2020\/04\/logo.png\",\"contentUrl\":\"https:\/\/ilcrogiuolo.it\/wp-content\/uploads\/2020\/04\/logo.png\",\"width\":200,\"height\":49,\"caption\":\"Il Crogiuolo\"},\"image\":{\"@id\":\"https:\/\/ilcrogiuolo.it\/it\/#\/schema\/logo\/image\/\"},\"sameAs\":[\"https:\/\/www.facebook.com\/Il-Crogiuolo-681876418491758\"]}]}<\/script>\n<!-- \/ Yoast SEO plugin. -->","yoast_head_json":{"title":"Medaglia Vev\u00e8 Erzulie Dantor - Argento 925 - Il Crogiuolo","description":"Medaglia Vev\u00e8 Erzulie Dantor - Argento 925 La nuova Collezione Medaglie Vev\u00e8 Il Crogiuolo si ispira a simboli e sigilli provenienti dalla tradizione Voodoo riprodotti fedelmente in una preziosa","robots":{"index":"index","follow":"follow","max-snippet":"max-snippet:-1","max-image-preview":"max-image-preview:large","max-video-preview":"max-video-preview:-1"},"canonical":"https:\/\/ilcrogiuolo.it\/it\/p\/medaglia-veve-erzulie-dantor-argento-925\/","og_locale":"it_IT","og_type":"article","og_title":"Medaglia Vev\u00e8 Erzulie Dantor - Argento 925 - Il Crogiuolo","og_description":"Medaglia Vev\u00e8 Erzulie Dantor - Argento 925 La nuova Collezione Medaglie Vev\u00e8 Il Crogiuolo si ispira a simboli e sigilli provenienti dalla tradizione Voodoo riprodotti fedelmente in una preziosa","og_url":"https:\/\/ilcrogiuolo.it\/it\/p\/medaglia-veve-erzulie-dantor-argento-925\/","og_site_name":"Il Crogiuolo","article_publisher":"https:\/\/www.facebook.com\/Il-Crogiuolo-681876418491758","article_modified_time":"2024-05-08T13:41:00+00:00","og_image":[{"width":627,"height":600,"url":"https:\/\/ilcrogiuolo.it\/wp-content\/uploads\/2020\/01\/erzuliedantor_3173692.jpg","type":"image\/jpeg"}],"twitter_card":"summary_large_image","twitter_misc":{"Tempo di lettura stimato":"1 minuto"},"schema":{"@context":"https:\/\/schema.org","@graph":[{"@type":"WebPage","@id":"https:\/\/ilcrogiuolo.it\/it\/p\/medaglia-veve-erzulie-dantor-argento-925\/","url":"https:\/\/ilcrogiuolo.it\/it\/p\/medaglia-veve-erzulie-dantor-argento-925\/","name":"Medaglia Vev\u00e8 Erzulie Dantor - Argento 925 - Il Crogiuolo","isPartOf":{"@id":"https:\/\/ilcrogiuolo.it\/it\/#website"},"primaryImageOfPage":{"@id":"https:\/\/ilcrogiuolo.it\/it\/p\/medaglia-veve-erzulie-dantor-argento-925\/#primaryimage"},"image":{"@id":"https:\/\/ilcrogiuolo.it\/it\/p\/medaglia-veve-erzulie-dantor-argento-925\/#primaryimage"},"thumbnailUrl":"https:\/\/ilcrogiuolo.it\/wp-content\/uploads\/2020\/01\/erzuliedantor_3173692.jpg","datePublished":"2020-01-18T07:15:15+00:00","dateModified":"2024-05-08T13:41:00+00:00","description":"Medaglia Vev\u00e8 Erzulie Dantor - Argento 925 La nuova Collezione Medaglie Vev\u00e8 Il Crogiuolo si ispira a simboli e sigilli provenienti dalla tradizione Voodoo riprodotti fedelmente in una preziosa","breadcrumb":{"@id":"https:\/\/ilcrogiuolo.it\/it\/p\/medaglia-veve-erzulie-dantor-argento-925\/#breadcrumb"},"inLanguage":"it-IT","potentialAction":[{"@type":"ReadAction","target":["https:\/\/ilcrogiuolo.it\/it\/p\/medaglia-veve-erzulie-dantor-argento-925\/"]}]},{"@type":"ImageObject","inLanguage":"it-IT","@id":"https:\/\/ilcrogiuolo.it\/it\/p\/medaglia-veve-erzulie-dantor-argento-925\/#primaryimage","url":"https:\/\/ilcrogiuolo.it\/wp-content\/uploads\/2020\/01\/erzuliedantor_3173692.jpg","contentUrl":"https:\/\/ilcrogiuolo.it\/wp-content\/uploads\/2020\/01\/erzuliedantor_3173692.jpg","width":627,"height":600},{"@type":"BreadcrumbList","@id":"https:\/\/ilcrogiuolo.it\/it\/p\/medaglia-veve-erzulie-dantor-argento-925\/#breadcrumb","itemListElement":[{"@type":"ListItem","position":1,"name":"Home","item":"https:\/\/ilcrogiuolo.it\/it\/"},{"@type":"ListItem","position":2,"name":"Shop","item":"https:\/\/ilcrogiuolo.it\/it\/negozio\/"},{"@type":"ListItem","position":3,"name":"Medaglia Vev\u00e8 Erzulie Dantor &#8211; Argento 925"}]},{"@type":"WebSite","@id":"https:\/\/ilcrogiuolo.it\/it\/#website","url":"https:\/\/ilcrogiuolo.it\/it\/","name":"Il Crogiuolo","description":"","publisher":{"@id":"https:\/\/ilcrogiuolo.it\/it\/#organization"},"potentialAction":[{"@type":"SearchAction","target":{"@type":"EntryPoint","urlTemplate":"https:\/\/ilcrogiuolo.it\/it\/?s={search_term_string}"},"query-input":{"@type":"PropertyValueSpecification","valueRequired":true,"valueName":"search_term_string"}}],"inLanguage":"it-IT"},{"@type":"Organization","@id":"https:\/\/ilcrogiuolo.it\/it\/#organization","name":"Il Crogiuolo","url":"https:\/\/ilcrogiuolo.it\/it\/","logo":{"@type":"ImageObject","inLanguage":"it-IT","@id":"https:\/\/ilcrogiuolo.it\/it\/#\/schema\/logo\/image\/","url":"https:\/\/ilcrogiuolo.it\/wp-content\/uploads\/2020\/04\/logo.png","contentUrl":"https:\/\/ilcrogiuolo.it\/wp-content\/uploads\/2020\/04\/logo.png","width":200,"height":49,"caption":"Il Crogiuolo"},"image":{"@id":"https:\/\/ilcrogiuolo.it\/it\/#\/schema\/logo\/image\/"},"sameAs":["https:\/\/www.facebook.com\/Il-Crogiuolo-681876418491758"]}]}},"_links":{"self":[{"href":"https:\/\/ilcrogiuolo.it\/it\/wp-json\/wp\/v2\/product\/14530","targetHints":{"allow":["GET"]}}],"collection":[{"href":"https:\/\/ilcrogiuolo.it\/it\/wp-json\/wp\/v2\/product"}],"about":[{"href":"https:\/\/ilcrogiuolo.it\/it\/wp-json\/wp\/v2\/types\/product"}],"wp:featuredmedia":[{"embeddable":true,"href":"https:\/\/ilcrogiuolo.it\/it\/wp-json\/wp\/v2\/media\/14532"}],"wp:attachment":[{"href":"https:\/\/ilcrogiuolo.it\/it\/wp-json\/wp\/v2\/media?parent=14530"}],"wp:term":[{"taxonomy":"product_brand","embeddable":true,"href":"https:\/\/ilcrogiuolo.it\/it\/wp-json\/wp\/v2\/product_brand?post=14530"},{"taxonomy":"product_cat","embeddable":true,"href":"https:\/\/ilcrogiuolo.it\/it\/wp-json\/wp\/v2\/product_cat?post=14530"},{"taxonomy":"product_tag","embeddable":true,"href":"https:\/\/ilcrogiuolo.it\/it\/wp-json\/wp\/v2\/product_tag?post=14530"}],"curies":[{"name":"wp","href":"https:\/\/api.w.org\/{rel}","templated":true}]}}