{"id":14235,"date":"2020-01-18T08:13:30","date_gmt":"2020-01-18T07:13:30","guid":{"rendered":"https:\/\/ilcrogiuolo.it\/p\/adja-con-manico-in-legno-cm-26\/"},"modified":"2020-01-23T15:06:59","modified_gmt":"2020-01-23T14:06:59","slug":"adja-con-manico-in-legno-cm-26","status":"publish","type":"product","link":"https:\/\/ilcrogiuolo.it\/it\/p\/adja-con-manico-in-legno-cm-26\/","title":{"rendered":"ADJA&#8217; CON MANICO IN LEGNO CM 26"},"content":{"rendered":"<p>Meravigliosa campana cerimoniale in metallo bianco a bocche multiple impiegata dai sacerdoti del Candombl\u00e9 durante le pratiche rituali per chiamare gli Orix\u00e0, ma anche nella ritualistica divinatoria. Questo strumento \u00e8 imprescindibile in ogni cerimonia di Santo. Interamente battuto a mano, con il manico in legno,\u00a0si tratta di un articolo di altissimo pregio e lavorazione.<\/p>\n","protected":false},"excerpt":{"rendered":"<p>Meravigliosa campana cerimoniale in metallo bianco a bocche multiple impiegata dai sacerdoti del Candombl\u00e9 durante le pratiche rituali per chiamare&#8230;<\/p>\n","protected":false},"featured_media":13426,"template":"","meta":{"_acf_changed":false},"product_brand":[],"product_cat":[1086,1359,1063],"product_tag":[],"class_list":{"0":"post-14235","1":"product","2":"type-product","3":"status-publish","4":"has-post-thumbnail","6":"product_cat-articoli-di-fondamento","7":"product_cat-ferramentas","8":"product_cat-strumenti-rituali","10":"first","11":"instock","12":"taxable","13":"shipping-taxable","14":"purchasable","15":"product-type-variable","16":"has-default-attributes","17":"add-to-wishlist-before_image"},"acf":[],"yoast_head":"<!-- This site is optimized with the Yoast SEO plugin v26.9 - https:\/\/yoast.com\/product\/yoast-seo-wordpress\/ -->\n<title>ADJA&#039; CON MANICO IN LEGNO CM 26 - Il Crogiuolo<\/title>\n<meta name=\"description\" content=\"ADJA&#039; CON MANICO IN LEGNO CM 26 Meravigliosa campana cerimoniale in metallo bianco a bocche multiple impiegata dai sacerdoti del Candombl\u00e9 durante le pratiche rituali per chiamare gli\" \/>\n<meta name=\"robots\" content=\"index, follow, max-snippet:-1, max-image-preview:large, max-video-preview:-1\" \/>\n<link rel=\"canonical\" href=\"https:\/\/ilcrogiuolo.it\/it\/p\/adja-con-manico-in-legno-cm-26\/\" \/>\n<meta property=\"og:locale\" content=\"it_IT\" \/>\n<meta property=\"og:type\" content=\"article\" \/>\n<meta property=\"og:title\" content=\"ADJA&#039; CON MANICO IN LEGNO CM 26 - Il Crogiuolo\" \/>\n<meta property=\"og:description\" content=\"ADJA&#039; CON MANICO IN LEGNO CM 26 Meravigliosa campana cerimoniale in metallo bianco a bocche multiple impiegata dai sacerdoti del Candombl\u00e9 durante le pratiche rituali per chiamare gli\" \/>\n<meta property=\"og:url\" content=\"https:\/\/ilcrogiuolo.it\/it\/p\/adja-con-manico-in-legno-cm-26\/\" \/>\n<meta property=\"og:site_name\" content=\"Il Crogiuolo\" \/>\n<meta property=\"article:publisher\" content=\"https:\/\/www.facebook.com\/Il-Crogiuolo-681876418491758\" \/>\n<meta property=\"article:modified_time\" content=\"2020-01-23T14:06:59+00:00\" \/>\n<meta property=\"og:image\" content=\"https:\/\/ilcrogiuolo.it\/wp-content\/uploads\/2020\/01\/adjacandombleorixas_7292356.jpg\" \/>\n\t<meta property=\"og:image:width\" content=\"627\" \/>\n\t<meta property=\"og:image:height\" content=\"600\" \/>\n\t<meta property=\"og:image:type\" content=\"image\/jpeg\" \/>\n<meta name=\"twitter:card\" content=\"summary_large_image\" \/>\n<script type=\"application\/ld+json\" class=\"yoast-schema-graph\">{\"@context\":\"https:\/\/schema.org\",\"@graph\":[{\"@type\":\"WebPage\",\"@id\":\"https:\/\/ilcrogiuolo.it\/it\/p\/adja-con-manico-in-legno-cm-26\/\",\"url\":\"https:\/\/ilcrogiuolo.it\/it\/p\/adja-con-manico-in-legno-cm-26\/\",\"name\":\"ADJA' CON MANICO IN LEGNO CM 26 - Il Crogiuolo\",\"isPartOf\":{\"@id\":\"https:\/\/ilcrogiuolo.it\/it\/#website\"},\"primaryImageOfPage\":{\"@id\":\"https:\/\/ilcrogiuolo.it\/it\/p\/adja-con-manico-in-legno-cm-26\/#primaryimage\"},\"image\":{\"@id\":\"https:\/\/ilcrogiuolo.it\/it\/p\/adja-con-manico-in-legno-cm-26\/#primaryimage\"},\"thumbnailUrl\":\"https:\/\/ilcrogiuolo.it\/wp-content\/uploads\/2020\/01\/adjacandombleorixas_7292356.jpg\",\"datePublished\":\"2020-01-18T07:13:30+00:00\",\"dateModified\":\"2020-01-23T14:06:59+00:00\",\"description\":\"ADJA' CON MANICO IN LEGNO CM 26 Meravigliosa campana cerimoniale in metallo bianco a bocche multiple impiegata dai sacerdoti del Candombl\u00e9 durante le pratiche rituali per chiamare gli\",\"breadcrumb\":{\"@id\":\"https:\/\/ilcrogiuolo.it\/it\/p\/adja-con-manico-in-legno-cm-26\/#breadcrumb\"},\"inLanguage\":\"it-IT\",\"potentialAction\":[{\"@type\":\"ReadAction\",\"target\":[\"https:\/\/ilcrogiuolo.it\/it\/p\/adja-con-manico-in-legno-cm-26\/\"]}]},{\"@type\":\"ImageObject\",\"inLanguage\":\"it-IT\",\"@id\":\"https:\/\/ilcrogiuolo.it\/it\/p\/adja-con-manico-in-legno-cm-26\/#primaryimage\",\"url\":\"https:\/\/ilcrogiuolo.it\/wp-content\/uploads\/2020\/01\/adjacandombleorixas_7292356.jpg\",\"contentUrl\":\"https:\/\/ilcrogiuolo.it\/wp-content\/uploads\/2020\/01\/adjacandombleorixas_7292356.jpg\",\"width\":627,\"height\":600},{\"@type\":\"BreadcrumbList\",\"@id\":\"https:\/\/ilcrogiuolo.it\/it\/p\/adja-con-manico-in-legno-cm-26\/#breadcrumb\",\"itemListElement\":[{\"@type\":\"ListItem\",\"position\":1,\"name\":\"Home\",\"item\":\"https:\/\/ilcrogiuolo.it\/it\/\"},{\"@type\":\"ListItem\",\"position\":2,\"name\":\"Shop\",\"item\":\"https:\/\/ilcrogiuolo.it\/it\/negozio\/\"},{\"@type\":\"ListItem\",\"position\":3,\"name\":\"ADJA&#8217; CON MANICO IN LEGNO CM 26\"}]},{\"@type\":\"WebSite\",\"@id\":\"https:\/\/ilcrogiuolo.it\/it\/#website\",\"url\":\"https:\/\/ilcrogiuolo.it\/it\/\",\"name\":\"Il Crogiuolo\",\"description\":\"\",\"publisher\":{\"@id\":\"https:\/\/ilcrogiuolo.it\/it\/#organization\"},\"potentialAction\":[{\"@type\":\"SearchAction\",\"target\":{\"@type\":\"EntryPoint\",\"urlTemplate\":\"https:\/\/ilcrogiuolo.it\/it\/?s={search_term_string}\"},\"query-input\":{\"@type\":\"PropertyValueSpecification\",\"valueRequired\":true,\"valueName\":\"search_term_string\"}}],\"inLanguage\":\"it-IT\"},{\"@type\":\"Organization\",\"@id\":\"https:\/\/ilcrogiuolo.it\/it\/#organization\",\"name\":\"Il Crogiuolo\",\"url\":\"https:\/\/ilcrogiuolo.it\/it\/\",\"logo\":{\"@type\":\"ImageObject\",\"inLanguage\":\"it-IT\",\"@id\":\"https:\/\/ilcrogiuolo.it\/it\/#\/schema\/logo\/image\/\",\"url\":\"https:\/\/ilcrogiuolo.it\/wp-content\/uploads\/2020\/04\/logo.png\",\"contentUrl\":\"https:\/\/ilcrogiuolo.it\/wp-content\/uploads\/2020\/04\/logo.png\",\"width\":200,\"height\":49,\"caption\":\"Il Crogiuolo\"},\"image\":{\"@id\":\"https:\/\/ilcrogiuolo.it\/it\/#\/schema\/logo\/image\/\"},\"sameAs\":[\"https:\/\/www.facebook.com\/Il-Crogiuolo-681876418491758\"]}]}<\/script>\n<!-- \/ Yoast SEO plugin. -->","yoast_head_json":{"title":"ADJA' CON MANICO IN LEGNO CM 26 - Il Crogiuolo","description":"ADJA' CON MANICO IN LEGNO CM 26 Meravigliosa campana cerimoniale in metallo bianco a bocche multiple impiegata dai sacerdoti del Candombl\u00e9 durante le pratiche rituali per chiamare gli","robots":{"index":"index","follow":"follow","max-snippet":"max-snippet:-1","max-image-preview":"max-image-preview:large","max-video-preview":"max-video-preview:-1"},"canonical":"https:\/\/ilcrogiuolo.it\/it\/p\/adja-con-manico-in-legno-cm-26\/","og_locale":"it_IT","og_type":"article","og_title":"ADJA' CON MANICO IN LEGNO CM 26 - Il Crogiuolo","og_description":"ADJA' CON MANICO IN LEGNO CM 26 Meravigliosa campana cerimoniale in metallo bianco a bocche multiple impiegata dai sacerdoti del Candombl\u00e9 durante le pratiche rituali per chiamare gli","og_url":"https:\/\/ilcrogiuolo.it\/it\/p\/adja-con-manico-in-legno-cm-26\/","og_site_name":"Il Crogiuolo","article_publisher":"https:\/\/www.facebook.com\/Il-Crogiuolo-681876418491758","article_modified_time":"2020-01-23T14:06:59+00:00","og_image":[{"width":627,"height":600,"url":"https:\/\/ilcrogiuolo.it\/wp-content\/uploads\/2020\/01\/adjacandombleorixas_7292356.jpg","type":"image\/jpeg"}],"twitter_card":"summary_large_image","schema":{"@context":"https:\/\/schema.org","@graph":[{"@type":"WebPage","@id":"https:\/\/ilcrogiuolo.it\/it\/p\/adja-con-manico-in-legno-cm-26\/","url":"https:\/\/ilcrogiuolo.it\/it\/p\/adja-con-manico-in-legno-cm-26\/","name":"ADJA' CON MANICO IN LEGNO CM 26 - Il Crogiuolo","isPartOf":{"@id":"https:\/\/ilcrogiuolo.it\/it\/#website"},"primaryImageOfPage":{"@id":"https:\/\/ilcrogiuolo.it\/it\/p\/adja-con-manico-in-legno-cm-26\/#primaryimage"},"image":{"@id":"https:\/\/ilcrogiuolo.it\/it\/p\/adja-con-manico-in-legno-cm-26\/#primaryimage"},"thumbnailUrl":"https:\/\/ilcrogiuolo.it\/wp-content\/uploads\/2020\/01\/adjacandombleorixas_7292356.jpg","datePublished":"2020-01-18T07:13:30+00:00","dateModified":"2020-01-23T14:06:59+00:00","description":"ADJA' CON MANICO IN LEGNO CM 26 Meravigliosa campana cerimoniale in metallo bianco a bocche multiple impiegata dai sacerdoti del Candombl\u00e9 durante le pratiche rituali per chiamare gli","breadcrumb":{"@id":"https:\/\/ilcrogiuolo.it\/it\/p\/adja-con-manico-in-legno-cm-26\/#breadcrumb"},"inLanguage":"it-IT","potentialAction":[{"@type":"ReadAction","target":["https:\/\/ilcrogiuolo.it\/it\/p\/adja-con-manico-in-legno-cm-26\/"]}]},{"@type":"ImageObject","inLanguage":"it-IT","@id":"https:\/\/ilcrogiuolo.it\/it\/p\/adja-con-manico-in-legno-cm-26\/#primaryimage","url":"https:\/\/ilcrogiuolo.it\/wp-content\/uploads\/2020\/01\/adjacandombleorixas_7292356.jpg","contentUrl":"https:\/\/ilcrogiuolo.it\/wp-content\/uploads\/2020\/01\/adjacandombleorixas_7292356.jpg","width":627,"height":600},{"@type":"BreadcrumbList","@id":"https:\/\/ilcrogiuolo.it\/it\/p\/adja-con-manico-in-legno-cm-26\/#breadcrumb","itemListElement":[{"@type":"ListItem","position":1,"name":"Home","item":"https:\/\/ilcrogiuolo.it\/it\/"},{"@type":"ListItem","position":2,"name":"Shop","item":"https:\/\/ilcrogiuolo.it\/it\/negozio\/"},{"@type":"ListItem","position":3,"name":"ADJA&#8217; CON MANICO IN LEGNO CM 26"}]},{"@type":"WebSite","@id":"https:\/\/ilcrogiuolo.it\/it\/#website","url":"https:\/\/ilcrogiuolo.it\/it\/","name":"Il Crogiuolo","description":"","publisher":{"@id":"https:\/\/ilcrogiuolo.it\/it\/#organization"},"potentialAction":[{"@type":"SearchAction","target":{"@type":"EntryPoint","urlTemplate":"https:\/\/ilcrogiuolo.it\/it\/?s={search_term_string}"},"query-input":{"@type":"PropertyValueSpecification","valueRequired":true,"valueName":"search_term_string"}}],"inLanguage":"it-IT"},{"@type":"Organization","@id":"https:\/\/ilcrogiuolo.it\/it\/#organization","name":"Il Crogiuolo","url":"https:\/\/ilcrogiuolo.it\/it\/","logo":{"@type":"ImageObject","inLanguage":"it-IT","@id":"https:\/\/ilcrogiuolo.it\/it\/#\/schema\/logo\/image\/","url":"https:\/\/ilcrogiuolo.it\/wp-content\/uploads\/2020\/04\/logo.png","contentUrl":"https:\/\/ilcrogiuolo.it\/wp-content\/uploads\/2020\/04\/logo.png","width":200,"height":49,"caption":"Il Crogiuolo"},"image":{"@id":"https:\/\/ilcrogiuolo.it\/it\/#\/schema\/logo\/image\/"},"sameAs":["https:\/\/www.facebook.com\/Il-Crogiuolo-681876418491758"]}]}},"_links":{"self":[{"href":"https:\/\/ilcrogiuolo.it\/it\/wp-json\/wp\/v2\/product\/14235","targetHints":{"allow":["GET"]}}],"collection":[{"href":"https:\/\/ilcrogiuolo.it\/it\/wp-json\/wp\/v2\/product"}],"about":[{"href":"https:\/\/ilcrogiuolo.it\/it\/wp-json\/wp\/v2\/types\/product"}],"wp:featuredmedia":[{"embeddable":true,"href":"https:\/\/ilcrogiuolo.it\/it\/wp-json\/wp\/v2\/media\/13426"}],"wp:attachment":[{"href":"https:\/\/ilcrogiuolo.it\/it\/wp-json\/wp\/v2\/media?parent=14235"}],"wp:term":[{"taxonomy":"product_brand","embeddable":true,"href":"https:\/\/ilcrogiuolo.it\/it\/wp-json\/wp\/v2\/product_brand?post=14235"},{"taxonomy":"product_cat","embeddable":true,"href":"https:\/\/ilcrogiuolo.it\/it\/wp-json\/wp\/v2\/product_cat?post=14235"},{"taxonomy":"product_tag","embeddable":true,"href":"https:\/\/ilcrogiuolo.it\/it\/wp-json\/wp\/v2\/product_tag?post=14235"}],"curies":[{"name":"wp","href":"https:\/\/api.w.org\/{rel}","templated":true}]}}