{"id":14119,"date":"2020-01-18T08:12:46","date_gmt":"2020-01-18T07:12:46","guid":{"rendered":"https:\/\/ilcrogiuolo.it\/p\/anello-con-sigillo-dellarcangelo-samael-in-argento-925-gr-13-4-circa\/"},"modified":"2023-03-22T12:20:41","modified_gmt":"2023-03-22T11:20:41","slug":"anello-con-sigillo-dellarcangelo-samael-in-argento-925-gr-13-4-circa","status":"publish","type":"product","link":"https:\/\/ilcrogiuolo.it\/it\/p\/anello-con-sigillo-dellarcangelo-samael-in-argento-925-gr-13-4-circa\/","title":{"rendered":"ANELLO CON SIGILLO DELL&#8217;ARCANGELO SAMAEL IN ARGENTO 925 GR 13.4 CIRCA"},"content":{"rendered":"<p>Anello in argento 925 gr 13.4 di ottima manifattura.<\/p>\n<p>Riporta l&#8217;incisione dell&#8217;Arcangelo Samael. La produzione del fenomeno della vita nel regno della materia \u00e8 legata soprattutto all&#8217;Angelo Samael, il Signore del Karma, legato alla sfera di Marte. Protegge dai pericoli arrecati dagli incendi, dalle esplosioni e dalle armi. Amministra la Giustizia Divina ed \u00e8 considerato il punitore ed il Grande Difensore. Infonde forza, decisione e sostiene la volont\u00e0. Protegge altres\u00ec tutte le professioni legate alle armi ed alla fiscalizzazione della giustizia (poliziotti, militari\u2026).<\/p>\n","protected":false},"excerpt":{"rendered":"<p>Anello in argento 925 gr 13.4 di ottima manifattura. Riporta l&#8217;incisione dell&#8217;Arcangelo Samael. La produzione del fenomeno della vita nel&#8230;<\/p>\n","protected":false},"featured_media":33759,"template":"","meta":{"_acf_changed":false},"product_brand":[],"product_cat":[1109,1066,1393],"product_tag":[],"class_list":{"0":"post-14119","1":"product","2":"type-product","3":"status-publish","4":"has-post-thumbnail","6":"product_cat-anelli-in-argento-925-e-oro-18-kt","7":"product_cat-talismani-amuleti","8":"product_cat-talismani-anelli-angelici-salomonici-egizi","10":"first","11":"instock","12":"sale","13":"taxable","14":"shipping-taxable","15":"purchasable","16":"product-type-variable","17":"has-default-attributes","18":"add-to-wishlist-before_image"},"acf":[],"yoast_head":"<!-- This site is optimized with the Yoast SEO plugin v26.9 - https:\/\/yoast.com\/product\/yoast-seo-wordpress\/ -->\n<title>ANELLO CON SIGILLO DELL&#039;ARCANGELO SAMAEL IN ARGENTO 925 GR 13.4 CIRCA - Il Crogiuolo<\/title>\n<meta name=\"description\" content=\"ANELLO CON SIGILLO DELL&#039;ARCANGELO SAMAEL IN ARGENTO 925 GR 13.4 CIRCA Anello in argento 925 gr 13.4 di ottima manifattura. Riporta l&#039;incisione dell&#039;Arcangelo Samael. La produzione del fenomeno della vita nel regno della\" \/>\n<meta name=\"robots\" content=\"index, follow, max-snippet:-1, max-image-preview:large, max-video-preview:-1\" \/>\n<link rel=\"canonical\" href=\"https:\/\/ilcrogiuolo.it\/it\/p\/anello-con-sigillo-dellarcangelo-samael-in-argento-925-gr-13-4-circa\/\" \/>\n<meta property=\"og:locale\" content=\"it_IT\" \/>\n<meta property=\"og:type\" content=\"article\" \/>\n<meta property=\"og:title\" content=\"ANELLO CON SIGILLO DELL&#039;ARCANGELO SAMAEL IN ARGENTO 925 GR 13.4 CIRCA - Il Crogiuolo\" \/>\n<meta property=\"og:description\" content=\"ANELLO CON SIGILLO DELL&#039;ARCANGELO SAMAEL IN ARGENTO 925 GR 13.4 CIRCA Anello in argento 925 gr 13.4 di ottima manifattura. Riporta l&#039;incisione dell&#039;Arcangelo Samael. La produzione del fenomeno della vita nel regno della\" \/>\n<meta property=\"og:url\" content=\"https:\/\/ilcrogiuolo.it\/it\/p\/anello-con-sigillo-dellarcangelo-samael-in-argento-925-gr-13-4-circa\/\" \/>\n<meta property=\"og:site_name\" content=\"Il Crogiuolo\" \/>\n<meta property=\"article:publisher\" content=\"https:\/\/www.facebook.com\/Il-Crogiuolo-681876418491758\" \/>\n<meta property=\"article:modified_time\" content=\"2023-03-22T11:20:41+00:00\" \/>\n<meta property=\"og:image\" content=\"https:\/\/ilcrogiuolo.it\/wp-content\/uploads\/2020\/01\/anello_arcangelo_samael-scaled.jpg\" \/>\n\t<meta property=\"og:image:width\" content=\"2540\" \/>\n\t<meta property=\"og:image:height\" content=\"2560\" \/>\n\t<meta property=\"og:image:type\" content=\"image\/jpeg\" \/>\n<meta name=\"twitter:card\" content=\"summary_large_image\" \/>\n<meta name=\"twitter:label1\" content=\"Tempo di lettura stimato\" \/>\n\t<meta name=\"twitter:data1\" content=\"1 minuto\" \/>\n<script type=\"application\/ld+json\" class=\"yoast-schema-graph\">{\"@context\":\"https:\/\/schema.org\",\"@graph\":[{\"@type\":\"WebPage\",\"@id\":\"https:\/\/ilcrogiuolo.it\/it\/p\/anello-con-sigillo-dellarcangelo-samael-in-argento-925-gr-13-4-circa\/\",\"url\":\"https:\/\/ilcrogiuolo.it\/it\/p\/anello-con-sigillo-dellarcangelo-samael-in-argento-925-gr-13-4-circa\/\",\"name\":\"ANELLO CON SIGILLO DELL'ARCANGELO SAMAEL IN ARGENTO 925 GR 13.4 CIRCA - Il Crogiuolo\",\"isPartOf\":{\"@id\":\"https:\/\/ilcrogiuolo.it\/it\/#website\"},\"primaryImageOfPage\":{\"@id\":\"https:\/\/ilcrogiuolo.it\/it\/p\/anello-con-sigillo-dellarcangelo-samael-in-argento-925-gr-13-4-circa\/#primaryimage\"},\"image\":{\"@id\":\"https:\/\/ilcrogiuolo.it\/it\/p\/anello-con-sigillo-dellarcangelo-samael-in-argento-925-gr-13-4-circa\/#primaryimage\"},\"thumbnailUrl\":\"https:\/\/ilcrogiuolo.it\/wp-content\/uploads\/2020\/01\/anello_arcangelo_samael-scaled.jpg\",\"datePublished\":\"2020-01-18T07:12:46+00:00\",\"dateModified\":\"2023-03-22T11:20:41+00:00\",\"description\":\"ANELLO CON SIGILLO DELL'ARCANGELO SAMAEL IN ARGENTO 925 GR 13.4 CIRCA Anello in argento 925 gr 13.4 di ottima manifattura. Riporta l'incisione dell'Arcangelo Samael. La produzione del fenomeno della vita nel regno della\",\"breadcrumb\":{\"@id\":\"https:\/\/ilcrogiuolo.it\/it\/p\/anello-con-sigillo-dellarcangelo-samael-in-argento-925-gr-13-4-circa\/#breadcrumb\"},\"inLanguage\":\"it-IT\",\"potentialAction\":[{\"@type\":\"ReadAction\",\"target\":[\"https:\/\/ilcrogiuolo.it\/it\/p\/anello-con-sigillo-dellarcangelo-samael-in-argento-925-gr-13-4-circa\/\"]}]},{\"@type\":\"ImageObject\",\"inLanguage\":\"it-IT\",\"@id\":\"https:\/\/ilcrogiuolo.it\/it\/p\/anello-con-sigillo-dellarcangelo-samael-in-argento-925-gr-13-4-circa\/#primaryimage\",\"url\":\"https:\/\/ilcrogiuolo.it\/wp-content\/uploads\/2020\/01\/anello_arcangelo_samael-scaled.jpg\",\"contentUrl\":\"https:\/\/ilcrogiuolo.it\/wp-content\/uploads\/2020\/01\/anello_arcangelo_samael-scaled.jpg\",\"width\":2540,\"height\":2560},{\"@type\":\"BreadcrumbList\",\"@id\":\"https:\/\/ilcrogiuolo.it\/it\/p\/anello-con-sigillo-dellarcangelo-samael-in-argento-925-gr-13-4-circa\/#breadcrumb\",\"itemListElement\":[{\"@type\":\"ListItem\",\"position\":1,\"name\":\"Home\",\"item\":\"https:\/\/ilcrogiuolo.it\/it\/\"},{\"@type\":\"ListItem\",\"position\":2,\"name\":\"Shop\",\"item\":\"https:\/\/ilcrogiuolo.it\/it\/negozio\/\"},{\"@type\":\"ListItem\",\"position\":3,\"name\":\"ANELLO CON SIGILLO DELL&#8217;ARCANGELO SAMAEL IN ARGENTO 925 GR 13.4 CIRCA\"}]},{\"@type\":\"WebSite\",\"@id\":\"https:\/\/ilcrogiuolo.it\/it\/#website\",\"url\":\"https:\/\/ilcrogiuolo.it\/it\/\",\"name\":\"Il Crogiuolo\",\"description\":\"\",\"publisher\":{\"@id\":\"https:\/\/ilcrogiuolo.it\/it\/#organization\"},\"potentialAction\":[{\"@type\":\"SearchAction\",\"target\":{\"@type\":\"EntryPoint\",\"urlTemplate\":\"https:\/\/ilcrogiuolo.it\/it\/?s={search_term_string}\"},\"query-input\":{\"@type\":\"PropertyValueSpecification\",\"valueRequired\":true,\"valueName\":\"search_term_string\"}}],\"inLanguage\":\"it-IT\"},{\"@type\":\"Organization\",\"@id\":\"https:\/\/ilcrogiuolo.it\/it\/#organization\",\"name\":\"Il Crogiuolo\",\"url\":\"https:\/\/ilcrogiuolo.it\/it\/\",\"logo\":{\"@type\":\"ImageObject\",\"inLanguage\":\"it-IT\",\"@id\":\"https:\/\/ilcrogiuolo.it\/it\/#\/schema\/logo\/image\/\",\"url\":\"https:\/\/ilcrogiuolo.it\/wp-content\/uploads\/2020\/04\/logo.png\",\"contentUrl\":\"https:\/\/ilcrogiuolo.it\/wp-content\/uploads\/2020\/04\/logo.png\",\"width\":200,\"height\":49,\"caption\":\"Il Crogiuolo\"},\"image\":{\"@id\":\"https:\/\/ilcrogiuolo.it\/it\/#\/schema\/logo\/image\/\"},\"sameAs\":[\"https:\/\/www.facebook.com\/Il-Crogiuolo-681876418491758\"]}]}<\/script>\n<!-- \/ Yoast SEO plugin. -->","yoast_head_json":{"title":"ANELLO CON SIGILLO DELL'ARCANGELO SAMAEL IN ARGENTO 925 GR 13.4 CIRCA - Il Crogiuolo","description":"ANELLO CON SIGILLO DELL'ARCANGELO SAMAEL IN ARGENTO 925 GR 13.4 CIRCA Anello in argento 925 gr 13.4 di ottima manifattura. Riporta l'incisione dell'Arcangelo Samael. La produzione del fenomeno della vita nel regno della","robots":{"index":"index","follow":"follow","max-snippet":"max-snippet:-1","max-image-preview":"max-image-preview:large","max-video-preview":"max-video-preview:-1"},"canonical":"https:\/\/ilcrogiuolo.it\/it\/p\/anello-con-sigillo-dellarcangelo-samael-in-argento-925-gr-13-4-circa\/","og_locale":"it_IT","og_type":"article","og_title":"ANELLO CON SIGILLO DELL'ARCANGELO SAMAEL IN ARGENTO 925 GR 13.4 CIRCA - Il Crogiuolo","og_description":"ANELLO CON SIGILLO DELL'ARCANGELO SAMAEL IN ARGENTO 925 GR 13.4 CIRCA Anello in argento 925 gr 13.4 di ottima manifattura. Riporta l'incisione dell'Arcangelo Samael. La produzione del fenomeno della vita nel regno della","og_url":"https:\/\/ilcrogiuolo.it\/it\/p\/anello-con-sigillo-dellarcangelo-samael-in-argento-925-gr-13-4-circa\/","og_site_name":"Il Crogiuolo","article_publisher":"https:\/\/www.facebook.com\/Il-Crogiuolo-681876418491758","article_modified_time":"2023-03-22T11:20:41+00:00","og_image":[{"width":2540,"height":2560,"url":"https:\/\/ilcrogiuolo.it\/wp-content\/uploads\/2020\/01\/anello_arcangelo_samael-scaled.jpg","type":"image\/jpeg"}],"twitter_card":"summary_large_image","twitter_misc":{"Tempo di lettura stimato":"1 minuto"},"schema":{"@context":"https:\/\/schema.org","@graph":[{"@type":"WebPage","@id":"https:\/\/ilcrogiuolo.it\/it\/p\/anello-con-sigillo-dellarcangelo-samael-in-argento-925-gr-13-4-circa\/","url":"https:\/\/ilcrogiuolo.it\/it\/p\/anello-con-sigillo-dellarcangelo-samael-in-argento-925-gr-13-4-circa\/","name":"ANELLO CON SIGILLO DELL'ARCANGELO SAMAEL IN ARGENTO 925 GR 13.4 CIRCA - Il Crogiuolo","isPartOf":{"@id":"https:\/\/ilcrogiuolo.it\/it\/#website"},"primaryImageOfPage":{"@id":"https:\/\/ilcrogiuolo.it\/it\/p\/anello-con-sigillo-dellarcangelo-samael-in-argento-925-gr-13-4-circa\/#primaryimage"},"image":{"@id":"https:\/\/ilcrogiuolo.it\/it\/p\/anello-con-sigillo-dellarcangelo-samael-in-argento-925-gr-13-4-circa\/#primaryimage"},"thumbnailUrl":"https:\/\/ilcrogiuolo.it\/wp-content\/uploads\/2020\/01\/anello_arcangelo_samael-scaled.jpg","datePublished":"2020-01-18T07:12:46+00:00","dateModified":"2023-03-22T11:20:41+00:00","description":"ANELLO CON SIGILLO DELL'ARCANGELO SAMAEL IN ARGENTO 925 GR 13.4 CIRCA Anello in argento 925 gr 13.4 di ottima manifattura. Riporta l'incisione dell'Arcangelo Samael. La produzione del fenomeno della vita nel regno della","breadcrumb":{"@id":"https:\/\/ilcrogiuolo.it\/it\/p\/anello-con-sigillo-dellarcangelo-samael-in-argento-925-gr-13-4-circa\/#breadcrumb"},"inLanguage":"it-IT","potentialAction":[{"@type":"ReadAction","target":["https:\/\/ilcrogiuolo.it\/it\/p\/anello-con-sigillo-dellarcangelo-samael-in-argento-925-gr-13-4-circa\/"]}]},{"@type":"ImageObject","inLanguage":"it-IT","@id":"https:\/\/ilcrogiuolo.it\/it\/p\/anello-con-sigillo-dellarcangelo-samael-in-argento-925-gr-13-4-circa\/#primaryimage","url":"https:\/\/ilcrogiuolo.it\/wp-content\/uploads\/2020\/01\/anello_arcangelo_samael-scaled.jpg","contentUrl":"https:\/\/ilcrogiuolo.it\/wp-content\/uploads\/2020\/01\/anello_arcangelo_samael-scaled.jpg","width":2540,"height":2560},{"@type":"BreadcrumbList","@id":"https:\/\/ilcrogiuolo.it\/it\/p\/anello-con-sigillo-dellarcangelo-samael-in-argento-925-gr-13-4-circa\/#breadcrumb","itemListElement":[{"@type":"ListItem","position":1,"name":"Home","item":"https:\/\/ilcrogiuolo.it\/it\/"},{"@type":"ListItem","position":2,"name":"Shop","item":"https:\/\/ilcrogiuolo.it\/it\/negozio\/"},{"@type":"ListItem","position":3,"name":"ANELLO CON SIGILLO DELL&#8217;ARCANGELO SAMAEL IN ARGENTO 925 GR 13.4 CIRCA"}]},{"@type":"WebSite","@id":"https:\/\/ilcrogiuolo.it\/it\/#website","url":"https:\/\/ilcrogiuolo.it\/it\/","name":"Il Crogiuolo","description":"","publisher":{"@id":"https:\/\/ilcrogiuolo.it\/it\/#organization"},"potentialAction":[{"@type":"SearchAction","target":{"@type":"EntryPoint","urlTemplate":"https:\/\/ilcrogiuolo.it\/it\/?s={search_term_string}"},"query-input":{"@type":"PropertyValueSpecification","valueRequired":true,"valueName":"search_term_string"}}],"inLanguage":"it-IT"},{"@type":"Organization","@id":"https:\/\/ilcrogiuolo.it\/it\/#organization","name":"Il Crogiuolo","url":"https:\/\/ilcrogiuolo.it\/it\/","logo":{"@type":"ImageObject","inLanguage":"it-IT","@id":"https:\/\/ilcrogiuolo.it\/it\/#\/schema\/logo\/image\/","url":"https:\/\/ilcrogiuolo.it\/wp-content\/uploads\/2020\/04\/logo.png","contentUrl":"https:\/\/ilcrogiuolo.it\/wp-content\/uploads\/2020\/04\/logo.png","width":200,"height":49,"caption":"Il Crogiuolo"},"image":{"@id":"https:\/\/ilcrogiuolo.it\/it\/#\/schema\/logo\/image\/"},"sameAs":["https:\/\/www.facebook.com\/Il-Crogiuolo-681876418491758"]}]}},"_links":{"self":[{"href":"https:\/\/ilcrogiuolo.it\/it\/wp-json\/wp\/v2\/product\/14119","targetHints":{"allow":["GET"]}}],"collection":[{"href":"https:\/\/ilcrogiuolo.it\/it\/wp-json\/wp\/v2\/product"}],"about":[{"href":"https:\/\/ilcrogiuolo.it\/it\/wp-json\/wp\/v2\/types\/product"}],"wp:featuredmedia":[{"embeddable":true,"href":"https:\/\/ilcrogiuolo.it\/it\/wp-json\/wp\/v2\/media\/33759"}],"wp:attachment":[{"href":"https:\/\/ilcrogiuolo.it\/it\/wp-json\/wp\/v2\/media?parent=14119"}],"wp:term":[{"taxonomy":"product_brand","embeddable":true,"href":"https:\/\/ilcrogiuolo.it\/it\/wp-json\/wp\/v2\/product_brand?post=14119"},{"taxonomy":"product_cat","embeddable":true,"href":"https:\/\/ilcrogiuolo.it\/it\/wp-json\/wp\/v2\/product_cat?post=14119"},{"taxonomy":"product_tag","embeddable":true,"href":"https:\/\/ilcrogiuolo.it\/it\/wp-json\/wp\/v2\/product_tag?post=14119"}],"curies":[{"name":"wp","href":"https:\/\/api.w.org\/{rel}","templated":true}]}}