{"id":1304,"date":"2020-01-14T17:03:03","date_gmt":"2020-01-14T16:03:03","guid":{"rendered":"https:\/\/ilcrogiuolo.it\/p\/panno-cerimoniale-arcangelo-gabriel\/"},"modified":"2020-02-07T08:59:04","modified_gmt":"2020-02-07T07:59:04","slug":"panno-cerimoniale-arcangelo-gabriel","status":"publish","type":"product","link":"https:\/\/ilcrogiuolo.it\/it\/p\/panno-cerimoniale-arcangelo-gabriel\/","title":{"rendered":"Panno Cerimoniale Arcangelo Gabriel"},"content":{"rendered":"<p>Panno rituale in tessuto\u00a0di forma quadarata (diametro cm 38 x 38) che reca stampato a colori il sigillo dell&#8217;Arcangelo Gabriel tratto dal famoso grimorio dell&#8217;Armadel che insegna le tecniche segrete della magia angelica. La tradizione tramanda che fosse Gabriel ad istruire il Profeta Elia sui misteri pi\u00f9 profondi del divino. Secondo la tradizione angelica Gabriel \u00e8 legato ai poteri mistici della Luna. E&#8217; il messaggero, colui che ispira l&#8217;umanit\u00e0 alle grandi opere materiali e d&#8217;amore. Governa i sogni, il subconsio, e l&#8217;inconscio, attraverso i quali fornisce i messaggi degli Angeli, degli altri Arcangeli e della voce di Dio. E&#8217; stato l&#8217;Arcangelo che ha guidato il periodo del&#8217;Illuminismo e della nascita della scienza.<br \/>\nA lui sono da attribuire tutte le pi\u00f9 importanti scoperte dell&#8217;era moderna, trasferite ai grandi scienziati attraverso l&#8217;intuizione e i sogni lucidi. Domina sull\u2019Ovest e sui poteri dell\u2019Acqua. Elargisce l\u2019introspezione, la veggenza e la chiaroveggenza. Attua sul femminile presente nel maschile. Viene anche chiamato \u201cEroe di Dio\u201d. Apre la mente dell&#8217;uomo alla comprensione del genio e della bellezza. A luo attiene tutto ci\u00f2 che \u00e8 legato al concepimento, sia fisico che\u00a0 astratto (arte, idee).<\/p>\n<p>Ottimo supporto per ritualistica si presta altres\u00ec a decorare altari e piani rituali durante le invocazioni.<\/p>\n<p>Il colore\u00a0bianco \u00e8 associato alla sfera della Luna.<\/p>\n","protected":false},"excerpt":{"rendered":"<p>Panno rituale in tessuto\u00a0di forma quadarata (diametro cm 38 x 38) che reca stampato a colori il sigillo dell&#8217;Arcangelo Gabriel&#8230;<\/p>\n","protected":false},"featured_media":1305,"template":"","meta":{"_acf_changed":false},"product_brand":[],"product_cat":[1101,1390,1063],"product_tag":[],"class_list":{"0":"post-1304","1":"product","2":"type-product","3":"status-publish","4":"has-post-thumbnail","6":"product_cat-panni-cerimoniali-panni-rituali-e-nastri","7":"product_cat-panni-cerimoniali-degli-arcangeli","8":"product_cat-strumenti-rituali","10":"first","11":"instock","12":"taxable","13":"shipping-taxable","14":"purchasable","15":"product-type-simple","16":"add-to-wishlist-before_image"},"acf":[],"yoast_head":"<!-- This site is optimized with the Yoast SEO plugin v26.9 - https:\/\/yoast.com\/product\/yoast-seo-wordpress\/ -->\n<title>Panno Cerimoniale Arcangelo Gabriel - Il Crogiuolo<\/title>\n<meta name=\"description\" content=\"Panno Cerimoniale Arcangelo Gabriel Panno rituale in tessuto\u00a0di forma quadarata (diametro cm 38 x 38) che reca stampato a colori il sigillo dell&#039;Arcangelo Gabriel tratto dal famoso grimorio\" \/>\n<meta name=\"robots\" content=\"index, follow, max-snippet:-1, max-image-preview:large, max-video-preview:-1\" \/>\n<link rel=\"canonical\" href=\"https:\/\/ilcrogiuolo.it\/it\/p\/panno-cerimoniale-arcangelo-gabriel\/\" \/>\n<meta property=\"og:locale\" content=\"it_IT\" \/>\n<meta property=\"og:type\" content=\"article\" \/>\n<meta property=\"og:title\" content=\"Panno Cerimoniale Arcangelo Gabriel - Il Crogiuolo\" \/>\n<meta property=\"og:description\" content=\"Panno Cerimoniale Arcangelo Gabriel Panno rituale in tessuto\u00a0di forma quadarata (diametro cm 38 x 38) che reca stampato a colori il sigillo dell&#039;Arcangelo Gabriel tratto dal famoso grimorio\" \/>\n<meta property=\"og:url\" content=\"https:\/\/ilcrogiuolo.it\/it\/p\/panno-cerimoniale-arcangelo-gabriel\/\" \/>\n<meta property=\"og:site_name\" content=\"Il Crogiuolo\" \/>\n<meta property=\"article:publisher\" content=\"https:\/\/www.facebook.com\/Il-Crogiuolo-681876418491758\" \/>\n<meta property=\"article:modified_time\" content=\"2020-02-07T07:59:04+00:00\" \/>\n<meta property=\"og:image\" content=\"https:\/\/ilcrogiuolo.it\/wp-content\/uploads\/2020\/01\/sigilloarcangeli_9111173.jpg\" \/>\n\t<meta property=\"og:image:width\" content=\"627\" \/>\n\t<meta property=\"og:image:height\" content=\"600\" \/>\n\t<meta property=\"og:image:type\" content=\"image\/jpeg\" \/>\n<meta name=\"twitter:card\" content=\"summary_large_image\" \/>\n<meta name=\"twitter:label1\" content=\"Tempo di lettura stimato\" \/>\n\t<meta name=\"twitter:data1\" content=\"1 minuto\" \/>\n<script type=\"application\/ld+json\" class=\"yoast-schema-graph\">{\"@context\":\"https:\/\/schema.org\",\"@graph\":[{\"@type\":\"WebPage\",\"@id\":\"https:\/\/ilcrogiuolo.it\/it\/p\/panno-cerimoniale-arcangelo-gabriel\/\",\"url\":\"https:\/\/ilcrogiuolo.it\/it\/p\/panno-cerimoniale-arcangelo-gabriel\/\",\"name\":\"Panno Cerimoniale Arcangelo Gabriel - Il Crogiuolo\",\"isPartOf\":{\"@id\":\"https:\/\/ilcrogiuolo.it\/it\/#website\"},\"primaryImageOfPage\":{\"@id\":\"https:\/\/ilcrogiuolo.it\/it\/p\/panno-cerimoniale-arcangelo-gabriel\/#primaryimage\"},\"image\":{\"@id\":\"https:\/\/ilcrogiuolo.it\/it\/p\/panno-cerimoniale-arcangelo-gabriel\/#primaryimage\"},\"thumbnailUrl\":\"https:\/\/ilcrogiuolo.it\/wp-content\/uploads\/2020\/01\/sigilloarcangeli_9111173.jpg\",\"datePublished\":\"2020-01-14T16:03:03+00:00\",\"dateModified\":\"2020-02-07T07:59:04+00:00\",\"description\":\"Panno Cerimoniale Arcangelo Gabriel Panno rituale in tessuto\u00a0di forma quadarata (diametro cm 38 x 38) che reca stampato a colori il sigillo dell'Arcangelo Gabriel tratto dal famoso grimorio\",\"breadcrumb\":{\"@id\":\"https:\/\/ilcrogiuolo.it\/it\/p\/panno-cerimoniale-arcangelo-gabriel\/#breadcrumb\"},\"inLanguage\":\"it-IT\",\"potentialAction\":[{\"@type\":\"ReadAction\",\"target\":[\"https:\/\/ilcrogiuolo.it\/it\/p\/panno-cerimoniale-arcangelo-gabriel\/\"]}]},{\"@type\":\"ImageObject\",\"inLanguage\":\"it-IT\",\"@id\":\"https:\/\/ilcrogiuolo.it\/it\/p\/panno-cerimoniale-arcangelo-gabriel\/#primaryimage\",\"url\":\"https:\/\/ilcrogiuolo.it\/wp-content\/uploads\/2020\/01\/sigilloarcangeli_9111173.jpg\",\"contentUrl\":\"https:\/\/ilcrogiuolo.it\/wp-content\/uploads\/2020\/01\/sigilloarcangeli_9111173.jpg\",\"width\":627,\"height\":600},{\"@type\":\"BreadcrumbList\",\"@id\":\"https:\/\/ilcrogiuolo.it\/it\/p\/panno-cerimoniale-arcangelo-gabriel\/#breadcrumb\",\"itemListElement\":[{\"@type\":\"ListItem\",\"position\":1,\"name\":\"Home\",\"item\":\"https:\/\/ilcrogiuolo.it\/it\/\"},{\"@type\":\"ListItem\",\"position\":2,\"name\":\"Shop\",\"item\":\"https:\/\/ilcrogiuolo.it\/it\/negozio\/\"},{\"@type\":\"ListItem\",\"position\":3,\"name\":\"Panno Cerimoniale Arcangelo Gabriel\"}]},{\"@type\":\"WebSite\",\"@id\":\"https:\/\/ilcrogiuolo.it\/it\/#website\",\"url\":\"https:\/\/ilcrogiuolo.it\/it\/\",\"name\":\"Il Crogiuolo\",\"description\":\"\",\"publisher\":{\"@id\":\"https:\/\/ilcrogiuolo.it\/it\/#organization\"},\"potentialAction\":[{\"@type\":\"SearchAction\",\"target\":{\"@type\":\"EntryPoint\",\"urlTemplate\":\"https:\/\/ilcrogiuolo.it\/it\/?s={search_term_string}\"},\"query-input\":{\"@type\":\"PropertyValueSpecification\",\"valueRequired\":true,\"valueName\":\"search_term_string\"}}],\"inLanguage\":\"it-IT\"},{\"@type\":\"Organization\",\"@id\":\"https:\/\/ilcrogiuolo.it\/it\/#organization\",\"name\":\"Il Crogiuolo\",\"url\":\"https:\/\/ilcrogiuolo.it\/it\/\",\"logo\":{\"@type\":\"ImageObject\",\"inLanguage\":\"it-IT\",\"@id\":\"https:\/\/ilcrogiuolo.it\/it\/#\/schema\/logo\/image\/\",\"url\":\"https:\/\/ilcrogiuolo.it\/wp-content\/uploads\/2020\/04\/logo.png\",\"contentUrl\":\"https:\/\/ilcrogiuolo.it\/wp-content\/uploads\/2020\/04\/logo.png\",\"width\":200,\"height\":49,\"caption\":\"Il Crogiuolo\"},\"image\":{\"@id\":\"https:\/\/ilcrogiuolo.it\/it\/#\/schema\/logo\/image\/\"},\"sameAs\":[\"https:\/\/www.facebook.com\/Il-Crogiuolo-681876418491758\"]}]}<\/script>\n<!-- \/ Yoast SEO plugin. -->","yoast_head_json":{"title":"Panno Cerimoniale Arcangelo Gabriel - Il Crogiuolo","description":"Panno Cerimoniale Arcangelo Gabriel Panno rituale in tessuto\u00a0di forma quadarata (diametro cm 38 x 38) che reca stampato a colori il sigillo dell'Arcangelo Gabriel tratto dal famoso grimorio","robots":{"index":"index","follow":"follow","max-snippet":"max-snippet:-1","max-image-preview":"max-image-preview:large","max-video-preview":"max-video-preview:-1"},"canonical":"https:\/\/ilcrogiuolo.it\/it\/p\/panno-cerimoniale-arcangelo-gabriel\/","og_locale":"it_IT","og_type":"article","og_title":"Panno Cerimoniale Arcangelo Gabriel - Il Crogiuolo","og_description":"Panno Cerimoniale Arcangelo Gabriel Panno rituale in tessuto\u00a0di forma quadarata (diametro cm 38 x 38) che reca stampato a colori il sigillo dell'Arcangelo Gabriel tratto dal famoso grimorio","og_url":"https:\/\/ilcrogiuolo.it\/it\/p\/panno-cerimoniale-arcangelo-gabriel\/","og_site_name":"Il Crogiuolo","article_publisher":"https:\/\/www.facebook.com\/Il-Crogiuolo-681876418491758","article_modified_time":"2020-02-07T07:59:04+00:00","og_image":[{"width":627,"height":600,"url":"https:\/\/ilcrogiuolo.it\/wp-content\/uploads\/2020\/01\/sigilloarcangeli_9111173.jpg","type":"image\/jpeg"}],"twitter_card":"summary_large_image","twitter_misc":{"Tempo di lettura stimato":"1 minuto"},"schema":{"@context":"https:\/\/schema.org","@graph":[{"@type":"WebPage","@id":"https:\/\/ilcrogiuolo.it\/it\/p\/panno-cerimoniale-arcangelo-gabriel\/","url":"https:\/\/ilcrogiuolo.it\/it\/p\/panno-cerimoniale-arcangelo-gabriel\/","name":"Panno Cerimoniale Arcangelo Gabriel - Il Crogiuolo","isPartOf":{"@id":"https:\/\/ilcrogiuolo.it\/it\/#website"},"primaryImageOfPage":{"@id":"https:\/\/ilcrogiuolo.it\/it\/p\/panno-cerimoniale-arcangelo-gabriel\/#primaryimage"},"image":{"@id":"https:\/\/ilcrogiuolo.it\/it\/p\/panno-cerimoniale-arcangelo-gabriel\/#primaryimage"},"thumbnailUrl":"https:\/\/ilcrogiuolo.it\/wp-content\/uploads\/2020\/01\/sigilloarcangeli_9111173.jpg","datePublished":"2020-01-14T16:03:03+00:00","dateModified":"2020-02-07T07:59:04+00:00","description":"Panno Cerimoniale Arcangelo Gabriel Panno rituale in tessuto\u00a0di forma quadarata (diametro cm 38 x 38) che reca stampato a colori il sigillo dell'Arcangelo Gabriel tratto dal famoso grimorio","breadcrumb":{"@id":"https:\/\/ilcrogiuolo.it\/it\/p\/panno-cerimoniale-arcangelo-gabriel\/#breadcrumb"},"inLanguage":"it-IT","potentialAction":[{"@type":"ReadAction","target":["https:\/\/ilcrogiuolo.it\/it\/p\/panno-cerimoniale-arcangelo-gabriel\/"]}]},{"@type":"ImageObject","inLanguage":"it-IT","@id":"https:\/\/ilcrogiuolo.it\/it\/p\/panno-cerimoniale-arcangelo-gabriel\/#primaryimage","url":"https:\/\/ilcrogiuolo.it\/wp-content\/uploads\/2020\/01\/sigilloarcangeli_9111173.jpg","contentUrl":"https:\/\/ilcrogiuolo.it\/wp-content\/uploads\/2020\/01\/sigilloarcangeli_9111173.jpg","width":627,"height":600},{"@type":"BreadcrumbList","@id":"https:\/\/ilcrogiuolo.it\/it\/p\/panno-cerimoniale-arcangelo-gabriel\/#breadcrumb","itemListElement":[{"@type":"ListItem","position":1,"name":"Home","item":"https:\/\/ilcrogiuolo.it\/it\/"},{"@type":"ListItem","position":2,"name":"Shop","item":"https:\/\/ilcrogiuolo.it\/it\/negozio\/"},{"@type":"ListItem","position":3,"name":"Panno Cerimoniale Arcangelo Gabriel"}]},{"@type":"WebSite","@id":"https:\/\/ilcrogiuolo.it\/it\/#website","url":"https:\/\/ilcrogiuolo.it\/it\/","name":"Il Crogiuolo","description":"","publisher":{"@id":"https:\/\/ilcrogiuolo.it\/it\/#organization"},"potentialAction":[{"@type":"SearchAction","target":{"@type":"EntryPoint","urlTemplate":"https:\/\/ilcrogiuolo.it\/it\/?s={search_term_string}"},"query-input":{"@type":"PropertyValueSpecification","valueRequired":true,"valueName":"search_term_string"}}],"inLanguage":"it-IT"},{"@type":"Organization","@id":"https:\/\/ilcrogiuolo.it\/it\/#organization","name":"Il Crogiuolo","url":"https:\/\/ilcrogiuolo.it\/it\/","logo":{"@type":"ImageObject","inLanguage":"it-IT","@id":"https:\/\/ilcrogiuolo.it\/it\/#\/schema\/logo\/image\/","url":"https:\/\/ilcrogiuolo.it\/wp-content\/uploads\/2020\/04\/logo.png","contentUrl":"https:\/\/ilcrogiuolo.it\/wp-content\/uploads\/2020\/04\/logo.png","width":200,"height":49,"caption":"Il Crogiuolo"},"image":{"@id":"https:\/\/ilcrogiuolo.it\/it\/#\/schema\/logo\/image\/"},"sameAs":["https:\/\/www.facebook.com\/Il-Crogiuolo-681876418491758"]}]}},"_links":{"self":[{"href":"https:\/\/ilcrogiuolo.it\/it\/wp-json\/wp\/v2\/product\/1304","targetHints":{"allow":["GET"]}}],"collection":[{"href":"https:\/\/ilcrogiuolo.it\/it\/wp-json\/wp\/v2\/product"}],"about":[{"href":"https:\/\/ilcrogiuolo.it\/it\/wp-json\/wp\/v2\/types\/product"}],"wp:featuredmedia":[{"embeddable":true,"href":"https:\/\/ilcrogiuolo.it\/it\/wp-json\/wp\/v2\/media\/1305"}],"wp:attachment":[{"href":"https:\/\/ilcrogiuolo.it\/it\/wp-json\/wp\/v2\/media?parent=1304"}],"wp:term":[{"taxonomy":"product_brand","embeddable":true,"href":"https:\/\/ilcrogiuolo.it\/it\/wp-json\/wp\/v2\/product_brand?post=1304"},{"taxonomy":"product_cat","embeddable":true,"href":"https:\/\/ilcrogiuolo.it\/it\/wp-json\/wp\/v2\/product_cat?post=1304"},{"taxonomy":"product_tag","embeddable":true,"href":"https:\/\/ilcrogiuolo.it\/it\/wp-json\/wp\/v2\/product_tag?post=1304"}],"curies":[{"name":"wp","href":"https:\/\/api.w.org\/{rel}","templated":true}]}}