{"id":12999,"date":"2020-01-17T22:13:44","date_gmt":"2020-01-17T21:13:44","guid":{"rendered":"https:\/\/ilcrogiuolo.it\/p\/anello-karnak-oro-18-kt-grammi-9-4-mis-22\/"},"modified":"2023-09-25T15:32:25","modified_gmt":"2023-09-25T13:32:25","slug":"anello-karnak-oro-18-kt-grammi-9-4-mis-22","status":"publish","type":"product","link":"https:\/\/ilcrogiuolo.it\/it\/p\/anello-karnak-oro-18-kt-grammi-9-4-mis-22\/","title":{"rendered":"ANELLO KARNAK ORO 18 KT GRAMMI 9.4 mis. 22"},"content":{"rendered":"<p><strong>DISPONBILE SOLO SU PRENOTAZIONE<\/strong><\/p>\n<p>Il simbolo riportato su questo bellissimo anello \u00e8 stato rinvenuto nel tempio di Karnak ed \u00e8 un simbolo di collegamento tra l&#8217;Alto ed il Basso Egitto. E&#8217; considerato un ottimo simbolo di schermatura radiestesica.Non bisogna mai far toccare ad altri il proprio anello, neppure al partner o ad una persona cara. Quando lo si mette dito la prima volta si deve seguire questa procedura: far bollire per due minuti l&#8217;anello con del sale in una pentolina d&#8217;acqua di bottiglia (acqua di fonte e poi farlo asciugare in pieno sole per 1 ora. Questa operazione andrebbe ripetuta ogni volta che qualcuno tocchi il vostro anello contaminando la vostra energia con la propria&#8230; I simboli riprodotti infatti, secondo la tradizione, rispondono alle esigenze di una precisa formula esoterica a lungo provata e confermata da ricercatori del calibro di un Andr\u00e9 de Belizal e Roger de Lafforest. Non \u00e8 un talismano o una specie di feticcio ma \u00e8 considerato piuttosto un piccolo miracolo di fisica microvibratoria che manifesta il proprio potere in tre campi specifici: protezione, cura e potenziamento dell&#8217;intuizione.L&#8217;Anello Re o di ATLANTIDE\u00e8 considerato un naturale raccoglitore, secondo i principi della radionica, di energia cosmica e mette in grado il radiestesista di proteggersi dalle rimanenze e dalle contaminazioni energetiche con le quali viene a contatto durante la ricerca e il lavoro di analisi. Analizzare qualcuno o qualcosa significa &#8220;mettersi in risonanza&#8221; con quella particolare frequenza&#8230; \u00e8 necessario dunque proteggersi da eventuali energie non perfettamente in sintonia con le proprie. Un altro testato impiego dell&#8217;anello sarebbe quello di permettere al radiestesista di prolungare il tempo della ricerca che altrimenti non potrebbe protrarsi per pi\u00f9 di un&#8217;ora. L&#8217;anello Re limita, secondo quanto si tramanda la stanchezza. Molti lo consigliano infatti anche alle persone che per lavoro o percorso si trovano a dover affaticare molto la mente ed agli studenti, specialmente quando si trovassero a preparare esami o concorsi.<\/p>\n<p>ATTENZIONE: in ragione della misura il prezzo del prodotto finito parte da euro 850,00.<\/p>\n","protected":false},"excerpt":{"rendered":"<p>DISPONBILE SOLO SU PRENOTAZIONE Il simbolo riportato su questo bellissimo anello \u00e8 stato rinvenuto nel tempio di Karnak ed \u00e8&#8230;<\/p>\n","protected":false},"featured_media":34130,"template":"","meta":{"_acf_changed":false},"product_brand":[],"product_cat":[1109,1066,1393],"product_tag":[],"class_list":{"0":"post-12999","1":"product","2":"type-product","3":"status-publish","4":"has-post-thumbnail","6":"product_cat-anelli-in-argento-925-e-oro-18-kt","7":"product_cat-talismani-amuleti","8":"product_cat-talismani-anelli-angelici-salomonici-egizi","10":"first","11":"instock","12":"sale","13":"taxable","14":"shipping-taxable","15":"purchasable","16":"product-type-variable","17":"add-to-wishlist-before_image"},"acf":[],"yoast_head":"<!-- This site is optimized with the Yoast SEO plugin v26.9 - https:\/\/yoast.com\/product\/yoast-seo-wordpress\/ -->\n<title>ANELLO KARNAK ORO 18 KT GRAMMI 9.4 mis. 22 - Il Crogiuolo<\/title>\n<meta name=\"description\" content=\"ANELLO KARNAK ORO 18 KT GRAMMI 9.4 mis. 22 DISPONBILE SOLO SU PRENOTAZIONE Il simbolo riportato su questo bellissimo anello \u00e8 stato rinvenuto nel tempio di Karnak ed \u00e8 un simbolo di collegamento\" \/>\n<meta name=\"robots\" content=\"index, follow, max-snippet:-1, max-image-preview:large, max-video-preview:-1\" \/>\n<link rel=\"canonical\" href=\"https:\/\/ilcrogiuolo.it\/it\/p\/anello-karnak-oro-18-kt-grammi-9-4-mis-22\/\" \/>\n<meta property=\"og:locale\" content=\"it_IT\" \/>\n<meta property=\"og:type\" content=\"article\" \/>\n<meta property=\"og:title\" content=\"ANELLO KARNAK ORO 18 KT GRAMMI 9.4 mis. 22 - Il Crogiuolo\" \/>\n<meta property=\"og:description\" content=\"ANELLO KARNAK ORO 18 KT GRAMMI 9.4 mis. 22 DISPONBILE SOLO SU PRENOTAZIONE Il simbolo riportato su questo bellissimo anello \u00e8 stato rinvenuto nel tempio di Karnak ed \u00e8 un simbolo di collegamento\" \/>\n<meta property=\"og:url\" content=\"https:\/\/ilcrogiuolo.it\/it\/p\/anello-karnak-oro-18-kt-grammi-9-4-mis-22\/\" \/>\n<meta property=\"og:site_name\" content=\"Il Crogiuolo\" \/>\n<meta property=\"article:publisher\" content=\"https:\/\/www.facebook.com\/Il-Crogiuolo-681876418491758\" \/>\n<meta property=\"article:modified_time\" content=\"2023-09-25T13:32:25+00:00\" \/>\n<meta property=\"og:image\" content=\"https:\/\/ilcrogiuolo.it\/wp-content\/uploads\/2020\/01\/anello_karnak_oro-1-scaled.jpg\" \/>\n\t<meta property=\"og:image:width\" content=\"2560\" \/>\n\t<meta property=\"og:image:height\" content=\"2290\" \/>\n\t<meta property=\"og:image:type\" content=\"image\/jpeg\" \/>\n<meta name=\"twitter:card\" content=\"summary_large_image\" \/>\n<meta name=\"twitter:label1\" content=\"Tempo di lettura stimato\" \/>\n\t<meta name=\"twitter:data1\" content=\"2 minuti\" \/>\n<script type=\"application\/ld+json\" class=\"yoast-schema-graph\">{\"@context\":\"https:\/\/schema.org\",\"@graph\":[{\"@type\":\"WebPage\",\"@id\":\"https:\/\/ilcrogiuolo.it\/it\/p\/anello-karnak-oro-18-kt-grammi-9-4-mis-22\/\",\"url\":\"https:\/\/ilcrogiuolo.it\/it\/p\/anello-karnak-oro-18-kt-grammi-9-4-mis-22\/\",\"name\":\"ANELLO KARNAK ORO 18 KT GRAMMI 9.4 mis. 22 - Il Crogiuolo\",\"isPartOf\":{\"@id\":\"https:\/\/ilcrogiuolo.it\/it\/#website\"},\"primaryImageOfPage\":{\"@id\":\"https:\/\/ilcrogiuolo.it\/it\/p\/anello-karnak-oro-18-kt-grammi-9-4-mis-22\/#primaryimage\"},\"image\":{\"@id\":\"https:\/\/ilcrogiuolo.it\/it\/p\/anello-karnak-oro-18-kt-grammi-9-4-mis-22\/#primaryimage\"},\"thumbnailUrl\":\"https:\/\/ilcrogiuolo.it\/wp-content\/uploads\/2020\/01\/anello_karnak_oro-1-scaled.jpg\",\"datePublished\":\"2020-01-17T21:13:44+00:00\",\"dateModified\":\"2023-09-25T13:32:25+00:00\",\"description\":\"ANELLO KARNAK ORO 18 KT GRAMMI 9.4 mis. 22 DISPONBILE SOLO SU PRENOTAZIONE Il simbolo riportato su questo bellissimo anello \u00e8 stato rinvenuto nel tempio di Karnak ed \u00e8 un simbolo di collegamento\",\"breadcrumb\":{\"@id\":\"https:\/\/ilcrogiuolo.it\/it\/p\/anello-karnak-oro-18-kt-grammi-9-4-mis-22\/#breadcrumb\"},\"inLanguage\":\"it-IT\",\"potentialAction\":[{\"@type\":\"ReadAction\",\"target\":[\"https:\/\/ilcrogiuolo.it\/it\/p\/anello-karnak-oro-18-kt-grammi-9-4-mis-22\/\"]}]},{\"@type\":\"ImageObject\",\"inLanguage\":\"it-IT\",\"@id\":\"https:\/\/ilcrogiuolo.it\/it\/p\/anello-karnak-oro-18-kt-grammi-9-4-mis-22\/#primaryimage\",\"url\":\"https:\/\/ilcrogiuolo.it\/wp-content\/uploads\/2020\/01\/anello_karnak_oro-1-scaled.jpg\",\"contentUrl\":\"https:\/\/ilcrogiuolo.it\/wp-content\/uploads\/2020\/01\/anello_karnak_oro-1-scaled.jpg\",\"width\":2560,\"height\":2290},{\"@type\":\"BreadcrumbList\",\"@id\":\"https:\/\/ilcrogiuolo.it\/it\/p\/anello-karnak-oro-18-kt-grammi-9-4-mis-22\/#breadcrumb\",\"itemListElement\":[{\"@type\":\"ListItem\",\"position\":1,\"name\":\"Home\",\"item\":\"https:\/\/ilcrogiuolo.it\/it\/\"},{\"@type\":\"ListItem\",\"position\":2,\"name\":\"Shop\",\"item\":\"https:\/\/ilcrogiuolo.it\/it\/negozio\/\"},{\"@type\":\"ListItem\",\"position\":3,\"name\":\"ANELLO KARNAK ORO 18 KT GRAMMI 9.4 mis. 22\"}]},{\"@type\":\"WebSite\",\"@id\":\"https:\/\/ilcrogiuolo.it\/it\/#website\",\"url\":\"https:\/\/ilcrogiuolo.it\/it\/\",\"name\":\"Il Crogiuolo\",\"description\":\"\",\"publisher\":{\"@id\":\"https:\/\/ilcrogiuolo.it\/it\/#organization\"},\"potentialAction\":[{\"@type\":\"SearchAction\",\"target\":{\"@type\":\"EntryPoint\",\"urlTemplate\":\"https:\/\/ilcrogiuolo.it\/it\/?s={search_term_string}\"},\"query-input\":{\"@type\":\"PropertyValueSpecification\",\"valueRequired\":true,\"valueName\":\"search_term_string\"}}],\"inLanguage\":\"it-IT\"},{\"@type\":\"Organization\",\"@id\":\"https:\/\/ilcrogiuolo.it\/it\/#organization\",\"name\":\"Il Crogiuolo\",\"url\":\"https:\/\/ilcrogiuolo.it\/it\/\",\"logo\":{\"@type\":\"ImageObject\",\"inLanguage\":\"it-IT\",\"@id\":\"https:\/\/ilcrogiuolo.it\/it\/#\/schema\/logo\/image\/\",\"url\":\"https:\/\/ilcrogiuolo.it\/wp-content\/uploads\/2020\/04\/logo.png\",\"contentUrl\":\"https:\/\/ilcrogiuolo.it\/wp-content\/uploads\/2020\/04\/logo.png\",\"width\":200,\"height\":49,\"caption\":\"Il Crogiuolo\"},\"image\":{\"@id\":\"https:\/\/ilcrogiuolo.it\/it\/#\/schema\/logo\/image\/\"},\"sameAs\":[\"https:\/\/www.facebook.com\/Il-Crogiuolo-681876418491758\"]}]}<\/script>\n<!-- \/ Yoast SEO plugin. -->","yoast_head_json":{"title":"ANELLO KARNAK ORO 18 KT GRAMMI 9.4 mis. 22 - Il Crogiuolo","description":"ANELLO KARNAK ORO 18 KT GRAMMI 9.4 mis. 22 DISPONBILE SOLO SU PRENOTAZIONE Il simbolo riportato su questo bellissimo anello \u00e8 stato rinvenuto nel tempio di Karnak ed \u00e8 un simbolo di collegamento","robots":{"index":"index","follow":"follow","max-snippet":"max-snippet:-1","max-image-preview":"max-image-preview:large","max-video-preview":"max-video-preview:-1"},"canonical":"https:\/\/ilcrogiuolo.it\/it\/p\/anello-karnak-oro-18-kt-grammi-9-4-mis-22\/","og_locale":"it_IT","og_type":"article","og_title":"ANELLO KARNAK ORO 18 KT GRAMMI 9.4 mis. 22 - Il Crogiuolo","og_description":"ANELLO KARNAK ORO 18 KT GRAMMI 9.4 mis. 22 DISPONBILE SOLO SU PRENOTAZIONE Il simbolo riportato su questo bellissimo anello \u00e8 stato rinvenuto nel tempio di Karnak ed \u00e8 un simbolo di collegamento","og_url":"https:\/\/ilcrogiuolo.it\/it\/p\/anello-karnak-oro-18-kt-grammi-9-4-mis-22\/","og_site_name":"Il Crogiuolo","article_publisher":"https:\/\/www.facebook.com\/Il-Crogiuolo-681876418491758","article_modified_time":"2023-09-25T13:32:25+00:00","og_image":[{"width":2560,"height":2290,"url":"https:\/\/ilcrogiuolo.it\/wp-content\/uploads\/2020\/01\/anello_karnak_oro-1-scaled.jpg","type":"image\/jpeg"}],"twitter_card":"summary_large_image","twitter_misc":{"Tempo di lettura stimato":"2 minuti"},"schema":{"@context":"https:\/\/schema.org","@graph":[{"@type":"WebPage","@id":"https:\/\/ilcrogiuolo.it\/it\/p\/anello-karnak-oro-18-kt-grammi-9-4-mis-22\/","url":"https:\/\/ilcrogiuolo.it\/it\/p\/anello-karnak-oro-18-kt-grammi-9-4-mis-22\/","name":"ANELLO KARNAK ORO 18 KT GRAMMI 9.4 mis. 22 - Il Crogiuolo","isPartOf":{"@id":"https:\/\/ilcrogiuolo.it\/it\/#website"},"primaryImageOfPage":{"@id":"https:\/\/ilcrogiuolo.it\/it\/p\/anello-karnak-oro-18-kt-grammi-9-4-mis-22\/#primaryimage"},"image":{"@id":"https:\/\/ilcrogiuolo.it\/it\/p\/anello-karnak-oro-18-kt-grammi-9-4-mis-22\/#primaryimage"},"thumbnailUrl":"https:\/\/ilcrogiuolo.it\/wp-content\/uploads\/2020\/01\/anello_karnak_oro-1-scaled.jpg","datePublished":"2020-01-17T21:13:44+00:00","dateModified":"2023-09-25T13:32:25+00:00","description":"ANELLO KARNAK ORO 18 KT GRAMMI 9.4 mis. 22 DISPONBILE SOLO SU PRENOTAZIONE Il simbolo riportato su questo bellissimo anello \u00e8 stato rinvenuto nel tempio di Karnak ed \u00e8 un simbolo di collegamento","breadcrumb":{"@id":"https:\/\/ilcrogiuolo.it\/it\/p\/anello-karnak-oro-18-kt-grammi-9-4-mis-22\/#breadcrumb"},"inLanguage":"it-IT","potentialAction":[{"@type":"ReadAction","target":["https:\/\/ilcrogiuolo.it\/it\/p\/anello-karnak-oro-18-kt-grammi-9-4-mis-22\/"]}]},{"@type":"ImageObject","inLanguage":"it-IT","@id":"https:\/\/ilcrogiuolo.it\/it\/p\/anello-karnak-oro-18-kt-grammi-9-4-mis-22\/#primaryimage","url":"https:\/\/ilcrogiuolo.it\/wp-content\/uploads\/2020\/01\/anello_karnak_oro-1-scaled.jpg","contentUrl":"https:\/\/ilcrogiuolo.it\/wp-content\/uploads\/2020\/01\/anello_karnak_oro-1-scaled.jpg","width":2560,"height":2290},{"@type":"BreadcrumbList","@id":"https:\/\/ilcrogiuolo.it\/it\/p\/anello-karnak-oro-18-kt-grammi-9-4-mis-22\/#breadcrumb","itemListElement":[{"@type":"ListItem","position":1,"name":"Home","item":"https:\/\/ilcrogiuolo.it\/it\/"},{"@type":"ListItem","position":2,"name":"Shop","item":"https:\/\/ilcrogiuolo.it\/it\/negozio\/"},{"@type":"ListItem","position":3,"name":"ANELLO KARNAK ORO 18 KT GRAMMI 9.4 mis. 22"}]},{"@type":"WebSite","@id":"https:\/\/ilcrogiuolo.it\/it\/#website","url":"https:\/\/ilcrogiuolo.it\/it\/","name":"Il Crogiuolo","description":"","publisher":{"@id":"https:\/\/ilcrogiuolo.it\/it\/#organization"},"potentialAction":[{"@type":"SearchAction","target":{"@type":"EntryPoint","urlTemplate":"https:\/\/ilcrogiuolo.it\/it\/?s={search_term_string}"},"query-input":{"@type":"PropertyValueSpecification","valueRequired":true,"valueName":"search_term_string"}}],"inLanguage":"it-IT"},{"@type":"Organization","@id":"https:\/\/ilcrogiuolo.it\/it\/#organization","name":"Il Crogiuolo","url":"https:\/\/ilcrogiuolo.it\/it\/","logo":{"@type":"ImageObject","inLanguage":"it-IT","@id":"https:\/\/ilcrogiuolo.it\/it\/#\/schema\/logo\/image\/","url":"https:\/\/ilcrogiuolo.it\/wp-content\/uploads\/2020\/04\/logo.png","contentUrl":"https:\/\/ilcrogiuolo.it\/wp-content\/uploads\/2020\/04\/logo.png","width":200,"height":49,"caption":"Il Crogiuolo"},"image":{"@id":"https:\/\/ilcrogiuolo.it\/it\/#\/schema\/logo\/image\/"},"sameAs":["https:\/\/www.facebook.com\/Il-Crogiuolo-681876418491758"]}]}},"_links":{"self":[{"href":"https:\/\/ilcrogiuolo.it\/it\/wp-json\/wp\/v2\/product\/12999","targetHints":{"allow":["GET"]}}],"collection":[{"href":"https:\/\/ilcrogiuolo.it\/it\/wp-json\/wp\/v2\/product"}],"about":[{"href":"https:\/\/ilcrogiuolo.it\/it\/wp-json\/wp\/v2\/types\/product"}],"wp:featuredmedia":[{"embeddable":true,"href":"https:\/\/ilcrogiuolo.it\/it\/wp-json\/wp\/v2\/media\/34130"}],"wp:attachment":[{"href":"https:\/\/ilcrogiuolo.it\/it\/wp-json\/wp\/v2\/media?parent=12999"}],"wp:term":[{"taxonomy":"product_brand","embeddable":true,"href":"https:\/\/ilcrogiuolo.it\/it\/wp-json\/wp\/v2\/product_brand?post=12999"},{"taxonomy":"product_cat","embeddable":true,"href":"https:\/\/ilcrogiuolo.it\/it\/wp-json\/wp\/v2\/product_cat?post=12999"},{"taxonomy":"product_tag","embeddable":true,"href":"https:\/\/ilcrogiuolo.it\/it\/wp-json\/wp\/v2\/product_tag?post=12999"}],"curies":[{"name":"wp","href":"https:\/\/api.w.org\/{rel}","templated":true}]}}