{"id":12996,"date":"2020-01-17T22:13:44","date_gmt":"2020-01-17T21:13:44","guid":{"rendered":"https:\/\/ilcrogiuolo.it\/p\/talismano-sterminatore\/"},"modified":"2025-10-16T12:37:39","modified_gmt":"2025-10-16T10:37:39","slug":"talismano-sterminatore","status":"publish","type":"product","link":"https:\/\/ilcrogiuolo.it\/it\/p\/talismano-sterminatore\/","title":{"rendered":"TALISMANO STERMINATORE"},"content":{"rendered":"<p>Il Talismano Sterminatore, come viene chiamato negli antichi grimori, \u00e8 uno dei sigilli pi\u00f9 autorevoli della tradizione esoterica occidentale. Viene citato da San Cipriano, il Mago, in una delle edizioni del suo famoso Libro e considerato dallo stesso come strumento principe contro il male, i nemici ed i demoni. Questo sigillo riporta caratteri segreti e l&#8217;immagine di uno scorpione, a sottolineare la sua valenza non solo difensiva, ma anche attiva. Il sigillo riporta anche la Croce di Caravaca stilizzata, altra simbologia impiegata da secoli per sconfiggere il maligno. Si utilizza nelle ritualistiche di San Cipriano o indossato come protezione, ma \u00e8 altres\u00ec utile a tutti coloro che si dedicano alle arti magiche per evitare colpi di ritorno e per poter operare con le entit\u00e0 senza a temere.<\/p>\n<p>&nbsp;<\/p>\n","protected":false},"excerpt":{"rendered":"<p>Il Talismano Sterminatore, come viene chiamato negli antichi grimori, \u00e8 uno dei sigilli pi\u00f9 autorevoli della tradizione esoterica occidentale. Viene&#8230;<\/p>\n","protected":false},"featured_media":12997,"template":"","meta":{"_acf_changed":false},"product_brand":[],"product_cat":[1132,1066,1325],"product_tag":[],"class_list":{"0":"post-12996","1":"product","2":"type-product","3":"status-publish","4":"has-post-thumbnail","6":"product_cat-talismani-cabalistici-angelici-egizi","7":"product_cat-talismani-amuleti","8":"product_cat-talismani-universali","10":"first","11":"instock","12":"sale","13":"taxable","14":"shipping-taxable","15":"purchasable","16":"product-type-variable","17":"add-to-wishlist-before_image"},"acf":[],"yoast_head":"<!-- This site is optimized with the Yoast SEO plugin v26.9 - https:\/\/yoast.com\/product\/yoast-seo-wordpress\/ -->\n<title>TALISMANO STERMINATORE - Il Crogiuolo<\/title>\n<meta name=\"description\" content=\"TALISMANO STERMINATORE Il Talismano Sterminatore, come viene chiamato negli antichi grimori, \u00e8 uno dei sigilli pi\u00f9 autorevoli della tradizione esoterica occidentale. Viene\" \/>\n<meta name=\"robots\" content=\"index, follow, max-snippet:-1, max-image-preview:large, max-video-preview:-1\" \/>\n<link rel=\"canonical\" href=\"https:\/\/ilcrogiuolo.it\/it\/p\/talismano-sterminatore\/\" \/>\n<meta property=\"og:locale\" content=\"it_IT\" \/>\n<meta property=\"og:type\" content=\"article\" \/>\n<meta property=\"og:title\" content=\"TALISMANO STERMINATORE - Il Crogiuolo\" \/>\n<meta property=\"og:description\" content=\"TALISMANO STERMINATORE Il Talismano Sterminatore, come viene chiamato negli antichi grimori, \u00e8 uno dei sigilli pi\u00f9 autorevoli della tradizione esoterica occidentale. Viene\" \/>\n<meta property=\"og:url\" content=\"https:\/\/ilcrogiuolo.it\/it\/p\/talismano-sterminatore\/\" \/>\n<meta property=\"og:site_name\" content=\"Il Crogiuolo\" \/>\n<meta property=\"article:publisher\" content=\"https:\/\/www.facebook.com\/Il-Crogiuolo-681876418491758\" \/>\n<meta property=\"article:modified_time\" content=\"2025-10-16T10:37:39+00:00\" \/>\n<meta property=\"og:image\" content=\"https:\/\/ilcrogiuolo.it\/wp-content\/uploads\/2020\/01\/sterminatoretalismanolibroinfernale_2044532.jpg\" \/>\n\t<meta property=\"og:image:width\" content=\"627\" \/>\n\t<meta property=\"og:image:height\" content=\"600\" \/>\n\t<meta property=\"og:image:type\" content=\"image\/jpeg\" \/>\n<meta name=\"twitter:card\" content=\"summary_large_image\" \/>\n<meta name=\"twitter:label1\" content=\"Tempo di lettura stimato\" \/>\n\t<meta name=\"twitter:data1\" content=\"1 minuto\" \/>\n<script type=\"application\/ld+json\" class=\"yoast-schema-graph\">{\"@context\":\"https:\/\/schema.org\",\"@graph\":[{\"@type\":\"WebPage\",\"@id\":\"https:\/\/ilcrogiuolo.it\/it\/p\/talismano-sterminatore\/\",\"url\":\"https:\/\/ilcrogiuolo.it\/it\/p\/talismano-sterminatore\/\",\"name\":\"TALISMANO STERMINATORE - Il Crogiuolo\",\"isPartOf\":{\"@id\":\"https:\/\/ilcrogiuolo.it\/it\/#website\"},\"primaryImageOfPage\":{\"@id\":\"https:\/\/ilcrogiuolo.it\/it\/p\/talismano-sterminatore\/#primaryimage\"},\"image\":{\"@id\":\"https:\/\/ilcrogiuolo.it\/it\/p\/talismano-sterminatore\/#primaryimage\"},\"thumbnailUrl\":\"https:\/\/ilcrogiuolo.it\/wp-content\/uploads\/2020\/01\/sterminatoretalismanolibroinfernale_2044532.jpg\",\"datePublished\":\"2020-01-17T21:13:44+00:00\",\"dateModified\":\"2025-10-16T10:37:39+00:00\",\"description\":\"TALISMANO STERMINATORE Il Talismano Sterminatore, come viene chiamato negli antichi grimori, \u00e8 uno dei sigilli pi\u00f9 autorevoli della tradizione esoterica occidentale. Viene\",\"breadcrumb\":{\"@id\":\"https:\/\/ilcrogiuolo.it\/it\/p\/talismano-sterminatore\/#breadcrumb\"},\"inLanguage\":\"it-IT\",\"potentialAction\":[{\"@type\":\"ReadAction\",\"target\":[\"https:\/\/ilcrogiuolo.it\/it\/p\/talismano-sterminatore\/\"]}]},{\"@type\":\"ImageObject\",\"inLanguage\":\"it-IT\",\"@id\":\"https:\/\/ilcrogiuolo.it\/it\/p\/talismano-sterminatore\/#primaryimage\",\"url\":\"https:\/\/ilcrogiuolo.it\/wp-content\/uploads\/2020\/01\/sterminatoretalismanolibroinfernale_2044532.jpg\",\"contentUrl\":\"https:\/\/ilcrogiuolo.it\/wp-content\/uploads\/2020\/01\/sterminatoretalismanolibroinfernale_2044532.jpg\",\"width\":627,\"height\":600},{\"@type\":\"BreadcrumbList\",\"@id\":\"https:\/\/ilcrogiuolo.it\/it\/p\/talismano-sterminatore\/#breadcrumb\",\"itemListElement\":[{\"@type\":\"ListItem\",\"position\":1,\"name\":\"Home\",\"item\":\"https:\/\/ilcrogiuolo.it\/it\/\"},{\"@type\":\"ListItem\",\"position\":2,\"name\":\"Shop\",\"item\":\"https:\/\/ilcrogiuolo.it\/it\/negozio\/\"},{\"@type\":\"ListItem\",\"position\":3,\"name\":\"TALISMANO STERMINATORE\"}]},{\"@type\":\"WebSite\",\"@id\":\"https:\/\/ilcrogiuolo.it\/it\/#website\",\"url\":\"https:\/\/ilcrogiuolo.it\/it\/\",\"name\":\"Il Crogiuolo\",\"description\":\"\",\"publisher\":{\"@id\":\"https:\/\/ilcrogiuolo.it\/it\/#organization\"},\"potentialAction\":[{\"@type\":\"SearchAction\",\"target\":{\"@type\":\"EntryPoint\",\"urlTemplate\":\"https:\/\/ilcrogiuolo.it\/it\/?s={search_term_string}\"},\"query-input\":{\"@type\":\"PropertyValueSpecification\",\"valueRequired\":true,\"valueName\":\"search_term_string\"}}],\"inLanguage\":\"it-IT\"},{\"@type\":\"Organization\",\"@id\":\"https:\/\/ilcrogiuolo.it\/it\/#organization\",\"name\":\"Il Crogiuolo\",\"url\":\"https:\/\/ilcrogiuolo.it\/it\/\",\"logo\":{\"@type\":\"ImageObject\",\"inLanguage\":\"it-IT\",\"@id\":\"https:\/\/ilcrogiuolo.it\/it\/#\/schema\/logo\/image\/\",\"url\":\"https:\/\/ilcrogiuolo.it\/wp-content\/uploads\/2020\/04\/logo.png\",\"contentUrl\":\"https:\/\/ilcrogiuolo.it\/wp-content\/uploads\/2020\/04\/logo.png\",\"width\":200,\"height\":49,\"caption\":\"Il Crogiuolo\"},\"image\":{\"@id\":\"https:\/\/ilcrogiuolo.it\/it\/#\/schema\/logo\/image\/\"},\"sameAs\":[\"https:\/\/www.facebook.com\/Il-Crogiuolo-681876418491758\"]}]}<\/script>\n<!-- \/ Yoast SEO plugin. -->","yoast_head_json":{"title":"TALISMANO STERMINATORE - Il Crogiuolo","description":"TALISMANO STERMINATORE Il Talismano Sterminatore, come viene chiamato negli antichi grimori, \u00e8 uno dei sigilli pi\u00f9 autorevoli della tradizione esoterica occidentale. Viene","robots":{"index":"index","follow":"follow","max-snippet":"max-snippet:-1","max-image-preview":"max-image-preview:large","max-video-preview":"max-video-preview:-1"},"canonical":"https:\/\/ilcrogiuolo.it\/it\/p\/talismano-sterminatore\/","og_locale":"it_IT","og_type":"article","og_title":"TALISMANO STERMINATORE - Il Crogiuolo","og_description":"TALISMANO STERMINATORE Il Talismano Sterminatore, come viene chiamato negli antichi grimori, \u00e8 uno dei sigilli pi\u00f9 autorevoli della tradizione esoterica occidentale. Viene","og_url":"https:\/\/ilcrogiuolo.it\/it\/p\/talismano-sterminatore\/","og_site_name":"Il Crogiuolo","article_publisher":"https:\/\/www.facebook.com\/Il-Crogiuolo-681876418491758","article_modified_time":"2025-10-16T10:37:39+00:00","og_image":[{"width":627,"height":600,"url":"https:\/\/ilcrogiuolo.it\/wp-content\/uploads\/2020\/01\/sterminatoretalismanolibroinfernale_2044532.jpg","type":"image\/jpeg"}],"twitter_card":"summary_large_image","twitter_misc":{"Tempo di lettura stimato":"1 minuto"},"schema":{"@context":"https:\/\/schema.org","@graph":[{"@type":"WebPage","@id":"https:\/\/ilcrogiuolo.it\/it\/p\/talismano-sterminatore\/","url":"https:\/\/ilcrogiuolo.it\/it\/p\/talismano-sterminatore\/","name":"TALISMANO STERMINATORE - Il Crogiuolo","isPartOf":{"@id":"https:\/\/ilcrogiuolo.it\/it\/#website"},"primaryImageOfPage":{"@id":"https:\/\/ilcrogiuolo.it\/it\/p\/talismano-sterminatore\/#primaryimage"},"image":{"@id":"https:\/\/ilcrogiuolo.it\/it\/p\/talismano-sterminatore\/#primaryimage"},"thumbnailUrl":"https:\/\/ilcrogiuolo.it\/wp-content\/uploads\/2020\/01\/sterminatoretalismanolibroinfernale_2044532.jpg","datePublished":"2020-01-17T21:13:44+00:00","dateModified":"2025-10-16T10:37:39+00:00","description":"TALISMANO STERMINATORE Il Talismano Sterminatore, come viene chiamato negli antichi grimori, \u00e8 uno dei sigilli pi\u00f9 autorevoli della tradizione esoterica occidentale. Viene","breadcrumb":{"@id":"https:\/\/ilcrogiuolo.it\/it\/p\/talismano-sterminatore\/#breadcrumb"},"inLanguage":"it-IT","potentialAction":[{"@type":"ReadAction","target":["https:\/\/ilcrogiuolo.it\/it\/p\/talismano-sterminatore\/"]}]},{"@type":"ImageObject","inLanguage":"it-IT","@id":"https:\/\/ilcrogiuolo.it\/it\/p\/talismano-sterminatore\/#primaryimage","url":"https:\/\/ilcrogiuolo.it\/wp-content\/uploads\/2020\/01\/sterminatoretalismanolibroinfernale_2044532.jpg","contentUrl":"https:\/\/ilcrogiuolo.it\/wp-content\/uploads\/2020\/01\/sterminatoretalismanolibroinfernale_2044532.jpg","width":627,"height":600},{"@type":"BreadcrumbList","@id":"https:\/\/ilcrogiuolo.it\/it\/p\/talismano-sterminatore\/#breadcrumb","itemListElement":[{"@type":"ListItem","position":1,"name":"Home","item":"https:\/\/ilcrogiuolo.it\/it\/"},{"@type":"ListItem","position":2,"name":"Shop","item":"https:\/\/ilcrogiuolo.it\/it\/negozio\/"},{"@type":"ListItem","position":3,"name":"TALISMANO STERMINATORE"}]},{"@type":"WebSite","@id":"https:\/\/ilcrogiuolo.it\/it\/#website","url":"https:\/\/ilcrogiuolo.it\/it\/","name":"Il Crogiuolo","description":"","publisher":{"@id":"https:\/\/ilcrogiuolo.it\/it\/#organization"},"potentialAction":[{"@type":"SearchAction","target":{"@type":"EntryPoint","urlTemplate":"https:\/\/ilcrogiuolo.it\/it\/?s={search_term_string}"},"query-input":{"@type":"PropertyValueSpecification","valueRequired":true,"valueName":"search_term_string"}}],"inLanguage":"it-IT"},{"@type":"Organization","@id":"https:\/\/ilcrogiuolo.it\/it\/#organization","name":"Il Crogiuolo","url":"https:\/\/ilcrogiuolo.it\/it\/","logo":{"@type":"ImageObject","inLanguage":"it-IT","@id":"https:\/\/ilcrogiuolo.it\/it\/#\/schema\/logo\/image\/","url":"https:\/\/ilcrogiuolo.it\/wp-content\/uploads\/2020\/04\/logo.png","contentUrl":"https:\/\/ilcrogiuolo.it\/wp-content\/uploads\/2020\/04\/logo.png","width":200,"height":49,"caption":"Il Crogiuolo"},"image":{"@id":"https:\/\/ilcrogiuolo.it\/it\/#\/schema\/logo\/image\/"},"sameAs":["https:\/\/www.facebook.com\/Il-Crogiuolo-681876418491758"]}]}},"_links":{"self":[{"href":"https:\/\/ilcrogiuolo.it\/it\/wp-json\/wp\/v2\/product\/12996","targetHints":{"allow":["GET"]}}],"collection":[{"href":"https:\/\/ilcrogiuolo.it\/it\/wp-json\/wp\/v2\/product"}],"about":[{"href":"https:\/\/ilcrogiuolo.it\/it\/wp-json\/wp\/v2\/types\/product"}],"wp:featuredmedia":[{"embeddable":true,"href":"https:\/\/ilcrogiuolo.it\/it\/wp-json\/wp\/v2\/media\/12997"}],"wp:attachment":[{"href":"https:\/\/ilcrogiuolo.it\/it\/wp-json\/wp\/v2\/media?parent=12996"}],"wp:term":[{"taxonomy":"product_brand","embeddable":true,"href":"https:\/\/ilcrogiuolo.it\/it\/wp-json\/wp\/v2\/product_brand?post=12996"},{"taxonomy":"product_cat","embeddable":true,"href":"https:\/\/ilcrogiuolo.it\/it\/wp-json\/wp\/v2\/product_cat?post=12996"},{"taxonomy":"product_tag","embeddable":true,"href":"https:\/\/ilcrogiuolo.it\/it\/wp-json\/wp\/v2\/product_tag?post=12996"}],"curies":[{"name":"wp","href":"https:\/\/api.w.org\/{rel}","templated":true}]}}