{"id":1141,"date":"2020-01-14T17:02:42","date_gmt":"2020-01-14T16:02:42","guid":{"rendered":"https:\/\/ilcrogiuolo.it\/p\/lozione-san-miguel-ml-150\/"},"modified":"2024-05-28T15:36:36","modified_gmt":"2024-05-28T13:36:36","slug":"lozione-san-miguel-ml-150","status":"publish","type":"product","link":"https:\/\/ilcrogiuolo.it\/it\/p\/lozione-san-miguel-ml-150\/","title":{"rendered":"LOZIONE SAN MIGUEL ML 150"},"content":{"rendered":"<p>San Michele Arcangelo \u00e8 il principe delle milizie celesti, il grande guerriero di Dio che combatte contro le forze del male e tutti i nostri nemici visibili ed invisibili. La Lozione di San Miguel, conosciuto nelle 21 Divisioni come Beli\u00e8 Belc\u00e0n, \u00e8 preparata con le piante tradizionalmente sacre a questo meraviglioso angelo di luce. San Miguel Spezza ogni tipo di \u201cdemande\u201d (richiesta negativa agli spiriti) effettuata. Si impiega tradizionalmente questa lozione anche quando ci si trova giudicati ingiustamente, contro le calunnie e per trionfare nelle vertenze. L\u2019 aroma al contempo forte e delicato di questa lozione sembra quasi un\u2019epitome di questa entit\u00e0 spirituale. Si impiega tradizionalmente la Lozione di San Miguel per essere protetti da ogni nemico, per allontanare il male, per spezzare le fatture e per ottenere Vittoria in ogni campo.<\/p>\n","protected":false},"excerpt":{"rendered":"<p>San Michele Arcangelo \u00e8 il principe delle milizie celesti, il grande guerriero di Dio che combatte contro le forze del&#8230;<\/p>\n","protected":false},"featured_media":32015,"template":"","meta":{"_acf_changed":false},"product_brand":[],"product_cat":[1078,1059,1315],"product_tag":[],"class_list":{"0":"post-1141","1":"product","2":"type-product","3":"status-publish","4":"has-post-thumbnail","6":"product_cat-prodotti-esoterici-voodoo-vodun-vudu-santeria","7":"product_cat-articoli-esoterici","8":"product_cat-fluidi-colonie-lozioni-voodoo-santeria","10":"first","11":"instock","12":"taxable","13":"shipping-taxable","14":"purchasable","15":"product-type-simple","16":"add-to-wishlist-before_image"},"acf":[],"yoast_head":"<!-- This site is optimized with the Yoast SEO plugin v26.9 - https:\/\/yoast.com\/product\/yoast-seo-wordpress\/ -->\n<title>LOZIONE SAN MIGUEL ML 150 - Il Crogiuolo<\/title>\n<meta name=\"description\" content=\"LOZIONE SAN MIGUEL ML 150 San Michele Arcangelo \u00e8 il principe delle milizie celesti, il grande guerriero di Dio che combatte contro le forze del male e tutti i nostri nemici\" \/>\n<meta name=\"robots\" content=\"index, follow, max-snippet:-1, max-image-preview:large, max-video-preview:-1\" \/>\n<link rel=\"canonical\" href=\"https:\/\/ilcrogiuolo.it\/it\/p\/lozione-san-miguel-ml-150\/\" \/>\n<meta property=\"og:locale\" content=\"it_IT\" \/>\n<meta property=\"og:type\" content=\"article\" \/>\n<meta property=\"og:title\" content=\"LOZIONE SAN MIGUEL ML 150 - Il Crogiuolo\" \/>\n<meta property=\"og:description\" content=\"LOZIONE SAN MIGUEL ML 150 San Michele Arcangelo \u00e8 il principe delle milizie celesti, il grande guerriero di Dio che combatte contro le forze del male e tutti i nostri nemici\" \/>\n<meta property=\"og:url\" content=\"https:\/\/ilcrogiuolo.it\/it\/p\/lozione-san-miguel-ml-150\/\" \/>\n<meta property=\"og:site_name\" content=\"Il Crogiuolo\" \/>\n<meta property=\"article:publisher\" content=\"https:\/\/www.facebook.com\/Il-Crogiuolo-681876418491758\" \/>\n<meta property=\"article:modified_time\" content=\"2024-05-28T13:36:36+00:00\" \/>\n<meta property=\"og:image\" content=\"https:\/\/ilcrogiuolo.it\/wp-content\/uploads\/2020\/01\/LOTION-SAN-MIGUEL-OK.jpg\" \/>\n\t<meta property=\"og:image:width\" content=\"627\" \/>\n\t<meta property=\"og:image:height\" content=\"600\" \/>\n\t<meta property=\"og:image:type\" content=\"image\/jpeg\" \/>\n<meta name=\"twitter:card\" content=\"summary_large_image\" \/>\n<meta name=\"twitter:label1\" content=\"Tempo di lettura stimato\" \/>\n\t<meta name=\"twitter:data1\" content=\"1 minuto\" \/>\n<script type=\"application\/ld+json\" class=\"yoast-schema-graph\">{\"@context\":\"https:\/\/schema.org\",\"@graph\":[{\"@type\":\"WebPage\",\"@id\":\"https:\/\/ilcrogiuolo.it\/it\/p\/lozione-san-miguel-ml-150\/\",\"url\":\"https:\/\/ilcrogiuolo.it\/it\/p\/lozione-san-miguel-ml-150\/\",\"name\":\"LOZIONE SAN MIGUEL ML 150 - Il Crogiuolo\",\"isPartOf\":{\"@id\":\"https:\/\/ilcrogiuolo.it\/it\/#website\"},\"primaryImageOfPage\":{\"@id\":\"https:\/\/ilcrogiuolo.it\/it\/p\/lozione-san-miguel-ml-150\/#primaryimage\"},\"image\":{\"@id\":\"https:\/\/ilcrogiuolo.it\/it\/p\/lozione-san-miguel-ml-150\/#primaryimage\"},\"thumbnailUrl\":\"https:\/\/ilcrogiuolo.it\/wp-content\/uploads\/2020\/01\/LOTION-SAN-MIGUEL-OK.jpg\",\"datePublished\":\"2020-01-14T16:02:42+00:00\",\"dateModified\":\"2024-05-28T13:36:36+00:00\",\"description\":\"LOZIONE SAN MIGUEL ML 150 San Michele Arcangelo \u00e8 il principe delle milizie celesti, il grande guerriero di Dio che combatte contro le forze del male e tutti i nostri nemici\",\"breadcrumb\":{\"@id\":\"https:\/\/ilcrogiuolo.it\/it\/p\/lozione-san-miguel-ml-150\/#breadcrumb\"},\"inLanguage\":\"it-IT\",\"potentialAction\":[{\"@type\":\"ReadAction\",\"target\":[\"https:\/\/ilcrogiuolo.it\/it\/p\/lozione-san-miguel-ml-150\/\"]}]},{\"@type\":\"ImageObject\",\"inLanguage\":\"it-IT\",\"@id\":\"https:\/\/ilcrogiuolo.it\/it\/p\/lozione-san-miguel-ml-150\/#primaryimage\",\"url\":\"https:\/\/ilcrogiuolo.it\/wp-content\/uploads\/2020\/01\/LOTION-SAN-MIGUEL-OK.jpg\",\"contentUrl\":\"https:\/\/ilcrogiuolo.it\/wp-content\/uploads\/2020\/01\/LOTION-SAN-MIGUEL-OK.jpg\",\"width\":627,\"height\":600},{\"@type\":\"BreadcrumbList\",\"@id\":\"https:\/\/ilcrogiuolo.it\/it\/p\/lozione-san-miguel-ml-150\/#breadcrumb\",\"itemListElement\":[{\"@type\":\"ListItem\",\"position\":1,\"name\":\"Home\",\"item\":\"https:\/\/ilcrogiuolo.it\/it\/\"},{\"@type\":\"ListItem\",\"position\":2,\"name\":\"Shop\",\"item\":\"https:\/\/ilcrogiuolo.it\/it\/negozio\/\"},{\"@type\":\"ListItem\",\"position\":3,\"name\":\"LOZIONE SAN MIGUEL ML 150\"}]},{\"@type\":\"WebSite\",\"@id\":\"https:\/\/ilcrogiuolo.it\/it\/#website\",\"url\":\"https:\/\/ilcrogiuolo.it\/it\/\",\"name\":\"Il Crogiuolo\",\"description\":\"\",\"publisher\":{\"@id\":\"https:\/\/ilcrogiuolo.it\/it\/#organization\"},\"potentialAction\":[{\"@type\":\"SearchAction\",\"target\":{\"@type\":\"EntryPoint\",\"urlTemplate\":\"https:\/\/ilcrogiuolo.it\/it\/?s={search_term_string}\"},\"query-input\":{\"@type\":\"PropertyValueSpecification\",\"valueRequired\":true,\"valueName\":\"search_term_string\"}}],\"inLanguage\":\"it-IT\"},{\"@type\":\"Organization\",\"@id\":\"https:\/\/ilcrogiuolo.it\/it\/#organization\",\"name\":\"Il Crogiuolo\",\"url\":\"https:\/\/ilcrogiuolo.it\/it\/\",\"logo\":{\"@type\":\"ImageObject\",\"inLanguage\":\"it-IT\",\"@id\":\"https:\/\/ilcrogiuolo.it\/it\/#\/schema\/logo\/image\/\",\"url\":\"https:\/\/ilcrogiuolo.it\/wp-content\/uploads\/2020\/04\/logo.png\",\"contentUrl\":\"https:\/\/ilcrogiuolo.it\/wp-content\/uploads\/2020\/04\/logo.png\",\"width\":200,\"height\":49,\"caption\":\"Il Crogiuolo\"},\"image\":{\"@id\":\"https:\/\/ilcrogiuolo.it\/it\/#\/schema\/logo\/image\/\"},\"sameAs\":[\"https:\/\/www.facebook.com\/Il-Crogiuolo-681876418491758\"]}]}<\/script>\n<!-- \/ Yoast SEO plugin. -->","yoast_head_json":{"title":"LOZIONE SAN MIGUEL ML 150 - Il Crogiuolo","description":"LOZIONE SAN MIGUEL ML 150 San Michele Arcangelo \u00e8 il principe delle milizie celesti, il grande guerriero di Dio che combatte contro le forze del male e tutti i nostri nemici","robots":{"index":"index","follow":"follow","max-snippet":"max-snippet:-1","max-image-preview":"max-image-preview:large","max-video-preview":"max-video-preview:-1"},"canonical":"https:\/\/ilcrogiuolo.it\/it\/p\/lozione-san-miguel-ml-150\/","og_locale":"it_IT","og_type":"article","og_title":"LOZIONE SAN MIGUEL ML 150 - Il Crogiuolo","og_description":"LOZIONE SAN MIGUEL ML 150 San Michele Arcangelo \u00e8 il principe delle milizie celesti, il grande guerriero di Dio che combatte contro le forze del male e tutti i nostri nemici","og_url":"https:\/\/ilcrogiuolo.it\/it\/p\/lozione-san-miguel-ml-150\/","og_site_name":"Il Crogiuolo","article_publisher":"https:\/\/www.facebook.com\/Il-Crogiuolo-681876418491758","article_modified_time":"2024-05-28T13:36:36+00:00","og_image":[{"width":627,"height":600,"url":"https:\/\/ilcrogiuolo.it\/wp-content\/uploads\/2020\/01\/LOTION-SAN-MIGUEL-OK.jpg","type":"image\/jpeg"}],"twitter_card":"summary_large_image","twitter_misc":{"Tempo di lettura stimato":"1 minuto"},"schema":{"@context":"https:\/\/schema.org","@graph":[{"@type":"WebPage","@id":"https:\/\/ilcrogiuolo.it\/it\/p\/lozione-san-miguel-ml-150\/","url":"https:\/\/ilcrogiuolo.it\/it\/p\/lozione-san-miguel-ml-150\/","name":"LOZIONE SAN MIGUEL ML 150 - Il Crogiuolo","isPartOf":{"@id":"https:\/\/ilcrogiuolo.it\/it\/#website"},"primaryImageOfPage":{"@id":"https:\/\/ilcrogiuolo.it\/it\/p\/lozione-san-miguel-ml-150\/#primaryimage"},"image":{"@id":"https:\/\/ilcrogiuolo.it\/it\/p\/lozione-san-miguel-ml-150\/#primaryimage"},"thumbnailUrl":"https:\/\/ilcrogiuolo.it\/wp-content\/uploads\/2020\/01\/LOTION-SAN-MIGUEL-OK.jpg","datePublished":"2020-01-14T16:02:42+00:00","dateModified":"2024-05-28T13:36:36+00:00","description":"LOZIONE SAN MIGUEL ML 150 San Michele Arcangelo \u00e8 il principe delle milizie celesti, il grande guerriero di Dio che combatte contro le forze del male e tutti i nostri nemici","breadcrumb":{"@id":"https:\/\/ilcrogiuolo.it\/it\/p\/lozione-san-miguel-ml-150\/#breadcrumb"},"inLanguage":"it-IT","potentialAction":[{"@type":"ReadAction","target":["https:\/\/ilcrogiuolo.it\/it\/p\/lozione-san-miguel-ml-150\/"]}]},{"@type":"ImageObject","inLanguage":"it-IT","@id":"https:\/\/ilcrogiuolo.it\/it\/p\/lozione-san-miguel-ml-150\/#primaryimage","url":"https:\/\/ilcrogiuolo.it\/wp-content\/uploads\/2020\/01\/LOTION-SAN-MIGUEL-OK.jpg","contentUrl":"https:\/\/ilcrogiuolo.it\/wp-content\/uploads\/2020\/01\/LOTION-SAN-MIGUEL-OK.jpg","width":627,"height":600},{"@type":"BreadcrumbList","@id":"https:\/\/ilcrogiuolo.it\/it\/p\/lozione-san-miguel-ml-150\/#breadcrumb","itemListElement":[{"@type":"ListItem","position":1,"name":"Home","item":"https:\/\/ilcrogiuolo.it\/it\/"},{"@type":"ListItem","position":2,"name":"Shop","item":"https:\/\/ilcrogiuolo.it\/it\/negozio\/"},{"@type":"ListItem","position":3,"name":"LOZIONE SAN MIGUEL ML 150"}]},{"@type":"WebSite","@id":"https:\/\/ilcrogiuolo.it\/it\/#website","url":"https:\/\/ilcrogiuolo.it\/it\/","name":"Il Crogiuolo","description":"","publisher":{"@id":"https:\/\/ilcrogiuolo.it\/it\/#organization"},"potentialAction":[{"@type":"SearchAction","target":{"@type":"EntryPoint","urlTemplate":"https:\/\/ilcrogiuolo.it\/it\/?s={search_term_string}"},"query-input":{"@type":"PropertyValueSpecification","valueRequired":true,"valueName":"search_term_string"}}],"inLanguage":"it-IT"},{"@type":"Organization","@id":"https:\/\/ilcrogiuolo.it\/it\/#organization","name":"Il Crogiuolo","url":"https:\/\/ilcrogiuolo.it\/it\/","logo":{"@type":"ImageObject","inLanguage":"it-IT","@id":"https:\/\/ilcrogiuolo.it\/it\/#\/schema\/logo\/image\/","url":"https:\/\/ilcrogiuolo.it\/wp-content\/uploads\/2020\/04\/logo.png","contentUrl":"https:\/\/ilcrogiuolo.it\/wp-content\/uploads\/2020\/04\/logo.png","width":200,"height":49,"caption":"Il Crogiuolo"},"image":{"@id":"https:\/\/ilcrogiuolo.it\/it\/#\/schema\/logo\/image\/"},"sameAs":["https:\/\/www.facebook.com\/Il-Crogiuolo-681876418491758"]}]}},"_links":{"self":[{"href":"https:\/\/ilcrogiuolo.it\/it\/wp-json\/wp\/v2\/product\/1141","targetHints":{"allow":["GET"]}}],"collection":[{"href":"https:\/\/ilcrogiuolo.it\/it\/wp-json\/wp\/v2\/product"}],"about":[{"href":"https:\/\/ilcrogiuolo.it\/it\/wp-json\/wp\/v2\/types\/product"}],"wp:featuredmedia":[{"embeddable":true,"href":"https:\/\/ilcrogiuolo.it\/it\/wp-json\/wp\/v2\/media\/32015"}],"wp:attachment":[{"href":"https:\/\/ilcrogiuolo.it\/it\/wp-json\/wp\/v2\/media?parent=1141"}],"wp:term":[{"taxonomy":"product_brand","embeddable":true,"href":"https:\/\/ilcrogiuolo.it\/it\/wp-json\/wp\/v2\/product_brand?post=1141"},{"taxonomy":"product_cat","embeddable":true,"href":"https:\/\/ilcrogiuolo.it\/it\/wp-json\/wp\/v2\/product_cat?post=1141"},{"taxonomy":"product_tag","embeddable":true,"href":"https:\/\/ilcrogiuolo.it\/it\/wp-json\/wp\/v2\/product_tag?post=1141"}],"curies":[{"name":"wp","href":"https:\/\/api.w.org\/{rel}","templated":true}]}}