{"id":1040,"date":"2020-01-14T17:02:37","date_gmt":"2020-01-14T16:02:37","guid":{"rendered":"https:\/\/ilcrogiuolo.it\/p\/agua-pomba-gira\/"},"modified":"2024-06-25T13:11:56","modified_gmt":"2024-06-25T11:11:56","slug":"agua-pomba-gira","status":"publish","type":"product","link":"https:\/\/ilcrogiuolo.it\/it\/p\/agua-pomba-gira\/","title":{"rendered":"AGUA POMBA GIRA"},"content":{"rendered":"<p>La sessualit\u00e0 e la bellezza della POMBA GIRA agir\u00e0 da grande richiamo per l\u2019uomo. Secondo la tradizione questo fluido potenzia la sessualit\u00e0 femminile, combattendo la frigidit\u00e0. Si dice che pu\u00f2 essere usato anche per regolare disfunzioni o piccole malattie ginecologiche e veneree. Naturalmente queston non esclude i controlli medici. Agisce da grande atrativo sessuale se usato quotidianamente a mo&#8217; di profumo. Pu\u00f2 essere usato anche tra omosessuali. CONFEZIONE DA 100 ML<\/p>\n","protected":false},"excerpt":{"rendered":"<p>La sessualit\u00e0 e la bellezza della POMBA GIRA agir\u00e0 da grande richiamo per l\u2019uomo. Secondo la tradizione questo fluido potenzia&#8230;<\/p>\n","protected":false},"featured_media":19171,"template":"","meta":{"_acf_changed":false},"product_brand":[],"product_cat":[1090,1059,1285],"product_tag":[],"class_list":{"0":"post-1040","1":"product","2":"type-product","3":"status-publish","4":"has-post-thumbnail","6":"product_cat-bagni-esoterici-e-liquidi-lustrali-saponette","7":"product_cat-articoli-esoterici","8":"product_cat-fluidi-aromatici","10":"first","11":"instock","12":"taxable","13":"shipping-taxable","14":"purchasable","15":"product-type-simple","16":"add-to-wishlist-before_image"},"acf":[],"yoast_head":"<!-- This site is optimized with the Yoast SEO plugin v26.9 - https:\/\/yoast.com\/product\/yoast-seo-wordpress\/ -->\n<title>AGUA POMBA GIRA - Il Crogiuolo<\/title>\n<meta name=\"description\" content=\"AGUA POMBA GIRA La sessualit\u00e0 e la bellezza della POMBA GIRA agir\u00e0 da grande richiamo per l\u2019uomo. Secondo la tradizione questo fluido potenzia la sessualit\u00e0 femminile,\" \/>\n<meta name=\"robots\" content=\"index, follow, max-snippet:-1, max-image-preview:large, max-video-preview:-1\" \/>\n<link rel=\"canonical\" href=\"https:\/\/ilcrogiuolo.it\/it\/p\/agua-pomba-gira\/\" \/>\n<meta property=\"og:locale\" content=\"it_IT\" \/>\n<meta property=\"og:type\" content=\"article\" \/>\n<meta property=\"og:title\" content=\"AGUA POMBA GIRA - Il Crogiuolo\" \/>\n<meta property=\"og:description\" content=\"AGUA POMBA GIRA La sessualit\u00e0 e la bellezza della POMBA GIRA agir\u00e0 da grande richiamo per l\u2019uomo. Secondo la tradizione questo fluido potenzia la sessualit\u00e0 femminile,\" \/>\n<meta property=\"og:url\" content=\"https:\/\/ilcrogiuolo.it\/it\/p\/agua-pomba-gira\/\" \/>\n<meta property=\"og:site_name\" content=\"Il Crogiuolo\" \/>\n<meta property=\"article:publisher\" content=\"https:\/\/www.facebook.com\/Il-Crogiuolo-681876418491758\" \/>\n<meta property=\"article:modified_time\" content=\"2024-06-25T11:11:56+00:00\" \/>\n<meta property=\"og:image\" content=\"https:\/\/ilcrogiuolo.it\/wp-content\/uploads\/2020\/01\/aguapombagira_9781024-1.jpg\" \/>\n\t<meta property=\"og:image:width\" content=\"627\" \/>\n\t<meta property=\"og:image:height\" content=\"600\" \/>\n\t<meta property=\"og:image:type\" content=\"image\/jpeg\" \/>\n<meta name=\"twitter:card\" content=\"summary_large_image\" \/>\n<meta name=\"twitter:label1\" content=\"Tempo di lettura stimato\" \/>\n\t<meta name=\"twitter:data1\" content=\"1 minuto\" \/>\n<script type=\"application\/ld+json\" class=\"yoast-schema-graph\">{\"@context\":\"https:\/\/schema.org\",\"@graph\":[{\"@type\":\"WebPage\",\"@id\":\"https:\/\/ilcrogiuolo.it\/it\/p\/agua-pomba-gira\/\",\"url\":\"https:\/\/ilcrogiuolo.it\/it\/p\/agua-pomba-gira\/\",\"name\":\"AGUA POMBA GIRA - Il Crogiuolo\",\"isPartOf\":{\"@id\":\"https:\/\/ilcrogiuolo.it\/it\/#website\"},\"primaryImageOfPage\":{\"@id\":\"https:\/\/ilcrogiuolo.it\/it\/p\/agua-pomba-gira\/#primaryimage\"},\"image\":{\"@id\":\"https:\/\/ilcrogiuolo.it\/it\/p\/agua-pomba-gira\/#primaryimage\"},\"thumbnailUrl\":\"https:\/\/ilcrogiuolo.it\/wp-content\/uploads\/2020\/01\/aguapombagira_9781024-1.jpg\",\"datePublished\":\"2020-01-14T16:02:37+00:00\",\"dateModified\":\"2024-06-25T11:11:56+00:00\",\"description\":\"AGUA POMBA GIRA La sessualit\u00e0 e la bellezza della POMBA GIRA agir\u00e0 da grande richiamo per l\u2019uomo. Secondo la tradizione questo fluido potenzia la sessualit\u00e0 femminile,\",\"breadcrumb\":{\"@id\":\"https:\/\/ilcrogiuolo.it\/it\/p\/agua-pomba-gira\/#breadcrumb\"},\"inLanguage\":\"it-IT\",\"potentialAction\":[{\"@type\":\"ReadAction\",\"target\":[\"https:\/\/ilcrogiuolo.it\/it\/p\/agua-pomba-gira\/\"]}]},{\"@type\":\"ImageObject\",\"inLanguage\":\"it-IT\",\"@id\":\"https:\/\/ilcrogiuolo.it\/it\/p\/agua-pomba-gira\/#primaryimage\",\"url\":\"https:\/\/ilcrogiuolo.it\/wp-content\/uploads\/2020\/01\/aguapombagira_9781024-1.jpg\",\"contentUrl\":\"https:\/\/ilcrogiuolo.it\/wp-content\/uploads\/2020\/01\/aguapombagira_9781024-1.jpg\",\"width\":627,\"height\":600},{\"@type\":\"BreadcrumbList\",\"@id\":\"https:\/\/ilcrogiuolo.it\/it\/p\/agua-pomba-gira\/#breadcrumb\",\"itemListElement\":[{\"@type\":\"ListItem\",\"position\":1,\"name\":\"Home\",\"item\":\"https:\/\/ilcrogiuolo.it\/it\/\"},{\"@type\":\"ListItem\",\"position\":2,\"name\":\"Shop\",\"item\":\"https:\/\/ilcrogiuolo.it\/it\/negozio\/\"},{\"@type\":\"ListItem\",\"position\":3,\"name\":\"AGUA POMBA GIRA\"}]},{\"@type\":\"WebSite\",\"@id\":\"https:\/\/ilcrogiuolo.it\/it\/#website\",\"url\":\"https:\/\/ilcrogiuolo.it\/it\/\",\"name\":\"Il Crogiuolo\",\"description\":\"\",\"publisher\":{\"@id\":\"https:\/\/ilcrogiuolo.it\/it\/#organization\"},\"potentialAction\":[{\"@type\":\"SearchAction\",\"target\":{\"@type\":\"EntryPoint\",\"urlTemplate\":\"https:\/\/ilcrogiuolo.it\/it\/?s={search_term_string}\"},\"query-input\":{\"@type\":\"PropertyValueSpecification\",\"valueRequired\":true,\"valueName\":\"search_term_string\"}}],\"inLanguage\":\"it-IT\"},{\"@type\":\"Organization\",\"@id\":\"https:\/\/ilcrogiuolo.it\/it\/#organization\",\"name\":\"Il Crogiuolo\",\"url\":\"https:\/\/ilcrogiuolo.it\/it\/\",\"logo\":{\"@type\":\"ImageObject\",\"inLanguage\":\"it-IT\",\"@id\":\"https:\/\/ilcrogiuolo.it\/it\/#\/schema\/logo\/image\/\",\"url\":\"https:\/\/ilcrogiuolo.it\/wp-content\/uploads\/2020\/04\/logo.png\",\"contentUrl\":\"https:\/\/ilcrogiuolo.it\/wp-content\/uploads\/2020\/04\/logo.png\",\"width\":200,\"height\":49,\"caption\":\"Il Crogiuolo\"},\"image\":{\"@id\":\"https:\/\/ilcrogiuolo.it\/it\/#\/schema\/logo\/image\/\"},\"sameAs\":[\"https:\/\/www.facebook.com\/Il-Crogiuolo-681876418491758\"]}]}<\/script>\n<!-- \/ Yoast SEO plugin. -->","yoast_head_json":{"title":"AGUA POMBA GIRA - Il Crogiuolo","description":"AGUA POMBA GIRA La sessualit\u00e0 e la bellezza della POMBA GIRA agir\u00e0 da grande richiamo per l\u2019uomo. Secondo la tradizione questo fluido potenzia la sessualit\u00e0 femminile,","robots":{"index":"index","follow":"follow","max-snippet":"max-snippet:-1","max-image-preview":"max-image-preview:large","max-video-preview":"max-video-preview:-1"},"canonical":"https:\/\/ilcrogiuolo.it\/it\/p\/agua-pomba-gira\/","og_locale":"it_IT","og_type":"article","og_title":"AGUA POMBA GIRA - Il Crogiuolo","og_description":"AGUA POMBA GIRA La sessualit\u00e0 e la bellezza della POMBA GIRA agir\u00e0 da grande richiamo per l\u2019uomo. Secondo la tradizione questo fluido potenzia la sessualit\u00e0 femminile,","og_url":"https:\/\/ilcrogiuolo.it\/it\/p\/agua-pomba-gira\/","og_site_name":"Il Crogiuolo","article_publisher":"https:\/\/www.facebook.com\/Il-Crogiuolo-681876418491758","article_modified_time":"2024-06-25T11:11:56+00:00","og_image":[{"width":627,"height":600,"url":"https:\/\/ilcrogiuolo.it\/wp-content\/uploads\/2020\/01\/aguapombagira_9781024-1.jpg","type":"image\/jpeg"}],"twitter_card":"summary_large_image","twitter_misc":{"Tempo di lettura stimato":"1 minuto"},"schema":{"@context":"https:\/\/schema.org","@graph":[{"@type":"WebPage","@id":"https:\/\/ilcrogiuolo.it\/it\/p\/agua-pomba-gira\/","url":"https:\/\/ilcrogiuolo.it\/it\/p\/agua-pomba-gira\/","name":"AGUA POMBA GIRA - Il Crogiuolo","isPartOf":{"@id":"https:\/\/ilcrogiuolo.it\/it\/#website"},"primaryImageOfPage":{"@id":"https:\/\/ilcrogiuolo.it\/it\/p\/agua-pomba-gira\/#primaryimage"},"image":{"@id":"https:\/\/ilcrogiuolo.it\/it\/p\/agua-pomba-gira\/#primaryimage"},"thumbnailUrl":"https:\/\/ilcrogiuolo.it\/wp-content\/uploads\/2020\/01\/aguapombagira_9781024-1.jpg","datePublished":"2020-01-14T16:02:37+00:00","dateModified":"2024-06-25T11:11:56+00:00","description":"AGUA POMBA GIRA La sessualit\u00e0 e la bellezza della POMBA GIRA agir\u00e0 da grande richiamo per l\u2019uomo. Secondo la tradizione questo fluido potenzia la sessualit\u00e0 femminile,","breadcrumb":{"@id":"https:\/\/ilcrogiuolo.it\/it\/p\/agua-pomba-gira\/#breadcrumb"},"inLanguage":"it-IT","potentialAction":[{"@type":"ReadAction","target":["https:\/\/ilcrogiuolo.it\/it\/p\/agua-pomba-gira\/"]}]},{"@type":"ImageObject","inLanguage":"it-IT","@id":"https:\/\/ilcrogiuolo.it\/it\/p\/agua-pomba-gira\/#primaryimage","url":"https:\/\/ilcrogiuolo.it\/wp-content\/uploads\/2020\/01\/aguapombagira_9781024-1.jpg","contentUrl":"https:\/\/ilcrogiuolo.it\/wp-content\/uploads\/2020\/01\/aguapombagira_9781024-1.jpg","width":627,"height":600},{"@type":"BreadcrumbList","@id":"https:\/\/ilcrogiuolo.it\/it\/p\/agua-pomba-gira\/#breadcrumb","itemListElement":[{"@type":"ListItem","position":1,"name":"Home","item":"https:\/\/ilcrogiuolo.it\/it\/"},{"@type":"ListItem","position":2,"name":"Shop","item":"https:\/\/ilcrogiuolo.it\/it\/negozio\/"},{"@type":"ListItem","position":3,"name":"AGUA POMBA GIRA"}]},{"@type":"WebSite","@id":"https:\/\/ilcrogiuolo.it\/it\/#website","url":"https:\/\/ilcrogiuolo.it\/it\/","name":"Il Crogiuolo","description":"","publisher":{"@id":"https:\/\/ilcrogiuolo.it\/it\/#organization"},"potentialAction":[{"@type":"SearchAction","target":{"@type":"EntryPoint","urlTemplate":"https:\/\/ilcrogiuolo.it\/it\/?s={search_term_string}"},"query-input":{"@type":"PropertyValueSpecification","valueRequired":true,"valueName":"search_term_string"}}],"inLanguage":"it-IT"},{"@type":"Organization","@id":"https:\/\/ilcrogiuolo.it\/it\/#organization","name":"Il Crogiuolo","url":"https:\/\/ilcrogiuolo.it\/it\/","logo":{"@type":"ImageObject","inLanguage":"it-IT","@id":"https:\/\/ilcrogiuolo.it\/it\/#\/schema\/logo\/image\/","url":"https:\/\/ilcrogiuolo.it\/wp-content\/uploads\/2020\/04\/logo.png","contentUrl":"https:\/\/ilcrogiuolo.it\/wp-content\/uploads\/2020\/04\/logo.png","width":200,"height":49,"caption":"Il Crogiuolo"},"image":{"@id":"https:\/\/ilcrogiuolo.it\/it\/#\/schema\/logo\/image\/"},"sameAs":["https:\/\/www.facebook.com\/Il-Crogiuolo-681876418491758"]}]}},"_links":{"self":[{"href":"https:\/\/ilcrogiuolo.it\/it\/wp-json\/wp\/v2\/product\/1040","targetHints":{"allow":["GET"]}}],"collection":[{"href":"https:\/\/ilcrogiuolo.it\/it\/wp-json\/wp\/v2\/product"}],"about":[{"href":"https:\/\/ilcrogiuolo.it\/it\/wp-json\/wp\/v2\/types\/product"}],"wp:featuredmedia":[{"embeddable":true,"href":"https:\/\/ilcrogiuolo.it\/it\/wp-json\/wp\/v2\/media\/19171"}],"wp:attachment":[{"href":"https:\/\/ilcrogiuolo.it\/it\/wp-json\/wp\/v2\/media?parent=1040"}],"wp:term":[{"taxonomy":"product_brand","embeddable":true,"href":"https:\/\/ilcrogiuolo.it\/it\/wp-json\/wp\/v2\/product_brand?post=1040"},{"taxonomy":"product_cat","embeddable":true,"href":"https:\/\/ilcrogiuolo.it\/it\/wp-json\/wp\/v2\/product_cat?post=1040"},{"taxonomy":"product_tag","embeddable":true,"href":"https:\/\/ilcrogiuolo.it\/it\/wp-json\/wp\/v2\/product_tag?post=1040"}],"curies":[{"name":"wp","href":"https:\/\/api.w.org\/{rel}","templated":true}]}}