{"id":224,"date":"2019-12-18T10:32:18","date_gmt":"2019-12-18T09:32:18","guid":{"rendered":"https:\/\/ilcrogiuolo.it\/?page_id=224"},"modified":"2023-10-20T09:35:59","modified_gmt":"2023-10-20T07:35:59","slug":"chi-siamo","status":"publish","type":"page","link":"https:\/\/ilcrogiuolo.it\/it\/chi-siamo\/","title":{"rendered":"Chi siamo"},"content":{"rendered":"<div class=\"box-breadcrumb box-breadcrumb-1 even \"  data-index=\"1\">\n<div class=\"container container-xl\">\n<div class=\"box-breadcrumb-inner\">\n             <span class=\"box-breadcrumb-link bc-home bc-lev-0\"><br \/>\n                <a href=\"https:\/\/ilcrogiuolo.it\/it\/\"><br \/>\n                    Home                <\/a><br \/>\n\t\t\t\t<span class=\"sep\">|<\/span><br \/>\n            <\/span><br \/>\n                    <span class=\"box-breadcrumb-link chi-siamo bc-current bc-nourl bc-lev-0\"><br \/>\n                Chi siamo            <\/span>\n        \t<\/div>\n<\/p><\/div>\n<\/div>\n<div class=\"box-txt-des-lin-cx box-txt-des-lin-cx-2 odd chi-siamo-template-pt-1\"  data-index=\"2\">\n<div class=\"container container-xl\">\n<div class=\"row\">\n<div class=\"col-xl-10 offset-xl-1\">\n<h2 class='box-txt-des-lin-cx-title'>\n\t\t\t    IL CROGIUOLO\u00ae sas di Diana Grassadonia \t\t\t<\/h2>\n<\/p><\/div>\n<\/p><\/div>\n<div class=\"row\">\n<div class=\"col-xl-10 offset-xl-1\">\n<h3 class='box-txt-des-lin-cx-desc'>\n<p>Il Crogiuolo\u00ae nasce nel 1990 da un\u2019idea di Ombretta Boselli, scrittrice e studiosa di religioni: quella di portare e diffondere in Italia le tradizioni Afrobrasiliane.<\/p>\n<p>Da allora Il Crogiuolo\u00ae porta nelle vostre case la magia ed il mistero di terre lontane ed il fascino di antiche tradizioni che si perdono nella notte dei tempi. In tutti questi anni abbiamo mantenuto lo stesso spirito di ricerca, la voglia di crescere, di migliorarci in un&#8217;ottica che trascende il semplice discorso commerciale.<\/p>\n<p>Il nostro Catalogo si arricchisce ogni giorno di nuovi articoli per accogliere i nuovi trend e per offrire alla nostra clientela una scelta sempre pi\u00f9 vasta, rendendoci un vero punto di riferimento per gli amanti dell&#8217;Esoterismo e di tutto ci\u00f2 che \u00e8 Mistero e Magia.<\/p>\n<p>All\u2019interno di questo portale troverete articoli e testi da scaricare completamente gratuiti, nonch\u00e9 formule tradizionali e curiosit\u00e0 a cui potrete accedere semplicemente registrandovi. Avrete cos\u00ec accesso, ogni volta, ad informazioni inedite, testi e orazioni tradotti per la prima volta in italiano.<\/p>\n<p>Il nostro Catalogo Online rispecchia la nostra ottica di impresa, e viene aggiornato settimanalmente con nuovi articoli e descrizioni ancora pi\u00f9 accurate. La fiducia accordataci negli anni ci ha permesso altres\u00ec di ampliare il nostro mercato, offrendoVi prezzi ancora pi\u00f9 vantaggiosi ed una gamma di prodotti originali unica nel suo genere che abbraccia l\u2019erboristica magica, l\u2019aromoterapia, e tutte le tradizioni magiche emergenti in ragione di un benessere olistico che nasce all\u2019alba del terzo millenio.<\/p>\n<\/h3><\/div>\n<\/p><\/div>\n<\/p><\/div>\n<\/div>\n<div class=\"box-img-dx-txt-des-2lin-sx box-img-dx-txt-des-2lin-sx-3 even \"  data-index=\"3\">\n<div class=\"container container-xl\">\n<div class=\"row\">\n<div class=\"col-md-4 order-2 box-img-dx-txt-des-2lin-sx-img-wrap\">\n<div class=\"inner-table\">\n<div class=\"inner-table-cell\">\n<div class='box-img-dx-txt-des-2lin-sx-img'>\n\t\t\t\t\t\t   <img src='https:\/\/ilcrogiuolo.it\/wp-content\/uploads\/2020\/07\/IMG_0005.jpg'  alt='' class='img-fluid' >\n\t\t\t\t\t\t<\/div>\n<\/p><\/div>\n<\/p><\/div>\n<\/p><\/div>\n<div class=\"col-md-8 order-1\">\n<div class=\"inner-table\">\n<div class=\"inner-table-cell\">\n<h2 class='box-img-dx-txt-des-2lin-sx-title'>\n\t\t\t\t\t\t   I nostri prodotti \t\t\t\t\t\t<\/h2>\n<div class='box-img-dx-txt-des-2lin-sx-img-mobile'>\n\t\t\t\t\t\t\t\t   <img src='https:\/\/ilcrogiuolo.it\/wp-content\/uploads\/2020\/07\/IMG_0005.jpg'  alt='' class='img-fluid' >\n\t\t\t\t\t\t\t\t<\/div>\n<div class='box-img-dx-txt-des-2lin-sx-desc'>\n<p>IL CROGIUOLO\u00ae offre una vastissima scelta di articoli esoterici e religiosi provenienti da diversi paesi del Mondo. Importiamo direttamente dal Brasile, Per\u00f9, Colombia.<br \/>\nIl pi\u00f9 grande sito web dedicato all\u2019esoterismo ed all\u2019occultismo in Italia. Nel nostro sito web troverai migliaia di articoli appartenenti a differenti culti e tradizioni esoteriche. Nel nostro negozio troverai prodotti esoterici voodoo come: sahumerios, aceites, extractos, velon, articoli esoterici legati alle tradizioni di Umbanda come: pembas, fluidi, defumadores, candele da 7 giorni, pratiche rituali, statue degli Orix\u00e0s, Exus, Pomba Giras, articoli planetari come: incensi planetari, candele planetarie e tantissimi altri prodotti &#8230;.<\/p>\n<p>Le novit\u00e0 non finiscono qui! Il nostro catalogo \u00e8 in continuo e costante aggiornamento, offrendovi una nuova sezione dedicata completamente alle discipline olistiche in cui potrete trovare: Essenze ed estratti naturali, prodotti per il massaggio yoga professionale, sigari moxa di artemisia, pietre e cristalli, sali e cristalli Himalayani, biotensor, smudges e molto altro ancora &#8230;.<\/p>\n<p>Il nostro centro oltre a fornire prodotti unici, testati, offre ai negozi e ai centri esoterici prezzi interessantissimi, che soddisfano le esigenze di ogni acquirente.<\/p>\n<\/p><\/div>\n<div class='box-img-dx-txt-des-2lin-sx-nav'>\n\t\t\t\t\t\t\t\t\t\t\t\t\t\t\t\t\t<\/div>\n<\/p><\/div>\n<\/p><\/div>\n<\/p><\/div>\n<\/p><\/div>\n<\/div>\n<\/div>\n<div class=\"box-img-sx-txt-des-2lin-dx box-img-sx-txt-des-2lin-dx-4 odd bg-lgrey\"  data-index=\"4\">\n<div class=\"container container-xl\">\n<div class=\"row\">\n<div class=\"col-md-4 order-2 order-md-1 box-img-sx-txt-des-2lin-dx-img-wrap\">\n<div class=\"inner-table\">\n<div class=\"inner-table-cell\">\n<div class='box-img-sx-txt-des-2lin-dx-img'>\n\t\t\t\t\t\t   <img src='https:\/\/ilcrogiuolo.it\/wp-content\/uploads\/2020\/07\/IMG_0006.jpg'  alt='' class='img-fluid' >\n\t\t\t\t\t\t<\/div>\n<\/p><\/div>\n<\/p><\/div>\n<\/p><\/div>\n<div class=\"col-md-8  order-1 order-md-2\">\n<div class=\"inner-table\">\n<div class=\"inner-table-cell\">\n<h2 class='box-img-sx-txt-des-2lin-dx-title'>\n\t\t\t\t\t\t   I nostri servizi \t\t\t\t\t\t<\/h2>\n<div class='box-img-sx-txt-des-2lin-dx-img-mobile'>\n\t\t\t\t\t\t\t\t   <img src='https:\/\/ilcrogiuolo.it\/wp-content\/uploads\/2020\/07\/IMG_0006.jpg'  alt='' class='img-fluid' >\n\t\t\t\t\t\t\t\t<\/div>\n<div class='box-img-sx-txt-des-2lin-dx-desc'>\n<p>Il Crogiuolo\u00ae mette a disposizione dei suoi clienti cataloghi personalizzati e di grande effetto per la presentazione dei prodotti; un corso in videocassetta e dvd, dispense e monografie per spiegare la religione Afro Brasiliana sia ai neofiti che agli esperti.<br \/>\nVa ricordato che tutti i prodotti de IL CROGIUOLO\u00ae sono corredati di ricche ed esaurienti spiegazioni.<br \/>\nIl personale de IL CROGIUOLO\u00ae \u00e8, inoltre, sempre a completa disposizione del cliente per chiarimenti e spiegazioni.<br \/>\nQuesti servizi offerti a voi e che voi potete offrire ai vostri clienti sono sinonimo di alta professionalit\u00e0, e di rispetto per una tradizione esoterica ancora tutta da scoprire.<\/p>\n<\/p><\/div>\n<div class=\"box-img-sx-txt-des-2lin-dx-nav\"><\/div>\n<\/p><\/div>\n<\/p><\/div>\n<\/p><\/div>\n<\/p><\/div>\n<\/p><\/div>\n<\/div>\n<\/div>\n<div class=\"box-img-dx-txt-des-2lin-sx box-img-dx-txt-des-2lin-sx-5 even \"  data-index=\"5\">\n<div class=\"container container-xl\">\n<div class=\"row\">\n<div class=\"col-md-4 order-2 box-img-dx-txt-des-2lin-sx-img-wrap\">\n<div class=\"inner-table\">\n<div class=\"inner-table-cell\">\n<div class='box-img-dx-txt-des-2lin-sx-img'>\n\t\t\t\t\t\t   <img src='https:\/\/ilcrogiuolo.it\/wp-content\/uploads\/2023\/06\/I-crogiuolo-Attestato-origine-2022.png'  alt='I crogiuolo-Attestato-origine-2022' class='img-fluid' >\n\t\t\t\t\t\t<\/div>\n<\/p><\/div>\n<\/p><\/div>\n<\/p><\/div>\n<div class=\"col-md-8 order-1\">\n<div class=\"inner-table\">\n<div class=\"inner-table-cell\">\n<h2 class='box-img-dx-txt-des-2lin-sx-title'>\n\t\t\t\t\t\t   100% Green A2A\t\t\t\t\t\t<\/h2>\n<div class='box-img-dx-txt-des-2lin-sx-img-mobile'>\n\t\t\t\t\t\t\t\t   <img src='https:\/\/ilcrogiuolo.it\/wp-content\/uploads\/2023\/06\/I-crogiuolo-Attestato-origine-2022.png'  alt='I crogiuolo-Attestato-origine-2022' class='img-fluid' >\n\t\t\t\t\t\t\t\t<\/div>\n<div class='box-img-dx-txt-des-2lin-sx-desc'>\n<p>A2A Energia certifica l&#8217;impegno de Il Crogiuolo\u00ae nel contribuire concretamente alla tutela dell\u2019ambiente e allo sviluppo delle fonti rinnovabili grazie all\u2019acquisto di un numero di certificati a copertura dell\u2019energia prelevata nell\u2019anno 2022.<\/p>\n<\/p><\/div>\n<div class='box-img-dx-txt-des-2lin-sx-nav'>\n<p>\t\t\t\t\t\t\t   <a href=\"https:\/\/ilcrogiuolo.it\/wp-content\/uploads\/2023\/06\/Il-Crogiuolo-Attestato-origine-2022.pdf\" target=\"_blank\" class=\"my-btn\" rel=\"noopener\"><br \/>\n\t\t\t\t\t\t\t\t   Visualizza l&#8217;Attestazione di Origine\t\t\t\t\t\t\t   <\/a><\/p><\/div>\n<\/p><\/div>\n<\/p><\/div>\n<\/p><\/div>\n<\/p><\/div>\n<\/div>\n<\/div>\n<div class=\"box-img-sx-txt-des-2lin-dx box-img-sx-txt-des-2lin-dx-6 odd bg-lgrey\"  data-index=\"6\">\n<div class=\"container container-xl\">\n<div class=\"row\">\n<div class=\"col-md-4 order-2 order-md-1 box-img-sx-txt-des-2lin-dx-img-wrap\">\n<div class=\"inner-table\">\n<div class=\"inner-table-cell\">\n<div class='box-img-sx-txt-des-2lin-dx-img'>\n\t\t\t\t\t\t   <img src='https:\/\/ilcrogiuolo.it\/wp-content\/uploads\/2023\/07\/ClimatePartner.jpg'  alt='Il Crogiuolo: ClimatePartner' class='img-fluid' >\n\t\t\t\t\t\t<\/div>\n<\/p><\/div>\n<\/p><\/div>\n<\/p><\/div>\n<div class=\"col-md-8  order-1 order-md-2\">\n<div class=\"inner-table\">\n<div class=\"inner-table-cell\">\n<h2 class='box-img-sx-txt-des-2lin-dx-title'>\n\t\t\t\t\t\t   ClimatePartner\t\t\t\t\t\t<\/h2>\n<div class='box-img-sx-txt-des-2lin-dx-img-mobile'>\n\t\t\t\t\t\t\t\t   <img src='https:\/\/ilcrogiuolo.it\/wp-content\/uploads\/2023\/07\/ClimatePartner.jpg'  alt='Il Crogiuolo: ClimatePartner' class='img-fluid' >\n\t\t\t\t\t\t\t\t<\/div>\n<div class='box-img-sx-txt-des-2lin-dx-desc'>\n<p>Il Crogiuolo\u00ae, partner per la protezione del clima.<\/p>\n<p>Il presente certificato conferma la compensazione delle emissioni di gas serra mediante progetti supplementari di protezione del clima.<\/p>\n<\/p><\/div>\n<div class=\"box-img-sx-txt-des-2lin-dx-nav\">\n<p>\t\t\t\t\t\t\t   <a href=\"https:\/\/ilcrogiuolo.it\/wp-content\/uploads\/2023\/07\/19353-2306-92933_Collective_Certificato_it-GLS.pdf\" target=\"_blank\" class=\"my-btn\" rel=\"noopener\"><br \/>\n\t\t\t\t\t\t\t\t   Visualizza il certificato\t\t\t\t\t\t\t   <\/a><\/p><\/div>\n<\/p><\/div>\n<\/p><\/div>\n<\/p><\/div>\n<\/p><\/div>\n<\/p><\/div>\n<\/div>\n<\/div>\n","protected":false},"excerpt":{"rendered":"<p>Home | Chi siamo IL CROGIUOLO\u00ae sas di Diana Grassadonia Il Crogiuolo\u00ae nasce nel 1990 da un\u2019idea di Ombretta Boselli,&#8230;<\/p>\n","protected":false},"author":1,"featured_media":0,"parent":0,"menu_order":0,"comment_status":"closed","ping_status":"closed","template":"flow.php","meta":{"_acf_changed":false,"footnotes":""},"class_list":["post-224","page","type-page","status-publish","hentry"],"acf":[],"yoast_head":"<!-- This site is optimized with the Yoast SEO plugin v26.9 - https:\/\/yoast.com\/product\/yoast-seo-wordpress\/ -->\n<title>Chi siamo - Il Crogiuolo<\/title>\n<meta name=\"description\" content=\"Chi siamo Home | Chi siamo IL CROGIUOLO\u00ae sas di Diana Grassadonia Il Crogiuolo\u00ae nasce nel 1990 da un\u2019idea di Ombretta Boselli, scrittrice e studiosa di religioni:\" \/>\n<meta name=\"robots\" content=\"index, follow, max-snippet:-1, max-image-preview:large, max-video-preview:-1\" \/>\n<link rel=\"canonical\" href=\"https:\/\/ilcrogiuolo.it\/it\/chi-siamo\/\" \/>\n<meta property=\"og:locale\" content=\"it_IT\" \/>\n<meta property=\"og:type\" content=\"article\" \/>\n<meta property=\"og:title\" content=\"Chi siamo - Il Crogiuolo\" \/>\n<meta property=\"og:description\" content=\"Chi siamo Home | Chi siamo IL CROGIUOLO\u00ae sas di Diana Grassadonia Il Crogiuolo\u00ae nasce nel 1990 da un\u2019idea di Ombretta Boselli, scrittrice e studiosa di religioni:\" \/>\n<meta property=\"og:url\" content=\"https:\/\/ilcrogiuolo.it\/it\/chi-siamo\/\" \/>\n<meta property=\"og:site_name\" content=\"Il Crogiuolo\" \/>\n<meta property=\"article:publisher\" content=\"https:\/\/www.facebook.com\/Il-Crogiuolo-681876418491758\" \/>\n<meta property=\"article:modified_time\" content=\"2023-10-20T07:35:59+00:00\" \/>\n<meta property=\"og:image\" content=\"https:\/\/ilcrogiuolo.it\/wp-content\/uploads\/2020\/07\/IMG_0005.jpg\" \/>\n<meta name=\"twitter:card\" content=\"summary_large_image\" \/>\n<meta name=\"twitter:label1\" content=\"Tempo di lettura stimato\" \/>\n\t<meta name=\"twitter:data1\" content=\"5 minuti\" \/>\n<script type=\"application\/ld+json\" class=\"yoast-schema-graph\">{\"@context\":\"https:\/\/schema.org\",\"@graph\":[{\"@type\":\"WebPage\",\"@id\":\"https:\/\/ilcrogiuolo.it\/it\/chi-siamo\/\",\"url\":\"https:\/\/ilcrogiuolo.it\/it\/chi-siamo\/\",\"name\":\"Chi siamo - Il Crogiuolo\",\"isPartOf\":{\"@id\":\"https:\/\/ilcrogiuolo.it\/it\/#website\"},\"primaryImageOfPage\":{\"@id\":\"https:\/\/ilcrogiuolo.it\/it\/chi-siamo\/#primaryimage\"},\"image\":{\"@id\":\"https:\/\/ilcrogiuolo.it\/it\/chi-siamo\/#primaryimage\"},\"thumbnailUrl\":\"https:\/\/ilcrogiuolo.it\/wp-content\/uploads\/2020\/07\/IMG_0005.jpg\",\"datePublished\":\"2019-12-18T09:32:18+00:00\",\"dateModified\":\"2023-10-20T07:35:59+00:00\",\"description\":\"Chi siamo Home | Chi siamo IL CROGIUOLO\u00ae sas di Diana Grassadonia Il Crogiuolo\u00ae nasce nel 1990 da un\u2019idea di Ombretta Boselli, scrittrice e studiosa di religioni:\",\"breadcrumb\":{\"@id\":\"https:\/\/ilcrogiuolo.it\/it\/chi-siamo\/#breadcrumb\"},\"inLanguage\":\"it-IT\",\"potentialAction\":[{\"@type\":\"ReadAction\",\"target\":[\"https:\/\/ilcrogiuolo.it\/it\/chi-siamo\/\"]}]},{\"@type\":\"ImageObject\",\"inLanguage\":\"it-IT\",\"@id\":\"https:\/\/ilcrogiuolo.it\/it\/chi-siamo\/#primaryimage\",\"url\":\"https:\/\/ilcrogiuolo.it\/wp-content\/uploads\/2020\/07\/IMG_0005.jpg\",\"contentUrl\":\"https:\/\/ilcrogiuolo.it\/wp-content\/uploads\/2020\/07\/IMG_0005.jpg\"},{\"@type\":\"BreadcrumbList\",\"@id\":\"https:\/\/ilcrogiuolo.it\/it\/chi-siamo\/#breadcrumb\",\"itemListElement\":[{\"@type\":\"ListItem\",\"position\":1,\"name\":\"Home\",\"item\":\"https:\/\/ilcrogiuolo.it\/it\/\"},{\"@type\":\"ListItem\",\"position\":2,\"name\":\"Chi siamo\"}]},{\"@type\":\"WebSite\",\"@id\":\"https:\/\/ilcrogiuolo.it\/it\/#website\",\"url\":\"https:\/\/ilcrogiuolo.it\/it\/\",\"name\":\"Il Crogiuolo\",\"description\":\"\",\"publisher\":{\"@id\":\"https:\/\/ilcrogiuolo.it\/it\/#organization\"},\"potentialAction\":[{\"@type\":\"SearchAction\",\"target\":{\"@type\":\"EntryPoint\",\"urlTemplate\":\"https:\/\/ilcrogiuolo.it\/it\/?s={search_term_string}\"},\"query-input\":{\"@type\":\"PropertyValueSpecification\",\"valueRequired\":true,\"valueName\":\"search_term_string\"}}],\"inLanguage\":\"it-IT\"},{\"@type\":\"Organization\",\"@id\":\"https:\/\/ilcrogiuolo.it\/it\/#organization\",\"name\":\"Il Crogiuolo\",\"url\":\"https:\/\/ilcrogiuolo.it\/it\/\",\"logo\":{\"@type\":\"ImageObject\",\"inLanguage\":\"it-IT\",\"@id\":\"https:\/\/ilcrogiuolo.it\/it\/#\/schema\/logo\/image\/\",\"url\":\"https:\/\/ilcrogiuolo.it\/wp-content\/uploads\/2020\/04\/logo.png\",\"contentUrl\":\"https:\/\/ilcrogiuolo.it\/wp-content\/uploads\/2020\/04\/logo.png\",\"width\":200,\"height\":49,\"caption\":\"Il Crogiuolo\"},\"image\":{\"@id\":\"https:\/\/ilcrogiuolo.it\/it\/#\/schema\/logo\/image\/\"},\"sameAs\":[\"https:\/\/www.facebook.com\/Il-Crogiuolo-681876418491758\"]}]}<\/script>\n<!-- \/ Yoast SEO plugin. -->","yoast_head_json":{"title":"Chi siamo - Il Crogiuolo","description":"Chi siamo Home | Chi siamo IL CROGIUOLO\u00ae sas di Diana Grassadonia Il Crogiuolo\u00ae nasce nel 1990 da un\u2019idea di Ombretta Boselli, scrittrice e studiosa di religioni:","robots":{"index":"index","follow":"follow","max-snippet":"max-snippet:-1","max-image-preview":"max-image-preview:large","max-video-preview":"max-video-preview:-1"},"canonical":"https:\/\/ilcrogiuolo.it\/it\/chi-siamo\/","og_locale":"it_IT","og_type":"article","og_title":"Chi siamo - Il Crogiuolo","og_description":"Chi siamo Home | Chi siamo IL CROGIUOLO\u00ae sas di Diana Grassadonia Il Crogiuolo\u00ae nasce nel 1990 da un\u2019idea di Ombretta Boselli, scrittrice e studiosa di religioni:","og_url":"https:\/\/ilcrogiuolo.it\/it\/chi-siamo\/","og_site_name":"Il Crogiuolo","article_publisher":"https:\/\/www.facebook.com\/Il-Crogiuolo-681876418491758","article_modified_time":"2023-10-20T07:35:59+00:00","og_image":[{"url":"https:\/\/ilcrogiuolo.it\/wp-content\/uploads\/2020\/07\/IMG_0005.jpg","type":"","width":"","height":""}],"twitter_card":"summary_large_image","twitter_misc":{"Tempo di lettura stimato":"5 minuti"},"schema":{"@context":"https:\/\/schema.org","@graph":[{"@type":"WebPage","@id":"https:\/\/ilcrogiuolo.it\/it\/chi-siamo\/","url":"https:\/\/ilcrogiuolo.it\/it\/chi-siamo\/","name":"Chi siamo - Il Crogiuolo","isPartOf":{"@id":"https:\/\/ilcrogiuolo.it\/it\/#website"},"primaryImageOfPage":{"@id":"https:\/\/ilcrogiuolo.it\/it\/chi-siamo\/#primaryimage"},"image":{"@id":"https:\/\/ilcrogiuolo.it\/it\/chi-siamo\/#primaryimage"},"thumbnailUrl":"https:\/\/ilcrogiuolo.it\/wp-content\/uploads\/2020\/07\/IMG_0005.jpg","datePublished":"2019-12-18T09:32:18+00:00","dateModified":"2023-10-20T07:35:59+00:00","description":"Chi siamo Home | Chi siamo IL CROGIUOLO\u00ae sas di Diana Grassadonia Il Crogiuolo\u00ae nasce nel 1990 da un\u2019idea di Ombretta Boselli, scrittrice e studiosa di religioni:","breadcrumb":{"@id":"https:\/\/ilcrogiuolo.it\/it\/chi-siamo\/#breadcrumb"},"inLanguage":"it-IT","potentialAction":[{"@type":"ReadAction","target":["https:\/\/ilcrogiuolo.it\/it\/chi-siamo\/"]}]},{"@type":"ImageObject","inLanguage":"it-IT","@id":"https:\/\/ilcrogiuolo.it\/it\/chi-siamo\/#primaryimage","url":"https:\/\/ilcrogiuolo.it\/wp-content\/uploads\/2020\/07\/IMG_0005.jpg","contentUrl":"https:\/\/ilcrogiuolo.it\/wp-content\/uploads\/2020\/07\/IMG_0005.jpg"},{"@type":"BreadcrumbList","@id":"https:\/\/ilcrogiuolo.it\/it\/chi-siamo\/#breadcrumb","itemListElement":[{"@type":"ListItem","position":1,"name":"Home","item":"https:\/\/ilcrogiuolo.it\/it\/"},{"@type":"ListItem","position":2,"name":"Chi siamo"}]},{"@type":"WebSite","@id":"https:\/\/ilcrogiuolo.it\/it\/#website","url":"https:\/\/ilcrogiuolo.it\/it\/","name":"Il Crogiuolo","description":"","publisher":{"@id":"https:\/\/ilcrogiuolo.it\/it\/#organization"},"potentialAction":[{"@type":"SearchAction","target":{"@type":"EntryPoint","urlTemplate":"https:\/\/ilcrogiuolo.it\/it\/?s={search_term_string}"},"query-input":{"@type":"PropertyValueSpecification","valueRequired":true,"valueName":"search_term_string"}}],"inLanguage":"it-IT"},{"@type":"Organization","@id":"https:\/\/ilcrogiuolo.it\/it\/#organization","name":"Il Crogiuolo","url":"https:\/\/ilcrogiuolo.it\/it\/","logo":{"@type":"ImageObject","inLanguage":"it-IT","@id":"https:\/\/ilcrogiuolo.it\/it\/#\/schema\/logo\/image\/","url":"https:\/\/ilcrogiuolo.it\/wp-content\/uploads\/2020\/04\/logo.png","contentUrl":"https:\/\/ilcrogiuolo.it\/wp-content\/uploads\/2020\/04\/logo.png","width":200,"height":49,"caption":"Il Crogiuolo"},"image":{"@id":"https:\/\/ilcrogiuolo.it\/it\/#\/schema\/logo\/image\/"},"sameAs":["https:\/\/www.facebook.com\/Il-Crogiuolo-681876418491758"]}]}},"_links":{"self":[{"href":"https:\/\/ilcrogiuolo.it\/it\/wp-json\/wp\/v2\/pages\/224","targetHints":{"allow":["GET"]}}],"collection":[{"href":"https:\/\/ilcrogiuolo.it\/it\/wp-json\/wp\/v2\/pages"}],"about":[{"href":"https:\/\/ilcrogiuolo.it\/it\/wp-json\/wp\/v2\/types\/page"}],"author":[{"embeddable":true,"href":"https:\/\/ilcrogiuolo.it\/it\/wp-json\/wp\/v2\/users\/1"}],"replies":[{"embeddable":true,"href":"https:\/\/ilcrogiuolo.it\/it\/wp-json\/wp\/v2\/comments?post=224"}],"version-history":[{"count":32,"href":"https:\/\/ilcrogiuolo.it\/it\/wp-json\/wp\/v2\/pages\/224\/revisions"}],"predecessor-version":[{"id":44066,"href":"https:\/\/ilcrogiuolo.it\/it\/wp-json\/wp\/v2\/pages\/224\/revisions\/44066"}],"wp:attachment":[{"href":"https:\/\/ilcrogiuolo.it\/it\/wp-json\/wp\/v2\/media?parent=224"}],"curies":[{"name":"wp","href":"https:\/\/api.w.org\/{rel}","templated":true}]}}