{"id":9838,"date":"2020-01-14T17:02:11","date_gmt":"2020-01-14T18:04:43","guid":{"rendered":"https:\/\/ilcrogiuolo.it\/p\/ponto-di-exu-tranca-rua-red-colour\/"},"modified":"2020-02-10T11:19:04","modified_gmt":"2020-02-10T10:19:04","slug":"ponto-di-exu-tranca-rua-red-colour","status":"publish","type":"product","link":"https:\/\/ilcrogiuolo.it\/en\/p\/ponto-di-exu-tranca-rua-red-colour\/","title":{"rendered":"PONTO DI EX\u00da TRANCA RUA &#8211; RED colour"},"content":{"rendered":"<p>Concentration of Energy of EX\u00da TRANCA RUAS, it is used during exorcisms o call his powerful protection or it can be offered in front of his Statue in order for Him to welcome our requests or as a thanks.<\/p>\n","protected":false},"excerpt":{"rendered":"<p>Concentration of Energy of EX\u00da TRANCA RUAS, it is used during exorcisms o call his powerful protection or it can&#8230;<\/p>\n","protected":false},"featured_media":47763,"template":"","meta":{"_acf_changed":false},"product_brand":[],"product_cat":[1566,1214,1199],"product_tag":[],"class_list":{"0":"post-9838","1":"product","2":"type-product","3":"status-publish","4":"has-post-thumbnail","6":"product_cat-candele-oscar-puppets-lovers-pharaonic-heads","7":"product_cat-esoteric-candles-and-wax-altar-candles","8":"product_cat-esoteric","10":"first","11":"instock","12":"taxable","13":"shipping-taxable","14":"purchasable","15":"product-type-simple","16":"add-to-wishlist-before_image"},"acf":[],"yoast_head":"<!-- This site is optimized with the Yoast SEO plugin v26.9 - https:\/\/yoast.com\/product\/yoast-seo-wordpress\/ -->\n<title>PONTO DI EX\u00da TRANCA RUA - RED colour - Il Crogiuolo<\/title>\n<meta name=\"description\" content=\"PONTO DI EX\u00da TRANCA RUA - RED colour Concentration of Energy of EX\u00da TRANCA RUAS, it is used during exorcisms o call his powerful protection or it can be offered in front of his Statue in\" \/>\n<meta name=\"robots\" content=\"index, follow, max-snippet:-1, max-image-preview:large, max-video-preview:-1\" \/>\n<link rel=\"canonical\" href=\"https:\/\/ilcrogiuolo.it\/en\/p\/ponto-di-exu-tranca-rua-red-colour\/\" \/>\n<meta property=\"og:locale\" content=\"en_US\" \/>\n<meta property=\"og:type\" content=\"article\" \/>\n<meta property=\"og:title\" content=\"PONTO DI EX\u00da TRANCA RUA - RED colour - Il Crogiuolo\" \/>\n<meta property=\"og:description\" content=\"PONTO DI EX\u00da TRANCA RUA - RED colour Concentration of Energy of EX\u00da TRANCA RUAS, it is used during exorcisms o call his powerful protection or it can be offered in front of his Statue in\" \/>\n<meta property=\"og:url\" content=\"https:\/\/ilcrogiuolo.it\/en\/p\/ponto-di-exu-tranca-rua-red-colour\/\" \/>\n<meta property=\"og:site_name\" content=\"Il Crogiuolo\" \/>\n<meta property=\"article:publisher\" content=\"https:\/\/www.facebook.com\/Il-Crogiuolo-681876418491758\" \/>\n<meta property=\"article:modified_time\" content=\"2020-02-10T10:19:04+00:00\" \/>\n<meta property=\"og:image\" content=\"https:\/\/ilcrogiuolo.it\/wp-content\/uploads\/2020\/01\/dsc0209_2465970-1.jpg\" \/>\n\t<meta property=\"og:image:width\" content=\"627\" \/>\n\t<meta property=\"og:image:height\" content=\"600\" \/>\n\t<meta property=\"og:image:type\" content=\"image\/jpeg\" \/>\n<meta name=\"twitter:card\" content=\"summary_large_image\" \/>\n<script type=\"application\/ld+json\" class=\"yoast-schema-graph\">{\"@context\":\"https:\/\/schema.org\",\"@graph\":[{\"@type\":\"WebPage\",\"@id\":\"https:\/\/ilcrogiuolo.it\/en\/p\/ponto-di-exu-tranca-rua-red-colour\/\",\"url\":\"https:\/\/ilcrogiuolo.it\/en\/p\/ponto-di-exu-tranca-rua-red-colour\/\",\"name\":\"PONTO DI EX\u00da TRANCA RUA - RED colour - Il Crogiuolo\",\"isPartOf\":{\"@id\":\"https:\/\/ilcrogiuolo.it\/en\/#website\"},\"primaryImageOfPage\":{\"@id\":\"https:\/\/ilcrogiuolo.it\/en\/p\/ponto-di-exu-tranca-rua-red-colour\/#primaryimage\"},\"image\":{\"@id\":\"https:\/\/ilcrogiuolo.it\/en\/p\/ponto-di-exu-tranca-rua-red-colour\/#primaryimage\"},\"thumbnailUrl\":\"https:\/\/ilcrogiuolo.it\/wp-content\/uploads\/2020\/01\/PONTO-TRANCA-RUAS.png\",\"datePublished\":\"2020-01-14T18:04:43+00:00\",\"dateModified\":\"2020-02-10T10:19:04+00:00\",\"description\":\"PONTO DI EX\u00da TRANCA RUA - RED colour Concentration of Energy of EX\u00da TRANCA RUAS, it is used during exorcisms o call his powerful protection or it can be offered in front of his Statue in\",\"breadcrumb\":{\"@id\":\"https:\/\/ilcrogiuolo.it\/en\/p\/ponto-di-exu-tranca-rua-red-colour\/#breadcrumb\"},\"inLanguage\":\"en-US\",\"potentialAction\":[{\"@type\":\"ReadAction\",\"target\":[\"https:\/\/ilcrogiuolo.it\/en\/p\/ponto-di-exu-tranca-rua-red-colour\/\"]}]},{\"@type\":\"ImageObject\",\"inLanguage\":\"en-US\",\"@id\":\"https:\/\/ilcrogiuolo.it\/en\/p\/ponto-di-exu-tranca-rua-red-colour\/#primaryimage\",\"url\":\"https:\/\/ilcrogiuolo.it\/wp-content\/uploads\/2020\/01\/PONTO-TRANCA-RUAS.png\",\"contentUrl\":\"https:\/\/ilcrogiuolo.it\/wp-content\/uploads\/2020\/01\/PONTO-TRANCA-RUAS.png\",\"width\":1080,\"height\":1080},{\"@type\":\"BreadcrumbList\",\"@id\":\"https:\/\/ilcrogiuolo.it\/en\/p\/ponto-di-exu-tranca-rua-red-colour\/#breadcrumb\",\"itemListElement\":[{\"@type\":\"ListItem\",\"position\":1,\"name\":\"Home\",\"item\":\"https:\/\/ilcrogiuolo.it\/en\/\"},{\"@type\":\"ListItem\",\"position\":2,\"name\":\"Shop\",\"item\":\"https:\/\/ilcrogiuolo.it\/en\/shop\/\"},{\"@type\":\"ListItem\",\"position\":3,\"name\":\"PONTO DI EX\u00da TRANCA RUA &#8211; RED colour\"}]},{\"@type\":\"WebSite\",\"@id\":\"https:\/\/ilcrogiuolo.it\/en\/#website\",\"url\":\"https:\/\/ilcrogiuolo.it\/en\/\",\"name\":\"Il Crogiuolo\",\"description\":\"\",\"publisher\":{\"@id\":\"https:\/\/ilcrogiuolo.it\/en\/#organization\"},\"potentialAction\":[{\"@type\":\"SearchAction\",\"target\":{\"@type\":\"EntryPoint\",\"urlTemplate\":\"https:\/\/ilcrogiuolo.it\/en\/?s={search_term_string}\"},\"query-input\":{\"@type\":\"PropertyValueSpecification\",\"valueRequired\":true,\"valueName\":\"search_term_string\"}}],\"inLanguage\":\"en-US\"},{\"@type\":\"Organization\",\"@id\":\"https:\/\/ilcrogiuolo.it\/en\/#organization\",\"name\":\"Il Crogiuolo\",\"url\":\"https:\/\/ilcrogiuolo.it\/en\/\",\"logo\":{\"@type\":\"ImageObject\",\"inLanguage\":\"en-US\",\"@id\":\"https:\/\/ilcrogiuolo.it\/en\/#\/schema\/logo\/image\/\",\"url\":\"https:\/\/ilcrogiuolo.it\/wp-content\/uploads\/2020\/04\/logo.png\",\"contentUrl\":\"https:\/\/ilcrogiuolo.it\/wp-content\/uploads\/2020\/04\/logo.png\",\"width\":200,\"height\":49,\"caption\":\"Il Crogiuolo\"},\"image\":{\"@id\":\"https:\/\/ilcrogiuolo.it\/en\/#\/schema\/logo\/image\/\"},\"sameAs\":[\"https:\/\/www.facebook.com\/Il-Crogiuolo-681876418491758\"]}]}<\/script>\n<!-- \/ Yoast SEO plugin. -->","yoast_head_json":{"title":"PONTO DI EX\u00da TRANCA RUA - RED colour - Il Crogiuolo","description":"PONTO DI EX\u00da TRANCA RUA - RED colour Concentration of Energy of EX\u00da TRANCA RUAS, it is used during exorcisms o call his powerful protection or it can be offered in front of his Statue in","robots":{"index":"index","follow":"follow","max-snippet":"max-snippet:-1","max-image-preview":"max-image-preview:large","max-video-preview":"max-video-preview:-1"},"canonical":"https:\/\/ilcrogiuolo.it\/en\/p\/ponto-di-exu-tranca-rua-red-colour\/","og_locale":"en_US","og_type":"article","og_title":"PONTO DI EX\u00da TRANCA RUA - RED colour - Il Crogiuolo","og_description":"PONTO DI EX\u00da TRANCA RUA - RED colour Concentration of Energy of EX\u00da TRANCA RUAS, it is used during exorcisms o call his powerful protection or it can be offered in front of his Statue in","og_url":"https:\/\/ilcrogiuolo.it\/en\/p\/ponto-di-exu-tranca-rua-red-colour\/","og_site_name":"Il Crogiuolo","article_publisher":"https:\/\/www.facebook.com\/Il-Crogiuolo-681876418491758","article_modified_time":"2020-02-10T10:19:04+00:00","og_image":[{"width":627,"height":600,"url":"https:\/\/ilcrogiuolo.it\/wp-content\/uploads\/2020\/01\/dsc0209_2465970-1.jpg","type":"image\/jpeg"}],"twitter_card":"summary_large_image","schema":{"@context":"https:\/\/schema.org","@graph":[{"@type":"WebPage","@id":"https:\/\/ilcrogiuolo.it\/en\/p\/ponto-di-exu-tranca-rua-red-colour\/","url":"https:\/\/ilcrogiuolo.it\/en\/p\/ponto-di-exu-tranca-rua-red-colour\/","name":"PONTO DI EX\u00da TRANCA RUA - RED colour - Il Crogiuolo","isPartOf":{"@id":"https:\/\/ilcrogiuolo.it\/en\/#website"},"primaryImageOfPage":{"@id":"https:\/\/ilcrogiuolo.it\/en\/p\/ponto-di-exu-tranca-rua-red-colour\/#primaryimage"},"image":{"@id":"https:\/\/ilcrogiuolo.it\/en\/p\/ponto-di-exu-tranca-rua-red-colour\/#primaryimage"},"thumbnailUrl":"https:\/\/ilcrogiuolo.it\/wp-content\/uploads\/2020\/01\/PONTO-TRANCA-RUAS.png","datePublished":"2020-01-14T18:04:43+00:00","dateModified":"2020-02-10T10:19:04+00:00","description":"PONTO DI EX\u00da TRANCA RUA - RED colour Concentration of Energy of EX\u00da TRANCA RUAS, it is used during exorcisms o call his powerful protection or it can be offered in front of his Statue in","breadcrumb":{"@id":"https:\/\/ilcrogiuolo.it\/en\/p\/ponto-di-exu-tranca-rua-red-colour\/#breadcrumb"},"inLanguage":"en-US","potentialAction":[{"@type":"ReadAction","target":["https:\/\/ilcrogiuolo.it\/en\/p\/ponto-di-exu-tranca-rua-red-colour\/"]}]},{"@type":"ImageObject","inLanguage":"en-US","@id":"https:\/\/ilcrogiuolo.it\/en\/p\/ponto-di-exu-tranca-rua-red-colour\/#primaryimage","url":"https:\/\/ilcrogiuolo.it\/wp-content\/uploads\/2020\/01\/PONTO-TRANCA-RUAS.png","contentUrl":"https:\/\/ilcrogiuolo.it\/wp-content\/uploads\/2020\/01\/PONTO-TRANCA-RUAS.png","width":1080,"height":1080},{"@type":"BreadcrumbList","@id":"https:\/\/ilcrogiuolo.it\/en\/p\/ponto-di-exu-tranca-rua-red-colour\/#breadcrumb","itemListElement":[{"@type":"ListItem","position":1,"name":"Home","item":"https:\/\/ilcrogiuolo.it\/en\/"},{"@type":"ListItem","position":2,"name":"Shop","item":"https:\/\/ilcrogiuolo.it\/en\/shop\/"},{"@type":"ListItem","position":3,"name":"PONTO DI EX\u00da TRANCA RUA &#8211; RED colour"}]},{"@type":"WebSite","@id":"https:\/\/ilcrogiuolo.it\/en\/#website","url":"https:\/\/ilcrogiuolo.it\/en\/","name":"Il Crogiuolo","description":"","publisher":{"@id":"https:\/\/ilcrogiuolo.it\/en\/#organization"},"potentialAction":[{"@type":"SearchAction","target":{"@type":"EntryPoint","urlTemplate":"https:\/\/ilcrogiuolo.it\/en\/?s={search_term_string}"},"query-input":{"@type":"PropertyValueSpecification","valueRequired":true,"valueName":"search_term_string"}}],"inLanguage":"en-US"},{"@type":"Organization","@id":"https:\/\/ilcrogiuolo.it\/en\/#organization","name":"Il Crogiuolo","url":"https:\/\/ilcrogiuolo.it\/en\/","logo":{"@type":"ImageObject","inLanguage":"en-US","@id":"https:\/\/ilcrogiuolo.it\/en\/#\/schema\/logo\/image\/","url":"https:\/\/ilcrogiuolo.it\/wp-content\/uploads\/2020\/04\/logo.png","contentUrl":"https:\/\/ilcrogiuolo.it\/wp-content\/uploads\/2020\/04\/logo.png","width":200,"height":49,"caption":"Il Crogiuolo"},"image":{"@id":"https:\/\/ilcrogiuolo.it\/en\/#\/schema\/logo\/image\/"},"sameAs":["https:\/\/www.facebook.com\/Il-Crogiuolo-681876418491758"]}]}},"_links":{"self":[{"href":"https:\/\/ilcrogiuolo.it\/en\/wp-json\/wp\/v2\/product\/9838","targetHints":{"allow":["GET"]}}],"collection":[{"href":"https:\/\/ilcrogiuolo.it\/en\/wp-json\/wp\/v2\/product"}],"about":[{"href":"https:\/\/ilcrogiuolo.it\/en\/wp-json\/wp\/v2\/types\/product"}],"wp:featuredmedia":[{"embeddable":true,"href":"https:\/\/ilcrogiuolo.it\/en\/wp-json\/wp\/v2\/media\/47763"}],"wp:attachment":[{"href":"https:\/\/ilcrogiuolo.it\/en\/wp-json\/wp\/v2\/media?parent=9838"}],"wp:term":[{"taxonomy":"product_brand","embeddable":true,"href":"https:\/\/ilcrogiuolo.it\/en\/wp-json\/wp\/v2\/product_brand?post=9838"},{"taxonomy":"product_cat","embeddable":true,"href":"https:\/\/ilcrogiuolo.it\/en\/wp-json\/wp\/v2\/product_cat?post=9838"},{"taxonomy":"product_tag","embeddable":true,"href":"https:\/\/ilcrogiuolo.it\/en\/wp-json\/wp\/v2\/product_tag?post=9838"}],"curies":[{"name":"wp","href":"https:\/\/api.w.org\/{rel}","templated":true}]}}