{"id":9786,"date":"2020-01-14T17:01:59","date_gmt":"2020-01-14T18:04:12","guid":{"rendered":"https:\/\/ilcrogiuolo.it\/p\/guia-nacklacemarron-brown-small\/"},"modified":"2020-02-10T10:01:24","modified_gmt":"2020-02-10T09:01:24","slug":"guia-nacklacemarron-brown-small","status":"publish","type":"product","link":"https:\/\/ilcrogiuolo.it\/en\/p\/guia-nacklacemarron-brown-small\/","title":{"rendered":"Guia (NECKLACE) Marron (Brown, Small)"},"content":{"rendered":"<p>This kneckless will be used during the consacretion of Xango, some paths of Elegbar\u00e0, Nan\u00e0, Ians\u00e0 and after to get in contact with his energy and to obtain his powerful help.<\/p>\n","protected":false},"excerpt":{"rendered":"<p>This kneckless will be used during the consacretion of Xango, some paths of Elegbar\u00e0, Nan\u00e0, Ians\u00e0 and after to get&#8230;<\/p>\n","protected":false},"featured_media":653,"template":"","meta":{"_acf_changed":false},"product_brand":[],"product_cat":[1571,1218,1203],"product_tag":[],"class_list":{"0":"post-9786","1":"product","2":"type-product","3":"status-publish","4":"has-post-thumbnail","6":"product_cat-guias","7":"product_cat-guias-and-ritual-necklaces","8":"product_cat-ritual-tools","10":"first","11":"instock","12":"taxable","13":"shipping-taxable","14":"purchasable","15":"product-type-simple","16":"add-to-wishlist-before_image"},"acf":[],"yoast_head":"<!-- This site is optimized with the Yoast SEO plugin v26.9 - https:\/\/yoast.com\/product\/yoast-seo-wordpress\/ -->\n<title>Guia (NECKLACE) Marron (Brown, Small) - Il Crogiuolo<\/title>\n<meta name=\"description\" content=\"Guia (NECKLACE) Marron (Brown, Small) This kneckless will be used during the consacretion of Xango, some paths of Elegbar\u00e0, Nan\u00e0, Ians\u00e0 and after to get in contact with his energy and to\" \/>\n<meta name=\"robots\" content=\"index, follow, max-snippet:-1, max-image-preview:large, max-video-preview:-1\" \/>\n<link rel=\"canonical\" href=\"https:\/\/ilcrogiuolo.it\/en\/p\/guia-nacklacemarron-brown-small\/\" \/>\n<meta property=\"og:locale\" content=\"en_US\" \/>\n<meta property=\"og:type\" content=\"article\" \/>\n<meta property=\"og:title\" content=\"Guia (NECKLACE) Marron (Brown, Small) - Il Crogiuolo\" \/>\n<meta property=\"og:description\" content=\"Guia (NECKLACE) Marron (Brown, Small) This kneckless will be used during the consacretion of Xango, some paths of Elegbar\u00e0, Nan\u00e0, Ians\u00e0 and after to get in contact with his energy and to\" \/>\n<meta property=\"og:url\" content=\"https:\/\/ilcrogiuolo.it\/en\/p\/guia-nacklacemarron-brown-small\/\" \/>\n<meta property=\"og:site_name\" content=\"Il Crogiuolo\" \/>\n<meta property=\"article:publisher\" content=\"https:\/\/www.facebook.com\/Il-Crogiuolo-681876418491758\" \/>\n<meta property=\"article:modified_time\" content=\"2020-02-10T09:01:24+00:00\" \/>\n<meta property=\"og:image\" content=\"https:\/\/ilcrogiuolo.it\/wp-content\/uploads\/2020\/01\/guiasumbanda_5064033.jpg\" \/>\n\t<meta property=\"og:image:width\" content=\"627\" \/>\n\t<meta property=\"og:image:height\" content=\"600\" \/>\n\t<meta property=\"og:image:type\" content=\"image\/jpeg\" \/>\n<meta name=\"twitter:card\" content=\"summary_large_image\" \/>\n<script type=\"application\/ld+json\" class=\"yoast-schema-graph\">{\"@context\":\"https:\/\/schema.org\",\"@graph\":[{\"@type\":\"WebPage\",\"@id\":\"https:\/\/ilcrogiuolo.it\/en\/p\/guia-nacklacemarron-brown-small\/\",\"url\":\"https:\/\/ilcrogiuolo.it\/en\/p\/guia-nacklacemarron-brown-small\/\",\"name\":\"Guia (NECKLACE) Marron (Brown, Small) - Il Crogiuolo\",\"isPartOf\":{\"@id\":\"https:\/\/ilcrogiuolo.it\/en\/#website\"},\"primaryImageOfPage\":{\"@id\":\"https:\/\/ilcrogiuolo.it\/en\/p\/guia-nacklacemarron-brown-small\/#primaryimage\"},\"image\":{\"@id\":\"https:\/\/ilcrogiuolo.it\/en\/p\/guia-nacklacemarron-brown-small\/#primaryimage\"},\"thumbnailUrl\":\"https:\/\/ilcrogiuolo.it\/wp-content\/uploads\/2020\/01\/guiasumbanda_5064033.jpg\",\"datePublished\":\"2020-01-14T18:04:12+00:00\",\"dateModified\":\"2020-02-10T09:01:24+00:00\",\"description\":\"Guia (NECKLACE) Marron (Brown, Small) This kneckless will be used during the consacretion of Xango, some paths of Elegbar\u00e0, Nan\u00e0, Ians\u00e0 and after to get in contact with his energy and to\",\"breadcrumb\":{\"@id\":\"https:\/\/ilcrogiuolo.it\/en\/p\/guia-nacklacemarron-brown-small\/#breadcrumb\"},\"inLanguage\":\"en-US\",\"potentialAction\":[{\"@type\":\"ReadAction\",\"target\":[\"https:\/\/ilcrogiuolo.it\/en\/p\/guia-nacklacemarron-brown-small\/\"]}]},{\"@type\":\"ImageObject\",\"inLanguage\":\"en-US\",\"@id\":\"https:\/\/ilcrogiuolo.it\/en\/p\/guia-nacklacemarron-brown-small\/#primaryimage\",\"url\":\"https:\/\/ilcrogiuolo.it\/wp-content\/uploads\/2020\/01\/guiasumbanda_5064033.jpg\",\"contentUrl\":\"https:\/\/ilcrogiuolo.it\/wp-content\/uploads\/2020\/01\/guiasumbanda_5064033.jpg\",\"width\":627,\"height\":600},{\"@type\":\"BreadcrumbList\",\"@id\":\"https:\/\/ilcrogiuolo.it\/en\/p\/guia-nacklacemarron-brown-small\/#breadcrumb\",\"itemListElement\":[{\"@type\":\"ListItem\",\"position\":1,\"name\":\"Home\",\"item\":\"https:\/\/ilcrogiuolo.it\/en\/\"},{\"@type\":\"ListItem\",\"position\":2,\"name\":\"Shop\",\"item\":\"https:\/\/ilcrogiuolo.it\/en\/shop\/\"},{\"@type\":\"ListItem\",\"position\":3,\"name\":\"Guia (NECKLACE) Marron (Brown, Small)\"}]},{\"@type\":\"WebSite\",\"@id\":\"https:\/\/ilcrogiuolo.it\/en\/#website\",\"url\":\"https:\/\/ilcrogiuolo.it\/en\/\",\"name\":\"Il Crogiuolo\",\"description\":\"\",\"publisher\":{\"@id\":\"https:\/\/ilcrogiuolo.it\/en\/#organization\"},\"potentialAction\":[{\"@type\":\"SearchAction\",\"target\":{\"@type\":\"EntryPoint\",\"urlTemplate\":\"https:\/\/ilcrogiuolo.it\/en\/?s={search_term_string}\"},\"query-input\":{\"@type\":\"PropertyValueSpecification\",\"valueRequired\":true,\"valueName\":\"search_term_string\"}}],\"inLanguage\":\"en-US\"},{\"@type\":\"Organization\",\"@id\":\"https:\/\/ilcrogiuolo.it\/en\/#organization\",\"name\":\"Il Crogiuolo\",\"url\":\"https:\/\/ilcrogiuolo.it\/en\/\",\"logo\":{\"@type\":\"ImageObject\",\"inLanguage\":\"en-US\",\"@id\":\"https:\/\/ilcrogiuolo.it\/en\/#\/schema\/logo\/image\/\",\"url\":\"https:\/\/ilcrogiuolo.it\/wp-content\/uploads\/2020\/04\/logo.png\",\"contentUrl\":\"https:\/\/ilcrogiuolo.it\/wp-content\/uploads\/2020\/04\/logo.png\",\"width\":200,\"height\":49,\"caption\":\"Il Crogiuolo\"},\"image\":{\"@id\":\"https:\/\/ilcrogiuolo.it\/en\/#\/schema\/logo\/image\/\"},\"sameAs\":[\"https:\/\/www.facebook.com\/Il-Crogiuolo-681876418491758\"]}]}<\/script>\n<!-- \/ Yoast SEO plugin. -->","yoast_head_json":{"title":"Guia (NECKLACE) Marron (Brown, Small) - Il Crogiuolo","description":"Guia (NECKLACE) Marron (Brown, Small) This kneckless will be used during the consacretion of Xango, some paths of Elegbar\u00e0, Nan\u00e0, Ians\u00e0 and after to get in contact with his energy and to","robots":{"index":"index","follow":"follow","max-snippet":"max-snippet:-1","max-image-preview":"max-image-preview:large","max-video-preview":"max-video-preview:-1"},"canonical":"https:\/\/ilcrogiuolo.it\/en\/p\/guia-nacklacemarron-brown-small\/","og_locale":"en_US","og_type":"article","og_title":"Guia (NECKLACE) Marron (Brown, Small) - Il Crogiuolo","og_description":"Guia (NECKLACE) Marron (Brown, Small) This kneckless will be used during the consacretion of Xango, some paths of Elegbar\u00e0, Nan\u00e0, Ians\u00e0 and after to get in contact with his energy and to","og_url":"https:\/\/ilcrogiuolo.it\/en\/p\/guia-nacklacemarron-brown-small\/","og_site_name":"Il Crogiuolo","article_publisher":"https:\/\/www.facebook.com\/Il-Crogiuolo-681876418491758","article_modified_time":"2020-02-10T09:01:24+00:00","og_image":[{"width":627,"height":600,"url":"https:\/\/ilcrogiuolo.it\/wp-content\/uploads\/2020\/01\/guiasumbanda_5064033.jpg","type":"image\/jpeg"}],"twitter_card":"summary_large_image","schema":{"@context":"https:\/\/schema.org","@graph":[{"@type":"WebPage","@id":"https:\/\/ilcrogiuolo.it\/en\/p\/guia-nacklacemarron-brown-small\/","url":"https:\/\/ilcrogiuolo.it\/en\/p\/guia-nacklacemarron-brown-small\/","name":"Guia (NECKLACE) Marron (Brown, Small) - Il Crogiuolo","isPartOf":{"@id":"https:\/\/ilcrogiuolo.it\/en\/#website"},"primaryImageOfPage":{"@id":"https:\/\/ilcrogiuolo.it\/en\/p\/guia-nacklacemarron-brown-small\/#primaryimage"},"image":{"@id":"https:\/\/ilcrogiuolo.it\/en\/p\/guia-nacklacemarron-brown-small\/#primaryimage"},"thumbnailUrl":"https:\/\/ilcrogiuolo.it\/wp-content\/uploads\/2020\/01\/guiasumbanda_5064033.jpg","datePublished":"2020-01-14T18:04:12+00:00","dateModified":"2020-02-10T09:01:24+00:00","description":"Guia (NECKLACE) Marron (Brown, Small) This kneckless will be used during the consacretion of Xango, some paths of Elegbar\u00e0, Nan\u00e0, Ians\u00e0 and after to get in contact with his energy and to","breadcrumb":{"@id":"https:\/\/ilcrogiuolo.it\/en\/p\/guia-nacklacemarron-brown-small\/#breadcrumb"},"inLanguage":"en-US","potentialAction":[{"@type":"ReadAction","target":["https:\/\/ilcrogiuolo.it\/en\/p\/guia-nacklacemarron-brown-small\/"]}]},{"@type":"ImageObject","inLanguage":"en-US","@id":"https:\/\/ilcrogiuolo.it\/en\/p\/guia-nacklacemarron-brown-small\/#primaryimage","url":"https:\/\/ilcrogiuolo.it\/wp-content\/uploads\/2020\/01\/guiasumbanda_5064033.jpg","contentUrl":"https:\/\/ilcrogiuolo.it\/wp-content\/uploads\/2020\/01\/guiasumbanda_5064033.jpg","width":627,"height":600},{"@type":"BreadcrumbList","@id":"https:\/\/ilcrogiuolo.it\/en\/p\/guia-nacklacemarron-brown-small\/#breadcrumb","itemListElement":[{"@type":"ListItem","position":1,"name":"Home","item":"https:\/\/ilcrogiuolo.it\/en\/"},{"@type":"ListItem","position":2,"name":"Shop","item":"https:\/\/ilcrogiuolo.it\/en\/shop\/"},{"@type":"ListItem","position":3,"name":"Guia (NECKLACE) Marron (Brown, Small)"}]},{"@type":"WebSite","@id":"https:\/\/ilcrogiuolo.it\/en\/#website","url":"https:\/\/ilcrogiuolo.it\/en\/","name":"Il Crogiuolo","description":"","publisher":{"@id":"https:\/\/ilcrogiuolo.it\/en\/#organization"},"potentialAction":[{"@type":"SearchAction","target":{"@type":"EntryPoint","urlTemplate":"https:\/\/ilcrogiuolo.it\/en\/?s={search_term_string}"},"query-input":{"@type":"PropertyValueSpecification","valueRequired":true,"valueName":"search_term_string"}}],"inLanguage":"en-US"},{"@type":"Organization","@id":"https:\/\/ilcrogiuolo.it\/en\/#organization","name":"Il Crogiuolo","url":"https:\/\/ilcrogiuolo.it\/en\/","logo":{"@type":"ImageObject","inLanguage":"en-US","@id":"https:\/\/ilcrogiuolo.it\/en\/#\/schema\/logo\/image\/","url":"https:\/\/ilcrogiuolo.it\/wp-content\/uploads\/2020\/04\/logo.png","contentUrl":"https:\/\/ilcrogiuolo.it\/wp-content\/uploads\/2020\/04\/logo.png","width":200,"height":49,"caption":"Il Crogiuolo"},"image":{"@id":"https:\/\/ilcrogiuolo.it\/en\/#\/schema\/logo\/image\/"},"sameAs":["https:\/\/www.facebook.com\/Il-Crogiuolo-681876418491758"]}]}},"_links":{"self":[{"href":"https:\/\/ilcrogiuolo.it\/en\/wp-json\/wp\/v2\/product\/9786","targetHints":{"allow":["GET"]}}],"collection":[{"href":"https:\/\/ilcrogiuolo.it\/en\/wp-json\/wp\/v2\/product"}],"about":[{"href":"https:\/\/ilcrogiuolo.it\/en\/wp-json\/wp\/v2\/types\/product"}],"wp:featuredmedia":[{"embeddable":true,"href":"https:\/\/ilcrogiuolo.it\/en\/wp-json\/wp\/v2\/media\/653"}],"wp:attachment":[{"href":"https:\/\/ilcrogiuolo.it\/en\/wp-json\/wp\/v2\/media?parent=9786"}],"wp:term":[{"taxonomy":"product_brand","embeddable":true,"href":"https:\/\/ilcrogiuolo.it\/en\/wp-json\/wp\/v2\/product_brand?post=9786"},{"taxonomy":"product_cat","embeddable":true,"href":"https:\/\/ilcrogiuolo.it\/en\/wp-json\/wp\/v2\/product_cat?post=9786"},{"taxonomy":"product_tag","embeddable":true,"href":"https:\/\/ilcrogiuolo.it\/en\/wp-json\/wp\/v2\/product_tag?post=9786"}],"curies":[{"name":"wp","href":"https:\/\/api.w.org\/{rel}","templated":true}]}}