{"id":57797,"date":"2026-05-11T13:07:46","date_gmt":"2026-05-11T11:07:46","guid":{"rendered":"https:\/\/ilcrogiuolo.it\/?post_type=product&#038;p=57797"},"modified":"2026-05-11T13:13:12","modified_gmt":"2026-05-11T11:13:12","slug":"magia-ermetica-reintegrativa-copia","status":"publish","type":"product","link":"https:\/\/ilcrogiuolo.it\/en\/p\/magia-ermetica-reintegrativa-copia\/","title":{"rendered":"GUIDA PRATICA PER PROTEGGERSI DA MALEFICI E SORTILEGI"},"content":{"rendered":"<table style=\"height: 452px;\" border=\"0\" width=\"5\" cellspacing=\"0\" align=\"left\">\n<tbody>\n<tr align=\"left\" valign=\"top\">\n<td><\/td>\n<td><\/td>\n<\/tr>\n<tr>\n<td><\/td>\n<td><\/td>\n<\/tr>\n<tr align=\"left\" valign=\"top\">\n<td><\/td>\n<td><\/td>\n<\/tr>\n<tr>\n<td><\/td>\n<td><\/td>\n<\/tr>\n<tr align=\"left\" valign=\"top\">\n<td><\/td>\n<td><\/td>\n<\/tr>\n<tr>\n<td><\/td>\n<td><\/td>\n<\/tr>\n<tr align=\"left\" valign=\"top\">\n<td><\/td>\n<td><\/td>\n<\/tr>\n<tr>\n<td><\/td>\n<td><\/td>\n<\/tr>\n<tr align=\"left\" valign=\"top\">\n<td><\/td>\n<td><\/td>\n<\/tr>\n<tr>\n<td><\/td>\n<td><\/td>\n<\/tr>\n<tr align=\"left\" valign=\"top\">\n<td><\/td>\n<td><\/td>\n<\/tr>\n<tr>\n<td><\/td>\n<td><\/td>\n<\/tr>\n<tr align=\"left\" valign=\"top\">\n<td><\/td>\n<td><\/td>\n<\/tr>\n<tr>\n<td><\/td>\n<td><\/td>\n<\/tr>\n<tr align=\"left\" valign=\"top\">\n<td><\/td>\n<td><\/td>\n<\/tr>\n<tr>\n<td><\/td>\n<td><\/td>\n<\/tr>\n<tr align=\"left\" valign=\"top\">\n<td><\/td>\n<td><\/td>\n<\/tr>\n<tr>\n<td><\/td>\n<td><\/td>\n<\/tr>\n<tr align=\"left\" valign=\"top\">\n<td><\/td>\n<td><\/td>\n<\/tr>\n<\/tbody>\n<\/table>\n<table style=\"height: 431px;\" border=\"0\" width=\"15\" cellspacing=\"0\" align=\"left\">\n<tbody>\n<tr align=\"left\" valign=\"top\">\n<td><\/td>\n<td><\/td>\n<\/tr>\n<\/tbody>\n<\/table>\n<p>Il problema delle fatture e del malocchio &#8211; del cosiddetto <em>envoutment<\/em> per ricorrere al termine francese, forse pi\u00f9 classico &#8211; \u00e8, senza ombra di dubbio, uno dei pi\u00f9 inquietanti ma, al tempo stesso, affascinanti di tutto il vasto ambito della Magia Pratica.<\/p>\n<p>In piena coerenza con il principio magico della corrispondenza, dell\u2019analogia e della simpatia, gi\u00e0 dai primordi della Storia nacque la pratica della fattura, dapprima intuita inconsapevolmente, poi via via concretizzatasi con fini e intenti sempre pi\u00f9 certi e consapevoli.<\/p>\n<p>Ma in che cosa consiste, brevemente? In apparenza, in un atto molto semplice: trasferire al soggetto a cui si indirizza la fattura, una serie di manipolazioni tese a ottenere determinati fini, in genere amorosi o malefici, ma anche positivi.<\/p>\n<p>All&#8217;interno del testo il lettore trover\u00e0 brevi cenni storici, rituali e preghiere atte a conoscere, proteggersi e difendersi da tali pratiche. Siano esse mera suggestione&#8230; o &#8220;magica realt\u00e0&#8221;.<\/p>\n<p>Claudio Marchiaro da anni si occupa di problemi di Magia Pratica, e di fatture in modo particolare, e pu\u00f2 considerarsi senza dubbio un operatore oltre che esperto decisamente \u201cmoderno\u201d, nel senso che il suo modo di intendere la \u201cvia magica\u201d a ogni livello &#8211; pur essendo, entro certi limiti, un tradizionalista &#8211; si rivela aperto a ogni nuova conquista da qualunque parte essa provenga: filosofia, biologia, scienza, naturalismo, fisica ecc.<\/p>\n<p>Da questo punto di vista, pertanto, questo suo lavoro pu\u00f2 essere considerato un aggiornamento interessante e lucido di un discorso arcaico come \u00e8 quello delle fatture.<\/p>\n<p><em>\u00abCi addentriamo, qui, in un mondo che ha e mantiene un&#8217;enorme carica di enigmaticit\u00e0: racchiude in s\u00e9 un potere travolgente che, n\u00e9 la tecnologia n\u00e9 la psicanalisi, &#8211; i due poli opposti della nostra realt\u00e0 &#8211; potranno mai risolvere.\u00a0\u00a0Nei secoli la stregoneria \u00e8 sopravvissuta perch\u00e9 sta in noi e attorno a noi, ed \u00e8 oggi pi\u00f9 forte che mai, soprattutto come &#8220;clima\/credenza\/suggestione&#8221; o atteggiamento mentale e psicologico dell&#8217;umanit\u00e0 intera.\u00bb<\/em><\/p>\n<p>&nbsp;<\/p>\n","protected":false},"excerpt":{"rendered":"<p>Il problema delle fatture e del malocchio &#8211; del cosiddetto envoutment per ricorrere al termine francese, forse pi\u00f9 classico &#8211;&#8230;<\/p>\n","protected":false},"featured_media":57799,"template":"","meta":{"_acf_changed":false},"product_brand":[],"product_cat":[1738,1208,1200],"product_tag":[],"class_list":{"0":"post-57797","1":"product","2":"type-product","3":"status-publish","4":"has-post-thumbnail","6":"product_cat-edizioni-psiche-2","7":"product_cat-esoteric-bookshop","8":"product_cat-esoteric-bookstore","10":"first","11":"instock","12":"taxable","13":"shipping-taxable","14":"purchasable","15":"product-type-simple","16":"add-to-wishlist-before_image"},"acf":[],"yoast_head":"<!-- This site is optimized with the Yoast SEO plugin v26.9 - https:\/\/yoast.com\/product\/yoast-seo-wordpress\/ -->\n<title>GUIDA PRATICA PER PROTEGGERSI DA MALEFICI E SORTILEGI - Il Crogiuolo<\/title>\n<meta name=\"description\" content=\"GUIDA PRATICA PER PROTEGGERSI DA MALEFICI E SORTILEGI Il problema delle fatture e del malocchio - del cosiddetto envoutment per ricorrere al termine francese, forse pi\u00f9 classico - \u00e8, senza ombra di dubbio,\" \/>\n<meta name=\"robots\" content=\"index, follow, max-snippet:-1, max-image-preview:large, max-video-preview:-1\" \/>\n<link rel=\"canonical\" href=\"https:\/\/ilcrogiuolo.it\/en\/p\/magia-ermetica-reintegrativa-copia\/\" \/>\n<meta property=\"og:locale\" content=\"en_US\" \/>\n<meta property=\"og:type\" content=\"article\" \/>\n<meta property=\"og:title\" content=\"GUIDA PRATICA PER PROTEGGERSI DA MALEFICI E SORTILEGI - Il Crogiuolo\" \/>\n<meta property=\"og:description\" content=\"GUIDA PRATICA PER PROTEGGERSI DA MALEFICI E SORTILEGI Il problema delle fatture e del malocchio - del cosiddetto envoutment per ricorrere al termine francese, forse pi\u00f9 classico - \u00e8, senza ombra di dubbio,\" \/>\n<meta property=\"og:url\" content=\"https:\/\/ilcrogiuolo.it\/en\/p\/magia-ermetica-reintegrativa-copia\/\" \/>\n<meta property=\"og:site_name\" content=\"Il Crogiuolo\" \/>\n<meta property=\"article:publisher\" content=\"https:\/\/www.facebook.com\/Il-Crogiuolo-681876418491758\" \/>\n<meta property=\"article:modified_time\" content=\"2026-05-11T11:13:12+00:00\" \/>\n<meta property=\"og:image\" content=\"https:\/\/ilcrogiuolo.it\/wp-content\/uploads\/2026\/05\/guida-pratica-proteggersi-da-malefici-e-fatture.png\" \/>\n\t<meta property=\"og:image:width\" content=\"1368\" \/>\n\t<meta property=\"og:image:height\" content=\"1382\" \/>\n\t<meta property=\"og:image:type\" content=\"image\/png\" \/>\n<meta name=\"twitter:card\" content=\"summary_large_image\" \/>\n<meta name=\"twitter:label1\" content=\"Est. reading time\" \/>\n\t<meta name=\"twitter:data1\" content=\"2 minutes\" \/>\n<script type=\"application\/ld+json\" class=\"yoast-schema-graph\">{\"@context\":\"https:\/\/schema.org\",\"@graph\":[{\"@type\":\"WebPage\",\"@id\":\"https:\/\/ilcrogiuolo.it\/en\/p\/magia-ermetica-reintegrativa-copia\/\",\"url\":\"https:\/\/ilcrogiuolo.it\/en\/p\/magia-ermetica-reintegrativa-copia\/\",\"name\":\"GUIDA PRATICA PER PROTEGGERSI DA MALEFICI E SORTILEGI - Il Crogiuolo\",\"isPartOf\":{\"@id\":\"https:\/\/ilcrogiuolo.it\/en\/#website\"},\"primaryImageOfPage\":{\"@id\":\"https:\/\/ilcrogiuolo.it\/en\/p\/magia-ermetica-reintegrativa-copia\/#primaryimage\"},\"image\":{\"@id\":\"https:\/\/ilcrogiuolo.it\/en\/p\/magia-ermetica-reintegrativa-copia\/#primaryimage\"},\"thumbnailUrl\":\"https:\/\/ilcrogiuolo.it\/wp-content\/uploads\/2026\/05\/guida-pratica-proteggersi-da-malefici-e-fatture.png\",\"datePublished\":\"2026-05-11T11:07:46+00:00\",\"dateModified\":\"2026-05-11T11:13:12+00:00\",\"description\":\"GUIDA PRATICA PER PROTEGGERSI DA MALEFICI E SORTILEGI Il problema delle fatture e del malocchio - del cosiddetto envoutment per ricorrere al termine francese, forse pi\u00f9 classico - \u00e8, senza ombra di dubbio,\",\"breadcrumb\":{\"@id\":\"https:\/\/ilcrogiuolo.it\/en\/p\/magia-ermetica-reintegrativa-copia\/#breadcrumb\"},\"inLanguage\":\"en-US\",\"potentialAction\":[{\"@type\":\"ReadAction\",\"target\":[\"https:\/\/ilcrogiuolo.it\/en\/p\/magia-ermetica-reintegrativa-copia\/\"]}]},{\"@type\":\"ImageObject\",\"inLanguage\":\"en-US\",\"@id\":\"https:\/\/ilcrogiuolo.it\/en\/p\/magia-ermetica-reintegrativa-copia\/#primaryimage\",\"url\":\"https:\/\/ilcrogiuolo.it\/wp-content\/uploads\/2026\/05\/guida-pratica-proteggersi-da-malefici-e-fatture.png\",\"contentUrl\":\"https:\/\/ilcrogiuolo.it\/wp-content\/uploads\/2026\/05\/guida-pratica-proteggersi-da-malefici-e-fatture.png\",\"width\":1368,\"height\":1382},{\"@type\":\"BreadcrumbList\",\"@id\":\"https:\/\/ilcrogiuolo.it\/en\/p\/magia-ermetica-reintegrativa-copia\/#breadcrumb\",\"itemListElement\":[{\"@type\":\"ListItem\",\"position\":1,\"name\":\"Home\",\"item\":\"https:\/\/ilcrogiuolo.it\/en\/\"},{\"@type\":\"ListItem\",\"position\":2,\"name\":\"Shop\",\"item\":\"https:\/\/ilcrogiuolo.it\/en\/shop\/\"},{\"@type\":\"ListItem\",\"position\":3,\"name\":\"GUIDA PRATICA PER PROTEGGERSI DA MALEFICI E SORTILEGI\"}]},{\"@type\":\"WebSite\",\"@id\":\"https:\/\/ilcrogiuolo.it\/en\/#website\",\"url\":\"https:\/\/ilcrogiuolo.it\/en\/\",\"name\":\"Il Crogiuolo\",\"description\":\"\",\"publisher\":{\"@id\":\"https:\/\/ilcrogiuolo.it\/en\/#organization\"},\"potentialAction\":[{\"@type\":\"SearchAction\",\"target\":{\"@type\":\"EntryPoint\",\"urlTemplate\":\"https:\/\/ilcrogiuolo.it\/en\/?s={search_term_string}\"},\"query-input\":{\"@type\":\"PropertyValueSpecification\",\"valueRequired\":true,\"valueName\":\"search_term_string\"}}],\"inLanguage\":\"en-US\"},{\"@type\":\"Organization\",\"@id\":\"https:\/\/ilcrogiuolo.it\/en\/#organization\",\"name\":\"Il Crogiuolo\",\"url\":\"https:\/\/ilcrogiuolo.it\/en\/\",\"logo\":{\"@type\":\"ImageObject\",\"inLanguage\":\"en-US\",\"@id\":\"https:\/\/ilcrogiuolo.it\/en\/#\/schema\/logo\/image\/\",\"url\":\"https:\/\/ilcrogiuolo.it\/wp-content\/uploads\/2020\/04\/logo.png\",\"contentUrl\":\"https:\/\/ilcrogiuolo.it\/wp-content\/uploads\/2020\/04\/logo.png\",\"width\":200,\"height\":49,\"caption\":\"Il Crogiuolo\"},\"image\":{\"@id\":\"https:\/\/ilcrogiuolo.it\/en\/#\/schema\/logo\/image\/\"},\"sameAs\":[\"https:\/\/www.facebook.com\/Il-Crogiuolo-681876418491758\"]}]}<\/script>\n<!-- \/ Yoast SEO plugin. -->","yoast_head_json":{"title":"GUIDA PRATICA PER PROTEGGERSI DA MALEFICI E SORTILEGI - Il Crogiuolo","description":"GUIDA PRATICA PER PROTEGGERSI DA MALEFICI E SORTILEGI Il problema delle fatture e del malocchio - del cosiddetto envoutment per ricorrere al termine francese, forse pi\u00f9 classico - \u00e8, senza ombra di dubbio,","robots":{"index":"index","follow":"follow","max-snippet":"max-snippet:-1","max-image-preview":"max-image-preview:large","max-video-preview":"max-video-preview:-1"},"canonical":"https:\/\/ilcrogiuolo.it\/en\/p\/magia-ermetica-reintegrativa-copia\/","og_locale":"en_US","og_type":"article","og_title":"GUIDA PRATICA PER PROTEGGERSI DA MALEFICI E SORTILEGI - Il Crogiuolo","og_description":"GUIDA PRATICA PER PROTEGGERSI DA MALEFICI E SORTILEGI Il problema delle fatture e del malocchio - del cosiddetto envoutment per ricorrere al termine francese, forse pi\u00f9 classico - \u00e8, senza ombra di dubbio,","og_url":"https:\/\/ilcrogiuolo.it\/en\/p\/magia-ermetica-reintegrativa-copia\/","og_site_name":"Il Crogiuolo","article_publisher":"https:\/\/www.facebook.com\/Il-Crogiuolo-681876418491758","article_modified_time":"2026-05-11T11:13:12+00:00","og_image":[{"width":1368,"height":1382,"url":"https:\/\/ilcrogiuolo.it\/wp-content\/uploads\/2026\/05\/guida-pratica-proteggersi-da-malefici-e-fatture.png","type":"image\/png"}],"twitter_card":"summary_large_image","twitter_misc":{"Est. reading time":"2 minutes"},"schema":{"@context":"https:\/\/schema.org","@graph":[{"@type":"WebPage","@id":"https:\/\/ilcrogiuolo.it\/en\/p\/magia-ermetica-reintegrativa-copia\/","url":"https:\/\/ilcrogiuolo.it\/en\/p\/magia-ermetica-reintegrativa-copia\/","name":"GUIDA PRATICA PER PROTEGGERSI DA MALEFICI E SORTILEGI - Il Crogiuolo","isPartOf":{"@id":"https:\/\/ilcrogiuolo.it\/en\/#website"},"primaryImageOfPage":{"@id":"https:\/\/ilcrogiuolo.it\/en\/p\/magia-ermetica-reintegrativa-copia\/#primaryimage"},"image":{"@id":"https:\/\/ilcrogiuolo.it\/en\/p\/magia-ermetica-reintegrativa-copia\/#primaryimage"},"thumbnailUrl":"https:\/\/ilcrogiuolo.it\/wp-content\/uploads\/2026\/05\/guida-pratica-proteggersi-da-malefici-e-fatture.png","datePublished":"2026-05-11T11:07:46+00:00","dateModified":"2026-05-11T11:13:12+00:00","description":"GUIDA PRATICA PER PROTEGGERSI DA MALEFICI E SORTILEGI Il problema delle fatture e del malocchio - del cosiddetto envoutment per ricorrere al termine francese, forse pi\u00f9 classico - \u00e8, senza ombra di dubbio,","breadcrumb":{"@id":"https:\/\/ilcrogiuolo.it\/en\/p\/magia-ermetica-reintegrativa-copia\/#breadcrumb"},"inLanguage":"en-US","potentialAction":[{"@type":"ReadAction","target":["https:\/\/ilcrogiuolo.it\/en\/p\/magia-ermetica-reintegrativa-copia\/"]}]},{"@type":"ImageObject","inLanguage":"en-US","@id":"https:\/\/ilcrogiuolo.it\/en\/p\/magia-ermetica-reintegrativa-copia\/#primaryimage","url":"https:\/\/ilcrogiuolo.it\/wp-content\/uploads\/2026\/05\/guida-pratica-proteggersi-da-malefici-e-fatture.png","contentUrl":"https:\/\/ilcrogiuolo.it\/wp-content\/uploads\/2026\/05\/guida-pratica-proteggersi-da-malefici-e-fatture.png","width":1368,"height":1382},{"@type":"BreadcrumbList","@id":"https:\/\/ilcrogiuolo.it\/en\/p\/magia-ermetica-reintegrativa-copia\/#breadcrumb","itemListElement":[{"@type":"ListItem","position":1,"name":"Home","item":"https:\/\/ilcrogiuolo.it\/en\/"},{"@type":"ListItem","position":2,"name":"Shop","item":"https:\/\/ilcrogiuolo.it\/en\/shop\/"},{"@type":"ListItem","position":3,"name":"GUIDA PRATICA PER PROTEGGERSI DA MALEFICI E SORTILEGI"}]},{"@type":"WebSite","@id":"https:\/\/ilcrogiuolo.it\/en\/#website","url":"https:\/\/ilcrogiuolo.it\/en\/","name":"Il Crogiuolo","description":"","publisher":{"@id":"https:\/\/ilcrogiuolo.it\/en\/#organization"},"potentialAction":[{"@type":"SearchAction","target":{"@type":"EntryPoint","urlTemplate":"https:\/\/ilcrogiuolo.it\/en\/?s={search_term_string}"},"query-input":{"@type":"PropertyValueSpecification","valueRequired":true,"valueName":"search_term_string"}}],"inLanguage":"en-US"},{"@type":"Organization","@id":"https:\/\/ilcrogiuolo.it\/en\/#organization","name":"Il Crogiuolo","url":"https:\/\/ilcrogiuolo.it\/en\/","logo":{"@type":"ImageObject","inLanguage":"en-US","@id":"https:\/\/ilcrogiuolo.it\/en\/#\/schema\/logo\/image\/","url":"https:\/\/ilcrogiuolo.it\/wp-content\/uploads\/2020\/04\/logo.png","contentUrl":"https:\/\/ilcrogiuolo.it\/wp-content\/uploads\/2020\/04\/logo.png","width":200,"height":49,"caption":"Il Crogiuolo"},"image":{"@id":"https:\/\/ilcrogiuolo.it\/en\/#\/schema\/logo\/image\/"},"sameAs":["https:\/\/www.facebook.com\/Il-Crogiuolo-681876418491758"]}]}},"_links":{"self":[{"href":"https:\/\/ilcrogiuolo.it\/en\/wp-json\/wp\/v2\/product\/57797","targetHints":{"allow":["GET"]}}],"collection":[{"href":"https:\/\/ilcrogiuolo.it\/en\/wp-json\/wp\/v2\/product"}],"about":[{"href":"https:\/\/ilcrogiuolo.it\/en\/wp-json\/wp\/v2\/types\/product"}],"wp:featuredmedia":[{"embeddable":true,"href":"https:\/\/ilcrogiuolo.it\/en\/wp-json\/wp\/v2\/media\/57799"}],"wp:attachment":[{"href":"https:\/\/ilcrogiuolo.it\/en\/wp-json\/wp\/v2\/media?parent=57797"}],"wp:term":[{"taxonomy":"product_brand","embeddable":true,"href":"https:\/\/ilcrogiuolo.it\/en\/wp-json\/wp\/v2\/product_brand?post=57797"},{"taxonomy":"product_cat","embeddable":true,"href":"https:\/\/ilcrogiuolo.it\/en\/wp-json\/wp\/v2\/product_cat?post=57797"},{"taxonomy":"product_tag","embeddable":true,"href":"https:\/\/ilcrogiuolo.it\/en\/wp-json\/wp\/v2\/product_tag?post=57797"}],"curies":[{"name":"wp","href":"https:\/\/api.w.org\/{rel}","templated":true}]}}